{"id":64270,"date":"2026-05-14T14:47:17","date_gmt":"2026-05-14T11:47:17","guid":{"rendered":"https:\/\/reginett.ee\/?post_type=product&#038;p=64270"},"modified":"2026-05-14T14:49:39","modified_gmt":"2026-05-14T11:49:39","slug":"raider-husqvarna-216ts-awd-uus","status":"publish","type":"product","link":"https:\/\/reginett.ee\/ru\/toode\/raider-husqvarna-216ts-awd-uus\/","title":{"rendered":"Raider Husqvarna 216Ts AWD UUS!"},"content":{"rendered":"<h2 class=\"ugRU3HGQ uUjJLonN uEwECsFM\">Neljarattaveoga mitmek\u00fclgselt kasutatav raider koos rooliv\u00f5imendi ja LED-esituledega<\/h2>\n<div class=\"ugRU3HGQ uUjJLonN uYnwgYvJ uHPfa4Iy uX34qNS-\">\n<div class=\"hbd-editorial\">V\u00e4ga mitmek\u00fclgse kasutusega <strong>Husqvarna R\u202f216Ts AWD<\/strong> raider on loodud suurte muruplatside ja erinevate aiat\u00f6\u00f6de tegemiseks kogu aasta v\u00e4ltel. Raiderile loomup\u00e4raselt pakub see suurep\u00e4rast niidutulemust ning nelirattavedu v\u00f5imaldab head haarduvust kallakutel ja libedal maapinnal. <strong>Rooliv\u00f5imendi<\/strong> tagab sujuva man\u00f6\u00f6verdamise \u00fcmber takistuste ja v\u00e4hendab koormust k\u00e4tele ja kehale, v\u00f5imaldades mugavamat niitmist ka pikema aja v\u00e4ltel. LED-esitulede ja laia lisatarvikute valiku t\u00f5ttu sobib see suurep\u00e4raselt ka niitmiseks pimedal ajal ning ka muudel aastaaegadel tehtavatel t\u00f6\u00f6del, nagu lumekoristus ja k\u00e4iguteede puhastus. Hooldus on lihtne t\u00e4nu mugavale l\u00f5ikekorpuse hooldusasendile, mis muudab puhastuse ja l\u00f5iketera vahetuse kiireks ja h\u00f5lpsaks.<\/div>\n<div><\/div>\n<\/div>\n<div>\n<h3 class=\"ugRU3HGQ uhxFw9Tu uEwECsFM\">Rooliv\u00f5imendi<\/h3>\n<div aria-live=\"polite\">\n<p class=\"ugRU3HGQ uhxFw9Tu uX34qNS-\">Mugav niitmine rooliv\u00f5imendiga, mis v\u00e4hendab koormust ja teeb man\u00f6\u00f6verdamise aias lihtsamaks. Lihtne \u00fcmber takistuste man\u00f6\u00f6verdada ja nautida mugavamat niitmiskogemust isegi suurtel aladel.<\/p>\n<p>&nbsp;<\/p>\n<h3 class=\"ugRU3HGQ uhxFw9Tu uEwECsFM\">Nelivedu (AWD)<\/h3>\n<div aria-live=\"polite\">\n<p class=\"ugRU3HGQ uhxFw9Tu uX34qNS-\">Nelivedu (AWD) kindlustab \u00fchtlase haarduvuse ebatasasel, m\u00e4rjal ja libedal pinnasel ning kallakutel. See tagab usaldusv\u00e4\u00e4rse man\u00f6\u00f6verdusv\u00f5ime ja \u00fchtlase niitmistulemuse isegi keerukates tingimustes. AWD jaotab veoj\u00f5udu automaatselt k\u00f5igi veorataste vahel olenevalt olukorrast ja pinnase seisundist.<\/p>\n<p>&nbsp;<\/p>\n<\/div>\n<h3 class=\"ugRU3HGQ uhxFw9Tu uEwECsFM\">Keskliigendiga roolimehhanism<\/h3>\n<div aria-live=\"polite\">\n<p class=\"ugRU3HGQ uhxFw9Tu uX34qNS-\">Liigendiga roolis\u00fcsteem tagab hea man\u00f6\u00f6vedusv\u00f5ime ja h\u00f5lbustab takistuste (nt puude ning p\u00f5\u00f5saste) v\u00e4ltimist. Kuna tagumine rattapaar v\u00f5ib masina all k\u00f5ikuda, muutub p\u00f6\u00f6rderaadius t\u00e4ieliku lukustuse korral minimaalseks.<\/p>\n<h3 class=\"ugRU3HGQ uhxFw9Tu uEwECsFM\">Eesasetsev l\u00f5ikekorpus<\/h3>\n<div aria-live=\"polite\">\n<p class=\"ugRU3HGQ uhxFw9Tu uX34qNS-\">Eesasetsev l\u00f5ikekorpus tagab suurep\u00e4rase ligip\u00e4\u00e4setavuse ning v\u00f5imaldab mugavalt niita nii aianurkadest kui ka p\u00f5\u00f5saste alt.<\/p>\n<p><em>Ei kuulu komplekti<\/em><\/p>\n<p>&nbsp;<\/p>\n<h3 class=\"ugRU3HGQ uhxFw9Tu uEwECsFM\">Pedaaliga juhitav h\u00fcdrostaatiline j\u00f5u\u00fclekanne<\/h3>\n<div aria-live=\"polite\">\n<p class=\"ugRU3HGQ uhxFw9Tu uX34qNS-\">Pedaaliga juhitav h\u00fcdrostaatiline j\u00f5u\u00fclekanne \u2013 s\u00f5idusuunda ja -kiirust reguleeritakse pedaalidega, t\u00e4nu millele on m\u00f5lemad k\u00e4ed vabad rooli keeramiseks.<\/p>\n<p>&nbsp;<\/p>\n<h3 class=\"ugRU3HGQ uhxFw9Tu uEwECsFM\">Combi l\u00f5ikekorpus<\/h3>\n<div aria-live=\"polite\">\n<p class=\"ugRU3HGQ uhxFw9Tu uX34qNS-\">Combi-l\u00f5ikekorpus v\u00f5imaldab vastavalt tingimustele valida kahe l\u00f5ikes\u00fcsteemi vahel. Vastavalt vajadusele saate valida BioClip\u00ae muru v\u00e4etamiseks v\u00f5i tagantv\u00e4ljaviske kohtadesse, kus rohi on k\u00f5rgem ja tugevam.<\/p>\n<p>&nbsp;<\/p>\n<\/div>\n<\/div>\n<\/div>\n<p><a href=\"https:\/\/www.husqvarna.com\/ee\/raiderid\/r216ts-awd\/\">Husqvarna R\u202f216Ts AWD raider | Husqvarna EE<\/a><\/p>\n<\/div>\n<\/div>\n<\/div>\n<div><\/div>\n","protected":false},"excerpt":{"rendered":"<p>V\u00e4ga mitmek\u00fclgse kasutusega <strong>Husqvarna R\u202f216Ts AWD<\/strong> raider on loodud suurte muruplatside ja erinevate aiat\u00f6\u00f6de tegemiseks kogu aasta v\u00e4ltel. Raiderile loomup\u00e4raselt pakub see suurep\u00e4rast niidutulemust ning nelirattavedu v\u00f5imaldab head haarduvust kallakutel ja libedal maapinnal. <strong>Rooliv\u00f5imendi<\/strong> tagab sujuva man\u00f6\u00f6verdamise \u00fcmber takistuste ja v\u00e4hendab koormust k\u00e4tele ja kehale, v\u00f5imaldades mugavamat niitmist ka pikema aja v\u00e4ltel. LED-esitulede ja laia lisatarvikute valiku t\u00f5ttu sobib see suurep\u00e4raselt ka niitmiseks pimedal ajal ning ka muudel aastaaegadel tehtavatel t\u00f6\u00f6del, nagu lumekoristus ja k\u00e4iguteede puhastus. Hooldus on lihtne t\u00e4nu mugavale l\u00f5ikekorpuse hooldusasendile, mis muudab puhastuse ja l\u00f5iketera vahetuse kiireks ja h\u00f5lpsaks.<\/p>\n","protected":false},"featured_media":64271,"comment_status":"open","ping_status":"closed","template":"","meta":{"_acf_changed":false,"_et_pb_use_builder":"","_et_pb_old_content":"","_et_gb_content_width":"","inline_featured_image":false},"pwb-brand":[147],"product_brand":[],"product_cat":[134,56],"product_tag":[855,852],"class_list":{"0":"post-64270","1":"product","2":"type-product","3":"status-publish","4":"has-post-thumbnail","6":"pwb-brand-husqvarna","7":"product_cat-eripakkumised","8":"product_cat-raiderid","9":"product_tag-216ts-awd","10":"product_tag-roolivoimendi","11":"product_shipping_class-rasked-asjad","13":"first","14":"instock","15":"sale","16":"shipping-taxable","17":"purchasable","18":"product-type-simple"},"acf":[],"yoast_head":"<!-- This site is optimized with the Yoast SEO plugin v26.6 - https:\/\/yoast.com\/wordpress\/plugins\/seo\/ -->\n<title>Raider Husqvarna 216Ts AWD UUS! - Reginett<\/title>\n<meta name=\"description\" content=\"V\u00e4ga mitmek\u00fclgse kasutusega Husqvarna R\u202f216Ts AWD raider on loodud suurte muruplatside ja erinevate aiat\u00f6\u00f6de tegemiseks kogu aasta v\u00e4ltel. Raiderile\" \/>\n<meta name=\"robots\" content=\"index, follow, max-snippet:-1, max-image-preview:large, max-video-preview:-1\" \/>\n<link rel=\"canonical\" href=\"https:\/\/reginett.ee\/toode\/raider-husqvarna-216ts-awd-uus\/\" \/>\n<meta property=\"og:locale\" content=\"ru_RU\" \/>\n<meta property=\"og:type\" content=\"article\" \/>\n<meta property=\"og:title\" content=\"Raider Husqvarna 216Ts AWD UUS! - Reginett\" \/>\n<meta property=\"og:description\" content=\"V\u00e4ga mitmek\u00fclgse kasutusega Husqvarna R\u202f216Ts AWD raider on loodud suurte muruplatside ja erinevate aiat\u00f6\u00f6de tegemiseks kogu aasta v\u00e4ltel. Raiderile\" \/>\n<meta property=\"og:url\" content=\"https:\/\/reginett.ee\/toode\/raider-husqvarna-216ts-awd-uus\/\" \/>\n<meta property=\"og:site_name\" content=\"Reginett\" \/>\n<meta property=\"article:modified_time\" content=\"2026-05-14T11:49:39+00:00\" \/>\n<meta property=\"og:image\" content=\"https:\/\/reginett.ee\/wp-content\/uploads\/2026\/05\/YA-313578.webp\" \/>\n\t<meta property=\"og:image:width\" content=\"554\" \/>\n\t<meta property=\"og:image:height\" content=\"372\" \/>\n\t<meta property=\"og:image:type\" content=\"image\/webp\" \/>\n<meta name=\"twitter:card\" content=\"summary_large_image\" \/>\n<meta name=\"twitter:label1\" content=\"\u041f\u0440\u0438\u043c\u0435\u0440\u043d\u043e\u0435 \u0432\u0440\u0435\u043c\u044f \u0434\u043b\u044f \u0447\u0442\u0435\u043d\u0438\u044f\" \/>\n\t<meta name=\"twitter:data1\" content=\"2 \u043c\u0438\u043d\u0443\u0442\u044b\" \/>\n<script type=\"application\/ld+json\" class=\"yoast-schema-graph\">{\"@context\":\"https:\/\/schema.org\",\"@graph\":[{\"@type\":\"WebPage\",\"@id\":\"https:\/\/reginett.ee\/toode\/raider-husqvarna-216ts-awd-uus\/\",\"url\":\"https:\/\/reginett.ee\/toode\/raider-husqvarna-216ts-awd-uus\/\",\"name\":\"Raider Husqvarna 216Ts AWD UUS! - Reginett\",\"isPartOf\":{\"@id\":\"https:\/\/reginett.ee\/#website\"},\"primaryImageOfPage\":{\"@id\":\"https:\/\/reginett.ee\/toode\/raider-husqvarna-216ts-awd-uus\/#primaryimage\"},\"image\":{\"@id\":\"https:\/\/reginett.ee\/toode\/raider-husqvarna-216ts-awd-uus\/#primaryimage\"},\"thumbnailUrl\":\"https:\/\/reginett.ee\/wp-content\/uploads\/2026\/05\/YA-313578.webp\",\"datePublished\":\"2026-05-14T11:47:17+00:00\",\"dateModified\":\"2026-05-14T11:49:39+00:00\",\"description\":\"V\u00e4ga mitmek\u00fclgse kasutusega Husqvarna R\u202f216Ts AWD raider on loodud suurte muruplatside ja erinevate aiat\u00f6\u00f6de tegemiseks kogu aasta v\u00e4ltel. Raiderile\",\"breadcrumb\":{\"@id\":\"https:\/\/reginett.ee\/toode\/raider-husqvarna-216ts-awd-uus\/#breadcrumb\"},\"inLanguage\":\"ru-RU\",\"potentialAction\":[{\"@type\":\"ReadAction\",\"target\":[\"https:\/\/reginett.ee\/toode\/raider-husqvarna-216ts-awd-uus\/\"]}]},{\"@type\":\"ImageObject\",\"inLanguage\":\"ru-RU\",\"@id\":\"https:\/\/reginett.ee\/toode\/raider-husqvarna-216ts-awd-uus\/#primaryimage\",\"url\":\"https:\/\/reginett.ee\/wp-content\/uploads\/2026\/05\/YA-313578.webp\",\"contentUrl\":\"https:\/\/reginett.ee\/wp-content\/uploads\/2026\/05\/YA-313578.webp\",\"width\":554,\"height\":372,\"caption\":\"Raider Husqvarna 216Ts AWD Reginett\"},{\"@type\":\"BreadcrumbList\",\"@id\":\"https:\/\/reginett.ee\/toode\/raider-husqvarna-216ts-awd-uus\/#breadcrumb\",\"itemListElement\":[{\"@type\":\"ListItem\",\"position\":1,\"name\":\"Home\",\"item\":\"https:\/\/reginett.ee\/ru\/\"},{\"@type\":\"ListItem\",\"position\":2,\"name\":\"Tooted\",\"item\":\"https:\/\/reginett.ee\/tooted\/\"},{\"@type\":\"ListItem\",\"position\":3,\"name\":\"Raider Husqvarna 216Ts AWD UUS!\"}]},{\"@type\":\"WebSite\",\"@id\":\"https:\/\/reginett.ee\/#website\",\"url\":\"https:\/\/reginett.ee\/\",\"name\":\"Reginett\",\"description\":\"Parimad robotniidukid\",\"potentialAction\":[{\"@type\":\"SearchAction\",\"target\":{\"@type\":\"EntryPoint\",\"urlTemplate\":\"https:\/\/reginett.ee\/?s={search_term_string}\"},\"query-input\":{\"@type\":\"PropertyValueSpecification\",\"valueRequired\":true,\"valueName\":\"search_term_string\"}}],\"inLanguage\":\"ru-RU\"}]}<\/script>\n<!-- \/ Yoast SEO plugin. -->","yoast_head_json":{"title":"Raider Husqvarna 216Ts AWD UUS! - Reginett","description":"V\u00e4ga mitmek\u00fclgse kasutusega Husqvarna R\u202f216Ts AWD raider on loodud suurte muruplatside ja erinevate aiat\u00f6\u00f6de tegemiseks kogu aasta v\u00e4ltel. Raiderile","robots":{"index":"index","follow":"follow","max-snippet":"max-snippet:-1","max-image-preview":"max-image-preview:large","max-video-preview":"max-video-preview:-1"},"canonical":"https:\/\/reginett.ee\/toode\/raider-husqvarna-216ts-awd-uus\/","og_locale":"ru_RU","og_type":"article","og_title":"Raider Husqvarna 216Ts AWD UUS! - Reginett","og_description":"V\u00e4ga mitmek\u00fclgse kasutusega Husqvarna R\u202f216Ts AWD raider on loodud suurte muruplatside ja erinevate aiat\u00f6\u00f6de tegemiseks kogu aasta v\u00e4ltel. Raiderile","og_url":"https:\/\/reginett.ee\/toode\/raider-husqvarna-216ts-awd-uus\/","og_site_name":"Reginett","article_modified_time":"2026-05-14T11:49:39+00:00","og_image":[{"width":554,"height":372,"url":"https:\/\/reginett.ee\/wp-content\/uploads\/2026\/05\/YA-313578.webp","type":"image\/webp"}],"twitter_card":"summary_large_image","twitter_misc":{"\u041f\u0440\u0438\u043c\u0435\u0440\u043d\u043e\u0435 \u0432\u0440\u0435\u043c\u044f \u0434\u043b\u044f \u0447\u0442\u0435\u043d\u0438\u044f":"2 \u043c\u0438\u043d\u0443\u0442\u044b"},"schema":{"@context":"https:\/\/schema.org","@graph":[{"@type":"WebPage","@id":"https:\/\/reginett.ee\/toode\/raider-husqvarna-216ts-awd-uus\/","url":"https:\/\/reginett.ee\/toode\/raider-husqvarna-216ts-awd-uus\/","name":"Raider Husqvarna 216Ts AWD UUS! - Reginett","isPartOf":{"@id":"https:\/\/reginett.ee\/#website"},"primaryImageOfPage":{"@id":"https:\/\/reginett.ee\/toode\/raider-husqvarna-216ts-awd-uus\/#primaryimage"},"image":{"@id":"https:\/\/reginett.ee\/toode\/raider-husqvarna-216ts-awd-uus\/#primaryimage"},"thumbnailUrl":"https:\/\/reginett.ee\/wp-content\/uploads\/2026\/05\/YA-313578.webp","datePublished":"2026-05-14T11:47:17+00:00","dateModified":"2026-05-14T11:49:39+00:00","description":"V\u00e4ga mitmek\u00fclgse kasutusega Husqvarna R\u202f216Ts AWD raider on loodud suurte muruplatside ja erinevate aiat\u00f6\u00f6de tegemiseks kogu aasta v\u00e4ltel. Raiderile","breadcrumb":{"@id":"https:\/\/reginett.ee\/toode\/raider-husqvarna-216ts-awd-uus\/#breadcrumb"},"inLanguage":"ru-RU","potentialAction":[{"@type":"ReadAction","target":["https:\/\/reginett.ee\/toode\/raider-husqvarna-216ts-awd-uus\/"]}]},{"@type":"ImageObject","inLanguage":"ru-RU","@id":"https:\/\/reginett.ee\/toode\/raider-husqvarna-216ts-awd-uus\/#primaryimage","url":"https:\/\/reginett.ee\/wp-content\/uploads\/2026\/05\/YA-313578.webp","contentUrl":"https:\/\/reginett.ee\/wp-content\/uploads\/2026\/05\/YA-313578.webp","width":554,"height":372,"caption":"Raider Husqvarna 216Ts AWD Reginett"},{"@type":"BreadcrumbList","@id":"https:\/\/reginett.ee\/toode\/raider-husqvarna-216ts-awd-uus\/#breadcrumb","itemListElement":[{"@type":"ListItem","position":1,"name":"Home","item":"https:\/\/reginett.ee\/ru\/"},{"@type":"ListItem","position":2,"name":"Tooted","item":"https:\/\/reginett.ee\/tooted\/"},{"@type":"ListItem","position":3,"name":"Raider Husqvarna 216Ts AWD UUS!"}]},{"@type":"WebSite","@id":"https:\/\/reginett.ee\/#website","url":"https:\/\/reginett.ee\/","name":"Reginett","description":"Parimad robotniidukid","potentialAction":[{"@type":"SearchAction","target":{"@type":"EntryPoint","urlTemplate":"https:\/\/reginett.ee\/?s={search_term_string}"},"query-input":{"@type":"PropertyValueSpecification","valueRequired":true,"valueName":"search_term_string"}}],"inLanguage":"ru-RU"}]}},"brands":[{"id":147,"name":"Husqvarna","slug":"husqvarna"}],"_links":{"self":[{"href":"https:\/\/reginett.ee\/ru\/wp-json\/wp\/v2\/product\/64270","targetHints":{"allow":["GET"]}}],"collection":[{"href":"https:\/\/reginett.ee\/ru\/wp-json\/wp\/v2\/product"}],"about":[{"href":"https:\/\/reginett.ee\/ru\/wp-json\/wp\/v2\/types\/product"}],"replies":[{"embeddable":true,"href":"https:\/\/reginett.ee\/ru\/wp-json\/wp\/v2\/comments?post=64270"}],"wp:featuredmedia":[{"embeddable":true,"href":"https:\/\/reginett.ee\/ru\/wp-json\/wp\/v2\/media\/64271"}],"wp:attachment":[{"href":"https:\/\/reginett.ee\/ru\/wp-json\/wp\/v2\/media?parent=64270"}],"wp:term":[{"taxonomy":"pwb-brand","embeddable":true,"href":"https:\/\/reginett.ee\/ru\/wp-json\/wp\/v2\/pwb-brand?post=64270"},{"taxonomy":"product_brand","embeddable":true,"href":"https:\/\/reginett.ee\/ru\/wp-json\/wp\/v2\/product_brand?post=64270"},{"taxonomy":"product_cat","embeddable":true,"href":"https:\/\/reginett.ee\/ru\/wp-json\/wp\/v2\/product_cat?post=64270"},{"taxonomy":"product_tag","embeddable":true,"href":"https:\/\/reginett.ee\/ru\/wp-json\/wp\/v2\/product_tag?post=64270"}],"curies":[{"name":"wp","href":"https:\/\/api.w.org\/{rel}","templated":true}]}}