{"id":64161,"date":"2026-04-21T12:37:02","date_gmt":"2026-04-21T09:37:02","guid":{"rendered":"https:\/\/reginett.ee\/?post_type=product&#038;p=64161"},"modified":"2026-04-21T12:37:12","modified_gmt":"2026-04-21T09:37:12","slug":"aku-stiga-40ah-epower-pro-uus","status":"publish","type":"product","link":"https:\/\/reginett.ee\/ru\/toode\/aku-stiga-40ah-epower-pro-uus\/","title":{"rendered":"Aku STIGA 40Ah ePower Pro UUS!"},"content":{"rendered":"<p data-start=\"46\" data-end=\"463\"><strong data-start=\"46\" data-end=\"64\">ePower Pro aku<\/strong> on STIGA tippklassi toiteallikas, mis on v\u00e4lja t\u00f6\u00f6tatud ettev\u00f5ttesiseselt professionaalse muruhoolduse jaoks. T\u00e4nu 40 Ah suure energiatihedusega elementidele, vastupidavale survevalualumiiniumist korpusele ja t\u00e4ielikult modulaarsele disainile tagab see \u00fchtlase j\u00f5udluse, suurep\u00e4rase vastupidavuse ning paindliku t\u00f6\u00f6aja vastavalt igale t\u00f6\u00f6le. Selle modulaarne \u00fclesehitus t\u00e4hendab piiramatut t\u00f6\u00f6aega.<\/p>\n<ul data-start=\"465\" data-end=\"1011\">\n<li data-section-id=\"nj7wbg\" data-start=\"465\" data-end=\"580\">V\u00e4lja t\u00f6\u00f6tatud STIGA poolt ettev\u00f5ttesiseselt, et vastata professionaalse muruhoolduse k\u00f5rgeimatele n\u00f5udmistele.<\/li>\n<li data-section-id=\"i06bna\" data-start=\"581\" data-end=\"676\">V\u00f5imas \u2013 40 Ah suure energiatihedusega elemendid tagavad maksimaalse ja stabiilse j\u00f5udluse.<\/li>\n<li data-section-id=\"1xg1dqu\" data-start=\"677\" data-end=\"767\">Modulaarne \u2013 kasuta akusid eraldi v\u00f5i kombineeri neid vastavalt oma t\u00f6\u00f6aja vajadusele.<\/li>\n<li data-section-id=\"19lxkgo\" data-start=\"768\" data-end=\"902\">Piiramatu t\u00f6\u00f6v\u00f5ime \u2013 kombineeri v\u00f5i vaheta akusid, et kohandada v\u00f5imsust vastavalt aia suurusele, t\u00f6\u00f6 t\u00fc\u00fcbile v\u00f5i niitmisstiilile.<\/li>\n<li data-section-id=\"4oanif\" data-start=\"903\" data-end=\"1011\">Vastupidav \u2013 survevalualumiiniumist korpus koos sisemise soojuse hajutamise kihiga tagab pika kasutusea.<\/li>\n<li data-section-id=\"4oanif\" data-start=\"903\" data-end=\"1011\">\n<p data-start=\"411\" data-end=\"433\"><strong data-start=\"411\" data-end=\"433\">Peamised omadused:<\/strong><\/p>\n<ul data-start=\"434\" data-end=\"955\">\n<li data-section-id=\"coafp\" data-start=\"434\" data-end=\"532\"><strong data-start=\"436\" data-end=\"454\">K\u00f5rge j\u00f5udlus:<\/strong> 40 Ah suure energiatihedusega akuelemendid tagavad stabiilse ja v\u00f5imsa t\u00f6\u00f6.<\/li>\n<li data-section-id=\"1v8ogz4\" data-start=\"533\" data-end=\"634\"><strong data-start=\"535\" data-end=\"558\">Modulaarne s\u00fcsteem:<\/strong> v\u00f5imaldab kasutada akusid eraldi v\u00f5i kombineeritult vastavalt vajadusele.<\/li>\n<li data-section-id=\"1i2v5tp\" data-start=\"635\" data-end=\"751\"><strong data-start=\"637\" data-end=\"657\">Paindlik t\u00f6\u00f6aeg:<\/strong> aku mahtuvust saab suurendada v\u00f5i vahetada vastavalt t\u00f6\u00f6 iseloomule ja murupinna suurusele.<\/li>\n<li data-section-id=\"6olmqg\" data-start=\"752\" data-end=\"872\"><strong data-start=\"754\" data-end=\"784\">Vastupidav konstruktsioon:<\/strong> survevalualumiiniumist korpus ja efektiivne soojuse hajutamine pikendavad kasutusiga.<\/li>\n<li data-section-id=\"8ncnls\" data-start=\"873\" data-end=\"955\"><strong data-start=\"875\" data-end=\"904\">Professionaalne lahendus:<\/strong> loodud vastama intensiivse kasutuse n\u00f5udmistele.<\/li>\n<\/ul>\n<\/li>\n<\/ul>\n","protected":false},"excerpt":{"rendered":"<p><strong data-start=\"46\" data-end=\"64\">ePower Pro aku<\/strong> on STIGA tippklassi toiteallikas, mis on v\u00e4lja t\u00f6\u00f6tatud ettev\u00f5ttesiseselt professionaalse muruhoolduse jaoks. T\u00e4nu 40 Ah suure energiatihedusega elementidele, vastupidavale survevalualumiiniumist korpusele ja t\u00e4ielikult modulaarsele disainile tagab see \u00fchtlase j\u00f5udluse, suurep\u00e4rase vastupidavuse ning paindliku t\u00f6\u00f6aja vastavalt igale t\u00f6\u00f6le. Selle modulaarne \u00fclesehitus t\u00e4hendab piiramatut t\u00f6\u00f6aega.<\/p>\n<p>Sobib Stiga Tornado 398e ja Tornado 5108e akutraktoritele.<\/p>\n","protected":false},"featured_media":64162,"comment_status":"open","ping_status":"closed","template":"","meta":{"_acf_changed":false,"_et_pb_use_builder":"","_et_pb_old_content":"","_et_gb_content_width":"","inline_featured_image":false},"pwb-brand":[146],"product_brand":[],"product_cat":[48,27],"product_tag":[850],"class_list":{"0":"post-64161","1":"product","2":"type-product","3":"status-publish","4":"has-post-thumbnail","6":"pwb-brand-stiga","7":"product_cat-akutooted","8":"product_cat-tooriistad-ja-tarvikud","9":"product_tag-aku-stiga","11":"first","12":"instock","13":"shipping-taxable","14":"purchasable","15":"product-type-simple"},"acf":[],"yoast_head":"<!-- This site is optimized with the Yoast SEO plugin v26.6 - https:\/\/yoast.com\/wordpress\/plugins\/seo\/ -->\n<title>Aku STIGA 40Ah ePower Pro<\/title>\n<meta name=\"description\" content=\"ePower Pro aku on STIGA tippklassi toiteallikas, mis on v\u00e4lja t\u00f6\u00f6tatud ettev\u00f5ttesiseselt professionaalse muruhoolduse jaoks. T\u00e4nu 40 Ah suure\" \/>\n<meta name=\"robots\" content=\"index, follow, max-snippet:-1, max-image-preview:large, max-video-preview:-1\" \/>\n<link rel=\"canonical\" href=\"https:\/\/reginett.ee\/toode\/aku-stiga-40ah-epower-pro-uus\/\" \/>\n<meta property=\"og:locale\" content=\"ru_RU\" \/>\n<meta property=\"og:type\" content=\"article\" \/>\n<meta property=\"og:title\" content=\"Aku STIGA 40Ah ePower Pro\" \/>\n<meta property=\"og:description\" content=\"ePower Pro aku on STIGA tippklassi toiteallikas, mis on v\u00e4lja t\u00f6\u00f6tatud ettev\u00f5ttesiseselt professionaalse muruhoolduse jaoks. T\u00e4nu 40 Ah suure\" \/>\n<meta property=\"og:url\" content=\"https:\/\/reginett.ee\/toode\/aku-stiga-40ah-epower-pro-uus\/\" \/>\n<meta property=\"og:site_name\" content=\"Reginett\" \/>\n<meta property=\"article:modified_time\" content=\"2026-04-21T09:37:12+00:00\" \/>\n<meta property=\"og:image\" content=\"https:\/\/reginett.ee\/wp-content\/uploads\/2026\/04\/Aku-Stiga-40Ah-ePower-Pro-Battery-Reginett.webp\" \/>\n\t<meta property=\"og:image:width\" content=\"680\" \/>\n\t<meta property=\"og:image:height\" content=\"372\" \/>\n\t<meta property=\"og:image:type\" content=\"image\/webp\" \/>\n<meta name=\"twitter:card\" content=\"summary_large_image\" \/>\n<meta name=\"twitter:label1\" content=\"\u041f\u0440\u0438\u043c\u0435\u0440\u043d\u043e\u0435 \u0432\u0440\u0435\u043c\u044f \u0434\u043b\u044f \u0447\u0442\u0435\u043d\u0438\u044f\" \/>\n\t<meta name=\"twitter:data1\" content=\"2 \u043c\u0438\u043d\u0443\u0442\u044b\" \/>\n<script type=\"application\/ld+json\" class=\"yoast-schema-graph\">{\"@context\":\"https:\/\/schema.org\",\"@graph\":[{\"@type\":\"WebPage\",\"@id\":\"https:\/\/reginett.ee\/toode\/aku-stiga-40ah-epower-pro-uus\/\",\"url\":\"https:\/\/reginett.ee\/toode\/aku-stiga-40ah-epower-pro-uus\/\",\"name\":\"Aku STIGA 40Ah ePower Pro\",\"isPartOf\":{\"@id\":\"https:\/\/reginett.ee\/#website\"},\"primaryImageOfPage\":{\"@id\":\"https:\/\/reginett.ee\/toode\/aku-stiga-40ah-epower-pro-uus\/#primaryimage\"},\"image\":{\"@id\":\"https:\/\/reginett.ee\/toode\/aku-stiga-40ah-epower-pro-uus\/#primaryimage\"},\"thumbnailUrl\":\"https:\/\/reginett.ee\/wp-content\/uploads\/2026\/04\/Aku-Stiga-40Ah-ePower-Pro-Battery-Reginett.webp\",\"datePublished\":\"2026-04-21T09:37:02+00:00\",\"dateModified\":\"2026-04-21T09:37:12+00:00\",\"description\":\"ePower Pro aku on STIGA tippklassi toiteallikas, mis on v\u00e4lja t\u00f6\u00f6tatud ettev\u00f5ttesiseselt professionaalse muruhoolduse jaoks. T\u00e4nu 40 Ah suure\",\"breadcrumb\":{\"@id\":\"https:\/\/reginett.ee\/toode\/aku-stiga-40ah-epower-pro-uus\/#breadcrumb\"},\"inLanguage\":\"ru-RU\",\"potentialAction\":[{\"@type\":\"ReadAction\",\"target\":[\"https:\/\/reginett.ee\/toode\/aku-stiga-40ah-epower-pro-uus\/\"]}]},{\"@type\":\"ImageObject\",\"inLanguage\":\"ru-RU\",\"@id\":\"https:\/\/reginett.ee\/toode\/aku-stiga-40ah-epower-pro-uus\/#primaryimage\",\"url\":\"https:\/\/reginett.ee\/wp-content\/uploads\/2026\/04\/Aku-Stiga-40Ah-ePower-Pro-Battery-Reginett.webp\",\"contentUrl\":\"https:\/\/reginett.ee\/wp-content\/uploads\/2026\/04\/Aku-Stiga-40Ah-ePower-Pro-Battery-Reginett.webp\",\"width\":680,\"height\":372},{\"@type\":\"BreadcrumbList\",\"@id\":\"https:\/\/reginett.ee\/toode\/aku-stiga-40ah-epower-pro-uus\/#breadcrumb\",\"itemListElement\":[{\"@type\":\"ListItem\",\"position\":1,\"name\":\"Home\",\"item\":\"https:\/\/reginett.ee\/ru\/\"},{\"@type\":\"ListItem\",\"position\":2,\"name\":\"Tooted\",\"item\":\"https:\/\/reginett.ee\/tooted\/\"},{\"@type\":\"ListItem\",\"position\":3,\"name\":\"Aku STIGA 40Ah ePower Pro UUS!\"}]},{\"@type\":\"WebSite\",\"@id\":\"https:\/\/reginett.ee\/#website\",\"url\":\"https:\/\/reginett.ee\/\",\"name\":\"Reginett\",\"description\":\"Parimad robotniidukid\",\"potentialAction\":[{\"@type\":\"SearchAction\",\"target\":{\"@type\":\"EntryPoint\",\"urlTemplate\":\"https:\/\/reginett.ee\/?s={search_term_string}\"},\"query-input\":{\"@type\":\"PropertyValueSpecification\",\"valueRequired\":true,\"valueName\":\"search_term_string\"}}],\"inLanguage\":\"ru-RU\"}]}<\/script>\n<!-- \/ Yoast SEO plugin. -->","yoast_head_json":{"title":"Aku STIGA 40Ah ePower Pro","description":"ePower Pro aku on STIGA tippklassi toiteallikas, mis on v\u00e4lja t\u00f6\u00f6tatud ettev\u00f5ttesiseselt professionaalse muruhoolduse jaoks. T\u00e4nu 40 Ah suure","robots":{"index":"index","follow":"follow","max-snippet":"max-snippet:-1","max-image-preview":"max-image-preview:large","max-video-preview":"max-video-preview:-1"},"canonical":"https:\/\/reginett.ee\/toode\/aku-stiga-40ah-epower-pro-uus\/","og_locale":"ru_RU","og_type":"article","og_title":"Aku STIGA 40Ah ePower Pro","og_description":"ePower Pro aku on STIGA tippklassi toiteallikas, mis on v\u00e4lja t\u00f6\u00f6tatud ettev\u00f5ttesiseselt professionaalse muruhoolduse jaoks. T\u00e4nu 40 Ah suure","og_url":"https:\/\/reginett.ee\/toode\/aku-stiga-40ah-epower-pro-uus\/","og_site_name":"Reginett","article_modified_time":"2026-04-21T09:37:12+00:00","og_image":[{"width":680,"height":372,"url":"https:\/\/reginett.ee\/wp-content\/uploads\/2026\/04\/Aku-Stiga-40Ah-ePower-Pro-Battery-Reginett.webp","type":"image\/webp"}],"twitter_card":"summary_large_image","twitter_misc":{"\u041f\u0440\u0438\u043c\u0435\u0440\u043d\u043e\u0435 \u0432\u0440\u0435\u043c\u044f \u0434\u043b\u044f \u0447\u0442\u0435\u043d\u0438\u044f":"2 \u043c\u0438\u043d\u0443\u0442\u044b"},"schema":{"@context":"https:\/\/schema.org","@graph":[{"@type":"WebPage","@id":"https:\/\/reginett.ee\/toode\/aku-stiga-40ah-epower-pro-uus\/","url":"https:\/\/reginett.ee\/toode\/aku-stiga-40ah-epower-pro-uus\/","name":"Aku STIGA 40Ah ePower Pro","isPartOf":{"@id":"https:\/\/reginett.ee\/#website"},"primaryImageOfPage":{"@id":"https:\/\/reginett.ee\/toode\/aku-stiga-40ah-epower-pro-uus\/#primaryimage"},"image":{"@id":"https:\/\/reginett.ee\/toode\/aku-stiga-40ah-epower-pro-uus\/#primaryimage"},"thumbnailUrl":"https:\/\/reginett.ee\/wp-content\/uploads\/2026\/04\/Aku-Stiga-40Ah-ePower-Pro-Battery-Reginett.webp","datePublished":"2026-04-21T09:37:02+00:00","dateModified":"2026-04-21T09:37:12+00:00","description":"ePower Pro aku on STIGA tippklassi toiteallikas, mis on v\u00e4lja t\u00f6\u00f6tatud ettev\u00f5ttesiseselt professionaalse muruhoolduse jaoks. T\u00e4nu 40 Ah suure","breadcrumb":{"@id":"https:\/\/reginett.ee\/toode\/aku-stiga-40ah-epower-pro-uus\/#breadcrumb"},"inLanguage":"ru-RU","potentialAction":[{"@type":"ReadAction","target":["https:\/\/reginett.ee\/toode\/aku-stiga-40ah-epower-pro-uus\/"]}]},{"@type":"ImageObject","inLanguage":"ru-RU","@id":"https:\/\/reginett.ee\/toode\/aku-stiga-40ah-epower-pro-uus\/#primaryimage","url":"https:\/\/reginett.ee\/wp-content\/uploads\/2026\/04\/Aku-Stiga-40Ah-ePower-Pro-Battery-Reginett.webp","contentUrl":"https:\/\/reginett.ee\/wp-content\/uploads\/2026\/04\/Aku-Stiga-40Ah-ePower-Pro-Battery-Reginett.webp","width":680,"height":372},{"@type":"BreadcrumbList","@id":"https:\/\/reginett.ee\/toode\/aku-stiga-40ah-epower-pro-uus\/#breadcrumb","itemListElement":[{"@type":"ListItem","position":1,"name":"Home","item":"https:\/\/reginett.ee\/ru\/"},{"@type":"ListItem","position":2,"name":"Tooted","item":"https:\/\/reginett.ee\/tooted\/"},{"@type":"ListItem","position":3,"name":"Aku STIGA 40Ah ePower Pro UUS!"}]},{"@type":"WebSite","@id":"https:\/\/reginett.ee\/#website","url":"https:\/\/reginett.ee\/","name":"Reginett","description":"Parimad robotniidukid","potentialAction":[{"@type":"SearchAction","target":{"@type":"EntryPoint","urlTemplate":"https:\/\/reginett.ee\/?s={search_term_string}"},"query-input":{"@type":"PropertyValueSpecification","valueRequired":true,"valueName":"search_term_string"}}],"inLanguage":"ru-RU"}]}},"brands":[{"id":146,"name":"Stiga","slug":"stiga"}],"_links":{"self":[{"href":"https:\/\/reginett.ee\/ru\/wp-json\/wp\/v2\/product\/64161","targetHints":{"allow":["GET"]}}],"collection":[{"href":"https:\/\/reginett.ee\/ru\/wp-json\/wp\/v2\/product"}],"about":[{"href":"https:\/\/reginett.ee\/ru\/wp-json\/wp\/v2\/types\/product"}],"replies":[{"embeddable":true,"href":"https:\/\/reginett.ee\/ru\/wp-json\/wp\/v2\/comments?post=64161"}],"wp:featuredmedia":[{"embeddable":true,"href":"https:\/\/reginett.ee\/ru\/wp-json\/wp\/v2\/media\/64162"}],"wp:attachment":[{"href":"https:\/\/reginett.ee\/ru\/wp-json\/wp\/v2\/media?parent=64161"}],"wp:term":[{"taxonomy":"pwb-brand","embeddable":true,"href":"https:\/\/reginett.ee\/ru\/wp-json\/wp\/v2\/pwb-brand?post=64161"},{"taxonomy":"product_brand","embeddable":true,"href":"https:\/\/reginett.ee\/ru\/wp-json\/wp\/v2\/product_brand?post=64161"},{"taxonomy":"product_cat","embeddable":true,"href":"https:\/\/reginett.ee\/ru\/wp-json\/wp\/v2\/product_cat?post=64161"},{"taxonomy":"product_tag","embeddable":true,"href":"https:\/\/reginett.ee\/ru\/wp-json\/wp\/v2\/product_tag?post=64161"}],"curies":[{"name":"wp","href":"https:\/\/api.w.org\/{rel}","templated":true}]}}