{"id":64093,"date":"2026-04-15T16:07:12","date_gmt":"2026-04-15T13:07:12","guid":{"rendered":"https:\/\/reginett.ee\/?post_type=product&#038;p=64093"},"modified":"2026-04-15T17:01:23","modified_gmt":"2026-04-15T14:01:23","slug":"kaablivaba-robotniiduk-stiga-a6v","status":"publish","type":"product","link":"https:\/\/reginett.ee\/ru\/toode\/kaablivaba-robotniiduk-stiga-a6v\/","title":{"rendered":"Kaablivaba robotniiduk STIGA A6v UUS!"},"content":{"rendered":"<p><strong>STIGA A6v<\/strong> hoiab teie v\u00e4ikese aia ideaalselt hooldatud ilma igasuguse pingutuseta. See on loodud kuni 600 m\u00b2 suurustele muruplatsidele ja suudab hallata kuni 10 tsooni ehk niiduala, niites oma 2 Ah aku ja 18 cm l\u00f5iketera laiusega kuni 145 m\u00b2 \u00fche laadimisega. Seadistamine on kiire ja lihtne: paigaldage laadimisjaam, laadige alla STIGA.GO rakendus ja registreerige oma muru perimeeter. Pole vaja kaableid, antenne ega lisat\u00f6\u00f6riistu.<\/p>\n<p>P\u00e4rast paigaldamist t\u00f6\u00f6tab A 6v autonoomselt \u2013 niidab korralikult, j\u00e4rgides s\u00fcsteemseid niitmismustreid, et saavutada ideaalselt triibuline muru. Robotniiduk teeb igap\u00e4evast mult\u0161imist, et hoida teie muru tervema ja rohelisemana vaid m\u00f5ne niitmisega. Rakendusega saate m\u00e4\u00e4rata kuni 50 takistust, et keelata robotniiduki sisenemist nendele aladele.<\/p>\n<p>AI tehisintellektil p\u00f5hinev kaamera ja nutikad andurid muudavad navigeerimise turvaliseks. T\u00e4nu STIGA VISTA tehnoloogiale on robot teie aiast t\u00e4ielikult teadlik. Tehisintellektiga kaameras\u00fcsteem tunneb reaalajas \u00e4ra k\u00f5ik muru v\u00e4rvid, tekstuurid ja kujud, m\u00f5istes t\u00e4pselt, mis on muru ja mis mitte \u2013 seega p\u00fcsib see murul ja v\u00e4ldib \u00fcmbritsevaid pindu erakordse t\u00e4psusega. Kaamera kohandub valgustingimustega, samal ajal kui eesmine LED-valgusti aktiveerub vajadusel optimaalse n\u00e4htavuse s\u00e4ilitamiseks. T\u00e4nu v\u00f5imele tuvastada muru v\u00f5i selle puudumist perimeetril ja muruplatsi servadel, suudab robot vajadusel ka t\u00e4pse \u00e4\u00e4reniitmisega hakkama saada, tagades puhta ja selgelt m\u00e4\u00e4ratletud tulemuse.<\/p>\n<p>STIGA A 6v saab hakkama kuni 45% (24\u00b0) kallakuga. Tugev, usaldusv\u00e4\u00e4rne, Itaalias disainitud ja toodetud. Robotniidukiga kaasneb 10-aastane andmesidepakett ja 3-aastane garantii.<\/p>\n<p>STIGA A 6v-ga ei saaks muruhooldus olla lihtsam. Istuge maha, avage rakendus, kui soovite roboti tegevust kontrollida, v\u00f5i laske lihtsalt robotil k\u00f5igega tegeleda (soovitatav) \u2013 teie muru n\u00e4eb alati ideaalne v\u00e4lja.<\/p>\n<p><strong>\u00dchekordsed tasulised lisapaketid:<\/strong><\/p>\n<ul>\n<li>\u201e<strong>Garden\u201c pakett<\/strong> <strong>\u2013 69 \u20ac<\/strong> (maksimaalselt 1 Garden pakett iga roboti kohta)<\/li>\n<li data-start=\"76\" data-end=\"90\">+10 niiduala<\/li>\n<li data-start=\"93\" data-end=\"135\">+50 takistust (p\u00fcsivad mitte-niitmise alad)<\/li>\n<li data-start=\"137\" data-end=\"236\">\u201e<strong>Dynamic\u201c pa<\/strong><strong>kett<\/strong><strong> \u2013 49 \u20ac<\/strong><br data-start=\"162\" data-end=\"165\" \/>Tsoonip\u00f5hine niitmisk\u00f5rgus<br data-start=\"191\" data-end=\"194\" data-is-only-node=\"\" \/>Tsooni v\u00e4listamine<br \/>\nAjutine mitte-niitmise ala<\/li>\n<li data-start=\"238\" data-end=\"364\" data-is-last-node=\"\" data-is-only-node=\"\">\u201e<strong>Assistant &amp; Security\u201c pakett<\/strong> <strong>\u2013 59 \u20ac<\/strong><br data-start=\"276\" data-end=\"279\" \/>Vargusevastane funktsioon<br \/>\nH\u00e4\u00e4lassistendi integratsioon (Alexa)<br data-start=\"341\" data-end=\"344\" \/>Klaviatuuri lukustus<\/li>\n<\/ul>\n","protected":false},"excerpt":{"rendered":"<h3 class=\"fusion-responsive-typography-calculated\" data-fontsize=\"18\" data-lineheight=\"27px\"><span style=\"color: #808080;\"><strong>STIGA KAABLI- JA ANTENNIVABA ROBOTNIIDUK A 6v<\/strong><\/span><\/h3>\n<p><strong>STIGA A6v<\/strong> hoiab teie v\u00e4ikese aia ideaalselt hooldatud ilma igasuguse pingutuseta. See on loodud kuni 600 m\u00b2 suurustele muruplatsidele ja suudab hallata kuni 10 tsooni ehk niiduala, niites oma 2 Ah aku ja 18 cm l\u00f5iketera laiusega kuni 145 m\u00b2 \u00fche laadimisega. Seadistamine on kiire ja lihtne: paigaldage laadimisjaam, laadige alla STIGA.GO rakendus ja registreerige oma muru perimeeter. Pole vaja kaableid, antenne ega lisat\u00f6\u00f6riistu.<\/p>\n","protected":false},"featured_media":64076,"comment_status":"open","ping_status":"closed","template":"","meta":{"_acf_changed":false,"_et_pb_use_builder":"","_et_pb_old_content":"","_et_gb_content_width":"","inline_featured_image":false},"pwb-brand":[146],"product_brand":[],"product_cat":[19,154],"product_tag":[848],"class_list":{"0":"post-64093","1":"product","2":"type-product","3":"status-publish","4":"has-post-thumbnail","6":"pwb-brand-stiga","7":"product_cat-robotniidukid","8":"product_cat-stiga","9":"product_tag-a6v","10":"product_shipping_class-soodsam-kuller-15-eur","12":"first","13":"instock","14":"sale","15":"shipping-taxable","16":"purchasable","17":"product-type-simple"},"acf":[],"yoast_head":"<!-- This site is optimized with the Yoast SEO plugin v26.6 - https:\/\/yoast.com\/wordpress\/plugins\/seo\/ -->\n<title>Kaablivaba robotniiduk STIGA A6v<\/title>\n<meta name=\"description\" content=\"STIGA A6v hoiab teie v\u00e4ikese aia ideaalselt hooldatud ilma igasuguse pingutuseta. See on loodud kuni 600 m\u00b2 suurustele muruplatsidele ja suudab hallata\" \/>\n<meta name=\"robots\" content=\"index, follow, max-snippet:-1, max-image-preview:large, max-video-preview:-1\" \/>\n<link rel=\"canonical\" href=\"https:\/\/reginett.ee\/toode\/kaablivaba-robotniiduk-stiga-a6v\/\" \/>\n<meta property=\"og:locale\" content=\"ru_RU\" \/>\n<meta property=\"og:type\" content=\"article\" \/>\n<meta property=\"og:title\" content=\"Kaablivaba robotniiduk STIGA A6v\" \/>\n<meta property=\"og:description\" content=\"STIGA A6v hoiab teie v\u00e4ikese aia ideaalselt hooldatud ilma igasuguse pingutuseta. See on loodud kuni 600 m\u00b2 suurustele muruplatsidele ja suudab hallata\" \/>\n<meta property=\"og:url\" content=\"https:\/\/reginett.ee\/toode\/kaablivaba-robotniiduk-stiga-a6v\/\" \/>\n<meta property=\"og:site_name\" content=\"Reginett\" \/>\n<meta property=\"article:modified_time\" content=\"2026-04-15T14:01:23+00:00\" \/>\n<meta property=\"og:image\" content=\"https:\/\/reginett.ee\/wp-content\/uploads\/2026\/04\/Kaablivaba-robotniiduk-STIGA-A25V.webp\" \/>\n\t<meta property=\"og:image:width\" content=\"680\" \/>\n\t<meta property=\"og:image:height\" content=\"372\" \/>\n\t<meta property=\"og:image:type\" content=\"image\/webp\" \/>\n<meta name=\"twitter:card\" content=\"summary_large_image\" \/>\n<meta name=\"twitter:label1\" content=\"\u041f\u0440\u0438\u043c\u0435\u0440\u043d\u043e\u0435 \u0432\u0440\u0435\u043c\u044f \u0434\u043b\u044f \u0447\u0442\u0435\u043d\u0438\u044f\" \/>\n\t<meta name=\"twitter:data1\" content=\"2 \u043c\u0438\u043d\u0443\u0442\u044b\" \/>\n<script type=\"application\/ld+json\" class=\"yoast-schema-graph\">{\"@context\":\"https:\/\/schema.org\",\"@graph\":[{\"@type\":\"WebPage\",\"@id\":\"https:\/\/reginett.ee\/toode\/kaablivaba-robotniiduk-stiga-a6v\/\",\"url\":\"https:\/\/reginett.ee\/toode\/kaablivaba-robotniiduk-stiga-a6v\/\",\"name\":\"Kaablivaba robotniiduk STIGA A6v\",\"isPartOf\":{\"@id\":\"https:\/\/reginett.ee\/#website\"},\"primaryImageOfPage\":{\"@id\":\"https:\/\/reginett.ee\/toode\/kaablivaba-robotniiduk-stiga-a6v\/#primaryimage\"},\"image\":{\"@id\":\"https:\/\/reginett.ee\/toode\/kaablivaba-robotniiduk-stiga-a6v\/#primaryimage\"},\"thumbnailUrl\":\"https:\/\/reginett.ee\/wp-content\/uploads\/2026\/04\/Kaablivaba-robotniiduk-STIGA-A25V.webp\",\"datePublished\":\"2026-04-15T13:07:12+00:00\",\"dateModified\":\"2026-04-15T14:01:23+00:00\",\"description\":\"STIGA A6v hoiab teie v\u00e4ikese aia ideaalselt hooldatud ilma igasuguse pingutuseta. See on loodud kuni 600 m\u00b2 suurustele muruplatsidele ja suudab hallata\",\"breadcrumb\":{\"@id\":\"https:\/\/reginett.ee\/toode\/kaablivaba-robotniiduk-stiga-a6v\/#breadcrumb\"},\"inLanguage\":\"ru-RU\",\"potentialAction\":[{\"@type\":\"ReadAction\",\"target\":[\"https:\/\/reginett.ee\/toode\/kaablivaba-robotniiduk-stiga-a6v\/\"]}]},{\"@type\":\"ImageObject\",\"inLanguage\":\"ru-RU\",\"@id\":\"https:\/\/reginett.ee\/toode\/kaablivaba-robotniiduk-stiga-a6v\/#primaryimage\",\"url\":\"https:\/\/reginett.ee\/wp-content\/uploads\/2026\/04\/Kaablivaba-robotniiduk-STIGA-A25V.webp\",\"contentUrl\":\"https:\/\/reginett.ee\/wp-content\/uploads\/2026\/04\/Kaablivaba-robotniiduk-STIGA-A25V.webp\",\"width\":680,\"height\":372,\"caption\":\"Kaablivaba robotniiduk STIGA A25V\"},{\"@type\":\"BreadcrumbList\",\"@id\":\"https:\/\/reginett.ee\/toode\/kaablivaba-robotniiduk-stiga-a6v\/#breadcrumb\",\"itemListElement\":[{\"@type\":\"ListItem\",\"position\":1,\"name\":\"Home\",\"item\":\"https:\/\/reginett.ee\/ru\/\"},{\"@type\":\"ListItem\",\"position\":2,\"name\":\"Tooted\",\"item\":\"https:\/\/reginett.ee\/tooted\/\"},{\"@type\":\"ListItem\",\"position\":3,\"name\":\"Kaablivaba robotniiduk STIGA A6v UUS!\"}]},{\"@type\":\"WebSite\",\"@id\":\"https:\/\/reginett.ee\/#website\",\"url\":\"https:\/\/reginett.ee\/\",\"name\":\"Reginett\",\"description\":\"Parimad robotniidukid\",\"potentialAction\":[{\"@type\":\"SearchAction\",\"target\":{\"@type\":\"EntryPoint\",\"urlTemplate\":\"https:\/\/reginett.ee\/?s={search_term_string}\"},\"query-input\":{\"@type\":\"PropertyValueSpecification\",\"valueRequired\":true,\"valueName\":\"search_term_string\"}}],\"inLanguage\":\"ru-RU\"}]}<\/script>\n<!-- \/ Yoast SEO plugin. -->","yoast_head_json":{"title":"Kaablivaba robotniiduk STIGA A6v","description":"STIGA A6v hoiab teie v\u00e4ikese aia ideaalselt hooldatud ilma igasuguse pingutuseta. See on loodud kuni 600 m\u00b2 suurustele muruplatsidele ja suudab hallata","robots":{"index":"index","follow":"follow","max-snippet":"max-snippet:-1","max-image-preview":"max-image-preview:large","max-video-preview":"max-video-preview:-1"},"canonical":"https:\/\/reginett.ee\/toode\/kaablivaba-robotniiduk-stiga-a6v\/","og_locale":"ru_RU","og_type":"article","og_title":"Kaablivaba robotniiduk STIGA A6v","og_description":"STIGA A6v hoiab teie v\u00e4ikese aia ideaalselt hooldatud ilma igasuguse pingutuseta. See on loodud kuni 600 m\u00b2 suurustele muruplatsidele ja suudab hallata","og_url":"https:\/\/reginett.ee\/toode\/kaablivaba-robotniiduk-stiga-a6v\/","og_site_name":"Reginett","article_modified_time":"2026-04-15T14:01:23+00:00","og_image":[{"width":680,"height":372,"url":"https:\/\/reginett.ee\/wp-content\/uploads\/2026\/04\/Kaablivaba-robotniiduk-STIGA-A25V.webp","type":"image\/webp"}],"twitter_card":"summary_large_image","twitter_misc":{"\u041f\u0440\u0438\u043c\u0435\u0440\u043d\u043e\u0435 \u0432\u0440\u0435\u043c\u044f \u0434\u043b\u044f \u0447\u0442\u0435\u043d\u0438\u044f":"2 \u043c\u0438\u043d\u0443\u0442\u044b"},"schema":{"@context":"https:\/\/schema.org","@graph":[{"@type":"WebPage","@id":"https:\/\/reginett.ee\/toode\/kaablivaba-robotniiduk-stiga-a6v\/","url":"https:\/\/reginett.ee\/toode\/kaablivaba-robotniiduk-stiga-a6v\/","name":"Kaablivaba robotniiduk STIGA A6v","isPartOf":{"@id":"https:\/\/reginett.ee\/#website"},"primaryImageOfPage":{"@id":"https:\/\/reginett.ee\/toode\/kaablivaba-robotniiduk-stiga-a6v\/#primaryimage"},"image":{"@id":"https:\/\/reginett.ee\/toode\/kaablivaba-robotniiduk-stiga-a6v\/#primaryimage"},"thumbnailUrl":"https:\/\/reginett.ee\/wp-content\/uploads\/2026\/04\/Kaablivaba-robotniiduk-STIGA-A25V.webp","datePublished":"2026-04-15T13:07:12+00:00","dateModified":"2026-04-15T14:01:23+00:00","description":"STIGA A6v hoiab teie v\u00e4ikese aia ideaalselt hooldatud ilma igasuguse pingutuseta. See on loodud kuni 600 m\u00b2 suurustele muruplatsidele ja suudab hallata","breadcrumb":{"@id":"https:\/\/reginett.ee\/toode\/kaablivaba-robotniiduk-stiga-a6v\/#breadcrumb"},"inLanguage":"ru-RU","potentialAction":[{"@type":"ReadAction","target":["https:\/\/reginett.ee\/toode\/kaablivaba-robotniiduk-stiga-a6v\/"]}]},{"@type":"ImageObject","inLanguage":"ru-RU","@id":"https:\/\/reginett.ee\/toode\/kaablivaba-robotniiduk-stiga-a6v\/#primaryimage","url":"https:\/\/reginett.ee\/wp-content\/uploads\/2026\/04\/Kaablivaba-robotniiduk-STIGA-A25V.webp","contentUrl":"https:\/\/reginett.ee\/wp-content\/uploads\/2026\/04\/Kaablivaba-robotniiduk-STIGA-A25V.webp","width":680,"height":372,"caption":"Kaablivaba robotniiduk STIGA A25V"},{"@type":"BreadcrumbList","@id":"https:\/\/reginett.ee\/toode\/kaablivaba-robotniiduk-stiga-a6v\/#breadcrumb","itemListElement":[{"@type":"ListItem","position":1,"name":"Home","item":"https:\/\/reginett.ee\/ru\/"},{"@type":"ListItem","position":2,"name":"Tooted","item":"https:\/\/reginett.ee\/tooted\/"},{"@type":"ListItem","position":3,"name":"Kaablivaba robotniiduk STIGA A6v UUS!"}]},{"@type":"WebSite","@id":"https:\/\/reginett.ee\/#website","url":"https:\/\/reginett.ee\/","name":"Reginett","description":"Parimad robotniidukid","potentialAction":[{"@type":"SearchAction","target":{"@type":"EntryPoint","urlTemplate":"https:\/\/reginett.ee\/?s={search_term_string}"},"query-input":{"@type":"PropertyValueSpecification","valueRequired":true,"valueName":"search_term_string"}}],"inLanguage":"ru-RU"}]}},"brands":[{"id":146,"name":"Stiga","slug":"stiga"}],"_links":{"self":[{"href":"https:\/\/reginett.ee\/ru\/wp-json\/wp\/v2\/product\/64093","targetHints":{"allow":["GET"]}}],"collection":[{"href":"https:\/\/reginett.ee\/ru\/wp-json\/wp\/v2\/product"}],"about":[{"href":"https:\/\/reginett.ee\/ru\/wp-json\/wp\/v2\/types\/product"}],"replies":[{"embeddable":true,"href":"https:\/\/reginett.ee\/ru\/wp-json\/wp\/v2\/comments?post=64093"}],"wp:featuredmedia":[{"embeddable":true,"href":"https:\/\/reginett.ee\/ru\/wp-json\/wp\/v2\/media\/64076"}],"wp:attachment":[{"href":"https:\/\/reginett.ee\/ru\/wp-json\/wp\/v2\/media?parent=64093"}],"wp:term":[{"taxonomy":"pwb-brand","embeddable":true,"href":"https:\/\/reginett.ee\/ru\/wp-json\/wp\/v2\/pwb-brand?post=64093"},{"taxonomy":"product_brand","embeddable":true,"href":"https:\/\/reginett.ee\/ru\/wp-json\/wp\/v2\/product_brand?post=64093"},{"taxonomy":"product_cat","embeddable":true,"href":"https:\/\/reginett.ee\/ru\/wp-json\/wp\/v2\/product_cat?post=64093"},{"taxonomy":"product_tag","embeddable":true,"href":"https:\/\/reginett.ee\/ru\/wp-json\/wp\/v2\/product_tag?post=64093"}],"curies":[{"name":"wp","href":"https:\/\/api.w.org\/{rel}","templated":true}]}}