{"id":64055,"date":"2026-04-15T15:34:10","date_gmt":"2026-04-15T12:34:10","guid":{"rendered":"https:\/\/reginett.ee\/?post_type=product&#038;p=64055"},"modified":"2026-04-15T15:34:10","modified_gmt":"2026-04-15T12:34:10","slug":"kaablivaba-robotniiduk-stiga-a100v-uus","status":"publish","type":"product","link":"https:\/\/reginett.ee\/ru\/toode\/kaablivaba-robotniiduk-stiga-a100v-uus\/","title":{"rendered":"Kaablivaba robotniiduk STIGA A100v UUS!"},"content":{"rendered":"<p>STIGA A100v robotniiduk on parim valik suurtele aedadele, kuni 10000 m\u00b2 aladele. Robotniiduk suudab hallata kuni 30 tsooni ehk niiduala ja kuni 50% (27\u00b0) kallakuid. See on loodud aednikele, kes soovivad v\u00e4hese vaevaga ideaalset ja tervet muru. Juba esimesest niitmisest alates toidab igap\u00e4evane mult\u0161imine muru, muutes seda pehmemaks, rohelisemaks ja tugevamaks. Iga rohulible niidetakse korralikult ja \u00fchtlaselt, tagades \u00fchtlase ja t\u00e4pse tulemuse. Kohandatavad niitmisnurgad ja -suunad v\u00f5imaldavad luua kauneid triipe, ruudustikumustreid v\u00f5i nurgaefekte, mida saate kohandada oma aia paigutusega. Perimeetri haldamine tagab servast servani niitmise ilma vahedeta ja robot p\u00f6\u00f6rab \u00f5rnalt, et j\u00e4lgi ei j\u00e4\u00e4ks.<\/p>\n<p>Rakendusega saate m\u00e4\u00e4rata kuni 150 takistust, et keelata robotniiduki sisenemist nendele aladele.<\/p>\n<p>Paigaldamine on kiire ja lihtne, ilma kaablite, antennide ja lisat\u00f6\u00f6riistadeta. Lihtsalt asetage laadimisjaam, laadige alla STIGA.GO rakendus ja hakake niitma. P\u00e4rast paigaldamist t\u00f6\u00f6tab STIGA A 100v autonoomselt, lastes teil unustada igap\u00e4evase muruhoolduse. Intelligentne GPS-RTK navigatsioon koos AGS-tehnoloogiaga planeerib niitmisteed t\u00f5husalt, optimeerib energiatarbimist l\u00f5ikek\u00f5rguse ja -kiiruse reguleerimise abil, valib l\u00fchimad marsruudid, haldab tsoonidevahelisi \u00fcleminekuid. Robot j\u00e4tkab p\u00e4rast laadimist t\u00e4pselt sealt, kus pooleli j\u00e4i, tagades, et \u00fckski ala ei j\u00e4\u00e4 vahele ja iga muruosa saab t\u00e4iuslikku t\u00e4helepanu.<\/p>\n<h5 class=\"\" data-fontsize=\"13\" data-lineheight=\"17.94px\"><span style=\"color: #808080;\"><strong>AI TEHISINTELLEKTIGA STIGA VISTA TEHNOLOOGIAGA<\/strong><\/span><\/h5>\n<p>T\u00e4nu t\u00e4iustatud AI tehisintellekti s\u00fcsteemile on robot teie aiast t\u00e4ielikult teadlik ja teab t\u00e4pselt, mis kuulub murule ja mis mitte. Robotniiduk tunneb reaalajas \u00e4ra k\u00f5ik muru v\u00e4rvid ja kujud, kohandudes koheselt erinevate pindadega ja v\u00e4ltides k\u00f5ike, mis pole muru. Kaameratehnoloogia kohandub valgustingimustega ja vajadusel aktiveerub eesmine LED-tuli.<\/p>\n<p>AI intelligentsuse taga peitub hoolikalt konstrueeritud kaameratehnoloogia. Tehisintellektil p\u00f5hinev kaamera on optimaalse positsioneerimise tagamiseks t\u00e4ielikult integreeritud uude ujuvasse korpusesse. HDR sensor parandab pildikvaliteeti, pakkudes laia heleduse ja v\u00e4rvide valikut, et vaade oleks inimese tajule l\u00e4hedasem. Kaamera on paigutatud vastupidavasse alumiiniumkorpusesse, mis kaitseb seda\u00a0 ja hajutab samal ajal soojust. Spetsiaalne klaasit\u00fc\u00fcp lisab t\u00e4iendava vastupidavuse. Kaamera saab valitud kohtades rakenduse kaudu v\u00e4lja l\u00fclitada.<\/p>\n<p>Vastupidava disainiga, kerge ja Itaalias toodetud STIGA A 100v \u00fchendab endas elegantsi ja t\u00f6\u00f6kindluse. 10-aastase kaasasoleva andmesidepaketiga ja 3-aastase garantiiga pakub see aastateks lihtsat, j\u00e4rjepidevat ja professionaalset muruhooldust.<\/p>\n<p><strong>Komplekti kuulub: robot, laadimisjaam, varuterad, toiteplokk.<\/strong><\/p>\n<p>&nbsp;<\/p>\n","protected":false},"excerpt":{"rendered":"<h3><span style=\"color: #808080;\"><strong>STIGA KAABLI- JA ANTENNIVABA ROBOTNIIDUK\u00a0 100v<\/strong><\/span><\/h3>\n<p>STIGA A100v robotniiduk on parim valik suurtele aedadele, kuni 10000 m\u00b2 aladele. Robotniiduk suudab hallata kuni 30 tsooni ehk niiduala ja kuni 50% (27\u00b0) kallakuid.<\/p>\n","protected":false},"featured_media":64056,"comment_status":"open","ping_status":"closed","template":"","meta":{"_acf_changed":false,"_et_pb_use_builder":"","_et_pb_old_content":"","_et_gb_content_width":"","inline_featured_image":false},"pwb-brand":[146],"product_brand":[],"product_cat":[134,19,154],"product_tag":[845,514],"class_list":{"0":"post-64055","1":"product","2":"type-product","3":"status-publish","4":"has-post-thumbnail","6":"pwb-brand-stiga","7":"product_cat-eripakkumised","8":"product_cat-robotniidukid","9":"product_cat-stiga","10":"product_tag-a100v","11":"product_tag-kaablivaba","12":"product_shipping_class-soodsam-kuller-15-eur","14":"first","15":"instock","16":"sale","17":"shipping-taxable","18":"purchasable","19":"product-type-simple"},"acf":[],"yoast_head":"<!-- This site is optimized with the Yoast SEO plugin v26.6 - https:\/\/yoast.com\/wordpress\/plugins\/seo\/ -->\n<title>Kaablivaba robotniiduk STIGA A100v. Stiga robotniidukid<\/title>\n<meta name=\"description\" content=\"STIGA A100v robotniiduk on parim valik suurtele aedadele, kuni 10000 m\u00b2 aladele. Robotniiduk suudab hallata kuni 30 tsooni ehk niiduala ja kuni 50%\" \/>\n<meta name=\"robots\" content=\"index, follow, max-snippet:-1, max-image-preview:large, max-video-preview:-1\" \/>\n<link rel=\"canonical\" href=\"https:\/\/reginett.ee\/toode\/kaablivaba-robotniiduk-stiga-a100v-uus\/\" \/>\n<meta property=\"og:locale\" content=\"ru_RU\" \/>\n<meta property=\"og:type\" content=\"article\" \/>\n<meta property=\"og:title\" content=\"Kaablivaba robotniiduk STIGA A100v. Stiga robotniidukid\" \/>\n<meta property=\"og:description\" content=\"STIGA A100v robotniiduk on parim valik suurtele aedadele, kuni 10000 m\u00b2 aladele. Robotniiduk suudab hallata kuni 30 tsooni ehk niiduala ja kuni 50%\" \/>\n<meta property=\"og:url\" content=\"https:\/\/reginett.ee\/toode\/kaablivaba-robotniiduk-stiga-a100v-uus\/\" \/>\n<meta property=\"og:site_name\" content=\"Reginett\" \/>\n<meta property=\"og:image\" content=\"https:\/\/reginett.ee\/wp-content\/uploads\/2026\/04\/Kaablivaba-robotniiduk-STIGA-A100V-Reginett.webp\" \/>\n\t<meta property=\"og:image:width\" content=\"680\" \/>\n\t<meta property=\"og:image:height\" content=\"372\" \/>\n\t<meta property=\"og:image:type\" content=\"image\/webp\" \/>\n<meta name=\"twitter:card\" content=\"summary_large_image\" \/>\n<meta name=\"twitter:label1\" content=\"\u041f\u0440\u0438\u043c\u0435\u0440\u043d\u043e\u0435 \u0432\u0440\u0435\u043c\u044f \u0434\u043b\u044f \u0447\u0442\u0435\u043d\u0438\u044f\" \/>\n\t<meta name=\"twitter:data1\" content=\"2 \u043c\u0438\u043d\u0443\u0442\u044b\" \/>\n<script type=\"application\/ld+json\" class=\"yoast-schema-graph\">{\"@context\":\"https:\/\/schema.org\",\"@graph\":[{\"@type\":\"WebPage\",\"@id\":\"https:\/\/reginett.ee\/toode\/kaablivaba-robotniiduk-stiga-a100v-uus\/\",\"url\":\"https:\/\/reginett.ee\/toode\/kaablivaba-robotniiduk-stiga-a100v-uus\/\",\"name\":\"Kaablivaba robotniiduk STIGA A100v. Stiga robotniidukid\",\"isPartOf\":{\"@id\":\"https:\/\/reginett.ee\/#website\"},\"primaryImageOfPage\":{\"@id\":\"https:\/\/reginett.ee\/toode\/kaablivaba-robotniiduk-stiga-a100v-uus\/#primaryimage\"},\"image\":{\"@id\":\"https:\/\/reginett.ee\/toode\/kaablivaba-robotniiduk-stiga-a100v-uus\/#primaryimage\"},\"thumbnailUrl\":\"https:\/\/reginett.ee\/wp-content\/uploads\/2026\/04\/Kaablivaba-robotniiduk-STIGA-A100V-Reginett.webp\",\"datePublished\":\"2026-04-15T12:34:10+00:00\",\"description\":\"STIGA A100v robotniiduk on parim valik suurtele aedadele, kuni 10000 m\u00b2 aladele. Robotniiduk suudab hallata kuni 30 tsooni ehk niiduala ja kuni 50%\",\"breadcrumb\":{\"@id\":\"https:\/\/reginett.ee\/toode\/kaablivaba-robotniiduk-stiga-a100v-uus\/#breadcrumb\"},\"inLanguage\":\"ru-RU\",\"potentialAction\":[{\"@type\":\"ReadAction\",\"target\":[\"https:\/\/reginett.ee\/toode\/kaablivaba-robotniiduk-stiga-a100v-uus\/\"]}]},{\"@type\":\"ImageObject\",\"inLanguage\":\"ru-RU\",\"@id\":\"https:\/\/reginett.ee\/toode\/kaablivaba-robotniiduk-stiga-a100v-uus\/#primaryimage\",\"url\":\"https:\/\/reginett.ee\/wp-content\/uploads\/2026\/04\/Kaablivaba-robotniiduk-STIGA-A100V-Reginett.webp\",\"contentUrl\":\"https:\/\/reginett.ee\/wp-content\/uploads\/2026\/04\/Kaablivaba-robotniiduk-STIGA-A100V-Reginett.webp\",\"width\":680,\"height\":372,\"caption\":\"Kaablivaba-robotniiduk-STIGA-A100V\"},{\"@type\":\"BreadcrumbList\",\"@id\":\"https:\/\/reginett.ee\/toode\/kaablivaba-robotniiduk-stiga-a100v-uus\/#breadcrumb\",\"itemListElement\":[{\"@type\":\"ListItem\",\"position\":1,\"name\":\"Home\",\"item\":\"https:\/\/reginett.ee\/ru\/\"},{\"@type\":\"ListItem\",\"position\":2,\"name\":\"Tooted\",\"item\":\"https:\/\/reginett.ee\/tooted\/\"},{\"@type\":\"ListItem\",\"position\":3,\"name\":\"Kaablivaba robotniiduk STIGA A100v UUS!\"}]},{\"@type\":\"WebSite\",\"@id\":\"https:\/\/reginett.ee\/#website\",\"url\":\"https:\/\/reginett.ee\/\",\"name\":\"Reginett\",\"description\":\"Parimad robotniidukid\",\"potentialAction\":[{\"@type\":\"SearchAction\",\"target\":{\"@type\":\"EntryPoint\",\"urlTemplate\":\"https:\/\/reginett.ee\/?s={search_term_string}\"},\"query-input\":{\"@type\":\"PropertyValueSpecification\",\"valueRequired\":true,\"valueName\":\"search_term_string\"}}],\"inLanguage\":\"ru-RU\"}]}<\/script>\n<!-- \/ Yoast SEO plugin. -->","yoast_head_json":{"title":"Kaablivaba robotniiduk STIGA A100v. Stiga robotniidukid","description":"STIGA A100v robotniiduk on parim valik suurtele aedadele, kuni 10000 m\u00b2 aladele. Robotniiduk suudab hallata kuni 30 tsooni ehk niiduala ja kuni 50%","robots":{"index":"index","follow":"follow","max-snippet":"max-snippet:-1","max-image-preview":"max-image-preview:large","max-video-preview":"max-video-preview:-1"},"canonical":"https:\/\/reginett.ee\/toode\/kaablivaba-robotniiduk-stiga-a100v-uus\/","og_locale":"ru_RU","og_type":"article","og_title":"Kaablivaba robotniiduk STIGA A100v. Stiga robotniidukid","og_description":"STIGA A100v robotniiduk on parim valik suurtele aedadele, kuni 10000 m\u00b2 aladele. Robotniiduk suudab hallata kuni 30 tsooni ehk niiduala ja kuni 50%","og_url":"https:\/\/reginett.ee\/toode\/kaablivaba-robotniiduk-stiga-a100v-uus\/","og_site_name":"Reginett","og_image":[{"width":680,"height":372,"url":"https:\/\/reginett.ee\/wp-content\/uploads\/2026\/04\/Kaablivaba-robotniiduk-STIGA-A100V-Reginett.webp","type":"image\/webp"}],"twitter_card":"summary_large_image","twitter_misc":{"\u041f\u0440\u0438\u043c\u0435\u0440\u043d\u043e\u0435 \u0432\u0440\u0435\u043c\u044f \u0434\u043b\u044f \u0447\u0442\u0435\u043d\u0438\u044f":"2 \u043c\u0438\u043d\u0443\u0442\u044b"},"schema":{"@context":"https:\/\/schema.org","@graph":[{"@type":"WebPage","@id":"https:\/\/reginett.ee\/toode\/kaablivaba-robotniiduk-stiga-a100v-uus\/","url":"https:\/\/reginett.ee\/toode\/kaablivaba-robotniiduk-stiga-a100v-uus\/","name":"Kaablivaba robotniiduk STIGA A100v. Stiga robotniidukid","isPartOf":{"@id":"https:\/\/reginett.ee\/#website"},"primaryImageOfPage":{"@id":"https:\/\/reginett.ee\/toode\/kaablivaba-robotniiduk-stiga-a100v-uus\/#primaryimage"},"image":{"@id":"https:\/\/reginett.ee\/toode\/kaablivaba-robotniiduk-stiga-a100v-uus\/#primaryimage"},"thumbnailUrl":"https:\/\/reginett.ee\/wp-content\/uploads\/2026\/04\/Kaablivaba-robotniiduk-STIGA-A100V-Reginett.webp","datePublished":"2026-04-15T12:34:10+00:00","description":"STIGA A100v robotniiduk on parim valik suurtele aedadele, kuni 10000 m\u00b2 aladele. Robotniiduk suudab hallata kuni 30 tsooni ehk niiduala ja kuni 50%","breadcrumb":{"@id":"https:\/\/reginett.ee\/toode\/kaablivaba-robotniiduk-stiga-a100v-uus\/#breadcrumb"},"inLanguage":"ru-RU","potentialAction":[{"@type":"ReadAction","target":["https:\/\/reginett.ee\/toode\/kaablivaba-robotniiduk-stiga-a100v-uus\/"]}]},{"@type":"ImageObject","inLanguage":"ru-RU","@id":"https:\/\/reginett.ee\/toode\/kaablivaba-robotniiduk-stiga-a100v-uus\/#primaryimage","url":"https:\/\/reginett.ee\/wp-content\/uploads\/2026\/04\/Kaablivaba-robotniiduk-STIGA-A100V-Reginett.webp","contentUrl":"https:\/\/reginett.ee\/wp-content\/uploads\/2026\/04\/Kaablivaba-robotniiduk-STIGA-A100V-Reginett.webp","width":680,"height":372,"caption":"Kaablivaba-robotniiduk-STIGA-A100V"},{"@type":"BreadcrumbList","@id":"https:\/\/reginett.ee\/toode\/kaablivaba-robotniiduk-stiga-a100v-uus\/#breadcrumb","itemListElement":[{"@type":"ListItem","position":1,"name":"Home","item":"https:\/\/reginett.ee\/ru\/"},{"@type":"ListItem","position":2,"name":"Tooted","item":"https:\/\/reginett.ee\/tooted\/"},{"@type":"ListItem","position":3,"name":"Kaablivaba robotniiduk STIGA A100v UUS!"}]},{"@type":"WebSite","@id":"https:\/\/reginett.ee\/#website","url":"https:\/\/reginett.ee\/","name":"Reginett","description":"Parimad robotniidukid","potentialAction":[{"@type":"SearchAction","target":{"@type":"EntryPoint","urlTemplate":"https:\/\/reginett.ee\/?s={search_term_string}"},"query-input":{"@type":"PropertyValueSpecification","valueRequired":true,"valueName":"search_term_string"}}],"inLanguage":"ru-RU"}]}},"brands":[{"id":146,"name":"Stiga","slug":"stiga"}],"_links":{"self":[{"href":"https:\/\/reginett.ee\/ru\/wp-json\/wp\/v2\/product\/64055","targetHints":{"allow":["GET"]}}],"collection":[{"href":"https:\/\/reginett.ee\/ru\/wp-json\/wp\/v2\/product"}],"about":[{"href":"https:\/\/reginett.ee\/ru\/wp-json\/wp\/v2\/types\/product"}],"replies":[{"embeddable":true,"href":"https:\/\/reginett.ee\/ru\/wp-json\/wp\/v2\/comments?post=64055"}],"wp:featuredmedia":[{"embeddable":true,"href":"https:\/\/reginett.ee\/ru\/wp-json\/wp\/v2\/media\/64056"}],"wp:attachment":[{"href":"https:\/\/reginett.ee\/ru\/wp-json\/wp\/v2\/media?parent=64055"}],"wp:term":[{"taxonomy":"pwb-brand","embeddable":true,"href":"https:\/\/reginett.ee\/ru\/wp-json\/wp\/v2\/pwb-brand?post=64055"},{"taxonomy":"product_brand","embeddable":true,"href":"https:\/\/reginett.ee\/ru\/wp-json\/wp\/v2\/product_brand?post=64055"},{"taxonomy":"product_cat","embeddable":true,"href":"https:\/\/reginett.ee\/ru\/wp-json\/wp\/v2\/product_cat?post=64055"},{"taxonomy":"product_tag","embeddable":true,"href":"https:\/\/reginett.ee\/ru\/wp-json\/wp\/v2\/product_tag?post=64055"}],"curies":[{"name":"wp","href":"https:\/\/api.w.org\/{rel}","templated":true}]}}