{"id":64049,"date":"2026-04-15T13:06:04","date_gmt":"2026-04-15T10:06:04","guid":{"rendered":"https:\/\/reginett.ee\/?post_type=product&#038;p=64049"},"modified":"2026-04-15T13:32:53","modified_gmt":"2026-04-15T10:32:53","slug":"raider-husqvarna-214tc-103cm-uus","status":"publish","type":"product","link":"https:\/\/reginett.ee\/ru\/toode\/raider-husqvarna-214tc-103cm-uus\/","title":{"rendered":"Raider Husqvarna 214TC 103cm UUS!"},"content":{"rendered":"<p><strong>Raider Husqvarna 214TC<\/strong> 103 cm on t\u00f5hus, mitmek\u00fclgne ja h\u00f5lpsasti kasutatav raider hoolitseb suuremate muruplatside eest h\u00f5lpsalt. Husqvarna R\u202f214 TC raideril on kahesilindriline mootor ja 103 cm niidulaiusega Combi-l\u00f5ikekorpus, mis pakub kaht niitmisv\u00f5imalust \u2013 BioClip\u00ae mult\u0161imine muru v\u00e4etamiseks ning tahav\u00e4ljavise k\u00f5rgema ja lopsakama muru niitmiseks. Suurep\u00e4rase man\u00f6\u00f6verdusv\u00f5imega vastupidav pealeistutav niiduk, mida on lihtne puhastada ja hooldada t\u00e4nu l\u00f5ikekorpuse hooldusasendile. Saadaval on lai valik Husqvarna lisatarvikuid.<\/p>\n<p>&nbsp;<\/p>\n<h3 class=\"ugRU3HGQ uhxFw9Tu uEwECsFM\">Hooldusasend<\/h3>\n<div aria-live=\"polite\">\n<p class=\"ugRU3HGQ uhxFw9Tu uX34qNS-\">L\u00f5ikekorpust saab puhastamise v\u00f5i hoolduse ajal h\u00f5lpsaks juurdep\u00e4\u00e4suks kallutada hooldusasendisse.<\/p>\n<p>&nbsp;<\/p>\n<\/div>\n<h3 class=\"ugRU3HGQ uhxFw9Tu uEwECsFM\">Mugav juhtimisasend<\/h3>\n<div aria-live=\"polite\">\n<p class=\"ugRU3HGQ uhxFw9Tu uX34qNS-\">Raider on turvaline, stabiilne ning hea haarduvusega nii tasasel maal kui ka kallakutel. Raideri madal raskuskese annab hea haarduvuse ning teeb juhtimise m\u00f5nusaks.<\/p>\n<p>&nbsp;<\/p>\n<h3 class=\"ugRU3HGQ uhxFw9Tu uEwECsFM\">Mitmek\u00fclgselt kasutatav<\/h3>\n<div aria-live=\"polite\">\n<p class=\"ugRU3HGQ uhxFw9Tu uX34qNS-\">L\u00f5ikekorpuste ja lisatarvikute lai valik muudab selle niiduki mitmek\u00fclgseks, millest on kasu aastaringselt.<\/p>\n<p>&nbsp;<\/p>\n<h3 class=\"ugRU3HGQ uhxFw9Tu uEwECsFM\">4 suurt ratast<\/h3>\n<div aria-live=\"polite\">\n<p class=\"ugRU3HGQ uhxFw9Tu uX34qNS-\">Suured esi- ja tagarattad tagavad mugava s\u00f5idu ja v\u00e4hendavad ohtu \u00f5rnema pinnase kahjustamiseks.<\/p>\n<p>&nbsp;<\/p>\n<h3 class=\"ugRU3HGQ uhxFw9Tu uEwECsFM\">BioClip\u00ae<\/h3>\n<div aria-live=\"polite\">\n<p class=\"ugRU3HGQ uhxFw9Tu uX34qNS-\">BioClip\u00ae (mult\u0161imine) l\u00f5ikab muru peeneks massiks, mis laguneb kiiresti ja muutub looduslikuks v\u00e4etiseks, pakkudes suurep\u00e4raseid tulemusi sageli niidetavatel aladel.<\/p>\n<p>&nbsp;<\/p>\n<h3 class=\"ugRU3HGQ uhxFw9Tu uEwECsFM\">Reguleeritav rool<\/h3>\n<div aria-live=\"polite\">\n<p class=\"ugRU3HGQ uhxFw9Tu uX34qNS-\">Suurep\u00e4rase ergonoomika ja mugavuse tagamiseks saab rooli k\u00f5rgust reguleerida teleskoop-roolisambaga.<\/p>\n<p>&nbsp;<\/p>\n<h3 class=\"ugRU3HGQ uhxFw9Tu uEwECsFM\">Tunnilugeja<\/h3>\n<div aria-live=\"polite\">\n<p class=\"ugRU3HGQ uhxFw9Tu uX34qNS-\">Tunniarvesti t\u00f6\u00f6aja ning teenindus- ja hooldusintervallide lihtsaks kontrollimiseks.<\/p>\n<p>&nbsp;<\/p>\n<h3 class=\"ugRU3HGQ uhxFw9Tu uEwECsFM\">Turn key start &#8212; tooreklapita k\u00e4ivitamine<\/h3>\n<div aria-live=\"polite\">\n<p class=\"ugRU3HGQ uhxFw9Tu uX34qNS-\">Lihtne kasutamise alustamine mis tahes ilmastikutingimustes ilma \u00f5huklapi vajaduseta. Lihtsalt keera v\u00f5tit ja s\u00f5ida.<\/p>\n<p>&nbsp;<\/p>\n<h3 class=\"ugRU3HGQ uhxFw9Tu uEwECsFM\">H\u00f5lpsalt kasutatav niiduk\u00f5rguse seadistamise hoob<\/h3>\n<div aria-live=\"polite\">\n<p class=\"ugRU3HGQ uhxFw9Tu uX34qNS-\">Niiduk\u00f5rgust saab seadistada juhiistmelt, seega on niiduk\u00f5rgust v\u00f5imalik reguleerida ka niitmise ajal.<\/p>\n<p>&nbsp;<\/p>\n<\/div>\n<\/div>\n<\/div>\n<\/div>\n<\/div>\n<h3 class=\"ugRU3HGQ uhxFw9Tu uEwECsFM\">Mootor juhi taga<\/h3>\n<div aria-live=\"polite\">\n<p class=\"ugRU3HGQ uhxFw9Tu uX34qNS-\">Kuna mootor asub raideri tagaosas, on \u00fclevaade t\u00f6\u00f6alast parem ning juhini j\u00f5uab v\u00e4hem m\u00fcra ning heitgaase kui n\u00e4iteks raideri etteossa paigaldatud mootori puhul.<\/p>\n<p>&nbsp;<\/p>\n<h3 class=\"ugRU3HGQ uhxFw9Tu uEwECsFM\">Husqvarna Connect<\/h3>\n<div aria-live=\"polite\">\n<p class=\"ugRU3HGQ uhxFw9Tu uX34qNS-\">Husqvarna Connect rakendusega on sul lihtne ja kiire ligip\u00e4\u00e4s toote kasutusjuhendile, kasutussoovitustele, erinevatele sobivatele lisatarvikutele ja varuosadele. Lisaks annab rakendus \u00fclevaate toote t\u00f6\u00f6ajast, aku laetuse tasemest ning annab teada, kui on l\u00e4henemas hoolduse t\u00e4htaeg. Rakendus on tasuta allalaetav App Store\u015bt ja Google Play\u00b4st.<\/p>\n<\/div>\n<\/div>\n<\/div>\n<\/div>\n<\/div>\n<h3 class=\"ugRU3HGQ uhxFw9Tu uEwECsFM\">Keskliigendiga roolimehhanism<\/h3>\n<div aria-live=\"polite\">\n<p class=\"ugRU3HGQ uhxFw9Tu uX34qNS-\">Liigendiga roolis\u00fcsteem tagab hea man\u00f6\u00f6vedusv\u00f5ime ja h\u00f5lbustab takistuste (nt puude ning p\u00f5\u00f5saste) v\u00e4ltimist. Kuna tagumine rattapaar v\u00f5ib masina all k\u00f5ikuda, muutub p\u00f6\u00f6rderaadius t\u00e4ieliku lukustuse korral minimaalseks.<\/p>\n<p>&nbsp;<\/p>\n<\/div>\n<h3 class=\"ugRU3HGQ uhxFw9Tu uEwECsFM\">Eesasetsev l\u00f5ikekorpus<\/h3>\n<div aria-live=\"polite\">\n<p class=\"ugRU3HGQ uhxFw9Tu uX34qNS-\">Eesasetsev l\u00f5ikekorpus tagab suurep\u00e4rase ligip\u00e4\u00e4setavuse ning v\u00f5imaldab mugavalt niita nii aianurkadest kui ka p\u00f5\u00f5saste alt.<\/p>\n<p>&nbsp;<\/p>\n<h3 class=\"ugRU3HGQ uhxFw9Tu uEwECsFM\">L\u00f5iketerad k\u00e4ivituvad automaatselt<\/h3>\n<div aria-live=\"polite\">\n<p class=\"ugRU3HGQ uhxFw9Tu uX34qNS-\">L\u00f5ikekorpuse langetamisel rakenduvad l\u00f5iketerad automaatselt, et t\u00f6\u00f6ga alustamine oleks kiire ja sujuv.<\/p>\n<p>&nbsp;<\/p>\n<\/div>\n<\/div>\n","protected":false},"excerpt":{"rendered":"<p><strong>Raider Husqvarna 214TC<\/strong> 103 cm on t\u00f5hus, mitmek\u00fclgne ja h\u00f5lpsasti kasutatav raider hoolitseb suuremate muruplatside eest h\u00f5lpsalt. Husqvarna R\u202f214 TC raideril on kahesilindriline mootor ja 103 cm niidulaiusega Combi-l\u00f5ikekorpus, mis pakub kaht niitmisv\u00f5imalust \u2013 BioClip\u00ae mult\u0161imine muru v\u00e4etamiseks ning tahav\u00e4ljavise k\u00f5rgema ja lopsakama muru niitmiseks. Suurep\u00e4rase man\u00f6\u00f6verdusv\u00f5imega vastupidav pealeistutav niiduk, mida on lihtne puhastada ja hooldada t\u00e4nu l\u00f5ikekorpuse hooldusasendile. Saadaval on lai valik Husqvarna lisatarvikuid.<\/p>\n","protected":false},"featured_media":64050,"comment_status":"open","ping_status":"closed","template":"","meta":{"_acf_changed":false,"_et_pb_use_builder":"","_et_pb_old_content":"","_et_gb_content_width":"","inline_featured_image":false},"pwb-brand":[147],"product_brand":[],"product_cat":[37,56],"product_tag":[844,91],"class_list":{"0":"post-64049","1":"product","2":"type-product","3":"status-publish","4":"has-post-thumbnail","6":"pwb-brand-husqvarna","7":"product_cat-husqvarna","8":"product_cat-raiderid","9":"product_tag-214tc","10":"product_tag-raider","11":"product_shipping_class-rasked-asjad","13":"first","14":"instock","15":"sale","16":"shipping-taxable","17":"purchasable","18":"product-type-simple"},"acf":[],"yoast_head":"<!-- This site is optimized with the Yoast SEO plugin v26.6 - https:\/\/yoast.com\/wordpress\/plugins\/seo\/ -->\n<title>Raider Husqvarna 214TC 103cm. Parimad raiderid Reginetist<\/title>\n<meta name=\"description\" content=\"Raider Husqvarna 214TC 103 cm on t\u00f5hus, mitmek\u00fclgne ja h\u00f5lpsasti kasutatav raider hoolitseb suuremate muruplatside eest h\u00f5lpsalt. Husqvarna R\u202f214 TC\" \/>\n<meta name=\"robots\" content=\"index, follow, max-snippet:-1, max-image-preview:large, max-video-preview:-1\" \/>\n<link rel=\"canonical\" href=\"https:\/\/reginett.ee\/toode\/raider-husqvarna-214tc-103cm-uus\/\" \/>\n<meta property=\"og:locale\" content=\"ru_RU\" \/>\n<meta property=\"og:type\" content=\"article\" \/>\n<meta property=\"og:title\" content=\"Raider Husqvarna 214TC 103cm. Parimad raiderid Reginetist\" \/>\n<meta property=\"og:description\" content=\"Raider Husqvarna 214TC 103 cm on t\u00f5hus, mitmek\u00fclgne ja h\u00f5lpsasti kasutatav raider hoolitseb suuremate muruplatside eest h\u00f5lpsalt. Husqvarna R\u202f214 TC\" \/>\n<meta property=\"og:url\" content=\"https:\/\/reginett.ee\/toode\/raider-husqvarna-214tc-103cm-uus\/\" \/>\n<meta property=\"og:site_name\" content=\"Reginett\" \/>\n<meta property=\"article:modified_time\" content=\"2026-04-15T10:32:53+00:00\" \/>\n<meta property=\"og:image\" content=\"https:\/\/reginett.ee\/wp-content\/uploads\/2026\/04\/Raider-Husqvarna-214TC-103cm-2026-Reginett.webp\" \/>\n\t<meta property=\"og:image:width\" content=\"605\" \/>\n\t<meta property=\"og:image:height\" content=\"372\" \/>\n\t<meta property=\"og:image:type\" content=\"image\/webp\" \/>\n<meta name=\"twitter:card\" content=\"summary_large_image\" \/>\n<meta name=\"twitter:label1\" content=\"\u041f\u0440\u0438\u043c\u0435\u0440\u043d\u043e\u0435 \u0432\u0440\u0435\u043c\u044f \u0434\u043b\u044f \u0447\u0442\u0435\u043d\u0438\u044f\" \/>\n\t<meta name=\"twitter:data1\" content=\"3 \u043c\u0438\u043d\u0443\u0442\u044b\" \/>\n<script type=\"application\/ld+json\" class=\"yoast-schema-graph\">{\"@context\":\"https:\/\/schema.org\",\"@graph\":[{\"@type\":\"WebPage\",\"@id\":\"https:\/\/reginett.ee\/toode\/raider-husqvarna-214tc-103cm-uus\/\",\"url\":\"https:\/\/reginett.ee\/toode\/raider-husqvarna-214tc-103cm-uus\/\",\"name\":\"Raider Husqvarna 214TC 103cm. Parimad raiderid Reginetist\",\"isPartOf\":{\"@id\":\"https:\/\/reginett.ee\/#website\"},\"primaryImageOfPage\":{\"@id\":\"https:\/\/reginett.ee\/toode\/raider-husqvarna-214tc-103cm-uus\/#primaryimage\"},\"image\":{\"@id\":\"https:\/\/reginett.ee\/toode\/raider-husqvarna-214tc-103cm-uus\/#primaryimage\"},\"thumbnailUrl\":\"https:\/\/reginett.ee\/wp-content\/uploads\/2026\/04\/Raider-Husqvarna-214TC-103cm-2026-Reginett.webp\",\"datePublished\":\"2026-04-15T10:06:04+00:00\",\"dateModified\":\"2026-04-15T10:32:53+00:00\",\"description\":\"Raider Husqvarna 214TC 103 cm on t\u00f5hus, mitmek\u00fclgne ja h\u00f5lpsasti kasutatav raider hoolitseb suuremate muruplatside eest h\u00f5lpsalt. Husqvarna R\u202f214 TC\",\"breadcrumb\":{\"@id\":\"https:\/\/reginett.ee\/toode\/raider-husqvarna-214tc-103cm-uus\/#breadcrumb\"},\"inLanguage\":\"ru-RU\",\"potentialAction\":[{\"@type\":\"ReadAction\",\"target\":[\"https:\/\/reginett.ee\/toode\/raider-husqvarna-214tc-103cm-uus\/\"]}]},{\"@type\":\"ImageObject\",\"inLanguage\":\"ru-RU\",\"@id\":\"https:\/\/reginett.ee\/toode\/raider-husqvarna-214tc-103cm-uus\/#primaryimage\",\"url\":\"https:\/\/reginett.ee\/wp-content\/uploads\/2026\/04\/Raider-Husqvarna-214TC-103cm-2026-Reginett.webp\",\"contentUrl\":\"https:\/\/reginett.ee\/wp-content\/uploads\/2026\/04\/Raider-Husqvarna-214TC-103cm-2026-Reginett.webp\",\"width\":605,\"height\":372,\"caption\":\"Raider Husqvarna 214TC 103\"},{\"@type\":\"BreadcrumbList\",\"@id\":\"https:\/\/reginett.ee\/toode\/raider-husqvarna-214tc-103cm-uus\/#breadcrumb\",\"itemListElement\":[{\"@type\":\"ListItem\",\"position\":1,\"name\":\"Home\",\"item\":\"https:\/\/reginett.ee\/ru\/\"},{\"@type\":\"ListItem\",\"position\":2,\"name\":\"Tooted\",\"item\":\"https:\/\/reginett.ee\/tooted\/\"},{\"@type\":\"ListItem\",\"position\":3,\"name\":\"Raider Husqvarna 214TC 103cm UUS!\"}]},{\"@type\":\"WebSite\",\"@id\":\"https:\/\/reginett.ee\/#website\",\"url\":\"https:\/\/reginett.ee\/\",\"name\":\"Reginett\",\"description\":\"Parimad robotniidukid\",\"potentialAction\":[{\"@type\":\"SearchAction\",\"target\":{\"@type\":\"EntryPoint\",\"urlTemplate\":\"https:\/\/reginett.ee\/?s={search_term_string}\"},\"query-input\":{\"@type\":\"PropertyValueSpecification\",\"valueRequired\":true,\"valueName\":\"search_term_string\"}}],\"inLanguage\":\"ru-RU\"}]}<\/script>\n<!-- \/ Yoast SEO plugin. -->","yoast_head_json":{"title":"Raider Husqvarna 214TC 103cm. Parimad raiderid Reginetist","description":"Raider Husqvarna 214TC 103 cm on t\u00f5hus, mitmek\u00fclgne ja h\u00f5lpsasti kasutatav raider hoolitseb suuremate muruplatside eest h\u00f5lpsalt. Husqvarna R\u202f214 TC","robots":{"index":"index","follow":"follow","max-snippet":"max-snippet:-1","max-image-preview":"max-image-preview:large","max-video-preview":"max-video-preview:-1"},"canonical":"https:\/\/reginett.ee\/toode\/raider-husqvarna-214tc-103cm-uus\/","og_locale":"ru_RU","og_type":"article","og_title":"Raider Husqvarna 214TC 103cm. Parimad raiderid Reginetist","og_description":"Raider Husqvarna 214TC 103 cm on t\u00f5hus, mitmek\u00fclgne ja h\u00f5lpsasti kasutatav raider hoolitseb suuremate muruplatside eest h\u00f5lpsalt. Husqvarna R\u202f214 TC","og_url":"https:\/\/reginett.ee\/toode\/raider-husqvarna-214tc-103cm-uus\/","og_site_name":"Reginett","article_modified_time":"2026-04-15T10:32:53+00:00","og_image":[{"width":605,"height":372,"url":"https:\/\/reginett.ee\/wp-content\/uploads\/2026\/04\/Raider-Husqvarna-214TC-103cm-2026-Reginett.webp","type":"image\/webp"}],"twitter_card":"summary_large_image","twitter_misc":{"\u041f\u0440\u0438\u043c\u0435\u0440\u043d\u043e\u0435 \u0432\u0440\u0435\u043c\u044f \u0434\u043b\u044f \u0447\u0442\u0435\u043d\u0438\u044f":"3 \u043c\u0438\u043d\u0443\u0442\u044b"},"schema":{"@context":"https:\/\/schema.org","@graph":[{"@type":"WebPage","@id":"https:\/\/reginett.ee\/toode\/raider-husqvarna-214tc-103cm-uus\/","url":"https:\/\/reginett.ee\/toode\/raider-husqvarna-214tc-103cm-uus\/","name":"Raider Husqvarna 214TC 103cm. Parimad raiderid Reginetist","isPartOf":{"@id":"https:\/\/reginett.ee\/#website"},"primaryImageOfPage":{"@id":"https:\/\/reginett.ee\/toode\/raider-husqvarna-214tc-103cm-uus\/#primaryimage"},"image":{"@id":"https:\/\/reginett.ee\/toode\/raider-husqvarna-214tc-103cm-uus\/#primaryimage"},"thumbnailUrl":"https:\/\/reginett.ee\/wp-content\/uploads\/2026\/04\/Raider-Husqvarna-214TC-103cm-2026-Reginett.webp","datePublished":"2026-04-15T10:06:04+00:00","dateModified":"2026-04-15T10:32:53+00:00","description":"Raider Husqvarna 214TC 103 cm on t\u00f5hus, mitmek\u00fclgne ja h\u00f5lpsasti kasutatav raider hoolitseb suuremate muruplatside eest h\u00f5lpsalt. Husqvarna R\u202f214 TC","breadcrumb":{"@id":"https:\/\/reginett.ee\/toode\/raider-husqvarna-214tc-103cm-uus\/#breadcrumb"},"inLanguage":"ru-RU","potentialAction":[{"@type":"ReadAction","target":["https:\/\/reginett.ee\/toode\/raider-husqvarna-214tc-103cm-uus\/"]}]},{"@type":"ImageObject","inLanguage":"ru-RU","@id":"https:\/\/reginett.ee\/toode\/raider-husqvarna-214tc-103cm-uus\/#primaryimage","url":"https:\/\/reginett.ee\/wp-content\/uploads\/2026\/04\/Raider-Husqvarna-214TC-103cm-2026-Reginett.webp","contentUrl":"https:\/\/reginett.ee\/wp-content\/uploads\/2026\/04\/Raider-Husqvarna-214TC-103cm-2026-Reginett.webp","width":605,"height":372,"caption":"Raider Husqvarna 214TC 103"},{"@type":"BreadcrumbList","@id":"https:\/\/reginett.ee\/toode\/raider-husqvarna-214tc-103cm-uus\/#breadcrumb","itemListElement":[{"@type":"ListItem","position":1,"name":"Home","item":"https:\/\/reginett.ee\/ru\/"},{"@type":"ListItem","position":2,"name":"Tooted","item":"https:\/\/reginett.ee\/tooted\/"},{"@type":"ListItem","position":3,"name":"Raider Husqvarna 214TC 103cm UUS!"}]},{"@type":"WebSite","@id":"https:\/\/reginett.ee\/#website","url":"https:\/\/reginett.ee\/","name":"Reginett","description":"Parimad robotniidukid","potentialAction":[{"@type":"SearchAction","target":{"@type":"EntryPoint","urlTemplate":"https:\/\/reginett.ee\/?s={search_term_string}"},"query-input":{"@type":"PropertyValueSpecification","valueRequired":true,"valueName":"search_term_string"}}],"inLanguage":"ru-RU"}]}},"brands":[{"id":147,"name":"Husqvarna","slug":"husqvarna"}],"_links":{"self":[{"href":"https:\/\/reginett.ee\/ru\/wp-json\/wp\/v2\/product\/64049","targetHints":{"allow":["GET"]}}],"collection":[{"href":"https:\/\/reginett.ee\/ru\/wp-json\/wp\/v2\/product"}],"about":[{"href":"https:\/\/reginett.ee\/ru\/wp-json\/wp\/v2\/types\/product"}],"replies":[{"embeddable":true,"href":"https:\/\/reginett.ee\/ru\/wp-json\/wp\/v2\/comments?post=64049"}],"wp:featuredmedia":[{"embeddable":true,"href":"https:\/\/reginett.ee\/ru\/wp-json\/wp\/v2\/media\/64050"}],"wp:attachment":[{"href":"https:\/\/reginett.ee\/ru\/wp-json\/wp\/v2\/media?parent=64049"}],"wp:term":[{"taxonomy":"pwb-brand","embeddable":true,"href":"https:\/\/reginett.ee\/ru\/wp-json\/wp\/v2\/pwb-brand?post=64049"},{"taxonomy":"product_brand","embeddable":true,"href":"https:\/\/reginett.ee\/ru\/wp-json\/wp\/v2\/product_brand?post=64049"},{"taxonomy":"product_cat","embeddable":true,"href":"https:\/\/reginett.ee\/ru\/wp-json\/wp\/v2\/product_cat?post=64049"},{"taxonomy":"product_tag","embeddable":true,"href":"https:\/\/reginett.ee\/ru\/wp-json\/wp\/v2\/product_tag?post=64049"}],"curies":[{"name":"wp","href":"https:\/\/api.w.org\/{rel}","templated":true}]}}