{"id":64044,"date":"2026-04-14T13:25:09","date_gmt":"2026-04-14T10:25:09","guid":{"rendered":"https:\/\/reginett.ee\/?post_type=product&#038;p=64044"},"modified":"2026-04-14T13:25:09","modified_gmt":"2026-04-14T10:25:09","slug":"puidust-pergola-istutuskastiga-uus","status":"publish","type":"product","link":"https:\/\/reginett.ee\/ru\/toode\/puidust-pergola-istutuskastiga-uus\/","title":{"rendered":"Puidust pergola istutuskastiga UUS!"},"content":{"rendered":"<p><strong>Puidust pergola istutuskastiga<\/strong> on iga v\u00e4ikeaia pidaja unistus. Loo oma aeda v\u00f5i terrassile hubane ja pilkup\u00fc\u00fcdev roheline nurgake selle elegantse puidust <strong>pergolaga<\/strong>. Integreeritud istutuskast v\u00f5imaldab kasvatada lilli, maitsetaimi v\u00f5i ronitaimi, mis kaunistavad pergolat loomulikul ja elaval viisil. Tugev ja vastupidav puitkonstruktsioon sobib suurep\u00e4raselt v\u00e4listingimustesse, pakkudes nii praktilisust kui ka dekoratiivset v\u00e4\u00e4rtust. \u00dclemine rest loob ideaalse toe rippuvatele lilledele v\u00f5i valgustitele, lisades \u00f5dusust igasse keskkonda. See pergola on ideaalne lahendus neile, kes soovivad \u00fchendada ilu ja funktsionaalsuse ning muuta oma \u00f5ueala t\u00f5eliselt nauditavaks ja kutsuvaks.<\/p>\n<p>M\u00f5\u00f5dud: 117 x 39 x 119 cm<\/p>\n<p>Pakendi suurus: 120 x 40 x 17 cm<\/p>\n<p>&nbsp;<\/p>\n","protected":false},"excerpt":{"rendered":"<p><strong>Puidust pergola istutuskastiga<\/strong> on iga v\u00e4ikeaia pidaja unistus. Loo oma aeda v\u00f5i terrassile hubane ja pilkup\u00fc\u00fcdev roheline nurgake selle elegantse puidust <strong>pergolaga<\/strong>. Integreeritud istutuskast v\u00f5imaldab kasvatada lilli, maitsetaimi v\u00f5i ronitaimi, mis kaunistavad pergolat loomulikul ja elaval viisil. Tugev ja vastupidav puitkonstruktsioon sobib suurep\u00e4raselt v\u00e4listingimustesse, pakkudes nii praktilisust kui ka dekoratiivset v\u00e4\u00e4rtust. \u00dclemine rest loob ideaalse toe rippuvatele lilledele v\u00f5i valgustitele, lisades \u00f5dusust igasse keskkonda. See pergola on ideaalne lahendus neile, kes soovivad \u00fchendada ilu ja funktsionaalsuse ning muuta oma \u00f5ueala t\u00f5eliselt nauditavaks ja kutsuvaks.<\/p>\n","protected":false},"featured_media":64045,"comment_status":"open","ping_status":"closed","template":"","meta":{"_acf_changed":false,"_et_pb_use_builder":"","_et_pb_old_content":"","_et_gb_content_width":"","inline_featured_image":false},"pwb-brand":[],"product_brand":[],"product_cat":[480,478,134,231],"product_tag":[843,842],"class_list":{"0":"post-64044","1":"product","2":"type-product","3":"status-publish","4":"has-post-thumbnail","6":"product_cat-aiatoo","7":"product_cat-vaba-aeg","8":"product_cat-eripakkumised","9":"product_cat-kingiideed","10":"product_tag-lillekast","11":"product_tag-pergola","12":"product_shipping_class-soodsam-kuller-15-eur","14":"first","15":"instock","16":"sale","17":"shipping-taxable","18":"purchasable","19":"product-type-simple"},"acf":[],"yoast_head":"<!-- This site is optimized with the Yoast SEO plugin v26.6 - https:\/\/yoast.com\/wordpress\/plugins\/seo\/ -->\n<title>Pergola istutuskastiga puidust<\/title>\n<meta name=\"description\" content=\"Puidust pergola istutuskastiga on iga v\u00e4ikeaia pidaja unistus. Loo oma aeda v\u00f5i terrassile hubane ja pilkup\u00fc\u00fcdev roheline nurgake selle elegantse pergolaga.\" \/>\n<meta name=\"robots\" content=\"index, follow, max-snippet:-1, max-image-preview:large, max-video-preview:-1\" \/>\n<link rel=\"canonical\" href=\"https:\/\/reginett.ee\/toode\/puidust-pergola-istutuskastiga-uus\/\" \/>\n<meta property=\"og:locale\" content=\"ru_RU\" \/>\n<meta property=\"og:type\" content=\"article\" \/>\n<meta property=\"og:title\" content=\"Pergola istutuskastiga puidust\" \/>\n<meta property=\"og:description\" content=\"Puidust pergola istutuskastiga on iga v\u00e4ikeaia pidaja unistus. Loo oma aeda v\u00f5i terrassile hubane ja pilkup\u00fc\u00fcdev roheline nurgake selle elegantse pergolaga.\" \/>\n<meta property=\"og:url\" content=\"https:\/\/reginett.ee\/toode\/puidust-pergola-istutuskastiga-uus\/\" \/>\n<meta property=\"og:site_name\" content=\"Reginett\" \/>\n<meta property=\"og:image\" content=\"https:\/\/reginett.ee\/wp-content\/uploads\/2026\/04\/Pergola-istutuskastiga-puidust.jpg\" \/>\n\t<meta property=\"og:image:width\" content=\"2000\" \/>\n\t<meta property=\"og:image:height\" content=\"2000\" \/>\n\t<meta property=\"og:image:type\" content=\"image\/jpeg\" \/>\n<meta name=\"twitter:card\" content=\"summary_large_image\" \/>\n<meta name=\"twitter:label1\" content=\"\u041f\u0440\u0438\u043c\u0435\u0440\u043d\u043e\u0435 \u0432\u0440\u0435\u043c\u044f \u0434\u043b\u044f \u0447\u0442\u0435\u043d\u0438\u044f\" \/>\n\t<meta name=\"twitter:data1\" content=\"1 \u043c\u0438\u043d\u0443\u0442\u0430\" \/>\n<script type=\"application\/ld+json\" class=\"yoast-schema-graph\">{\"@context\":\"https:\/\/schema.org\",\"@graph\":[{\"@type\":\"WebPage\",\"@id\":\"https:\/\/reginett.ee\/toode\/puidust-pergola-istutuskastiga-uus\/\",\"url\":\"https:\/\/reginett.ee\/toode\/puidust-pergola-istutuskastiga-uus\/\",\"name\":\"Pergola istutuskastiga puidust\",\"isPartOf\":{\"@id\":\"https:\/\/reginett.ee\/#website\"},\"primaryImageOfPage\":{\"@id\":\"https:\/\/reginett.ee\/toode\/puidust-pergola-istutuskastiga-uus\/#primaryimage\"},\"image\":{\"@id\":\"https:\/\/reginett.ee\/toode\/puidust-pergola-istutuskastiga-uus\/#primaryimage\"},\"thumbnailUrl\":\"https:\/\/reginett.ee\/wp-content\/uploads\/2026\/04\/Pergola-istutuskastiga-puidust.jpg\",\"datePublished\":\"2026-04-14T10:25:09+00:00\",\"description\":\"Puidust pergola istutuskastiga on iga v\u00e4ikeaia pidaja unistus. Loo oma aeda v\u00f5i terrassile hubane ja pilkup\u00fc\u00fcdev roheline nurgake selle elegantse pergolaga.\",\"breadcrumb\":{\"@id\":\"https:\/\/reginett.ee\/toode\/puidust-pergola-istutuskastiga-uus\/#breadcrumb\"},\"inLanguage\":\"ru-RU\",\"potentialAction\":[{\"@type\":\"ReadAction\",\"target\":[\"https:\/\/reginett.ee\/toode\/puidust-pergola-istutuskastiga-uus\/\"]}]},{\"@type\":\"ImageObject\",\"inLanguage\":\"ru-RU\",\"@id\":\"https:\/\/reginett.ee\/toode\/puidust-pergola-istutuskastiga-uus\/#primaryimage\",\"url\":\"https:\/\/reginett.ee\/wp-content\/uploads\/2026\/04\/Pergola-istutuskastiga-puidust.jpg\",\"contentUrl\":\"https:\/\/reginett.ee\/wp-content\/uploads\/2026\/04\/Pergola-istutuskastiga-puidust.jpg\",\"width\":2000,\"height\":2000},{\"@type\":\"BreadcrumbList\",\"@id\":\"https:\/\/reginett.ee\/toode\/puidust-pergola-istutuskastiga-uus\/#breadcrumb\",\"itemListElement\":[{\"@type\":\"ListItem\",\"position\":1,\"name\":\"Home\",\"item\":\"https:\/\/reginett.ee\/ru\/\"},{\"@type\":\"ListItem\",\"position\":2,\"name\":\"Tooted\",\"item\":\"https:\/\/reginett.ee\/tooted\/\"},{\"@type\":\"ListItem\",\"position\":3,\"name\":\"Puidust pergola istutuskastiga UUS!\"}]},{\"@type\":\"WebSite\",\"@id\":\"https:\/\/reginett.ee\/#website\",\"url\":\"https:\/\/reginett.ee\/\",\"name\":\"Reginett\",\"description\":\"Parimad robotniidukid\",\"potentialAction\":[{\"@type\":\"SearchAction\",\"target\":{\"@type\":\"EntryPoint\",\"urlTemplate\":\"https:\/\/reginett.ee\/?s={search_term_string}\"},\"query-input\":{\"@type\":\"PropertyValueSpecification\",\"valueRequired\":true,\"valueName\":\"search_term_string\"}}],\"inLanguage\":\"ru-RU\"}]}<\/script>\n<!-- \/ Yoast SEO plugin. -->","yoast_head_json":{"title":"Pergola istutuskastiga puidust","description":"Puidust pergola istutuskastiga on iga v\u00e4ikeaia pidaja unistus. Loo oma aeda v\u00f5i terrassile hubane ja pilkup\u00fc\u00fcdev roheline nurgake selle elegantse pergolaga.","robots":{"index":"index","follow":"follow","max-snippet":"max-snippet:-1","max-image-preview":"max-image-preview:large","max-video-preview":"max-video-preview:-1"},"canonical":"https:\/\/reginett.ee\/toode\/puidust-pergola-istutuskastiga-uus\/","og_locale":"ru_RU","og_type":"article","og_title":"Pergola istutuskastiga puidust","og_description":"Puidust pergola istutuskastiga on iga v\u00e4ikeaia pidaja unistus. Loo oma aeda v\u00f5i terrassile hubane ja pilkup\u00fc\u00fcdev roheline nurgake selle elegantse pergolaga.","og_url":"https:\/\/reginett.ee\/toode\/puidust-pergola-istutuskastiga-uus\/","og_site_name":"Reginett","og_image":[{"width":2000,"height":2000,"url":"https:\/\/reginett.ee\/wp-content\/uploads\/2026\/04\/Pergola-istutuskastiga-puidust.jpg","type":"image\/jpeg"}],"twitter_card":"summary_large_image","twitter_misc":{"\u041f\u0440\u0438\u043c\u0435\u0440\u043d\u043e\u0435 \u0432\u0440\u0435\u043c\u044f \u0434\u043b\u044f \u0447\u0442\u0435\u043d\u0438\u044f":"1 \u043c\u0438\u043d\u0443\u0442\u0430"},"schema":{"@context":"https:\/\/schema.org","@graph":[{"@type":"WebPage","@id":"https:\/\/reginett.ee\/toode\/puidust-pergola-istutuskastiga-uus\/","url":"https:\/\/reginett.ee\/toode\/puidust-pergola-istutuskastiga-uus\/","name":"Pergola istutuskastiga puidust","isPartOf":{"@id":"https:\/\/reginett.ee\/#website"},"primaryImageOfPage":{"@id":"https:\/\/reginett.ee\/toode\/puidust-pergola-istutuskastiga-uus\/#primaryimage"},"image":{"@id":"https:\/\/reginett.ee\/toode\/puidust-pergola-istutuskastiga-uus\/#primaryimage"},"thumbnailUrl":"https:\/\/reginett.ee\/wp-content\/uploads\/2026\/04\/Pergola-istutuskastiga-puidust.jpg","datePublished":"2026-04-14T10:25:09+00:00","description":"Puidust pergola istutuskastiga on iga v\u00e4ikeaia pidaja unistus. Loo oma aeda v\u00f5i terrassile hubane ja pilkup\u00fc\u00fcdev roheline nurgake selle elegantse pergolaga.","breadcrumb":{"@id":"https:\/\/reginett.ee\/toode\/puidust-pergola-istutuskastiga-uus\/#breadcrumb"},"inLanguage":"ru-RU","potentialAction":[{"@type":"ReadAction","target":["https:\/\/reginett.ee\/toode\/puidust-pergola-istutuskastiga-uus\/"]}]},{"@type":"ImageObject","inLanguage":"ru-RU","@id":"https:\/\/reginett.ee\/toode\/puidust-pergola-istutuskastiga-uus\/#primaryimage","url":"https:\/\/reginett.ee\/wp-content\/uploads\/2026\/04\/Pergola-istutuskastiga-puidust.jpg","contentUrl":"https:\/\/reginett.ee\/wp-content\/uploads\/2026\/04\/Pergola-istutuskastiga-puidust.jpg","width":2000,"height":2000},{"@type":"BreadcrumbList","@id":"https:\/\/reginett.ee\/toode\/puidust-pergola-istutuskastiga-uus\/#breadcrumb","itemListElement":[{"@type":"ListItem","position":1,"name":"Home","item":"https:\/\/reginett.ee\/ru\/"},{"@type":"ListItem","position":2,"name":"Tooted","item":"https:\/\/reginett.ee\/tooted\/"},{"@type":"ListItem","position":3,"name":"Puidust pergola istutuskastiga UUS!"}]},{"@type":"WebSite","@id":"https:\/\/reginett.ee\/#website","url":"https:\/\/reginett.ee\/","name":"Reginett","description":"Parimad robotniidukid","potentialAction":[{"@type":"SearchAction","target":{"@type":"EntryPoint","urlTemplate":"https:\/\/reginett.ee\/?s={search_term_string}"},"query-input":{"@type":"PropertyValueSpecification","valueRequired":true,"valueName":"search_term_string"}}],"inLanguage":"ru-RU"}]}},"brands":[],"_links":{"self":[{"href":"https:\/\/reginett.ee\/ru\/wp-json\/wp\/v2\/product\/64044","targetHints":{"allow":["GET"]}}],"collection":[{"href":"https:\/\/reginett.ee\/ru\/wp-json\/wp\/v2\/product"}],"about":[{"href":"https:\/\/reginett.ee\/ru\/wp-json\/wp\/v2\/types\/product"}],"replies":[{"embeddable":true,"href":"https:\/\/reginett.ee\/ru\/wp-json\/wp\/v2\/comments?post=64044"}],"wp:featuredmedia":[{"embeddable":true,"href":"https:\/\/reginett.ee\/ru\/wp-json\/wp\/v2\/media\/64045"}],"wp:attachment":[{"href":"https:\/\/reginett.ee\/ru\/wp-json\/wp\/v2\/media?parent=64044"}],"wp:term":[{"taxonomy":"pwb-brand","embeddable":true,"href":"https:\/\/reginett.ee\/ru\/wp-json\/wp\/v2\/pwb-brand?post=64044"},{"taxonomy":"product_brand","embeddable":true,"href":"https:\/\/reginett.ee\/ru\/wp-json\/wp\/v2\/product_brand?post=64044"},{"taxonomy":"product_cat","embeddable":true,"href":"https:\/\/reginett.ee\/ru\/wp-json\/wp\/v2\/product_cat?post=64044"},{"taxonomy":"product_tag","embeddable":true,"href":"https:\/\/reginett.ee\/ru\/wp-json\/wp\/v2\/product_tag?post=64044"}],"curies":[{"name":"wp","href":"https:\/\/api.w.org\/{rel}","templated":true}]}}