{"id":64032,"date":"2026-04-14T11:44:13","date_gmt":"2026-04-14T08:44:13","guid":{"rendered":"https:\/\/reginett.ee\/?post_type=product&#038;p=64032"},"modified":"2026-04-14T11:44:13","modified_gmt":"2026-04-14T08:44:13","slug":"taimeriiul-puidust-must","status":"publish","type":"product","link":"https:\/\/reginett.ee\/ru\/toode\/taimeriiul-puidust-must\/","title":{"rendered":"Taimeriiul puidust 3-astmeline must UUS!"},"content":{"rendered":"<p><strong>Puidust taimeriiul<\/strong> on uus hitt! Too oma aeda, r\u00f5dule v\u00f5i terrassile stiili ja praktilisust selle modernse 3-tasandilise puidust riiuliga. Must minimalistlik disain sobitub suurep\u00e4raselt v\u00e4litingimustesse, lisades elegantsi ja korrastatust. Riiul on loodud eelk\u00f5ige \u00f5ue kasutamiseks \u2013 ideaalne lahendus taimede, \u00fcrtide ja dekoratsioonide paigutamiseks v\u00e4rskes \u00f5hus. Kolm avarat tasapinda pakuvad piisavalt ruumi ning kompaktne kuju sobib ka v\u00e4iksematele r\u00f5dudele. Vastupidav konstruktsioon tagab stabiilsuse ja pika kasutusea ka muutlikes ilmastikuoludes. Praktiline ja pilkup\u00fc\u00fcdev riiul aitab hoida k\u00f5ik vajaliku k\u00e4ep\u00e4raselt ning kaunilt esile t\u00f5stetuna.<\/p>\n<p>&nbsp;<\/p>\n<p>M\u00f5\u00f5dud: 120 x 90 x 30<\/p>\n<p>Kaal: 6,4 kg<\/p>\n","protected":false},"excerpt":{"rendered":"<p><strong>Puidust taimeriiul<\/strong> on uus hitt! Too oma aeda, r\u00f5dule v\u00f5i terrassile stiili ja praktilisust selle modernse 3-tasandilise puidust riiuliga. Must minimalistlik disain sobitub suurep\u00e4raselt v\u00e4litingimustesse, lisades elegantsi ja korrastatust. Riiul on loodud eelk\u00f5ige \u00f5ue kasutamiseks \u2013 ideaalne lahendus taimede, \u00fcrtide ja dekoratsioonide paigutamiseks v\u00e4rskes \u00f5hus. Kolm avarat tasapinda pakuvad piisavalt ruumi ning kompaktne kuju sobib ka v\u00e4iksematele r\u00f5dudele. Vastupidav konstruktsioon tagab stabiilsuse ja pika kasutusea ka muutlikes ilmastikuoludes. Praktiline ja pilkup\u00fc\u00fcdev riiul aitab hoida k\u00f5ik vajaliku k\u00e4ep\u00e4raselt ning kaunilt esile t\u00f5stetuna.<\/p>\n","protected":false},"featured_media":64033,"comment_status":"open","ping_status":"closed","template":"","meta":{"_acf_changed":false,"_et_pb_use_builder":"","_et_pb_old_content":"","_et_gb_content_width":"","inline_featured_image":false},"pwb-brand":[],"product_brand":[],"product_cat":[480,478,134,231],"product_tag":[839,841,838,840],"class_list":{"0":"post-64032","1":"product","2":"type-product","3":"status-publish","4":"has-post-thumbnail","6":"product_cat-aiatoo","7":"product_cat-vaba-aeg","8":"product_cat-eripakkumised","9":"product_cat-kingiideed","10":"product_tag-aiariiul","11":"product_tag-lilleriiul","12":"product_tag-riiul","13":"product_tag-taimeriiul","14":"product_shipping_class-soodsam-kuller-15-eur","16":"first","17":"instock","18":"sale","19":"shipping-taxable","20":"purchasable","21":"product-type-simple"},"acf":[],"yoast_head":"<!-- This site is optimized with the Yoast SEO plugin v26.6 - https:\/\/yoast.com\/wordpress\/plugins\/seo\/ -->\n<title>Taimeriiul puidust 3-astmeline must Reginetist<\/title>\n<meta name=\"description\" content=\"Puidust taimeriiul on uus hitt! Too oma aeda, r\u00f5dule v\u00f5i terrassile stiili ja praktilisust selle modernse 3-tasandilise puidust riiuliga.\" \/>\n<meta name=\"robots\" content=\"index, follow, max-snippet:-1, max-image-preview:large, max-video-preview:-1\" \/>\n<link rel=\"canonical\" href=\"https:\/\/reginett.ee\/toode\/taimeriiul-puidust-must\/\" \/>\n<meta property=\"og:locale\" content=\"ru_RU\" \/>\n<meta property=\"og:type\" content=\"article\" \/>\n<meta property=\"og:title\" content=\"Taimeriiul puidust 3-astmeline must Reginetist\" \/>\n<meta property=\"og:description\" content=\"Puidust taimeriiul on uus hitt! Too oma aeda, r\u00f5dule v\u00f5i terrassile stiili ja praktilisust selle modernse 3-tasandilise puidust riiuliga.\" \/>\n<meta property=\"og:url\" content=\"https:\/\/reginett.ee\/toode\/taimeriiul-puidust-must\/\" \/>\n<meta property=\"og:site_name\" content=\"Reginett\" \/>\n<meta property=\"og:image\" content=\"https:\/\/reginett.ee\/wp-content\/uploads\/2026\/04\/Taimeriiul-puidust-must.webp\" \/>\n\t<meta property=\"og:image:width\" content=\"680\" \/>\n\t<meta property=\"og:image:height\" content=\"372\" \/>\n\t<meta property=\"og:image:type\" content=\"image\/webp\" \/>\n<meta name=\"twitter:card\" content=\"summary_large_image\" \/>\n<meta name=\"twitter:label1\" content=\"\u041f\u0440\u0438\u043c\u0435\u0440\u043d\u043e\u0435 \u0432\u0440\u0435\u043c\u044f \u0434\u043b\u044f \u0447\u0442\u0435\u043d\u0438\u044f\" \/>\n\t<meta name=\"twitter:data1\" content=\"1 \u043c\u0438\u043d\u0443\u0442\u0430\" \/>\n<script type=\"application\/ld+json\" class=\"yoast-schema-graph\">{\"@context\":\"https:\/\/schema.org\",\"@graph\":[{\"@type\":\"WebPage\",\"@id\":\"https:\/\/reginett.ee\/toode\/taimeriiul-puidust-must\/\",\"url\":\"https:\/\/reginett.ee\/toode\/taimeriiul-puidust-must\/\",\"name\":\"Taimeriiul puidust 3-astmeline must Reginetist\",\"isPartOf\":{\"@id\":\"https:\/\/reginett.ee\/#website\"},\"primaryImageOfPage\":{\"@id\":\"https:\/\/reginett.ee\/toode\/taimeriiul-puidust-must\/#primaryimage\"},\"image\":{\"@id\":\"https:\/\/reginett.ee\/toode\/taimeriiul-puidust-must\/#primaryimage\"},\"thumbnailUrl\":\"https:\/\/reginett.ee\/wp-content\/uploads\/2026\/04\/Taimeriiul-puidust-must.webp\",\"datePublished\":\"2026-04-14T08:44:13+00:00\",\"description\":\"Puidust taimeriiul on uus hitt! Too oma aeda, r\u00f5dule v\u00f5i terrassile stiili ja praktilisust selle modernse 3-tasandilise puidust riiuliga.\",\"breadcrumb\":{\"@id\":\"https:\/\/reginett.ee\/toode\/taimeriiul-puidust-must\/#breadcrumb\"},\"inLanguage\":\"ru-RU\",\"potentialAction\":[{\"@type\":\"ReadAction\",\"target\":[\"https:\/\/reginett.ee\/toode\/taimeriiul-puidust-must\/\"]}]},{\"@type\":\"ImageObject\",\"inLanguage\":\"ru-RU\",\"@id\":\"https:\/\/reginett.ee\/toode\/taimeriiul-puidust-must\/#primaryimage\",\"url\":\"https:\/\/reginett.ee\/wp-content\/uploads\/2026\/04\/Taimeriiul-puidust-must.webp\",\"contentUrl\":\"https:\/\/reginett.ee\/wp-content\/uploads\/2026\/04\/Taimeriiul-puidust-must.webp\",\"width\":680,\"height\":372,\"caption\":\"Taimeriiul puidust must\"},{\"@type\":\"BreadcrumbList\",\"@id\":\"https:\/\/reginett.ee\/toode\/taimeriiul-puidust-must\/#breadcrumb\",\"itemListElement\":[{\"@type\":\"ListItem\",\"position\":1,\"name\":\"Home\",\"item\":\"https:\/\/reginett.ee\/ru\/\"},{\"@type\":\"ListItem\",\"position\":2,\"name\":\"Tooted\",\"item\":\"https:\/\/reginett.ee\/tooted\/\"},{\"@type\":\"ListItem\",\"position\":3,\"name\":\"Taimeriiul puidust 3-astmeline must UUS!\"}]},{\"@type\":\"WebSite\",\"@id\":\"https:\/\/reginett.ee\/#website\",\"url\":\"https:\/\/reginett.ee\/\",\"name\":\"Reginett\",\"description\":\"Parimad robotniidukid\",\"potentialAction\":[{\"@type\":\"SearchAction\",\"target\":{\"@type\":\"EntryPoint\",\"urlTemplate\":\"https:\/\/reginett.ee\/?s={search_term_string}\"},\"query-input\":{\"@type\":\"PropertyValueSpecification\",\"valueRequired\":true,\"valueName\":\"search_term_string\"}}],\"inLanguage\":\"ru-RU\"}]}<\/script>\n<!-- \/ Yoast SEO plugin. -->","yoast_head_json":{"title":"Taimeriiul puidust 3-astmeline must Reginetist","description":"Puidust taimeriiul on uus hitt! Too oma aeda, r\u00f5dule v\u00f5i terrassile stiili ja praktilisust selle modernse 3-tasandilise puidust riiuliga.","robots":{"index":"index","follow":"follow","max-snippet":"max-snippet:-1","max-image-preview":"max-image-preview:large","max-video-preview":"max-video-preview:-1"},"canonical":"https:\/\/reginett.ee\/toode\/taimeriiul-puidust-must\/","og_locale":"ru_RU","og_type":"article","og_title":"Taimeriiul puidust 3-astmeline must Reginetist","og_description":"Puidust taimeriiul on uus hitt! Too oma aeda, r\u00f5dule v\u00f5i terrassile stiili ja praktilisust selle modernse 3-tasandilise puidust riiuliga.","og_url":"https:\/\/reginett.ee\/toode\/taimeriiul-puidust-must\/","og_site_name":"Reginett","og_image":[{"width":680,"height":372,"url":"https:\/\/reginett.ee\/wp-content\/uploads\/2026\/04\/Taimeriiul-puidust-must.webp","type":"image\/webp"}],"twitter_card":"summary_large_image","twitter_misc":{"\u041f\u0440\u0438\u043c\u0435\u0440\u043d\u043e\u0435 \u0432\u0440\u0435\u043c\u044f \u0434\u043b\u044f \u0447\u0442\u0435\u043d\u0438\u044f":"1 \u043c\u0438\u043d\u0443\u0442\u0430"},"schema":{"@context":"https:\/\/schema.org","@graph":[{"@type":"WebPage","@id":"https:\/\/reginett.ee\/toode\/taimeriiul-puidust-must\/","url":"https:\/\/reginett.ee\/toode\/taimeriiul-puidust-must\/","name":"Taimeriiul puidust 3-astmeline must Reginetist","isPartOf":{"@id":"https:\/\/reginett.ee\/#website"},"primaryImageOfPage":{"@id":"https:\/\/reginett.ee\/toode\/taimeriiul-puidust-must\/#primaryimage"},"image":{"@id":"https:\/\/reginett.ee\/toode\/taimeriiul-puidust-must\/#primaryimage"},"thumbnailUrl":"https:\/\/reginett.ee\/wp-content\/uploads\/2026\/04\/Taimeriiul-puidust-must.webp","datePublished":"2026-04-14T08:44:13+00:00","description":"Puidust taimeriiul on uus hitt! Too oma aeda, r\u00f5dule v\u00f5i terrassile stiili ja praktilisust selle modernse 3-tasandilise puidust riiuliga.","breadcrumb":{"@id":"https:\/\/reginett.ee\/toode\/taimeriiul-puidust-must\/#breadcrumb"},"inLanguage":"ru-RU","potentialAction":[{"@type":"ReadAction","target":["https:\/\/reginett.ee\/toode\/taimeriiul-puidust-must\/"]}]},{"@type":"ImageObject","inLanguage":"ru-RU","@id":"https:\/\/reginett.ee\/toode\/taimeriiul-puidust-must\/#primaryimage","url":"https:\/\/reginett.ee\/wp-content\/uploads\/2026\/04\/Taimeriiul-puidust-must.webp","contentUrl":"https:\/\/reginett.ee\/wp-content\/uploads\/2026\/04\/Taimeriiul-puidust-must.webp","width":680,"height":372,"caption":"Taimeriiul puidust must"},{"@type":"BreadcrumbList","@id":"https:\/\/reginett.ee\/toode\/taimeriiul-puidust-must\/#breadcrumb","itemListElement":[{"@type":"ListItem","position":1,"name":"Home","item":"https:\/\/reginett.ee\/ru\/"},{"@type":"ListItem","position":2,"name":"Tooted","item":"https:\/\/reginett.ee\/tooted\/"},{"@type":"ListItem","position":3,"name":"Taimeriiul puidust 3-astmeline must UUS!"}]},{"@type":"WebSite","@id":"https:\/\/reginett.ee\/#website","url":"https:\/\/reginett.ee\/","name":"Reginett","description":"Parimad robotniidukid","potentialAction":[{"@type":"SearchAction","target":{"@type":"EntryPoint","urlTemplate":"https:\/\/reginett.ee\/?s={search_term_string}"},"query-input":{"@type":"PropertyValueSpecification","valueRequired":true,"valueName":"search_term_string"}}],"inLanguage":"ru-RU"}]}},"brands":[],"_links":{"self":[{"href":"https:\/\/reginett.ee\/ru\/wp-json\/wp\/v2\/product\/64032","targetHints":{"allow":["GET"]}}],"collection":[{"href":"https:\/\/reginett.ee\/ru\/wp-json\/wp\/v2\/product"}],"about":[{"href":"https:\/\/reginett.ee\/ru\/wp-json\/wp\/v2\/types\/product"}],"replies":[{"embeddable":true,"href":"https:\/\/reginett.ee\/ru\/wp-json\/wp\/v2\/comments?post=64032"}],"wp:featuredmedia":[{"embeddable":true,"href":"https:\/\/reginett.ee\/ru\/wp-json\/wp\/v2\/media\/64033"}],"wp:attachment":[{"href":"https:\/\/reginett.ee\/ru\/wp-json\/wp\/v2\/media?parent=64032"}],"wp:term":[{"taxonomy":"pwb-brand","embeddable":true,"href":"https:\/\/reginett.ee\/ru\/wp-json\/wp\/v2\/pwb-brand?post=64032"},{"taxonomy":"product_brand","embeddable":true,"href":"https:\/\/reginett.ee\/ru\/wp-json\/wp\/v2\/product_brand?post=64032"},{"taxonomy":"product_cat","embeddable":true,"href":"https:\/\/reginett.ee\/ru\/wp-json\/wp\/v2\/product_cat?post=64032"},{"taxonomy":"product_tag","embeddable":true,"href":"https:\/\/reginett.ee\/ru\/wp-json\/wp\/v2\/product_tag?post=64032"}],"curies":[{"name":"wp","href":"https:\/\/api.w.org\/{rel}","templated":true}]}}