{"id":64023,"date":"2026-04-14T10:58:58","date_gmt":"2026-04-14T07:58:58","guid":{"rendered":"https:\/\/reginett.ee\/?post_type=product&#038;p=64023"},"modified":"2026-04-14T11:05:31","modified_gmt":"2026-04-14T08:05:31","slug":"robotniiduki-maja-puidust-must","status":"publish","type":"product","link":"https:\/\/reginett.ee\/ru\/toode\/robotniiduki-maja-puidust-must\/","title":{"rendered":"Robotniiduki maja puidust must"},"content":{"rendered":"<p><strong>Robotniiduki maja<\/strong>, mis on valmistatud puidust ja on \u00fchtaegu funktsionaalne kui ka n\u00e4eb kaasaegne ning stiilne v\u00e4lja. See elegantne maja kaitseb sinu robotniidukit laadimise ajal otsese p\u00e4ikese ja hoiab \u00fclekuumenemast. Samuti pakub majake robotniidukile varju vihma eest.<\/p>\n<p>Maja k\u00fcljes vahva sildike, kuhu saad oma robotniiduki nime kirja panna. Maja sobib paljudele erinevatele mudelitele.<\/p>\n<p>M\u00f5\u00f5dud:<\/p>\n<p>V\u00e4lism\u00f5\u00f5t: 78.5 x 74 x 52.5 cm<br \/>\nSisem\u00f5\u00f5t: 75 x 66 x 34 cm<br \/>\nPaki m\u00f5\u00f5t: 80 x 40 x 18 cm<\/p>\n<p>&nbsp;<\/p>\n<p>&nbsp;<\/p>\n","protected":false},"excerpt":{"rendered":"<p><strong>Robotniiduki maja<\/strong>, mis on valmistatud puidust ja on \u00fchtaegu funktsionaalne kui ka n\u00e4eb kaasaegne ning stiilne v\u00e4lja. See elegantne maja kaitseb sinu robotniidukit laadimise ajal otsese p\u00e4ikese ja hoiab \u00fclekuumenemast. Samuti pakub majake robotniidukile varju vihma eest.<\/p>\n<p>Maja k\u00fcljes vahva sildike, kuhu saad oma robotniiduki nime kirja panna. Maja sobib paljudele erinevatele mudelitele.<\/p>\n","protected":false},"featured_media":64029,"comment_status":"open","ping_status":"closed","template":"","meta":{"_acf_changed":false,"_et_pb_use_builder":"","_et_pb_old_content":"","_et_gb_content_width":"","inline_featured_image":false},"pwb-brand":[],"product_brand":[],"product_cat":[480,134,231,120],"product_tag":[837,386,835,266,836],"class_list":{"0":"post-64023","1":"product","2":"type-product","3":"status-publish","4":"has-post-thumbnail","6":"product_cat-aiatoo","7":"product_cat-eripakkumised","8":"product_cat-kingiideed","9":"product_cat-robotniidukite-lisatarvikud","10":"product_tag-kate-robotniidukile","11":"product_tag-laadimsijaama-kate","12":"product_tag-maja-robotniidukile","13":"product_tag-robotniiduki-maja","14":"product_tag-robotniiduki-varjualune","15":"product_shipping_class-soodsam-kuller-15-eur","17":"first","18":"instock","19":"sale","20":"shipping-taxable","21":"purchasable","22":"product-type-simple"},"acf":[],"yoast_head":"<!-- This site is optimized with the Yoast SEO plugin v26.6 - https:\/\/yoast.com\/wordpress\/plugins\/seo\/ -->\n<title>Robotniiduki maja puidust must<\/title>\n<meta name=\"description\" content=\"Robotniiduki maja, mis on valmistatud puidust ja on \u00fchtaegu funktsionaalne kui ka n\u00e4eb kaasaegne ning stiilne v\u00e4lja. See elegantne maja kaitseb sinu robo\" \/>\n<meta name=\"robots\" content=\"index, follow, max-snippet:-1, max-image-preview:large, max-video-preview:-1\" \/>\n<link rel=\"canonical\" href=\"https:\/\/reginett.ee\/toode\/robotniiduki-maja-puidust-must\/\" \/>\n<meta property=\"og:locale\" content=\"ru_RU\" \/>\n<meta property=\"og:type\" content=\"article\" \/>\n<meta property=\"og:title\" content=\"Robotniiduki maja puidust must\" \/>\n<meta property=\"og:description\" content=\"Robotniiduki maja, mis on valmistatud puidust ja on \u00fchtaegu funktsionaalne kui ka n\u00e4eb kaasaegne ning stiilne v\u00e4lja. See elegantne maja kaitseb sinu robo\" \/>\n<meta property=\"og:url\" content=\"https:\/\/reginett.ee\/toode\/robotniiduki-maja-puidust-must\/\" \/>\n<meta property=\"og:site_name\" content=\"Reginett\" \/>\n<meta property=\"article:modified_time\" content=\"2026-04-14T08:05:31+00:00\" \/>\n<meta property=\"og:image\" content=\"https:\/\/reginett.ee\/wp-content\/uploads\/2026\/04\/Robotniiduki-maja-puidust-must-Reginett.webp\" \/>\n\t<meta property=\"og:image:width\" content=\"680\" \/>\n\t<meta property=\"og:image:height\" content=\"372\" \/>\n\t<meta property=\"og:image:type\" content=\"image\/webp\" \/>\n<meta name=\"twitter:card\" content=\"summary_large_image\" \/>\n<meta name=\"twitter:label1\" content=\"\u041f\u0440\u0438\u043c\u0435\u0440\u043d\u043e\u0435 \u0432\u0440\u0435\u043c\u044f \u0434\u043b\u044f \u0447\u0442\u0435\u043d\u0438\u044f\" \/>\n\t<meta name=\"twitter:data1\" content=\"1 \u043c\u0438\u043d\u0443\u0442\u0430\" \/>\n<script type=\"application\/ld+json\" class=\"yoast-schema-graph\">{\"@context\":\"https:\/\/schema.org\",\"@graph\":[{\"@type\":\"WebPage\",\"@id\":\"https:\/\/reginett.ee\/toode\/robotniiduki-maja-puidust-must\/\",\"url\":\"https:\/\/reginett.ee\/toode\/robotniiduki-maja-puidust-must\/\",\"name\":\"Robotniiduki maja puidust must\",\"isPartOf\":{\"@id\":\"https:\/\/reginett.ee\/#website\"},\"primaryImageOfPage\":{\"@id\":\"https:\/\/reginett.ee\/toode\/robotniiduki-maja-puidust-must\/#primaryimage\"},\"image\":{\"@id\":\"https:\/\/reginett.ee\/toode\/robotniiduki-maja-puidust-must\/#primaryimage\"},\"thumbnailUrl\":\"https:\/\/reginett.ee\/wp-content\/uploads\/2026\/04\/Robotniiduki-maja-puidust-must-Reginett.webp\",\"datePublished\":\"2026-04-14T07:58:58+00:00\",\"dateModified\":\"2026-04-14T08:05:31+00:00\",\"description\":\"Robotniiduki maja, mis on valmistatud puidust ja on \u00fchtaegu funktsionaalne kui ka n\u00e4eb kaasaegne ning stiilne v\u00e4lja. See elegantne maja kaitseb sinu robo\",\"breadcrumb\":{\"@id\":\"https:\/\/reginett.ee\/toode\/robotniiduki-maja-puidust-must\/#breadcrumb\"},\"inLanguage\":\"ru-RU\",\"potentialAction\":[{\"@type\":\"ReadAction\",\"target\":[\"https:\/\/reginett.ee\/toode\/robotniiduki-maja-puidust-must\/\"]}]},{\"@type\":\"ImageObject\",\"inLanguage\":\"ru-RU\",\"@id\":\"https:\/\/reginett.ee\/toode\/robotniiduki-maja-puidust-must\/#primaryimage\",\"url\":\"https:\/\/reginett.ee\/wp-content\/uploads\/2026\/04\/Robotniiduki-maja-puidust-must-Reginett.webp\",\"contentUrl\":\"https:\/\/reginett.ee\/wp-content\/uploads\/2026\/04\/Robotniiduki-maja-puidust-must-Reginett.webp\",\"width\":680,\"height\":372},{\"@type\":\"BreadcrumbList\",\"@id\":\"https:\/\/reginett.ee\/toode\/robotniiduki-maja-puidust-must\/#breadcrumb\",\"itemListElement\":[{\"@type\":\"ListItem\",\"position\":1,\"name\":\"Home\",\"item\":\"https:\/\/reginett.ee\/ru\/\"},{\"@type\":\"ListItem\",\"position\":2,\"name\":\"Tooted\",\"item\":\"https:\/\/reginett.ee\/tooted\/\"},{\"@type\":\"ListItem\",\"position\":3,\"name\":\"Robotniiduki maja puidust must\"}]},{\"@type\":\"WebSite\",\"@id\":\"https:\/\/reginett.ee\/#website\",\"url\":\"https:\/\/reginett.ee\/\",\"name\":\"Reginett\",\"description\":\"Parimad robotniidukid\",\"potentialAction\":[{\"@type\":\"SearchAction\",\"target\":{\"@type\":\"EntryPoint\",\"urlTemplate\":\"https:\/\/reginett.ee\/?s={search_term_string}\"},\"query-input\":{\"@type\":\"PropertyValueSpecification\",\"valueRequired\":true,\"valueName\":\"search_term_string\"}}],\"inLanguage\":\"ru-RU\"}]}<\/script>\n<!-- \/ Yoast SEO plugin. -->","yoast_head_json":{"title":"Robotniiduki maja puidust must","description":"Robotniiduki maja, mis on valmistatud puidust ja on \u00fchtaegu funktsionaalne kui ka n\u00e4eb kaasaegne ning stiilne v\u00e4lja. See elegantne maja kaitseb sinu robo","robots":{"index":"index","follow":"follow","max-snippet":"max-snippet:-1","max-image-preview":"max-image-preview:large","max-video-preview":"max-video-preview:-1"},"canonical":"https:\/\/reginett.ee\/toode\/robotniiduki-maja-puidust-must\/","og_locale":"ru_RU","og_type":"article","og_title":"Robotniiduki maja puidust must","og_description":"Robotniiduki maja, mis on valmistatud puidust ja on \u00fchtaegu funktsionaalne kui ka n\u00e4eb kaasaegne ning stiilne v\u00e4lja. See elegantne maja kaitseb sinu robo","og_url":"https:\/\/reginett.ee\/toode\/robotniiduki-maja-puidust-must\/","og_site_name":"Reginett","article_modified_time":"2026-04-14T08:05:31+00:00","og_image":[{"width":680,"height":372,"url":"https:\/\/reginett.ee\/wp-content\/uploads\/2026\/04\/Robotniiduki-maja-puidust-must-Reginett.webp","type":"image\/webp"}],"twitter_card":"summary_large_image","twitter_misc":{"\u041f\u0440\u0438\u043c\u0435\u0440\u043d\u043e\u0435 \u0432\u0440\u0435\u043c\u044f \u0434\u043b\u044f \u0447\u0442\u0435\u043d\u0438\u044f":"1 \u043c\u0438\u043d\u0443\u0442\u0430"},"schema":{"@context":"https:\/\/schema.org","@graph":[{"@type":"WebPage","@id":"https:\/\/reginett.ee\/toode\/robotniiduki-maja-puidust-must\/","url":"https:\/\/reginett.ee\/toode\/robotniiduki-maja-puidust-must\/","name":"Robotniiduki maja puidust must","isPartOf":{"@id":"https:\/\/reginett.ee\/#website"},"primaryImageOfPage":{"@id":"https:\/\/reginett.ee\/toode\/robotniiduki-maja-puidust-must\/#primaryimage"},"image":{"@id":"https:\/\/reginett.ee\/toode\/robotniiduki-maja-puidust-must\/#primaryimage"},"thumbnailUrl":"https:\/\/reginett.ee\/wp-content\/uploads\/2026\/04\/Robotniiduki-maja-puidust-must-Reginett.webp","datePublished":"2026-04-14T07:58:58+00:00","dateModified":"2026-04-14T08:05:31+00:00","description":"Robotniiduki maja, mis on valmistatud puidust ja on \u00fchtaegu funktsionaalne kui ka n\u00e4eb kaasaegne ning stiilne v\u00e4lja. See elegantne maja kaitseb sinu robo","breadcrumb":{"@id":"https:\/\/reginett.ee\/toode\/robotniiduki-maja-puidust-must\/#breadcrumb"},"inLanguage":"ru-RU","potentialAction":[{"@type":"ReadAction","target":["https:\/\/reginett.ee\/toode\/robotniiduki-maja-puidust-must\/"]}]},{"@type":"ImageObject","inLanguage":"ru-RU","@id":"https:\/\/reginett.ee\/toode\/robotniiduki-maja-puidust-must\/#primaryimage","url":"https:\/\/reginett.ee\/wp-content\/uploads\/2026\/04\/Robotniiduki-maja-puidust-must-Reginett.webp","contentUrl":"https:\/\/reginett.ee\/wp-content\/uploads\/2026\/04\/Robotniiduki-maja-puidust-must-Reginett.webp","width":680,"height":372},{"@type":"BreadcrumbList","@id":"https:\/\/reginett.ee\/toode\/robotniiduki-maja-puidust-must\/#breadcrumb","itemListElement":[{"@type":"ListItem","position":1,"name":"Home","item":"https:\/\/reginett.ee\/ru\/"},{"@type":"ListItem","position":2,"name":"Tooted","item":"https:\/\/reginett.ee\/tooted\/"},{"@type":"ListItem","position":3,"name":"Robotniiduki maja puidust must"}]},{"@type":"WebSite","@id":"https:\/\/reginett.ee\/#website","url":"https:\/\/reginett.ee\/","name":"Reginett","description":"Parimad robotniidukid","potentialAction":[{"@type":"SearchAction","target":{"@type":"EntryPoint","urlTemplate":"https:\/\/reginett.ee\/?s={search_term_string}"},"query-input":{"@type":"PropertyValueSpecification","valueRequired":true,"valueName":"search_term_string"}}],"inLanguage":"ru-RU"}]}},"brands":[],"_links":{"self":[{"href":"https:\/\/reginett.ee\/ru\/wp-json\/wp\/v2\/product\/64023","targetHints":{"allow":["GET"]}}],"collection":[{"href":"https:\/\/reginett.ee\/ru\/wp-json\/wp\/v2\/product"}],"about":[{"href":"https:\/\/reginett.ee\/ru\/wp-json\/wp\/v2\/types\/product"}],"replies":[{"embeddable":true,"href":"https:\/\/reginett.ee\/ru\/wp-json\/wp\/v2\/comments?post=64023"}],"wp:featuredmedia":[{"embeddable":true,"href":"https:\/\/reginett.ee\/ru\/wp-json\/wp\/v2\/media\/64029"}],"wp:attachment":[{"href":"https:\/\/reginett.ee\/ru\/wp-json\/wp\/v2\/media?parent=64023"}],"wp:term":[{"taxonomy":"pwb-brand","embeddable":true,"href":"https:\/\/reginett.ee\/ru\/wp-json\/wp\/v2\/pwb-brand?post=64023"},{"taxonomy":"product_brand","embeddable":true,"href":"https:\/\/reginett.ee\/ru\/wp-json\/wp\/v2\/product_brand?post=64023"},{"taxonomy":"product_cat","embeddable":true,"href":"https:\/\/reginett.ee\/ru\/wp-json\/wp\/v2\/product_cat?post=64023"},{"taxonomy":"product_tag","embeddable":true,"href":"https:\/\/reginett.ee\/ru\/wp-json\/wp\/v2\/product_tag?post=64023"}],"curies":[{"name":"wp","href":"https:\/\/api.w.org\/{rel}","templated":true}]}}