{"id":64007,"date":"2026-04-14T10:16:25","date_gmt":"2026-04-14T07:16:25","guid":{"rendered":"https:\/\/reginett.ee\/?post_type=product&#038;p=64007"},"modified":"2026-04-14T10:30:17","modified_gmt":"2026-04-14T07:30:17","slug":"robotniiduk-gardena-gardena-smart-sileno-sense-400m2","status":"publish","type":"product","link":"https:\/\/reginett.ee\/ru\/toode\/robotniiduk-gardena-gardena-smart-sileno-sense-400m2\/","title":{"rendered":"Robotniiduk Gardena Gardena smart Sileno sense 400m2"},"content":{"rendered":"<p>Robotniiduk <strong>Gardena Gardena smart Sileno sense 400m2 <\/strong>on uus kaablivaba robotniiduk, mis \u00fchendab endas lihtsa seadistamise ja t\u00e4psed niitmistulemused, millel on piirdejuhtmevaba tehnoloogia*, Trim-to-Edge, objektituvastus ja LONA\u2122 intelligentsus*.<\/p>\n<h4>Piirdekaablivaba* probleemideta niitmiseks<\/h4>\n<p>Valmis vaevata niitmiseks \u2013 t\u00e4nu lihtsale seadistamisele ilma lisavarustuseta, komplekt. Robotmuruniiduk tuvastab servad automaatselt oma sisseehitatud kaamera ja n\u00e4gemise AI abil. Koos satelliidip\u00f5hise navigatsiooniga m\u00e4\u00e4ratleb see virtuaalse piiri, mis sobib kuni 400 m\u00b2 suurustele aedadele. Privaatsuse kaitsmiseks j\u00e4\u00e4vad k\u00f5ik kaamerasalvestised niidukile ja keegi ei p\u00e4\u00e4se neile ligi v\u00e4ljastpoolt ega pilve kaudu.<\/p>\n<h4>Trim-to-Edge t\u00e4pne niitmine<\/h4>\n<p>Sisseehitatud kaamera ja tehisintellekti tehnoloogia abil l\u00f5ikab niiduk \u00f5igesti m\u00f6\u00f6da servi, et luua terav ja poleeritud muru. Terad on paigutatud niiduki tagumisse ossa, et suurendada nii inimeste kui ka loomade ohutust. Niipea, kui robotniiduk j\u00f5uab seina v\u00f5i aiani, teeb see t\u00e4isp\u00f6\u00f6rde \u00fcmber serva. See p\u00f6\u00f6rlemine v\u00f5imaldab sellel j\u00f5uda isegi tugevate servade l\u00e4hedal kasvava muruni.<\/p>\n<h4>Usaldusv\u00e4\u00e4rne niitmine smart objektituvastusega<\/h4>\n<p>Esemed v\u00f5ivad murule j\u00e4\u00e4da, kuid sisseehitatud objektituvastusega tuvastab robotmuruniiduk smart SILENO sense need takistused usaldusv\u00e4\u00e4rselt \u00e4ra ja v\u00e4ldib neid, j\u00e4tkates samal ajal lehtede ja muude orgaaniliste materjalide niitmist. K\u00f5ik kaamerasalvestised j\u00e4\u00e4vad niidukile ja neile ei p\u00e4\u00e4se ligi keegi v\u00e4ljastpoolt ega pilve kaudu.<\/p>\n<h4>Kohanduv muruniitmine LONA\u2122 Intelligence* ja GARDENA-toega*<\/h4>\n<p>M\u00f5istab muru ja hoolitseb selle eest automaatselt: robotmuruniiduk smart SILENO sense kaardistab teie muru virtuaalsed piirid, kasutades tehisintellektil p\u00f5hinevat LONA\u2122 Intelligence tehnoloogiat. See h\u00f5lmab selliseid funktsioone nagu aia kaardistamine ja tsoonide haldamine, mis v\u00f5imaldavad teil muru minimaalse vaevaga hallata ja hooldada. GARDENA abiga m\u00f5istame me muru vajadusi, kasutades selliseid andmeid nagu ilm ja kasvumustrid \u2013 kohandades niitmisgraafikuid automaatselt, v\u00e4listades vajaduse k\u00e4sitsi sekkumise j\u00e4rele.<\/p>\n<h4>Smart SILENO sense v\u00f5imaldab veelgi rohkem<\/h4>\n<p>T\u00e4nu kohandatavatele niitmismustritele saab valida ebakorrap\u00e4raseid ja paralleelseid niitmisstiile, et saavutada just teile sobiv muru viimistlus. EasyApp Controli abil saab niidukit nutitelefoni v\u00f5i tahvelarvuti abil juhtida k\u00f5ikjalt. Ebatasasel maastikul tagab Slope Performance usaldusv\u00e4\u00e4rse niitmise kuni 25% kallakutel. Pro-Silent t\u00f6\u00f6 muudab selle oma klassi \u00fcheks vaikseimaks niidukiks. T\u00e4nu veekindlale disainile saab niidukit aiavooliku abil h\u00f5lpsalt puhastada. Kohandatav l\u00f5ikek\u00f5rgus v\u00f5imaldab muru pikkust reguleerida.<\/p>\n<p>Smart SILENO sense&#8217;i kasutamiseks on vaja kogu aias levivat mobiilsidev\u00f5rku v\u00f5i WiFi-\u00fchendust interneti\u00fchendusega, GPS-vastuv\u00f5ttu (GNSS &#8212; globaalne navigatsioonisatelliitide s\u00fcsteem) ja GARDENA smart rakendust. T\u00f6\u00f6tamiseks on vajalik p\u00e4evavalgus. Internetip\u00f5hise GARDENA smart rakenduse kasutamiseks (soovitatav on kasutada nutitelefonis v\u00f5i tahvelarvutis, millel on iOS17\/Android 9 v\u00f5i uuem) on vaja k\u00f5igepealt registreeruda veebis ja luua kasutajakonto meie kontsernis Husqvarna Group. Lisaks on vaja n\u00f5ustuda meie tingimustega GARDENA smart rakenduses, mis on saadaval aadressil www.gardena.com\/smartapp-terms. Teavet isikuandmete t\u00f6\u00f6tlemise kohta GARDENA smart rakenduse kasutamisel leiate meie privaatsusteatisest, mis on saadaval aadressil www.gardena.com\/smartapp-privacy.<\/p>\n<p>&nbsp;<\/p>\n<ul>\n<li>Ei mingeid juhtmeid, antenne, signaali\u00fclekandeid ega varjatud kulusid \u2013 sisseehitatud SIM-kaart pakub tasuta eluaegset \u00fchendust.: T\u00e4nu lihtsale paigaldamisele ja kaamera juhitavale servatuvastusele on see koheselt niitmiseks valmis.<\/li>\n<li>T\u00e4pne muruniitmine: Trim-to-Edge \u00e4\u00e4rel\u00f5ikus trimmib tugevad muru\u00e4\u00e4red<\/li>\n<li>Objektide tuvastus: Kaitseb muruniidukit ja \u00fcmbrust, tuvastades k\u00f5vasid esemeid, nagu kivid ja m\u00e4nguasjad.<\/li>\n<li>LONA\u2122 intelligentsus*: Niiduk \u00f5pib, kaardistab ja kohandub \u00fcksikute aedadega, et tagada nutikalt hooldatud muru.<\/li>\n<li>Sisaldab: 1x smart SILENO sense 400 m\u00b2, 1x laadimisjaam<\/li>\n<\/ul>\n<p>&nbsp;<\/p>\n","protected":false},"excerpt":{"rendered":"<p>Robotniiduk <strong>Gardena Gardena smart Sileno sense 400m2 <\/strong>on uus kaablivaba robotniiduk, mis \u00fchendab endas lihtsa seadistamise ja t\u00e4psed niitmistulemused, millel on piirdejuhtmevaba tehnoloogia*, Trim-to-Edge, objektituvastus ja LONA\u2122 intelligentsus*.<\/p>\n","protected":false},"featured_media":64014,"comment_status":"open","ping_status":"closed","template":"","meta":{"_acf_changed":false,"_et_pb_use_builder":"","_et_pb_old_content":"","_et_gb_content_width":"","inline_featured_image":false},"pwb-brand":[718],"product_brand":[],"product_cat":[733,19],"product_tag":[834,833],"class_list":{"0":"post-64007","1":"product","2":"type-product","3":"status-publish","4":"has-post-thumbnail","6":"pwb-brand-gardena","7":"product_cat-gardena","8":"product_cat-robotniidukid","9":"product_tag-kablivaba","10":"product_tag-sense","11":"product_shipping_class-soodsam-kuller-15-eur","13":"first","14":"instock","15":"shipping-taxable","16":"purchasable","17":"product-type-simple"},"acf":[],"yoast_head":"<!-- This site is optimized with the Yoast SEO plugin v26.6 - https:\/\/yoast.com\/wordpress\/plugins\/seo\/ -->\n<title>Robotniiduk Gardena Gardena smart Sileno sense 400m2 kaablita<\/title>\n<meta name=\"description\" content=\"Robotniiduk Gardena Gardena smart Sileno sense 400m2 on uus kaablivaba robotniiduk, mis \u00fchendab endas lihtsa seadistamise ja t\u00e4psed niitmistulemused,\" \/>\n<meta name=\"robots\" content=\"index, follow, max-snippet:-1, max-image-preview:large, max-video-preview:-1\" \/>\n<link rel=\"canonical\" href=\"https:\/\/reginett.ee\/toode\/robotniiduk-gardena-gardena-smart-sileno-sense-400m2\/\" \/>\n<meta property=\"og:locale\" content=\"ru_RU\" \/>\n<meta property=\"og:type\" content=\"article\" \/>\n<meta property=\"og:title\" content=\"Robotniiduk Gardena Gardena smart Sileno sense 400m2 kaablita\" \/>\n<meta property=\"og:description\" content=\"Robotniiduk Gardena Gardena smart Sileno sense 400m2 on uus kaablivaba robotniiduk, mis \u00fchendab endas lihtsa seadistamise ja t\u00e4psed niitmistulemused,\" \/>\n<meta property=\"og:url\" content=\"https:\/\/reginett.ee\/toode\/robotniiduk-gardena-gardena-smart-sileno-sense-400m2\/\" \/>\n<meta property=\"og:site_name\" content=\"Reginett\" \/>\n<meta property=\"article:modified_time\" content=\"2026-04-14T07:30:17+00:00\" \/>\n<meta property=\"og:image\" content=\"https:\/\/reginett.ee\/wp-content\/uploads\/2026\/04\/Robotniiduk-Gardena-Sense-400-Reginett.jpeg\" \/>\n\t<meta property=\"og:image:width\" content=\"2560\" \/>\n\t<meta property=\"og:image:height\" content=\"2560\" \/>\n\t<meta property=\"og:image:type\" content=\"image\/jpeg\" \/>\n<meta name=\"twitter:card\" content=\"summary_large_image\" \/>\n<meta name=\"twitter:label1\" content=\"\u041f\u0440\u0438\u043c\u0435\u0440\u043d\u043e\u0435 \u0432\u0440\u0435\u043c\u044f \u0434\u043b\u044f \u0447\u0442\u0435\u043d\u0438\u044f\" \/>\n\t<meta name=\"twitter:data1\" content=\"3 \u043c\u0438\u043d\u0443\u0442\u044b\" \/>\n<script type=\"application\/ld+json\" class=\"yoast-schema-graph\">{\"@context\":\"https:\/\/schema.org\",\"@graph\":[{\"@type\":\"WebPage\",\"@id\":\"https:\/\/reginett.ee\/toode\/robotniiduk-gardena-gardena-smart-sileno-sense-400m2\/\",\"url\":\"https:\/\/reginett.ee\/toode\/robotniiduk-gardena-gardena-smart-sileno-sense-400m2\/\",\"name\":\"Robotniiduk Gardena Gardena smart Sileno sense 400m2 kaablita\",\"isPartOf\":{\"@id\":\"https:\/\/reginett.ee\/#website\"},\"primaryImageOfPage\":{\"@id\":\"https:\/\/reginett.ee\/toode\/robotniiduk-gardena-gardena-smart-sileno-sense-400m2\/#primaryimage\"},\"image\":{\"@id\":\"https:\/\/reginett.ee\/toode\/robotniiduk-gardena-gardena-smart-sileno-sense-400m2\/#primaryimage\"},\"thumbnailUrl\":\"https:\/\/reginett.ee\/wp-content\/uploads\/2026\/04\/Robotniiduk-Gardena-Sense-400-Reginett.jpeg\",\"datePublished\":\"2026-04-14T07:16:25+00:00\",\"dateModified\":\"2026-04-14T07:30:17+00:00\",\"description\":\"Robotniiduk Gardena Gardena smart Sileno sense 400m2 on uus kaablivaba robotniiduk, mis \u00fchendab endas lihtsa seadistamise ja t\u00e4psed niitmistulemused,\",\"breadcrumb\":{\"@id\":\"https:\/\/reginett.ee\/toode\/robotniiduk-gardena-gardena-smart-sileno-sense-400m2\/#breadcrumb\"},\"inLanguage\":\"ru-RU\",\"potentialAction\":[{\"@type\":\"ReadAction\",\"target\":[\"https:\/\/reginett.ee\/toode\/robotniiduk-gardena-gardena-smart-sileno-sense-400m2\/\"]}]},{\"@type\":\"ImageObject\",\"inLanguage\":\"ru-RU\",\"@id\":\"https:\/\/reginett.ee\/toode\/robotniiduk-gardena-gardena-smart-sileno-sense-400m2\/#primaryimage\",\"url\":\"https:\/\/reginett.ee\/wp-content\/uploads\/2026\/04\/Robotniiduk-Gardena-Sense-400-Reginett.jpeg\",\"contentUrl\":\"https:\/\/reginett.ee\/wp-content\/uploads\/2026\/04\/Robotniiduk-Gardena-Sense-400-Reginett.jpeg\",\"width\":2560,\"height\":2560,\"caption\":\"Gardena Sense 600 R\"},{\"@type\":\"BreadcrumbList\",\"@id\":\"https:\/\/reginett.ee\/toode\/robotniiduk-gardena-gardena-smart-sileno-sense-400m2\/#breadcrumb\",\"itemListElement\":[{\"@type\":\"ListItem\",\"position\":1,\"name\":\"Home\",\"item\":\"https:\/\/reginett.ee\/ru\/\"},{\"@type\":\"ListItem\",\"position\":2,\"name\":\"Tooted\",\"item\":\"https:\/\/reginett.ee\/tooted\/\"},{\"@type\":\"ListItem\",\"position\":3,\"name\":\"Robotniiduk Gardena Gardena smart Sileno sense 400m2\"}]},{\"@type\":\"WebSite\",\"@id\":\"https:\/\/reginett.ee\/#website\",\"url\":\"https:\/\/reginett.ee\/\",\"name\":\"Reginett\",\"description\":\"Parimad robotniidukid\",\"potentialAction\":[{\"@type\":\"SearchAction\",\"target\":{\"@type\":\"EntryPoint\",\"urlTemplate\":\"https:\/\/reginett.ee\/?s={search_term_string}\"},\"query-input\":{\"@type\":\"PropertyValueSpecification\",\"valueRequired\":true,\"valueName\":\"search_term_string\"}}],\"inLanguage\":\"ru-RU\"}]}<\/script>\n<!-- \/ Yoast SEO plugin. -->","yoast_head_json":{"title":"Robotniiduk Gardena Gardena smart Sileno sense 400m2 kaablita","description":"Robotniiduk Gardena Gardena smart Sileno sense 400m2 on uus kaablivaba robotniiduk, mis \u00fchendab endas lihtsa seadistamise ja t\u00e4psed niitmistulemused,","robots":{"index":"index","follow":"follow","max-snippet":"max-snippet:-1","max-image-preview":"max-image-preview:large","max-video-preview":"max-video-preview:-1"},"canonical":"https:\/\/reginett.ee\/toode\/robotniiduk-gardena-gardena-smart-sileno-sense-400m2\/","og_locale":"ru_RU","og_type":"article","og_title":"Robotniiduk Gardena Gardena smart Sileno sense 400m2 kaablita","og_description":"Robotniiduk Gardena Gardena smart Sileno sense 400m2 on uus kaablivaba robotniiduk, mis \u00fchendab endas lihtsa seadistamise ja t\u00e4psed niitmistulemused,","og_url":"https:\/\/reginett.ee\/toode\/robotniiduk-gardena-gardena-smart-sileno-sense-400m2\/","og_site_name":"Reginett","article_modified_time":"2026-04-14T07:30:17+00:00","og_image":[{"width":2560,"height":2560,"url":"https:\/\/reginett.ee\/wp-content\/uploads\/2026\/04\/Robotniiduk-Gardena-Sense-400-Reginett.jpeg","type":"image\/jpeg"}],"twitter_card":"summary_large_image","twitter_misc":{"\u041f\u0440\u0438\u043c\u0435\u0440\u043d\u043e\u0435 \u0432\u0440\u0435\u043c\u044f \u0434\u043b\u044f \u0447\u0442\u0435\u043d\u0438\u044f":"3 \u043c\u0438\u043d\u0443\u0442\u044b"},"schema":{"@context":"https:\/\/schema.org","@graph":[{"@type":"WebPage","@id":"https:\/\/reginett.ee\/toode\/robotniiduk-gardena-gardena-smart-sileno-sense-400m2\/","url":"https:\/\/reginett.ee\/toode\/robotniiduk-gardena-gardena-smart-sileno-sense-400m2\/","name":"Robotniiduk Gardena Gardena smart Sileno sense 400m2 kaablita","isPartOf":{"@id":"https:\/\/reginett.ee\/#website"},"primaryImageOfPage":{"@id":"https:\/\/reginett.ee\/toode\/robotniiduk-gardena-gardena-smart-sileno-sense-400m2\/#primaryimage"},"image":{"@id":"https:\/\/reginett.ee\/toode\/robotniiduk-gardena-gardena-smart-sileno-sense-400m2\/#primaryimage"},"thumbnailUrl":"https:\/\/reginett.ee\/wp-content\/uploads\/2026\/04\/Robotniiduk-Gardena-Sense-400-Reginett.jpeg","datePublished":"2026-04-14T07:16:25+00:00","dateModified":"2026-04-14T07:30:17+00:00","description":"Robotniiduk Gardena Gardena smart Sileno sense 400m2 on uus kaablivaba robotniiduk, mis \u00fchendab endas lihtsa seadistamise ja t\u00e4psed niitmistulemused,","breadcrumb":{"@id":"https:\/\/reginett.ee\/toode\/robotniiduk-gardena-gardena-smart-sileno-sense-400m2\/#breadcrumb"},"inLanguage":"ru-RU","potentialAction":[{"@type":"ReadAction","target":["https:\/\/reginett.ee\/toode\/robotniiduk-gardena-gardena-smart-sileno-sense-400m2\/"]}]},{"@type":"ImageObject","inLanguage":"ru-RU","@id":"https:\/\/reginett.ee\/toode\/robotniiduk-gardena-gardena-smart-sileno-sense-400m2\/#primaryimage","url":"https:\/\/reginett.ee\/wp-content\/uploads\/2026\/04\/Robotniiduk-Gardena-Sense-400-Reginett.jpeg","contentUrl":"https:\/\/reginett.ee\/wp-content\/uploads\/2026\/04\/Robotniiduk-Gardena-Sense-400-Reginett.jpeg","width":2560,"height":2560,"caption":"Gardena Sense 600 R"},{"@type":"BreadcrumbList","@id":"https:\/\/reginett.ee\/toode\/robotniiduk-gardena-gardena-smart-sileno-sense-400m2\/#breadcrumb","itemListElement":[{"@type":"ListItem","position":1,"name":"Home","item":"https:\/\/reginett.ee\/ru\/"},{"@type":"ListItem","position":2,"name":"Tooted","item":"https:\/\/reginett.ee\/tooted\/"},{"@type":"ListItem","position":3,"name":"Robotniiduk Gardena Gardena smart Sileno sense 400m2"}]},{"@type":"WebSite","@id":"https:\/\/reginett.ee\/#website","url":"https:\/\/reginett.ee\/","name":"Reginett","description":"Parimad robotniidukid","potentialAction":[{"@type":"SearchAction","target":{"@type":"EntryPoint","urlTemplate":"https:\/\/reginett.ee\/?s={search_term_string}"},"query-input":{"@type":"PropertyValueSpecification","valueRequired":true,"valueName":"search_term_string"}}],"inLanguage":"ru-RU"}]}},"brands":[{"id":718,"name":"Gardena","slug":"gardena"}],"_links":{"self":[{"href":"https:\/\/reginett.ee\/ru\/wp-json\/wp\/v2\/product\/64007","targetHints":{"allow":["GET"]}}],"collection":[{"href":"https:\/\/reginett.ee\/ru\/wp-json\/wp\/v2\/product"}],"about":[{"href":"https:\/\/reginett.ee\/ru\/wp-json\/wp\/v2\/types\/product"}],"replies":[{"embeddable":true,"href":"https:\/\/reginett.ee\/ru\/wp-json\/wp\/v2\/comments?post=64007"}],"wp:featuredmedia":[{"embeddable":true,"href":"https:\/\/reginett.ee\/ru\/wp-json\/wp\/v2\/media\/64014"}],"wp:attachment":[{"href":"https:\/\/reginett.ee\/ru\/wp-json\/wp\/v2\/media?parent=64007"}],"wp:term":[{"taxonomy":"pwb-brand","embeddable":true,"href":"https:\/\/reginett.ee\/ru\/wp-json\/wp\/v2\/pwb-brand?post=64007"},{"taxonomy":"product_brand","embeddable":true,"href":"https:\/\/reginett.ee\/ru\/wp-json\/wp\/v2\/product_brand?post=64007"},{"taxonomy":"product_cat","embeddable":true,"href":"https:\/\/reginett.ee\/ru\/wp-json\/wp\/v2\/product_cat?post=64007"},{"taxonomy":"product_tag","embeddable":true,"href":"https:\/\/reginett.ee\/ru\/wp-json\/wp\/v2\/product_tag?post=64007"}],"curies":[{"name":"wp","href":"https:\/\/api.w.org\/{rel}","templated":true}]}}