{"id":63888,"date":"2026-03-21T12:47:02","date_gmt":"2026-03-21T09:47:02","guid":{"rendered":"https:\/\/reginett.ee\/?post_type=product&#038;p=63888"},"modified":"2026-03-24T13:12:46","modified_gmt":"2026-03-24T10:12:46","slug":"utv-trapper-freelander-750-uus","status":"publish","type":"product","link":"https:\/\/reginett.ee\/ru\/toode\/utv-trapper-freelander-750-uus\/","title":{"rendered":"UTV Trapper Freelander 750 UUS!"},"content":{"rendered":"<p>Uus <strong>UTV<\/strong> T<strong>rapper Freelander 750 T1b<\/strong>\u00a0on v\u00f5imas ja mitmek\u00fclgne\u00a0<strong>UTV<\/strong>, mis on varustatud vastupidava\u00a0<strong>750 cm\u00b3 4-taktilise mootoriga<\/strong>, mis oskab edukalt toime tulla nii t\u00f6\u00f6\u00fclesannete kui vaba aja seikluste korral. S\u00f5iduk on\u00a0<strong>registreeritud kahe inimese jaoks<\/strong>\u00a0ning maksimaalse\u00a0<strong>kiirusega<\/strong>\u00a0<strong>60 km\/h<\/strong>, sobides ideaalselt nii metsa kui t\u00e4navale.<\/p>\n<p>Freelander 750 standardvarustusse kuuluvad \u00fclimugav\u00a0 <strong>soojendusega kabiin<\/strong>, CVT-\u00fclekanne, 2WD\/4WD veos\u00fcsteem, vints, LED-t\u00fc\u00fcpi tuled, 10\u2033 digitaalne n\u00e4idikupaneel, avanev tuuleklaas, JBL-helis\u00fcsteem, Apple CarPlay ning kallutatav kaubakast.<\/p>\n<p>K\u00f5ik\u00a0<strong>Trapper Freelander<\/strong>\u00a0mudelid on juba standardvarustuses rikkalikult komplekteeritud. Muuhulgas kuuluvad varustusse\u00a0<strong>elektriline vints, haakekuul ning kinnine kabiin koos soojendusega.<\/strong><\/p>\n","protected":false},"excerpt":{"rendered":"<p>Uus <strong>UTV<\/strong> T<strong>rapper Freelander 750 T1b<\/strong>\u00a0on v\u00f5imas ja mitmek\u00fclgne\u00a0<strong>UTV<\/strong>, mis on varustatud vastupidava\u00a0<strong>750 cm\u00b3 4-taktilise mootoriga<\/strong>, mis oskab edukalt toime tulla nii t\u00f6\u00f6\u00fclesannete kui vaba aja seikluste korral. S\u00f5iduk on\u00a0<strong>registreeritud kahe inimese jaoks<\/strong>\u00a0ning maksimaalse\u00a0<strong>kiirusega<\/strong>\u00a0<strong>60 km\/h<\/strong>, sobides ideaalselt nii metsa kui t\u00e4navale.<\/p>\n","protected":false},"featured_media":63889,"comment_status":"open","ping_status":"closed","template":"","meta":{"_acf_changed":false,"_et_pb_use_builder":"","_et_pb_old_content":"","_et_gb_content_width":"","inline_featured_image":false},"pwb-brand":[794],"product_brand":[],"product_cat":[801,134],"product_tag":[797,829,830],"class_list":{"0":"post-63888","1":"product","2":"type-product","3":"status-publish","4":"has-post-thumbnail","6":"pwb-brand-trapper","7":"product_cat-atv-1","8":"product_cat-eripakkumised","9":"product_tag-trapper","10":"product_tag-utv","11":"product_tag-utv-trapper","13":"first","14":"instock","15":"sale","16":"shipping-taxable","17":"purchasable","18":"product-type-simple"},"acf":[],"yoast_head":"<!-- This site is optimized with the Yoast SEO plugin v26.6 - https:\/\/yoast.com\/wordpress\/plugins\/seo\/ -->\n<title>UTV Trapper Freelander 750<\/title>\n<meta name=\"description\" content=\"Uus UTV Trapper Freelander 750 T1b\u00a0on v\u00f5imas ja mitmek\u00fclgne\u00a0UTV, mis on varustatud vastupidava\u00a0750 cm\u00b3 4-taktilise mootoriga, mis oskab edukalt toime tulla\" \/>\n<meta name=\"robots\" content=\"index, follow, max-snippet:-1, max-image-preview:large, max-video-preview:-1\" \/>\n<link rel=\"canonical\" href=\"https:\/\/reginett.ee\/toode\/utv-trapper-freelander-750-uus\/\" \/>\n<meta property=\"og:locale\" content=\"ru_RU\" \/>\n<meta property=\"og:type\" content=\"article\" \/>\n<meta property=\"og:title\" content=\"UTV Trapper Freelander 750\" \/>\n<meta property=\"og:description\" content=\"Uus UTV Trapper Freelander 750 T1b\u00a0on v\u00f5imas ja mitmek\u00fclgne\u00a0UTV, mis on varustatud vastupidava\u00a0750 cm\u00b3 4-taktilise mootoriga, mis oskab edukalt toime tulla\" \/>\n<meta property=\"og:url\" content=\"https:\/\/reginett.ee\/toode\/utv-trapper-freelander-750-uus\/\" \/>\n<meta property=\"og:site_name\" content=\"Reginett\" \/>\n<meta property=\"article:modified_time\" content=\"2026-03-24T10:12:46+00:00\" \/>\n<meta property=\"og:image\" content=\"https:\/\/reginett.ee\/wp-content\/uploads\/2026\/03\/UTV-Trapper-Freelander-750-Reginett.jpg\" \/>\n\t<meta property=\"og:image:width\" content=\"1800\" \/>\n\t<meta property=\"og:image:height\" content=\"1200\" \/>\n\t<meta property=\"og:image:type\" content=\"image\/jpeg\" \/>\n<meta name=\"twitter:card\" content=\"summary_large_image\" \/>\n<meta name=\"twitter:label1\" content=\"\u041f\u0440\u0438\u043c\u0435\u0440\u043d\u043e\u0435 \u0432\u0440\u0435\u043c\u044f \u0434\u043b\u044f \u0447\u0442\u0435\u043d\u0438\u044f\" \/>\n\t<meta name=\"twitter:data1\" content=\"1 \u043c\u0438\u043d\u0443\u0442\u0430\" \/>\n<script type=\"application\/ld+json\" class=\"yoast-schema-graph\">{\"@context\":\"https:\/\/schema.org\",\"@graph\":[{\"@type\":\"WebPage\",\"@id\":\"https:\/\/reginett.ee\/toode\/utv-trapper-freelander-750-uus\/\",\"url\":\"https:\/\/reginett.ee\/toode\/utv-trapper-freelander-750-uus\/\",\"name\":\"UTV Trapper Freelander 750\",\"isPartOf\":{\"@id\":\"https:\/\/reginett.ee\/#website\"},\"primaryImageOfPage\":{\"@id\":\"https:\/\/reginett.ee\/toode\/utv-trapper-freelander-750-uus\/#primaryimage\"},\"image\":{\"@id\":\"https:\/\/reginett.ee\/toode\/utv-trapper-freelander-750-uus\/#primaryimage\"},\"thumbnailUrl\":\"https:\/\/reginett.ee\/wp-content\/uploads\/2026\/03\/UTV-Trapper-Freelander-750-Reginett.jpg\",\"datePublished\":\"2026-03-21T09:47:02+00:00\",\"dateModified\":\"2026-03-24T10:12:46+00:00\",\"description\":\"Uus UTV Trapper Freelander 750 T1b\u00a0on v\u00f5imas ja mitmek\u00fclgne\u00a0UTV, mis on varustatud vastupidava\u00a0750 cm\u00b3 4-taktilise mootoriga, mis oskab edukalt toime tulla\",\"breadcrumb\":{\"@id\":\"https:\/\/reginett.ee\/toode\/utv-trapper-freelander-750-uus\/#breadcrumb\"},\"inLanguage\":\"ru-RU\",\"potentialAction\":[{\"@type\":\"ReadAction\",\"target\":[\"https:\/\/reginett.ee\/toode\/utv-trapper-freelander-750-uus\/\"]}]},{\"@type\":\"ImageObject\",\"inLanguage\":\"ru-RU\",\"@id\":\"https:\/\/reginett.ee\/toode\/utv-trapper-freelander-750-uus\/#primaryimage\",\"url\":\"https:\/\/reginett.ee\/wp-content\/uploads\/2026\/03\/UTV-Trapper-Freelander-750-Reginett.jpg\",\"contentUrl\":\"https:\/\/reginett.ee\/wp-content\/uploads\/2026\/03\/UTV-Trapper-Freelander-750-Reginett.jpg\",\"width\":1800,\"height\":1200,\"caption\":\"UTV Trapper Freelander 750\"},{\"@type\":\"BreadcrumbList\",\"@id\":\"https:\/\/reginett.ee\/toode\/utv-trapper-freelander-750-uus\/#breadcrumb\",\"itemListElement\":[{\"@type\":\"ListItem\",\"position\":1,\"name\":\"Home\",\"item\":\"https:\/\/reginett.ee\/ru\/\"},{\"@type\":\"ListItem\",\"position\":2,\"name\":\"Tooted\",\"item\":\"https:\/\/reginett.ee\/tooted\/\"},{\"@type\":\"ListItem\",\"position\":3,\"name\":\"UTV Trapper Freelander 750 UUS!\"}]},{\"@type\":\"WebSite\",\"@id\":\"https:\/\/reginett.ee\/#website\",\"url\":\"https:\/\/reginett.ee\/\",\"name\":\"Reginett\",\"description\":\"Parimad robotniidukid\",\"potentialAction\":[{\"@type\":\"SearchAction\",\"target\":{\"@type\":\"EntryPoint\",\"urlTemplate\":\"https:\/\/reginett.ee\/?s={search_term_string}\"},\"query-input\":{\"@type\":\"PropertyValueSpecification\",\"valueRequired\":true,\"valueName\":\"search_term_string\"}}],\"inLanguage\":\"ru-RU\"}]}<\/script>\n<!-- \/ Yoast SEO plugin. -->","yoast_head_json":{"title":"UTV Trapper Freelander 750","description":"Uus UTV Trapper Freelander 750 T1b\u00a0on v\u00f5imas ja mitmek\u00fclgne\u00a0UTV, mis on varustatud vastupidava\u00a0750 cm\u00b3 4-taktilise mootoriga, mis oskab edukalt toime tulla","robots":{"index":"index","follow":"follow","max-snippet":"max-snippet:-1","max-image-preview":"max-image-preview:large","max-video-preview":"max-video-preview:-1"},"canonical":"https:\/\/reginett.ee\/toode\/utv-trapper-freelander-750-uus\/","og_locale":"ru_RU","og_type":"article","og_title":"UTV Trapper Freelander 750","og_description":"Uus UTV Trapper Freelander 750 T1b\u00a0on v\u00f5imas ja mitmek\u00fclgne\u00a0UTV, mis on varustatud vastupidava\u00a0750 cm\u00b3 4-taktilise mootoriga, mis oskab edukalt toime tulla","og_url":"https:\/\/reginett.ee\/toode\/utv-trapper-freelander-750-uus\/","og_site_name":"Reginett","article_modified_time":"2026-03-24T10:12:46+00:00","og_image":[{"width":1800,"height":1200,"url":"https:\/\/reginett.ee\/wp-content\/uploads\/2026\/03\/UTV-Trapper-Freelander-750-Reginett.jpg","type":"image\/jpeg"}],"twitter_card":"summary_large_image","twitter_misc":{"\u041f\u0440\u0438\u043c\u0435\u0440\u043d\u043e\u0435 \u0432\u0440\u0435\u043c\u044f \u0434\u043b\u044f \u0447\u0442\u0435\u043d\u0438\u044f":"1 \u043c\u0438\u043d\u0443\u0442\u0430"},"schema":{"@context":"https:\/\/schema.org","@graph":[{"@type":"WebPage","@id":"https:\/\/reginett.ee\/toode\/utv-trapper-freelander-750-uus\/","url":"https:\/\/reginett.ee\/toode\/utv-trapper-freelander-750-uus\/","name":"UTV Trapper Freelander 750","isPartOf":{"@id":"https:\/\/reginett.ee\/#website"},"primaryImageOfPage":{"@id":"https:\/\/reginett.ee\/toode\/utv-trapper-freelander-750-uus\/#primaryimage"},"image":{"@id":"https:\/\/reginett.ee\/toode\/utv-trapper-freelander-750-uus\/#primaryimage"},"thumbnailUrl":"https:\/\/reginett.ee\/wp-content\/uploads\/2026\/03\/UTV-Trapper-Freelander-750-Reginett.jpg","datePublished":"2026-03-21T09:47:02+00:00","dateModified":"2026-03-24T10:12:46+00:00","description":"Uus UTV Trapper Freelander 750 T1b\u00a0on v\u00f5imas ja mitmek\u00fclgne\u00a0UTV, mis on varustatud vastupidava\u00a0750 cm\u00b3 4-taktilise mootoriga, mis oskab edukalt toime tulla","breadcrumb":{"@id":"https:\/\/reginett.ee\/toode\/utv-trapper-freelander-750-uus\/#breadcrumb"},"inLanguage":"ru-RU","potentialAction":[{"@type":"ReadAction","target":["https:\/\/reginett.ee\/toode\/utv-trapper-freelander-750-uus\/"]}]},{"@type":"ImageObject","inLanguage":"ru-RU","@id":"https:\/\/reginett.ee\/toode\/utv-trapper-freelander-750-uus\/#primaryimage","url":"https:\/\/reginett.ee\/wp-content\/uploads\/2026\/03\/UTV-Trapper-Freelander-750-Reginett.jpg","contentUrl":"https:\/\/reginett.ee\/wp-content\/uploads\/2026\/03\/UTV-Trapper-Freelander-750-Reginett.jpg","width":1800,"height":1200,"caption":"UTV Trapper Freelander 750"},{"@type":"BreadcrumbList","@id":"https:\/\/reginett.ee\/toode\/utv-trapper-freelander-750-uus\/#breadcrumb","itemListElement":[{"@type":"ListItem","position":1,"name":"Home","item":"https:\/\/reginett.ee\/ru\/"},{"@type":"ListItem","position":2,"name":"Tooted","item":"https:\/\/reginett.ee\/tooted\/"},{"@type":"ListItem","position":3,"name":"UTV Trapper Freelander 750 UUS!"}]},{"@type":"WebSite","@id":"https:\/\/reginett.ee\/#website","url":"https:\/\/reginett.ee\/","name":"Reginett","description":"Parimad robotniidukid","potentialAction":[{"@type":"SearchAction","target":{"@type":"EntryPoint","urlTemplate":"https:\/\/reginett.ee\/?s={search_term_string}"},"query-input":{"@type":"PropertyValueSpecification","valueRequired":true,"valueName":"search_term_string"}}],"inLanguage":"ru-RU"}]}},"brands":[{"id":794,"name":"Trapper","slug":"trapper"}],"_links":{"self":[{"href":"https:\/\/reginett.ee\/ru\/wp-json\/wp\/v2\/product\/63888","targetHints":{"allow":["GET"]}}],"collection":[{"href":"https:\/\/reginett.ee\/ru\/wp-json\/wp\/v2\/product"}],"about":[{"href":"https:\/\/reginett.ee\/ru\/wp-json\/wp\/v2\/types\/product"}],"replies":[{"embeddable":true,"href":"https:\/\/reginett.ee\/ru\/wp-json\/wp\/v2\/comments?post=63888"}],"wp:featuredmedia":[{"embeddable":true,"href":"https:\/\/reginett.ee\/ru\/wp-json\/wp\/v2\/media\/63889"}],"wp:attachment":[{"href":"https:\/\/reginett.ee\/ru\/wp-json\/wp\/v2\/media?parent=63888"}],"wp:term":[{"taxonomy":"pwb-brand","embeddable":true,"href":"https:\/\/reginett.ee\/ru\/wp-json\/wp\/v2\/pwb-brand?post=63888"},{"taxonomy":"product_brand","embeddable":true,"href":"https:\/\/reginett.ee\/ru\/wp-json\/wp\/v2\/product_brand?post=63888"},{"taxonomy":"product_cat","embeddable":true,"href":"https:\/\/reginett.ee\/ru\/wp-json\/wp\/v2\/product_cat?post=63888"},{"taxonomy":"product_tag","embeddable":true,"href":"https:\/\/reginett.ee\/ru\/wp-json\/wp\/v2\/product_tag?post=63888"}],"curies":[{"name":"wp","href":"https:\/\/api.w.org\/{rel}","templated":true}]}}