{"id":63872,"date":"2026-03-06T18:59:41","date_gmt":"2026-03-06T15:59:41","guid":{"rendered":"https:\/\/reginett.ee\/?post_type=product&#038;p=63872"},"modified":"2026-03-06T19:01:16","modified_gmt":"2026-03-06T16:01:16","slug":"raider-husqvarna-420tsx-awd","status":"publish","type":"product","link":"https:\/\/reginett.ee\/ru\/toode\/raider-husqvarna-420tsx-awd\/","title":{"rendered":"Raider Husqvarna 420TsX AWD"},"content":{"rendered":"<p><strong>Raider Husqvarna 420TsX AWD<\/strong> on v\u00f5imas neljarattaveoline raider. Varustatud rooliv\u00f5imendi, h\u00fcdraulilise lisaseadme t\u00f5stuki, XChange lisasedame raamiga, LED esitulede, n\u00e4idikubloki ning Bluetooth \u00fchenduvusega. Lisavarustust on v\u00f5imalik vahetada kiiresti ilma t\u00f6\u00f6riistu kasutamata. Lisavarustusena saadaval vasarniiduk, hari, lumepuhur, lumesahk ja palju muud. Suurep\u00e4rane valik kinnisvara haldajatele, spordiv\u00e4ljakute, m\u00f5isade ja hotelle \u00fcmbritsevate suurte haljasalade hooldamiseks. Lisavarustusena saadaval Combi (BioClip\u00ae ja taha v\u00e4ljavise) l\u00f5ikekorpused 103,112 ja 122 cm laiuses.<\/p>\n<p>Kompaktne ja mitmek\u00fclgne Kawasaki mootoriga nelikveoline raider on parim valik kinnisvara- ja haldusteenuste osutamiseks.<\/p>\n<p>L\u00f5ikeorgan ei kuulu komplekti!<\/p>\n<p>&nbsp;<\/p>\n<h3 class=\"ugRU3HGQ uhxFw9Tu uEwECsFM\">Nelivedu (AWD)<\/h3>\n<div aria-live=\"polite\">\n<p class=\"ugRU3HGQ uhxFw9Tu uX34qNS-\">Nelivedu (AWD) kindlustab \u00fchtlase haarduvuse ebatasasel, m\u00e4rjal ja libedal pinnasel ning kallakutel. See tagab usaldusv\u00e4\u00e4rse man\u00f6\u00f6verdusv\u00f5ime ja \u00fchtlase niitmistulemuse isegi keerukates tingimustes. AWD jaotab veoj\u00f5udu automaatselt k\u00f5igi veorataste vahel olenevalt olukorrast ja pinnase seisundist.<\/p>\n<p>&nbsp;<\/p>\n<h3 class=\"ugRU3HGQ uhxFw9Tu uEwECsFM\">Kawasaki FH-seeria<\/h3>\n<div aria-live=\"polite\">\n<p class=\"ugRU3HGQ uhxFw9Tu uX34qNS-\">Kawasaki V-twin, \u00fclaklapp surve\u00f5litusega mootor. Parim v\u00f5imsuse ja p\u00f6\u00f6rdemoment efektiivse k\u00fctuse kasutuse ja v\u00e4hendatud heitgaaside tasemega.<\/p>\n<p>&nbsp;<\/p>\n<h3 class=\"ugRU3HGQ uhxFw9Tu uEwECsFM\">Rooliv\u00f5imendi<\/h3>\n<div aria-live=\"polite\">\n<p class=\"ugRU3HGQ uhxFw9Tu uX34qNS-\">Rooliv\u00f5imendi muudab Husqvarna 420TsX AWD raideriga s\u00f5itmise pingevabamaks ja mugavamaks, kuna rooli juhtimiseks on vaja kasutada v\u00e4hem j\u00f5udu.<\/p>\n<p>&nbsp;<\/p>\n<h3 class=\"ugRU3HGQ uhxFw9Tu uEwECsFM\">N\u00e4idikute paneel<\/h3>\n<div aria-live=\"polite\">\n<p class=\"ugRU3HGQ uhxFw9Tu uX34qNS-\">H\u00f5lpsalt kasutatav kasutajaliidese ekraan pakub reaalajas andmeid ja juhiseid visuaalsete s\u00fcmbolite ning hoiatushelide kaudu, et h\u00f5lbustada juhi t\u00f6\u00f6d<\/p>\n<p>&nbsp;<\/p>\n<h3 class=\"ugRU3HGQ uhxFw9Tu uEwECsFM\">Topelt LED esituld tagavad parema n\u00e4htavuse.<\/h3>\n<div aria-live=\"polite\">\n<p class=\"ugRU3HGQ uhxFw9Tu uX34qNS-\">Topelt LED esituled v\u00f5imaldavad efektiivsemalt t\u00f6\u00f6tada ka pimedamal ajal. Valgustavad nii l\u00e4hedale, kui ka kaugele.<\/p>\n<p>&nbsp;<\/p>\n<h3 class=\"ugRU3HGQ uhxFw9Tu uEwECsFM\">BioClip\u00ae<\/h3>\n<div aria-live=\"polite\">\n<p class=\"ugRU3HGQ uhxFw9Tu uX34qNS-\">BioClip\u00ae (mult\u0161imine) l\u00f5ikab muru peeneks massiks, mis laguneb kiiresti ja muutub looduslikuks v\u00e4etiseks, pakkudes suurep\u00e4raseid tulemusi sageli niidetavatel aladel.<\/p>\n<p>&nbsp;<\/p>\n<h3 class=\"ugRU3HGQ uhxFw9Tu uEwECsFM\">Pedaaljuhtimisega h\u00fcdrostaatiline \u00fclekanne<\/h3>\n<div aria-live=\"polite\">\n<p class=\"ugRU3HGQ uhxFw9Tu uX34qNS-\">S\u00f5idusuunda ja -kiirust reguleeritakse pedaalidega, t\u00e4nu millele on m\u00f5lemad k\u00e4ed vabad rooli keeramiseks.<\/p>\n<p>&nbsp;<\/p>\n<h3 class=\"ugRU3HGQ uhxFw9Tu uEwECsFM\">Maapinda kopeeriv tagasild<\/h3>\n<div aria-live=\"polite\">\n<p class=\"ugRU3HGQ uhxFw9Tu uX34qNS-\">Maapinda kopeeriv tagasild tagab parimad s\u00f5iduomadused ka ebatasasel pinnal.<\/p>\n<h3><\/h3>\n<h3 class=\"ugRU3HGQ uhxFw9Tu uEwECsFM\">Reguleeritav rool<\/h3>\n<div aria-live=\"polite\">\n<p class=\"ugRU3HGQ uhxFw9Tu uX34qNS-\">Teleskoopiline roolisammas tagab mugavima juhiasendi.<\/p>\n<p>&nbsp;<\/p>\n<h3 class=\"ugRU3HGQ uhxFw9Tu uEwECsFM\">H\u00fcdrauliline lisaseadme t\u00f5stuk<\/h3>\n<p>H\u00fcdrauliline l\u00f5ikeseadme t\u00f5stuk lisab t\u00e4psust ja kontrolli. L\u00f5iketerad k\u00e4ivituvad automaatselt l\u00f5ikosa langetamisel.<\/p>\n<div aria-live=\"polite\">\n<h3 class=\"ugRU3HGQ uhxFw9Tu uEwECsFM\">H\u00f5lpsalt kasutatav niiduk\u00f5rguse seadistamise hoob<\/h3>\n<div aria-live=\"polite\">\n<p class=\"ugRU3HGQ uhxFw9Tu uX34qNS-\">Niiduk\u00f5rgust saab seadistada juhiistmelt, seega on niiduk\u00f5rgust v\u00f5imalik reguleerida ka niitmise ajal.<\/p>\n<\/div>\n<p class=\"ugRU3HGQ uhxFw9Tu uX34qNS-\">rauliline l\u00f5ikeseadme t\u00f5stuk lisab t\u00e4psust ja kontrolli. L\u00f5iketerad k\u00e4ivituvad automaatselt l\u00f5ikosa langetamisel.<\/p>\n<p>&nbsp;<\/p>\n<\/div>\n<\/div>\n<\/div>\n<\/div>\n<\/div>\n<\/div>\n<\/div>\n<p><a href=\"https:\/\/www.husqvarna.com\/ee\/raiderid\/r420tsx-awd\/\">R\u202f420TsX AWD | Husqvarna EE<\/a><\/p>\n<\/div>\n<\/div>\n<\/div>\n","protected":false},"excerpt":{"rendered":"<p>Raider Husqvarna 420TsX AWD on v\u00f5imas neljarattaveoline raider. Varustatud rooliv\u00f5imendi, h\u00fcdraulilise lisaseadme t\u00f5stuki, XChange lisasedame raamiga, LED esitulede, n\u00e4idikubloki ning Bluetooth \u00fchenduvusega. Lisavarustust on v\u00f5imalik vahetada kiiresti ilma t\u00f6\u00f6riistu kasutamata. Lisavarustusena saadaval vasarniiduk, hari, lumepuhur, lumesahk ja palju muud. Suurep\u00e4rane valik kinnisvara haldajatele, spordiv\u00e4ljakute, m\u00f5isade ja hotelle \u00fcmbritsevate suurte haljasalade hooldamiseks. Lisavarustusena saadaval Combi (BioClip\u00ae [&hellip;]<\/p>\n","protected":false},"featured_media":53801,"comment_status":"open","ping_status":"closed","template":"","meta":{"_acf_changed":false,"_et_pb_use_builder":"","_et_pb_old_content":"","_et_gb_content_width":"","inline_featured_image":false},"pwb-brand":[147],"product_brand":[],"product_cat":[56],"product_tag":[828],"class_list":{"0":"post-63872","1":"product","2":"type-product","3":"status-publish","4":"has-post-thumbnail","6":"pwb-brand-husqvarna","7":"product_cat-raiderid","8":"product_tag-420tsx-awd","10":"first","11":"instock","12":"shipping-taxable","13":"product-type-simple"},"acf":[],"yoast_head":"<!-- This site is optimized with the Yoast SEO plugin v26.6 - https:\/\/yoast.com\/wordpress\/plugins\/seo\/ -->\n<title>Raider Husqvarna 420TsX AWD - Reginett<\/title>\n<meta name=\"robots\" content=\"index, follow, max-snippet:-1, max-image-preview:large, max-video-preview:-1\" \/>\n<link rel=\"canonical\" href=\"https:\/\/reginett.ee\/toode\/raider-husqvarna-420tsx-awd\/\" \/>\n<meta property=\"og:locale\" content=\"ru_RU\" \/>\n<meta property=\"og:type\" content=\"article\" \/>\n<meta property=\"og:title\" content=\"Raider Husqvarna 420TsX AWD - Reginett\" \/>\n<meta property=\"og:description\" content=\"Raider Husqvarna 420TsX AWD on v\u00f5imas neljarattaveoline raider. Varustatud rooliv\u00f5imendi, h\u00fcdraulilise lisaseadme t\u00f5stuki, XChange lisasedame raamiga, LED esitulede, n\u00e4idikubloki ning Bluetooth \u00fchenduvusega. Lisavarustust on v\u00f5imalik vahetada kiiresti ilma t\u00f6\u00f6riistu kasutamata. Lisavarustusena saadaval vasarniiduk, hari, lumepuhur, lumesahk ja palju muud. Suurep\u00e4rane valik kinnisvara haldajatele, spordiv\u00e4ljakute, m\u00f5isade ja hotelle \u00fcmbritsevate suurte haljasalade hooldamiseks. Lisavarustusena saadaval Combi (BioClip\u00ae [&hellip;]\" \/>\n<meta property=\"og:url\" content=\"https:\/\/reginett.ee\/toode\/raider-husqvarna-420tsx-awd\/\" \/>\n<meta property=\"og:site_name\" content=\"Reginett\" \/>\n<meta property=\"article:modified_time\" content=\"2026-03-06T16:01:16+00:00\" \/>\n<meta property=\"og:image\" content=\"https:\/\/reginett.ee\/wp-content\/uploads\/2021\/03\/Husqvarna-420TsX-AWD-scaled.jpg\" \/>\n\t<meta property=\"og:image:width\" content=\"2560\" \/>\n\t<meta property=\"og:image:height\" content=\"1649\" \/>\n\t<meta property=\"og:image:type\" content=\"image\/jpeg\" \/>\n<meta name=\"twitter:card\" content=\"summary_large_image\" \/>\n<meta name=\"twitter:label1\" content=\"\u041f\u0440\u0438\u043c\u0435\u0440\u043d\u043e\u0435 \u0432\u0440\u0435\u043c\u044f \u0434\u043b\u044f \u0447\u0442\u0435\u043d\u0438\u044f\" \/>\n\t<meta name=\"twitter:data1\" content=\"2 \u043c\u0438\u043d\u0443\u0442\u044b\" \/>\n<script type=\"application\/ld+json\" class=\"yoast-schema-graph\">{\"@context\":\"https:\/\/schema.org\",\"@graph\":[{\"@type\":\"WebPage\",\"@id\":\"https:\/\/reginett.ee\/toode\/raider-husqvarna-420tsx-awd\/\",\"url\":\"https:\/\/reginett.ee\/toode\/raider-husqvarna-420tsx-awd\/\",\"name\":\"Raider Husqvarna 420TsX AWD - Reginett\",\"isPartOf\":{\"@id\":\"https:\/\/reginett.ee\/#website\"},\"primaryImageOfPage\":{\"@id\":\"https:\/\/reginett.ee\/toode\/raider-husqvarna-420tsx-awd\/#primaryimage\"},\"image\":{\"@id\":\"https:\/\/reginett.ee\/toode\/raider-husqvarna-420tsx-awd\/#primaryimage\"},\"thumbnailUrl\":\"https:\/\/reginett.ee\/wp-content\/uploads\/2021\/03\/Husqvarna-420TsX-AWD-scaled.jpg\",\"datePublished\":\"2026-03-06T15:59:41+00:00\",\"dateModified\":\"2026-03-06T16:01:16+00:00\",\"breadcrumb\":{\"@id\":\"https:\/\/reginett.ee\/toode\/raider-husqvarna-420tsx-awd\/#breadcrumb\"},\"inLanguage\":\"ru-RU\",\"potentialAction\":[{\"@type\":\"ReadAction\",\"target\":[\"https:\/\/reginett.ee\/toode\/raider-husqvarna-420tsx-awd\/\"]}]},{\"@type\":\"ImageObject\",\"inLanguage\":\"ru-RU\",\"@id\":\"https:\/\/reginett.ee\/toode\/raider-husqvarna-420tsx-awd\/#primaryimage\",\"url\":\"https:\/\/reginett.ee\/wp-content\/uploads\/2021\/03\/Husqvarna-420TsX-AWD-scaled.jpg\",\"contentUrl\":\"https:\/\/reginett.ee\/wp-content\/uploads\/2021\/03\/Husqvarna-420TsX-AWD-scaled.jpg\",\"width\":2560,\"height\":1649},{\"@type\":\"BreadcrumbList\",\"@id\":\"https:\/\/reginett.ee\/toode\/raider-husqvarna-420tsx-awd\/#breadcrumb\",\"itemListElement\":[{\"@type\":\"ListItem\",\"position\":1,\"name\":\"Home\",\"item\":\"https:\/\/reginett.ee\/ru\/\"},{\"@type\":\"ListItem\",\"position\":2,\"name\":\"Tooted\",\"item\":\"https:\/\/reginett.ee\/tooted\/\"},{\"@type\":\"ListItem\",\"position\":3,\"name\":\"Raider Husqvarna 420TsX AWD\"}]},{\"@type\":\"WebSite\",\"@id\":\"https:\/\/reginett.ee\/#website\",\"url\":\"https:\/\/reginett.ee\/\",\"name\":\"Reginett\",\"description\":\"Parimad robotniidukid\",\"potentialAction\":[{\"@type\":\"SearchAction\",\"target\":{\"@type\":\"EntryPoint\",\"urlTemplate\":\"https:\/\/reginett.ee\/?s={search_term_string}\"},\"query-input\":{\"@type\":\"PropertyValueSpecification\",\"valueRequired\":true,\"valueName\":\"search_term_string\"}}],\"inLanguage\":\"ru-RU\"}]}<\/script>\n<!-- \/ Yoast SEO plugin. -->","yoast_head_json":{"title":"Raider Husqvarna 420TsX AWD - Reginett","robots":{"index":"index","follow":"follow","max-snippet":"max-snippet:-1","max-image-preview":"max-image-preview:large","max-video-preview":"max-video-preview:-1"},"canonical":"https:\/\/reginett.ee\/toode\/raider-husqvarna-420tsx-awd\/","og_locale":"ru_RU","og_type":"article","og_title":"Raider Husqvarna 420TsX AWD - Reginett","og_description":"Raider Husqvarna 420TsX AWD on v\u00f5imas neljarattaveoline raider. Varustatud rooliv\u00f5imendi, h\u00fcdraulilise lisaseadme t\u00f5stuki, XChange lisasedame raamiga, LED esitulede, n\u00e4idikubloki ning Bluetooth \u00fchenduvusega. Lisavarustust on v\u00f5imalik vahetada kiiresti ilma t\u00f6\u00f6riistu kasutamata. Lisavarustusena saadaval vasarniiduk, hari, lumepuhur, lumesahk ja palju muud. Suurep\u00e4rane valik kinnisvara haldajatele, spordiv\u00e4ljakute, m\u00f5isade ja hotelle \u00fcmbritsevate suurte haljasalade hooldamiseks. Lisavarustusena saadaval Combi (BioClip\u00ae [&hellip;]","og_url":"https:\/\/reginett.ee\/toode\/raider-husqvarna-420tsx-awd\/","og_site_name":"Reginett","article_modified_time":"2026-03-06T16:01:16+00:00","og_image":[{"width":2560,"height":1649,"url":"https:\/\/reginett.ee\/wp-content\/uploads\/2021\/03\/Husqvarna-420TsX-AWD-scaled.jpg","type":"image\/jpeg"}],"twitter_card":"summary_large_image","twitter_misc":{"\u041f\u0440\u0438\u043c\u0435\u0440\u043d\u043e\u0435 \u0432\u0440\u0435\u043c\u044f \u0434\u043b\u044f \u0447\u0442\u0435\u043d\u0438\u044f":"2 \u043c\u0438\u043d\u0443\u0442\u044b"},"schema":{"@context":"https:\/\/schema.org","@graph":[{"@type":"WebPage","@id":"https:\/\/reginett.ee\/toode\/raider-husqvarna-420tsx-awd\/","url":"https:\/\/reginett.ee\/toode\/raider-husqvarna-420tsx-awd\/","name":"Raider Husqvarna 420TsX AWD - Reginett","isPartOf":{"@id":"https:\/\/reginett.ee\/#website"},"primaryImageOfPage":{"@id":"https:\/\/reginett.ee\/toode\/raider-husqvarna-420tsx-awd\/#primaryimage"},"image":{"@id":"https:\/\/reginett.ee\/toode\/raider-husqvarna-420tsx-awd\/#primaryimage"},"thumbnailUrl":"https:\/\/reginett.ee\/wp-content\/uploads\/2021\/03\/Husqvarna-420TsX-AWD-scaled.jpg","datePublished":"2026-03-06T15:59:41+00:00","dateModified":"2026-03-06T16:01:16+00:00","breadcrumb":{"@id":"https:\/\/reginett.ee\/toode\/raider-husqvarna-420tsx-awd\/#breadcrumb"},"inLanguage":"ru-RU","potentialAction":[{"@type":"ReadAction","target":["https:\/\/reginett.ee\/toode\/raider-husqvarna-420tsx-awd\/"]}]},{"@type":"ImageObject","inLanguage":"ru-RU","@id":"https:\/\/reginett.ee\/toode\/raider-husqvarna-420tsx-awd\/#primaryimage","url":"https:\/\/reginett.ee\/wp-content\/uploads\/2021\/03\/Husqvarna-420TsX-AWD-scaled.jpg","contentUrl":"https:\/\/reginett.ee\/wp-content\/uploads\/2021\/03\/Husqvarna-420TsX-AWD-scaled.jpg","width":2560,"height":1649},{"@type":"BreadcrumbList","@id":"https:\/\/reginett.ee\/toode\/raider-husqvarna-420tsx-awd\/#breadcrumb","itemListElement":[{"@type":"ListItem","position":1,"name":"Home","item":"https:\/\/reginett.ee\/ru\/"},{"@type":"ListItem","position":2,"name":"Tooted","item":"https:\/\/reginett.ee\/tooted\/"},{"@type":"ListItem","position":3,"name":"Raider Husqvarna 420TsX AWD"}]},{"@type":"WebSite","@id":"https:\/\/reginett.ee\/#website","url":"https:\/\/reginett.ee\/","name":"Reginett","description":"Parimad robotniidukid","potentialAction":[{"@type":"SearchAction","target":{"@type":"EntryPoint","urlTemplate":"https:\/\/reginett.ee\/?s={search_term_string}"},"query-input":{"@type":"PropertyValueSpecification","valueRequired":true,"valueName":"search_term_string"}}],"inLanguage":"ru-RU"}]}},"brands":[{"id":147,"name":"Husqvarna","slug":"husqvarna"}],"_links":{"self":[{"href":"https:\/\/reginett.ee\/ru\/wp-json\/wp\/v2\/product\/63872","targetHints":{"allow":["GET"]}}],"collection":[{"href":"https:\/\/reginett.ee\/ru\/wp-json\/wp\/v2\/product"}],"about":[{"href":"https:\/\/reginett.ee\/ru\/wp-json\/wp\/v2\/types\/product"}],"replies":[{"embeddable":true,"href":"https:\/\/reginett.ee\/ru\/wp-json\/wp\/v2\/comments?post=63872"}],"wp:featuredmedia":[{"embeddable":true,"href":"https:\/\/reginett.ee\/ru\/wp-json\/wp\/v2\/media\/53801"}],"wp:attachment":[{"href":"https:\/\/reginett.ee\/ru\/wp-json\/wp\/v2\/media?parent=63872"}],"wp:term":[{"taxonomy":"pwb-brand","embeddable":true,"href":"https:\/\/reginett.ee\/ru\/wp-json\/wp\/v2\/pwb-brand?post=63872"},{"taxonomy":"product_brand","embeddable":true,"href":"https:\/\/reginett.ee\/ru\/wp-json\/wp\/v2\/product_brand?post=63872"},{"taxonomy":"product_cat","embeddable":true,"href":"https:\/\/reginett.ee\/ru\/wp-json\/wp\/v2\/product_cat?post=63872"},{"taxonomy":"product_tag","embeddable":true,"href":"https:\/\/reginett.ee\/ru\/wp-json\/wp\/v2\/product_tag?post=63872"}],"curies":[{"name":"wp","href":"https:\/\/api.w.org\/{rel}","templated":true}]}}