{"id":63815,"date":"2026-02-17T18:44:03","date_gmt":"2026-02-17T15:44:03","guid":{"rendered":"https:\/\/reginett.ee\/?post_type=product&#038;p=63815"},"modified":"2026-02-20T16:19:14","modified_gmt":"2026-02-20T13:19:14","slug":"robotniiduk-husqvarna-automower-410ve-nera-uus","status":"publish","type":"product","link":"https:\/\/reginett.ee\/ru\/toode\/robotniiduk-husqvarna-automower-410ve-nera-uus\/","title":{"rendered":"Robotniiduk Husqvarna Automower\u00ae 410VE NERA UUS!"},"content":{"rendered":"<p><strong>Robotniiduk Husqvarna Automower\u00ae 410VE NERA<\/strong> \u2013 kaablivaba robotniiduk, mis on t\u00e4is uuenduslikke funktsioone ja loodud ideaalsete tulemuste saavutamiseks kuni 1 500 m\u00b2 muruplatsidele. EdgeCuti funktsioon hoiab muru servad niidetuna ning minimeerib trimmerdamisele kuluvat aega ja vaeva. Meie kaasasoleva satelliidip\u00f5hise tehnoloogia abil loodud virtuaalpiirded muudavad paigalduse paindlikuks ja t\u00f6\u00f6kindlaks.<\/p>\n<p>N\u00f5uded:\u200b<br \/>\n&#8212; Vajalik on mobiilside- v\u00f5i Wi-Fi-\u00fchenduse leviala kogu muruplatsi ulatuses. Kui interneti\u00fchendus puudub, saab lisatarvikuna osta Husqvarna EPOS\u00ae RS1 tugijaama.<br \/>\n&#8212; Rakendus Automower\u00ae Connect. Saadaval tasuta AppStore\u2019is ja Google Play\u2019s.<\/p>\n<p>K\u00f5ik saab alguse rakendusest Automower\u00ae Connect, kus saad luua individuaalseid ja kohandatavaid t\u00f6\u00f6alasid koos ajutiste v\u00e4ljaj\u00e4\u00e4vate piirkondadega. Neid saab hiljem h\u00f5lpsalt kohandada, et need sobiksid aiaprojektidega v\u00f5i muruplatsi paigutuse muudatustega kogu hooaja jooksul.<\/p>\n<p>Sisseehitatud kaamera n\u00e4eb murul olevaid takistusi ja tuvastab need t\u00e4iustatud tehisintellekti abil ning tegutseb vastavalt objekti t\u00fc\u00fcbile. T\u00e4nu infrapunavalgusele v\u00e4ldib muruniiduk takistusi, arvestab metsloomadega ja tagab kogu muru katvuse \u2013 isegi \u00f6\u00f6sel. Kuna tehisintellektip\u00f5hine n\u00e4gemistehnoloogia on \u00fchendatud satelliitnavigatsiooniga, on muru t\u00e4ielik katvus tagatud ka n\u00f5rkade satelliidisignaalidega piirkondades.<\/p>\n<p>Valitavate niitmismustrite funktsioon v\u00f5imaldab murul valida triibulise, ruudulise v\u00f5i kolmnurkse mustri ning tagab niidetava ala suuruse kuni 1 500 m\u00b2. Vaibataolise viimistluse jaoks saad valida korrap\u00e4ratu mustri re\u017eiim, niidetava ala suuruseks on sel juhul 1 000 m\u00b2.<\/p>\n<p>Kuidas satelliittehnoloogia t\u00f6\u00f6tab?<br \/>\nM\u00f5ne sentimeetrise t\u00e4psuse saavutamiseks peab niiduk saama parandusandmeid, mis edastatakse Husqvarna pilveteenuse kaudu tasuta. Eelduseks on mobiilside- v\u00f5i Wi-Fi-levi kogu muruplatsi ulatuses. See funktsioon pakub suurep\u00e4rast positsioneerimist\u00e4psust, mis on tavaliselt t\u00e4psem kui 5 cm. Kui mobiilside- v\u00f5i Wi-Fi-levi puudub, saab lisatarvikuna osta Husqvarna EPOS\u00ae RS1 tugijaama. See on eraldiseisev lahendus, mis ei vaja interneti\u00fchendust ja tagab veelgi suurema niiduki asukoha t\u00e4psuse (umbes 2\u20133 cm).<\/p>\n<p>Miks valida Husqvarna?<br \/>\nRohkem kui 30-aastase kogemusega maailma juhtiv robotniidukite tootja, kelle enam kui 4 miljonit klienti on usaldanud oma muru Automower\u00ae robotniiduki hooldada ning seda nii p\u00e4eval kui ka \u00f6\u00f6sel. Tooted on v\u00e4lja t\u00f6\u00f6tatud Rootsis ja valmistatud Euroopas, pakkudes t\u00f6\u00f6kindlust aastast aastasse.<\/p>\n<p>&nbsp;<\/p>\n<h3 class=\"ugRU3HGQ uhxFw9Tu uEwECsFM\">T\u00e4iustatud tehisintellektiga takistuste tuvastamine ja v\u00e4ltimine<\/h3>\n<p>&nbsp;<\/p>\n<div aria-live=\"polite\">\n<p class=\"ugRU3HGQ uhxFw9Tu uX34qNS-\">Sisseehitatud kaamera n\u00e4eb murul olevaid takistusi ja tuvastab need t\u00e4iustatud tehisintellekti abil ning tegutseb vastavalt objekti t\u00fc\u00fcbile. Niiduk v\u00e4ldib takistusi oskuslikult, olenemata sellest, kas tegemist on inimeste, loomade v\u00f5i murule j\u00e4etud m\u00e4nguasjadega. Sel moel j\u00e4\u00e4b \u00e4ra nii ootamatute peatumiste kui ka murul olevate esemete ja niiduki kahjustamise oht.<\/p>\n<p>&nbsp;<\/p>\n<h3 class=\"ugRU3HGQ uhxFw9Tu uEwECsFM\">Katkematu niitmine tehisintellektip\u00f5hise n\u00e4gemistehnoloogiaga<\/h3>\n<p>&nbsp;<\/p>\n<div aria-live=\"polite\">\n<p class=\"ugRU3HGQ uhxFw9Tu uX34qNS-\">Satelliitnavigatsiooni ja tehisintellektip\u00f5hise n\u00e4gemistehnoloogia koost\u00f6\u00f6 tagab muru t\u00e4ieliku katvuse isegi n\u00f5rkade satelliidisignaalidega piirkondades. Niikaua kui niiduk tuvastab enda teel muru, v\u00f5imaldab see tehnoloogia niidukil sujuvalt t\u00f6\u00f6d j\u00e4tkata igasuguse kujuga aias, tagades, et \u00fckski murulapp ei j\u00e4\u00e4ks niitmata.<\/p>\n<p>&nbsp;<\/p>\n<h3 class=\"ugRU3HGQ uhxFw9Tu uEwECsFM\">EdgeCut &#8212; v\u00e4hem trimmerdamist<\/h3>\n<p>&nbsp;<\/p>\n<div aria-live=\"polite\">\n<p class=\"ugRU3HGQ uhxFw9Tu uX34qNS-\">EdgeCut v\u00e4hendab vajadust muru servade trimmerdamiseks, s\u00e4\u00e4stes nii aega ja vaeva. Seda v\u00f5imaldab spetsiaalne tagumine EdgeCut-l\u00f5ikekettas, mis suudab l\u00f5igata nii l\u00e4hedalt servadele, et ainult v\u00e4ikene osa murust j\u00e4\u00e4b l\u00f5ikamata.<\/p>\n<p>&nbsp;<\/p>\n<h3 class=\"ugRU3HGQ uhxFw9Tu uEwECsFM\">Husqvarna EPOS\u00ae tehnoloogia<\/h3>\n<p>&nbsp;<\/p>\n<div aria-live=\"polite\">\n<p class=\"ugRU3HGQ uhxFw9Tu uX34qNS-\">Satelliidip\u00f5hine Husqvarna EPOS\u00ae tehnoloogia (t\u00e4pse asukoha m\u00e4\u00e4ramise operatsioonis\u00fcsteem) tagab sentimeetri t\u00e4psusega m\u00e4\u00e4ramise ja v\u00f5imaldab luua virtuaalpiirdeid. L\u00e4bimurdeline tehnoloogia Automower\u00ae-i robotniidukitele, mis pakub lihtsat ja paindlikku muruhooldust ilma f\u00fc\u00fcsilisi juhtmeid kasutamata. Nii on juhtme purunemise oht v\u00e4listatud.<\/p>\n<p>&nbsp;<\/p>\n<h3 class=\"ugRU3HGQ uhxFw9Tu uEwECsFM\">Elektriline k\u00f5rguse reguleerimine &#8212; PATENDEERITUD<\/h3>\n<div aria-live=\"polite\">\n<p class=\"ugRU3HGQ uhxFw9Tu uX34qNS-\">Elektriline l\u00f5ikek\u00f5rguse reguleerimine muudab soovitud k\u00f5rguse seadistamise Husqvarna Automower\u00ae Connect rakenduse kaudu mugavaks. Seade on juurdep\u00e4\u00e4setav ka niiduki peamen\u00fc\u00fcst.<\/p>\n<p>&nbsp;<\/p>\n<h3 class=\"ugRU3HGQ uhxFw9Tu uEwECsFM\">Automower\u00ae Zone Control<\/h3>\n<div aria-live=\"polite\">\n<p class=\"ugRU3HGQ uhxFw9Tu uX34qNS-\">Automower\u00ae Zone Control v\u00f5imaldab h\u00f5lpsasti luua erinevate seadetega t\u00f6\u00f6alasid ja ajutisi v\u00e4ljaj\u00e4\u00e4vaid piirkondi. See annab parema kontrolli muru \u00fcle, nii et saad rakendada igale alale erinevaid ajakavasid ja takistada robotniidukit valitud aladel niitmast.<\/p>\n<p>&nbsp;<\/p>\n<h3 class=\"ugRU3HGQ uhxFw9Tu uEwECsFM\">Murukasvu sensor<\/h3>\n<p>&nbsp;<\/p>\n<div aria-live=\"polite\">\n<p class=\"ugRU3HGQ uhxFw9Tu uX34qNS-\">Niiduk kohandab oma t\u00f6\u00f6aega vastavalt murukasvule, see t\u00e4hendab seda, et kiirel kasvuperioodil niidab niiduk maksimaalsel v\u00f5imsusel. Kuiva ja p\u00e4ikesepaistelise ilmaga v\u00e4hendab niiduk v\u00f5imsust ning niidab harvem. See funktsioon ei aktiveeru, kui niiduk on seatud s\u00fcsteemsele niitmisele.<\/p>\n<\/div>\n<\/div>\n<\/div>\n<\/div>\n<\/div>\n<\/div>\n<\/div>\n","protected":false},"excerpt":{"rendered":"<p><strong>Robotniiduk Husqvarna Automower\u00ae 410VE NERA<\/strong> \u2013 kaablivaba robotniiduk, mis on t\u00e4is uuenduslikke funktsioone ja loodud ideaalsete tulemuste saavutamiseks kuni 1 500 m\u00b2 muruplatsidele. EdgeCuti funktsioon hoiab muru servad niidetuna ning minimeerib trimmerdamisele kuluvat aega ja vaeva. Meie kaasasoleva satelliidip\u00f5hise tehnoloogia abil loodud virtuaalpiirded muudavad paigalduse paindlikuks ja t\u00f6\u00f6kindlaks.<\/p>\n","protected":false},"featured_media":63818,"comment_status":"open","ping_status":"closed","template":"","meta":{"_acf_changed":false,"_et_pb_use_builder":"","_et_pb_old_content":"","_et_gb_content_width":"","inline_featured_image":false},"pwb-brand":[147],"product_brand":[],"product_cat":[37,19],"product_tag":[827],"class_list":{"0":"post-63815","1":"product","2":"type-product","3":"status-publish","4":"has-post-thumbnail","6":"pwb-brand-husqvarna","7":"product_cat-husqvarna","8":"product_cat-robotniidukid","9":"product_tag-automower-410ve-nera","10":"product_shipping_class-soodsam-kuller-15-eur","12":"first","13":"instock","14":"shipping-taxable","15":"purchasable","16":"product-type-simple"},"acf":[],"yoast_head":"<!-- This site is optimized with the Yoast SEO plugin v26.6 - https:\/\/yoast.com\/wordpress\/plugins\/seo\/ -->\n<title>Robotniiduk Husqvarna Automower\u00ae 410VE NERA<\/title>\n<meta name=\"description\" content=\"Robotniiduk Husqvarna Automower\u00ae 410VE NERA \u2013 kaablivaba robotniiduk, mis on t\u00e4is uuenduslikke funktsioone ja loodud ideaalsete tulemuste saavutamiseks\" \/>\n<meta name=\"robots\" content=\"index, follow, max-snippet:-1, max-image-preview:large, max-video-preview:-1\" \/>\n<link rel=\"canonical\" href=\"https:\/\/reginett.ee\/toode\/robotniiduk-husqvarna-automower-410ve-nera-uus\/\" \/>\n<meta property=\"og:locale\" content=\"ru_RU\" \/>\n<meta property=\"og:type\" content=\"article\" \/>\n<meta property=\"og:title\" content=\"Robotniiduk Husqvarna Automower\u00ae 410VE NERA\" \/>\n<meta property=\"og:description\" content=\"Robotniiduk Husqvarna Automower\u00ae 410VE NERA \u2013 kaablivaba robotniiduk, mis on t\u00e4is uuenduslikke funktsioone ja loodud ideaalsete tulemuste saavutamiseks\" \/>\n<meta property=\"og:url\" content=\"https:\/\/reginett.ee\/toode\/robotniiduk-husqvarna-automower-410ve-nera-uus\/\" \/>\n<meta property=\"og:site_name\" content=\"Reginett\" \/>\n<meta property=\"article:modified_time\" content=\"2026-02-20T13:19:14+00:00\" \/>\n<meta property=\"og:image\" content=\"https:\/\/reginett.ee\/wp-content\/uploads\/2026\/02\/Husqvarna-Automower-410VE-NERA-Reginett-1.webp\" \/>\n\t<meta property=\"og:image:width\" content=\"680\" \/>\n\t<meta property=\"og:image:height\" content=\"372\" \/>\n\t<meta property=\"og:image:type\" content=\"image\/webp\" \/>\n<meta name=\"twitter:card\" content=\"summary_large_image\" \/>\n<meta name=\"twitter:label1\" content=\"\u041f\u0440\u0438\u043c\u0435\u0440\u043d\u043e\u0435 \u0432\u0440\u0435\u043c\u044f \u0434\u043b\u044f \u0447\u0442\u0435\u043d\u0438\u044f\" \/>\n\t<meta name=\"twitter:data1\" content=\"4 \u043c\u0438\u043d\u0443\u0442\u044b\" \/>\n<script type=\"application\/ld+json\" class=\"yoast-schema-graph\">{\"@context\":\"https:\/\/schema.org\",\"@graph\":[{\"@type\":\"WebPage\",\"@id\":\"https:\/\/reginett.ee\/toode\/robotniiduk-husqvarna-automower-410ve-nera-uus\/\",\"url\":\"https:\/\/reginett.ee\/toode\/robotniiduk-husqvarna-automower-410ve-nera-uus\/\",\"name\":\"Robotniiduk Husqvarna Automower\u00ae 410VE NERA\",\"isPartOf\":{\"@id\":\"https:\/\/reginett.ee\/#website\"},\"primaryImageOfPage\":{\"@id\":\"https:\/\/reginett.ee\/toode\/robotniiduk-husqvarna-automower-410ve-nera-uus\/#primaryimage\"},\"image\":{\"@id\":\"https:\/\/reginett.ee\/toode\/robotniiduk-husqvarna-automower-410ve-nera-uus\/#primaryimage\"},\"thumbnailUrl\":\"https:\/\/reginett.ee\/wp-content\/uploads\/2026\/02\/Husqvarna-Automower-410VE-NERA-Reginett-1.webp\",\"datePublished\":\"2026-02-17T15:44:03+00:00\",\"dateModified\":\"2026-02-20T13:19:14+00:00\",\"description\":\"Robotniiduk Husqvarna Automower\u00ae 410VE NERA \u2013 kaablivaba robotniiduk, mis on t\u00e4is uuenduslikke funktsioone ja loodud ideaalsete tulemuste saavutamiseks\",\"breadcrumb\":{\"@id\":\"https:\/\/reginett.ee\/toode\/robotniiduk-husqvarna-automower-410ve-nera-uus\/#breadcrumb\"},\"inLanguage\":\"ru-RU\",\"potentialAction\":[{\"@type\":\"ReadAction\",\"target\":[\"https:\/\/reginett.ee\/toode\/robotniiduk-husqvarna-automower-410ve-nera-uus\/\"]}]},{\"@type\":\"ImageObject\",\"inLanguage\":\"ru-RU\",\"@id\":\"https:\/\/reginett.ee\/toode\/robotniiduk-husqvarna-automower-410ve-nera-uus\/#primaryimage\",\"url\":\"https:\/\/reginett.ee\/wp-content\/uploads\/2026\/02\/Husqvarna-Automower-410VE-NERA-Reginett-1.webp\",\"contentUrl\":\"https:\/\/reginett.ee\/wp-content\/uploads\/2026\/02\/Husqvarna-Automower-410VE-NERA-Reginett-1.webp\",\"width\":680,\"height\":372,\"caption\":\"Husqvarna Automower 410VE NERA\"},{\"@type\":\"BreadcrumbList\",\"@id\":\"https:\/\/reginett.ee\/toode\/robotniiduk-husqvarna-automower-410ve-nera-uus\/#breadcrumb\",\"itemListElement\":[{\"@type\":\"ListItem\",\"position\":1,\"name\":\"Home\",\"item\":\"https:\/\/reginett.ee\/ru\/\"},{\"@type\":\"ListItem\",\"position\":2,\"name\":\"Tooted\",\"item\":\"https:\/\/reginett.ee\/tooted\/\"},{\"@type\":\"ListItem\",\"position\":3,\"name\":\"Robotniiduk Husqvarna Automower\u00ae 410VE NERA UUS!\"}]},{\"@type\":\"WebSite\",\"@id\":\"https:\/\/reginett.ee\/#website\",\"url\":\"https:\/\/reginett.ee\/\",\"name\":\"Reginett\",\"description\":\"Parimad robotniidukid\",\"potentialAction\":[{\"@type\":\"SearchAction\",\"target\":{\"@type\":\"EntryPoint\",\"urlTemplate\":\"https:\/\/reginett.ee\/?s={search_term_string}\"},\"query-input\":{\"@type\":\"PropertyValueSpecification\",\"valueRequired\":true,\"valueName\":\"search_term_string\"}}],\"inLanguage\":\"ru-RU\"}]}<\/script>\n<!-- \/ Yoast SEO plugin. -->","yoast_head_json":{"title":"Robotniiduk Husqvarna Automower\u00ae 410VE NERA","description":"Robotniiduk Husqvarna Automower\u00ae 410VE NERA \u2013 kaablivaba robotniiduk, mis on t\u00e4is uuenduslikke funktsioone ja loodud ideaalsete tulemuste saavutamiseks","robots":{"index":"index","follow":"follow","max-snippet":"max-snippet:-1","max-image-preview":"max-image-preview:large","max-video-preview":"max-video-preview:-1"},"canonical":"https:\/\/reginett.ee\/toode\/robotniiduk-husqvarna-automower-410ve-nera-uus\/","og_locale":"ru_RU","og_type":"article","og_title":"Robotniiduk Husqvarna Automower\u00ae 410VE NERA","og_description":"Robotniiduk Husqvarna Automower\u00ae 410VE NERA \u2013 kaablivaba robotniiduk, mis on t\u00e4is uuenduslikke funktsioone ja loodud ideaalsete tulemuste saavutamiseks","og_url":"https:\/\/reginett.ee\/toode\/robotniiduk-husqvarna-automower-410ve-nera-uus\/","og_site_name":"Reginett","article_modified_time":"2026-02-20T13:19:14+00:00","og_image":[{"width":680,"height":372,"url":"https:\/\/reginett.ee\/wp-content\/uploads\/2026\/02\/Husqvarna-Automower-410VE-NERA-Reginett-1.webp","type":"image\/webp"}],"twitter_card":"summary_large_image","twitter_misc":{"\u041f\u0440\u0438\u043c\u0435\u0440\u043d\u043e\u0435 \u0432\u0440\u0435\u043c\u044f \u0434\u043b\u044f \u0447\u0442\u0435\u043d\u0438\u044f":"4 \u043c\u0438\u043d\u0443\u0442\u044b"},"schema":{"@context":"https:\/\/schema.org","@graph":[{"@type":"WebPage","@id":"https:\/\/reginett.ee\/toode\/robotniiduk-husqvarna-automower-410ve-nera-uus\/","url":"https:\/\/reginett.ee\/toode\/robotniiduk-husqvarna-automower-410ve-nera-uus\/","name":"Robotniiduk Husqvarna Automower\u00ae 410VE NERA","isPartOf":{"@id":"https:\/\/reginett.ee\/#website"},"primaryImageOfPage":{"@id":"https:\/\/reginett.ee\/toode\/robotniiduk-husqvarna-automower-410ve-nera-uus\/#primaryimage"},"image":{"@id":"https:\/\/reginett.ee\/toode\/robotniiduk-husqvarna-automower-410ve-nera-uus\/#primaryimage"},"thumbnailUrl":"https:\/\/reginett.ee\/wp-content\/uploads\/2026\/02\/Husqvarna-Automower-410VE-NERA-Reginett-1.webp","datePublished":"2026-02-17T15:44:03+00:00","dateModified":"2026-02-20T13:19:14+00:00","description":"Robotniiduk Husqvarna Automower\u00ae 410VE NERA \u2013 kaablivaba robotniiduk, mis on t\u00e4is uuenduslikke funktsioone ja loodud ideaalsete tulemuste saavutamiseks","breadcrumb":{"@id":"https:\/\/reginett.ee\/toode\/robotniiduk-husqvarna-automower-410ve-nera-uus\/#breadcrumb"},"inLanguage":"ru-RU","potentialAction":[{"@type":"ReadAction","target":["https:\/\/reginett.ee\/toode\/robotniiduk-husqvarna-automower-410ve-nera-uus\/"]}]},{"@type":"ImageObject","inLanguage":"ru-RU","@id":"https:\/\/reginett.ee\/toode\/robotniiduk-husqvarna-automower-410ve-nera-uus\/#primaryimage","url":"https:\/\/reginett.ee\/wp-content\/uploads\/2026\/02\/Husqvarna-Automower-410VE-NERA-Reginett-1.webp","contentUrl":"https:\/\/reginett.ee\/wp-content\/uploads\/2026\/02\/Husqvarna-Automower-410VE-NERA-Reginett-1.webp","width":680,"height":372,"caption":"Husqvarna Automower 410VE NERA"},{"@type":"BreadcrumbList","@id":"https:\/\/reginett.ee\/toode\/robotniiduk-husqvarna-automower-410ve-nera-uus\/#breadcrumb","itemListElement":[{"@type":"ListItem","position":1,"name":"Home","item":"https:\/\/reginett.ee\/ru\/"},{"@type":"ListItem","position":2,"name":"Tooted","item":"https:\/\/reginett.ee\/tooted\/"},{"@type":"ListItem","position":3,"name":"Robotniiduk Husqvarna Automower\u00ae 410VE NERA UUS!"}]},{"@type":"WebSite","@id":"https:\/\/reginett.ee\/#website","url":"https:\/\/reginett.ee\/","name":"Reginett","description":"Parimad robotniidukid","potentialAction":[{"@type":"SearchAction","target":{"@type":"EntryPoint","urlTemplate":"https:\/\/reginett.ee\/?s={search_term_string}"},"query-input":{"@type":"PropertyValueSpecification","valueRequired":true,"valueName":"search_term_string"}}],"inLanguage":"ru-RU"}]}},"brands":[{"id":147,"name":"Husqvarna","slug":"husqvarna"}],"_links":{"self":[{"href":"https:\/\/reginett.ee\/ru\/wp-json\/wp\/v2\/product\/63815","targetHints":{"allow":["GET"]}}],"collection":[{"href":"https:\/\/reginett.ee\/ru\/wp-json\/wp\/v2\/product"}],"about":[{"href":"https:\/\/reginett.ee\/ru\/wp-json\/wp\/v2\/types\/product"}],"replies":[{"embeddable":true,"href":"https:\/\/reginett.ee\/ru\/wp-json\/wp\/v2\/comments?post=63815"}],"wp:featuredmedia":[{"embeddable":true,"href":"https:\/\/reginett.ee\/ru\/wp-json\/wp\/v2\/media\/63818"}],"wp:attachment":[{"href":"https:\/\/reginett.ee\/ru\/wp-json\/wp\/v2\/media?parent=63815"}],"wp:term":[{"taxonomy":"pwb-brand","embeddable":true,"href":"https:\/\/reginett.ee\/ru\/wp-json\/wp\/v2\/pwb-brand?post=63815"},{"taxonomy":"product_brand","embeddable":true,"href":"https:\/\/reginett.ee\/ru\/wp-json\/wp\/v2\/product_brand?post=63815"},{"taxonomy":"product_cat","embeddable":true,"href":"https:\/\/reginett.ee\/ru\/wp-json\/wp\/v2\/product_cat?post=63815"},{"taxonomy":"product_tag","embeddable":true,"href":"https:\/\/reginett.ee\/ru\/wp-json\/wp\/v2\/product_tag?post=63815"}],"curies":[{"name":"wp","href":"https:\/\/api.w.org\/{rel}","templated":true}]}}