{"id":63767,"date":"2026-02-06T17:51:04","date_gmt":"2026-02-06T14:51:04","guid":{"rendered":"https:\/\/reginett.ee\/?post_type=product&#038;p=63767"},"modified":"2026-02-06T17:52:13","modified_gmt":"2026-02-06T14:52:13","slug":"robotniiduk-husqvarna-automower-312v-uus","status":"publish","type":"product","link":"https:\/\/reginett.ee\/ru\/toode\/robotniiduk-husqvarna-automower-312v-uus\/","title":{"rendered":"Robotniiduk Husqvarna Automower\u00ae 312V UUS!"},"content":{"rendered":"<p><strong>Robotniiduk Husqvarna Automower\u00ae 312V<\/strong> on kaablivaba robotniiduk muruplatsidele kuni 1 200 m\u00b2, pakkudes probleemivaba ja \u00e4\u00e4rmiselt usaldusv\u00e4\u00e4rset muruhooldust. Kaablivaba paigaldus n\u00f5uab Wi-Fi-leviala kogu muruplatsil ning meie kaasasolev satelliidip\u00f5hine tehnoloogia tagab virtuaalse paigalduse paindlikkuse ja t\u00f6\u00f6kindluse.<\/p>\n<p>N\u00f5uded:<br \/>\n&#8212; Vajalik on Wi-Fi-\u00fchenduse leviala kogu muruplatsi ulatuses. Kui Wi-Fi levi puudub, saab lisatarvikuna osta Automower\u00ae Connect komplekti v\u00f5i Husqvarna EPOS\u00ae RS1 Tugijaama, , mille paigaldab Husqvarna edasim\u00fc\u00fcja.<br \/>\n&#8212; Rakendus Automower\u00ae Connect. Saadaval tasuta AppStore\u2019is ja Google Play\u2019s.<\/p>\n<p>K\u00f5ik saab alguse rakendusest Automower\u00ae Connect, kus saad luua individuaalseid ja kohandatavaid t\u00f6\u00f6alasid koos ajutiste v\u00e4ljaj\u00e4\u00e4vate piirkondadega. Neid saab hiljem h\u00f5lpsalt kohandada, et need sobiksid aiaprojektidega v\u00f5i muruplatsi paigutuse muudatustega kogu hooaja jooksul.<\/p>\n<p>Sisseehitatud kaamera kasutab t\u00f6\u00f6tamiseks tehisintellekti murul olevate takistuste tuvastamiseks ja liigitamiseks, tagades, et niiduk v\u00e4ldib kokkup\u00f5rkeid.Lisaks \u00fchendub tehisintellektip\u00f5hine n\u00e4gemistehnoloogia satelliitnavigatsiooniga: kuniks niiduk tuvastab enda ees niidetavat muru, on alati tagatud t\u00e4ielik muru katvus, seda isegi n\u00f5rkade satelliidisignaalidega piirkondades.<\/p>\n<p>Valitavate niitmismustrite funktsioon v\u00f5imaldab murul valida triibulise, ruudulise v\u00f5i kolmnurkse mustri ning tagab niidetava ala suuruse kuni 1 200 m\u00b2. Vaibataolise viimistluse jaoks saad valida korrap\u00e4ratu mustri re\u017eiim, niidetava ala suuruseks on sel juhul 800 m\u00b2.<\/p>\n<p>Kuidas satelliittehnoloogia t\u00f6\u00f6tab?<br \/>\nM\u00f5ne sentimeetrise t\u00e4psuse saavutamiseks peab niiduk saama positsioneerimiseks parandusandmeid, mida pakub Husqvarna Cloud lisatasuta. See n\u00f5uab Wi-Fi leviala kogu niiduala ulatuses ja pakub suurep\u00e4rast positsioneerimist\u00e4psust, mis on tavaliselt parem kui 5 cm. Saate oma aias Wi-Fi leviala kontrollida nutitelefoni abil. Wi-Fi signaali saab parandada, paigutades majas asuva ruuteri l\u00e4hemale aia poole olevale seinale v\u00f5i kasutades v\u00f5rgutarvikuid, nagu Wi-Fi leviala laiendaja v\u00f5i Mesh Wi-Fi s\u00fcsteem. Alternatiivina pakume lisaseadmeid, mida saab osta Husqvarna edasim\u00fc\u00fcjatelt, n\u00e4iteks Automower\u00ae Connect komplekt, mis tekitab robotniidukile mobiilside\u00fchenduse. V\u00f5i Husqvarna EPOS\u00ae RS1 tugijaam, mis on iseseisev lahendus, mis ei vaja interneti\u00fchendust ja pakub veelgi suuremat niiduki positsioneerimise t\u00e4psust (umbes 2\u20133 cm). Need lisaseadmed peab paigaldama Husqvarna edasim\u00fc\u00fcja.<\/p>\n<p><strong>Miks valida Husqvarna?<\/strong><br \/>\nRohkem kui 30-aastase kogemusega maailma juhtiv robotniidukite tootja, kelle enam kui 4 miljonit klienti on usaldanud oma muru Automower\u00ae robotniiduki hooldada ning seda nii p\u00e4eval kui ka \u00f6\u00f6sel. Tooted on v\u00e4lja t\u00f6\u00f6tatud Rootsis ja valmistatud Euroopas, pakkudes t\u00f6\u00f6kindlust aastast aastasse.<\/p>\n<h3 class=\"feature-name ugRU3HGQ uhxFw9Tu ujd3WTBv\">Tehisintellektip\u00f5hine takistuste tuvastamine ja v\u00e4ltimine<\/h3>\n<p class=\"ugRU3HGQ uhxFw9Tu uX34qNS-\">Tehisintellekti ja sisseehitatud kaamera abil tuvastab niiduk oma teele j\u00e4\u00e4vad takistused ja j\u00e4tkab niitmist, kui tegu on k\u00f5rgema muruga, v\u00e4ltides samal ajal teisi tuvastatud objekte. Sel moel j\u00e4\u00e4b \u00e4ra nii ootamatute peatumiste kui ka murul olevate esemete ja niiduki kahjustamise oht.<\/p>\n<h3 class=\"feature-name ugRU3HGQ uhxFw9Tu ujd3WTBv\">Husqvarna EPOS\u00ae tehnoloogia<\/h3>\n<p class=\"ugRU3HGQ uhxFw9Tu uX34qNS-\">Satelliidip\u00f5hine Husqvarna EPOS\u00ae tehnoloogia (t\u00e4pse asukoha m\u00e4\u00e4ramise operatsioonis\u00fcsteem) tagab sentimeetri t\u00e4psusega m\u00e4\u00e4ramise ja v\u00f5imaldab luua virtuaalpiirdeid. L\u00e4bimurdeline tehnoloogia Automower\u00ae-i robotniidukitele, mis pakub lihtsat ja paindlikku muruhooldust ilma f\u00fc\u00fcsilisi juhtmeid kasutamata. Nii on juhtme purunemise oht v\u00e4listatud.<\/p>\n<h3 class=\"feature-name ugRU3HGQ uhxFw9Tu ujd3WTBv\">Katkematu niitmine tehisintellektip\u00f5hise n\u00e4gemistehnoloogiaga<\/h3>\n<p class=\"ugRU3HGQ uhxFw9Tu uX34qNS-\">Satelliitnavigatsiooni ja tehisintellektip\u00f5hise n\u00e4gemistehnoloogia koost\u00f6\u00f6 tagab muru t\u00e4ieliku katvuse isegi n\u00f5rkade satelliidisignaalidega piirkondades. Niikaua kui niiduk tuvastab enda teel muru, v\u00f5imaldab see tehnoloogia niidukil sujuvalt t\u00f6\u00f6d j\u00e4tkata igasuguse kujuga aias, tagades, et \u00fckski murulapp ei j\u00e4\u00e4ks niitmata.<\/p>\n<h3 class=\"feature-name ugRU3HGQ uhxFw9Tu ujd3WTBv\">Niidumustri valik<\/h3>\n<p class=\"ugRU3HGQ uhxFw9Tu uX34qNS-\">Parandage muru visuaalset muljet, muutes aeg-ajalt niidumustrit. T\u00e4nu EPOS\u2122 tehnoloogiale saab robotniiduk s\u00f5ita paralleelsete joontega ja luua erinevaid niitmismustreid, nagu rombid, kolmnurgad ja ruudud.<\/p>\n<h3 class=\"feature-name ugRU3HGQ uhxFw9Tu ujd3WTBv\">Automower\u00ae Zone Control<\/h3>\n<p class=\"ugRU3HGQ uhxFw9Tu uX34qNS-\">Automower\u00ae Zone Control v\u00f5imaldab h\u00f5lpsasti luua erinevate seadetega t\u00f6\u00f6alasid ja ajutisi v\u00e4ljaj\u00e4\u00e4vaid piirkondi. See annab parema kontrolli muru \u00fcle, nii et saad rakendada igale alale erinevaid ajakavasid ja l\u00f5ikek\u00f5rgusi v\u00f5i takistada robotniidukit valitud aladel niitmast.<\/p>\n<h3 class=\"feature-name ugRU3HGQ uhxFw9Tu ujd3WTBv\">Automower\u00ae Connect rakendus<\/h3>\n<p class=\"ugRU3HGQ uhxFw9Tu uX34qNS-\">Naudi rakendusega Automower\u00ae Connectoma nutitelefonist kaugjuhtimispuldi mugavust. Muuhulgas saad hallata ja j\u00e4lgida oma Husqvarna robotniidukit, muuta seadeid ning p\u00e4\u00e4seda h\u00f5lpsasti ligi teabele ja n\u00e4pun\u00e4idetele, mis muudavad muru hooldamise muretuks. S\u00f5ltuvalt mudelist on saadaval mobiilside, Wi-Fi ja Bluetooth \u00fchenduvus.<\/p>\n<h3 class=\"feature-name ugRU3HGQ uhxFw9Tu ujd3WTBv\">Kitsad koridorid<\/h3>\n<p class=\"ugRU3HGQ uhxFw9Tu uX34qNS-\">Husqvarna Automower\u00ae tunnetab t\u00e4nu anduritele isegi kitsaimad koridorid ning l\u00e4bib need t\u00f5rgeteta. Tallamisj\u00e4lgede v\u00e4ltimiseks varieerib ta oma liikumisteed l\u00e4bi koridori.<\/p>\n<h3 class=\"feature-name ugRU3HGQ uhxFw9Tu ujd3WTBv\">GPS s\u00fcsteem<\/h3>\n<p class=\"ugRU3HGQ uhxFw9Tu uX34qNS-\">GPS-abiga navigeerimine tagab sinu aia t\u00e4ieliku katvuse, niites kogu ala \u00fchtlaselt. See alustab aia kaardi loomise s\u00fcsteemiga, mis h\u00f5lmab ka paigaldatud piirde- ja juhtkaableid. Husqvarna Automower\u00ae kohandab seej\u00e4rel oma niitmismustrit vastavalt, et tagada suurep\u00e4rane l\u00f5iketulemus.<\/p>\n<h3 class=\"feature-name ugRU3HGQ uhxFw9Tu ujd3WTBv\">Murukasvu sensor<\/h3>\n<p class=\"ugRU3HGQ uhxFw9Tu uX34qNS-\">Niiduk kohandab oma t\u00f6\u00f6aega vastavalt murukasvule, see t\u00e4hendab seda, et kiirel kasvuperioodil niidab niiduk maksimaalsel v\u00f5imsusel. Kuiva ja p\u00e4ikesepaistelise ilmaga v\u00e4hendab niiduk v\u00f5imsust ning niidab harvem.<\/p>\n","protected":false},"excerpt":{"rendered":"<h3><span style=\"color: #800000;\"><strong>SAABUMAS KEVADEL 2026!<\/strong><\/span><\/h3>\n<p><strong>Robotniiduk Husqvarna Automower\u00ae 312V<\/strong> on kaablivaba robotniiduk muruplatsidele kuni 1 200 m\u00b2, pakkudes probleemivaba ja \u00e4\u00e4rmiselt usaldusv\u00e4\u00e4rset muruhooldust. Kaablivaba paigaldus n\u00f5uab Wi-Fi-leviala kogu muruplatsil ning meie kaasasolev satelliidip\u00f5hine tehnoloogia tagab virtuaalse paigalduse paindlikkuse ja t\u00f6\u00f6kindluse.<\/p>\n","protected":false},"featured_media":63749,"comment_status":"open","ping_status":"closed","template":"","meta":{"_acf_changed":false,"_et_pb_use_builder":"","_et_pb_old_content":"","_et_gb_content_width":"","inline_featured_image":false},"pwb-brand":[147],"product_brand":[],"product_cat":[37,19],"product_tag":[819,512,817],"class_list":{"0":"post-63767","1":"product","2":"type-product","3":"status-publish","4":"has-post-thumbnail","6":"pwb-brand-husqvarna","7":"product_cat-husqvarna","8":"product_cat-robotniidukid","9":"product_tag-automower-312v","10":"product_tag-kaablivaba-robotniiduk","11":"product_tag-parim-robotniiduk","12":"product_shipping_class-soodsam-kuller-15-eur","14":"first","15":"instock","16":"shipping-taxable","17":"purchasable","18":"product-type-simple"},"acf":[],"yoast_head":"<!-- This site is optimized with the Yoast SEO plugin v26.6 - https:\/\/yoast.com\/wordpress\/plugins\/seo\/ -->\n<title>Robotniiduk Husqvarna Automower\u00ae 312V. Parimad robotniidukid<\/title>\n<meta name=\"description\" content=\"Robotniiduk Husqvarna Automower\u00ae 312V on kaablivaba robotniiduk muruplatsidele kuni 1 200 m\u00b2, pakkudes probleemivaba ja \u00e4\u00e4rmiselt usaldusv\u00e4\u00e4rset muruhooldus\" \/>\n<meta name=\"robots\" content=\"index, follow, max-snippet:-1, max-image-preview:large, max-video-preview:-1\" \/>\n<link rel=\"canonical\" href=\"https:\/\/reginett.ee\/toode\/robotniiduk-husqvarna-automower-312v-uus\/\" \/>\n<meta property=\"og:locale\" content=\"ru_RU\" \/>\n<meta property=\"og:type\" content=\"article\" \/>\n<meta property=\"og:title\" content=\"Robotniiduk Husqvarna Automower\u00ae 312V. Parimad robotniidukid\" \/>\n<meta property=\"og:description\" content=\"Robotniiduk Husqvarna Automower\u00ae 312V on kaablivaba robotniiduk muruplatsidele kuni 1 200 m\u00b2, pakkudes probleemivaba ja \u00e4\u00e4rmiselt usaldusv\u00e4\u00e4rset muruhooldus\" \/>\n<meta property=\"og:url\" content=\"https:\/\/reginett.ee\/toode\/robotniiduk-husqvarna-automower-312v-uus\/\" \/>\n<meta property=\"og:site_name\" content=\"Reginett\" \/>\n<meta property=\"article:modified_time\" content=\"2026-02-06T14:52:13+00:00\" \/>\n<meta property=\"og:image\" content=\"https:\/\/reginett.ee\/wp-content\/uploads\/2026\/02\/Robotniiduk-Husqvarna-automower-308V.webp\" \/>\n\t<meta property=\"og:image:width\" content=\"558\" \/>\n\t<meta property=\"og:image:height\" content=\"372\" \/>\n\t<meta property=\"og:image:type\" content=\"image\/webp\" \/>\n<meta name=\"twitter:card\" content=\"summary_large_image\" \/>\n<meta name=\"twitter:label1\" content=\"\u041f\u0440\u0438\u043c\u0435\u0440\u043d\u043e\u0435 \u0432\u0440\u0435\u043c\u044f \u0434\u043b\u044f \u0447\u0442\u0435\u043d\u0438\u044f\" \/>\n\t<meta name=\"twitter:data1\" content=\"4 \u043c\u0438\u043d\u0443\u0442\u044b\" \/>\n<script type=\"application\/ld+json\" class=\"yoast-schema-graph\">{\"@context\":\"https:\/\/schema.org\",\"@graph\":[{\"@type\":\"WebPage\",\"@id\":\"https:\/\/reginett.ee\/toode\/robotniiduk-husqvarna-automower-312v-uus\/\",\"url\":\"https:\/\/reginett.ee\/toode\/robotniiduk-husqvarna-automower-312v-uus\/\",\"name\":\"Robotniiduk Husqvarna Automower\u00ae 312V. Parimad robotniidukid\",\"isPartOf\":{\"@id\":\"https:\/\/reginett.ee\/#website\"},\"primaryImageOfPage\":{\"@id\":\"https:\/\/reginett.ee\/toode\/robotniiduk-husqvarna-automower-312v-uus\/#primaryimage\"},\"image\":{\"@id\":\"https:\/\/reginett.ee\/toode\/robotniiduk-husqvarna-automower-312v-uus\/#primaryimage\"},\"thumbnailUrl\":\"https:\/\/reginett.ee\/wp-content\/uploads\/2026\/02\/Robotniiduk-Husqvarna-automower-308V.webp\",\"datePublished\":\"2026-02-06T14:51:04+00:00\",\"dateModified\":\"2026-02-06T14:52:13+00:00\",\"description\":\"Robotniiduk Husqvarna Automower\u00ae 312V on kaablivaba robotniiduk muruplatsidele kuni 1 200 m\u00b2, pakkudes probleemivaba ja \u00e4\u00e4rmiselt usaldusv\u00e4\u00e4rset muruhooldus\",\"breadcrumb\":{\"@id\":\"https:\/\/reginett.ee\/toode\/robotniiduk-husqvarna-automower-312v-uus\/#breadcrumb\"},\"inLanguage\":\"ru-RU\",\"potentialAction\":[{\"@type\":\"ReadAction\",\"target\":[\"https:\/\/reginett.ee\/toode\/robotniiduk-husqvarna-automower-312v-uus\/\"]}]},{\"@type\":\"ImageObject\",\"inLanguage\":\"ru-RU\",\"@id\":\"https:\/\/reginett.ee\/toode\/robotniiduk-husqvarna-automower-312v-uus\/#primaryimage\",\"url\":\"https:\/\/reginett.ee\/wp-content\/uploads\/2026\/02\/Robotniiduk-Husqvarna-automower-308V.webp\",\"contentUrl\":\"https:\/\/reginett.ee\/wp-content\/uploads\/2026\/02\/Robotniiduk-Husqvarna-automower-308V.webp\",\"width\":558,\"height\":372,\"caption\":\"Robotniiduk Husqvarna Automower 308V\"},{\"@type\":\"BreadcrumbList\",\"@id\":\"https:\/\/reginett.ee\/toode\/robotniiduk-husqvarna-automower-312v-uus\/#breadcrumb\",\"itemListElement\":[{\"@type\":\"ListItem\",\"position\":1,\"name\":\"Home\",\"item\":\"https:\/\/reginett.ee\/ru\/\"},{\"@type\":\"ListItem\",\"position\":2,\"name\":\"Tooted\",\"item\":\"https:\/\/reginett.ee\/tooted\/\"},{\"@type\":\"ListItem\",\"position\":3,\"name\":\"Robotniiduk Husqvarna Automower\u00ae 312V UUS!\"}]},{\"@type\":\"WebSite\",\"@id\":\"https:\/\/reginett.ee\/#website\",\"url\":\"https:\/\/reginett.ee\/\",\"name\":\"Reginett\",\"description\":\"Parimad robotniidukid\",\"potentialAction\":[{\"@type\":\"SearchAction\",\"target\":{\"@type\":\"EntryPoint\",\"urlTemplate\":\"https:\/\/reginett.ee\/?s={search_term_string}\"},\"query-input\":{\"@type\":\"PropertyValueSpecification\",\"valueRequired\":true,\"valueName\":\"search_term_string\"}}],\"inLanguage\":\"ru-RU\"}]}<\/script>\n<!-- \/ Yoast SEO plugin. -->","yoast_head_json":{"title":"Robotniiduk Husqvarna Automower\u00ae 312V. Parimad robotniidukid","description":"Robotniiduk Husqvarna Automower\u00ae 312V on kaablivaba robotniiduk muruplatsidele kuni 1 200 m\u00b2, pakkudes probleemivaba ja \u00e4\u00e4rmiselt usaldusv\u00e4\u00e4rset muruhooldus","robots":{"index":"index","follow":"follow","max-snippet":"max-snippet:-1","max-image-preview":"max-image-preview:large","max-video-preview":"max-video-preview:-1"},"canonical":"https:\/\/reginett.ee\/toode\/robotniiduk-husqvarna-automower-312v-uus\/","og_locale":"ru_RU","og_type":"article","og_title":"Robotniiduk Husqvarna Automower\u00ae 312V. Parimad robotniidukid","og_description":"Robotniiduk Husqvarna Automower\u00ae 312V on kaablivaba robotniiduk muruplatsidele kuni 1 200 m\u00b2, pakkudes probleemivaba ja \u00e4\u00e4rmiselt usaldusv\u00e4\u00e4rset muruhooldus","og_url":"https:\/\/reginett.ee\/toode\/robotniiduk-husqvarna-automower-312v-uus\/","og_site_name":"Reginett","article_modified_time":"2026-02-06T14:52:13+00:00","og_image":[{"width":558,"height":372,"url":"https:\/\/reginett.ee\/wp-content\/uploads\/2026\/02\/Robotniiduk-Husqvarna-automower-308V.webp","type":"image\/webp"}],"twitter_card":"summary_large_image","twitter_misc":{"\u041f\u0440\u0438\u043c\u0435\u0440\u043d\u043e\u0435 \u0432\u0440\u0435\u043c\u044f \u0434\u043b\u044f \u0447\u0442\u0435\u043d\u0438\u044f":"4 \u043c\u0438\u043d\u0443\u0442\u044b"},"schema":{"@context":"https:\/\/schema.org","@graph":[{"@type":"WebPage","@id":"https:\/\/reginett.ee\/toode\/robotniiduk-husqvarna-automower-312v-uus\/","url":"https:\/\/reginett.ee\/toode\/robotniiduk-husqvarna-automower-312v-uus\/","name":"Robotniiduk Husqvarna Automower\u00ae 312V. Parimad robotniidukid","isPartOf":{"@id":"https:\/\/reginett.ee\/#website"},"primaryImageOfPage":{"@id":"https:\/\/reginett.ee\/toode\/robotniiduk-husqvarna-automower-312v-uus\/#primaryimage"},"image":{"@id":"https:\/\/reginett.ee\/toode\/robotniiduk-husqvarna-automower-312v-uus\/#primaryimage"},"thumbnailUrl":"https:\/\/reginett.ee\/wp-content\/uploads\/2026\/02\/Robotniiduk-Husqvarna-automower-308V.webp","datePublished":"2026-02-06T14:51:04+00:00","dateModified":"2026-02-06T14:52:13+00:00","description":"Robotniiduk Husqvarna Automower\u00ae 312V on kaablivaba robotniiduk muruplatsidele kuni 1 200 m\u00b2, pakkudes probleemivaba ja \u00e4\u00e4rmiselt usaldusv\u00e4\u00e4rset muruhooldus","breadcrumb":{"@id":"https:\/\/reginett.ee\/toode\/robotniiduk-husqvarna-automower-312v-uus\/#breadcrumb"},"inLanguage":"ru-RU","potentialAction":[{"@type":"ReadAction","target":["https:\/\/reginett.ee\/toode\/robotniiduk-husqvarna-automower-312v-uus\/"]}]},{"@type":"ImageObject","inLanguage":"ru-RU","@id":"https:\/\/reginett.ee\/toode\/robotniiduk-husqvarna-automower-312v-uus\/#primaryimage","url":"https:\/\/reginett.ee\/wp-content\/uploads\/2026\/02\/Robotniiduk-Husqvarna-automower-308V.webp","contentUrl":"https:\/\/reginett.ee\/wp-content\/uploads\/2026\/02\/Robotniiduk-Husqvarna-automower-308V.webp","width":558,"height":372,"caption":"Robotniiduk Husqvarna Automower 308V"},{"@type":"BreadcrumbList","@id":"https:\/\/reginett.ee\/toode\/robotniiduk-husqvarna-automower-312v-uus\/#breadcrumb","itemListElement":[{"@type":"ListItem","position":1,"name":"Home","item":"https:\/\/reginett.ee\/ru\/"},{"@type":"ListItem","position":2,"name":"Tooted","item":"https:\/\/reginett.ee\/tooted\/"},{"@type":"ListItem","position":3,"name":"Robotniiduk Husqvarna Automower\u00ae 312V UUS!"}]},{"@type":"WebSite","@id":"https:\/\/reginett.ee\/#website","url":"https:\/\/reginett.ee\/","name":"Reginett","description":"Parimad robotniidukid","potentialAction":[{"@type":"SearchAction","target":{"@type":"EntryPoint","urlTemplate":"https:\/\/reginett.ee\/?s={search_term_string}"},"query-input":{"@type":"PropertyValueSpecification","valueRequired":true,"valueName":"search_term_string"}}],"inLanguage":"ru-RU"}]}},"brands":[{"id":147,"name":"Husqvarna","slug":"husqvarna"}],"_links":{"self":[{"href":"https:\/\/reginett.ee\/ru\/wp-json\/wp\/v2\/product\/63767","targetHints":{"allow":["GET"]}}],"collection":[{"href":"https:\/\/reginett.ee\/ru\/wp-json\/wp\/v2\/product"}],"about":[{"href":"https:\/\/reginett.ee\/ru\/wp-json\/wp\/v2\/types\/product"}],"replies":[{"embeddable":true,"href":"https:\/\/reginett.ee\/ru\/wp-json\/wp\/v2\/comments?post=63767"}],"wp:featuredmedia":[{"embeddable":true,"href":"https:\/\/reginett.ee\/ru\/wp-json\/wp\/v2\/media\/63749"}],"wp:attachment":[{"href":"https:\/\/reginett.ee\/ru\/wp-json\/wp\/v2\/media?parent=63767"}],"wp:term":[{"taxonomy":"pwb-brand","embeddable":true,"href":"https:\/\/reginett.ee\/ru\/wp-json\/wp\/v2\/pwb-brand?post=63767"},{"taxonomy":"product_brand","embeddable":true,"href":"https:\/\/reginett.ee\/ru\/wp-json\/wp\/v2\/product_brand?post=63767"},{"taxonomy":"product_cat","embeddable":true,"href":"https:\/\/reginett.ee\/ru\/wp-json\/wp\/v2\/product_cat?post=63767"},{"taxonomy":"product_tag","embeddable":true,"href":"https:\/\/reginett.ee\/ru\/wp-json\/wp\/v2\/product_tag?post=63767"}],"curies":[{"name":"wp","href":"https:\/\/api.w.org\/{rel}","templated":true}]}}