{"id":63635,"date":"2026-04-14T14:43:47","date_gmt":"2026-04-14T11:43:47","guid":{"rendered":"https:\/\/reginett.ee\/?post_type=product&#038;p=63635"},"modified":"2026-04-15T09:23:23","modified_gmt":"2026-04-15T06:23:23","slug":"robotniiduk-husqvarna-automower450v-nera-uus","status":"publish","type":"product","link":"https:\/\/reginett.ee\/ru\/toode\/robotniiduk-husqvarna-automower450v-nera-uus\/","title":{"rendered":"Robotniiduk Husqvarna Automower\u00ae450V NERA UUS!"},"content":{"rendered":"<p data-start=\"1928\" data-end=\"2032\"><strong>Robotniiduk Husqvarna Automower\u00ae 450V NERA<\/strong> on suure j\u00f5udlusega kaablivaba robotniiduk, mis on loodud kuni 7500 m\u00b2 suuruste muruplatside suurep\u00e4rase t\u00e4psusega niitmiseks. Satelliidip\u00f5hise tehnoloogia abil loodud virtuaalpiirded muudavad paigalduse paindlikuks ja t\u00f6\u00f6kindlaks.<\/p>\n<p>N\u00f5udmised:\u200b<\/p>\n<p data-start=\"1928\" data-end=\"2032\">&#8212; Vajalik on mobiilside- v\u00f5i Wi-Fi-\u00fchenduse leviala kogu muruplatsi ulatuses. Kui interneti\u00fchendus puudub, saab lisatarvikuna osta Husqvarna EPOS\u00ae RS1 tugijaama.<br \/>\n&#8212; Rakendus Automower\u00ae Connect. Saadaval tasuta AppStore\u2019is ja Google Play\u2019s.<\/p>\n<p>K\u00f5ik saab alguse rakendusest Automower\u00ae Connect, kus saad luua individuaalseid ja kohandatavaid t\u00f6\u00f6alasid koos ajutiste v\u00e4ljaj\u00e4\u00e4vate piirkondadega. Neid saab hiljem h\u00f5lpsalt kohandada, et need sobiksid aiaprojektidega v\u00f5i muruplatsi paigutuse muudatustega kogu hooaja jooksul.<\/p>\n<p>Sisseehitatud kaamera n\u00e4eb murul olevaid takistusi ja tuvastab need t\u00e4iustatud tehisintellekti abil ning tegutseb vastavalt objekti t\u00fc\u00fcbile. T\u00e4nu infrapunavalgusele v\u00e4ldib muruniiduk takistusi, arvestab metsloomadega ja tagab kogu muru katvuse \u2013 isegi \u00f6\u00f6sel. Kuna tehisintellektip\u00f5hine n\u00e4gemistehnoloogia on \u00fchendatud satelliitnavigatsiooniga, on muru t\u00e4ielik katvus tagatud ka n\u00f5rkade satelliidisignaalidega piirkondades.<\/p>\n<p>Valitavate niitmismustrite funktsioon v\u00f5imaldab murul valida triibulise, ruudulise v\u00f5i kolmnurkse mustri ning tagab niidetava ala suuruse kuni 7 500 m\u00b2. Vaibataolise viimistluse jaoks saad valida korrap\u00e4ratu mustri re\u017eiim, niidetava ala suuruseks on sel juhul 5 000 m\u00b2.<\/p>\n<p>Patenteeritud maapinda j\u00e4rgiv esitelg suurendab Automower 450V NERA man\u00f6\u00f6verdusv\u00f5imet ja niiduk saab palju paremini hakkama konarlikul maastikul ning kuni 50% kallakutel.<br \/>\nKuidas satelliittehnoloogia t\u00f6\u00f6tab?<br \/>\nM\u00f5ne sentimeetrise t\u00e4psuse saavutamiseks peab niiduk saama parandusandmeid, mis edastatakse Husqvarna pilveteenuse kaudu tasuta. Eelduseks on mobiilside- v\u00f5i Wi-Fi-levi kogu muruplatsi ulatuses. See funktsioon pakub suurep\u00e4rast positsioneerimist\u00e4psust, mis on tavaliselt t\u00e4psem kui 5 cm. Kui mobiilside- v\u00f5i Wi-Fi-levi puudub, saab lisatarvikuna osta Husqvarna EPOS\u00ae RS1 tugijaama. See on eraldiseisev lahendus, mis ei vaja interneti\u00fchendust ja tagab veelgi suurema niiduki asukoha t\u00e4psuse (umbes 2\u20133 cm).<\/p>\n<h3 data-start=\"2039\" data-end=\"2083\">Miks valida kaablivaba Automower\u00ae 450V NERA?<\/h3>\n<p data-start=\"2084\" data-end=\"2353\">\u2714 Suurep\u00e4rane valik suurtele ja keerukatele murualadele<br data-start=\"2139\" data-end=\"2142\" \/>\u2714 Ei vaja maapealseid piirdekaableid (virtuaalne EPOS\u00ae seadistus)<br data-start=\"2207\" data-end=\"2210\" \/>\u2714 Intelligentsed niitmis- ja objektituvastuss\u00fcsteemid<br data-start=\"2263\" data-end=\"2266\" \/>\u2714 Mugav juhtimine ja j\u00e4lgimine nutirakendusega<br data-start=\"2312\" data-end=\"2315\" \/>\u2714 Vastupidav ja ilmastikukindel disain<\/p>\n<h3 class=\"ugRU3HGQ uhxFw9Tu uEwECsFM\">Husqvarna EPOS\u00ae tehnoloogia<\/h3>\n<div aria-live=\"polite\">\n<p class=\"ugRU3HGQ uhxFw9Tu uX34qNS-\">Satelliidip\u00f5hine Husqvarna EPOS\u00ae tehnoloogia (t\u00e4pse asukoha m\u00e4\u00e4ramise operatsioonis\u00fcsteem) tagab sentimeetri t\u00e4psusega m\u00e4\u00e4ramise ja v\u00f5imaldab luua virtuaalpiirdeid. L\u00e4bimurdeline tehnoloogia Automower\u00ae-i robotniidukitele, mis pakub lihtsat ja paindlikku muruhooldust ilma f\u00fc\u00fcsilisi juhtmeid kasutamata. Nii on juhtme purunemise oht v\u00e4listatud.<\/p>\n<h3 class=\"ugRU3HGQ uhxFw9Tu uEwECsFM\">T\u00e4iustatud tehisintellektiga takistuste tuvastamine ja v\u00e4ltimine<\/h3>\n<div aria-live=\"polite\">\n<p class=\"ugRU3HGQ uhxFw9Tu uX34qNS-\">Sisseehitatud kaamera Automower 450V NERA robotniidukil n\u00e4eb murul olevaid takistusi ja tuvastab need t\u00e4iustatud tehisintellekti abil ning tegutseb vastavalt objekti t\u00fc\u00fcbile. Niiduk v\u00e4ldib takistusi oskuslikult, olenemata sellest, kas tegemist on inimeste, loomade v\u00f5i murule j\u00e4etud m\u00e4nguasjadega. Sel moel j\u00e4\u00e4b \u00e4ra nii ootamatute peatumiste kui ka murul olevate esemete ja niiduki kahjustamise oht.<\/p>\n<\/div>\n<\/div>\n<h3 class=\"ugRU3HGQ uhxFw9Tu uEwECsFM\">Katkematu niitmine tehisintellektip\u00f5hise n\u00e4gemistehnoloogiaga<\/h3>\n<div aria-live=\"polite\">\n<p class=\"ugRU3HGQ uhxFw9Tu uX34qNS-\">Satelliitnavigatsiooni ja tehisintellektip\u00f5hise n\u00e4gemistehnoloogia koost\u00f6\u00f6 tagab muru t\u00e4ieliku katvuse isegi n\u00f5rkade satelliidisignaalidega piirkondades. Niikaua kui niiduk tuvastab enda teel muru, v\u00f5imaldab see tehnoloogia niidukil sujuvalt t\u00f6\u00f6d j\u00e4tkata igasuguse kujuga aias, tagades, et \u00fckski murulapp ei j\u00e4\u00e4ks niitmata.<\/p>\n<h3 class=\"ugRU3HGQ uhxFw9Tu uEwECsFM\">Tehisintellektip\u00f5hine n\u00e4gemistehnoloogia arvestab metsloomadega<\/h3>\n<div aria-live=\"polite\">\n<p class=\"ugRU3HGQ uhxFw9Tu uX34qNS-\">T\u00e4iustatud tehisintellekti toel toimiv n\u00e4gemistehnoloogia t\u00f6\u00f6tab isegi pimedas, tuvastades ja v\u00e4ltides \u00f6ise eluviisiga loomakesi ka \u00f6ise niitmise ajal. See kasutab infrapunavalgust, mis on inimsilmale n\u00e4htamatu, kuid pakub \u00fchtlast j\u00f5udlust nii p\u00e4eval kui ka \u00f6\u00f6sel, h\u00e4irimata loomi v\u00f5i naabreid.<\/p>\n<h3 class=\"ugRU3HGQ uhxFw9Tu uEwECsFM\">Niidumustri valik<\/h3>\n<div aria-live=\"polite\">\n<p class=\"ugRU3HGQ uhxFw9Tu uX34qNS-\">Parandage muru visuaalset muljet, muutes aeg-ajalt niidumustrit. T\u00e4nu EPOS\u2122 tehnoloogiale saab Automower 450V NERA robotniiduk s\u00f5ita paralleelsete joontega ja luua erinevaid niitmismustreid, nagu rombid, kolmnurgad ja ruudud.<\/p>\n<h3 class=\"ugRU3HGQ uhxFw9Tu uEwECsFM\">TargetHeight muru kvaliteedi parandamiseks<\/h3>\n<div aria-live=\"polite\">\n<p class=\"ugRU3HGQ uhxFw9Tu uX34qNS-\">Parandab muru kvaliteeti, reguleerides l\u00f5ikek\u00f5rgust MAX-st 10 p\u00e4eva jooksul kindlaksm\u00e4\u00e4ratud k\u00f5rguseks.<\/p>\n<p>Loe lisa:<\/p>\n<p><a href=\"https:\/\/www.husqvarna.com\/ee\/robotmuruniidukid\/automower-450v-nera\/\">Husqvarna Automower\u00ae 450V NERA robotniiduk | Husqvarna EE<\/a><\/p>\n<p>&nbsp;<\/p>\n<\/div>\n<\/div>\n<\/div>\n<\/div>\n","protected":false},"excerpt":{"rendered":"<p>&nbsp;<\/p>\n<h3 data-start=\"169\" data-end=\"249\">Robotniiduk Husqvarna Automower\u00ae 450V NERA \u2013 parim robotniiduk suurtele murualadel<\/h3>\n<p data-start=\"169\" data-end=\"249\">Husqvarna Automower\u00ae 450V NERA on uus tippklassi <strong data-start=\"300\" data-end=\"315\">robotniiduk<\/strong>, mis pakub t\u00e4iustatud **AI-n\u00e4gemise ja EPOS\u00ae satelliit-navigatsiooniga kaablivaba muruniitmist kuni <strong data-start=\"416\" data-end=\"428\">7 500 m\u00b2<\/strong> suurustele ja keerukatele muruplatsidele. See on ideaalne valik nii suurte koduaedade kui keerukate maastike jaoks, kus soovid muruniitmise t\u00e4ielikku automatiseerimist ja laitmatult \u00fchtlast l\u00f5pptulemust.<\/p>\n","protected":false},"featured_media":63636,"comment_status":"open","ping_status":"closed","template":"","meta":{"_acf_changed":false,"_et_pb_use_builder":"","_et_pb_old_content":"","_et_gb_content_width":"","inline_featured_image":false},"pwb-brand":[147],"product_brand":[],"product_cat":[134,37,19],"product_tag":[809,512],"class_list":{"0":"post-63635","1":"product","2":"type-product","3":"status-publish","4":"has-post-thumbnail","6":"pwb-brand-husqvarna","7":"product_cat-eripakkumised","8":"product_cat-husqvarna","9":"product_cat-robotniidukid","10":"product_tag-automower-450v-nera","11":"product_tag-kaablivaba-robotniiduk","12":"product_shipping_class-soodsam-kuller-15-eur","14":"first","15":"instock","16":"sale","17":"shipping-taxable","18":"purchasable","19":"product-type-simple"},"acf":[],"yoast_head":"<!-- This site is optimized with the Yoast SEO plugin v26.6 - https:\/\/yoast.com\/wordpress\/plugins\/seo\/ -->\n<title>Robotniiduk Husqvarna Automower\u00ae450V NERA.Parim robotniiduk<\/title>\n<meta name=\"description\" content=\"Husqvarna Automower\u00ae 450V NERA on uus tippklassi robotniiduk, mis pakub t\u00e4iustatud **AI-n\u00e4gemise ja EPOS\u00ae satelliit-navigatsiooniga kaablivaba muruniitmist\" \/>\n<meta name=\"robots\" content=\"index, follow, max-snippet:-1, max-image-preview:large, max-video-preview:-1\" \/>\n<link rel=\"canonical\" href=\"https:\/\/reginett.ee\/toode\/robotniiduk-husqvarna-automower450v-nera-uus\/\" \/>\n<meta property=\"og:locale\" content=\"ru_RU\" \/>\n<meta property=\"og:type\" content=\"article\" \/>\n<meta property=\"og:title\" content=\"Robotniiduk Husqvarna Automower\u00ae450V NERA.Parim robotniiduk\" \/>\n<meta property=\"og:description\" content=\"Husqvarna Automower\u00ae 450V NERA on uus tippklassi robotniiduk, mis pakub t\u00e4iustatud **AI-n\u00e4gemise ja EPOS\u00ae satelliit-navigatsiooniga kaablivaba muruniitmist\" \/>\n<meta property=\"og:url\" content=\"https:\/\/reginett.ee\/toode\/robotniiduk-husqvarna-automower450v-nera-uus\/\" \/>\n<meta property=\"og:site_name\" content=\"Reginett\" \/>\n<meta property=\"article:modified_time\" content=\"2026-04-15T06:23:23+00:00\" \/>\n<meta property=\"og:image\" content=\"https:\/\/reginett.ee\/wp-content\/uploads\/2026\/01\/Automower-450V-NERA-Reginett.webp\" \/>\n\t<meta property=\"og:image:width\" content=\"680\" \/>\n\t<meta property=\"og:image:height\" content=\"372\" \/>\n\t<meta property=\"og:image:type\" content=\"image\/webp\" \/>\n<meta name=\"twitter:card\" content=\"summary_large_image\" \/>\n<meta name=\"twitter:label1\" content=\"\u041f\u0440\u0438\u043c\u0435\u0440\u043d\u043e\u0435 \u0432\u0440\u0435\u043c\u044f \u0434\u043b\u044f \u0447\u0442\u0435\u043d\u0438\u044f\" \/>\n\t<meta name=\"twitter:data1\" content=\"4 \u043c\u0438\u043d\u0443\u0442\u044b\" \/>\n<script type=\"application\/ld+json\" class=\"yoast-schema-graph\">{\"@context\":\"https:\/\/schema.org\",\"@graph\":[{\"@type\":\"WebPage\",\"@id\":\"https:\/\/reginett.ee\/toode\/robotniiduk-husqvarna-automower450v-nera-uus\/\",\"url\":\"https:\/\/reginett.ee\/toode\/robotniiduk-husqvarna-automower450v-nera-uus\/\",\"name\":\"Robotniiduk Husqvarna Automower\u00ae450V NERA.Parim robotniiduk\",\"isPartOf\":{\"@id\":\"https:\/\/reginett.ee\/#website\"},\"primaryImageOfPage\":{\"@id\":\"https:\/\/reginett.ee\/toode\/robotniiduk-husqvarna-automower450v-nera-uus\/#primaryimage\"},\"image\":{\"@id\":\"https:\/\/reginett.ee\/toode\/robotniiduk-husqvarna-automower450v-nera-uus\/#primaryimage\"},\"thumbnailUrl\":\"https:\/\/reginett.ee\/wp-content\/uploads\/2026\/01\/Automower-450V-NERA-Reginett.webp\",\"datePublished\":\"2026-04-14T11:43:47+00:00\",\"dateModified\":\"2026-04-15T06:23:23+00:00\",\"description\":\"Husqvarna Automower\u00ae 450V NERA on uus tippklassi robotniiduk, mis pakub t\u00e4iustatud **AI-n\u00e4gemise ja EPOS\u00ae satelliit-navigatsiooniga kaablivaba muruniitmist\",\"breadcrumb\":{\"@id\":\"https:\/\/reginett.ee\/toode\/robotniiduk-husqvarna-automower450v-nera-uus\/#breadcrumb\"},\"inLanguage\":\"ru-RU\",\"potentialAction\":[{\"@type\":\"ReadAction\",\"target\":[\"https:\/\/reginett.ee\/toode\/robotniiduk-husqvarna-automower450v-nera-uus\/\"]}]},{\"@type\":\"ImageObject\",\"inLanguage\":\"ru-RU\",\"@id\":\"https:\/\/reginett.ee\/toode\/robotniiduk-husqvarna-automower450v-nera-uus\/#primaryimage\",\"url\":\"https:\/\/reginett.ee\/wp-content\/uploads\/2026\/01\/Automower-450V-NERA-Reginett.webp\",\"contentUrl\":\"https:\/\/reginett.ee\/wp-content\/uploads\/2026\/01\/Automower-450V-NERA-Reginett.webp\",\"width\":680,\"height\":372,\"caption\":\"Automower 450V NERA Reginett\"},{\"@type\":\"BreadcrumbList\",\"@id\":\"https:\/\/reginett.ee\/toode\/robotniiduk-husqvarna-automower450v-nera-uus\/#breadcrumb\",\"itemListElement\":[{\"@type\":\"ListItem\",\"position\":1,\"name\":\"Home\",\"item\":\"https:\/\/reginett.ee\/ru\/\"},{\"@type\":\"ListItem\",\"position\":2,\"name\":\"Tooted\",\"item\":\"https:\/\/reginett.ee\/tooted\/\"},{\"@type\":\"ListItem\",\"position\":3,\"name\":\"Robotniiduk Husqvarna Automower\u00ae450V NERA UUS!\"}]},{\"@type\":\"WebSite\",\"@id\":\"https:\/\/reginett.ee\/#website\",\"url\":\"https:\/\/reginett.ee\/\",\"name\":\"Reginett\",\"description\":\"Parimad robotniidukid\",\"potentialAction\":[{\"@type\":\"SearchAction\",\"target\":{\"@type\":\"EntryPoint\",\"urlTemplate\":\"https:\/\/reginett.ee\/?s={search_term_string}\"},\"query-input\":{\"@type\":\"PropertyValueSpecification\",\"valueRequired\":true,\"valueName\":\"search_term_string\"}}],\"inLanguage\":\"ru-RU\"}]}<\/script>\n<!-- \/ Yoast SEO plugin. -->","yoast_head_json":{"title":"Robotniiduk Husqvarna Automower\u00ae450V NERA.Parim robotniiduk","description":"Husqvarna Automower\u00ae 450V NERA on uus tippklassi robotniiduk, mis pakub t\u00e4iustatud **AI-n\u00e4gemise ja EPOS\u00ae satelliit-navigatsiooniga kaablivaba muruniitmist","robots":{"index":"index","follow":"follow","max-snippet":"max-snippet:-1","max-image-preview":"max-image-preview:large","max-video-preview":"max-video-preview:-1"},"canonical":"https:\/\/reginett.ee\/toode\/robotniiduk-husqvarna-automower450v-nera-uus\/","og_locale":"ru_RU","og_type":"article","og_title":"Robotniiduk Husqvarna Automower\u00ae450V NERA.Parim robotniiduk","og_description":"Husqvarna Automower\u00ae 450V NERA on uus tippklassi robotniiduk, mis pakub t\u00e4iustatud **AI-n\u00e4gemise ja EPOS\u00ae satelliit-navigatsiooniga kaablivaba muruniitmist","og_url":"https:\/\/reginett.ee\/toode\/robotniiduk-husqvarna-automower450v-nera-uus\/","og_site_name":"Reginett","article_modified_time":"2026-04-15T06:23:23+00:00","og_image":[{"width":680,"height":372,"url":"https:\/\/reginett.ee\/wp-content\/uploads\/2026\/01\/Automower-450V-NERA-Reginett.webp","type":"image\/webp"}],"twitter_card":"summary_large_image","twitter_misc":{"\u041f\u0440\u0438\u043c\u0435\u0440\u043d\u043e\u0435 \u0432\u0440\u0435\u043c\u044f \u0434\u043b\u044f \u0447\u0442\u0435\u043d\u0438\u044f":"4 \u043c\u0438\u043d\u0443\u0442\u044b"},"schema":{"@context":"https:\/\/schema.org","@graph":[{"@type":"WebPage","@id":"https:\/\/reginett.ee\/toode\/robotniiduk-husqvarna-automower450v-nera-uus\/","url":"https:\/\/reginett.ee\/toode\/robotniiduk-husqvarna-automower450v-nera-uus\/","name":"Robotniiduk Husqvarna Automower\u00ae450V NERA.Parim robotniiduk","isPartOf":{"@id":"https:\/\/reginett.ee\/#website"},"primaryImageOfPage":{"@id":"https:\/\/reginett.ee\/toode\/robotniiduk-husqvarna-automower450v-nera-uus\/#primaryimage"},"image":{"@id":"https:\/\/reginett.ee\/toode\/robotniiduk-husqvarna-automower450v-nera-uus\/#primaryimage"},"thumbnailUrl":"https:\/\/reginett.ee\/wp-content\/uploads\/2026\/01\/Automower-450V-NERA-Reginett.webp","datePublished":"2026-04-14T11:43:47+00:00","dateModified":"2026-04-15T06:23:23+00:00","description":"Husqvarna Automower\u00ae 450V NERA on uus tippklassi robotniiduk, mis pakub t\u00e4iustatud **AI-n\u00e4gemise ja EPOS\u00ae satelliit-navigatsiooniga kaablivaba muruniitmist","breadcrumb":{"@id":"https:\/\/reginett.ee\/toode\/robotniiduk-husqvarna-automower450v-nera-uus\/#breadcrumb"},"inLanguage":"ru-RU","potentialAction":[{"@type":"ReadAction","target":["https:\/\/reginett.ee\/toode\/robotniiduk-husqvarna-automower450v-nera-uus\/"]}]},{"@type":"ImageObject","inLanguage":"ru-RU","@id":"https:\/\/reginett.ee\/toode\/robotniiduk-husqvarna-automower450v-nera-uus\/#primaryimage","url":"https:\/\/reginett.ee\/wp-content\/uploads\/2026\/01\/Automower-450V-NERA-Reginett.webp","contentUrl":"https:\/\/reginett.ee\/wp-content\/uploads\/2026\/01\/Automower-450V-NERA-Reginett.webp","width":680,"height":372,"caption":"Automower 450V NERA Reginett"},{"@type":"BreadcrumbList","@id":"https:\/\/reginett.ee\/toode\/robotniiduk-husqvarna-automower450v-nera-uus\/#breadcrumb","itemListElement":[{"@type":"ListItem","position":1,"name":"Home","item":"https:\/\/reginett.ee\/ru\/"},{"@type":"ListItem","position":2,"name":"Tooted","item":"https:\/\/reginett.ee\/tooted\/"},{"@type":"ListItem","position":3,"name":"Robotniiduk Husqvarna Automower\u00ae450V NERA UUS!"}]},{"@type":"WebSite","@id":"https:\/\/reginett.ee\/#website","url":"https:\/\/reginett.ee\/","name":"Reginett","description":"Parimad robotniidukid","potentialAction":[{"@type":"SearchAction","target":{"@type":"EntryPoint","urlTemplate":"https:\/\/reginett.ee\/?s={search_term_string}"},"query-input":{"@type":"PropertyValueSpecification","valueRequired":true,"valueName":"search_term_string"}}],"inLanguage":"ru-RU"}]}},"brands":[{"id":147,"name":"Husqvarna","slug":"husqvarna"}],"_links":{"self":[{"href":"https:\/\/reginett.ee\/ru\/wp-json\/wp\/v2\/product\/63635","targetHints":{"allow":["GET"]}}],"collection":[{"href":"https:\/\/reginett.ee\/ru\/wp-json\/wp\/v2\/product"}],"about":[{"href":"https:\/\/reginett.ee\/ru\/wp-json\/wp\/v2\/types\/product"}],"replies":[{"embeddable":true,"href":"https:\/\/reginett.ee\/ru\/wp-json\/wp\/v2\/comments?post=63635"}],"wp:featuredmedia":[{"embeddable":true,"href":"https:\/\/reginett.ee\/ru\/wp-json\/wp\/v2\/media\/63636"}],"wp:attachment":[{"href":"https:\/\/reginett.ee\/ru\/wp-json\/wp\/v2\/media?parent=63635"}],"wp:term":[{"taxonomy":"pwb-brand","embeddable":true,"href":"https:\/\/reginett.ee\/ru\/wp-json\/wp\/v2\/pwb-brand?post=63635"},{"taxonomy":"product_brand","embeddable":true,"href":"https:\/\/reginett.ee\/ru\/wp-json\/wp\/v2\/product_brand?post=63635"},{"taxonomy":"product_cat","embeddable":true,"href":"https:\/\/reginett.ee\/ru\/wp-json\/wp\/v2\/product_cat?post=63635"},{"taxonomy":"product_tag","embeddable":true,"href":"https:\/\/reginett.ee\/ru\/wp-json\/wp\/v2\/product_tag?post=63635"}],"curies":[{"name":"wp","href":"https:\/\/api.w.org\/{rel}","templated":true}]}}