{"id":63617,"date":"2025-12-29T13:04:28","date_gmt":"2025-12-29T10:04:28","guid":{"rendered":"https:\/\/reginett.ee\/?post_type=product&#038;p=63617"},"modified":"2025-12-29T13:04:28","modified_gmt":"2025-12-29T10:04:28","slug":"kaablivaba-robotniiduk-ego-aura-rmr3000e-uus","status":"publish","type":"product","link":"https:\/\/reginett.ee\/ru\/toode\/kaablivaba-robotniiduk-ego-aura-rmr3000e-uus\/","title":{"rendered":"Kaablivaba robotniiduk EGO Aura RMR3000E UUS!"},"content":{"rendered":"<h5><strong>Kaablivaba EGO Aura R2 robotniidukite<\/strong> seeria esindab uut p\u00f5lvkonda intelligentseid ja juhtmevabasid mururoboteid. Aura R2 seeria mudelid suudavad niita kuni 1500 m\u00b2, 3000 m\u00b2 ja 6000 m\u00b2 suurusi alasid.<\/h5>\n<h5>Antud robotniidukid kasutavad PATH IQ intelligentsusega t\u00e4iustatud navigatsioonitehnoloogiaid:<\/h5>\n<h5>\u2013 RTK sentimeetri t\u00e4psusega GPS-i jaoks<\/h5>\n<h5>\u2013 VSLAM visuaalseks kaardistamiseks<\/h5>\n<h5>\u2013 VIO reaalajas positsioneerimiseks, et pakkuda t\u00e4pset ja t\u00f5husat niitmist<\/h5>\n<h5>Robotniidukitel on kohandatavad niitmismustrid, takistuste v\u00e4ltimise funktsioon, muudetav l\u00f5ikek\u00f5rgus ja vastupidavus iga ilmaga.<\/h5>\n<h4><b>RTK MOODUL<\/b><\/h4>\n<h5>Real-Time Kinematic (RTK) tehnoloogial p\u00f5hinev \u00fclit\u00e4pne GPS s\u00fcsteem.<\/h5>\n<h4><strong>KUIDAS RTK T\u00d6\u00d6TAB?<\/strong><\/h4>\n<h5><b> RTK TUGIJAAM<\/b>\u2013\u00a0 niidualale v\u00f5i vahetusse l\u00e4hedusse paigutatud\u00a0statsionaarne\u00a0RTK tugijaam, mis saadab niidukile korrigeeritud GPS signaali.<\/h5>\n<h5><b>RTK GPS vastuv\u00f5tja<\/b> \u2013 robotniidukil on RTK GPS vastuv\u00f5tja, mis v\u00f5tab vastu nii standardseid satelliidisignaale kui ka tugijaama korrigeeritud signaale.<\/h5>\n<h5><b>T\u00e4pne navigeerimine \u2013 <\/b>RTK abil saavutab niiduk sentimeetri t\u00e4psuse, mis v\u00f5imaldab robotniidukil liikuda t\u00e4pselt m\u00f6\u00f6da planeeritud teid ilma f\u00fc\u00fcsilise piirdekaablita.<\/h5>\n<h5><b>\u00dchtlane katvus \u2013<\/b> Erinevalt traditsioonilisest GPS ist (mille t\u00e4psus on umbes 1\u20132 meetrit) tagab RTK korrektse niidutulemuse, v\u00e4ltides m\u00f5ne niiduala niitmata j\u00e4tmist v\u00f5i \u00fclekatet.<\/h5>\n<p>&nbsp;<\/p>\n<h4><b>EELISED<\/b><\/h4>\n<ul>\n<li>\n<h5><b>Puudub piirdekaabel\u00a0<\/b><\/h5>\n<\/li>\n<li>\n<h5><b>Efektiivne niitmine <\/b>\u2013 kasutab optimaalset ja efektiivset niidutrajektoori, v\u00e4ltides kaootilist liikumist.<\/h5>\n<\/li>\n<li>\n<h5><b>Kaablivaba EGO Aura RMR3000E saab hakkama suurte aladega <\/b>\u2013 ideaalne parkidesse, golfiv\u00e4ljakutele ja suurt niiduala omavatele klientidele.<\/h5>\n<\/li>\n<li>\n<h5><b>Kohandub maastikuga <\/b>\u2013 saab hakkama ka\u00a0 ebatasasel maastikul.<\/h5>\n<\/li>\n<li><\/li>\n<\/ul>\n<h4><b>RGB stereokaamera funktsioon<\/b><\/h4>\n<h5>RGB-kaamera j\u00e4\u00e4dvustab 3D-v\u00e4rvipilte, mida t\u00f6\u00f6deldakse arvutin\u00e4gemise ja masin\u00f5ppe algoritmide abil. Objektide eristamiseks anal\u00fc\u00fcsitakse selliseid omadusi nagu servad, tekstuurid, v\u00e4rvid ja kujundid. Mitmem\u00f5\u00f5tmeline n\u00e4gemine v\u00f5imaldab robotil tajuda s\u00fcgavust nii, nagu oleks tal kaks silma, samas kui vSLAM v\u00f5imaldab tal liikumise ajal m\u00e4\u00e4rata oma asukohta ja m\u00f5ista oma \u00fcmbrust. Nii saab robotniiduk murul ohutult ja nutikalt navigeerida ja v\u00e4ltida kokkup\u00f5rkeid. T\u00e4nu VSLAM\u00b4le teab robotniiduk, kus ta on olnud ja millised alad on niitmata j\u00e4\u00e4nud.<\/h5>\n<p>&nbsp;<\/p>\n<h4><b>VIO (Visual-Inertial Odometry) <\/b><b>\u00a0\u2013 Visuaalne <\/b><b>Inertsiaalne<\/b> <b>Odomeetria<\/b><b> = visuaalne inertsianduritega liikumise hindamine<\/b><\/h4>\n<h4>VIO on navigeerimistehnoloogia, mis v\u00f5imaldab robotniidukil <b>j\u00e4lgida oma asukohta<\/b> kombineerides <b>kaamerap\u00f5hiseid sensoreid liikumissensoritega <\/b>(IMU \u2013 Inertial Measurement Unit).<\/h4>\n<p>&nbsp;<\/p>\n<h5><b>KUIDAS VIO T\u00d6\u00d6TAB? :<\/b><\/h5>\n<h5><b>Kaamera j\u00e4lgimine <\/b>\u2013 niiduk kasutab v\u00e4ikest kaamerat, et j\u00e4\u00e4dvustada pilte maapinnast ja \u00fcmbritsevast keskkonnast.<\/h5>\n<h5><b>Liikumissensor <\/b><b>(IMU)<\/b> \u2013 niidukil on kiirendusm\u00f5\u00f5turid ja g\u00fcroskoop, mis tuvastavad liikumist, sh kiirust, suunda ja kallakut.<\/h5>\n<h5><b>Kombineeritud andmed<\/b>\u2013 s\u00fcsteem \u00fchendab\u00a0 kaameralt saadud info ja IMU liikumisandmed et hinnata niiduki asukohta reaalajas.<\/h5>\n<h5><b>Navigeerimine ja liikumisteekonna planeerimine <\/b>\u2013 saadud andmete p\u00f5hjal liigub niiduk t\u00e4pselt, korrigeerides triivimist ning v\u00e4ltides takistusi.<\/h5>\n<p>&nbsp;<\/p>\n<h4><b>EELISED<\/b><\/h4>\n<ul>\n<li>\n<h5>Puudub vajadus GPS signaali ja piirdekaabli j\u00e4rele \u2013 t\u00f6\u00f6tab nii siseruumides kui ka kohtades, kus GPS signaal on n\u00f5rk.<\/h5>\n<\/li>\n<li>\n<h5>Parem stabiilsus\u2013 IMU aitab s\u00e4ilitada t\u00e4psust nii kiirendustel kui ebatasasel pinnasel.<\/h5>\n<\/li>\n<li>\n<h5>Madal energiakasutus \u2013 kasutab oluliselt v\u00e4hem akut, v\u00f5rreldes RTK ja VSLAM-ga.<\/h5>\n<\/li>\n<li>\n<h5>Reaalajas positsioneerimine \u2013 kiire reageerimine liikumise muutustele ja takistustele.<\/h5>\n<\/li>\n<\/ul>\n<p>&nbsp;<\/p>\n<h4>TOPELT TURVALISUS<\/h4>\n<h5><strong>Tehisintellektiga varustatud n\u00e4gemise abil v\u00e4ldib Aura R2 igasuguseid takistusi (\u00fcle 3 cm).<\/strong><\/h5>\n<h5><strong>Kaheksatuumalise protsessori ja 6-tuumalise NPU-ga t\u00f6\u00f6tav seade kiirendab \u00e4ratundmist ja reageerimist.<\/strong><\/h5>\n<h5><strong>V\u00f5imaldab masinal \u00e4ra tunda passiivseid ja liikuvaid takistusi ning reageerida nendele.<\/strong><\/h5>\n<h5><strong>Lisaks k\u00f5ikidele muudele uut t\u00fc\u00fcpi anduritele ja kaameratele on robotniiduk varustatud ka <\/strong><strong>180\u00b0\u00a0<\/strong><strong>kokkup\u00f5rkeanduriga, mis asub niiduki esiosas.<\/strong><\/h5>\n<p>&nbsp;<\/p>\n<div class=\"woocommerce-tabs wc-tabs-wrapper tabs-layout-tabs wd-opener-pos-right wd-opener-style-arrow\" data-state=\"first\" data-layout=\"tabs\">\n<div class=\"wd-accordion-item\">\n<div id=\"tab-description\" class=\"entry-content woocommerce-Tabs-panel woocommerce-Tabs-panel--description wd-active panel wc-tab\" role=\"tabpanel\" aria-labelledby=\"tab-title-description\" data-accordion-index=\"description\">\n<div class=\"wc-tab-inner wd-entry-content\">\n<h4><strong>NIITMISE EFEKTIIVSUS<\/strong><\/h4>\n<p>&nbsp;<\/p>\n<h4>Robotniiduki suur l\u00f5ikek\u00f5rguste vahemik suurendab masina kohanemisv\u00f5imet, paindlikkust ja kasutuskogemust.<\/h4>\n<h4>Niiduk\u00f5rguse vahemik on 20-90mm, mida saab m\u00e4\u00e4rata 5mm t\u00e4psusega.<\/h4>\n<h4>45W rattamootorid pakuvad\u00a0 0.14Nm v\u00e4\u00e4net, mis v\u00f5imaldavad masinal t\u00f6\u00f6tada kuni 50% kallakutel.<br \/>\nS\u00fcstemaatilised triibulised l\u00f5ikemustrid ei paku kasutajale mitte ainult soovitud esteetikat, vaid tagavad ka t\u00e4ieliku ja \u00fchtlase niitmisala.<\/h4>\n<h4>Niitmists\u00fcklite vahel suuna muutmine soodustab muru tervist ja v\u00e4ldib soovimatuid rattaj\u00e4lgi murul.<br \/>\nTeil on t\u00e4ielik kontroll niitmismustrite \u00fcle k\u00f5igis (kuni 40) niitmisalas.<\/h4>\n<p>&nbsp;<\/p>\n<h4><strong>K\u00f5iki toiminguid saab kaablivaba EGO Aura RMR3000E robotniidukiga seadistada l\u00e4bi EGO Connect \u00e4pi!<\/strong><\/h4>\n<div class=\"woocommerce-tabs wc-tabs-wrapper tabs-layout-tabs wd-opener-pos-right wd-opener-style-arrow\" data-state=\"first\" data-layout=\"tabs\">\n<div class=\"wd-accordion-item\">\n<div id=\"tab-description\" class=\"entry-content woocommerce-Tabs-panel woocommerce-Tabs-panel--description wd-active panel wc-tab\" role=\"tabpanel\" aria-labelledby=\"tab-title-description\" data-accordion-index=\"description\">\n<div class=\"wc-tab-inner wd-entry-content\"><\/div>\n<\/div>\n<\/div>\n<\/div>\n<h4><\/h4>\n<h4><\/h4>\n<\/div>\n<\/div>\n<\/div>\n<div class=\"wd-accordion-item\"><\/div>\n<\/div>\n<div class=\"elementor elementor-6307\" data-elementor-type=\"page\" data-elementor-id=\"6307\" data-elementor-post-type=\"elementor_library\">\n<section class=\"wd-negative-gap elementor-section elementor-top-section elementor-element elementor-element-f2faf22 elementor-section-boxed elementor-section-height-default elementor-section-height-default\" data-id=\"f2faf22\" data-element_type=\"section\">\n<div class=\"elementor-container elementor-column-gap-default\">\n<div class=\"elementor-column elementor-col-100 elementor-top-column elementor-element elementor-element-bf709df\" data-id=\"bf709df\" data-element_type=\"column\">\n<div class=\"elementor-widget-wrap elementor-element-populated\">\n<div class=\"elementor-element elementor-element-0e27a6c elementor-widget-divider--view-line elementor-widget elementor-widget-divider\" data-id=\"0e27a6c\" data-element_type=\"widget\" data-widget_type=\"divider.default\">\n<div class=\"elementor-widget-container\">\n<div class=\"elementor-divider\"><\/div>\n<\/div>\n<\/div>\n<\/div>\n<\/div>\n<\/div>\n<\/section>\n<\/div>\n","protected":false},"excerpt":{"rendered":"<div class=\"et_pb_module et_pb_wc_description et_pb_wc_description_0_tb_body et_pb_bg_layout_light  et_pb_text_align_left\">\n<div class=\"et_pb_module_inner\">\n<h3><span style=\"color: #008000;\"><strong>SAABUMAS APRILLIS 2026! Telli ette juba t\u00e4na!<\/strong><\/span><\/h3>\n<p>&nbsp;<\/p>\n<h5><strong>Kaablivaba EGO Aura R2 robotniidukite<\/strong> seeria esindab uut p\u00f5lvkonda intelligentseid ja juhtmevabasid mururoboteid. Aura R2 seeria mudelid suudavad niita kuni 1500 m\u00b2, 3000 m\u00b2 ja 6000 m\u00b2 suurusi alasid.<\/h5>\n<h5>Antud robotniidukid kasutavad PATH IQ intelligentsusega t\u00e4iustatud navigatsioonitehnoloogiaid:<\/h5>\n<h5>\u2013 RTK sentimeetri t\u00e4psusega GPS-i jaoks<\/h5>\n<h5>\u2013 VSLAM visuaalseks kaardistamiseks<\/h5>\n<h5>\u2013 VIO reaalajas positsioneerimiseks, et pakkuda t\u00e4pset ja t\u00f5husat niitmist<\/h5>\n<h5>Robotniidukitel on kohandatavad niitmismustrid, takistuste v\u00e4ltimise funktsioon, muudetav l\u00f5ikek\u00f5rgus ja vastupidavus iga ilmaga.<\/h5>\n<\/div>\n<\/div>\n","protected":false},"featured_media":63601,"comment_status":"open","ping_status":"closed","template":"","meta":{"_acf_changed":false,"_et_pb_use_builder":"","_et_pb_old_content":"","_et_gb_content_width":"","inline_featured_image":false},"pwb-brand":[486],"product_brand":[],"product_cat":[153,19],"product_tag":[527,512,806],"class_list":{"0":"post-63617","1":"product","2":"type-product","3":"status-publish","4":"has-post-thumbnail","6":"pwb-brand-ego","7":"product_cat-ego","8":"product_cat-robotniidukid","9":"product_tag-ego","10":"product_tag-kaablivaba-robotniiduk","11":"product_tag-robotniiduk-ego-aura","12":"product_shipping_class-soodsam-kuller-15-eur","14":"first","15":"instock","16":"shipping-taxable","17":"purchasable","18":"product-type-simple"},"acf":[],"yoast_head":"<!-- This site is optimized with the Yoast SEO plugin v26.6 - https:\/\/yoast.com\/wordpress\/plugins\/seo\/ -->\n<title>Kaablivaba robotniiduk EGO Aura RMR3000E<\/title>\n<meta name=\"description\" content=\"Kaablivaba EGO Aura R2 robotniidukite seeria esindab uut p\u00f5lvkonda intelligentseid ja juhtmevabasid mururoboteid. Aura R2 seeria mudelid suudavad niita\" \/>\n<meta name=\"robots\" content=\"index, follow, max-snippet:-1, max-image-preview:large, max-video-preview:-1\" \/>\n<link rel=\"canonical\" href=\"https:\/\/reginett.ee\/toode\/kaablivaba-robotniiduk-ego-aura-rmr3000e-uus\/\" \/>\n<meta property=\"og:locale\" content=\"ru_RU\" \/>\n<meta property=\"og:type\" content=\"article\" \/>\n<meta property=\"og:title\" content=\"Kaablivaba robotniiduk EGO Aura RMR3000E\" \/>\n<meta property=\"og:description\" content=\"Kaablivaba EGO Aura R2 robotniidukite seeria esindab uut p\u00f5lvkonda intelligentseid ja juhtmevabasid mururoboteid. Aura R2 seeria mudelid suudavad niita\" \/>\n<meta property=\"og:url\" content=\"https:\/\/reginett.ee\/toode\/kaablivaba-robotniiduk-ego-aura-rmr3000e-uus\/\" \/>\n<meta property=\"og:site_name\" content=\"Reginett\" \/>\n<meta property=\"og:image\" content=\"https:\/\/reginett.ee\/wp-content\/uploads\/2025\/12\/EGO-AUra-RM1500E.webp\" \/>\n\t<meta property=\"og:image:width\" content=\"900\" \/>\n\t<meta property=\"og:image:height\" content=\"900\" \/>\n\t<meta property=\"og:image:type\" content=\"image\/webp\" \/>\n<meta name=\"twitter:card\" content=\"summary_large_image\" \/>\n<meta name=\"twitter:label1\" content=\"\u041f\u0440\u0438\u043c\u0435\u0440\u043d\u043e\u0435 \u0432\u0440\u0435\u043c\u044f \u0434\u043b\u044f \u0447\u0442\u0435\u043d\u0438\u044f\" \/>\n\t<meta name=\"twitter:data1\" content=\"4 \u043c\u0438\u043d\u0443\u0442\u044b\" \/>\n<script type=\"application\/ld+json\" class=\"yoast-schema-graph\">{\"@context\":\"https:\/\/schema.org\",\"@graph\":[{\"@type\":\"WebPage\",\"@id\":\"https:\/\/reginett.ee\/toode\/kaablivaba-robotniiduk-ego-aura-rmr3000e-uus\/\",\"url\":\"https:\/\/reginett.ee\/toode\/kaablivaba-robotniiduk-ego-aura-rmr3000e-uus\/\",\"name\":\"Kaablivaba robotniiduk EGO Aura RMR3000E\",\"isPartOf\":{\"@id\":\"https:\/\/reginett.ee\/#website\"},\"primaryImageOfPage\":{\"@id\":\"https:\/\/reginett.ee\/toode\/kaablivaba-robotniiduk-ego-aura-rmr3000e-uus\/#primaryimage\"},\"image\":{\"@id\":\"https:\/\/reginett.ee\/toode\/kaablivaba-robotniiduk-ego-aura-rmr3000e-uus\/#primaryimage\"},\"thumbnailUrl\":\"https:\/\/reginett.ee\/wp-content\/uploads\/2025\/12\/EGO-AUra-RM1500E.webp\",\"datePublished\":\"2025-12-29T10:04:28+00:00\",\"description\":\"Kaablivaba EGO Aura R2 robotniidukite seeria esindab uut p\u00f5lvkonda intelligentseid ja juhtmevabasid mururoboteid. Aura R2 seeria mudelid suudavad niita\",\"breadcrumb\":{\"@id\":\"https:\/\/reginett.ee\/toode\/kaablivaba-robotniiduk-ego-aura-rmr3000e-uus\/#breadcrumb\"},\"inLanguage\":\"ru-RU\",\"potentialAction\":[{\"@type\":\"ReadAction\",\"target\":[\"https:\/\/reginett.ee\/toode\/kaablivaba-robotniiduk-ego-aura-rmr3000e-uus\/\"]}]},{\"@type\":\"ImageObject\",\"inLanguage\":\"ru-RU\",\"@id\":\"https:\/\/reginett.ee\/toode\/kaablivaba-robotniiduk-ego-aura-rmr3000e-uus\/#primaryimage\",\"url\":\"https:\/\/reginett.ee\/wp-content\/uploads\/2025\/12\/EGO-AUra-RM1500E.webp\",\"contentUrl\":\"https:\/\/reginett.ee\/wp-content\/uploads\/2025\/12\/EGO-AUra-RM1500E.webp\",\"width\":900,\"height\":900},{\"@type\":\"BreadcrumbList\",\"@id\":\"https:\/\/reginett.ee\/toode\/kaablivaba-robotniiduk-ego-aura-rmr3000e-uus\/#breadcrumb\",\"itemListElement\":[{\"@type\":\"ListItem\",\"position\":1,\"name\":\"Home\",\"item\":\"https:\/\/reginett.ee\/ru\/\"},{\"@type\":\"ListItem\",\"position\":2,\"name\":\"Tooted\",\"item\":\"https:\/\/reginett.ee\/tooted\/\"},{\"@type\":\"ListItem\",\"position\":3,\"name\":\"Kaablivaba robotniiduk EGO Aura RMR3000E UUS!\"}]},{\"@type\":\"WebSite\",\"@id\":\"https:\/\/reginett.ee\/#website\",\"url\":\"https:\/\/reginett.ee\/\",\"name\":\"Reginett\",\"description\":\"Parimad robotniidukid\",\"potentialAction\":[{\"@type\":\"SearchAction\",\"target\":{\"@type\":\"EntryPoint\",\"urlTemplate\":\"https:\/\/reginett.ee\/?s={search_term_string}\"},\"query-input\":{\"@type\":\"PropertyValueSpecification\",\"valueRequired\":true,\"valueName\":\"search_term_string\"}}],\"inLanguage\":\"ru-RU\"}]}<\/script>\n<!-- \/ Yoast SEO plugin. -->","yoast_head_json":{"title":"Kaablivaba robotniiduk EGO Aura RMR3000E","description":"Kaablivaba EGO Aura R2 robotniidukite seeria esindab uut p\u00f5lvkonda intelligentseid ja juhtmevabasid mururoboteid. Aura R2 seeria mudelid suudavad niita","robots":{"index":"index","follow":"follow","max-snippet":"max-snippet:-1","max-image-preview":"max-image-preview:large","max-video-preview":"max-video-preview:-1"},"canonical":"https:\/\/reginett.ee\/toode\/kaablivaba-robotniiduk-ego-aura-rmr3000e-uus\/","og_locale":"ru_RU","og_type":"article","og_title":"Kaablivaba robotniiduk EGO Aura RMR3000E","og_description":"Kaablivaba EGO Aura R2 robotniidukite seeria esindab uut p\u00f5lvkonda intelligentseid ja juhtmevabasid mururoboteid. Aura R2 seeria mudelid suudavad niita","og_url":"https:\/\/reginett.ee\/toode\/kaablivaba-robotniiduk-ego-aura-rmr3000e-uus\/","og_site_name":"Reginett","og_image":[{"width":900,"height":900,"url":"https:\/\/reginett.ee\/wp-content\/uploads\/2025\/12\/EGO-AUra-RM1500E.webp","type":"image\/webp"}],"twitter_card":"summary_large_image","twitter_misc":{"\u041f\u0440\u0438\u043c\u0435\u0440\u043d\u043e\u0435 \u0432\u0440\u0435\u043c\u044f \u0434\u043b\u044f \u0447\u0442\u0435\u043d\u0438\u044f":"4 \u043c\u0438\u043d\u0443\u0442\u044b"},"schema":{"@context":"https:\/\/schema.org","@graph":[{"@type":"WebPage","@id":"https:\/\/reginett.ee\/toode\/kaablivaba-robotniiduk-ego-aura-rmr3000e-uus\/","url":"https:\/\/reginett.ee\/toode\/kaablivaba-robotniiduk-ego-aura-rmr3000e-uus\/","name":"Kaablivaba robotniiduk EGO Aura RMR3000E","isPartOf":{"@id":"https:\/\/reginett.ee\/#website"},"primaryImageOfPage":{"@id":"https:\/\/reginett.ee\/toode\/kaablivaba-robotniiduk-ego-aura-rmr3000e-uus\/#primaryimage"},"image":{"@id":"https:\/\/reginett.ee\/toode\/kaablivaba-robotniiduk-ego-aura-rmr3000e-uus\/#primaryimage"},"thumbnailUrl":"https:\/\/reginett.ee\/wp-content\/uploads\/2025\/12\/EGO-AUra-RM1500E.webp","datePublished":"2025-12-29T10:04:28+00:00","description":"Kaablivaba EGO Aura R2 robotniidukite seeria esindab uut p\u00f5lvkonda intelligentseid ja juhtmevabasid mururoboteid. Aura R2 seeria mudelid suudavad niita","breadcrumb":{"@id":"https:\/\/reginett.ee\/toode\/kaablivaba-robotniiduk-ego-aura-rmr3000e-uus\/#breadcrumb"},"inLanguage":"ru-RU","potentialAction":[{"@type":"ReadAction","target":["https:\/\/reginett.ee\/toode\/kaablivaba-robotniiduk-ego-aura-rmr3000e-uus\/"]}]},{"@type":"ImageObject","inLanguage":"ru-RU","@id":"https:\/\/reginett.ee\/toode\/kaablivaba-robotniiduk-ego-aura-rmr3000e-uus\/#primaryimage","url":"https:\/\/reginett.ee\/wp-content\/uploads\/2025\/12\/EGO-AUra-RM1500E.webp","contentUrl":"https:\/\/reginett.ee\/wp-content\/uploads\/2025\/12\/EGO-AUra-RM1500E.webp","width":900,"height":900},{"@type":"BreadcrumbList","@id":"https:\/\/reginett.ee\/toode\/kaablivaba-robotniiduk-ego-aura-rmr3000e-uus\/#breadcrumb","itemListElement":[{"@type":"ListItem","position":1,"name":"Home","item":"https:\/\/reginett.ee\/ru\/"},{"@type":"ListItem","position":2,"name":"Tooted","item":"https:\/\/reginett.ee\/tooted\/"},{"@type":"ListItem","position":3,"name":"Kaablivaba robotniiduk EGO Aura RMR3000E UUS!"}]},{"@type":"WebSite","@id":"https:\/\/reginett.ee\/#website","url":"https:\/\/reginett.ee\/","name":"Reginett","description":"Parimad robotniidukid","potentialAction":[{"@type":"SearchAction","target":{"@type":"EntryPoint","urlTemplate":"https:\/\/reginett.ee\/?s={search_term_string}"},"query-input":{"@type":"PropertyValueSpecification","valueRequired":true,"valueName":"search_term_string"}}],"inLanguage":"ru-RU"}]}},"brands":[{"id":486,"name":"EGO","slug":"ego"}],"_links":{"self":[{"href":"https:\/\/reginett.ee\/ru\/wp-json\/wp\/v2\/product\/63617","targetHints":{"allow":["GET"]}}],"collection":[{"href":"https:\/\/reginett.ee\/ru\/wp-json\/wp\/v2\/product"}],"about":[{"href":"https:\/\/reginett.ee\/ru\/wp-json\/wp\/v2\/types\/product"}],"replies":[{"embeddable":true,"href":"https:\/\/reginett.ee\/ru\/wp-json\/wp\/v2\/comments?post=63617"}],"wp:featuredmedia":[{"embeddable":true,"href":"https:\/\/reginett.ee\/ru\/wp-json\/wp\/v2\/media\/63601"}],"wp:attachment":[{"href":"https:\/\/reginett.ee\/ru\/wp-json\/wp\/v2\/media?parent=63617"}],"wp:term":[{"taxonomy":"pwb-brand","embeddable":true,"href":"https:\/\/reginett.ee\/ru\/wp-json\/wp\/v2\/pwb-brand?post=63617"},{"taxonomy":"product_brand","embeddable":true,"href":"https:\/\/reginett.ee\/ru\/wp-json\/wp\/v2\/product_brand?post=63617"},{"taxonomy":"product_cat","embeddable":true,"href":"https:\/\/reginett.ee\/ru\/wp-json\/wp\/v2\/product_cat?post=63617"},{"taxonomy":"product_tag","embeddable":true,"href":"https:\/\/reginett.ee\/ru\/wp-json\/wp\/v2\/product_tag?post=63617"}],"curies":[{"name":"wp","href":"https:\/\/api.w.org\/{rel}","templated":true}]}}