{"id":63538,"date":"2025-12-04T12:10:16","date_gmt":"2025-12-04T09:10:16","guid":{"rendered":"https:\/\/reginett.ee\/?post_type=product&#038;p=63538"},"modified":"2026-02-26T13:34:37","modified_gmt":"2026-02-26T10:34:37","slug":"atv-trapper-guardian-750l-eps-kollane-uus","status":"publish","type":"product","link":"https:\/\/reginett.ee\/ru\/toode\/atv-trapper-guardian-750l-eps-kollane-uus\/","title":{"rendered":"ATV Trapper Guardian 750L EPS kollane UUS!"},"content":{"rendered":"<p data-start=\"420\" data-end=\"1005\"><strong data-start=\"420\" data-end=\"445\">ATV Trapper Guardian 750L EPS<\/strong> mudelil on mitmeid omadusi, mis teevad sellest suurep\u00e4rase valiku n\u00f5udlikesse tingimustesse ja mitmek\u00fclgseks kasutuseks. S\u00f5idukil on tagasilla lukustuse vabastus, v\u00f5tmeta k\u00e4ivitus, k\u00e4epideme- ja istmesoojendused, rehvir\u00f5huandurid ning gaasiamortisaatorid. V\u00f5imas 750cc mootor toodab 44 hj \/ 6000 rpm\/min ja 54 Nm 5500 rpm\/min. N\u00e4idikutepaneeliks on 7\u201d TFT ekraan ning masin on varustatud ka g\u00fcroskoobiga, mis j\u00e4gib t\u00e4pset s\u00f5iduki asendit maastiku suhtes. Rehvid on alumiiniumvelgedel on m\u00f5\u00f5tudega ees AT 26&#215;9-14 ja taga AT 26&#215;11-14.<br data-start=\"912\" data-end=\"915\" \/>See mudel viib j\u00f5udluse t\u00e4iesti uuele tasemele, pakkudes rohkem v\u00f5imsust ja vastupidavust. Parima garantiiga ATV turul!\u00a0 <strong>ATV Trapper Guardian 750L EPS<\/strong> on masin, milles saad kindel olla.<\/p>\n<p data-start=\"1007\" data-end=\"1243\">K\u00f5ik Trapper Guardian -seeria mudelid on standardvarustuses varustatud lisaks veel: n\u00f6\u00f6rvintsi, pikendatud haagisekonksuga ja 7-tollise digitaalse n\u00e4idikuga. Need omadused muudavad Guardian-mudelid mitmek\u00fclgseks abiliseks nii t\u00f6\u00f6le kui ka l\u00f5bus\u00f5itudele.<\/p>\n<h3 data-start=\"1007\" data-end=\"1243\"><span style=\"color: #800000;\"><strong>Garantii 6 aastat\u00a0<\/strong><\/span><\/h3>\n<h3 data-start=\"1250\" data-end=\"1271\"><strong data-start=\"1254\" data-end=\"1271\"><br \/>\nP\u00f5hiomadused:<\/strong><\/h3>\n<ul data-start=\"1272\" data-end=\"2101\">\n<li data-start=\"1318\" data-end=\"1341\">\n<p data-start=\"1320\" data-end=\"1341\"><strong data-start=\"1320\" data-end=\"1330\">7&#8243; TFT<\/strong> armatuur<\/p>\n<\/li>\n<li data-start=\"1342\" data-end=\"1377\">\n<p data-start=\"1344\" data-end=\"1377\">T\u00fc\u00fcbikinnitusega turvaline iste<\/p>\n<\/li>\n<li data-start=\"1378\" data-end=\"1403\">\n<p data-start=\"1380\" data-end=\"1403\">Registreeritud kahele<\/p>\n<\/li>\n<li data-start=\"1404\" data-end=\"1452\">\n<p data-start=\"1406\" data-end=\"1452\">Kiirus elektrooniliselt piiratud <strong data-start=\"1439\" data-end=\"1450\">60 km\/h<\/strong><\/p>\n<\/li>\n<li data-start=\"1298\" data-end=\"1364\">\n<p data-start=\"1300\" data-end=\"1364\">S\u00f5ita v\u00f5ib\u00a0 B- ja T- kategooria juhiloaga<\/p>\n<\/li>\n<li data-start=\"1560\" data-end=\"1588\">\n<p data-start=\"1562\" data-end=\"1588\">Ketaspidurid ees ja taga<\/p>\n<\/li>\n<li data-start=\"1589\" data-end=\"1626\">\n<p data-start=\"1591\" data-end=\"1626\">S\u00f5ltumatu vedrustus<\/p>\n<\/li>\n<li data-start=\"1627\" data-end=\"1659\">\n<p data-start=\"1629\" data-end=\"1659\">K\u00e4igukast: <strong data-start=\"1640\" data-end=\"1657\">L, H, R, N, P<\/strong><\/p>\n<\/li>\n<li data-start=\"1660\" data-end=\"1680\">\n<p data-start=\"1662\" data-end=\"1680\">EFI k\u00fctusepritse<\/p>\n<\/li>\n<li data-start=\"1716\" data-end=\"1758\">\n<p data-start=\"1718\" data-end=\"1758\"><strong data-start=\"1718\" data-end=\"1731\">2WD \/ 4WD<\/strong> elektrooniliselt valitav<\/p>\n<\/li>\n<li data-start=\"1759\" data-end=\"1790\">\n<p data-start=\"1761\" data-end=\"1790\">Lukustatav esidiferentsiaal<\/p>\n<\/li>\n<li>Lukustatav tagadiferentsiaal<\/li>\n<li data-start=\"1791\" data-end=\"1813\">\n<p data-start=\"1793\" data-end=\"1813\"><strong data-start=\"1793\" data-end=\"1805\">2500 lbs<\/strong> vints<\/p>\n<\/li>\n<li data-start=\"1814\" data-end=\"1836\">\n<p data-start=\"1816\" data-end=\"1836\">T\u00e4is-LED valgustus<\/p>\n<\/li>\n<li data-start=\"1837\" data-end=\"1849\">\n<p data-start=\"1839\" data-end=\"1849\">Veokonks<\/p>\n<\/li>\n<li data-start=\"1850\" data-end=\"1882\">\n<p data-start=\"1852\" data-end=\"1882\">K\u00e4epidemete ja istme soojendus<\/p>\n<\/li>\n<li data-start=\"1883\" data-end=\"1903\">\n<p data-start=\"1885\" data-end=\"1903\">Alumiiniumveljed<\/p>\n<\/li>\n<li data-start=\"1904\" data-end=\"1955\">\n<p data-start=\"1906\" data-end=\"1955\">Ees ja taga plastikkattega tugevad pakiraamid<\/p>\n<\/li>\n<li data-start=\"1998\" data-end=\"2018\">\n<p data-start=\"2000\" data-end=\"2018\">V\u00f5tmeta k\u00e4ivitus<\/p>\n<\/li>\n<li data-start=\"2019\" data-end=\"2033\">\n<p data-start=\"2021\" data-end=\"2033\">Gaasiamortisaatorid<\/p>\n<\/li>\n<li data-start=\"2034\" data-end=\"2054\">\n<p data-start=\"2036\" data-end=\"2054\">Rehvir\u00f5huandurid<\/p>\n<\/li>\n<li data-start=\"2090\" data-end=\"2101\">\n<p data-start=\"2092\" data-end=\"2101\">G\u00fcroskoop<\/p>\n<\/li>\n<\/ul>\n<p><span dir=\"auto\"><strong>M\u00f5\u00f5tmed:<\/strong><br \/>\nPikkus:\u00a02360mm<br \/>\n<\/span><span dir=\"auto\">Laius:\u00a01200mm<br \/>\nK\u00f5rgus:\u00a01450mm<br \/>\nTeljevahe: 1490 mm<br \/>\nK\u00fctusepaak: 18L<br \/>\nT\u00fchimass*:\u00a0 \u00a0452kg<br \/>\nKliirens: 275 mm<\/span><\/p>\n<p>* T\u00fchikaalu hulka loetakse: juhikaal; aku; s\u00f5iduki vajalikud vedelikud<\/p>\n<p><strong>Mootor:<\/strong><br \/>\nT\u00fc\u00fcp: 4-taktiline, 1-silindriline, SOCH<br \/>\nKubatuur: 750cc<br \/>\nSurveaste: 9.19:1<br \/>\nToites\u00fcsteem: EFI<br \/>\nJahutus: Vedelikjahutusega<br \/>\nK\u00e4ivitus: Elektristarter, v\u00f5tmeta<br \/>\nV\u00f5imsus: 44 HP, 54N.m\/5500rpm<\/p>\n<p><strong>Veermik:<\/strong><br \/>\nVedrustus: S\u00f5ltumatu ees ja taga<br \/>\nEsipidurid: Ketas \u00f5lipidurid<br \/>\nTagumised pidurid: Ketas \u00f5lipidurid<br \/>\nEsirehvid: AT 26\u00d79-14<br \/>\nTagumised rehvid: AT 26\u00d711-14<\/p>\n<p><strong>Teised andmed:<\/strong><br \/>\n\u00dclekanne: Automaatne CVT-k\u00e4igukast<br \/>\nN\u00e4idikutepaneel: 7-tolline TFT-ekraan<br \/>\nKiirusepiiraja:\u00a0 \u00a0 Elektriline 60km\/h<br \/>\nKategooria: T\u00e4navalegaalne T3b<br \/>\nMax s\u00f5itjate arv: 2 inimest<br \/>\nRooliv\u00f5imendi: Standardvarustuses<\/p>\n","protected":false},"excerpt":{"rendered":"<p data-start=\"420\" data-end=\"1005\"><strong data-start=\"420\" data-end=\"445\">ATV Trapper Guardian 750L EPS<\/strong> mudelil on mitmeid omadusi, mis teevad sellest suurep\u00e4rase valiku n\u00f5udlikesse tingimustesse ja mitmek\u00fclgseks kasutuseks. S\u00f5idukil on tagasilla lukustuse vabastus, v\u00f5tmeta k\u00e4ivitus, k\u00e4epideme- ja istmesoojendused, rehvir\u00f5huandurid ning gaasiamortisaatorid. V\u00f5imas 750cc mootor toodab 44 hj \/ 6000 rpm\/min ja 54 Nm 5500 rpm\/min. N\u00e4idikutepaneeliks on 7\u201d TFT ekraan ning masin on varustatud ka g\u00fcroskoobiga, mis j\u00e4gib t\u00e4pset s\u00f5iduki asendit maastiku suhtes. Rehvid on alumiiniumvelgedel on m\u00f5\u00f5tudega ees AT 26&#215;9-14 ja taga AT 26&#215;11-14.<br data-start=\"912\" data-end=\"915\" \/>See mudel viib j\u00f5udluse t\u00e4iesti uuele tasemele, pakkudes rohkem v\u00f5imsust ja vastupidavust. Parima garantiiga ATV Eesti turul!<\/p>\n<p data-start=\"1007\" data-end=\"1243\">K\u00f5ik Trapper Guardian -seeria mudelid on standardvarustuses varustatud lisaks veel: n\u00f6\u00f6rvintsi, pikendatud haagisekonksuga ja 7-tollise digitaalse n\u00e4idikuga. Need omadused muudavad Guardian-mudelid mitmek\u00fclgseks abiliseks nii t\u00f6\u00f6le kui ka l\u00f5bus\u00f5itudele.<\/p>\n<h3 data-start=\"1007\" data-end=\"1243\"><span style=\"color: #800000;\"><strong>Garantii 6 aastat\/ 20 000 km<\/strong><\/span><\/h3>\n","protected":false},"featured_media":63539,"comment_status":"open","ping_status":"closed","template":"","meta":{"_acf_changed":false,"_et_pb_use_builder":"","_et_pb_old_content":"","_et_gb_content_width":"","inline_featured_image":false},"pwb-brand":[794],"product_brand":[],"product_cat":[801,795,134,27],"product_tag":[796,803,798],"class_list":{"0":"post-63538","1":"product","2":"type-product","3":"status-publish","4":"has-post-thumbnail","6":"pwb-brand-trapper","7":"product_cat-atv-1","8":"product_cat-atv","9":"product_cat-eripakkumised","10":"product_cat-tooriistad-ja-tarvikud","11":"product_tag-atv","12":"product_tag-atv-trapper-guardian-750l-eps","13":"product_tag-parim-atv","14":"product_shipping_class-rasked-asjad","16":"first","17":"instock","18":"sale","19":"shipping-taxable","20":"purchasable","21":"product-type-simple"},"acf":[],"yoast_head":"<!-- This site is optimized with the Yoast SEO plugin v26.6 - https:\/\/yoast.com\/wordpress\/plugins\/seo\/ -->\n<title>ATV Trapper Guardian 750L EPS kollane UUS<\/title>\n<meta name=\"description\" content=\"ATV Trapper Guardian 750L EPS mudelil on mitmeid omadusi, mis teevad sellest suurep\u00e4rase valiku n\u00f5udlikesse tingimustesse ja mitmek\u00fclgseks kasutuseks.\" \/>\n<meta name=\"robots\" content=\"index, follow, max-snippet:-1, max-image-preview:large, max-video-preview:-1\" \/>\n<link rel=\"canonical\" href=\"https:\/\/reginett.ee\/toode\/atv-trapper-guardian-750l-eps-kollane-uus\/\" \/>\n<meta property=\"og:locale\" content=\"ru_RU\" \/>\n<meta property=\"og:type\" content=\"article\" \/>\n<meta property=\"og:title\" content=\"ATV Trapper Guardian 750L EPS kollane UUS\" \/>\n<meta property=\"og:description\" content=\"ATV Trapper Guardian 750L EPS mudelil on mitmeid omadusi, mis teevad sellest suurep\u00e4rase valiku n\u00f5udlikesse tingimustesse ja mitmek\u00fclgseks kasutuseks.\" \/>\n<meta property=\"og:url\" content=\"https:\/\/reginett.ee\/toode\/atv-trapper-guardian-750l-eps-kollane-uus\/\" \/>\n<meta property=\"og:site_name\" content=\"Reginett\" \/>\n<meta property=\"article:modified_time\" content=\"2026-02-26T10:34:37+00:00\" \/>\n<meta property=\"og:image\" content=\"https:\/\/reginett.ee\/wp-content\/uploads\/2025\/12\/ATV-Trapper-Guardian-750L-EPS-kollane.webp\" \/>\n\t<meta property=\"og:image:width\" content=\"680\" \/>\n\t<meta property=\"og:image:height\" content=\"372\" \/>\n\t<meta property=\"og:image:type\" content=\"image\/webp\" \/>\n<meta name=\"twitter:card\" content=\"summary_large_image\" \/>\n<meta name=\"twitter:label1\" content=\"\u041f\u0440\u0438\u043c\u0435\u0440\u043d\u043e\u0435 \u0432\u0440\u0435\u043c\u044f \u0434\u043b\u044f \u0447\u0442\u0435\u043d\u0438\u044f\" \/>\n\t<meta name=\"twitter:data1\" content=\"2 \u043c\u0438\u043d\u0443\u0442\u044b\" \/>\n<script type=\"application\/ld+json\" class=\"yoast-schema-graph\">{\"@context\":\"https:\/\/schema.org\",\"@graph\":[{\"@type\":\"WebPage\",\"@id\":\"https:\/\/reginett.ee\/toode\/atv-trapper-guardian-750l-eps-kollane-uus\/\",\"url\":\"https:\/\/reginett.ee\/toode\/atv-trapper-guardian-750l-eps-kollane-uus\/\",\"name\":\"ATV Trapper Guardian 750L EPS kollane UUS\",\"isPartOf\":{\"@id\":\"https:\/\/reginett.ee\/#website\"},\"primaryImageOfPage\":{\"@id\":\"https:\/\/reginett.ee\/toode\/atv-trapper-guardian-750l-eps-kollane-uus\/#primaryimage\"},\"image\":{\"@id\":\"https:\/\/reginett.ee\/toode\/atv-trapper-guardian-750l-eps-kollane-uus\/#primaryimage\"},\"thumbnailUrl\":\"https:\/\/reginett.ee\/wp-content\/uploads\/2025\/12\/ATV-Trapper-Guardian-750L-EPS-kollane.webp\",\"datePublished\":\"2025-12-04T09:10:16+00:00\",\"dateModified\":\"2026-02-26T10:34:37+00:00\",\"description\":\"ATV Trapper Guardian 750L EPS mudelil on mitmeid omadusi, mis teevad sellest suurep\u00e4rase valiku n\u00f5udlikesse tingimustesse ja mitmek\u00fclgseks kasutuseks.\",\"breadcrumb\":{\"@id\":\"https:\/\/reginett.ee\/toode\/atv-trapper-guardian-750l-eps-kollane-uus\/#breadcrumb\"},\"inLanguage\":\"ru-RU\",\"potentialAction\":[{\"@type\":\"ReadAction\",\"target\":[\"https:\/\/reginett.ee\/toode\/atv-trapper-guardian-750l-eps-kollane-uus\/\"]}]},{\"@type\":\"ImageObject\",\"inLanguage\":\"ru-RU\",\"@id\":\"https:\/\/reginett.ee\/toode\/atv-trapper-guardian-750l-eps-kollane-uus\/#primaryimage\",\"url\":\"https:\/\/reginett.ee\/wp-content\/uploads\/2025\/12\/ATV-Trapper-Guardian-750L-EPS-kollane.webp\",\"contentUrl\":\"https:\/\/reginett.ee\/wp-content\/uploads\/2025\/12\/ATV-Trapper-Guardian-750L-EPS-kollane.webp\",\"width\":680,\"height\":372,\"caption\":\"ATV-Trapper-Guardian-750L-EPS-kollane\"},{\"@type\":\"BreadcrumbList\",\"@id\":\"https:\/\/reginett.ee\/toode\/atv-trapper-guardian-750l-eps-kollane-uus\/#breadcrumb\",\"itemListElement\":[{\"@type\":\"ListItem\",\"position\":1,\"name\":\"Home\",\"item\":\"https:\/\/reginett.ee\/ru\/\"},{\"@type\":\"ListItem\",\"position\":2,\"name\":\"Tooted\",\"item\":\"https:\/\/reginett.ee\/tooted\/\"},{\"@type\":\"ListItem\",\"position\":3,\"name\":\"ATV Trapper Guardian 750L EPS kollane UUS!\"}]},{\"@type\":\"WebSite\",\"@id\":\"https:\/\/reginett.ee\/#website\",\"url\":\"https:\/\/reginett.ee\/\",\"name\":\"Reginett\",\"description\":\"Parimad robotniidukid\",\"potentialAction\":[{\"@type\":\"SearchAction\",\"target\":{\"@type\":\"EntryPoint\",\"urlTemplate\":\"https:\/\/reginett.ee\/?s={search_term_string}\"},\"query-input\":{\"@type\":\"PropertyValueSpecification\",\"valueRequired\":true,\"valueName\":\"search_term_string\"}}],\"inLanguage\":\"ru-RU\"}]}<\/script>\n<!-- \/ Yoast SEO plugin. -->","yoast_head_json":{"title":"ATV Trapper Guardian 750L EPS kollane UUS","description":"ATV Trapper Guardian 750L EPS mudelil on mitmeid omadusi, mis teevad sellest suurep\u00e4rase valiku n\u00f5udlikesse tingimustesse ja mitmek\u00fclgseks kasutuseks.","robots":{"index":"index","follow":"follow","max-snippet":"max-snippet:-1","max-image-preview":"max-image-preview:large","max-video-preview":"max-video-preview:-1"},"canonical":"https:\/\/reginett.ee\/toode\/atv-trapper-guardian-750l-eps-kollane-uus\/","og_locale":"ru_RU","og_type":"article","og_title":"ATV Trapper Guardian 750L EPS kollane UUS","og_description":"ATV Trapper Guardian 750L EPS mudelil on mitmeid omadusi, mis teevad sellest suurep\u00e4rase valiku n\u00f5udlikesse tingimustesse ja mitmek\u00fclgseks kasutuseks.","og_url":"https:\/\/reginett.ee\/toode\/atv-trapper-guardian-750l-eps-kollane-uus\/","og_site_name":"Reginett","article_modified_time":"2026-02-26T10:34:37+00:00","og_image":[{"width":680,"height":372,"url":"https:\/\/reginett.ee\/wp-content\/uploads\/2025\/12\/ATV-Trapper-Guardian-750L-EPS-kollane.webp","type":"image\/webp"}],"twitter_card":"summary_large_image","twitter_misc":{"\u041f\u0440\u0438\u043c\u0435\u0440\u043d\u043e\u0435 \u0432\u0440\u0435\u043c\u044f \u0434\u043b\u044f \u0447\u0442\u0435\u043d\u0438\u044f":"2 \u043c\u0438\u043d\u0443\u0442\u044b"},"schema":{"@context":"https:\/\/schema.org","@graph":[{"@type":"WebPage","@id":"https:\/\/reginett.ee\/toode\/atv-trapper-guardian-750l-eps-kollane-uus\/","url":"https:\/\/reginett.ee\/toode\/atv-trapper-guardian-750l-eps-kollane-uus\/","name":"ATV Trapper Guardian 750L EPS kollane UUS","isPartOf":{"@id":"https:\/\/reginett.ee\/#website"},"primaryImageOfPage":{"@id":"https:\/\/reginett.ee\/toode\/atv-trapper-guardian-750l-eps-kollane-uus\/#primaryimage"},"image":{"@id":"https:\/\/reginett.ee\/toode\/atv-trapper-guardian-750l-eps-kollane-uus\/#primaryimage"},"thumbnailUrl":"https:\/\/reginett.ee\/wp-content\/uploads\/2025\/12\/ATV-Trapper-Guardian-750L-EPS-kollane.webp","datePublished":"2025-12-04T09:10:16+00:00","dateModified":"2026-02-26T10:34:37+00:00","description":"ATV Trapper Guardian 750L EPS mudelil on mitmeid omadusi, mis teevad sellest suurep\u00e4rase valiku n\u00f5udlikesse tingimustesse ja mitmek\u00fclgseks kasutuseks.","breadcrumb":{"@id":"https:\/\/reginett.ee\/toode\/atv-trapper-guardian-750l-eps-kollane-uus\/#breadcrumb"},"inLanguage":"ru-RU","potentialAction":[{"@type":"ReadAction","target":["https:\/\/reginett.ee\/toode\/atv-trapper-guardian-750l-eps-kollane-uus\/"]}]},{"@type":"ImageObject","inLanguage":"ru-RU","@id":"https:\/\/reginett.ee\/toode\/atv-trapper-guardian-750l-eps-kollane-uus\/#primaryimage","url":"https:\/\/reginett.ee\/wp-content\/uploads\/2025\/12\/ATV-Trapper-Guardian-750L-EPS-kollane.webp","contentUrl":"https:\/\/reginett.ee\/wp-content\/uploads\/2025\/12\/ATV-Trapper-Guardian-750L-EPS-kollane.webp","width":680,"height":372,"caption":"ATV-Trapper-Guardian-750L-EPS-kollane"},{"@type":"BreadcrumbList","@id":"https:\/\/reginett.ee\/toode\/atv-trapper-guardian-750l-eps-kollane-uus\/#breadcrumb","itemListElement":[{"@type":"ListItem","position":1,"name":"Home","item":"https:\/\/reginett.ee\/ru\/"},{"@type":"ListItem","position":2,"name":"Tooted","item":"https:\/\/reginett.ee\/tooted\/"},{"@type":"ListItem","position":3,"name":"ATV Trapper Guardian 750L EPS kollane UUS!"}]},{"@type":"WebSite","@id":"https:\/\/reginett.ee\/#website","url":"https:\/\/reginett.ee\/","name":"Reginett","description":"Parimad robotniidukid","potentialAction":[{"@type":"SearchAction","target":{"@type":"EntryPoint","urlTemplate":"https:\/\/reginett.ee\/?s={search_term_string}"},"query-input":{"@type":"PropertyValueSpecification","valueRequired":true,"valueName":"search_term_string"}}],"inLanguage":"ru-RU"}]}},"brands":[{"id":794,"name":"Trapper","slug":"trapper"}],"_links":{"self":[{"href":"https:\/\/reginett.ee\/ru\/wp-json\/wp\/v2\/product\/63538","targetHints":{"allow":["GET"]}}],"collection":[{"href":"https:\/\/reginett.ee\/ru\/wp-json\/wp\/v2\/product"}],"about":[{"href":"https:\/\/reginett.ee\/ru\/wp-json\/wp\/v2\/types\/product"}],"replies":[{"embeddable":true,"href":"https:\/\/reginett.ee\/ru\/wp-json\/wp\/v2\/comments?post=63538"}],"wp:featuredmedia":[{"embeddable":true,"href":"https:\/\/reginett.ee\/ru\/wp-json\/wp\/v2\/media\/63539"}],"wp:attachment":[{"href":"https:\/\/reginett.ee\/ru\/wp-json\/wp\/v2\/media?parent=63538"}],"wp:term":[{"taxonomy":"pwb-brand","embeddable":true,"href":"https:\/\/reginett.ee\/ru\/wp-json\/wp\/v2\/pwb-brand?post=63538"},{"taxonomy":"product_brand","embeddable":true,"href":"https:\/\/reginett.ee\/ru\/wp-json\/wp\/v2\/product_brand?post=63538"},{"taxonomy":"product_cat","embeddable":true,"href":"https:\/\/reginett.ee\/ru\/wp-json\/wp\/v2\/product_cat?post=63538"},{"taxonomy":"product_tag","embeddable":true,"href":"https:\/\/reginett.ee\/ru\/wp-json\/wp\/v2\/product_tag?post=63538"}],"curies":[{"name":"wp","href":"https:\/\/api.w.org\/{rel}","templated":true}]}}