{"id":63535,"date":"2025-12-04T11:29:28","date_gmt":"2025-12-04T08:29:28","guid":{"rendered":"https:\/\/reginett.ee\/?post_type=product&#038;p=63535"},"modified":"2025-12-04T12:38:18","modified_gmt":"2025-12-04T09:38:18","slug":"atv-trapper-guardian-450l-eps-punane-uus","status":"publish","type":"product","link":"https:\/\/reginett.ee\/ru\/toode\/atv-trapper-guardian-450l-eps-punane-uus\/","title":{"rendered":"ATV Trapper Guardian 450L EPS punane UUS!"},"content":{"rendered":"<p data-start=\"84\" data-end=\"394\"><strong data-start=\"84\" data-end=\"104\">ATV Trapper Guardian <\/strong>\u2013 seeria ATV-d on suurep\u00e4rane valik mitmek\u00fclgseks kasutuseks. Mudelivalikust leiab mitmeid erinevaid variante, mis pakuvad v\u00e4ga head j\u00f5udlust ja kaasaegset disaini. Olgu eesm\u00e4rgiks t\u00f6\u00f6 v\u00f5i vaba aja veetmine \u2013 Trapper Guardian ATV-d on usaldusv\u00e4\u00e4rsed partnerid igas olukorras.<\/p>\n<p data-start=\"396\" data-end=\"824\"><strong data-start=\"396\" data-end=\"421\">ATV Trapper Guardian 450L<\/strong> <strong>EPS<\/strong> on eriti hea valik neile, kes otsivad nii t\u00f6\u00f6ks kui ka puhkehetkedeks mitmek\u00fclgset masinat. Mudel pakub suurep\u00e4rast j\u00f5udlust ja mugavust. Guardian 450L on varustatud 400cc 4-taktilise, 1-silindrilise SOHC-mootoriga, mis toodab 31 hj 7000 p\/min juures ja 32 Nm p\u00f6\u00f6rdemomenti 6000 p\/min juures. ATV on registreeritud kahele s\u00f5itjale ning standardvarustuses on k\u00e4ekaitsmed ja kaass\u00f5itjale mugav seljatugi. ATV <strong>Trapper Guardian 450L EPS<\/strong> mudelil on juba standardvarustuses <strong>rooliv\u00f5imendi<\/strong>, mis muudab masinaga s\u00f5itmise lihtsaks ja nauditavaks.<\/p>\n<p data-start=\"826\" data-end=\"1081\">K\u00f5ik Trapper Guardiani mudelid on standardvarustuses rikkalikult varustatud: <strong>elektriline vintsi, pikendatud haagisekonksu, LED- t\u00fc\u00fcpi tulede<\/strong> ja <strong>7\u2033 digitaalse n\u00e4idikupaneeliga<\/strong>. Need omadused muudavad Guardian-seeria ATV-d mitmek\u00fclgseks ja tagavad v\u00f5imekuse igas olukorras.<\/p>\n<h3><span style=\"color: #800000;\"><strong>Garantii 6 aastat!<\/strong><\/span><\/h3>\n<p>&nbsp;<\/p>\n<h3 data-start=\"1083\" data-end=\"1099\">P\u00f5hivarustus<\/h3>\n<ul data-start=\"1100\" data-end=\"1679\">\n<li data-start=\"1142\" data-end=\"1159\">\n<p data-start=\"1144\" data-end=\"1159\">7\u2033 LCD n\u00e4idikute paneel<\/p>\n<\/li>\n<li data-start=\"1160\" data-end=\"1195\">\n<p data-start=\"1162\" data-end=\"1195\">T\u00fc\u00fcbikinnitusega turvaline iste<\/p>\n<\/li>\n<li data-start=\"1196\" data-end=\"1221\">\n<p data-start=\"1198\" data-end=\"1221\">Registreeritud kahele<\/p>\n<\/li>\n<li data-start=\"1222\" data-end=\"1266\">\n<p data-start=\"1224\" data-end=\"1266\">Kiirus elektrooniliselt piiratud 60 km\/h<\/p>\n<\/li>\n<li data-start=\"1298\" data-end=\"1364\">\n<p data-start=\"1300\" data-end=\"1364\">S\u00f5ita v\u00f5ib\u00a0 B- ja T- kategooria juhiloaga<\/p>\n<\/li>\n<li data-start=\"1365\" data-end=\"1393\">\n<p data-start=\"1367\" data-end=\"1393\">Ketaspidurid ees ja taga<\/p>\n<\/li>\n<li data-start=\"1394\" data-end=\"1425\">\n<p data-start=\"1396\" data-end=\"1425\">S\u00f5ltumatu vedrustus<\/p>\n<\/li>\n<li data-start=\"1426\" data-end=\"1454\">\n<p data-start=\"1428\" data-end=\"1454\">K\u00e4igukast: L, H, R, N, P<\/p>\n<\/li>\n<li data-start=\"1455\" data-end=\"1475\">\n<p data-start=\"1457\" data-end=\"1475\">EFI k\u00fctusepritse<\/p>\n<\/li>\n<li data-start=\"1476\" data-end=\"1510\">\n<p data-start=\"1478\" data-end=\"1510\">Tugevad pakiraamid ees ja taga<\/p>\n<\/li>\n<li data-start=\"1511\" data-end=\"1549\">\n<p data-start=\"1513\" data-end=\"1549\">2WD \/ 4WD elektrooniliselt l\u00fclitatav<\/p>\n<\/li>\n<li data-start=\"1550\" data-end=\"1581\">\n<p data-start=\"1552\" data-end=\"1581\">Lukustatav esidiferentsiaal<\/p>\n<\/li>\n<li data-start=\"1582\" data-end=\"1612\">\n<p data-start=\"1584\" data-end=\"1612\">2500 lbs elektriline n\u00f6\u00f6rvints<\/p>\n<\/li>\n<li data-start=\"1613\" data-end=\"1635\">\n<p data-start=\"1615\" data-end=\"1635\">T\u00e4is-LED valgustus<\/p>\n<\/li>\n<li data-start=\"1636\" data-end=\"1652\">\n<p data-start=\"1638\" data-end=\"1652\">Haagisekonks<\/p>\n<\/li>\n<li data-start=\"1653\" data-end=\"1679\">\n<p data-start=\"1655\" data-end=\"1679\">K\u00e4ekaitsmed ja seljatugi<\/p>\n<\/li>\n<\/ul>\n<h2><span dir=\"auto\">Spetsifikatsioonid<\/span><\/h2>\n<p><span dir=\"auto\"><strong>M\u00f5\u00f5tmed:<\/strong><br \/>\nPikkus:\u00a02360mm<br \/>\n<\/span><span dir=\"auto\">Laius:\u00a01200mm<br \/>\nK\u00f5rgus:\u00a01450mm<br \/>\nTeljevahe: 1490 mm<br \/>\nK\u00fctusepaak: 18L<br \/>\nT\u00fchimass*:\u00a0 \u00a0452kg<br \/>\nKliirens: 275 mm<\/span><\/p>\n<p>* T\u00fchikaalu hulka loetakse: juhikaal; aku; s\u00f5iduki vajalikud vedelikud<\/p>\n<p><strong>Mootor:<\/strong><br \/>\nT\u00fc\u00fcp: 4-taktiline, 1-silindriline, SOCH<br \/>\nKubatuur: 400cc<br \/>\nSurveaste: 10.39:1<br \/>\nToites\u00fcsteem: EFI<br \/>\nJahutus: Vedelikjahutusega<br \/>\nK\u00e4ivitus: Elektristarter<br \/>\nV\u00f5imsus: 31 hj, 32 Nm \/ 6000 p\/min<\/p>\n<p><strong>Veermik:<\/strong><br \/>\nVedrustus: S\u00f5ltumatu ees ja taga<br \/>\nEsipidurid: Ketas \u00f5lipidurid<br \/>\nTagumised pidurid: Ketas \u00f5lipidurid<br \/>\nEsirehvid:\u00a0 \u00a0 AT 24\u00d78-12<br \/>\nTagumised rehvid:\u00a0 \u00a0AT 24\u00d710-12<\/p>\n<p><strong>Teised andmed:<\/strong><br \/>\n\u00dclekanne: Automaatne CVT-k\u00e4igukast<br \/>\nN\u00e4idikutepaneel: 7-tolline LCD-ekraan<br \/>\nKiirusepiiraja:\u00a0 \u00a0 Elektriline 60km\/h<br \/>\nKategooria: T\u00e4navalegaalne T3b<br \/>\nMax s\u00f5itjate arv:\u00a0 \u00a0 2-inimest<br \/>\nRooliv\u00f5imendi: standardvarustuses<\/p>\n","protected":false},"excerpt":{"rendered":"<p data-start=\"396\" data-end=\"824\"><strong data-start=\"396\" data-end=\"421\">ATV Trapper Guardian 450L<\/strong> <strong>EPS<\/strong> on eriti hea valik neile, kes otsivad nii t\u00f6\u00f6ks kui ka puhkehetkedeks mitmek\u00fclgset masinat. Mudel pakub suurep\u00e4rast j\u00f5udlust ja mugavust. Guardian 450L on varustatud 400cc 4-taktilise, 1-silindrilise SOHC-mootoriga, mis toodab 31 hj 7000 p\/min juures ja 32 Nm p\u00f6\u00f6rdemomenti 6000 p\/min juures. ATV on registreeritud kahele s\u00f5itjale ning standardvarustuses on k\u00e4ekaitsmed ja kaass\u00f5itjale mugav seljatugi. ATV <strong>Trapper Guardian 450L EPS<\/strong> mudelil on juba standardvarustuses <strong>rooliv\u00f5imendi<\/strong>, mis muudab masinaga s\u00f5itmise lihtsaks ja nauditavaks.<\/p>\n<p data-start=\"826\" data-end=\"1081\">K\u00f5ik Trapper Guardiani mudelid on standardvarustuses rikkalikult varustatud: <strong>elektriline vintsi, pikendatud haagisekonksu, LED- t\u00fc\u00fcpi tulede<\/strong> ja <strong>7\u2033 digitaalse n\u00e4idikupaneeliga<\/strong>. Need omadused muudavad Guardian-seeria ATV-d mitmek\u00fclgseks ja tagavad v\u00f5imekuse igas olukorras.<\/p>\n<h3><span style=\"color: #800000;\"><strong>Garantii 6 aastat \/ 20 000 km<\/strong><\/span><\/h3>\n","protected":false},"featured_media":63536,"comment_status":"open","ping_status":"closed","template":"","meta":{"_acf_changed":false,"_et_pb_use_builder":"","_et_pb_old_content":"","_et_gb_content_width":"","inline_featured_image":false},"pwb-brand":[794],"product_brand":[],"product_cat":[801,795,134,27],"product_tag":[798,797,802],"class_list":{"0":"post-63535","1":"product","2":"type-product","3":"status-publish","4":"has-post-thumbnail","6":"pwb-brand-trapper","7":"product_cat-atv-1","8":"product_cat-atv","9":"product_cat-eripakkumised","10":"product_cat-tooriistad-ja-tarvikud","11":"product_tag-parim-atv","12":"product_tag-trapper","13":"product_tag-trapper-guardian-450l-eps","14":"product_shipping_class-rasked-asjad","16":"first","17":"instock","18":"sale","19":"shipping-taxable","20":"purchasable","21":"product-type-simple"},"acf":[],"yoast_head":"<!-- This site is optimized with the Yoast SEO plugin v26.6 - https:\/\/yoast.com\/wordpress\/plugins\/seo\/ -->\n<title>ATV Trapper Guardian 450L EPS punane<\/title>\n<meta name=\"description\" content=\"ATV Trapper Guardian 450L EPS on eriti hea valik neile, kes otsivad nii t\u00f6\u00f6ks kui ka puhkehetkedeks mitmek\u00fclgset masinat. Mudel pakub suurep\u00e4rast j\u00f5udlust\" \/>\n<meta name=\"robots\" content=\"index, follow, max-snippet:-1, max-image-preview:large, max-video-preview:-1\" \/>\n<link rel=\"canonical\" href=\"https:\/\/reginett.ee\/toode\/atv-trapper-guardian-450l-eps-punane-uus\/\" \/>\n<meta property=\"og:locale\" content=\"ru_RU\" \/>\n<meta property=\"og:type\" content=\"article\" \/>\n<meta property=\"og:title\" content=\"ATV Trapper Guardian 450L EPS punane\" \/>\n<meta property=\"og:description\" content=\"ATV Trapper Guardian 450L EPS on eriti hea valik neile, kes otsivad nii t\u00f6\u00f6ks kui ka puhkehetkedeks mitmek\u00fclgset masinat. Mudel pakub suurep\u00e4rast j\u00f5udlust\" \/>\n<meta property=\"og:url\" content=\"https:\/\/reginett.ee\/toode\/atv-trapper-guardian-450l-eps-punane-uus\/\" \/>\n<meta property=\"og:site_name\" content=\"Reginett\" \/>\n<meta property=\"article:modified_time\" content=\"2025-12-04T09:38:18+00:00\" \/>\n<meta property=\"og:image\" content=\"https:\/\/reginett.ee\/wp-content\/uploads\/2025\/12\/ATV-Trapper-Guardian-450L-EPS-punane.webp\" \/>\n\t<meta property=\"og:image:width\" content=\"680\" \/>\n\t<meta property=\"og:image:height\" content=\"372\" \/>\n\t<meta property=\"og:image:type\" content=\"image\/webp\" \/>\n<meta name=\"twitter:card\" content=\"summary_large_image\" \/>\n<meta name=\"twitter:label1\" content=\"\u041f\u0440\u0438\u043c\u0435\u0440\u043d\u043e\u0435 \u0432\u0440\u0435\u043c\u044f \u0434\u043b\u044f \u0447\u0442\u0435\u043d\u0438\u044f\" \/>\n\t<meta name=\"twitter:data1\" content=\"2 \u043c\u0438\u043d\u0443\u0442\u044b\" \/>\n<script type=\"application\/ld+json\" class=\"yoast-schema-graph\">{\"@context\":\"https:\/\/schema.org\",\"@graph\":[{\"@type\":\"WebPage\",\"@id\":\"https:\/\/reginett.ee\/toode\/atv-trapper-guardian-450l-eps-punane-uus\/\",\"url\":\"https:\/\/reginett.ee\/toode\/atv-trapper-guardian-450l-eps-punane-uus\/\",\"name\":\"ATV Trapper Guardian 450L EPS punane\",\"isPartOf\":{\"@id\":\"https:\/\/reginett.ee\/#website\"},\"primaryImageOfPage\":{\"@id\":\"https:\/\/reginett.ee\/toode\/atv-trapper-guardian-450l-eps-punane-uus\/#primaryimage\"},\"image\":{\"@id\":\"https:\/\/reginett.ee\/toode\/atv-trapper-guardian-450l-eps-punane-uus\/#primaryimage\"},\"thumbnailUrl\":\"https:\/\/reginett.ee\/wp-content\/uploads\/2025\/12\/ATV-Trapper-Guardian-450L-EPS-punane.webp\",\"datePublished\":\"2025-12-04T08:29:28+00:00\",\"dateModified\":\"2025-12-04T09:38:18+00:00\",\"description\":\"ATV Trapper Guardian 450L EPS on eriti hea valik neile, kes otsivad nii t\u00f6\u00f6ks kui ka puhkehetkedeks mitmek\u00fclgset masinat. Mudel pakub suurep\u00e4rast j\u00f5udlust\",\"breadcrumb\":{\"@id\":\"https:\/\/reginett.ee\/toode\/atv-trapper-guardian-450l-eps-punane-uus\/#breadcrumb\"},\"inLanguage\":\"ru-RU\",\"potentialAction\":[{\"@type\":\"ReadAction\",\"target\":[\"https:\/\/reginett.ee\/toode\/atv-trapper-guardian-450l-eps-punane-uus\/\"]}]},{\"@type\":\"ImageObject\",\"inLanguage\":\"ru-RU\",\"@id\":\"https:\/\/reginett.ee\/toode\/atv-trapper-guardian-450l-eps-punane-uus\/#primaryimage\",\"url\":\"https:\/\/reginett.ee\/wp-content\/uploads\/2025\/12\/ATV-Trapper-Guardian-450L-EPS-punane.webp\",\"contentUrl\":\"https:\/\/reginett.ee\/wp-content\/uploads\/2025\/12\/ATV-Trapper-Guardian-450L-EPS-punane.webp\",\"width\":680,\"height\":372,\"caption\":\"ATV-Trapper-Guardian-450L-EPS-punane\"},{\"@type\":\"BreadcrumbList\",\"@id\":\"https:\/\/reginett.ee\/toode\/atv-trapper-guardian-450l-eps-punane-uus\/#breadcrumb\",\"itemListElement\":[{\"@type\":\"ListItem\",\"position\":1,\"name\":\"Home\",\"item\":\"https:\/\/reginett.ee\/ru\/\"},{\"@type\":\"ListItem\",\"position\":2,\"name\":\"Tooted\",\"item\":\"https:\/\/reginett.ee\/tooted\/\"},{\"@type\":\"ListItem\",\"position\":3,\"name\":\"ATV Trapper Guardian 450L EPS punane UUS!\"}]},{\"@type\":\"WebSite\",\"@id\":\"https:\/\/reginett.ee\/#website\",\"url\":\"https:\/\/reginett.ee\/\",\"name\":\"Reginett\",\"description\":\"Parimad robotniidukid\",\"potentialAction\":[{\"@type\":\"SearchAction\",\"target\":{\"@type\":\"EntryPoint\",\"urlTemplate\":\"https:\/\/reginett.ee\/?s={search_term_string}\"},\"query-input\":{\"@type\":\"PropertyValueSpecification\",\"valueRequired\":true,\"valueName\":\"search_term_string\"}}],\"inLanguage\":\"ru-RU\"}]}<\/script>\n<!-- \/ Yoast SEO plugin. -->","yoast_head_json":{"title":"ATV Trapper Guardian 450L EPS punane","description":"ATV Trapper Guardian 450L EPS on eriti hea valik neile, kes otsivad nii t\u00f6\u00f6ks kui ka puhkehetkedeks mitmek\u00fclgset masinat. Mudel pakub suurep\u00e4rast j\u00f5udlust","robots":{"index":"index","follow":"follow","max-snippet":"max-snippet:-1","max-image-preview":"max-image-preview:large","max-video-preview":"max-video-preview:-1"},"canonical":"https:\/\/reginett.ee\/toode\/atv-trapper-guardian-450l-eps-punane-uus\/","og_locale":"ru_RU","og_type":"article","og_title":"ATV Trapper Guardian 450L EPS punane","og_description":"ATV Trapper Guardian 450L EPS on eriti hea valik neile, kes otsivad nii t\u00f6\u00f6ks kui ka puhkehetkedeks mitmek\u00fclgset masinat. Mudel pakub suurep\u00e4rast j\u00f5udlust","og_url":"https:\/\/reginett.ee\/toode\/atv-trapper-guardian-450l-eps-punane-uus\/","og_site_name":"Reginett","article_modified_time":"2025-12-04T09:38:18+00:00","og_image":[{"width":680,"height":372,"url":"https:\/\/reginett.ee\/wp-content\/uploads\/2025\/12\/ATV-Trapper-Guardian-450L-EPS-punane.webp","type":"image\/webp"}],"twitter_card":"summary_large_image","twitter_misc":{"\u041f\u0440\u0438\u043c\u0435\u0440\u043d\u043e\u0435 \u0432\u0440\u0435\u043c\u044f \u0434\u043b\u044f \u0447\u0442\u0435\u043d\u0438\u044f":"2 \u043c\u0438\u043d\u0443\u0442\u044b"},"schema":{"@context":"https:\/\/schema.org","@graph":[{"@type":"WebPage","@id":"https:\/\/reginett.ee\/toode\/atv-trapper-guardian-450l-eps-punane-uus\/","url":"https:\/\/reginett.ee\/toode\/atv-trapper-guardian-450l-eps-punane-uus\/","name":"ATV Trapper Guardian 450L EPS punane","isPartOf":{"@id":"https:\/\/reginett.ee\/#website"},"primaryImageOfPage":{"@id":"https:\/\/reginett.ee\/toode\/atv-trapper-guardian-450l-eps-punane-uus\/#primaryimage"},"image":{"@id":"https:\/\/reginett.ee\/toode\/atv-trapper-guardian-450l-eps-punane-uus\/#primaryimage"},"thumbnailUrl":"https:\/\/reginett.ee\/wp-content\/uploads\/2025\/12\/ATV-Trapper-Guardian-450L-EPS-punane.webp","datePublished":"2025-12-04T08:29:28+00:00","dateModified":"2025-12-04T09:38:18+00:00","description":"ATV Trapper Guardian 450L EPS on eriti hea valik neile, kes otsivad nii t\u00f6\u00f6ks kui ka puhkehetkedeks mitmek\u00fclgset masinat. Mudel pakub suurep\u00e4rast j\u00f5udlust","breadcrumb":{"@id":"https:\/\/reginett.ee\/toode\/atv-trapper-guardian-450l-eps-punane-uus\/#breadcrumb"},"inLanguage":"ru-RU","potentialAction":[{"@type":"ReadAction","target":["https:\/\/reginett.ee\/toode\/atv-trapper-guardian-450l-eps-punane-uus\/"]}]},{"@type":"ImageObject","inLanguage":"ru-RU","@id":"https:\/\/reginett.ee\/toode\/atv-trapper-guardian-450l-eps-punane-uus\/#primaryimage","url":"https:\/\/reginett.ee\/wp-content\/uploads\/2025\/12\/ATV-Trapper-Guardian-450L-EPS-punane.webp","contentUrl":"https:\/\/reginett.ee\/wp-content\/uploads\/2025\/12\/ATV-Trapper-Guardian-450L-EPS-punane.webp","width":680,"height":372,"caption":"ATV-Trapper-Guardian-450L-EPS-punane"},{"@type":"BreadcrumbList","@id":"https:\/\/reginett.ee\/toode\/atv-trapper-guardian-450l-eps-punane-uus\/#breadcrumb","itemListElement":[{"@type":"ListItem","position":1,"name":"Home","item":"https:\/\/reginett.ee\/ru\/"},{"@type":"ListItem","position":2,"name":"Tooted","item":"https:\/\/reginett.ee\/tooted\/"},{"@type":"ListItem","position":3,"name":"ATV Trapper Guardian 450L EPS punane UUS!"}]},{"@type":"WebSite","@id":"https:\/\/reginett.ee\/#website","url":"https:\/\/reginett.ee\/","name":"Reginett","description":"Parimad robotniidukid","potentialAction":[{"@type":"SearchAction","target":{"@type":"EntryPoint","urlTemplate":"https:\/\/reginett.ee\/?s={search_term_string}"},"query-input":{"@type":"PropertyValueSpecification","valueRequired":true,"valueName":"search_term_string"}}],"inLanguage":"ru-RU"}]}},"brands":[{"id":794,"name":"Trapper","slug":"trapper"}],"_links":{"self":[{"href":"https:\/\/reginett.ee\/ru\/wp-json\/wp\/v2\/product\/63535","targetHints":{"allow":["GET"]}}],"collection":[{"href":"https:\/\/reginett.ee\/ru\/wp-json\/wp\/v2\/product"}],"about":[{"href":"https:\/\/reginett.ee\/ru\/wp-json\/wp\/v2\/types\/product"}],"replies":[{"embeddable":true,"href":"https:\/\/reginett.ee\/ru\/wp-json\/wp\/v2\/comments?post=63535"}],"wp:featuredmedia":[{"embeddable":true,"href":"https:\/\/reginett.ee\/ru\/wp-json\/wp\/v2\/media\/63536"}],"wp:attachment":[{"href":"https:\/\/reginett.ee\/ru\/wp-json\/wp\/v2\/media?parent=63535"}],"wp:term":[{"taxonomy":"pwb-brand","embeddable":true,"href":"https:\/\/reginett.ee\/ru\/wp-json\/wp\/v2\/pwb-brand?post=63535"},{"taxonomy":"product_brand","embeddable":true,"href":"https:\/\/reginett.ee\/ru\/wp-json\/wp\/v2\/product_brand?post=63535"},{"taxonomy":"product_cat","embeddable":true,"href":"https:\/\/reginett.ee\/ru\/wp-json\/wp\/v2\/product_cat?post=63535"},{"taxonomy":"product_tag","embeddable":true,"href":"https:\/\/reginett.ee\/ru\/wp-json\/wp\/v2\/product_tag?post=63535"}],"curies":[{"name":"wp","href":"https:\/\/api.w.org\/{rel}","templated":true}]}}