{"id":63503,"date":"2025-12-02T10:54:09","date_gmt":"2025-12-02T07:54:09","guid":{"rendered":"https:\/\/reginett.ee\/?post_type=product&#038;p=63503"},"modified":"2025-12-02T10:54:57","modified_gmt":"2025-12-02T07:54:57","slug":"roivaauriti-singer-1500w","status":"publish","type":"product","link":"https:\/\/reginett.ee\/ru\/toode\/roivaauriti-singer-1500w\/","title":{"rendered":"R\u00f5ivaauruti Singer 1500W"},"content":{"rendered":"<p><strong>R\u00f5ivaauriti Singer 1500W on<\/strong> v\u00e4ga praktiline abivahend igasse kodusse. Kangad n\u00e4evad parimad v\u00e4lja t\u00e4nu klienditagasiside p\u00f5hjal loodud SINGER\u00ae 1500W k\u00e4siaurutile. See suure j\u00f5udlusega, iseseisev k\u00e4siauruti eemaldab kortsud vaid minutitega! T\u00e4nu vaid20-sekundilisele kuumenemisajale ja suurele 1500-vatisele auruv\u00e4ljundile (25 g\/min) saate nautid kiiremaid ja sujuvamaid tulemusi. Lisaks s\u00e4\u00e4stab suur 280 ml eemaldatav veepaak teie aega, kunaveepaaki tuleb harvemini t\u00e4ita. 30-minutiline automaatne v\u00e4ljal\u00fclitusviivitus hoiab auruti valmis ka pikemate projektide ajal.<br \/>\nAuruti komplekti kuuluvad ka spetsiaalsed tarvikud, sealhulgas ebemehari, kangahari ja kandekott,mis muudavad hoiustamise lihtsamaks. SINGER\u00ae m\u00f5istab kangahoolduse ja professionaalsete,<br \/>\nkortsuvabade tulemuste t\u00e4htsust. Seep\u00e4rast ongi SINGER\u00ae 1500W k\u00e4siauruti loodud just Teie ja Teie hooldusprojektide jaoks.<\/p>\n<p>Professionaalne kortsuvaba tulemus<\/p>\n<p>\u2022 V\u00f5imas ja pidev aurupahvak<br \/>\n\u2022 \u00dclikiire kuumenemisaeg &#8212; 20sek<br \/>\n\u2022 30-minutiline automaatne v\u00e4ljal\u00fclitusviivitus<br \/>\n\u2022 Suur 280ml veepaak<br \/>\n\u2022 3 meetri pikkune juhe<\/p>\n<p>&nbsp;<\/p>\n<p>Komplekti kuuluvad tarvikud:<\/p>\n<p>\u2022 Ebemehari: Eemaldab ebemed aurutamise ajal.<br \/>\n\u2022 Kangahari: Eemaldab karvad aurutamise ajal.<br \/>\n\u2022 M\u00f5\u00f5dutops: M\u00f5\u00f5dab kuni 100 ml vett, mida saab valada auruti 280 ml veepaaki.<br \/>\n\u2022 1 kandekott: Kaitseb aurutit ja selle tarvikuid, kui see ei ole kasutusel v\u00f5i kui seda on vaja<br \/>\nkaasas kanda.<\/p>\n","protected":false},"excerpt":{"rendered":"<p><strong>R\u00f5ivaauriti Singer 1500W on<\/strong> v\u00e4ga praktiline abivahend igasse kodusse. Kangad n\u00e4evad parimad v\u00e4lja t\u00e4nu klienditagasiside p\u00f5hjal loodud SINGER\u00ae 1500W k\u00e4siaurutile. See suure j\u00f5udlusega, iseseisev k\u00e4siauruti eemaldab kortsud vaid minutitega! T\u00e4nu vaid20-sekundilisele kuumenemisajale ja suurele 1500-vatisele auruv\u00e4ljundile (25 g\/min) saate nautid kiiremaid ja sujuvamaid tulemusi. Lisaks s\u00e4\u00e4stab suur 280 ml eemaldatav veepaak teie aega, kunaveepaaki tuleb harvemini t\u00e4ita. 30-minutiline automaatne v\u00e4ljal\u00fclitusviivitus hoiab auruti valmis ka pikemate projektide ajal.<\/p>\n","protected":false},"featured_media":63504,"comment_status":"open","ping_status":"closed","template":"","meta":{"_acf_changed":false,"_et_pb_use_builder":"","_et_pb_old_content":"","_et_gb_content_width":"","inline_featured_image":false},"pwb-brand":[588],"product_brand":[],"product_cat":[478,231,55],"product_tag":[790,789,792,791,793],"class_list":{"0":"post-63503","1":"product","2":"type-product","3":"status-publish","4":"has-post-thumbnail","6":"pwb-brand-singer","7":"product_cat-vaba-aeg","8":"product_cat-kingiideed","9":"product_cat-omblusmasinad-ja-tarvikud","10":"product_tag-aurutaja","11":"product_tag-auruti","12":"product_tag-roivaauriti","13":"product_tag-roivaaurutaja","14":"product_tag-roivaauruti","16":"first","17":"instock","18":"sale","19":"shipping-taxable","20":"purchasable","21":"product-type-simple"},"acf":[],"yoast_head":"<!-- This site is optimized with the Yoast SEO plugin v26.6 - https:\/\/yoast.com\/wordpress\/plugins\/seo\/ -->\n<title>R\u00f5ivaauriti Singer 1500W<\/title>\n<meta name=\"description\" content=\"R\u00f5ivaauriti Singer 1500W on v\u00e4ga praktiline abivahend igasse kodusse. Kangad n\u00e4evad parimad v\u00e4lja t\u00e4nu klienditagasiside p\u00f5hjal loodud SINGER\u00ae 1500W\" \/>\n<meta name=\"robots\" content=\"index, follow, max-snippet:-1, max-image-preview:large, max-video-preview:-1\" \/>\n<link rel=\"canonical\" href=\"https:\/\/reginett.ee\/toode\/roivaauriti-singer-1500w\/\" \/>\n<meta property=\"og:locale\" content=\"ru_RU\" \/>\n<meta property=\"og:type\" content=\"article\" \/>\n<meta property=\"og:title\" content=\"R\u00f5ivaauriti Singer 1500W\" \/>\n<meta property=\"og:description\" content=\"R\u00f5ivaauriti Singer 1500W on v\u00e4ga praktiline abivahend igasse kodusse. Kangad n\u00e4evad parimad v\u00e4lja t\u00e4nu klienditagasiside p\u00f5hjal loodud SINGER\u00ae 1500W\" \/>\n<meta property=\"og:url\" content=\"https:\/\/reginett.ee\/toode\/roivaauriti-singer-1500w\/\" \/>\n<meta property=\"og:site_name\" content=\"Reginett\" \/>\n<meta property=\"article:modified_time\" content=\"2025-12-02T07:54:57+00:00\" \/>\n<meta property=\"og:image\" content=\"https:\/\/reginett.ee\/wp-content\/uploads\/2025\/12\/Roivaauruti-Singer-1500W-Reginett.jpg\" \/>\n\t<meta property=\"og:image:width\" content=\"580\" \/>\n\t<meta property=\"og:image:height\" content=\"413\" \/>\n\t<meta property=\"og:image:type\" content=\"image\/jpeg\" \/>\n<meta name=\"twitter:card\" content=\"summary_large_image\" \/>\n<meta name=\"twitter:label1\" content=\"\u041f\u0440\u0438\u043c\u0435\u0440\u043d\u043e\u0435 \u0432\u0440\u0435\u043c\u044f \u0434\u043b\u044f \u0447\u0442\u0435\u043d\u0438\u044f\" \/>\n\t<meta name=\"twitter:data1\" content=\"2 \u043c\u0438\u043d\u0443\u0442\u044b\" \/>\n<script type=\"application\/ld+json\" class=\"yoast-schema-graph\">{\"@context\":\"https:\/\/schema.org\",\"@graph\":[{\"@type\":\"WebPage\",\"@id\":\"https:\/\/reginett.ee\/toode\/roivaauriti-singer-1500w\/\",\"url\":\"https:\/\/reginett.ee\/toode\/roivaauriti-singer-1500w\/\",\"name\":\"R\u00f5ivaauriti Singer 1500W\",\"isPartOf\":{\"@id\":\"https:\/\/reginett.ee\/#website\"},\"primaryImageOfPage\":{\"@id\":\"https:\/\/reginett.ee\/toode\/roivaauriti-singer-1500w\/#primaryimage\"},\"image\":{\"@id\":\"https:\/\/reginett.ee\/toode\/roivaauriti-singer-1500w\/#primaryimage\"},\"thumbnailUrl\":\"https:\/\/reginett.ee\/wp-content\/uploads\/2025\/12\/Roivaauruti-Singer-1500W-Reginett.jpg\",\"datePublished\":\"2025-12-02T07:54:09+00:00\",\"dateModified\":\"2025-12-02T07:54:57+00:00\",\"description\":\"R\u00f5ivaauriti Singer 1500W on v\u00e4ga praktiline abivahend igasse kodusse. Kangad n\u00e4evad parimad v\u00e4lja t\u00e4nu klienditagasiside p\u00f5hjal loodud SINGER\u00ae 1500W\",\"breadcrumb\":{\"@id\":\"https:\/\/reginett.ee\/toode\/roivaauriti-singer-1500w\/#breadcrumb\"},\"inLanguage\":\"ru-RU\",\"potentialAction\":[{\"@type\":\"ReadAction\",\"target\":[\"https:\/\/reginett.ee\/toode\/roivaauriti-singer-1500w\/\"]}]},{\"@type\":\"ImageObject\",\"inLanguage\":\"ru-RU\",\"@id\":\"https:\/\/reginett.ee\/toode\/roivaauriti-singer-1500w\/#primaryimage\",\"url\":\"https:\/\/reginett.ee\/wp-content\/uploads\/2025\/12\/Roivaauruti-Singer-1500W-Reginett.jpg\",\"contentUrl\":\"https:\/\/reginett.ee\/wp-content\/uploads\/2025\/12\/Roivaauruti-Singer-1500W-Reginett.jpg\",\"width\":580,\"height\":413},{\"@type\":\"BreadcrumbList\",\"@id\":\"https:\/\/reginett.ee\/toode\/roivaauriti-singer-1500w\/#breadcrumb\",\"itemListElement\":[{\"@type\":\"ListItem\",\"position\":1,\"name\":\"Home\",\"item\":\"https:\/\/reginett.ee\/ru\/\"},{\"@type\":\"ListItem\",\"position\":2,\"name\":\"Tooted\",\"item\":\"https:\/\/reginett.ee\/tooted\/\"},{\"@type\":\"ListItem\",\"position\":3,\"name\":\"R\u00f5ivaauruti Singer 1500W\"}]},{\"@type\":\"WebSite\",\"@id\":\"https:\/\/reginett.ee\/#website\",\"url\":\"https:\/\/reginett.ee\/\",\"name\":\"Reginett\",\"description\":\"Parimad robotniidukid\",\"potentialAction\":[{\"@type\":\"SearchAction\",\"target\":{\"@type\":\"EntryPoint\",\"urlTemplate\":\"https:\/\/reginett.ee\/?s={search_term_string}\"},\"query-input\":{\"@type\":\"PropertyValueSpecification\",\"valueRequired\":true,\"valueName\":\"search_term_string\"}}],\"inLanguage\":\"ru-RU\"}]}<\/script>\n<!-- \/ Yoast SEO plugin. -->","yoast_head_json":{"title":"R\u00f5ivaauriti Singer 1500W","description":"R\u00f5ivaauriti Singer 1500W on v\u00e4ga praktiline abivahend igasse kodusse. Kangad n\u00e4evad parimad v\u00e4lja t\u00e4nu klienditagasiside p\u00f5hjal loodud SINGER\u00ae 1500W","robots":{"index":"index","follow":"follow","max-snippet":"max-snippet:-1","max-image-preview":"max-image-preview:large","max-video-preview":"max-video-preview:-1"},"canonical":"https:\/\/reginett.ee\/toode\/roivaauriti-singer-1500w\/","og_locale":"ru_RU","og_type":"article","og_title":"R\u00f5ivaauriti Singer 1500W","og_description":"R\u00f5ivaauriti Singer 1500W on v\u00e4ga praktiline abivahend igasse kodusse. Kangad n\u00e4evad parimad v\u00e4lja t\u00e4nu klienditagasiside p\u00f5hjal loodud SINGER\u00ae 1500W","og_url":"https:\/\/reginett.ee\/toode\/roivaauriti-singer-1500w\/","og_site_name":"Reginett","article_modified_time":"2025-12-02T07:54:57+00:00","og_image":[{"width":580,"height":413,"url":"https:\/\/reginett.ee\/wp-content\/uploads\/2025\/12\/Roivaauruti-Singer-1500W-Reginett.jpg","type":"image\/jpeg"}],"twitter_card":"summary_large_image","twitter_misc":{"\u041f\u0440\u0438\u043c\u0435\u0440\u043d\u043e\u0435 \u0432\u0440\u0435\u043c\u044f \u0434\u043b\u044f \u0447\u0442\u0435\u043d\u0438\u044f":"2 \u043c\u0438\u043d\u0443\u0442\u044b"},"schema":{"@context":"https:\/\/schema.org","@graph":[{"@type":"WebPage","@id":"https:\/\/reginett.ee\/toode\/roivaauriti-singer-1500w\/","url":"https:\/\/reginett.ee\/toode\/roivaauriti-singer-1500w\/","name":"R\u00f5ivaauriti Singer 1500W","isPartOf":{"@id":"https:\/\/reginett.ee\/#website"},"primaryImageOfPage":{"@id":"https:\/\/reginett.ee\/toode\/roivaauriti-singer-1500w\/#primaryimage"},"image":{"@id":"https:\/\/reginett.ee\/toode\/roivaauriti-singer-1500w\/#primaryimage"},"thumbnailUrl":"https:\/\/reginett.ee\/wp-content\/uploads\/2025\/12\/Roivaauruti-Singer-1500W-Reginett.jpg","datePublished":"2025-12-02T07:54:09+00:00","dateModified":"2025-12-02T07:54:57+00:00","description":"R\u00f5ivaauriti Singer 1500W on v\u00e4ga praktiline abivahend igasse kodusse. Kangad n\u00e4evad parimad v\u00e4lja t\u00e4nu klienditagasiside p\u00f5hjal loodud SINGER\u00ae 1500W","breadcrumb":{"@id":"https:\/\/reginett.ee\/toode\/roivaauriti-singer-1500w\/#breadcrumb"},"inLanguage":"ru-RU","potentialAction":[{"@type":"ReadAction","target":["https:\/\/reginett.ee\/toode\/roivaauriti-singer-1500w\/"]}]},{"@type":"ImageObject","inLanguage":"ru-RU","@id":"https:\/\/reginett.ee\/toode\/roivaauriti-singer-1500w\/#primaryimage","url":"https:\/\/reginett.ee\/wp-content\/uploads\/2025\/12\/Roivaauruti-Singer-1500W-Reginett.jpg","contentUrl":"https:\/\/reginett.ee\/wp-content\/uploads\/2025\/12\/Roivaauruti-Singer-1500W-Reginett.jpg","width":580,"height":413},{"@type":"BreadcrumbList","@id":"https:\/\/reginett.ee\/toode\/roivaauriti-singer-1500w\/#breadcrumb","itemListElement":[{"@type":"ListItem","position":1,"name":"Home","item":"https:\/\/reginett.ee\/ru\/"},{"@type":"ListItem","position":2,"name":"Tooted","item":"https:\/\/reginett.ee\/tooted\/"},{"@type":"ListItem","position":3,"name":"R\u00f5ivaauruti Singer 1500W"}]},{"@type":"WebSite","@id":"https:\/\/reginett.ee\/#website","url":"https:\/\/reginett.ee\/","name":"Reginett","description":"Parimad robotniidukid","potentialAction":[{"@type":"SearchAction","target":{"@type":"EntryPoint","urlTemplate":"https:\/\/reginett.ee\/?s={search_term_string}"},"query-input":{"@type":"PropertyValueSpecification","valueRequired":true,"valueName":"search_term_string"}}],"inLanguage":"ru-RU"}]}},"brands":[{"id":588,"name":"Singer","slug":"singer"}],"_links":{"self":[{"href":"https:\/\/reginett.ee\/ru\/wp-json\/wp\/v2\/product\/63503","targetHints":{"allow":["GET"]}}],"collection":[{"href":"https:\/\/reginett.ee\/ru\/wp-json\/wp\/v2\/product"}],"about":[{"href":"https:\/\/reginett.ee\/ru\/wp-json\/wp\/v2\/types\/product"}],"replies":[{"embeddable":true,"href":"https:\/\/reginett.ee\/ru\/wp-json\/wp\/v2\/comments?post=63503"}],"wp:featuredmedia":[{"embeddable":true,"href":"https:\/\/reginett.ee\/ru\/wp-json\/wp\/v2\/media\/63504"}],"wp:attachment":[{"href":"https:\/\/reginett.ee\/ru\/wp-json\/wp\/v2\/media?parent=63503"}],"wp:term":[{"taxonomy":"pwb-brand","embeddable":true,"href":"https:\/\/reginett.ee\/ru\/wp-json\/wp\/v2\/pwb-brand?post=63503"},{"taxonomy":"product_brand","embeddable":true,"href":"https:\/\/reginett.ee\/ru\/wp-json\/wp\/v2\/product_brand?post=63503"},{"taxonomy":"product_cat","embeddable":true,"href":"https:\/\/reginett.ee\/ru\/wp-json\/wp\/v2\/product_cat?post=63503"},{"taxonomy":"product_tag","embeddable":true,"href":"https:\/\/reginett.ee\/ru\/wp-json\/wp\/v2\/product_tag?post=63503"}],"curies":[{"name":"wp","href":"https:\/\/api.w.org\/{rel}","templated":true}]}}