{"id":63451,"date":"2025-11-21T11:19:49","date_gmt":"2025-11-21T08:19:49","guid":{"rendered":"https:\/\/reginett.ee\/?post_type=product&#038;p=63451"},"modified":"2025-11-21T11:20:54","modified_gmt":"2025-11-21T08:20:54","slug":"flanellsark-voodriga-husqvarna","status":"publish","type":"product","link":"https:\/\/reginett.ee\/ru\/toode\/flanellsark-voodriga-husqvarna\/","title":{"rendered":"Flanells\u00e4rk voodriga Husqvarna"},"content":{"rendered":"<p>Husqvarna voodriga flanells\u00e4rgil on tuulekindel- ja tepitud sisevooder, mis hoiavad teid k\u00fclmematel p\u00e4evadel soojas. Seda saab kasutada kas v\u00e4lis- v\u00f5i sisemise kihina, mist\u00f5ttu sobib see suurep\u00e4raselt liikumiseks v\u00e4lis &#8212; ja sisekeskkonna vahel. S\u00e4rgil on ka mitu taskut lisamugavuse ja funktsionaalsuse tagamiseks.<\/p>\n<p>Mugav ja tuulekindel s\u00e4rk hoiab sind alati soojas. See Husqvarna s\u00e4rk on v\u00e4ga hea kingiidee!<\/p>\n<p>K\u00fcsi sobivat suurust.<\/p>\n","protected":false},"excerpt":{"rendered":"<p>Husqvarna voodriga flanells\u00e4rgil on tuulekindel- ja tepitud sisevooder, mis hoiavad teid k\u00fclmematel p\u00e4evadel soojas. Seda saab kasutada kas v\u00e4lis- v\u00f5i sisemise kihina, mist\u00f5ttu sobib see suurep\u00e4raselt liikumiseks v\u00e4lis &#8212; ja sisekeskkonna vahel.<\/p>\n","protected":false},"featured_media":63452,"comment_status":"open","ping_status":"closed","template":"","meta":{"_acf_changed":false,"_et_pb_use_builder":"","_et_pb_old_content":"","_et_gb_content_width":"","inline_featured_image":false},"pwb-brand":[147],"product_brand":[],"product_cat":[478,37,27],"product_tag":[784],"class_list":{"0":"post-63451","1":"product","2":"type-product","3":"status-publish","4":"has-post-thumbnail","6":"pwb-brand-husqvarna","7":"product_cat-vaba-aeg","8":"product_cat-husqvarna","9":"product_cat-tooriistad-ja-tarvikud","10":"product_tag-flanellsark","12":"first","13":"instock","14":"shipping-taxable","15":"purchasable","16":"product-type-simple"},"acf":[],"yoast_head":"<!-- This site is optimized with the Yoast SEO plugin v26.6 - https:\/\/yoast.com\/wordpress\/plugins\/seo\/ -->\n<title>Flanells\u00e4rk voodriga Husqvarna<\/title>\n<meta name=\"description\" content=\"Husqvarna voodriga flanells\u00e4rgil on tuulekindel- ja tepitud sisevooder, mis hoiavad teid k\u00fclmematel p\u00e4evadel soojas. Seda saab kasutada kas v\u00e4lis- v\u00f5i sise.\" \/>\n<meta name=\"robots\" content=\"index, follow, max-snippet:-1, max-image-preview:large, max-video-preview:-1\" \/>\n<link rel=\"canonical\" href=\"https:\/\/reginett.ee\/toode\/flanellsark-voodriga-husqvarna\/\" \/>\n<meta property=\"og:locale\" content=\"ru_RU\" \/>\n<meta property=\"og:type\" content=\"article\" \/>\n<meta property=\"og:title\" content=\"Flanells\u00e4rk voodriga Husqvarna\" \/>\n<meta property=\"og:description\" content=\"Husqvarna voodriga flanells\u00e4rgil on tuulekindel- ja tepitud sisevooder, mis hoiavad teid k\u00fclmematel p\u00e4evadel soojas. Seda saab kasutada kas v\u00e4lis- v\u00f5i sise.\" \/>\n<meta property=\"og:url\" content=\"https:\/\/reginett.ee\/toode\/flanellsark-voodriga-husqvarna\/\" \/>\n<meta property=\"og:site_name\" content=\"Reginett\" \/>\n<meta property=\"article:modified_time\" content=\"2025-11-21T08:20:54+00:00\" \/>\n<meta property=\"og:image\" content=\"https:\/\/reginett.ee\/wp-content\/uploads\/2025\/11\/Flanellsark-voodriga-Husqvarna.webp\" \/>\n\t<meta property=\"og:image:width\" content=\"680\" \/>\n\t<meta property=\"og:image:height\" content=\"372\" \/>\n\t<meta property=\"og:image:type\" content=\"image\/webp\" \/>\n<meta name=\"twitter:card\" content=\"summary_large_image\" \/>\n<meta name=\"twitter:label1\" content=\"\u041f\u0440\u0438\u043c\u0435\u0440\u043d\u043e\u0435 \u0432\u0440\u0435\u043c\u044f \u0434\u043b\u044f \u0447\u0442\u0435\u043d\u0438\u044f\" \/>\n\t<meta name=\"twitter:data1\" content=\"1 \u043c\u0438\u043d\u0443\u0442\u0430\" \/>\n<script type=\"application\/ld+json\" class=\"yoast-schema-graph\">{\"@context\":\"https:\/\/schema.org\",\"@graph\":[{\"@type\":\"WebPage\",\"@id\":\"https:\/\/reginett.ee\/toode\/flanellsark-voodriga-husqvarna\/\",\"url\":\"https:\/\/reginett.ee\/toode\/flanellsark-voodriga-husqvarna\/\",\"name\":\"Flanells\u00e4rk voodriga Husqvarna\",\"isPartOf\":{\"@id\":\"https:\/\/reginett.ee\/#website\"},\"primaryImageOfPage\":{\"@id\":\"https:\/\/reginett.ee\/toode\/flanellsark-voodriga-husqvarna\/#primaryimage\"},\"image\":{\"@id\":\"https:\/\/reginett.ee\/toode\/flanellsark-voodriga-husqvarna\/#primaryimage\"},\"thumbnailUrl\":\"https:\/\/reginett.ee\/wp-content\/uploads\/2025\/11\/Flanellsark-voodriga-Husqvarna.webp\",\"datePublished\":\"2025-11-21T08:19:49+00:00\",\"dateModified\":\"2025-11-21T08:20:54+00:00\",\"description\":\"Husqvarna voodriga flanells\u00e4rgil on tuulekindel- ja tepitud sisevooder, mis hoiavad teid k\u00fclmematel p\u00e4evadel soojas. Seda saab kasutada kas v\u00e4lis- v\u00f5i sise.\",\"breadcrumb\":{\"@id\":\"https:\/\/reginett.ee\/toode\/flanellsark-voodriga-husqvarna\/#breadcrumb\"},\"inLanguage\":\"ru-RU\",\"potentialAction\":[{\"@type\":\"ReadAction\",\"target\":[\"https:\/\/reginett.ee\/toode\/flanellsark-voodriga-husqvarna\/\"]}]},{\"@type\":\"ImageObject\",\"inLanguage\":\"ru-RU\",\"@id\":\"https:\/\/reginett.ee\/toode\/flanellsark-voodriga-husqvarna\/#primaryimage\",\"url\":\"https:\/\/reginett.ee\/wp-content\/uploads\/2025\/11\/Flanellsark-voodriga-Husqvarna.webp\",\"contentUrl\":\"https:\/\/reginett.ee\/wp-content\/uploads\/2025\/11\/Flanellsark-voodriga-Husqvarna.webp\",\"width\":680,\"height\":372},{\"@type\":\"BreadcrumbList\",\"@id\":\"https:\/\/reginett.ee\/toode\/flanellsark-voodriga-husqvarna\/#breadcrumb\",\"itemListElement\":[{\"@type\":\"ListItem\",\"position\":1,\"name\":\"Home\",\"item\":\"https:\/\/reginett.ee\/ru\/\"},{\"@type\":\"ListItem\",\"position\":2,\"name\":\"Tooted\",\"item\":\"https:\/\/reginett.ee\/tooted\/\"},{\"@type\":\"ListItem\",\"position\":3,\"name\":\"Flanells\u00e4rk voodriga Husqvarna\"}]},{\"@type\":\"WebSite\",\"@id\":\"https:\/\/reginett.ee\/#website\",\"url\":\"https:\/\/reginett.ee\/\",\"name\":\"Reginett\",\"description\":\"Parimad robotniidukid\",\"potentialAction\":[{\"@type\":\"SearchAction\",\"target\":{\"@type\":\"EntryPoint\",\"urlTemplate\":\"https:\/\/reginett.ee\/?s={search_term_string}\"},\"query-input\":{\"@type\":\"PropertyValueSpecification\",\"valueRequired\":true,\"valueName\":\"search_term_string\"}}],\"inLanguage\":\"ru-RU\"}]}<\/script>\n<!-- \/ Yoast SEO plugin. -->","yoast_head_json":{"title":"Flanells\u00e4rk voodriga Husqvarna","description":"Husqvarna voodriga flanells\u00e4rgil on tuulekindel- ja tepitud sisevooder, mis hoiavad teid k\u00fclmematel p\u00e4evadel soojas. Seda saab kasutada kas v\u00e4lis- v\u00f5i sise.","robots":{"index":"index","follow":"follow","max-snippet":"max-snippet:-1","max-image-preview":"max-image-preview:large","max-video-preview":"max-video-preview:-1"},"canonical":"https:\/\/reginett.ee\/toode\/flanellsark-voodriga-husqvarna\/","og_locale":"ru_RU","og_type":"article","og_title":"Flanells\u00e4rk voodriga Husqvarna","og_description":"Husqvarna voodriga flanells\u00e4rgil on tuulekindel- ja tepitud sisevooder, mis hoiavad teid k\u00fclmematel p\u00e4evadel soojas. Seda saab kasutada kas v\u00e4lis- v\u00f5i sise.","og_url":"https:\/\/reginett.ee\/toode\/flanellsark-voodriga-husqvarna\/","og_site_name":"Reginett","article_modified_time":"2025-11-21T08:20:54+00:00","og_image":[{"width":680,"height":372,"url":"https:\/\/reginett.ee\/wp-content\/uploads\/2025\/11\/Flanellsark-voodriga-Husqvarna.webp","type":"image\/webp"}],"twitter_card":"summary_large_image","twitter_misc":{"\u041f\u0440\u0438\u043c\u0435\u0440\u043d\u043e\u0435 \u0432\u0440\u0435\u043c\u044f \u0434\u043b\u044f \u0447\u0442\u0435\u043d\u0438\u044f":"1 \u043c\u0438\u043d\u0443\u0442\u0430"},"schema":{"@context":"https:\/\/schema.org","@graph":[{"@type":"WebPage","@id":"https:\/\/reginett.ee\/toode\/flanellsark-voodriga-husqvarna\/","url":"https:\/\/reginett.ee\/toode\/flanellsark-voodriga-husqvarna\/","name":"Flanells\u00e4rk voodriga Husqvarna","isPartOf":{"@id":"https:\/\/reginett.ee\/#website"},"primaryImageOfPage":{"@id":"https:\/\/reginett.ee\/toode\/flanellsark-voodriga-husqvarna\/#primaryimage"},"image":{"@id":"https:\/\/reginett.ee\/toode\/flanellsark-voodriga-husqvarna\/#primaryimage"},"thumbnailUrl":"https:\/\/reginett.ee\/wp-content\/uploads\/2025\/11\/Flanellsark-voodriga-Husqvarna.webp","datePublished":"2025-11-21T08:19:49+00:00","dateModified":"2025-11-21T08:20:54+00:00","description":"Husqvarna voodriga flanells\u00e4rgil on tuulekindel- ja tepitud sisevooder, mis hoiavad teid k\u00fclmematel p\u00e4evadel soojas. Seda saab kasutada kas v\u00e4lis- v\u00f5i sise.","breadcrumb":{"@id":"https:\/\/reginett.ee\/toode\/flanellsark-voodriga-husqvarna\/#breadcrumb"},"inLanguage":"ru-RU","potentialAction":[{"@type":"ReadAction","target":["https:\/\/reginett.ee\/toode\/flanellsark-voodriga-husqvarna\/"]}]},{"@type":"ImageObject","inLanguage":"ru-RU","@id":"https:\/\/reginett.ee\/toode\/flanellsark-voodriga-husqvarna\/#primaryimage","url":"https:\/\/reginett.ee\/wp-content\/uploads\/2025\/11\/Flanellsark-voodriga-Husqvarna.webp","contentUrl":"https:\/\/reginett.ee\/wp-content\/uploads\/2025\/11\/Flanellsark-voodriga-Husqvarna.webp","width":680,"height":372},{"@type":"BreadcrumbList","@id":"https:\/\/reginett.ee\/toode\/flanellsark-voodriga-husqvarna\/#breadcrumb","itemListElement":[{"@type":"ListItem","position":1,"name":"Home","item":"https:\/\/reginett.ee\/ru\/"},{"@type":"ListItem","position":2,"name":"Tooted","item":"https:\/\/reginett.ee\/tooted\/"},{"@type":"ListItem","position":3,"name":"Flanells\u00e4rk voodriga Husqvarna"}]},{"@type":"WebSite","@id":"https:\/\/reginett.ee\/#website","url":"https:\/\/reginett.ee\/","name":"Reginett","description":"Parimad robotniidukid","potentialAction":[{"@type":"SearchAction","target":{"@type":"EntryPoint","urlTemplate":"https:\/\/reginett.ee\/?s={search_term_string}"},"query-input":{"@type":"PropertyValueSpecification","valueRequired":true,"valueName":"search_term_string"}}],"inLanguage":"ru-RU"}]}},"brands":[{"id":147,"name":"Husqvarna","slug":"husqvarna"}],"_links":{"self":[{"href":"https:\/\/reginett.ee\/ru\/wp-json\/wp\/v2\/product\/63451","targetHints":{"allow":["GET"]}}],"collection":[{"href":"https:\/\/reginett.ee\/ru\/wp-json\/wp\/v2\/product"}],"about":[{"href":"https:\/\/reginett.ee\/ru\/wp-json\/wp\/v2\/types\/product"}],"replies":[{"embeddable":true,"href":"https:\/\/reginett.ee\/ru\/wp-json\/wp\/v2\/comments?post=63451"}],"wp:featuredmedia":[{"embeddable":true,"href":"https:\/\/reginett.ee\/ru\/wp-json\/wp\/v2\/media\/63452"}],"wp:attachment":[{"href":"https:\/\/reginett.ee\/ru\/wp-json\/wp\/v2\/media?parent=63451"}],"wp:term":[{"taxonomy":"pwb-brand","embeddable":true,"href":"https:\/\/reginett.ee\/ru\/wp-json\/wp\/v2\/pwb-brand?post=63451"},{"taxonomy":"product_brand","embeddable":true,"href":"https:\/\/reginett.ee\/ru\/wp-json\/wp\/v2\/product_brand?post=63451"},{"taxonomy":"product_cat","embeddable":true,"href":"https:\/\/reginett.ee\/ru\/wp-json\/wp\/v2\/product_cat?post=63451"},{"taxonomy":"product_tag","embeddable":true,"href":"https:\/\/reginett.ee\/ru\/wp-json\/wp\/v2\/product_tag?post=63451"}],"curies":[{"name":"wp","href":"https:\/\/api.w.org\/{rel}","templated":true}]}}