{"id":63368,"date":"2025-10-31T08:16:26","date_gmt":"2025-10-31T05:16:26","guid":{"rendered":"https:\/\/reginett.ee\/?post_type=product&#038;p=63368"},"modified":"2025-10-31T08:18:13","modified_gmt":"2025-10-31T05:18:13","slug":"kutuse-stabilisaator-fuel-fit-bs-250ml","status":"publish","type":"product","link":"https:\/\/reginett.ee\/ru\/toode\/kutuse-stabilisaator-fuel-fit-bs-250ml\/","title":{"rendered":"K\u00fctuse stabilisaator Fuel Fit\u00ae B&#038;S 250ml"},"content":{"rendered":"<p>K\u00fctuselisand \/ k\u00fctuse stabilisaator Fuel Fit\u00ae B&amp;S 250ml s\u00e4\u00e4stab su masinaid ja annab neile pikema eluea.<\/p>\n<p>T\u00e4nap\u00e4evased etanoolseguk\u00fctused t\u00f5mbavad ligi niiskust, mis s\u00f6\u00f6vitab mootoreid. Selle ennetamiseks moodustab Fuel Fit\u00ae kaitsekihi, mis kaitseb mootori osasid. See sisaldab puhastusaineid, mis takistavad mustuse kogunemist, soodustavad pikaajalist ja t\u00f5husat talitlust ning stabiliseerivad k\u00fctust kuni 3 aastat, tagades mootori kiire k\u00e4ivitamise.<\/p>\n<p>10-le liitrile pliivabale k\u00fctusele lisada 100ml Fuel Fit\u00ae-i. Enne tankimist lisage lihtsalt k\u00fctusele vajalik kogus lisandit.<\/p>\n<p>Briggs &amp; Stratton\u00ae Fuel Fit\u00ae lisand on m\u00f5eldud kasutamiseks k\u00f5igis 4-taktistes ja 2-taktilistes mootorites.<\/p>\n","protected":false},"excerpt":{"rendered":"<p>K\u00fctuselisand \/ k\u00fctuse stabilisaator Fuel Fit\u00ae B&amp;S 250ml s\u00e4\u00e4stab su masinaid ja annab neile pikema eluea.<\/p>\n<p>T\u00e4nap\u00e4evased etanoolseguk\u00fctused t\u00f5mbavad ligi niiskust, mis s\u00f6\u00f6vitab mootoreid. Selle ennetamiseks moodustab Fuel Fit\u00ae kaitsekihi, mis kaitseb mootori osasid.<\/p>\n","protected":false},"featured_media":63371,"comment_status":"open","ping_status":"closed","template":"","meta":{"_acf_changed":false,"_et_pb_use_builder":"","_et_pb_old_content":"","_et_gb_content_width":"","inline_featured_image":false},"pwb-brand":[],"product_brand":[],"product_cat":[480,27],"product_tag":[],"class_list":{"0":"post-63368","1":"product","2":"type-product","3":"status-publish","4":"has-post-thumbnail","6":"product_cat-aiatoo","7":"product_cat-tooriistad-ja-tarvikud","9":"first","10":"instock","11":"sale","12":"shipping-taxable","13":"purchasable","14":"product-type-simple"},"acf":[],"yoast_head":"<!-- This site is optimized with the Yoast SEO plugin v26.6 - https:\/\/yoast.com\/wordpress\/plugins\/seo\/ -->\n<title>K\u00fctuse stabilisaator Fuel Fit\u00ae B&amp;S 250ml<\/title>\n<meta name=\"description\" content=\"K\u00fctuselisand \/ k\u00fctuse stabilisaator Fuel Fit\u00ae B&amp;S 250ml s\u00e4\u00e4stab su masinaid ja annab neile pikema eluea. T\u00e4nap\u00e4evased etanoolseguk\u00fctused t\u00f5mbavad ligi\" \/>\n<meta name=\"robots\" content=\"index, follow, max-snippet:-1, max-image-preview:large, max-video-preview:-1\" \/>\n<link rel=\"canonical\" href=\"https:\/\/reginett.ee\/toode\/kutuse-stabilisaator-fuel-fit-bs-250ml\/\" \/>\n<meta property=\"og:locale\" content=\"ru_RU\" \/>\n<meta property=\"og:type\" content=\"article\" \/>\n<meta property=\"og:title\" content=\"K\u00fctuse stabilisaator Fuel Fit\u00ae B&amp;S 250ml\" \/>\n<meta property=\"og:description\" content=\"K\u00fctuselisand \/ k\u00fctuse stabilisaator Fuel Fit\u00ae B&amp;S 250ml s\u00e4\u00e4stab su masinaid ja annab neile pikema eluea. T\u00e4nap\u00e4evased etanoolseguk\u00fctused t\u00f5mbavad ligi\" \/>\n<meta property=\"og:url\" content=\"https:\/\/reginett.ee\/toode\/kutuse-stabilisaator-fuel-fit-bs-250ml\/\" \/>\n<meta property=\"og:site_name\" content=\"Reginett\" \/>\n<meta property=\"article:modified_time\" content=\"2025-10-31T05:18:13+00:00\" \/>\n<meta property=\"og:image\" content=\"https:\/\/reginett.ee\/wp-content\/uploads\/2025\/10\/Kutusestabilisaator-BS.webp\" \/>\n\t<meta property=\"og:image:width\" content=\"680\" \/>\n\t<meta property=\"og:image:height\" content=\"372\" \/>\n\t<meta property=\"og:image:type\" content=\"image\/webp\" \/>\n<meta name=\"twitter:card\" content=\"summary_large_image\" \/>\n<meta name=\"twitter:label1\" content=\"\u041f\u0440\u0438\u043c\u0435\u0440\u043d\u043e\u0435 \u0432\u0440\u0435\u043c\u044f \u0434\u043b\u044f \u0447\u0442\u0435\u043d\u0438\u044f\" \/>\n\t<meta name=\"twitter:data1\" content=\"1 \u043c\u0438\u043d\u0443\u0442\u0430\" \/>\n<script type=\"application\/ld+json\" class=\"yoast-schema-graph\">{\"@context\":\"https:\/\/schema.org\",\"@graph\":[{\"@type\":\"WebPage\",\"@id\":\"https:\/\/reginett.ee\/toode\/kutuse-stabilisaator-fuel-fit-bs-250ml\/\",\"url\":\"https:\/\/reginett.ee\/toode\/kutuse-stabilisaator-fuel-fit-bs-250ml\/\",\"name\":\"K\u00fctuse stabilisaator Fuel Fit\u00ae B&S 250ml\",\"isPartOf\":{\"@id\":\"https:\/\/reginett.ee\/#website\"},\"primaryImageOfPage\":{\"@id\":\"https:\/\/reginett.ee\/toode\/kutuse-stabilisaator-fuel-fit-bs-250ml\/#primaryimage\"},\"image\":{\"@id\":\"https:\/\/reginett.ee\/toode\/kutuse-stabilisaator-fuel-fit-bs-250ml\/#primaryimage\"},\"thumbnailUrl\":\"https:\/\/reginett.ee\/wp-content\/uploads\/2025\/10\/Kutusestabilisaator-BS.webp\",\"datePublished\":\"2025-10-31T05:16:26+00:00\",\"dateModified\":\"2025-10-31T05:18:13+00:00\",\"description\":\"K\u00fctuselisand \/ k\u00fctuse stabilisaator Fuel Fit\u00ae B&S 250ml s\u00e4\u00e4stab su masinaid ja annab neile pikema eluea. T\u00e4nap\u00e4evased etanoolseguk\u00fctused t\u00f5mbavad ligi\",\"breadcrumb\":{\"@id\":\"https:\/\/reginett.ee\/toode\/kutuse-stabilisaator-fuel-fit-bs-250ml\/#breadcrumb\"},\"inLanguage\":\"ru-RU\",\"potentialAction\":[{\"@type\":\"ReadAction\",\"target\":[\"https:\/\/reginett.ee\/toode\/kutuse-stabilisaator-fuel-fit-bs-250ml\/\"]}]},{\"@type\":\"ImageObject\",\"inLanguage\":\"ru-RU\",\"@id\":\"https:\/\/reginett.ee\/toode\/kutuse-stabilisaator-fuel-fit-bs-250ml\/#primaryimage\",\"url\":\"https:\/\/reginett.ee\/wp-content\/uploads\/2025\/10\/Kutusestabilisaator-BS.webp\",\"contentUrl\":\"https:\/\/reginett.ee\/wp-content\/uploads\/2025\/10\/Kutusestabilisaator-BS.webp\",\"width\":680,\"height\":372},{\"@type\":\"BreadcrumbList\",\"@id\":\"https:\/\/reginett.ee\/toode\/kutuse-stabilisaator-fuel-fit-bs-250ml\/#breadcrumb\",\"itemListElement\":[{\"@type\":\"ListItem\",\"position\":1,\"name\":\"Home\",\"item\":\"https:\/\/reginett.ee\/ru\/\"},{\"@type\":\"ListItem\",\"position\":2,\"name\":\"Tooted\",\"item\":\"https:\/\/reginett.ee\/tooted\/\"},{\"@type\":\"ListItem\",\"position\":3,\"name\":\"K\u00fctuse stabilisaator Fuel Fit\u00ae B&#038;S 250ml\"}]},{\"@type\":\"WebSite\",\"@id\":\"https:\/\/reginett.ee\/#website\",\"url\":\"https:\/\/reginett.ee\/\",\"name\":\"Reginett\",\"description\":\"Parimad robotniidukid\",\"potentialAction\":[{\"@type\":\"SearchAction\",\"target\":{\"@type\":\"EntryPoint\",\"urlTemplate\":\"https:\/\/reginett.ee\/?s={search_term_string}\"},\"query-input\":{\"@type\":\"PropertyValueSpecification\",\"valueRequired\":true,\"valueName\":\"search_term_string\"}}],\"inLanguage\":\"ru-RU\"}]}<\/script>\n<!-- \/ Yoast SEO plugin. -->","yoast_head_json":{"title":"K\u00fctuse stabilisaator Fuel Fit\u00ae B&S 250ml","description":"K\u00fctuselisand \/ k\u00fctuse stabilisaator Fuel Fit\u00ae B&S 250ml s\u00e4\u00e4stab su masinaid ja annab neile pikema eluea. T\u00e4nap\u00e4evased etanoolseguk\u00fctused t\u00f5mbavad ligi","robots":{"index":"index","follow":"follow","max-snippet":"max-snippet:-1","max-image-preview":"max-image-preview:large","max-video-preview":"max-video-preview:-1"},"canonical":"https:\/\/reginett.ee\/toode\/kutuse-stabilisaator-fuel-fit-bs-250ml\/","og_locale":"ru_RU","og_type":"article","og_title":"K\u00fctuse stabilisaator Fuel Fit\u00ae B&S 250ml","og_description":"K\u00fctuselisand \/ k\u00fctuse stabilisaator Fuel Fit\u00ae B&S 250ml s\u00e4\u00e4stab su masinaid ja annab neile pikema eluea. T\u00e4nap\u00e4evased etanoolseguk\u00fctused t\u00f5mbavad ligi","og_url":"https:\/\/reginett.ee\/toode\/kutuse-stabilisaator-fuel-fit-bs-250ml\/","og_site_name":"Reginett","article_modified_time":"2025-10-31T05:18:13+00:00","og_image":[{"width":680,"height":372,"url":"https:\/\/reginett.ee\/wp-content\/uploads\/2025\/10\/Kutusestabilisaator-BS.webp","type":"image\/webp"}],"twitter_card":"summary_large_image","twitter_misc":{"\u041f\u0440\u0438\u043c\u0435\u0440\u043d\u043e\u0435 \u0432\u0440\u0435\u043c\u044f \u0434\u043b\u044f \u0447\u0442\u0435\u043d\u0438\u044f":"1 \u043c\u0438\u043d\u0443\u0442\u0430"},"schema":{"@context":"https:\/\/schema.org","@graph":[{"@type":"WebPage","@id":"https:\/\/reginett.ee\/toode\/kutuse-stabilisaator-fuel-fit-bs-250ml\/","url":"https:\/\/reginett.ee\/toode\/kutuse-stabilisaator-fuel-fit-bs-250ml\/","name":"K\u00fctuse stabilisaator Fuel Fit\u00ae B&S 250ml","isPartOf":{"@id":"https:\/\/reginett.ee\/#website"},"primaryImageOfPage":{"@id":"https:\/\/reginett.ee\/toode\/kutuse-stabilisaator-fuel-fit-bs-250ml\/#primaryimage"},"image":{"@id":"https:\/\/reginett.ee\/toode\/kutuse-stabilisaator-fuel-fit-bs-250ml\/#primaryimage"},"thumbnailUrl":"https:\/\/reginett.ee\/wp-content\/uploads\/2025\/10\/Kutusestabilisaator-BS.webp","datePublished":"2025-10-31T05:16:26+00:00","dateModified":"2025-10-31T05:18:13+00:00","description":"K\u00fctuselisand \/ k\u00fctuse stabilisaator Fuel Fit\u00ae B&S 250ml s\u00e4\u00e4stab su masinaid ja annab neile pikema eluea. T\u00e4nap\u00e4evased etanoolseguk\u00fctused t\u00f5mbavad ligi","breadcrumb":{"@id":"https:\/\/reginett.ee\/toode\/kutuse-stabilisaator-fuel-fit-bs-250ml\/#breadcrumb"},"inLanguage":"ru-RU","potentialAction":[{"@type":"ReadAction","target":["https:\/\/reginett.ee\/toode\/kutuse-stabilisaator-fuel-fit-bs-250ml\/"]}]},{"@type":"ImageObject","inLanguage":"ru-RU","@id":"https:\/\/reginett.ee\/toode\/kutuse-stabilisaator-fuel-fit-bs-250ml\/#primaryimage","url":"https:\/\/reginett.ee\/wp-content\/uploads\/2025\/10\/Kutusestabilisaator-BS.webp","contentUrl":"https:\/\/reginett.ee\/wp-content\/uploads\/2025\/10\/Kutusestabilisaator-BS.webp","width":680,"height":372},{"@type":"BreadcrumbList","@id":"https:\/\/reginett.ee\/toode\/kutuse-stabilisaator-fuel-fit-bs-250ml\/#breadcrumb","itemListElement":[{"@type":"ListItem","position":1,"name":"Home","item":"https:\/\/reginett.ee\/ru\/"},{"@type":"ListItem","position":2,"name":"Tooted","item":"https:\/\/reginett.ee\/tooted\/"},{"@type":"ListItem","position":3,"name":"K\u00fctuse stabilisaator Fuel Fit\u00ae B&#038;S 250ml"}]},{"@type":"WebSite","@id":"https:\/\/reginett.ee\/#website","url":"https:\/\/reginett.ee\/","name":"Reginett","description":"Parimad robotniidukid","potentialAction":[{"@type":"SearchAction","target":{"@type":"EntryPoint","urlTemplate":"https:\/\/reginett.ee\/?s={search_term_string}"},"query-input":{"@type":"PropertyValueSpecification","valueRequired":true,"valueName":"search_term_string"}}],"inLanguage":"ru-RU"}]}},"brands":[],"_links":{"self":[{"href":"https:\/\/reginett.ee\/ru\/wp-json\/wp\/v2\/product\/63368","targetHints":{"allow":["GET"]}}],"collection":[{"href":"https:\/\/reginett.ee\/ru\/wp-json\/wp\/v2\/product"}],"about":[{"href":"https:\/\/reginett.ee\/ru\/wp-json\/wp\/v2\/types\/product"}],"replies":[{"embeddable":true,"href":"https:\/\/reginett.ee\/ru\/wp-json\/wp\/v2\/comments?post=63368"}],"wp:featuredmedia":[{"embeddable":true,"href":"https:\/\/reginett.ee\/ru\/wp-json\/wp\/v2\/media\/63371"}],"wp:attachment":[{"href":"https:\/\/reginett.ee\/ru\/wp-json\/wp\/v2\/media?parent=63368"}],"wp:term":[{"taxonomy":"pwb-brand","embeddable":true,"href":"https:\/\/reginett.ee\/ru\/wp-json\/wp\/v2\/pwb-brand?post=63368"},{"taxonomy":"product_brand","embeddable":true,"href":"https:\/\/reginett.ee\/ru\/wp-json\/wp\/v2\/product_brand?post=63368"},{"taxonomy":"product_cat","embeddable":true,"href":"https:\/\/reginett.ee\/ru\/wp-json\/wp\/v2\/product_cat?post=63368"},{"taxonomy":"product_tag","embeddable":true,"href":"https:\/\/reginett.ee\/ru\/wp-json\/wp\/v2\/product_tag?post=63368"}],"curies":[{"name":"wp","href":"https:\/\/api.w.org\/{rel}","templated":true}]}}