{"id":63330,"date":"2025-10-22T14:26:33","date_gmt":"2025-10-22T11:26:33","guid":{"rendered":"https:\/\/reginett.ee\/?post_type=product&#038;p=63330"},"modified":"2026-04-21T10:57:13","modified_gmt":"2026-04-21T07:57:13","slug":"nullpoorderaadiusega-niiduk-toro-mr4275t-myride-demomasin","status":"publish","type":"product","link":"https:\/\/reginett.ee\/ru\/toode\/nullpoorderaadiusega-niiduk-toro-mr4275t-myride-demomasin\/","title":{"rendered":"Nullp\u00f6\u00f6rderaadiusega niiduk TORO MR4275T MyRide DEMOMASIN!"},"content":{"rendered":"<p>Nullp\u00f6\u00f6rderaadiusega <strong>TORO MR4275T MyRide TimeCutter<\/strong> on nii hea man\u00f6\u00f6verdusv\u00f5imega niidumasin, et v\u00f5ite senise niitmise aja poolitada! Spetsiaalselt projekteeritud kiireks, teov\u00f5imeliseks ja k\u00f5rgkvaliteediliseks niitmiseks. Kaks lihtsalt kasutatavat juhtimiskangi asendavad murutraktori juhtimis-seadmeid \u2013 rooli, gaasipedaali ja pidurit.<\/p>\n<h3><span style=\"color: #808080;\"><strong>Kohler V-Twin mootor<\/strong><\/span><\/h3>\n<p>725cc Kohler mootorid on valmistatud silmas pidades professionaalide vajadusi. V\u00f5ite kindlad olla selle vastupidavuses ja kvaliteedis.<\/p>\n<h3><span style=\"color: #808080;\"><strong>107 cm (42\u201c) keevis l\u00f5ikekorpus\u00a0<\/strong><\/span><\/h3>\n<p>Toro valmistatud kommertsklassi keeviskorpus tagab aastatepikkuse t\u00f6\u00f6kindluse ja parima j\u00f5udluse<\/p>\n<h3><span style=\"color: #808080;\"><strong>2 x H\u00fcdrosataatiline \u00fclekanne<\/strong><\/span><\/h3>\n<p>S\u00f5ltumatu 2x h\u00fcdrostaatiline veo\u00fclekanne annab masinale tundliku reageerimise ja null-p\u00f6\u00f6rdega man\u00f6\u00f6verdamise v\u00f5ime. P\u00fcsivaks vastupidavuseks ja paremaks j\u00f5udluseks on eraldi seisvad k\u00e4igukastid mis on kinnitatud Toro t\u00e4israamile ja toestatud p\u00f5iklattidega.<\/p>\n<h3><span style=\"color: #808080;\"><strong>MyRIDE vedrustuss\u00fcsteem<\/strong><\/span><\/h3>\n<p>Kaitske oma keha karmi maastiku eest ja v\u00e4ltige aeglast niitmist, kasutades MyRIDE vedrustuss\u00fcsteemi. T\u00e4nu MyRIDE\u2019ile on teil tegevusest hea \u00fclevaade ja niiduk summutab k\u00f5ik maastiku ebatasasustest tingitud p\u00f5rutused, ilma et need teid m\u00f5jutaksid.<\/p>\n<h3><span style=\"color: #808080;\"><strong>K\u00f5rge seljatoe ja k\u00e4etugedega iste\u00a0<\/strong><\/span><\/h3>\n<p>Astuge keerukatele t\u00f6\u00f6dele vastu stiilse niidukiga, millel on k\u00e4sit\u00f6\u00f6na valminud \u00fclimalt mugav ja selga toetav iste.<\/p>\n<h3><span style=\"color: #808080;\"><strong>K\u00e4rukonks<\/strong><\/span><\/h3>\n<p>K\u00f5ik Toro Zeroturnid on varustatud k\u00e4rukonksuga.<\/p>\n<p>&nbsp;<\/p>\n","protected":false},"excerpt":{"rendered":"<p>Nullp\u00f6\u00f6rderaadiusega <strong>TORO MR4275T MyRide TimeCutter<\/strong> on nii hea man\u00f6\u00f6verdusv\u00f5imega niidumasin, et v\u00f5ite senise niitmise aja poolitada!<\/p>\n<h3><span style=\"color: #808080;\"><strong>PAKKUDA HEA HINNAGA DEMOMASIN, K\u00dcSI LISA!<\/strong><\/span><\/h3>\n","protected":false},"featured_media":63334,"comment_status":"open","ping_status":"closed","template":"","meta":{"_acf_changed":false,"_et_pb_use_builder":"","_et_pb_old_content":"","_et_gb_content_width":"","inline_featured_image":false},"pwb-brand":[148],"product_brand":[],"product_cat":[134,149,57],"product_tag":[],"class_list":{"0":"post-63330","1":"product","2":"type-product","3":"status-publish","4":"has-post-thumbnail","6":"pwb-brand-toro","7":"product_cat-eripakkumised","8":"product_cat-toro","9":"product_cat-zeroturnid","10":"product_shipping_class-rasked-asjad","12":"first","13":"outofstock","14":"sale","15":"shipping-taxable","16":"purchasable","17":"product-type-simple"},"acf":[],"yoast_head":"<!-- This site is optimized with the Yoast SEO plugin v26.6 - https:\/\/yoast.com\/wordpress\/plugins\/seo\/ -->\n<title>Nullp\u00f6\u00f6rderaadiusega niiduk TORO MR4275T MyRide<\/title>\n<meta name=\"description\" content=\"Nullp\u00f6\u00f6rderaadiusega TORO MR4275T MyRide TimeCutter on nii hea man\u00f6\u00f6verdusv\u00f5imega niidumasin, et v\u00f5ite senise niitmise aja poolitada!\" \/>\n<meta name=\"robots\" content=\"index, follow, max-snippet:-1, max-image-preview:large, max-video-preview:-1\" \/>\n<link rel=\"canonical\" href=\"https:\/\/reginett.ee\/toode\/nullpoorderaadiusega-niiduk-toro-mr4275t-myride-demomasin\/\" \/>\n<meta property=\"og:locale\" content=\"ru_RU\" \/>\n<meta property=\"og:type\" content=\"article\" \/>\n<meta property=\"og:title\" content=\"Nullp\u00f6\u00f6rderaadiusega niiduk TORO MR4275T MyRide\" \/>\n<meta property=\"og:description\" content=\"Nullp\u00f6\u00f6rderaadiusega TORO MR4275T MyRide TimeCutter on nii hea man\u00f6\u00f6verdusv\u00f5imega niidumasin, et v\u00f5ite senise niitmise aja poolitada!\" \/>\n<meta property=\"og:url\" content=\"https:\/\/reginett.ee\/toode\/nullpoorderaadiusega-niiduk-toro-mr4275t-myride-demomasin\/\" \/>\n<meta property=\"og:site_name\" content=\"Reginett\" \/>\n<meta property=\"article:modified_time\" content=\"2026-04-21T07:57:13+00:00\" \/>\n<meta property=\"og:image\" content=\"https:\/\/reginett.ee\/wp-content\/uploads\/2025\/10\/Zeroturn-TORO.webp\" \/>\n\t<meta property=\"og:image:width\" content=\"680\" \/>\n\t<meta property=\"og:image:height\" content=\"372\" \/>\n\t<meta property=\"og:image:type\" content=\"image\/webp\" \/>\n<meta name=\"twitter:card\" content=\"summary_large_image\" \/>\n<meta name=\"twitter:label1\" content=\"\u041f\u0440\u0438\u043c\u0435\u0440\u043d\u043e\u0435 \u0432\u0440\u0435\u043c\u044f \u0434\u043b\u044f \u0447\u0442\u0435\u043d\u0438\u044f\" \/>\n\t<meta name=\"twitter:data1\" content=\"2 \u043c\u0438\u043d\u0443\u0442\u044b\" \/>\n<script type=\"application\/ld+json\" class=\"yoast-schema-graph\">{\"@context\":\"https:\/\/schema.org\",\"@graph\":[{\"@type\":\"WebPage\",\"@id\":\"https:\/\/reginett.ee\/toode\/nullpoorderaadiusega-niiduk-toro-mr4275t-myride-demomasin\/\",\"url\":\"https:\/\/reginett.ee\/toode\/nullpoorderaadiusega-niiduk-toro-mr4275t-myride-demomasin\/\",\"name\":\"Nullp\u00f6\u00f6rderaadiusega niiduk TORO MR4275T MyRide\",\"isPartOf\":{\"@id\":\"https:\/\/reginett.ee\/#website\"},\"primaryImageOfPage\":{\"@id\":\"https:\/\/reginett.ee\/toode\/nullpoorderaadiusega-niiduk-toro-mr4275t-myride-demomasin\/#primaryimage\"},\"image\":{\"@id\":\"https:\/\/reginett.ee\/toode\/nullpoorderaadiusega-niiduk-toro-mr4275t-myride-demomasin\/#primaryimage\"},\"thumbnailUrl\":\"https:\/\/reginett.ee\/wp-content\/uploads\/2025\/10\/Zeroturn-TORO.webp\",\"datePublished\":\"2025-10-22T11:26:33+00:00\",\"dateModified\":\"2026-04-21T07:57:13+00:00\",\"description\":\"Nullp\u00f6\u00f6rderaadiusega TORO MR4275T MyRide TimeCutter on nii hea man\u00f6\u00f6verdusv\u00f5imega niidumasin, et v\u00f5ite senise niitmise aja poolitada!\",\"breadcrumb\":{\"@id\":\"https:\/\/reginett.ee\/toode\/nullpoorderaadiusega-niiduk-toro-mr4275t-myride-demomasin\/#breadcrumb\"},\"inLanguage\":\"ru-RU\",\"potentialAction\":[{\"@type\":\"ReadAction\",\"target\":[\"https:\/\/reginett.ee\/toode\/nullpoorderaadiusega-niiduk-toro-mr4275t-myride-demomasin\/\"]}]},{\"@type\":\"ImageObject\",\"inLanguage\":\"ru-RU\",\"@id\":\"https:\/\/reginett.ee\/toode\/nullpoorderaadiusega-niiduk-toro-mr4275t-myride-demomasin\/#primaryimage\",\"url\":\"https:\/\/reginett.ee\/wp-content\/uploads\/2025\/10\/Zeroturn-TORO.webp\",\"contentUrl\":\"https:\/\/reginett.ee\/wp-content\/uploads\/2025\/10\/Zeroturn-TORO.webp\",\"width\":680,\"height\":372,\"caption\":\"Zeroturn TORO MR4275T\"},{\"@type\":\"BreadcrumbList\",\"@id\":\"https:\/\/reginett.ee\/toode\/nullpoorderaadiusega-niiduk-toro-mr4275t-myride-demomasin\/#breadcrumb\",\"itemListElement\":[{\"@type\":\"ListItem\",\"position\":1,\"name\":\"Home\",\"item\":\"https:\/\/reginett.ee\/ru\/\"},{\"@type\":\"ListItem\",\"position\":2,\"name\":\"Tooted\",\"item\":\"https:\/\/reginett.ee\/tooted\/\"},{\"@type\":\"ListItem\",\"position\":3,\"name\":\"Nullp\u00f6\u00f6rderaadiusega niiduk TORO MR4275T MyRide DEMOMASIN!\"}]},{\"@type\":\"WebSite\",\"@id\":\"https:\/\/reginett.ee\/#website\",\"url\":\"https:\/\/reginett.ee\/\",\"name\":\"Reginett\",\"description\":\"Parimad robotniidukid\",\"potentialAction\":[{\"@type\":\"SearchAction\",\"target\":{\"@type\":\"EntryPoint\",\"urlTemplate\":\"https:\/\/reginett.ee\/?s={search_term_string}\"},\"query-input\":{\"@type\":\"PropertyValueSpecification\",\"valueRequired\":true,\"valueName\":\"search_term_string\"}}],\"inLanguage\":\"ru-RU\"}]}<\/script>\n<!-- \/ Yoast SEO plugin. -->","yoast_head_json":{"title":"Nullp\u00f6\u00f6rderaadiusega niiduk TORO MR4275T MyRide","description":"Nullp\u00f6\u00f6rderaadiusega TORO MR4275T MyRide TimeCutter on nii hea man\u00f6\u00f6verdusv\u00f5imega niidumasin, et v\u00f5ite senise niitmise aja poolitada!","robots":{"index":"index","follow":"follow","max-snippet":"max-snippet:-1","max-image-preview":"max-image-preview:large","max-video-preview":"max-video-preview:-1"},"canonical":"https:\/\/reginett.ee\/toode\/nullpoorderaadiusega-niiduk-toro-mr4275t-myride-demomasin\/","og_locale":"ru_RU","og_type":"article","og_title":"Nullp\u00f6\u00f6rderaadiusega niiduk TORO MR4275T MyRide","og_description":"Nullp\u00f6\u00f6rderaadiusega TORO MR4275T MyRide TimeCutter on nii hea man\u00f6\u00f6verdusv\u00f5imega niidumasin, et v\u00f5ite senise niitmise aja poolitada!","og_url":"https:\/\/reginett.ee\/toode\/nullpoorderaadiusega-niiduk-toro-mr4275t-myride-demomasin\/","og_site_name":"Reginett","article_modified_time":"2026-04-21T07:57:13+00:00","og_image":[{"width":680,"height":372,"url":"https:\/\/reginett.ee\/wp-content\/uploads\/2025\/10\/Zeroturn-TORO.webp","type":"image\/webp"}],"twitter_card":"summary_large_image","twitter_misc":{"\u041f\u0440\u0438\u043c\u0435\u0440\u043d\u043e\u0435 \u0432\u0440\u0435\u043c\u044f \u0434\u043b\u044f \u0447\u0442\u0435\u043d\u0438\u044f":"2 \u043c\u0438\u043d\u0443\u0442\u044b"},"schema":{"@context":"https:\/\/schema.org","@graph":[{"@type":"WebPage","@id":"https:\/\/reginett.ee\/toode\/nullpoorderaadiusega-niiduk-toro-mr4275t-myride-demomasin\/","url":"https:\/\/reginett.ee\/toode\/nullpoorderaadiusega-niiduk-toro-mr4275t-myride-demomasin\/","name":"Nullp\u00f6\u00f6rderaadiusega niiduk TORO MR4275T MyRide","isPartOf":{"@id":"https:\/\/reginett.ee\/#website"},"primaryImageOfPage":{"@id":"https:\/\/reginett.ee\/toode\/nullpoorderaadiusega-niiduk-toro-mr4275t-myride-demomasin\/#primaryimage"},"image":{"@id":"https:\/\/reginett.ee\/toode\/nullpoorderaadiusega-niiduk-toro-mr4275t-myride-demomasin\/#primaryimage"},"thumbnailUrl":"https:\/\/reginett.ee\/wp-content\/uploads\/2025\/10\/Zeroturn-TORO.webp","datePublished":"2025-10-22T11:26:33+00:00","dateModified":"2026-04-21T07:57:13+00:00","description":"Nullp\u00f6\u00f6rderaadiusega TORO MR4275T MyRide TimeCutter on nii hea man\u00f6\u00f6verdusv\u00f5imega niidumasin, et v\u00f5ite senise niitmise aja poolitada!","breadcrumb":{"@id":"https:\/\/reginett.ee\/toode\/nullpoorderaadiusega-niiduk-toro-mr4275t-myride-demomasin\/#breadcrumb"},"inLanguage":"ru-RU","potentialAction":[{"@type":"ReadAction","target":["https:\/\/reginett.ee\/toode\/nullpoorderaadiusega-niiduk-toro-mr4275t-myride-demomasin\/"]}]},{"@type":"ImageObject","inLanguage":"ru-RU","@id":"https:\/\/reginett.ee\/toode\/nullpoorderaadiusega-niiduk-toro-mr4275t-myride-demomasin\/#primaryimage","url":"https:\/\/reginett.ee\/wp-content\/uploads\/2025\/10\/Zeroturn-TORO.webp","contentUrl":"https:\/\/reginett.ee\/wp-content\/uploads\/2025\/10\/Zeroturn-TORO.webp","width":680,"height":372,"caption":"Zeroturn TORO MR4275T"},{"@type":"BreadcrumbList","@id":"https:\/\/reginett.ee\/toode\/nullpoorderaadiusega-niiduk-toro-mr4275t-myride-demomasin\/#breadcrumb","itemListElement":[{"@type":"ListItem","position":1,"name":"Home","item":"https:\/\/reginett.ee\/ru\/"},{"@type":"ListItem","position":2,"name":"Tooted","item":"https:\/\/reginett.ee\/tooted\/"},{"@type":"ListItem","position":3,"name":"Nullp\u00f6\u00f6rderaadiusega niiduk TORO MR4275T MyRide DEMOMASIN!"}]},{"@type":"WebSite","@id":"https:\/\/reginett.ee\/#website","url":"https:\/\/reginett.ee\/","name":"Reginett","description":"Parimad robotniidukid","potentialAction":[{"@type":"SearchAction","target":{"@type":"EntryPoint","urlTemplate":"https:\/\/reginett.ee\/?s={search_term_string}"},"query-input":{"@type":"PropertyValueSpecification","valueRequired":true,"valueName":"search_term_string"}}],"inLanguage":"ru-RU"}]}},"brands":[{"id":148,"name":"Toro","slug":"toro"}],"_links":{"self":[{"href":"https:\/\/reginett.ee\/ru\/wp-json\/wp\/v2\/product\/63330","targetHints":{"allow":["GET"]}}],"collection":[{"href":"https:\/\/reginett.ee\/ru\/wp-json\/wp\/v2\/product"}],"about":[{"href":"https:\/\/reginett.ee\/ru\/wp-json\/wp\/v2\/types\/product"}],"replies":[{"embeddable":true,"href":"https:\/\/reginett.ee\/ru\/wp-json\/wp\/v2\/comments?post=63330"}],"wp:featuredmedia":[{"embeddable":true,"href":"https:\/\/reginett.ee\/ru\/wp-json\/wp\/v2\/media\/63334"}],"wp:attachment":[{"href":"https:\/\/reginett.ee\/ru\/wp-json\/wp\/v2\/media?parent=63330"}],"wp:term":[{"taxonomy":"pwb-brand","embeddable":true,"href":"https:\/\/reginett.ee\/ru\/wp-json\/wp\/v2\/pwb-brand?post=63330"},{"taxonomy":"product_brand","embeddable":true,"href":"https:\/\/reginett.ee\/ru\/wp-json\/wp\/v2\/product_brand?post=63330"},{"taxonomy":"product_cat","embeddable":true,"href":"https:\/\/reginett.ee\/ru\/wp-json\/wp\/v2\/product_cat?post=63330"},{"taxonomy":"product_tag","embeddable":true,"href":"https:\/\/reginett.ee\/ru\/wp-json\/wp\/v2\/product_tag?post=63330"}],"curies":[{"name":"wp","href":"https:\/\/api.w.org\/{rel}","templated":true}]}}