{"id":63277,"date":"2025-12-05T12:35:46","date_gmt":"2025-12-05T09:35:46","guid":{"rendered":"https:\/\/reginett.ee\/?post_type=product&#038;p=63277"},"modified":"2026-01-06T18:18:44","modified_gmt":"2026-01-06T15:18:44","slug":"akulumepuhur-husqvarna-st253i-uus","status":"publish","type":"product","link":"https:\/\/reginett.ee\/ru\/toode\/akulumepuhur-husqvarna-st253i-uus\/","title":{"rendered":"Akulumepuhur Husqvarna ST253i UUS!"},"content":{"rendered":"<p><strong>Akulumepuhur Husqvarna ST253i<\/strong> on akutoitel uudne lumepuhur, mis tagab oma v\u00f5imsa elektrimootoriga t\u00f5husa lumekoristuse keskmise suurusega aladel. T\u00e4nu lihtsale ja intuitiivsele juhthoobade lukustusfunktsioonile on seda erakordselt lihtne k\u00e4ivitada ning kasutada. Sujuv rootori kiiruse reguleerimine tagab t\u00e4pse v\u00e4ljaviske juhtimise, mis on eriti kasulik tundlikes piirkondades, ning elektriline v\u00e4ljavisketoru p\u00f6\u00f6ramine tagab kiire ja ergonoomilise kasutamise. Muude kasutajas\u00f5bralike omaduste hulka kuuluvad kokkupandav k\u00e4epide, mis h\u00f5lbustab hoiustamist ja LED-tuli suurep\u00e4rase n\u00e4htavuse tagamiseks pimedas. Husqvarna ST253i on osa Husqvarna paindlikust 36 V s\u00fcsteemist BLi-X, mis v\u00f5imaldab \u00fchte akut kasutada mitme t\u00f6\u00f6riista jaoks.<\/p>\n<p>*akud ja laadija ei kuulu komplekti!<\/p>\n<h3 class=\"ui-el ui-h ui-ep\">Suured ja tugevad rattad<\/h3>\n<div aria-live=\"polite\">\n<p class=\"ui-el ui-h ui-et\">Metallvelgedel olevad suure mustriga rehvid tagavad usaldusv\u00e4\u00e4rne liikumise ja hea veoj\u00f5u ka ebatasasel pinnasel. Lisaks pikendab see toote eluiga.<\/p>\n<h3>LED-esituli<\/h3>\n<p>LED-esituli annab v\u00f5imaluse puhuriga t\u00f6\u00f6tada varajastel hommikutundidel v\u00f5i hilja \u00f5htul. Just siis, kui sulle sobib.<\/p>\n<h3>Kaks akupesa<\/h3>\n<h3>Elektriline visketoru p\u00f6\u00f6ramine<\/h3>\n<h3>Ruumis\u00e4\u00e4stlik hoiustamine<\/h3>\n<p>&nbsp;<\/p>\n<\/div>\n","protected":false},"excerpt":{"rendered":"<p><strong>Akulumepuhur Husqvarna ST253i<\/strong> on akutoitel uudne lumepuhur, mis tagab oma v\u00f5imsa elektrimootoriga t\u00f5husa lumekoristuse keskmise suurusega aladel. T\u00e4nu lihtsale ja intuitiivsele juhthoobade lukustusfunktsioonile on seda erakordselt lihtne k\u00e4ivitada ning kasutada. Sujuv rootori kiiruse reguleerimine tagab t\u00e4pse v\u00e4ljaviske juhtimise, mis on eriti kasulik tundlikes piirkondades, ning elektriline v\u00e4ljavisketoru p\u00f6\u00f6ramine tagab kiire ja ergonoomilise kasutamise. Muude kasutajas\u00f5bralike omaduste hulka kuuluvad kokkupandav k\u00e4epide, mis h\u00f5lbustab hoiustamist ja LED-tuli suurep\u00e4rase n\u00e4htavuse tagamiseks pimedas. Husqvarna ST253i on osa Husqvarna paindlikust 36 V s\u00fcsteemist BLi-X, mis v\u00f5imaldab \u00fchte akut kasutada mitme t\u00f6\u00f6riista jaoks.<\/p>\n<p>*akud ja laadija ei kuulu komplekti!<\/p>\n","protected":false},"featured_media":63278,"comment_status":"open","ping_status":"closed","template":"","meta":{"_acf_changed":false,"_et_pb_use_builder":"","_et_pb_old_content":"","_et_gb_content_width":"","inline_featured_image":false},"pwb-brand":[147],"product_brand":[],"product_cat":[48,134,37,51],"product_tag":[770,452,771],"class_list":{"0":"post-63277","1":"product","2":"type-product","3":"status-publish","4":"has-post-thumbnail","6":"pwb-brand-husqvarna","7":"product_cat-akutooted","8":"product_cat-eripakkumised","9":"product_cat-husqvarna","10":"product_cat-lumepuhurid","11":"product_tag-akuga-lumepuhur","12":"product_tag-akulumepuhur","13":"product_tag-st253i","14":"product_shipping_class-soodsam-kuller-15-eur","16":"first","17":"instock","18":"sale","19":"shipping-taxable","20":"purchasable","21":"product-type-simple"},"acf":[],"yoast_head":"<!-- This site is optimized with the Yoast SEO plugin v26.6 - https:\/\/yoast.com\/wordpress\/plugins\/seo\/ -->\n<title>Akulumepuhur Husqvarna ST253i. Suur valik lumepuhureid laos<\/title>\n<meta name=\"description\" content=\"Akulumepuhur Husqvarna ST253i on akutoitel uudne lumepuhur, mis tagab oma v\u00f5imsa elektrimootoriga t\u00f5husa lumekoristuse keskmise suurusega aladel.\" \/>\n<meta name=\"robots\" content=\"index, follow, max-snippet:-1, max-image-preview:large, max-video-preview:-1\" \/>\n<link rel=\"canonical\" href=\"https:\/\/reginett.ee\/toode\/akulumepuhur-husqvarna-st253i-uus\/\" \/>\n<meta property=\"og:locale\" content=\"ru_RU\" \/>\n<meta property=\"og:type\" content=\"article\" \/>\n<meta property=\"og:title\" content=\"Akulumepuhur Husqvarna ST253i. Suur valik lumepuhureid laos\" \/>\n<meta property=\"og:description\" content=\"Akulumepuhur Husqvarna ST253i on akutoitel uudne lumepuhur, mis tagab oma v\u00f5imsa elektrimootoriga t\u00f5husa lumekoristuse keskmise suurusega aladel.\" \/>\n<meta property=\"og:url\" content=\"https:\/\/reginett.ee\/toode\/akulumepuhur-husqvarna-st253i-uus\/\" \/>\n<meta property=\"og:site_name\" content=\"Reginett\" \/>\n<meta property=\"article:modified_time\" content=\"2026-01-06T15:18:44+00:00\" \/>\n<meta property=\"og:image\" content=\"https:\/\/reginett.ee\/wp-content\/uploads\/2025\/10\/Untitled-6.webp\" \/>\n\t<meta property=\"og:image:width\" content=\"680\" \/>\n\t<meta property=\"og:image:height\" content=\"372\" \/>\n\t<meta property=\"og:image:type\" content=\"image\/webp\" \/>\n<meta name=\"twitter:card\" content=\"summary_large_image\" \/>\n<meta name=\"twitter:label1\" content=\"\u041f\u0440\u0438\u043c\u0435\u0440\u043d\u043e\u0435 \u0432\u0440\u0435\u043c\u044f \u0434\u043b\u044f \u0447\u0442\u0435\u043d\u0438\u044f\" \/>\n\t<meta name=\"twitter:data1\" content=\"1 \u043c\u0438\u043d\u0443\u0442\u0430\" \/>\n<script type=\"application\/ld+json\" class=\"yoast-schema-graph\">{\"@context\":\"https:\/\/schema.org\",\"@graph\":[{\"@type\":\"WebPage\",\"@id\":\"https:\/\/reginett.ee\/toode\/akulumepuhur-husqvarna-st253i-uus\/\",\"url\":\"https:\/\/reginett.ee\/toode\/akulumepuhur-husqvarna-st253i-uus\/\",\"name\":\"Akulumepuhur Husqvarna ST253i. Suur valik lumepuhureid laos\",\"isPartOf\":{\"@id\":\"https:\/\/reginett.ee\/#website\"},\"primaryImageOfPage\":{\"@id\":\"https:\/\/reginett.ee\/toode\/akulumepuhur-husqvarna-st253i-uus\/#primaryimage\"},\"image\":{\"@id\":\"https:\/\/reginett.ee\/toode\/akulumepuhur-husqvarna-st253i-uus\/#primaryimage\"},\"thumbnailUrl\":\"https:\/\/reginett.ee\/wp-content\/uploads\/2025\/10\/Untitled-6.webp\",\"datePublished\":\"2025-12-05T09:35:46+00:00\",\"dateModified\":\"2026-01-06T15:18:44+00:00\",\"description\":\"Akulumepuhur Husqvarna ST253i on akutoitel uudne lumepuhur, mis tagab oma v\u00f5imsa elektrimootoriga t\u00f5husa lumekoristuse keskmise suurusega aladel.\",\"breadcrumb\":{\"@id\":\"https:\/\/reginett.ee\/toode\/akulumepuhur-husqvarna-st253i-uus\/#breadcrumb\"},\"inLanguage\":\"ru-RU\",\"potentialAction\":[{\"@type\":\"ReadAction\",\"target\":[\"https:\/\/reginett.ee\/toode\/akulumepuhur-husqvarna-st253i-uus\/\"]}]},{\"@type\":\"ImageObject\",\"inLanguage\":\"ru-RU\",\"@id\":\"https:\/\/reginett.ee\/toode\/akulumepuhur-husqvarna-st253i-uus\/#primaryimage\",\"url\":\"https:\/\/reginett.ee\/wp-content\/uploads\/2025\/10\/Untitled-6.webp\",\"contentUrl\":\"https:\/\/reginett.ee\/wp-content\/uploads\/2025\/10\/Untitled-6.webp\",\"width\":680,\"height\":372,\"caption\":\"Akulumepuhur Husqvarna St253i\"},{\"@type\":\"BreadcrumbList\",\"@id\":\"https:\/\/reginett.ee\/toode\/akulumepuhur-husqvarna-st253i-uus\/#breadcrumb\",\"itemListElement\":[{\"@type\":\"ListItem\",\"position\":1,\"name\":\"Home\",\"item\":\"https:\/\/reginett.ee\/ru\/\"},{\"@type\":\"ListItem\",\"position\":2,\"name\":\"Tooted\",\"item\":\"https:\/\/reginett.ee\/tooted\/\"},{\"@type\":\"ListItem\",\"position\":3,\"name\":\"Akulumepuhur Husqvarna ST253i UUS!\"}]},{\"@type\":\"WebSite\",\"@id\":\"https:\/\/reginett.ee\/#website\",\"url\":\"https:\/\/reginett.ee\/\",\"name\":\"Reginett\",\"description\":\"Parimad robotniidukid\",\"potentialAction\":[{\"@type\":\"SearchAction\",\"target\":{\"@type\":\"EntryPoint\",\"urlTemplate\":\"https:\/\/reginett.ee\/?s={search_term_string}\"},\"query-input\":{\"@type\":\"PropertyValueSpecification\",\"valueRequired\":true,\"valueName\":\"search_term_string\"}}],\"inLanguage\":\"ru-RU\"}]}<\/script>\n<!-- \/ Yoast SEO plugin. -->","yoast_head_json":{"title":"Akulumepuhur Husqvarna ST253i. Suur valik lumepuhureid laos","description":"Akulumepuhur Husqvarna ST253i on akutoitel uudne lumepuhur, mis tagab oma v\u00f5imsa elektrimootoriga t\u00f5husa lumekoristuse keskmise suurusega aladel.","robots":{"index":"index","follow":"follow","max-snippet":"max-snippet:-1","max-image-preview":"max-image-preview:large","max-video-preview":"max-video-preview:-1"},"canonical":"https:\/\/reginett.ee\/toode\/akulumepuhur-husqvarna-st253i-uus\/","og_locale":"ru_RU","og_type":"article","og_title":"Akulumepuhur Husqvarna ST253i. Suur valik lumepuhureid laos","og_description":"Akulumepuhur Husqvarna ST253i on akutoitel uudne lumepuhur, mis tagab oma v\u00f5imsa elektrimootoriga t\u00f5husa lumekoristuse keskmise suurusega aladel.","og_url":"https:\/\/reginett.ee\/toode\/akulumepuhur-husqvarna-st253i-uus\/","og_site_name":"Reginett","article_modified_time":"2026-01-06T15:18:44+00:00","og_image":[{"width":680,"height":372,"url":"https:\/\/reginett.ee\/wp-content\/uploads\/2025\/10\/Untitled-6.webp","type":"image\/webp"}],"twitter_card":"summary_large_image","twitter_misc":{"\u041f\u0440\u0438\u043c\u0435\u0440\u043d\u043e\u0435 \u0432\u0440\u0435\u043c\u044f \u0434\u043b\u044f \u0447\u0442\u0435\u043d\u0438\u044f":"1 \u043c\u0438\u043d\u0443\u0442\u0430"},"schema":{"@context":"https:\/\/schema.org","@graph":[{"@type":"WebPage","@id":"https:\/\/reginett.ee\/toode\/akulumepuhur-husqvarna-st253i-uus\/","url":"https:\/\/reginett.ee\/toode\/akulumepuhur-husqvarna-st253i-uus\/","name":"Akulumepuhur Husqvarna ST253i. Suur valik lumepuhureid laos","isPartOf":{"@id":"https:\/\/reginett.ee\/#website"},"primaryImageOfPage":{"@id":"https:\/\/reginett.ee\/toode\/akulumepuhur-husqvarna-st253i-uus\/#primaryimage"},"image":{"@id":"https:\/\/reginett.ee\/toode\/akulumepuhur-husqvarna-st253i-uus\/#primaryimage"},"thumbnailUrl":"https:\/\/reginett.ee\/wp-content\/uploads\/2025\/10\/Untitled-6.webp","datePublished":"2025-12-05T09:35:46+00:00","dateModified":"2026-01-06T15:18:44+00:00","description":"Akulumepuhur Husqvarna ST253i on akutoitel uudne lumepuhur, mis tagab oma v\u00f5imsa elektrimootoriga t\u00f5husa lumekoristuse keskmise suurusega aladel.","breadcrumb":{"@id":"https:\/\/reginett.ee\/toode\/akulumepuhur-husqvarna-st253i-uus\/#breadcrumb"},"inLanguage":"ru-RU","potentialAction":[{"@type":"ReadAction","target":["https:\/\/reginett.ee\/toode\/akulumepuhur-husqvarna-st253i-uus\/"]}]},{"@type":"ImageObject","inLanguage":"ru-RU","@id":"https:\/\/reginett.ee\/toode\/akulumepuhur-husqvarna-st253i-uus\/#primaryimage","url":"https:\/\/reginett.ee\/wp-content\/uploads\/2025\/10\/Untitled-6.webp","contentUrl":"https:\/\/reginett.ee\/wp-content\/uploads\/2025\/10\/Untitled-6.webp","width":680,"height":372,"caption":"Akulumepuhur Husqvarna St253i"},{"@type":"BreadcrumbList","@id":"https:\/\/reginett.ee\/toode\/akulumepuhur-husqvarna-st253i-uus\/#breadcrumb","itemListElement":[{"@type":"ListItem","position":1,"name":"Home","item":"https:\/\/reginett.ee\/ru\/"},{"@type":"ListItem","position":2,"name":"Tooted","item":"https:\/\/reginett.ee\/tooted\/"},{"@type":"ListItem","position":3,"name":"Akulumepuhur Husqvarna ST253i UUS!"}]},{"@type":"WebSite","@id":"https:\/\/reginett.ee\/#website","url":"https:\/\/reginett.ee\/","name":"Reginett","description":"Parimad robotniidukid","potentialAction":[{"@type":"SearchAction","target":{"@type":"EntryPoint","urlTemplate":"https:\/\/reginett.ee\/?s={search_term_string}"},"query-input":{"@type":"PropertyValueSpecification","valueRequired":true,"valueName":"search_term_string"}}],"inLanguage":"ru-RU"}]}},"brands":[{"id":147,"name":"Husqvarna","slug":"husqvarna"}],"_links":{"self":[{"href":"https:\/\/reginett.ee\/ru\/wp-json\/wp\/v2\/product\/63277","targetHints":{"allow":["GET"]}}],"collection":[{"href":"https:\/\/reginett.ee\/ru\/wp-json\/wp\/v2\/product"}],"about":[{"href":"https:\/\/reginett.ee\/ru\/wp-json\/wp\/v2\/types\/product"}],"replies":[{"embeddable":true,"href":"https:\/\/reginett.ee\/ru\/wp-json\/wp\/v2\/comments?post=63277"}],"wp:featuredmedia":[{"embeddable":true,"href":"https:\/\/reginett.ee\/ru\/wp-json\/wp\/v2\/media\/63278"}],"wp:attachment":[{"href":"https:\/\/reginett.ee\/ru\/wp-json\/wp\/v2\/media?parent=63277"}],"wp:term":[{"taxonomy":"pwb-brand","embeddable":true,"href":"https:\/\/reginett.ee\/ru\/wp-json\/wp\/v2\/pwb-brand?post=63277"},{"taxonomy":"product_brand","embeddable":true,"href":"https:\/\/reginett.ee\/ru\/wp-json\/wp\/v2\/product_brand?post=63277"},{"taxonomy":"product_cat","embeddable":true,"href":"https:\/\/reginett.ee\/ru\/wp-json\/wp\/v2\/product_cat?post=63277"},{"taxonomy":"product_tag","embeddable":true,"href":"https:\/\/reginett.ee\/ru\/wp-json\/wp\/v2\/product_tag?post=63277"}],"curies":[{"name":"wp","href":"https:\/\/api.w.org\/{rel}","templated":true}]}}