{"id":63266,"date":"2026-01-05T11:49:46","date_gmt":"2026-01-05T08:49:46","guid":{"rendered":"https:\/\/reginett.ee\/?post_type=product&#038;p=63266"},"modified":"2026-01-06T18:01:07","modified_gmt":"2026-01-06T15:01:07","slug":"lumepuhur-husqvarna-st376-uus","status":"publish","type":"product","link":"https:\/\/reginett.ee\/ru\/toode\/lumepuhur-husqvarna-st376-uus\/","title":{"rendered":"Lumepuhur Husqvarna ST376 UUS!"},"content":{"rendered":"<p><strong>Lumepuhur Husqvarna ST376<\/strong> on uus vastupidav ja v\u00f5imas puhur, mis on loodud kasutamiseks n\u00f5udlikes oludes. Eriti suur ja v\u00f5imas mootor tagab v\u00f5imsuse, mida on vaja t\u00f5husaks lumekoristuseks suurtel ja keerulistel aladel. H\u00fcdrostaatiline \u00fclekanne ja vabastushoovad tagavad suurep\u00e4rase man\u00f6\u00f6verdusv\u00f5ime ning suure t\u00e4psusega lumekoristuse. Olenemata tingimustest on elektriline starter alati saadaval, et tagada lihtne k\u00e4ivitamine, kui see on vajalik, ja soojendusega k\u00e4epidemed annavad k\u00fclma ilmaga lisamugavust.<\/p>\n<p>Eriti lai sissev\u00f5tuava tagab suurte lumekoguste t\u00f5husa k\u00e4itlemise.<\/p>\n<p>&nbsp;<\/p>\n<h3>Soojendusega k\u00e4epidemed<\/h3>\n<p>Soojendusega k\u00e4epidemed muudavad Husqvarna ST376 t\u00f6\u00f6tamise v\u00e4ga mugavaks ka k\u00f5ige k\u00fclmemal talvep\u00e4eval.<\/p>\n<h3>Rooliv\u00f5imendi<\/h3>\n<p>Rooliv\u00f5imendi muudab lumepuhuriga t\u00f6\u00f6tamise kergeks ja mugavaks. T\u00f6\u00f6 lumepuhuriga muutub t\u00e4nu rooliv\u00f5imendile j\u00f5ukohaseks igap\u00fchele.<\/p>\n<h3>LED-esituli<\/h3>\n<p>Korralik LED-esituli muudab lumepuhuriga t\u00f6\u00f6tamise v\u00f5imalikuks ka varastel hommikutundidel v\u00f5i hilja \u00f5htul. Just siis, kui sulle sobib.<\/p>\n<h3 class=\"ui-el ui-h ui-ep\">Ummistunud v\u00e4ljavisketoru puhastusvarras<\/h3>\n<div aria-live=\"polite\">\n<p class=\"ui-el ui-h ui-et\">Varras muudab ummistunud v\u00e4ljavisketoru puhastamise lihtsaks, v\u00f5imaldades teil kiiresti lumekoristust j\u00e4tkata.&lt;br&gt; Varda \u200b\u200b\u00fchel k\u00fcljel on hari, et masin enne hoiustamist lumest puhastada.<\/p>\n<h3 class=\"ui-el ui-h ui-ep\">\u00dche k\u00e4ega juhtimine<\/h3>\n<div aria-live=\"polite\">\n<p class=\"ui-el ui-h ui-et\">\u00dche k\u00e4ega juhtimine h\u00f5lpsaks juhtnuppude reguleerimiseks t\u00f6\u00f6 ajal.&lt;br&gt; Veo saab vasaku hoovaga h\u00f5lpsalt lukustada, mis v\u00f5imaldab juhtnuppe parema k\u00e4ega reguleerida.<\/p>\n<p>&nbsp;<\/p>\n<p>&nbsp;<\/p>\n<\/div>\n<\/div>\n","protected":false},"excerpt":{"rendered":"<p><strong>Lumepuhur Husqvarna ST376<\/strong> on uus vastupidav ja v\u00f5imas puhur, mis on loodud kasutamiseks n\u00f5udlikes oludes. Eriti suur ja v\u00f5imas mootor tagab v\u00f5imsuse, mida on vaja t\u00f5husaks lumekoristuseks suurtel ja keerulistel aladel. H\u00fcdrostaatiline \u00fclekanne ja vabastushoovad tagavad suurep\u00e4rase man\u00f6\u00f6verdusv\u00f5ime ning suure t\u00e4psusega lumekoristuse. Olenemata tingimustest on elektriline starter alati saadaval, et tagada lihtne k\u00e4ivitamine, kui see on vajalik, ja soojendusega k\u00e4epidemed annavad k\u00fclma ilmaga lisamugavust. Eriti lai sissev\u00f5tuava tagab suurte lumekoguste t\u00f5husa k\u00e4itlemise.<\/p>\n","protected":false},"featured_media":63267,"comment_status":"open","ping_status":"closed","template":"","meta":{"_acf_changed":false,"_et_pb_use_builder":"","_et_pb_old_content":"","_et_gb_content_width":"","inline_featured_image":false},"pwb-brand":[147],"product_brand":[],"product_cat":[134,37,51],"product_tag":[157,156,106,769],"class_list":{"0":"post-63266","1":"product","2":"type-product","3":"status-publish","4":"has-post-thumbnail","6":"pwb-brand-husqvarna","7":"product_cat-eripakkumised","8":"product_cat-husqvarna","9":"product_cat-lumepuhurid","10":"product_tag-lumefrees","11":"product_tag-lumepuhur","12":"product_tag-puhur","13":"product_tag-st376","14":"product_shipping_class-rasked-asjad","16":"first","17":"instock","18":"sale","19":"shipping-taxable","20":"purchasable","21":"product-type-simple"},"acf":[],"yoast_head":"<!-- This site is optimized with the Yoast SEO plugin v26.6 - https:\/\/yoast.com\/wordpress\/plugins\/seo\/ -->\n<title>Lumepuhur Husqvarna ST376. Parimad lumepuhurid Reginetist<\/title>\n<meta name=\"description\" content=\"Lumepuhur Husqvarna ST376 on uus vastupidav ja v\u00f5imas puhur, mis on loodud kasutamiseks n\u00f5udlikes oludes. Eriti suur ja v\u00f5imas mootor tagab v\u00f5imsuse\" \/>\n<meta name=\"robots\" content=\"index, follow, max-snippet:-1, max-image-preview:large, max-video-preview:-1\" \/>\n<link rel=\"canonical\" href=\"https:\/\/reginett.ee\/toode\/lumepuhur-husqvarna-st376-uus\/\" \/>\n<meta property=\"og:locale\" content=\"ru_RU\" \/>\n<meta property=\"og:type\" content=\"article\" \/>\n<meta property=\"og:title\" content=\"Lumepuhur Husqvarna ST376. Parimad lumepuhurid Reginetist\" \/>\n<meta property=\"og:description\" content=\"Lumepuhur Husqvarna ST376 on uus vastupidav ja v\u00f5imas puhur, mis on loodud kasutamiseks n\u00f5udlikes oludes. Eriti suur ja v\u00f5imas mootor tagab v\u00f5imsuse\" \/>\n<meta property=\"og:url\" content=\"https:\/\/reginett.ee\/toode\/lumepuhur-husqvarna-st376-uus\/\" \/>\n<meta property=\"og:site_name\" content=\"Reginett\" \/>\n<meta property=\"article:modified_time\" content=\"2026-01-06T15:01:07+00:00\" \/>\n<meta property=\"og:image\" content=\"https:\/\/reginett.ee\/wp-content\/uploads\/2025\/10\/Lumepuhur-Husqvarna-ST376.webp\" \/>\n\t<meta property=\"og:image:width\" content=\"680\" \/>\n\t<meta property=\"og:image:height\" content=\"372\" \/>\n\t<meta property=\"og:image:type\" content=\"image\/webp\" \/>\n<meta name=\"twitter:card\" content=\"summary_large_image\" \/>\n<meta name=\"twitter:label1\" content=\"\u041f\u0440\u0438\u043c\u0435\u0440\u043d\u043e\u0435 \u0432\u0440\u0435\u043c\u044f \u0434\u043b\u044f \u0447\u0442\u0435\u043d\u0438\u044f\" \/>\n\t<meta name=\"twitter:data1\" content=\"2 \u043c\u0438\u043d\u0443\u0442\u044b\" \/>\n<script type=\"application\/ld+json\" class=\"yoast-schema-graph\">{\"@context\":\"https:\/\/schema.org\",\"@graph\":[{\"@type\":\"WebPage\",\"@id\":\"https:\/\/reginett.ee\/toode\/lumepuhur-husqvarna-st376-uus\/\",\"url\":\"https:\/\/reginett.ee\/toode\/lumepuhur-husqvarna-st376-uus\/\",\"name\":\"Lumepuhur Husqvarna ST376. Parimad lumepuhurid Reginetist\",\"isPartOf\":{\"@id\":\"https:\/\/reginett.ee\/#website\"},\"primaryImageOfPage\":{\"@id\":\"https:\/\/reginett.ee\/toode\/lumepuhur-husqvarna-st376-uus\/#primaryimage\"},\"image\":{\"@id\":\"https:\/\/reginett.ee\/toode\/lumepuhur-husqvarna-st376-uus\/#primaryimage\"},\"thumbnailUrl\":\"https:\/\/reginett.ee\/wp-content\/uploads\/2025\/10\/Lumepuhur-Husqvarna-ST376.webp\",\"datePublished\":\"2026-01-05T08:49:46+00:00\",\"dateModified\":\"2026-01-06T15:01:07+00:00\",\"description\":\"Lumepuhur Husqvarna ST376 on uus vastupidav ja v\u00f5imas puhur, mis on loodud kasutamiseks n\u00f5udlikes oludes. Eriti suur ja v\u00f5imas mootor tagab v\u00f5imsuse\",\"breadcrumb\":{\"@id\":\"https:\/\/reginett.ee\/toode\/lumepuhur-husqvarna-st376-uus\/#breadcrumb\"},\"inLanguage\":\"ru-RU\",\"potentialAction\":[{\"@type\":\"ReadAction\",\"target\":[\"https:\/\/reginett.ee\/toode\/lumepuhur-husqvarna-st376-uus\/\"]}]},{\"@type\":\"ImageObject\",\"inLanguage\":\"ru-RU\",\"@id\":\"https:\/\/reginett.ee\/toode\/lumepuhur-husqvarna-st376-uus\/#primaryimage\",\"url\":\"https:\/\/reginett.ee\/wp-content\/uploads\/2025\/10\/Lumepuhur-Husqvarna-ST376.webp\",\"contentUrl\":\"https:\/\/reginett.ee\/wp-content\/uploads\/2025\/10\/Lumepuhur-Husqvarna-ST376.webp\",\"width\":680,\"height\":372,\"caption\":\"Lumepuhur Husqvarna ST376\"},{\"@type\":\"BreadcrumbList\",\"@id\":\"https:\/\/reginett.ee\/toode\/lumepuhur-husqvarna-st376-uus\/#breadcrumb\",\"itemListElement\":[{\"@type\":\"ListItem\",\"position\":1,\"name\":\"Home\",\"item\":\"https:\/\/reginett.ee\/ru\/\"},{\"@type\":\"ListItem\",\"position\":2,\"name\":\"Tooted\",\"item\":\"https:\/\/reginett.ee\/tooted\/\"},{\"@type\":\"ListItem\",\"position\":3,\"name\":\"Lumepuhur Husqvarna ST376 UUS!\"}]},{\"@type\":\"WebSite\",\"@id\":\"https:\/\/reginett.ee\/#website\",\"url\":\"https:\/\/reginett.ee\/\",\"name\":\"Reginett\",\"description\":\"Parimad robotniidukid\",\"potentialAction\":[{\"@type\":\"SearchAction\",\"target\":{\"@type\":\"EntryPoint\",\"urlTemplate\":\"https:\/\/reginett.ee\/?s={search_term_string}\"},\"query-input\":{\"@type\":\"PropertyValueSpecification\",\"valueRequired\":true,\"valueName\":\"search_term_string\"}}],\"inLanguage\":\"ru-RU\"}]}<\/script>\n<!-- \/ Yoast SEO plugin. -->","yoast_head_json":{"title":"Lumepuhur Husqvarna ST376. Parimad lumepuhurid Reginetist","description":"Lumepuhur Husqvarna ST376 on uus vastupidav ja v\u00f5imas puhur, mis on loodud kasutamiseks n\u00f5udlikes oludes. Eriti suur ja v\u00f5imas mootor tagab v\u00f5imsuse","robots":{"index":"index","follow":"follow","max-snippet":"max-snippet:-1","max-image-preview":"max-image-preview:large","max-video-preview":"max-video-preview:-1"},"canonical":"https:\/\/reginett.ee\/toode\/lumepuhur-husqvarna-st376-uus\/","og_locale":"ru_RU","og_type":"article","og_title":"Lumepuhur Husqvarna ST376. Parimad lumepuhurid Reginetist","og_description":"Lumepuhur Husqvarna ST376 on uus vastupidav ja v\u00f5imas puhur, mis on loodud kasutamiseks n\u00f5udlikes oludes. Eriti suur ja v\u00f5imas mootor tagab v\u00f5imsuse","og_url":"https:\/\/reginett.ee\/toode\/lumepuhur-husqvarna-st376-uus\/","og_site_name":"Reginett","article_modified_time":"2026-01-06T15:01:07+00:00","og_image":[{"width":680,"height":372,"url":"https:\/\/reginett.ee\/wp-content\/uploads\/2025\/10\/Lumepuhur-Husqvarna-ST376.webp","type":"image\/webp"}],"twitter_card":"summary_large_image","twitter_misc":{"\u041f\u0440\u0438\u043c\u0435\u0440\u043d\u043e\u0435 \u0432\u0440\u0435\u043c\u044f \u0434\u043b\u044f \u0447\u0442\u0435\u043d\u0438\u044f":"2 \u043c\u0438\u043d\u0443\u0442\u044b"},"schema":{"@context":"https:\/\/schema.org","@graph":[{"@type":"WebPage","@id":"https:\/\/reginett.ee\/toode\/lumepuhur-husqvarna-st376-uus\/","url":"https:\/\/reginett.ee\/toode\/lumepuhur-husqvarna-st376-uus\/","name":"Lumepuhur Husqvarna ST376. Parimad lumepuhurid Reginetist","isPartOf":{"@id":"https:\/\/reginett.ee\/#website"},"primaryImageOfPage":{"@id":"https:\/\/reginett.ee\/toode\/lumepuhur-husqvarna-st376-uus\/#primaryimage"},"image":{"@id":"https:\/\/reginett.ee\/toode\/lumepuhur-husqvarna-st376-uus\/#primaryimage"},"thumbnailUrl":"https:\/\/reginett.ee\/wp-content\/uploads\/2025\/10\/Lumepuhur-Husqvarna-ST376.webp","datePublished":"2026-01-05T08:49:46+00:00","dateModified":"2026-01-06T15:01:07+00:00","description":"Lumepuhur Husqvarna ST376 on uus vastupidav ja v\u00f5imas puhur, mis on loodud kasutamiseks n\u00f5udlikes oludes. Eriti suur ja v\u00f5imas mootor tagab v\u00f5imsuse","breadcrumb":{"@id":"https:\/\/reginett.ee\/toode\/lumepuhur-husqvarna-st376-uus\/#breadcrumb"},"inLanguage":"ru-RU","potentialAction":[{"@type":"ReadAction","target":["https:\/\/reginett.ee\/toode\/lumepuhur-husqvarna-st376-uus\/"]}]},{"@type":"ImageObject","inLanguage":"ru-RU","@id":"https:\/\/reginett.ee\/toode\/lumepuhur-husqvarna-st376-uus\/#primaryimage","url":"https:\/\/reginett.ee\/wp-content\/uploads\/2025\/10\/Lumepuhur-Husqvarna-ST376.webp","contentUrl":"https:\/\/reginett.ee\/wp-content\/uploads\/2025\/10\/Lumepuhur-Husqvarna-ST376.webp","width":680,"height":372,"caption":"Lumepuhur Husqvarna ST376"},{"@type":"BreadcrumbList","@id":"https:\/\/reginett.ee\/toode\/lumepuhur-husqvarna-st376-uus\/#breadcrumb","itemListElement":[{"@type":"ListItem","position":1,"name":"Home","item":"https:\/\/reginett.ee\/ru\/"},{"@type":"ListItem","position":2,"name":"Tooted","item":"https:\/\/reginett.ee\/tooted\/"},{"@type":"ListItem","position":3,"name":"Lumepuhur Husqvarna ST376 UUS!"}]},{"@type":"WebSite","@id":"https:\/\/reginett.ee\/#website","url":"https:\/\/reginett.ee\/","name":"Reginett","description":"Parimad robotniidukid","potentialAction":[{"@type":"SearchAction","target":{"@type":"EntryPoint","urlTemplate":"https:\/\/reginett.ee\/?s={search_term_string}"},"query-input":{"@type":"PropertyValueSpecification","valueRequired":true,"valueName":"search_term_string"}}],"inLanguage":"ru-RU"}]}},"brands":[{"id":147,"name":"Husqvarna","slug":"husqvarna"}],"_links":{"self":[{"href":"https:\/\/reginett.ee\/ru\/wp-json\/wp\/v2\/product\/63266","targetHints":{"allow":["GET"]}}],"collection":[{"href":"https:\/\/reginett.ee\/ru\/wp-json\/wp\/v2\/product"}],"about":[{"href":"https:\/\/reginett.ee\/ru\/wp-json\/wp\/v2\/types\/product"}],"replies":[{"embeddable":true,"href":"https:\/\/reginett.ee\/ru\/wp-json\/wp\/v2\/comments?post=63266"}],"wp:featuredmedia":[{"embeddable":true,"href":"https:\/\/reginett.ee\/ru\/wp-json\/wp\/v2\/media\/63267"}],"wp:attachment":[{"href":"https:\/\/reginett.ee\/ru\/wp-json\/wp\/v2\/media?parent=63266"}],"wp:term":[{"taxonomy":"pwb-brand","embeddable":true,"href":"https:\/\/reginett.ee\/ru\/wp-json\/wp\/v2\/pwb-brand?post=63266"},{"taxonomy":"product_brand","embeddable":true,"href":"https:\/\/reginett.ee\/ru\/wp-json\/wp\/v2\/product_brand?post=63266"},{"taxonomy":"product_cat","embeddable":true,"href":"https:\/\/reginett.ee\/ru\/wp-json\/wp\/v2\/product_cat?post=63266"},{"taxonomy":"product_tag","embeddable":true,"href":"https:\/\/reginett.ee\/ru\/wp-json\/wp\/v2\/product_tag?post=63266"}],"curies":[{"name":"wp","href":"https:\/\/api.w.org\/{rel}","templated":true}]}}