{"id":63256,"date":"2025-10-07T16:46:42","date_gmt":"2025-10-07T13:46:42","guid":{"rendered":"https:\/\/reginett.ee\/?post_type=product&#038;p=63256"},"modified":"2025-10-07T16:46:42","modified_gmt":"2025-10-07T13:46:42","slug":"kaitsekiiver-husqvarna-technical-mips-uus","status":"publish","type":"product","link":"https:\/\/reginett.ee\/ru\/toode\/kaitsekiiver-husqvarna-technical-mips-uus\/","title":{"rendered":"Kaitsekiiver Husqvarna Technical Mips\u00ae UUS!"},"content":{"rendered":"<p>Kaitsekiiver <strong>Husqvarna Technical<\/strong> on kiiver, mis on varustatud metsat\u00f6\u00f6kiivrite ohutuss\u00fcsteemiga <strong>Mips\u00ae<\/strong>. Vastupidaval, kuid kergel metsat\u00f6\u00f6kiivril on k\u00f5rvakaitsmed, visiir ja kaelakaitse. Vastupidaval, kuid kergel Husqvarna Technical kiivril on v\u00f5imalus lihtsalt visiiri ja k\u00f5rvaklappe vahetada. Visiir kaitseb kogu n\u00e4gu ning tagab seejuures suurep\u00e4rase vaatev\u00e4lja olenemata sellest, kas see on all v\u00f5i \u00fcleval, samuti on tagatud takistusteta vaade puulatvadele. Kiiver on mugav ja v\u00f5imaldab t\u00e4ielikult enda \u00fclesandele keskenduda.<\/p>\n<p>Sinu stiili ja keskkonnaga \u00fchildumise eesm\u00e4rgil on kiiver saadavas kahes v\u00e4rvitoonis.<\/p>\n<p>&nbsp;<\/p>\n<h3 class=\"ui-el ui-h ui-ep\">Ohutuss\u00fcsteem Mips\u00ae metsanduskiivrite jaoks<\/h3>\n<div aria-live=\"polite\">\n<p class=\"ui-el ui-h ui-et\">Husqvarna tehniline kiiver, mis on varustatud metsanduskiivrite jaoks m\u00f5eldud ohutuss\u00fcsteemiga Mips\u00ae. S\u00fcsteem Mips\u00ae on etten\u00e4htud selleks, et tagada liikumine kiivri sees ja aidata kindlate nurgap\u00f5histe l\u00f6\u00f6kide korral p\u00f6\u00f6rlevat liikumist peast eemale juhtida.<\/p>\n<h3 class=\"ui-el ui-h ui-ep\">Takistusteta vaatev\u00e4li<\/h3>\n<div aria-live=\"polite\">\n<p class=\"ui-el ui-h ui-et\">Visiir asetatakse n\u00e4o ette ning see tagab suurep\u00e4rase ja takistusteta vaatev\u00e4lja.<\/p>\n<h3 class=\"ui-el ui-h ui-ep\">Vaba vaatev\u00e4ljaga n\u00e4okaitse<\/h3>\n<div aria-live=\"polite\">\n<p class=\"ui-el ui-h ui-et\">Ainulaadne kujundus tagab visiiri \u00fclemises asendis t\u00e4iesti vaba vaatev\u00e4lja.<\/p>\n<h3 class=\"ui-el ui-h ui-ep\">Visiiri asendi muutmine \u00fche kl\u00f5psuga<\/h3>\n<div aria-live=\"polite\">\n<p class=\"ui-el ui-h ui-et\">T\u00f6\u00f6riistavaba vahetusfunktsiooni abil saab visiire vaid sekunditega vahetada. Vastupidava visiiritarviku abil oled valmis \u00fcksk\u00f5ik millise keskkonna v\u00f5i ilma jaoks.<\/p>\n<h3 class=\"ui-el ui-h ui-ep\">Lasert\u00f6\u00f6deldud visiir<\/h3>\n<div aria-live=\"polite\">\n<p class=\"ui-el ui-h ui-et\">Lasert\u00f6\u00f6deldud visiir on kerge ja v\u00e4hese valgustakistusega.<\/p>\n<h3 class=\"ui-el ui-h ui-ep\">V\u00f5rk\u00f5hutuss\u00fcsteem<\/h3>\n<div aria-live=\"polite\">\n<p class=\"ui-el ui-h ui-et\">\u00d5hutuss\u00fcsteem eriti laiade avadega tagab peal meeldiva temperatuuri. Avad on kaetud metallv\u00f5rguga, mis takistab mustuse ja vee l\u00e4bitungimist.<\/p>\n<h3 class=\"ui-el ui-h ui-ep\">Helkurid<\/h3>\n<div aria-live=\"polite\">\n<p class=\"ui-el ui-h ui-et\">Helkuriga piirkonnad kiivri k\u00f5igil nurkadel. See tagab teie pideva hea n\u00e4htavuse t\u00f6\u00f6tades pimedamates oludes.<\/p>\n<h3 class=\"ui-el ui-h ui-ep\">UV-kahjustuse n\u00e4idik<\/h3>\n<div aria-live=\"polite\">\n<p class=\"ui-el ui-h ui-et\">Kiivri kaitsev\u00f5ime v\u00e4heneb kokkupuutel UV-kiirgusega. (P\u00e4ikesekiirgus). UV-kahjustuse n\u00e4idik n\u00e4itab kiivri hetkeseisundit ning annab teada, millal kiiver tuleks v\u00e4lja vahetada.<\/p>\n<h3 class=\"ui-el ui-h ui-ep\">Pingutusrullik<\/h3>\n<div aria-live=\"polite\">\n<p class=\"ui-el ui-h ui-et\">V\u00f5imaldab kasutajal kiivri suurust kiiresti ja h\u00f5lpsalt \u00fche k\u00e4ega reguleerida, ilma kiivrit peast v\u00f5tmata.<\/p>\n<\/div>\n<\/div>\n<\/div>\n<\/div>\n<\/div>\n<\/div>\n<\/div>\n<\/div>\n<p>&nbsp;<\/p>\n<\/div>\n","protected":false},"excerpt":{"rendered":"<p>Kaitsekiiver <strong>Husqvarna Technical<\/strong> on kiiver, mis on varustatud metsat\u00f6\u00f6kiivrite ohutuss\u00fcsteemiga <strong>Mips\u00ae<\/strong>. Vastupidaval, kuid kergel metsat\u00f6\u00f6kiivril on k\u00f5rvakaitsmed, visiir ja kaelakaitse. Vastupidaval, kuid kergel Husqvarna Technical kiivril on v\u00f5imalus lihtsalt visiiri ja k\u00f5rvaklappe vahetada. Visiir kaitseb kogu n\u00e4gu ning tagab seejuures suurep\u00e4rase vaatev\u00e4lja olenemata sellest, kas see on all v\u00f5i \u00fcleval, samuti on tagatud takistusteta vaade puulatvadele. Kiiver on mugav ja v\u00f5imaldab t\u00e4ielikult enda \u00fclesandele keskenduda.<\/p>\n<p><strong>SUUREP\u00c4RANE KINGI IDEE METSAMEHELE!<\/strong><\/p>\n","protected":false},"featured_media":63257,"comment_status":"open","ping_status":"closed","template":"","meta":{"_acf_changed":false,"_et_pb_use_builder":"","_et_pb_old_content":"","_et_gb_content_width":"","inline_featured_image":false},"pwb-brand":[147],"product_brand":[],"product_cat":[37,231,32,27],"product_tag":[251,767,768],"class_list":{"0":"post-63256","1":"product","2":"type-product","3":"status-publish","4":"has-post-thumbnail","6":"pwb-brand-husqvarna","7":"product_cat-husqvarna","8":"product_cat-kingiideed","9":"product_cat-riided-ja-kaitsevahendid","10":"product_cat-tooriistad-ja-tarvikud","11":"product_tag-kaitsekiiver","12":"product_tag-metsatookiiver","13":"product_tag-mips","15":"first","16":"instock","17":"shipping-taxable","18":"purchasable","19":"product-type-simple"},"acf":[],"yoast_head":"<!-- This site is optimized with the Yoast SEO plugin v26.6 - https:\/\/yoast.com\/wordpress\/plugins\/seo\/ -->\n<title>Kaitsekiiver Husqvarna Technical Mips\u00ae. Husqvarna kaitsevarustus<\/title>\n<meta name=\"description\" content=\"Kaitsekiiver Husqvarna Technical on kiiver, mis on varustatud metsat\u00f6\u00f6kiivrite ohutuss\u00fcsteemiga Mips\u00ae. Vastupidaval, kuid kergel metsat\u00f6\u00f6kiivril\" \/>\n<meta name=\"robots\" content=\"index, follow, max-snippet:-1, max-image-preview:large, max-video-preview:-1\" \/>\n<link rel=\"canonical\" href=\"https:\/\/reginett.ee\/toode\/kaitsekiiver-husqvarna-technical-mips-uus\/\" \/>\n<meta property=\"og:locale\" content=\"ru_RU\" \/>\n<meta property=\"og:type\" content=\"article\" \/>\n<meta property=\"og:title\" content=\"Kaitsekiiver Husqvarna Technical Mips\u00ae. Husqvarna kaitsevarustus\" \/>\n<meta property=\"og:description\" content=\"Kaitsekiiver Husqvarna Technical on kiiver, mis on varustatud metsat\u00f6\u00f6kiivrite ohutuss\u00fcsteemiga Mips\u00ae. Vastupidaval, kuid kergel metsat\u00f6\u00f6kiivril\" \/>\n<meta property=\"og:url\" content=\"https:\/\/reginett.ee\/toode\/kaitsekiiver-husqvarna-technical-mips-uus\/\" \/>\n<meta property=\"og:site_name\" content=\"Reginett\" \/>\n<meta property=\"og:image\" content=\"https:\/\/reginett.ee\/wp-content\/uploads\/2025\/10\/Kaitsekiiver-Husqvarna-Technical-Mips.webp\" \/>\n\t<meta property=\"og:image:width\" content=\"680\" \/>\n\t<meta property=\"og:image:height\" content=\"372\" \/>\n\t<meta property=\"og:image:type\" content=\"image\/webp\" \/>\n<meta name=\"twitter:card\" content=\"summary_large_image\" \/>\n<meta name=\"twitter:label1\" content=\"\u041f\u0440\u0438\u043c\u0435\u0440\u043d\u043e\u0435 \u0432\u0440\u0435\u043c\u044f \u0434\u043b\u044f \u0447\u0442\u0435\u043d\u0438\u044f\" \/>\n\t<meta name=\"twitter:data1\" content=\"2 \u043c\u0438\u043d\u0443\u0442\u044b\" \/>\n<script type=\"application\/ld+json\" class=\"yoast-schema-graph\">{\"@context\":\"https:\/\/schema.org\",\"@graph\":[{\"@type\":\"WebPage\",\"@id\":\"https:\/\/reginett.ee\/toode\/kaitsekiiver-husqvarna-technical-mips-uus\/\",\"url\":\"https:\/\/reginett.ee\/toode\/kaitsekiiver-husqvarna-technical-mips-uus\/\",\"name\":\"Kaitsekiiver Husqvarna Technical Mips\u00ae. Husqvarna kaitsevarustus\",\"isPartOf\":{\"@id\":\"https:\/\/reginett.ee\/#website\"},\"primaryImageOfPage\":{\"@id\":\"https:\/\/reginett.ee\/toode\/kaitsekiiver-husqvarna-technical-mips-uus\/#primaryimage\"},\"image\":{\"@id\":\"https:\/\/reginett.ee\/toode\/kaitsekiiver-husqvarna-technical-mips-uus\/#primaryimage\"},\"thumbnailUrl\":\"https:\/\/reginett.ee\/wp-content\/uploads\/2025\/10\/Kaitsekiiver-Husqvarna-Technical-Mips.webp\",\"datePublished\":\"2025-10-07T13:46:42+00:00\",\"description\":\"Kaitsekiiver Husqvarna Technical on kiiver, mis on varustatud metsat\u00f6\u00f6kiivrite ohutuss\u00fcsteemiga Mips\u00ae. Vastupidaval, kuid kergel metsat\u00f6\u00f6kiivril\",\"breadcrumb\":{\"@id\":\"https:\/\/reginett.ee\/toode\/kaitsekiiver-husqvarna-technical-mips-uus\/#breadcrumb\"},\"inLanguage\":\"ru-RU\",\"potentialAction\":[{\"@type\":\"ReadAction\",\"target\":[\"https:\/\/reginett.ee\/toode\/kaitsekiiver-husqvarna-technical-mips-uus\/\"]}]},{\"@type\":\"ImageObject\",\"inLanguage\":\"ru-RU\",\"@id\":\"https:\/\/reginett.ee\/toode\/kaitsekiiver-husqvarna-technical-mips-uus\/#primaryimage\",\"url\":\"https:\/\/reginett.ee\/wp-content\/uploads\/2025\/10\/Kaitsekiiver-Husqvarna-Technical-Mips.webp\",\"contentUrl\":\"https:\/\/reginett.ee\/wp-content\/uploads\/2025\/10\/Kaitsekiiver-Husqvarna-Technical-Mips.webp\",\"width\":680,\"height\":372,\"caption\":\"Kaitsekiiver Husqvarna Technical Mips\"},{\"@type\":\"BreadcrumbList\",\"@id\":\"https:\/\/reginett.ee\/toode\/kaitsekiiver-husqvarna-technical-mips-uus\/#breadcrumb\",\"itemListElement\":[{\"@type\":\"ListItem\",\"position\":1,\"name\":\"Home\",\"item\":\"https:\/\/reginett.ee\/ru\/\"},{\"@type\":\"ListItem\",\"position\":2,\"name\":\"Tooted\",\"item\":\"https:\/\/reginett.ee\/tooted\/\"},{\"@type\":\"ListItem\",\"position\":3,\"name\":\"Kaitsekiiver Husqvarna Technical Mips\u00ae UUS!\"}]},{\"@type\":\"WebSite\",\"@id\":\"https:\/\/reginett.ee\/#website\",\"url\":\"https:\/\/reginett.ee\/\",\"name\":\"Reginett\",\"description\":\"Parimad robotniidukid\",\"potentialAction\":[{\"@type\":\"SearchAction\",\"target\":{\"@type\":\"EntryPoint\",\"urlTemplate\":\"https:\/\/reginett.ee\/?s={search_term_string}\"},\"query-input\":{\"@type\":\"PropertyValueSpecification\",\"valueRequired\":true,\"valueName\":\"search_term_string\"}}],\"inLanguage\":\"ru-RU\"}]}<\/script>\n<!-- \/ Yoast SEO plugin. -->","yoast_head_json":{"title":"Kaitsekiiver Husqvarna Technical Mips\u00ae. Husqvarna kaitsevarustus","description":"Kaitsekiiver Husqvarna Technical on kiiver, mis on varustatud metsat\u00f6\u00f6kiivrite ohutuss\u00fcsteemiga Mips\u00ae. Vastupidaval, kuid kergel metsat\u00f6\u00f6kiivril","robots":{"index":"index","follow":"follow","max-snippet":"max-snippet:-1","max-image-preview":"max-image-preview:large","max-video-preview":"max-video-preview:-1"},"canonical":"https:\/\/reginett.ee\/toode\/kaitsekiiver-husqvarna-technical-mips-uus\/","og_locale":"ru_RU","og_type":"article","og_title":"Kaitsekiiver Husqvarna Technical Mips\u00ae. Husqvarna kaitsevarustus","og_description":"Kaitsekiiver Husqvarna Technical on kiiver, mis on varustatud metsat\u00f6\u00f6kiivrite ohutuss\u00fcsteemiga Mips\u00ae. Vastupidaval, kuid kergel metsat\u00f6\u00f6kiivril","og_url":"https:\/\/reginett.ee\/toode\/kaitsekiiver-husqvarna-technical-mips-uus\/","og_site_name":"Reginett","og_image":[{"width":680,"height":372,"url":"https:\/\/reginett.ee\/wp-content\/uploads\/2025\/10\/Kaitsekiiver-Husqvarna-Technical-Mips.webp","type":"image\/webp"}],"twitter_card":"summary_large_image","twitter_misc":{"\u041f\u0440\u0438\u043c\u0435\u0440\u043d\u043e\u0435 \u0432\u0440\u0435\u043c\u044f \u0434\u043b\u044f \u0447\u0442\u0435\u043d\u0438\u044f":"2 \u043c\u0438\u043d\u0443\u0442\u044b"},"schema":{"@context":"https:\/\/schema.org","@graph":[{"@type":"WebPage","@id":"https:\/\/reginett.ee\/toode\/kaitsekiiver-husqvarna-technical-mips-uus\/","url":"https:\/\/reginett.ee\/toode\/kaitsekiiver-husqvarna-technical-mips-uus\/","name":"Kaitsekiiver Husqvarna Technical Mips\u00ae. Husqvarna kaitsevarustus","isPartOf":{"@id":"https:\/\/reginett.ee\/#website"},"primaryImageOfPage":{"@id":"https:\/\/reginett.ee\/toode\/kaitsekiiver-husqvarna-technical-mips-uus\/#primaryimage"},"image":{"@id":"https:\/\/reginett.ee\/toode\/kaitsekiiver-husqvarna-technical-mips-uus\/#primaryimage"},"thumbnailUrl":"https:\/\/reginett.ee\/wp-content\/uploads\/2025\/10\/Kaitsekiiver-Husqvarna-Technical-Mips.webp","datePublished":"2025-10-07T13:46:42+00:00","description":"Kaitsekiiver Husqvarna Technical on kiiver, mis on varustatud metsat\u00f6\u00f6kiivrite ohutuss\u00fcsteemiga Mips\u00ae. Vastupidaval, kuid kergel metsat\u00f6\u00f6kiivril","breadcrumb":{"@id":"https:\/\/reginett.ee\/toode\/kaitsekiiver-husqvarna-technical-mips-uus\/#breadcrumb"},"inLanguage":"ru-RU","potentialAction":[{"@type":"ReadAction","target":["https:\/\/reginett.ee\/toode\/kaitsekiiver-husqvarna-technical-mips-uus\/"]}]},{"@type":"ImageObject","inLanguage":"ru-RU","@id":"https:\/\/reginett.ee\/toode\/kaitsekiiver-husqvarna-technical-mips-uus\/#primaryimage","url":"https:\/\/reginett.ee\/wp-content\/uploads\/2025\/10\/Kaitsekiiver-Husqvarna-Technical-Mips.webp","contentUrl":"https:\/\/reginett.ee\/wp-content\/uploads\/2025\/10\/Kaitsekiiver-Husqvarna-Technical-Mips.webp","width":680,"height":372,"caption":"Kaitsekiiver Husqvarna Technical Mips"},{"@type":"BreadcrumbList","@id":"https:\/\/reginett.ee\/toode\/kaitsekiiver-husqvarna-technical-mips-uus\/#breadcrumb","itemListElement":[{"@type":"ListItem","position":1,"name":"Home","item":"https:\/\/reginett.ee\/ru\/"},{"@type":"ListItem","position":2,"name":"Tooted","item":"https:\/\/reginett.ee\/tooted\/"},{"@type":"ListItem","position":3,"name":"Kaitsekiiver Husqvarna Technical Mips\u00ae UUS!"}]},{"@type":"WebSite","@id":"https:\/\/reginett.ee\/#website","url":"https:\/\/reginett.ee\/","name":"Reginett","description":"Parimad robotniidukid","potentialAction":[{"@type":"SearchAction","target":{"@type":"EntryPoint","urlTemplate":"https:\/\/reginett.ee\/?s={search_term_string}"},"query-input":{"@type":"PropertyValueSpecification","valueRequired":true,"valueName":"search_term_string"}}],"inLanguage":"ru-RU"}]}},"brands":[{"id":147,"name":"Husqvarna","slug":"husqvarna"}],"_links":{"self":[{"href":"https:\/\/reginett.ee\/ru\/wp-json\/wp\/v2\/product\/63256","targetHints":{"allow":["GET"]}}],"collection":[{"href":"https:\/\/reginett.ee\/ru\/wp-json\/wp\/v2\/product"}],"about":[{"href":"https:\/\/reginett.ee\/ru\/wp-json\/wp\/v2\/types\/product"}],"replies":[{"embeddable":true,"href":"https:\/\/reginett.ee\/ru\/wp-json\/wp\/v2\/comments?post=63256"}],"wp:featuredmedia":[{"embeddable":true,"href":"https:\/\/reginett.ee\/ru\/wp-json\/wp\/v2\/media\/63257"}],"wp:attachment":[{"href":"https:\/\/reginett.ee\/ru\/wp-json\/wp\/v2\/media?parent=63256"}],"wp:term":[{"taxonomy":"pwb-brand","embeddable":true,"href":"https:\/\/reginett.ee\/ru\/wp-json\/wp\/v2\/pwb-brand?post=63256"},{"taxonomy":"product_brand","embeddable":true,"href":"https:\/\/reginett.ee\/ru\/wp-json\/wp\/v2\/product_brand?post=63256"},{"taxonomy":"product_cat","embeddable":true,"href":"https:\/\/reginett.ee\/ru\/wp-json\/wp\/v2\/product_cat?post=63256"},{"taxonomy":"product_tag","embeddable":true,"href":"https:\/\/reginett.ee\/ru\/wp-json\/wp\/v2\/product_tag?post=63256"}],"curies":[{"name":"wp","href":"https:\/\/api.w.org\/{rel}","templated":true}]}}