{"id":63211,"date":"2025-09-23T22:12:30","date_gmt":"2025-09-23T19:12:30","guid":{"rendered":"https:\/\/reginett.ee\/?post_type=product&#038;p=63211"},"modified":"2025-09-23T22:12:30","modified_gmt":"2025-09-23T19:12:30","slug":"hoolduskomplekt-champion-generaatoritele-93001i-mudelitele","status":"publish","type":"product","link":"https:\/\/reginett.ee\/ru\/toode\/hoolduskomplekt-champion-generaatoritele-93001i-mudelitele\/","title":{"rendered":"Hoolduskomplekt Champion generaatoritele 93001i mudelitele"},"content":{"rendered":"<p>Champion uus hoolduskomplekt sobib k\u00f5ikidele 93001i-EU-SC ja 93001i-DF-EU-SC invertergeneraatoritele.Hoolduskomplekt sisaldab Champion&#8217;i spetsiaalselt v\u00e4lja t\u00f6\u00f6tatud Tekma PowerX 10W30 mootori\u00f5li, \u00f5hufiltrit, s\u00fc\u00fctek\u00fc\u00fcnlaid ja s\u00e4demep\u00fc\u00fcdurit, mis muudab Champion&#8217;i generaatori hooldamise lihtsaks.Meie lihtne samm-sammuline juhend hooldusjuhistega muudab kasutajale generaatori hooldamise lihtsaks ja tagab, et toode p\u00fcsib kogu aasta v\u00e4ltel tippvormis.Champion&#8217;i ainulaadne TEKMA POWER X 10W30 on tugevdatud s\u00fcnteetiliste baas\u00f5lidega, mis tagavad suurep\u00e4rase vastupidavuse oks\u00fcdeerumisele, lihtsama voolavuse k\u00fclmemates tingimustes ja pikema \u00f5li eluea. K\u00fclma temperatuuri viskoossus v\u00e4hendab mootori k\u00e4ivitamisel kulumist ja s\u00e4\u00e4stab k\u00fctust v\u00f5rreldes standardse 15W-40 viskoossusega. Seet\u00f5ttu soovitame tungivalt kasutada meie originaal\u00f5li.<\/p>\n<p>Hoolduskomplektid sisaldavad:<\/p>\n<p>PowerX \u00f5li<br \/>\nS\u00fc\u00fctek\u00fc\u00fcnlad<br \/>\nS\u00fc\u00fctek\u00fc\u00fcnalde katted<br \/>\n\u00d5hufilter<br \/>\nJuhised<\/p>\n<p>&nbsp;<\/p>\n","protected":false},"excerpt":{"rendered":"<p>Champion uus hoolduskomplekt sobib k\u00f5ikidele 93001i-EU-SC ja 93001i-DF-EU-SC invertergeneraatoritele.Hoolduskomplekt sisaldab Champion&#8217;i spetsiaalselt v\u00e4lja t\u00f6\u00f6tatud Tekma PowerX 10W30 mootori\u00f5li, \u00f5hufiltrit, s\u00fc\u00fctek\u00fc\u00fcnlaid ja s\u00e4demep\u00fc\u00fcdurit, mis muudab Champion&#8217;i generaatori hooldamise lihtsaks.<\/p>\n","protected":false},"featured_media":63212,"comment_status":"open","ping_status":"closed","template":"","meta":{"_acf_changed":false,"_et_pb_use_builder":"","_et_pb_old_content":"","_et_gb_content_width":"","inline_featured_image":false},"pwb-brand":[734],"product_brand":[],"product_cat":[447],"product_tag":[],"class_list":{"0":"post-63211","1":"product","2":"type-product","3":"status-publish","4":"has-post-thumbnail","6":"pwb-brand-champion","7":"product_cat-elektrigeneraatorid","9":"first","10":"instock","11":"shipping-taxable","12":"purchasable","13":"product-type-simple"},"acf":[],"yoast_head":"<!-- This site is optimized with the Yoast SEO plugin v26.6 - https:\/\/yoast.com\/wordpress\/plugins\/seo\/ -->\n<title>Hoolduskomplekt Champion generaatoritele 93001i mudelitele<\/title>\n<meta name=\"description\" content=\"Champion uus hoolduskomplekt sobib k\u00f5ikidele 93001i-EU-SC ja 93001i-DF-EU-SC invertergeneraatoritele.Hoolduskomplekt sisaldab Champion&#039;i spetsiaalselt\" \/>\n<meta name=\"robots\" content=\"index, follow, max-snippet:-1, max-image-preview:large, max-video-preview:-1\" \/>\n<link rel=\"canonical\" href=\"https:\/\/reginett.ee\/toode\/hoolduskomplekt-champion-generaatoritele-93001i-mudelitele\/\" \/>\n<meta property=\"og:locale\" content=\"ru_RU\" \/>\n<meta property=\"og:type\" content=\"article\" \/>\n<meta property=\"og:title\" content=\"Hoolduskomplekt Champion generaatoritele 93001i mudelitele\" \/>\n<meta property=\"og:description\" content=\"Champion uus hoolduskomplekt sobib k\u00f5ikidele 93001i-EU-SC ja 93001i-DF-EU-SC invertergeneraatoritele.Hoolduskomplekt sisaldab Champion&#039;i spetsiaalselt\" \/>\n<meta property=\"og:url\" content=\"https:\/\/reginett.ee\/toode\/hoolduskomplekt-champion-generaatoritele-93001i-mudelitele\/\" \/>\n<meta property=\"og:site_name\" content=\"Reginett\" \/>\n<meta property=\"og:image\" content=\"https:\/\/reginett.ee\/wp-content\/uploads\/2025\/09\/SK93001i-3-pic-1.jpg\" \/>\n\t<meta property=\"og:image:width\" content=\"600\" \/>\n\t<meta property=\"og:image:height\" content=\"600\" \/>\n\t<meta property=\"og:image:type\" content=\"image\/jpeg\" \/>\n<meta name=\"twitter:card\" content=\"summary_large_image\" \/>\n<meta name=\"twitter:label1\" content=\"\u041f\u0440\u0438\u043c\u0435\u0440\u043d\u043e\u0435 \u0432\u0440\u0435\u043c\u044f \u0434\u043b\u044f \u0447\u0442\u0435\u043d\u0438\u044f\" \/>\n\t<meta name=\"twitter:data1\" content=\"1 \u043c\u0438\u043d\u0443\u0442\u0430\" \/>\n<script type=\"application\/ld+json\" class=\"yoast-schema-graph\">{\"@context\":\"https:\/\/schema.org\",\"@graph\":[{\"@type\":\"WebPage\",\"@id\":\"https:\/\/reginett.ee\/toode\/hoolduskomplekt-champion-generaatoritele-93001i-mudelitele\/\",\"url\":\"https:\/\/reginett.ee\/toode\/hoolduskomplekt-champion-generaatoritele-93001i-mudelitele\/\",\"name\":\"Hoolduskomplekt Champion generaatoritele 93001i mudelitele\",\"isPartOf\":{\"@id\":\"https:\/\/reginett.ee\/#website\"},\"primaryImageOfPage\":{\"@id\":\"https:\/\/reginett.ee\/toode\/hoolduskomplekt-champion-generaatoritele-93001i-mudelitele\/#primaryimage\"},\"image\":{\"@id\":\"https:\/\/reginett.ee\/toode\/hoolduskomplekt-champion-generaatoritele-93001i-mudelitele\/#primaryimage\"},\"thumbnailUrl\":\"https:\/\/reginett.ee\/wp-content\/uploads\/2025\/09\/SK93001i-3-pic-1.jpg\",\"datePublished\":\"2025-09-23T19:12:30+00:00\",\"description\":\"Champion uus hoolduskomplekt sobib k\u00f5ikidele 93001i-EU-SC ja 93001i-DF-EU-SC invertergeneraatoritele.Hoolduskomplekt sisaldab Champion'i spetsiaalselt\",\"breadcrumb\":{\"@id\":\"https:\/\/reginett.ee\/toode\/hoolduskomplekt-champion-generaatoritele-93001i-mudelitele\/#breadcrumb\"},\"inLanguage\":\"ru-RU\",\"potentialAction\":[{\"@type\":\"ReadAction\",\"target\":[\"https:\/\/reginett.ee\/toode\/hoolduskomplekt-champion-generaatoritele-93001i-mudelitele\/\"]}]},{\"@type\":\"ImageObject\",\"inLanguage\":\"ru-RU\",\"@id\":\"https:\/\/reginett.ee\/toode\/hoolduskomplekt-champion-generaatoritele-93001i-mudelitele\/#primaryimage\",\"url\":\"https:\/\/reginett.ee\/wp-content\/uploads\/2025\/09\/SK93001i-3-pic-1.jpg\",\"contentUrl\":\"https:\/\/reginett.ee\/wp-content\/uploads\/2025\/09\/SK93001i-3-pic-1.jpg\",\"width\":600,\"height\":600},{\"@type\":\"BreadcrumbList\",\"@id\":\"https:\/\/reginett.ee\/toode\/hoolduskomplekt-champion-generaatoritele-93001i-mudelitele\/#breadcrumb\",\"itemListElement\":[{\"@type\":\"ListItem\",\"position\":1,\"name\":\"Home\",\"item\":\"https:\/\/reginett.ee\/ru\/\"},{\"@type\":\"ListItem\",\"position\":2,\"name\":\"Tooted\",\"item\":\"https:\/\/reginett.ee\/tooted\/\"},{\"@type\":\"ListItem\",\"position\":3,\"name\":\"Hoolduskomplekt Champion generaatoritele 93001i mudelitele\"}]},{\"@type\":\"WebSite\",\"@id\":\"https:\/\/reginett.ee\/#website\",\"url\":\"https:\/\/reginett.ee\/\",\"name\":\"Reginett\",\"description\":\"Parimad robotniidukid\",\"potentialAction\":[{\"@type\":\"SearchAction\",\"target\":{\"@type\":\"EntryPoint\",\"urlTemplate\":\"https:\/\/reginett.ee\/?s={search_term_string}\"},\"query-input\":{\"@type\":\"PropertyValueSpecification\",\"valueRequired\":true,\"valueName\":\"search_term_string\"}}],\"inLanguage\":\"ru-RU\"}]}<\/script>\n<!-- \/ Yoast SEO plugin. -->","yoast_head_json":{"title":"Hoolduskomplekt Champion generaatoritele 93001i mudelitele","description":"Champion uus hoolduskomplekt sobib k\u00f5ikidele 93001i-EU-SC ja 93001i-DF-EU-SC invertergeneraatoritele.Hoolduskomplekt sisaldab Champion'i spetsiaalselt","robots":{"index":"index","follow":"follow","max-snippet":"max-snippet:-1","max-image-preview":"max-image-preview:large","max-video-preview":"max-video-preview:-1"},"canonical":"https:\/\/reginett.ee\/toode\/hoolduskomplekt-champion-generaatoritele-93001i-mudelitele\/","og_locale":"ru_RU","og_type":"article","og_title":"Hoolduskomplekt Champion generaatoritele 93001i mudelitele","og_description":"Champion uus hoolduskomplekt sobib k\u00f5ikidele 93001i-EU-SC ja 93001i-DF-EU-SC invertergeneraatoritele.Hoolduskomplekt sisaldab Champion'i spetsiaalselt","og_url":"https:\/\/reginett.ee\/toode\/hoolduskomplekt-champion-generaatoritele-93001i-mudelitele\/","og_site_name":"Reginett","og_image":[{"width":600,"height":600,"url":"https:\/\/reginett.ee\/wp-content\/uploads\/2025\/09\/SK93001i-3-pic-1.jpg","type":"image\/jpeg"}],"twitter_card":"summary_large_image","twitter_misc":{"\u041f\u0440\u0438\u043c\u0435\u0440\u043d\u043e\u0435 \u0432\u0440\u0435\u043c\u044f \u0434\u043b\u044f \u0447\u0442\u0435\u043d\u0438\u044f":"1 \u043c\u0438\u043d\u0443\u0442\u0430"},"schema":{"@context":"https:\/\/schema.org","@graph":[{"@type":"WebPage","@id":"https:\/\/reginett.ee\/toode\/hoolduskomplekt-champion-generaatoritele-93001i-mudelitele\/","url":"https:\/\/reginett.ee\/toode\/hoolduskomplekt-champion-generaatoritele-93001i-mudelitele\/","name":"Hoolduskomplekt Champion generaatoritele 93001i mudelitele","isPartOf":{"@id":"https:\/\/reginett.ee\/#website"},"primaryImageOfPage":{"@id":"https:\/\/reginett.ee\/toode\/hoolduskomplekt-champion-generaatoritele-93001i-mudelitele\/#primaryimage"},"image":{"@id":"https:\/\/reginett.ee\/toode\/hoolduskomplekt-champion-generaatoritele-93001i-mudelitele\/#primaryimage"},"thumbnailUrl":"https:\/\/reginett.ee\/wp-content\/uploads\/2025\/09\/SK93001i-3-pic-1.jpg","datePublished":"2025-09-23T19:12:30+00:00","description":"Champion uus hoolduskomplekt sobib k\u00f5ikidele 93001i-EU-SC ja 93001i-DF-EU-SC invertergeneraatoritele.Hoolduskomplekt sisaldab Champion'i spetsiaalselt","breadcrumb":{"@id":"https:\/\/reginett.ee\/toode\/hoolduskomplekt-champion-generaatoritele-93001i-mudelitele\/#breadcrumb"},"inLanguage":"ru-RU","potentialAction":[{"@type":"ReadAction","target":["https:\/\/reginett.ee\/toode\/hoolduskomplekt-champion-generaatoritele-93001i-mudelitele\/"]}]},{"@type":"ImageObject","inLanguage":"ru-RU","@id":"https:\/\/reginett.ee\/toode\/hoolduskomplekt-champion-generaatoritele-93001i-mudelitele\/#primaryimage","url":"https:\/\/reginett.ee\/wp-content\/uploads\/2025\/09\/SK93001i-3-pic-1.jpg","contentUrl":"https:\/\/reginett.ee\/wp-content\/uploads\/2025\/09\/SK93001i-3-pic-1.jpg","width":600,"height":600},{"@type":"BreadcrumbList","@id":"https:\/\/reginett.ee\/toode\/hoolduskomplekt-champion-generaatoritele-93001i-mudelitele\/#breadcrumb","itemListElement":[{"@type":"ListItem","position":1,"name":"Home","item":"https:\/\/reginett.ee\/ru\/"},{"@type":"ListItem","position":2,"name":"Tooted","item":"https:\/\/reginett.ee\/tooted\/"},{"@type":"ListItem","position":3,"name":"Hoolduskomplekt Champion generaatoritele 93001i mudelitele"}]},{"@type":"WebSite","@id":"https:\/\/reginett.ee\/#website","url":"https:\/\/reginett.ee\/","name":"Reginett","description":"Parimad robotniidukid","potentialAction":[{"@type":"SearchAction","target":{"@type":"EntryPoint","urlTemplate":"https:\/\/reginett.ee\/?s={search_term_string}"},"query-input":{"@type":"PropertyValueSpecification","valueRequired":true,"valueName":"search_term_string"}}],"inLanguage":"ru-RU"}]}},"brands":[{"id":734,"name":"Champion","slug":"champion"}],"_links":{"self":[{"href":"https:\/\/reginett.ee\/ru\/wp-json\/wp\/v2\/product\/63211","targetHints":{"allow":["GET"]}}],"collection":[{"href":"https:\/\/reginett.ee\/ru\/wp-json\/wp\/v2\/product"}],"about":[{"href":"https:\/\/reginett.ee\/ru\/wp-json\/wp\/v2\/types\/product"}],"replies":[{"embeddable":true,"href":"https:\/\/reginett.ee\/ru\/wp-json\/wp\/v2\/comments?post=63211"}],"wp:featuredmedia":[{"embeddable":true,"href":"https:\/\/reginett.ee\/ru\/wp-json\/wp\/v2\/media\/63212"}],"wp:attachment":[{"href":"https:\/\/reginett.ee\/ru\/wp-json\/wp\/v2\/media?parent=63211"}],"wp:term":[{"taxonomy":"pwb-brand","embeddable":true,"href":"https:\/\/reginett.ee\/ru\/wp-json\/wp\/v2\/pwb-brand?post=63211"},{"taxonomy":"product_brand","embeddable":true,"href":"https:\/\/reginett.ee\/ru\/wp-json\/wp\/v2\/product_brand?post=63211"},{"taxonomy":"product_cat","embeddable":true,"href":"https:\/\/reginett.ee\/ru\/wp-json\/wp\/v2\/product_cat?post=63211"},{"taxonomy":"product_tag","embeddable":true,"href":"https:\/\/reginett.ee\/ru\/wp-json\/wp\/v2\/product_tag?post=63211"}],"curies":[{"name":"wp","href":"https:\/\/api.w.org\/{rel}","templated":true}]}}