{"id":63179,"date":"2025-10-08T15:57:13","date_gmt":"2025-10-08T12:57:13","guid":{"rendered":"https:\/\/reginett.ee\/?post_type=product&#038;p=63179"},"modified":"2025-10-08T17:56:38","modified_gmt":"2025-10-08T14:56:38","slug":"akulehepuhur-husqvarna-530ib-uus","status":"publish","type":"product","link":"https:\/\/reginett.ee\/ru\/toode\/akulehepuhur-husqvarna-530ib-uus\/","title":{"rendered":"Akulehepuhur Husqvarna 530iB UUS!"},"content":{"rendered":"<p>Akulehepuhur <strong>Husqvarna 530iB<\/strong> on v\u00f5imas ja v\u00e4ga t\u00f5hus puhur. See lehepuhur on varustatud harjadeta mootoriga, mis v\u00f5imaldab madalat energiatarbimist ja pikemat t\u00f6\u00f6aega. Kerge, kompaktne ja h\u00e4sti tasakaalustatud konstruktsioon muudab selle sobivaks t\u00e4iskohaga professionaalseks kasutamiseks ning madal m\u00fcratase v\u00f5imaldab t\u00f6\u00f6tada avalikus, m\u00fcratundlikus keskkonnas. Kui on vaja t\u00e4iendavat puhumisv\u00f5imsust, saab h\u00f5lpsasti aktiveerida boost-re\u017eiimi.<\/p>\n<p>P\u00fcsikiirusehoidja funktsioon v\u00f5imaldab m\u00e4\u00e4rata fikseeritud puhumiskiiruse, et t\u00f6\u00f6tada pidevalt ilma reguleerimiseta ja keskenduda ainult lehtede ja prahi eemaldamisele. P\u00fcsikiirushoidja saab aktiveerida ka boost-re\u017eiimis. Lehepuhur Husqvarna 530iB on osa Husqvarna BLi-X 36V akus\u00fcsteemist.<\/p>\n<p>*Aku ja laadija ei kuulu komplekti!<\/p>\n<h3 class=\"feature-name hui-spacing--sm-mt-4-times-6 WLwtnNxco1C4cPugKSaO0g==\">T\u00e4iustatud mootori ja ventilaatori konstruktsioon<\/h3>\n<p class=\"hui-spacing--sm-mt-4-times-4 K2PbruRyOKhyQZiENIYSog==\">T\u00e4iustatud mootor ja ventilaatori konstruktsioon pakuvad suurep\u00e4rast j\u00f5udlust ja v\u00f5imaldavad v\u00e4ga produktiivset t\u00f6\u00f6p\u00e4eva.<\/p>\n<h3 class=\"feature-name hui-spacing--sm-mt-4-times-6 WLwtnNxco1C4cPugKSaO0g==\">Kestev boost-j\u00f5udlus<\/h3>\n<p class=\"hui-spacing--sm-mt-4-times-4 K2PbruRyOKhyQZiENIYSog==\">Boost-re\u017eiimi saab kasutada pidevalt ilma piiranguteta.<\/p>\n<h3 class=\"feature-name hui-spacing--sm-mt-4-times-6 WLwtnNxco1C4cPugKSaO0g==\">P\u00fcsikiiruse hoidja<\/h3>\n<p class=\"hui-spacing--sm-mt-4-times-4 K2PbruRyOKhyQZiENIYSog==\">Optimaalseks kasutuseks saab kiirust reguleerida mis tahes v\u00f5imsustasemel, sealhulgas boost-re\u017eiimil.<\/p>\n<h3 class=\"feature-name hui-spacing--sm-mt-4-times-6 WLwtnNxco1C4cPugKSaO0g==\">Vabalt kontrollitav puhumisv\u00f5imsus<\/h3>\n<p class=\"hui-spacing--sm-mt-4-times-4 K2PbruRyOKhyQZiENIYSog==\">Reguleerige puhumisv\u00f5imsust vastavalt t\u00f6\u00f6tingimustele. Vajaduse korral saate h\u00f5lpsasti aktiveerida boost-re\u017eiimi maksimaalse v\u00f5imsuse saavutamiseks.<\/p>\n<h3 class=\"feature-name hui-spacing--sm-mt-4-times-6 WLwtnNxco1C4cPugKSaO0g==\">Lineaarne v\u00e4ljundv\u00f5imsus<\/h3>\n<p class=\"hui-spacing--sm-mt-4-times-4 K2PbruRyOKhyQZiENIYSog==\">Spetsiaalselt valitud komponendid, nutikas elektroonika ja t\u00f5hus jahutuss\u00fcsteem tagavad \u00fchtlase ning suure v\u00e4ljundv\u00f5imsuse s\u00f5ltumata aku laetustasemest. Aitab s\u00e4ilitada j\u00f5udlust kogu kasutusaja jooksul.<\/p>\n<h3 class=\"feature-name hui-spacing--sm-mt-4-times-6 WLwtnNxco1C4cPugKSaO0g==\">Suurep\u00e4rane ergonoomika<\/h3>\n<p class=\"hui-spacing--sm-mt-4-times-4 K2PbruRyOKhyQZiENIYSog==\">Suurep\u00e4rane ergonoomika t\u00e4nu toote erakordsele tasakaalule, v\u00e4iksele kaalule, mugavale k\u00e4epidemele ja h\u00f5lpsasti ligip\u00e4\u00e4setavale juhtpaneelile.<\/p>\n<h3 class=\"feature-name hui-spacing--sm-mt-4-times-6 WLwtnNxco1C4cPugKSaO0g==\">S\u00fcnkroonitud v\u00e4ljundv\u00f5imsus<\/h3>\n<p class=\"hui-spacing--sm-mt-4-times-4 K2PbruRyOKhyQZiENIYSog==\">Sellel tehnoloogial on nutikas koostoimimine t\u00f6\u00f6riista ja aku vahel, tagades iga konkreetse kombinatsiooni jaoks optimeeritud v\u00e4ljundv\u00f5imsuse. Aku t\u00f6\u00f6ea pikendamiseks saab v\u00e4ljundv\u00f5imsust ajutiselt reguleerida ka olukordades, kus t\u00f6\u00f6riista kasutatakse liiga intensiivselt.<\/p>\n<h3 class=\"feature-name hui-spacing--sm-mt-4-times-6 WLwtnNxco1C4cPugKSaO0g==\">Ilmastikukindel<\/h3>\n<p class=\"hui-spacing--sm-mt-4-times-4 K2PbruRyOKhyQZiENIYSog==\">T\u00e4nu IPX4 klassifikatsioonile on masinat v\u00f5imalik kasutada aastaringselt, iga ilmaga.<\/p>\n<h3 class=\"feature-name hui-spacing--sm-mt-4-times-6 WLwtnNxco1C4cPugKSaO0g==\">Intuitiivne juhtpaneel<\/h3>\n<p class=\"hui-spacing--sm-mt-4-times-4 K2PbruRyOKhyQZiENIYSog==\">Juhtpaneeli on v\u00e4ga lihtne kasutada ja see on varustatud intuitiivsete LED-indikaatoritega, mis n\u00e4itavad kasulikku teavet, n\u00e4iteks aku laetuse taset.<\/p>\n<h3 class=\"feature-name hui-spacing--sm-mt-4-times-6 WLwtnNxco1C4cPugKSaO0g==\">V\u00e4hene hooldusvajadus<\/h3>\n<p class=\"hui-spacing--sm-mt-4-times-4 K2PbruRyOKhyQZiENIYSog==\">K\u00fctust ei ole vaja lisada, hooldatavaid varuosi on v\u00e4hem ning elektrooniliselt juhitav ajamis\u00fcsteem t\u00e4hendab l\u00fchemat seisuaega ja madalamaid k\u00e4ituskulusid.<\/p>\n<p>&nbsp;<\/p>\n","protected":false},"excerpt":{"rendered":"<p>Akulehepuhur <strong>Husqvarna 530iB<\/strong> on v\u00f5imas ja v\u00e4ga t\u00f5hus puhur. See lehepuhur on varustatud harjadeta mootoriga, mis v\u00f5imaldab madalat energiatarbimist ja pikemat t\u00f6\u00f6aega. Kerge, kompaktne ja h\u00e4sti tasakaalustatud konstruktsioon muudab selle sobivaks t\u00e4iskohaga professionaalseks kasutamiseks ning madal m\u00fcratase v\u00f5imaldab t\u00f6\u00f6tada avalikus, m\u00fcratundlikus keskkonnas.<\/p>\n","protected":false},"featured_media":63180,"comment_status":"open","ping_status":"closed","template":"","meta":{"_acf_changed":false,"_et_pb_use_builder":"","_et_pb_old_content":"","_et_gb_content_width":"","inline_featured_image":false},"pwb-brand":[147],"product_brand":[],"product_cat":[48,50,28],"product_tag":[142,526,763],"class_list":{"0":"post-63179","1":"product","2":"type-product","3":"status-publish","4":"has-post-thumbnail","6":"pwb-brand-husqvarna","7":"product_cat-akutooted","8":"product_cat-lehepuhurid","9":"product_cat-puhastustehnika","10":"product_tag-akuga-lehepuhur","11":"product_tag-akulehepuhur","12":"product_tag-husqvarna-530ib","14":"first","15":"instock","16":"shipping-taxable","17":"purchasable","18":"product-type-simple"},"acf":[],"yoast_head":"<!-- This site is optimized with the Yoast SEO plugin v26.6 - https:\/\/yoast.com\/wordpress\/plugins\/seo\/ -->\n<title>Akulehepuhur Husqvarna 530iB. Parimad akuga lehepuhurid<\/title>\n<meta name=\"description\" content=\"Akulehepuhur Husqvarna 530iB on v\u00f5imas ja v\u00e4ga t\u00f5hus puhur. See lehepuhur on varustatud harjadeta mootoriga, mis v\u00f5imaldab madalat energiatarbimist\" \/>\n<meta name=\"robots\" content=\"index, follow, max-snippet:-1, max-image-preview:large, max-video-preview:-1\" \/>\n<link rel=\"canonical\" href=\"https:\/\/reginett.ee\/toode\/akulehepuhur-husqvarna-530ib-uus\/\" \/>\n<meta property=\"og:locale\" content=\"ru_RU\" \/>\n<meta property=\"og:type\" content=\"article\" \/>\n<meta property=\"og:title\" content=\"Akulehepuhur Husqvarna 530iB. Parimad akuga lehepuhurid\" \/>\n<meta property=\"og:description\" content=\"Akulehepuhur Husqvarna 530iB on v\u00f5imas ja v\u00e4ga t\u00f5hus puhur. See lehepuhur on varustatud harjadeta mootoriga, mis v\u00f5imaldab madalat energiatarbimist\" \/>\n<meta property=\"og:url\" content=\"https:\/\/reginett.ee\/toode\/akulehepuhur-husqvarna-530ib-uus\/\" \/>\n<meta property=\"og:site_name\" content=\"Reginett\" \/>\n<meta property=\"article:modified_time\" content=\"2025-10-08T14:56:38+00:00\" \/>\n<meta property=\"og:image\" content=\"https:\/\/reginett.ee\/wp-content\/uploads\/2025\/09\/JU-297670.webp\" \/>\n\t<meta property=\"og:image:width\" content=\"558\" \/>\n\t<meta property=\"og:image:height\" content=\"372\" \/>\n\t<meta property=\"og:image:type\" content=\"image\/webp\" \/>\n<meta name=\"twitter:card\" content=\"summary_large_image\" \/>\n<meta name=\"twitter:label1\" content=\"\u041f\u0440\u0438\u043c\u0435\u0440\u043d\u043e\u0435 \u0432\u0440\u0435\u043c\u044f \u0434\u043b\u044f \u0447\u0442\u0435\u043d\u0438\u044f\" \/>\n\t<meta name=\"twitter:data1\" content=\"2 \u043c\u0438\u043d\u0443\u0442\u044b\" \/>\n<script type=\"application\/ld+json\" class=\"yoast-schema-graph\">{\"@context\":\"https:\/\/schema.org\",\"@graph\":[{\"@type\":\"WebPage\",\"@id\":\"https:\/\/reginett.ee\/toode\/akulehepuhur-husqvarna-530ib-uus\/\",\"url\":\"https:\/\/reginett.ee\/toode\/akulehepuhur-husqvarna-530ib-uus\/\",\"name\":\"Akulehepuhur Husqvarna 530iB. Parimad akuga lehepuhurid\",\"isPartOf\":{\"@id\":\"https:\/\/reginett.ee\/#website\"},\"primaryImageOfPage\":{\"@id\":\"https:\/\/reginett.ee\/toode\/akulehepuhur-husqvarna-530ib-uus\/#primaryimage\"},\"image\":{\"@id\":\"https:\/\/reginett.ee\/toode\/akulehepuhur-husqvarna-530ib-uus\/#primaryimage\"},\"thumbnailUrl\":\"https:\/\/reginett.ee\/wp-content\/uploads\/2025\/09\/JU-297670.webp\",\"datePublished\":\"2025-10-08T12:57:13+00:00\",\"dateModified\":\"2025-10-08T14:56:38+00:00\",\"description\":\"Akulehepuhur Husqvarna 530iB on v\u00f5imas ja v\u00e4ga t\u00f5hus puhur. See lehepuhur on varustatud harjadeta mootoriga, mis v\u00f5imaldab madalat energiatarbimist\",\"breadcrumb\":{\"@id\":\"https:\/\/reginett.ee\/toode\/akulehepuhur-husqvarna-530ib-uus\/#breadcrumb\"},\"inLanguage\":\"ru-RU\",\"potentialAction\":[{\"@type\":\"ReadAction\",\"target\":[\"https:\/\/reginett.ee\/toode\/akulehepuhur-husqvarna-530ib-uus\/\"]}]},{\"@type\":\"ImageObject\",\"inLanguage\":\"ru-RU\",\"@id\":\"https:\/\/reginett.ee\/toode\/akulehepuhur-husqvarna-530ib-uus\/#primaryimage\",\"url\":\"https:\/\/reginett.ee\/wp-content\/uploads\/2025\/09\/JU-297670.webp\",\"contentUrl\":\"https:\/\/reginett.ee\/wp-content\/uploads\/2025\/09\/JU-297670.webp\",\"width\":558,\"height\":372,\"caption\":\"akulehepuhur Husqvarna 530iB\"},{\"@type\":\"BreadcrumbList\",\"@id\":\"https:\/\/reginett.ee\/toode\/akulehepuhur-husqvarna-530ib-uus\/#breadcrumb\",\"itemListElement\":[{\"@type\":\"ListItem\",\"position\":1,\"name\":\"Home\",\"item\":\"https:\/\/reginett.ee\/ru\/\"},{\"@type\":\"ListItem\",\"position\":2,\"name\":\"Tooted\",\"item\":\"https:\/\/reginett.ee\/tooted\/\"},{\"@type\":\"ListItem\",\"position\":3,\"name\":\"Akulehepuhur Husqvarna 530iB UUS!\"}]},{\"@type\":\"WebSite\",\"@id\":\"https:\/\/reginett.ee\/#website\",\"url\":\"https:\/\/reginett.ee\/\",\"name\":\"Reginett\",\"description\":\"Parimad robotniidukid\",\"potentialAction\":[{\"@type\":\"SearchAction\",\"target\":{\"@type\":\"EntryPoint\",\"urlTemplate\":\"https:\/\/reginett.ee\/?s={search_term_string}\"},\"query-input\":{\"@type\":\"PropertyValueSpecification\",\"valueRequired\":true,\"valueName\":\"search_term_string\"}}],\"inLanguage\":\"ru-RU\"}]}<\/script>\n<!-- \/ Yoast SEO plugin. -->","yoast_head_json":{"title":"Akulehepuhur Husqvarna 530iB. Parimad akuga lehepuhurid","description":"Akulehepuhur Husqvarna 530iB on v\u00f5imas ja v\u00e4ga t\u00f5hus puhur. See lehepuhur on varustatud harjadeta mootoriga, mis v\u00f5imaldab madalat energiatarbimist","robots":{"index":"index","follow":"follow","max-snippet":"max-snippet:-1","max-image-preview":"max-image-preview:large","max-video-preview":"max-video-preview:-1"},"canonical":"https:\/\/reginett.ee\/toode\/akulehepuhur-husqvarna-530ib-uus\/","og_locale":"ru_RU","og_type":"article","og_title":"Akulehepuhur Husqvarna 530iB. Parimad akuga lehepuhurid","og_description":"Akulehepuhur Husqvarna 530iB on v\u00f5imas ja v\u00e4ga t\u00f5hus puhur. See lehepuhur on varustatud harjadeta mootoriga, mis v\u00f5imaldab madalat energiatarbimist","og_url":"https:\/\/reginett.ee\/toode\/akulehepuhur-husqvarna-530ib-uus\/","og_site_name":"Reginett","article_modified_time":"2025-10-08T14:56:38+00:00","og_image":[{"width":558,"height":372,"url":"https:\/\/reginett.ee\/wp-content\/uploads\/2025\/09\/JU-297670.webp","type":"image\/webp"}],"twitter_card":"summary_large_image","twitter_misc":{"\u041f\u0440\u0438\u043c\u0435\u0440\u043d\u043e\u0435 \u0432\u0440\u0435\u043c\u044f \u0434\u043b\u044f \u0447\u0442\u0435\u043d\u0438\u044f":"2 \u043c\u0438\u043d\u0443\u0442\u044b"},"schema":{"@context":"https:\/\/schema.org","@graph":[{"@type":"WebPage","@id":"https:\/\/reginett.ee\/toode\/akulehepuhur-husqvarna-530ib-uus\/","url":"https:\/\/reginett.ee\/toode\/akulehepuhur-husqvarna-530ib-uus\/","name":"Akulehepuhur Husqvarna 530iB. Parimad akuga lehepuhurid","isPartOf":{"@id":"https:\/\/reginett.ee\/#website"},"primaryImageOfPage":{"@id":"https:\/\/reginett.ee\/toode\/akulehepuhur-husqvarna-530ib-uus\/#primaryimage"},"image":{"@id":"https:\/\/reginett.ee\/toode\/akulehepuhur-husqvarna-530ib-uus\/#primaryimage"},"thumbnailUrl":"https:\/\/reginett.ee\/wp-content\/uploads\/2025\/09\/JU-297670.webp","datePublished":"2025-10-08T12:57:13+00:00","dateModified":"2025-10-08T14:56:38+00:00","description":"Akulehepuhur Husqvarna 530iB on v\u00f5imas ja v\u00e4ga t\u00f5hus puhur. See lehepuhur on varustatud harjadeta mootoriga, mis v\u00f5imaldab madalat energiatarbimist","breadcrumb":{"@id":"https:\/\/reginett.ee\/toode\/akulehepuhur-husqvarna-530ib-uus\/#breadcrumb"},"inLanguage":"ru-RU","potentialAction":[{"@type":"ReadAction","target":["https:\/\/reginett.ee\/toode\/akulehepuhur-husqvarna-530ib-uus\/"]}]},{"@type":"ImageObject","inLanguage":"ru-RU","@id":"https:\/\/reginett.ee\/toode\/akulehepuhur-husqvarna-530ib-uus\/#primaryimage","url":"https:\/\/reginett.ee\/wp-content\/uploads\/2025\/09\/JU-297670.webp","contentUrl":"https:\/\/reginett.ee\/wp-content\/uploads\/2025\/09\/JU-297670.webp","width":558,"height":372,"caption":"akulehepuhur Husqvarna 530iB"},{"@type":"BreadcrumbList","@id":"https:\/\/reginett.ee\/toode\/akulehepuhur-husqvarna-530ib-uus\/#breadcrumb","itemListElement":[{"@type":"ListItem","position":1,"name":"Home","item":"https:\/\/reginett.ee\/ru\/"},{"@type":"ListItem","position":2,"name":"Tooted","item":"https:\/\/reginett.ee\/tooted\/"},{"@type":"ListItem","position":3,"name":"Akulehepuhur Husqvarna 530iB UUS!"}]},{"@type":"WebSite","@id":"https:\/\/reginett.ee\/#website","url":"https:\/\/reginett.ee\/","name":"Reginett","description":"Parimad robotniidukid","potentialAction":[{"@type":"SearchAction","target":{"@type":"EntryPoint","urlTemplate":"https:\/\/reginett.ee\/?s={search_term_string}"},"query-input":{"@type":"PropertyValueSpecification","valueRequired":true,"valueName":"search_term_string"}}],"inLanguage":"ru-RU"}]}},"brands":[{"id":147,"name":"Husqvarna","slug":"husqvarna"}],"_links":{"self":[{"href":"https:\/\/reginett.ee\/ru\/wp-json\/wp\/v2\/product\/63179","targetHints":{"allow":["GET"]}}],"collection":[{"href":"https:\/\/reginett.ee\/ru\/wp-json\/wp\/v2\/product"}],"about":[{"href":"https:\/\/reginett.ee\/ru\/wp-json\/wp\/v2\/types\/product"}],"replies":[{"embeddable":true,"href":"https:\/\/reginett.ee\/ru\/wp-json\/wp\/v2\/comments?post=63179"}],"wp:featuredmedia":[{"embeddable":true,"href":"https:\/\/reginett.ee\/ru\/wp-json\/wp\/v2\/media\/63180"}],"wp:attachment":[{"href":"https:\/\/reginett.ee\/ru\/wp-json\/wp\/v2\/media?parent=63179"}],"wp:term":[{"taxonomy":"pwb-brand","embeddable":true,"href":"https:\/\/reginett.ee\/ru\/wp-json\/wp\/v2\/pwb-brand?post=63179"},{"taxonomy":"product_brand","embeddable":true,"href":"https:\/\/reginett.ee\/ru\/wp-json\/wp\/v2\/product_brand?post=63179"},{"taxonomy":"product_cat","embeddable":true,"href":"https:\/\/reginett.ee\/ru\/wp-json\/wp\/v2\/product_cat?post=63179"},{"taxonomy":"product_tag","embeddable":true,"href":"https:\/\/reginett.ee\/ru\/wp-json\/wp\/v2\/product_tag?post=63179"}],"curies":[{"name":"wp","href":"https:\/\/api.w.org\/{rel}","templated":true}]}}