{"id":63078,"date":"2025-11-22T15:23:19","date_gmt":"2025-11-22T12:23:19","guid":{"rendered":"https:\/\/reginett.ee\/?post_type=product&#038;p=63078"},"modified":"2025-12-01T04:00:03","modified_gmt":"2025-12-01T01:00:03","slug":"generaator-champion-2200w-inverter-the-mighty-atom-uus","status":"publish","type":"product","link":"https:\/\/reginett.ee\/ru\/toode\/generaator-champion-2200w-inverter-the-mighty-atom-uus\/","title":{"rendered":"Elektigeneraator Champion 2200W inverter The Mighty Atom! UUS!"},"content":{"rendered":"<p><strong>Generaator Champion<\/strong> Mighty Atom on maailma kergeim 2kW (2200W) invertergeneraator kaaluga ainult 17,6 kg!<\/p>\n<p>Lisaks tagab v\u00f5imas ja t\u00f6\u00f6kindel Champion 79cc bensiinimootor kuni 10,5 tundi t\u00f6\u00f6aega 25% koormusel, pakkudes maksimaalselt 2200W ja pidevaks t\u00f6\u00f6tamiseks lausa 1900W.<\/p>\n<p>T\u00e4nu t\u00f5elisele siinuslaine tehnoloogiale (&lt; 3% THD) v\u00f5ite turvaliselt \u00fchendada tundlikke elektroonikaseadmeid selle Champion invertergeneraatoriga.<\/p>\n<p data-start=\"67\" data-end=\"390\">N\u00fc\u00fcd on kaasaskantav j\u00f5udlus ja kerge disain sinu k\u00e4eulatuses Championi 2200 W invertergeneraatoriga. Usalda t\u00f6\u00f6kindlat 79cc mootorit ja naudi vaikset 58 dBA t\u00f6\u00f6d kuni 10,5 tunni jooksul (25% koormusel).<\/p>\n<p data-start=\"392\" data-end=\"712\">T\u00e4nu t\u00f5elise siinuslainega invertertehnoloogiale sobib see generaator ideaalselt tundlikele elektroonikaseadmetele nagu s\u00fclearvutid, telerid ja lauaarvutid. T\u00e4iuslik kaaslane j\u00e4rgmisele telkimisretkele v\u00f5i v\u00e4iksemate kodumasinate, nagu k\u00fclmikud\/s\u00fcgavk\u00fclmikud, elektrit\u00f6\u00f6riistad, valgustusseadmed ja aiatehnika toiteks.<\/p>\n<p data-start=\"714\" data-end=\"873\">Generaatoril on paralleel\u00fchenduse v\u00f5imalus \u2013 kasuta valikulist paralleel\u00fchenduse komplekti ja \u00fchenda see teise Championi invertergeneraatoriga, et v\u00f5imsust suurendada.<\/p>\n<p data-start=\"875\" data-end=\"951\"><strong data-start=\"875\" data-end=\"951\">Tootel on 3-aastane garantii, mis tagab kvaliteedi ja tugeva klienditoe.<\/strong><\/p>\n","protected":false},"excerpt":{"rendered":"<p><strong>Generaator Champion<\/strong> Mighty Atom on maailma kergeim 2kW (2200W) invertergeneraator kaaluga ainult 17,6 kg!<\/p>\n<p>Lisaks tagab v\u00f5imas ja t\u00f6\u00f6kindel Champion 79cc bensiinimootor kuni 10,5 tundi t\u00f6\u00f6aega 25% koormusel, pakkudes maksimaalselt 2200W ja pidevaks t\u00f6\u00f6tamiseks lausa 1900W.<\/p>\n","protected":false},"featured_media":63089,"comment_status":"open","ping_status":"closed","template":"","meta":{"_acf_changed":false,"_et_pb_use_builder":"","_et_pb_old_content":"","_et_gb_content_width":"","inline_featured_image":false},"pwb-brand":[734],"product_brand":[],"product_cat":[447,134,27],"product_tag":[758,759,760],"class_list":{"0":"post-63078","1":"product","2":"type-product","3":"status-publish","4":"has-post-thumbnail","6":"pwb-brand-champion","7":"product_cat-elektrigeneraatorid","8":"product_cat-eripakkumised","9":"product_cat-tooriistad-ja-tarvikud","10":"product_tag-generaator-champion-2200w-inverter","11":"product_tag-inverter","12":"product_tag-invertergeneraator","14":"first","15":"instock","16":"shipping-taxable","17":"purchasable","18":"product-type-simple"},"acf":[],"yoast_head":"<!-- This site is optimized with the Yoast SEO plugin v26.6 - https:\/\/yoast.com\/wordpress\/plugins\/seo\/ -->\n<title>Generaator Champion 2200W inverter The Mighty Atom<\/title>\n<meta name=\"description\" content=\"Generaator Champion Mighty Atom on maailma kergeim 2kW (2200W) invertergeneraator kaaluga ainult 17,6 kg!Lisaks tagab v\u00f5imas ja t\u00f6\u00f6kindel Champion\" \/>\n<meta name=\"robots\" content=\"index, follow, max-snippet:-1, max-image-preview:large, max-video-preview:-1\" \/>\n<link rel=\"canonical\" href=\"https:\/\/reginett.ee\/toode\/generaator-champion-2200w-inverter-the-mighty-atom-uus\/\" \/>\n<meta property=\"og:locale\" content=\"ru_RU\" \/>\n<meta property=\"og:type\" content=\"article\" \/>\n<meta property=\"og:title\" content=\"Generaator Champion 2200W inverter The Mighty Atom\" \/>\n<meta property=\"og:description\" content=\"Generaator Champion Mighty Atom on maailma kergeim 2kW (2200W) invertergeneraator kaaluga ainult 17,6 kg!Lisaks tagab v\u00f5imas ja t\u00f6\u00f6kindel Champion\" \/>\n<meta property=\"og:url\" content=\"https:\/\/reginett.ee\/toode\/generaator-champion-2200w-inverter-the-mighty-atom-uus\/\" \/>\n<meta property=\"og:site_name\" content=\"Reginett\" \/>\n<meta property=\"article:modified_time\" content=\"2025-12-01T01:00:03+00:00\" \/>\n<meta property=\"og:image\" content=\"https:\/\/reginett.ee\/wp-content\/uploads\/2025\/09\/Invertergeneraator-Champion-2200W-Reginett.webp\" \/>\n\t<meta property=\"og:image:width\" content=\"680\" \/>\n\t<meta property=\"og:image:height\" content=\"372\" \/>\n\t<meta property=\"og:image:type\" content=\"image\/webp\" \/>\n<meta name=\"twitter:card\" content=\"summary_large_image\" \/>\n<meta name=\"twitter:label1\" content=\"\u041f\u0440\u0438\u043c\u0435\u0440\u043d\u043e\u0435 \u0432\u0440\u0435\u043c\u044f \u0434\u043b\u044f \u0447\u0442\u0435\u043d\u0438\u044f\" \/>\n\t<meta name=\"twitter:data1\" content=\"1 \u043c\u0438\u043d\u0443\u0442\u0430\" \/>\n<script type=\"application\/ld+json\" class=\"yoast-schema-graph\">{\"@context\":\"https:\/\/schema.org\",\"@graph\":[{\"@type\":\"WebPage\",\"@id\":\"https:\/\/reginett.ee\/toode\/generaator-champion-2200w-inverter-the-mighty-atom-uus\/\",\"url\":\"https:\/\/reginett.ee\/toode\/generaator-champion-2200w-inverter-the-mighty-atom-uus\/\",\"name\":\"Generaator Champion 2200W inverter The Mighty Atom\",\"isPartOf\":{\"@id\":\"https:\/\/reginett.ee\/#website\"},\"primaryImageOfPage\":{\"@id\":\"https:\/\/reginett.ee\/toode\/generaator-champion-2200w-inverter-the-mighty-atom-uus\/#primaryimage\"},\"image\":{\"@id\":\"https:\/\/reginett.ee\/toode\/generaator-champion-2200w-inverter-the-mighty-atom-uus\/#primaryimage\"},\"thumbnailUrl\":\"https:\/\/reginett.ee\/wp-content\/uploads\/2025\/09\/Invertergeneraator-Champion-2200W-Reginett.webp\",\"datePublished\":\"2025-11-22T12:23:19+00:00\",\"dateModified\":\"2025-12-01T01:00:03+00:00\",\"description\":\"Generaator Champion Mighty Atom on maailma kergeim 2kW (2200W) invertergeneraator kaaluga ainult 17,6 kg!Lisaks tagab v\u00f5imas ja t\u00f6\u00f6kindel Champion\",\"breadcrumb\":{\"@id\":\"https:\/\/reginett.ee\/toode\/generaator-champion-2200w-inverter-the-mighty-atom-uus\/#breadcrumb\"},\"inLanguage\":\"ru-RU\",\"potentialAction\":[{\"@type\":\"ReadAction\",\"target\":[\"https:\/\/reginett.ee\/toode\/generaator-champion-2200w-inverter-the-mighty-atom-uus\/\"]}]},{\"@type\":\"ImageObject\",\"inLanguage\":\"ru-RU\",\"@id\":\"https:\/\/reginett.ee\/toode\/generaator-champion-2200w-inverter-the-mighty-atom-uus\/#primaryimage\",\"url\":\"https:\/\/reginett.ee\/wp-content\/uploads\/2025\/09\/Invertergeneraator-Champion-2200W-Reginett.webp\",\"contentUrl\":\"https:\/\/reginett.ee\/wp-content\/uploads\/2025\/09\/Invertergeneraator-Champion-2200W-Reginett.webp\",\"width\":680,\"height\":372,\"caption\":\"Invertergeneraator Champion\"},{\"@type\":\"BreadcrumbList\",\"@id\":\"https:\/\/reginett.ee\/toode\/generaator-champion-2200w-inverter-the-mighty-atom-uus\/#breadcrumb\",\"itemListElement\":[{\"@type\":\"ListItem\",\"position\":1,\"name\":\"Home\",\"item\":\"https:\/\/reginett.ee\/ru\/\"},{\"@type\":\"ListItem\",\"position\":2,\"name\":\"Tooted\",\"item\":\"https:\/\/reginett.ee\/tooted\/\"},{\"@type\":\"ListItem\",\"position\":3,\"name\":\"Elektigeneraator Champion 2200W inverter The Mighty Atom! UUS!\"}]},{\"@type\":\"WebSite\",\"@id\":\"https:\/\/reginett.ee\/#website\",\"url\":\"https:\/\/reginett.ee\/\",\"name\":\"Reginett\",\"description\":\"Parimad robotniidukid\",\"potentialAction\":[{\"@type\":\"SearchAction\",\"target\":{\"@type\":\"EntryPoint\",\"urlTemplate\":\"https:\/\/reginett.ee\/?s={search_term_string}\"},\"query-input\":{\"@type\":\"PropertyValueSpecification\",\"valueRequired\":true,\"valueName\":\"search_term_string\"}}],\"inLanguage\":\"ru-RU\"}]}<\/script>\n<!-- \/ Yoast SEO plugin. -->","yoast_head_json":{"title":"Generaator Champion 2200W inverter The Mighty Atom","description":"Generaator Champion Mighty Atom on maailma kergeim 2kW (2200W) invertergeneraator kaaluga ainult 17,6 kg!Lisaks tagab v\u00f5imas ja t\u00f6\u00f6kindel Champion","robots":{"index":"index","follow":"follow","max-snippet":"max-snippet:-1","max-image-preview":"max-image-preview:large","max-video-preview":"max-video-preview:-1"},"canonical":"https:\/\/reginett.ee\/toode\/generaator-champion-2200w-inverter-the-mighty-atom-uus\/","og_locale":"ru_RU","og_type":"article","og_title":"Generaator Champion 2200W inverter The Mighty Atom","og_description":"Generaator Champion Mighty Atom on maailma kergeim 2kW (2200W) invertergeneraator kaaluga ainult 17,6 kg!Lisaks tagab v\u00f5imas ja t\u00f6\u00f6kindel Champion","og_url":"https:\/\/reginett.ee\/toode\/generaator-champion-2200w-inverter-the-mighty-atom-uus\/","og_site_name":"Reginett","article_modified_time":"2025-12-01T01:00:03+00:00","og_image":[{"width":680,"height":372,"url":"https:\/\/reginett.ee\/wp-content\/uploads\/2025\/09\/Invertergeneraator-Champion-2200W-Reginett.webp","type":"image\/webp"}],"twitter_card":"summary_large_image","twitter_misc":{"\u041f\u0440\u0438\u043c\u0435\u0440\u043d\u043e\u0435 \u0432\u0440\u0435\u043c\u044f \u0434\u043b\u044f \u0447\u0442\u0435\u043d\u0438\u044f":"1 \u043c\u0438\u043d\u0443\u0442\u0430"},"schema":{"@context":"https:\/\/schema.org","@graph":[{"@type":"WebPage","@id":"https:\/\/reginett.ee\/toode\/generaator-champion-2200w-inverter-the-mighty-atom-uus\/","url":"https:\/\/reginett.ee\/toode\/generaator-champion-2200w-inverter-the-mighty-atom-uus\/","name":"Generaator Champion 2200W inverter The Mighty Atom","isPartOf":{"@id":"https:\/\/reginett.ee\/#website"},"primaryImageOfPage":{"@id":"https:\/\/reginett.ee\/toode\/generaator-champion-2200w-inverter-the-mighty-atom-uus\/#primaryimage"},"image":{"@id":"https:\/\/reginett.ee\/toode\/generaator-champion-2200w-inverter-the-mighty-atom-uus\/#primaryimage"},"thumbnailUrl":"https:\/\/reginett.ee\/wp-content\/uploads\/2025\/09\/Invertergeneraator-Champion-2200W-Reginett.webp","datePublished":"2025-11-22T12:23:19+00:00","dateModified":"2025-12-01T01:00:03+00:00","description":"Generaator Champion Mighty Atom on maailma kergeim 2kW (2200W) invertergeneraator kaaluga ainult 17,6 kg!Lisaks tagab v\u00f5imas ja t\u00f6\u00f6kindel Champion","breadcrumb":{"@id":"https:\/\/reginett.ee\/toode\/generaator-champion-2200w-inverter-the-mighty-atom-uus\/#breadcrumb"},"inLanguage":"ru-RU","potentialAction":[{"@type":"ReadAction","target":["https:\/\/reginett.ee\/toode\/generaator-champion-2200w-inverter-the-mighty-atom-uus\/"]}]},{"@type":"ImageObject","inLanguage":"ru-RU","@id":"https:\/\/reginett.ee\/toode\/generaator-champion-2200w-inverter-the-mighty-atom-uus\/#primaryimage","url":"https:\/\/reginett.ee\/wp-content\/uploads\/2025\/09\/Invertergeneraator-Champion-2200W-Reginett.webp","contentUrl":"https:\/\/reginett.ee\/wp-content\/uploads\/2025\/09\/Invertergeneraator-Champion-2200W-Reginett.webp","width":680,"height":372,"caption":"Invertergeneraator Champion"},{"@type":"BreadcrumbList","@id":"https:\/\/reginett.ee\/toode\/generaator-champion-2200w-inverter-the-mighty-atom-uus\/#breadcrumb","itemListElement":[{"@type":"ListItem","position":1,"name":"Home","item":"https:\/\/reginett.ee\/ru\/"},{"@type":"ListItem","position":2,"name":"Tooted","item":"https:\/\/reginett.ee\/tooted\/"},{"@type":"ListItem","position":3,"name":"Elektigeneraator Champion 2200W inverter The Mighty Atom! UUS!"}]},{"@type":"WebSite","@id":"https:\/\/reginett.ee\/#website","url":"https:\/\/reginett.ee\/","name":"Reginett","description":"Parimad robotniidukid","potentialAction":[{"@type":"SearchAction","target":{"@type":"EntryPoint","urlTemplate":"https:\/\/reginett.ee\/?s={search_term_string}"},"query-input":{"@type":"PropertyValueSpecification","valueRequired":true,"valueName":"search_term_string"}}],"inLanguage":"ru-RU"}]}},"brands":[{"id":734,"name":"Champion","slug":"champion"}],"_links":{"self":[{"href":"https:\/\/reginett.ee\/ru\/wp-json\/wp\/v2\/product\/63078","targetHints":{"allow":["GET"]}}],"collection":[{"href":"https:\/\/reginett.ee\/ru\/wp-json\/wp\/v2\/product"}],"about":[{"href":"https:\/\/reginett.ee\/ru\/wp-json\/wp\/v2\/types\/product"}],"replies":[{"embeddable":true,"href":"https:\/\/reginett.ee\/ru\/wp-json\/wp\/v2\/comments?post=63078"}],"wp:featuredmedia":[{"embeddable":true,"href":"https:\/\/reginett.ee\/ru\/wp-json\/wp\/v2\/media\/63089"}],"wp:attachment":[{"href":"https:\/\/reginett.ee\/ru\/wp-json\/wp\/v2\/media?parent=63078"}],"wp:term":[{"taxonomy":"pwb-brand","embeddable":true,"href":"https:\/\/reginett.ee\/ru\/wp-json\/wp\/v2\/pwb-brand?post=63078"},{"taxonomy":"product_brand","embeddable":true,"href":"https:\/\/reginett.ee\/ru\/wp-json\/wp\/v2\/product_brand?post=63078"},{"taxonomy":"product_cat","embeddable":true,"href":"https:\/\/reginett.ee\/ru\/wp-json\/wp\/v2\/product_cat?post=63078"},{"taxonomy":"product_tag","embeddable":true,"href":"https:\/\/reginett.ee\/ru\/wp-json\/wp\/v2\/product_tag?post=63078"}],"curies":[{"name":"wp","href":"https:\/\/api.w.org\/{rel}","templated":true}]}}