{"id":63031,"date":"2026-04-14T11:35:31","date_gmt":"2026-04-14T08:35:31","guid":{"rendered":"https:\/\/reginett.ee\/?post_type=product&#038;p=63031"},"modified":"2026-04-14T12:59:32","modified_gmt":"2026-04-14T09:59:32","slug":"siilimaja-puidust-naturaalne","status":"publish","type":"product","link":"https:\/\/reginett.ee\/ru\/toode\/siilimaja-puidust-naturaalne\/","title":{"rendered":"Siilimaja puidust naturaalne"},"content":{"rendered":"<p>Puidust <strong>siilimaja<\/strong> on mugav ja turvaline paik sinu aias elavatele siilide jaoks. See majake sobib siilile nii suviseks poegade kasvatamiseks kui ka talviseks puhkeperioodiks.<\/p>\n<p>Siilid ehitavad tavap\u00e4raselt oma pesakoha \u00f5\u00f5nsatesse puut\u00fcvedesse, puuvirnadesse, tihedasse p\u00f5\u00f5sastikku ja lehekuhilatesse. Seesuguseid kohti on t\u00e4nap\u00e4eval aga \u00fcha keerulisem leida. Siinkohal saadki sina appi tulla ja paigaldada oma aeda spetsiaalne siilimaja.<\/p>\n<p>Siilid on aedades v\u00e4ga kasulikud elanikud, sest nende s\u00f6\u00f6ginimekirja kuuluvad ka n\u00e4iteks teod, n\u00e4lkjad,\u00a0 t\u00f5ugud, sajajalgsed jne.<\/p>\n<p>Vali<strong> siilimaja<\/strong> paigaldamiseks tuule ja vihma eest varjatud asukoht. Kasuta pesa t\u00e4itematerjalina n\u00e4iteks kuiva heina, kuid kasutada saab ka lehti ja k\u00f5rsi, samuti t\u00fckeldatud ajalehti ja h\u00f6\u00f6vlilaaste.<\/p>\n<p>&nbsp;<\/p>\n<p>&nbsp;<\/p>\n","protected":false},"excerpt":{"rendered":"<p>Puidust <strong>siilimaja<\/strong> on mugav ja turvaline paik sinu aias elavatele siilide jaoks. See majake sobib siilile nii suviseks poegade kasvatamiseks kui ka talviseks puhkeperioodiks.<\/p>\n","protected":false},"featured_media":63032,"comment_status":"open","ping_status":"closed","template":"","meta":{"_acf_changed":false,"_et_pb_use_builder":"","_et_pb_old_content":"","_et_gb_content_width":"","inline_featured_image":false},"pwb-brand":[],"product_brand":[],"product_cat":[480,478,134,27],"product_tag":[751,750,752],"class_list":{"0":"post-63031","1":"product","2":"type-product","3":"status-publish","4":"has-post-thumbnail","6":"product_cat-aiatoo","7":"product_cat-vaba-aeg","8":"product_cat-eripakkumised","9":"product_cat-tooriistad-ja-tarvikud","10":"product_tag-maja-siilidele","11":"product_tag-siilimaja","12":"product_tag-siilimajake","13":"product_shipping_class-soodsam-kuller-15-eur","15":"first","16":"instock","17":"sale","18":"shipping-taxable","19":"purchasable","20":"product-type-simple"},"acf":[],"yoast_head":"<!-- This site is optimized with the Yoast SEO plugin v26.6 - https:\/\/yoast.com\/wordpress\/plugins\/seo\/ -->\n<title>Siilimaja puidust naturaalne<\/title>\n<meta name=\"description\" content=\"Puidust siilimaja on mugav ja turvaline paik sinu aias elavatele siilide jaoks. See majake sobib siilile nii suviseks poegade kasvatamiseks kui ka talviseks\" \/>\n<meta name=\"robots\" content=\"index, follow, max-snippet:-1, max-image-preview:large, max-video-preview:-1\" \/>\n<link rel=\"canonical\" href=\"https:\/\/reginett.ee\/toode\/siilimaja-puidust-naturaalne\/\" \/>\n<meta property=\"og:locale\" content=\"ru_RU\" \/>\n<meta property=\"og:type\" content=\"article\" \/>\n<meta property=\"og:title\" content=\"Siilimaja puidust naturaalne\" \/>\n<meta property=\"og:description\" content=\"Puidust siilimaja on mugav ja turvaline paik sinu aias elavatele siilide jaoks. See majake sobib siilile nii suviseks poegade kasvatamiseks kui ka talviseks\" \/>\n<meta property=\"og:url\" content=\"https:\/\/reginett.ee\/toode\/siilimaja-puidust-naturaalne\/\" \/>\n<meta property=\"og:site_name\" content=\"Reginett\" \/>\n<meta property=\"article:modified_time\" content=\"2026-04-14T09:59:32+00:00\" \/>\n<meta property=\"og:image\" content=\"https:\/\/reginett.ee\/wp-content\/uploads\/2025\/08\/Siilimaja-Reginetist.jpg\" \/>\n\t<meta property=\"og:image:width\" content=\"473\" \/>\n\t<meta property=\"og:image:height\" content=\"373\" \/>\n\t<meta property=\"og:image:type\" content=\"image\/jpeg\" \/>\n<meta name=\"twitter:card\" content=\"summary_large_image\" \/>\n<meta name=\"twitter:label1\" content=\"\u041f\u0440\u0438\u043c\u0435\u0440\u043d\u043e\u0435 \u0432\u0440\u0435\u043c\u044f \u0434\u043b\u044f \u0447\u0442\u0435\u043d\u0438\u044f\" \/>\n\t<meta name=\"twitter:data1\" content=\"1 \u043c\u0438\u043d\u0443\u0442\u0430\" \/>\n<script type=\"application\/ld+json\" class=\"yoast-schema-graph\">{\"@context\":\"https:\/\/schema.org\",\"@graph\":[{\"@type\":\"WebPage\",\"@id\":\"https:\/\/reginett.ee\/toode\/siilimaja-puidust-naturaalne\/\",\"url\":\"https:\/\/reginett.ee\/toode\/siilimaja-puidust-naturaalne\/\",\"name\":\"Siilimaja puidust naturaalne\",\"isPartOf\":{\"@id\":\"https:\/\/reginett.ee\/#website\"},\"primaryImageOfPage\":{\"@id\":\"https:\/\/reginett.ee\/toode\/siilimaja-puidust-naturaalne\/#primaryimage\"},\"image\":{\"@id\":\"https:\/\/reginett.ee\/toode\/siilimaja-puidust-naturaalne\/#primaryimage\"},\"thumbnailUrl\":\"https:\/\/reginett.ee\/wp-content\/uploads\/2025\/08\/Siilimaja-Reginetist.jpg\",\"datePublished\":\"2026-04-14T08:35:31+00:00\",\"dateModified\":\"2026-04-14T09:59:32+00:00\",\"description\":\"Puidust siilimaja on mugav ja turvaline paik sinu aias elavatele siilide jaoks. See majake sobib siilile nii suviseks poegade kasvatamiseks kui ka talviseks\",\"breadcrumb\":{\"@id\":\"https:\/\/reginett.ee\/toode\/siilimaja-puidust-naturaalne\/#breadcrumb\"},\"inLanguage\":\"ru-RU\",\"potentialAction\":[{\"@type\":\"ReadAction\",\"target\":[\"https:\/\/reginett.ee\/toode\/siilimaja-puidust-naturaalne\/\"]}]},{\"@type\":\"ImageObject\",\"inLanguage\":\"ru-RU\",\"@id\":\"https:\/\/reginett.ee\/toode\/siilimaja-puidust-naturaalne\/#primaryimage\",\"url\":\"https:\/\/reginett.ee\/wp-content\/uploads\/2025\/08\/Siilimaja-Reginetist.jpg\",\"contentUrl\":\"https:\/\/reginett.ee\/wp-content\/uploads\/2025\/08\/Siilimaja-Reginetist.jpg\",\"width\":473,\"height\":373,\"caption\":\"Siilimaja\"},{\"@type\":\"BreadcrumbList\",\"@id\":\"https:\/\/reginett.ee\/toode\/siilimaja-puidust-naturaalne\/#breadcrumb\",\"itemListElement\":[{\"@type\":\"ListItem\",\"position\":1,\"name\":\"Home\",\"item\":\"https:\/\/reginett.ee\/ru\/\"},{\"@type\":\"ListItem\",\"position\":2,\"name\":\"Tooted\",\"item\":\"https:\/\/reginett.ee\/tooted\/\"},{\"@type\":\"ListItem\",\"position\":3,\"name\":\"Siilimaja puidust naturaalne\"}]},{\"@type\":\"WebSite\",\"@id\":\"https:\/\/reginett.ee\/#website\",\"url\":\"https:\/\/reginett.ee\/\",\"name\":\"Reginett\",\"description\":\"Parimad robotniidukid\",\"potentialAction\":[{\"@type\":\"SearchAction\",\"target\":{\"@type\":\"EntryPoint\",\"urlTemplate\":\"https:\/\/reginett.ee\/?s={search_term_string}\"},\"query-input\":{\"@type\":\"PropertyValueSpecification\",\"valueRequired\":true,\"valueName\":\"search_term_string\"}}],\"inLanguage\":\"ru-RU\"}]}<\/script>\n<!-- \/ Yoast SEO plugin. -->","yoast_head_json":{"title":"Siilimaja puidust naturaalne","description":"Puidust siilimaja on mugav ja turvaline paik sinu aias elavatele siilide jaoks. See majake sobib siilile nii suviseks poegade kasvatamiseks kui ka talviseks","robots":{"index":"index","follow":"follow","max-snippet":"max-snippet:-1","max-image-preview":"max-image-preview:large","max-video-preview":"max-video-preview:-1"},"canonical":"https:\/\/reginett.ee\/toode\/siilimaja-puidust-naturaalne\/","og_locale":"ru_RU","og_type":"article","og_title":"Siilimaja puidust naturaalne","og_description":"Puidust siilimaja on mugav ja turvaline paik sinu aias elavatele siilide jaoks. See majake sobib siilile nii suviseks poegade kasvatamiseks kui ka talviseks","og_url":"https:\/\/reginett.ee\/toode\/siilimaja-puidust-naturaalne\/","og_site_name":"Reginett","article_modified_time":"2026-04-14T09:59:32+00:00","og_image":[{"width":473,"height":373,"url":"https:\/\/reginett.ee\/wp-content\/uploads\/2025\/08\/Siilimaja-Reginetist.jpg","type":"image\/jpeg"}],"twitter_card":"summary_large_image","twitter_misc":{"\u041f\u0440\u0438\u043c\u0435\u0440\u043d\u043e\u0435 \u0432\u0440\u0435\u043c\u044f \u0434\u043b\u044f \u0447\u0442\u0435\u043d\u0438\u044f":"1 \u043c\u0438\u043d\u0443\u0442\u0430"},"schema":{"@context":"https:\/\/schema.org","@graph":[{"@type":"WebPage","@id":"https:\/\/reginett.ee\/toode\/siilimaja-puidust-naturaalne\/","url":"https:\/\/reginett.ee\/toode\/siilimaja-puidust-naturaalne\/","name":"Siilimaja puidust naturaalne","isPartOf":{"@id":"https:\/\/reginett.ee\/#website"},"primaryImageOfPage":{"@id":"https:\/\/reginett.ee\/toode\/siilimaja-puidust-naturaalne\/#primaryimage"},"image":{"@id":"https:\/\/reginett.ee\/toode\/siilimaja-puidust-naturaalne\/#primaryimage"},"thumbnailUrl":"https:\/\/reginett.ee\/wp-content\/uploads\/2025\/08\/Siilimaja-Reginetist.jpg","datePublished":"2026-04-14T08:35:31+00:00","dateModified":"2026-04-14T09:59:32+00:00","description":"Puidust siilimaja on mugav ja turvaline paik sinu aias elavatele siilide jaoks. See majake sobib siilile nii suviseks poegade kasvatamiseks kui ka talviseks","breadcrumb":{"@id":"https:\/\/reginett.ee\/toode\/siilimaja-puidust-naturaalne\/#breadcrumb"},"inLanguage":"ru-RU","potentialAction":[{"@type":"ReadAction","target":["https:\/\/reginett.ee\/toode\/siilimaja-puidust-naturaalne\/"]}]},{"@type":"ImageObject","inLanguage":"ru-RU","@id":"https:\/\/reginett.ee\/toode\/siilimaja-puidust-naturaalne\/#primaryimage","url":"https:\/\/reginett.ee\/wp-content\/uploads\/2025\/08\/Siilimaja-Reginetist.jpg","contentUrl":"https:\/\/reginett.ee\/wp-content\/uploads\/2025\/08\/Siilimaja-Reginetist.jpg","width":473,"height":373,"caption":"Siilimaja"},{"@type":"BreadcrumbList","@id":"https:\/\/reginett.ee\/toode\/siilimaja-puidust-naturaalne\/#breadcrumb","itemListElement":[{"@type":"ListItem","position":1,"name":"Home","item":"https:\/\/reginett.ee\/ru\/"},{"@type":"ListItem","position":2,"name":"Tooted","item":"https:\/\/reginett.ee\/tooted\/"},{"@type":"ListItem","position":3,"name":"Siilimaja puidust naturaalne"}]},{"@type":"WebSite","@id":"https:\/\/reginett.ee\/#website","url":"https:\/\/reginett.ee\/","name":"Reginett","description":"Parimad robotniidukid","potentialAction":[{"@type":"SearchAction","target":{"@type":"EntryPoint","urlTemplate":"https:\/\/reginett.ee\/?s={search_term_string}"},"query-input":{"@type":"PropertyValueSpecification","valueRequired":true,"valueName":"search_term_string"}}],"inLanguage":"ru-RU"}]}},"brands":[],"_links":{"self":[{"href":"https:\/\/reginett.ee\/ru\/wp-json\/wp\/v2\/product\/63031","targetHints":{"allow":["GET"]}}],"collection":[{"href":"https:\/\/reginett.ee\/ru\/wp-json\/wp\/v2\/product"}],"about":[{"href":"https:\/\/reginett.ee\/ru\/wp-json\/wp\/v2\/types\/product"}],"replies":[{"embeddable":true,"href":"https:\/\/reginett.ee\/ru\/wp-json\/wp\/v2\/comments?post=63031"}],"wp:featuredmedia":[{"embeddable":true,"href":"https:\/\/reginett.ee\/ru\/wp-json\/wp\/v2\/media\/63032"}],"wp:attachment":[{"href":"https:\/\/reginett.ee\/ru\/wp-json\/wp\/v2\/media?parent=63031"}],"wp:term":[{"taxonomy":"pwb-brand","embeddable":true,"href":"https:\/\/reginett.ee\/ru\/wp-json\/wp\/v2\/pwb-brand?post=63031"},{"taxonomy":"product_brand","embeddable":true,"href":"https:\/\/reginett.ee\/ru\/wp-json\/wp\/v2\/product_brand?post=63031"},{"taxonomy":"product_cat","embeddable":true,"href":"https:\/\/reginett.ee\/ru\/wp-json\/wp\/v2\/product_cat?post=63031"},{"taxonomy":"product_tag","embeddable":true,"href":"https:\/\/reginett.ee\/ru\/wp-json\/wp\/v2\/product_tag?post=63031"}],"curies":[{"name":"wp","href":"https:\/\/api.w.org\/{rel}","templated":true}]}}