{"id":62994,"date":"2025-08-05T16:12:26","date_gmt":"2025-08-05T13:12:26","guid":{"rendered":"https:\/\/reginett.ee\/?post_type=product&#038;p=62994"},"modified":"2025-08-06T09:06:19","modified_gmt":"2025-08-06T06:06:19","slug":"omblusmasin-husqvarna-viking-onyx-30-uus","status":"publish","type":"product","link":"https:\/\/reginett.ee\/ru\/toode\/omblusmasin-husqvarna-viking-onyx-30-uus\/","title":{"rendered":"\u00d5mblusmasin Husqvarna Viking ONYX 30 UUS!"},"content":{"rendered":"<p>\u00d5mblusmasin <strong>Husqvarna Viking Onyx 30<\/strong> on uus ja rohkete v\u00f5imalustega \u00f5mblusmasin &#8212; arvutip\u00f5hine, Creativate rakendus, LCD ekraam, \u00fcle 150 piste, 126 pistet kuni 7mm laiusega + 2 \u00f5mblusfonti, pistete programmeerimine, 15 n\u00f5elaasendit, n\u00f5el \u00fclal\/all funktsioon, \u00f5mblemisjuhendi abitabel,\u00a0\u00a0sisseehitatud niidil\u00f5ikur, kiiruse regulaator, kaasa palju tarvikuid \u00b4saadaval lai valik lisajalgu erinevate \u00f5mblusprojektide teostamiseks.<\/p>\n<p><strong>Husqvarna Viking Onyx 30<\/strong> masinal on suur valik baas\u00f5mblusi, venivaid- ja dekoratiivpisteid, lisaks v\u00e4lja\u00f5mblemiseks 2 t\u00e4hefonti, mis annab suured v\u00f5imalused masina loovaks kasutamiseks ja isikup\u00e4raste t\u00f6\u00f6de \u00f5mblemiseks.<br \/>\nSuur valik reguleeritavaid \u00f5mbluspisteid erinevatele \u00f5mblustehnikatele loovaks \u00f5mblemiseks.<\/p>\n<p>SUURENDATUD PISTE L\u00c4BIL\u00d6\u00d6GI J\u00d5UD &#8212;\u00a0Rohkem j\u00f5udu mitmekihiliste paksude materjalide \u00f5mblemiseks.<br \/>\n\u00d5MBLUSKIIRUSE KONTROLL &#8212; \u00d5mblemise l\u00f5ppkiirust saab vastavalt oma soovile reguleerida.<br \/>\nNUPUVAJUTUSEGA PISTETE VALIMINE &#8212;\u00a0Oma piste valimiseks kasuta nuppe LCD ekraani all.<br \/>\n2 T\u00c4HESTIKKU &#8212;\u00a0M\u00e4rgi oma \u00f5mblust\u00f6\u00f6d \u00e4ra nime, m\u00e4rks\u00f5na v\u00f5i monogrammiga.<br \/>\n9 AUTOMAATSET 1-ETAPILIST N\u00d6\u00d6PAUKU &#8212;\u00a0\u00d5mble j\u00e4rjestikuseid \u00fchesuguseid n\u00f6\u00f6pauke omal valikul.<br \/>\nNIIDIKATKESTUS NOAD\u00a0 &#8212;\u00a0Masin vasakul k\u00fcljel niidi katkestamiseks l\u00f5ikenuga..<br \/>\nKIIRE JA LIHTNE NIIDISTAMINE &#8212;\u00a0Lihtne niidistusjuhend masinale joonistatud.<br \/>\nN\u00d5ELASILMA NIIDISTAJA &#8212;\u00a0Vaevata n\u00f5elasilma niidistamine kiiremaks alustamiseks.<br \/>\nPEALTLAETAV POOLIS\u00dcSTEEM &#8212;\u00a0Kerge n\u00e4ha ja lihtne niidistada pooliga.<br \/>\n\u00dcHES T\u00dcKIS METALLRAAM &#8212;\u00a0\u00dches t\u00fckis metall raam annab aastatepikkuse vastupidavuse ja tekitab \u00f5mblemise ajal v\u00e4hem vibratsiooni.<br \/>\nLED VALGUSTID &#8212;\u00a0Hea selge varjudeta vaade \u00f5mblusalale.<br \/>\nNIIDIS\u00d5LM &#8212;\u00a0\u00d5mblusmasin \u00f5mbleb nupule vajutades niidis\u00fclme ja \u00f5mblus ei hargne lahti.<br \/>\nPISTE PEEGELDAMINE &#8212;\u00a0Paljusid pisteid saab peegeldada, rohkem loovaid v\u00f5imalusi.<\/p>\n<p>PISTE PIKENDAMINE &#8212; Mitmeid \u00f5mblusmusterid saab pikendada nii, et piste ei l\u00e4he h\u00f6redaks vaid lisatakse ka pisteid juurde.<\/p>\n<p>RIIDES\u00d6\u00d6TJA\u00a0 ALLALASE &#8212;\u00a0Vajalik erinevate tehnikate teostamiseks.<br \/>\nREGULEERITAVAD PISTE PIKKUS JA LAIUS\u00a0 &#8212;\u00a0 Reguleeri pisteid vastavalt oma soovile.<br \/>\nVABAVARS &#8212;\u00a0\u00d5mble lihtsalt varruka ja p\u00fckste \u00e4\u00e4ri.<\/p>\n","protected":false},"excerpt":{"rendered":"<p>\u00d5mblusmasin <strong>Husqvarna Viking Onyx 30<\/strong> on uus ja rohkete v\u00f5imalustega \u00f5mblusmasin &#8212; arvutip\u00f5hine, Creativate rakendus, LCD ekraam, \u00fcle 150 piste, 126 pistet kuni 7mm laiusega + 2 \u00f5mblusfonti, pistete programmeerimine, 15 n\u00f5elaasendit, n\u00f5el \u00fclal\/all funktsioon, \u00f5mblemisjuhendi abitabel,\u00a0\u00a0sisseehitatud niidil\u00f5ikur, kiiruse regulaator, kaasa palju tarvikuid \u00b4saadaval lai valik lisajalgu erinevate \u00f5mblusprojektide teostamiseks.<\/p>\n<p><strong>Husqvarna Viking Onyx 30<\/strong> masinal on suur valik baas\u00f5mblusi, venivaid- ja dekoratiivpisteid, lisaks v\u00e4lja\u00f5mblemiseks 2 t\u00e4hefonti, mis annab suured v\u00f5imalused masina loovaks kasutamiseks ja isikup\u00e4raste t\u00f6\u00f6de \u00f5mblemiseks.<br \/>\nSuur valik reguleeritavaid \u00f5mbluspisteid erinevatele \u00f5mblustehnikatele loovaks \u00f5mblemiseks.<\/p>\n","protected":false},"featured_media":62995,"comment_status":"open","ping_status":"closed","template":"","meta":{"_acf_changed":false,"_et_pb_use_builder":"","_et_pb_old_content":"","_et_gb_content_width":"","inline_featured_image":false},"pwb-brand":[489],"product_brand":[],"product_cat":[55],"product_tag":[749],"class_list":{"0":"post-62994","1":"product","2":"type-product","3":"status-publish","4":"has-post-thumbnail","6":"pwb-brand-husqvarna-viking","7":"product_cat-omblusmasinad-ja-tarvikud","8":"product_tag-onyx30","10":"first","11":"instock","12":"sale","13":"shipping-taxable","14":"purchasable","15":"product-type-simple"},"acf":[],"yoast_head":"<!-- This site is optimized with the Yoast SEO plugin v26.6 - https:\/\/yoast.com\/wordpress\/plugins\/seo\/ -->\n<title>\u00d5mblusmasin Husqvarna Viking ONYX 30<\/title>\n<meta name=\"description\" content=\"\u00d5mblusmasin Husqvarna Viking Onyx 30 on uus ja rohkete v\u00f5imalustega \u00f5mblusmasin - arvutip\u00f5hine, Creativate rakendus, LCD ekraam, \u00fcle 150 piste, 126 pistet\" \/>\n<meta name=\"robots\" content=\"index, follow, max-snippet:-1, max-image-preview:large, max-video-preview:-1\" \/>\n<link rel=\"canonical\" href=\"https:\/\/reginett.ee\/toode\/omblusmasin-husqvarna-viking-onyx-30-uus\/\" \/>\n<meta property=\"og:locale\" content=\"ru_RU\" \/>\n<meta property=\"og:type\" content=\"article\" \/>\n<meta property=\"og:title\" content=\"\u00d5mblusmasin Husqvarna Viking ONYX 30\" \/>\n<meta property=\"og:description\" content=\"\u00d5mblusmasin Husqvarna Viking Onyx 30 on uus ja rohkete v\u00f5imalustega \u00f5mblusmasin - arvutip\u00f5hine, Creativate rakendus, LCD ekraam, \u00fcle 150 piste, 126 pistet\" \/>\n<meta property=\"og:url\" content=\"https:\/\/reginett.ee\/toode\/omblusmasin-husqvarna-viking-onyx-30-uus\/\" \/>\n<meta property=\"og:site_name\" content=\"Reginett\" \/>\n<meta property=\"article:modified_time\" content=\"2025-08-06T06:06:19+00:00\" \/>\n<meta property=\"og:image\" content=\"https:\/\/reginett.ee\/wp-content\/uploads\/2025\/08\/Omblusmasin-Husqvarna-ONYX-30.jpg\" \/>\n\t<meta property=\"og:image:width\" content=\"360\" \/>\n\t<meta property=\"og:image:height\" content=\"360\" \/>\n\t<meta property=\"og:image:type\" content=\"image\/jpeg\" \/>\n<meta name=\"twitter:card\" content=\"summary_large_image\" \/>\n<meta name=\"twitter:label1\" content=\"\u041f\u0440\u0438\u043c\u0435\u0440\u043d\u043e\u0435 \u0432\u0440\u0435\u043c\u044f \u0434\u043b\u044f \u0447\u0442\u0435\u043d\u0438\u044f\" \/>\n\t<meta name=\"twitter:data1\" content=\"2 \u043c\u0438\u043d\u0443\u0442\u044b\" \/>\n<script type=\"application\/ld+json\" class=\"yoast-schema-graph\">{\"@context\":\"https:\/\/schema.org\",\"@graph\":[{\"@type\":\"WebPage\",\"@id\":\"https:\/\/reginett.ee\/toode\/omblusmasin-husqvarna-viking-onyx-30-uus\/\",\"url\":\"https:\/\/reginett.ee\/toode\/omblusmasin-husqvarna-viking-onyx-30-uus\/\",\"name\":\"\u00d5mblusmasin Husqvarna Viking ONYX 30\",\"isPartOf\":{\"@id\":\"https:\/\/reginett.ee\/#website\"},\"primaryImageOfPage\":{\"@id\":\"https:\/\/reginett.ee\/toode\/omblusmasin-husqvarna-viking-onyx-30-uus\/#primaryimage\"},\"image\":{\"@id\":\"https:\/\/reginett.ee\/toode\/omblusmasin-husqvarna-viking-onyx-30-uus\/#primaryimage\"},\"thumbnailUrl\":\"https:\/\/reginett.ee\/wp-content\/uploads\/2025\/08\/Omblusmasin-Husqvarna-ONYX-30.jpg\",\"datePublished\":\"2025-08-05T13:12:26+00:00\",\"dateModified\":\"2025-08-06T06:06:19+00:00\",\"description\":\"\u00d5mblusmasin Husqvarna Viking Onyx 30 on uus ja rohkete v\u00f5imalustega \u00f5mblusmasin - arvutip\u00f5hine, Creativate rakendus, LCD ekraam, \u00fcle 150 piste, 126 pistet\",\"breadcrumb\":{\"@id\":\"https:\/\/reginett.ee\/toode\/omblusmasin-husqvarna-viking-onyx-30-uus\/#breadcrumb\"},\"inLanguage\":\"ru-RU\",\"potentialAction\":[{\"@type\":\"ReadAction\",\"target\":[\"https:\/\/reginett.ee\/toode\/omblusmasin-husqvarna-viking-onyx-30-uus\/\"]}]},{\"@type\":\"ImageObject\",\"inLanguage\":\"ru-RU\",\"@id\":\"https:\/\/reginett.ee\/toode\/omblusmasin-husqvarna-viking-onyx-30-uus\/#primaryimage\",\"url\":\"https:\/\/reginett.ee\/wp-content\/uploads\/2025\/08\/Omblusmasin-Husqvarna-ONYX-30.jpg\",\"contentUrl\":\"https:\/\/reginett.ee\/wp-content\/uploads\/2025\/08\/Omblusmasin-Husqvarna-ONYX-30.jpg\",\"width\":360,\"height\":360,\"caption\":\"\u00d5mblusmasin Husqvarna ONYX 30\"},{\"@type\":\"BreadcrumbList\",\"@id\":\"https:\/\/reginett.ee\/toode\/omblusmasin-husqvarna-viking-onyx-30-uus\/#breadcrumb\",\"itemListElement\":[{\"@type\":\"ListItem\",\"position\":1,\"name\":\"Home\",\"item\":\"https:\/\/reginett.ee\/ru\/\"},{\"@type\":\"ListItem\",\"position\":2,\"name\":\"Tooted\",\"item\":\"https:\/\/reginett.ee\/tooted\/\"},{\"@type\":\"ListItem\",\"position\":3,\"name\":\"\u00d5mblusmasin Husqvarna Viking ONYX 30 UUS!\"}]},{\"@type\":\"WebSite\",\"@id\":\"https:\/\/reginett.ee\/#website\",\"url\":\"https:\/\/reginett.ee\/\",\"name\":\"Reginett\",\"description\":\"Parimad robotniidukid\",\"potentialAction\":[{\"@type\":\"SearchAction\",\"target\":{\"@type\":\"EntryPoint\",\"urlTemplate\":\"https:\/\/reginett.ee\/?s={search_term_string}\"},\"query-input\":{\"@type\":\"PropertyValueSpecification\",\"valueRequired\":true,\"valueName\":\"search_term_string\"}}],\"inLanguage\":\"ru-RU\"}]}<\/script>\n<!-- \/ Yoast SEO plugin. -->","yoast_head_json":{"title":"\u00d5mblusmasin Husqvarna Viking ONYX 30","description":"\u00d5mblusmasin Husqvarna Viking Onyx 30 on uus ja rohkete v\u00f5imalustega \u00f5mblusmasin - arvutip\u00f5hine, Creativate rakendus, LCD ekraam, \u00fcle 150 piste, 126 pistet","robots":{"index":"index","follow":"follow","max-snippet":"max-snippet:-1","max-image-preview":"max-image-preview:large","max-video-preview":"max-video-preview:-1"},"canonical":"https:\/\/reginett.ee\/toode\/omblusmasin-husqvarna-viking-onyx-30-uus\/","og_locale":"ru_RU","og_type":"article","og_title":"\u00d5mblusmasin Husqvarna Viking ONYX 30","og_description":"\u00d5mblusmasin Husqvarna Viking Onyx 30 on uus ja rohkete v\u00f5imalustega \u00f5mblusmasin - arvutip\u00f5hine, Creativate rakendus, LCD ekraam, \u00fcle 150 piste, 126 pistet","og_url":"https:\/\/reginett.ee\/toode\/omblusmasin-husqvarna-viking-onyx-30-uus\/","og_site_name":"Reginett","article_modified_time":"2025-08-06T06:06:19+00:00","og_image":[{"width":360,"height":360,"url":"https:\/\/reginett.ee\/wp-content\/uploads\/2025\/08\/Omblusmasin-Husqvarna-ONYX-30.jpg","type":"image\/jpeg"}],"twitter_card":"summary_large_image","twitter_misc":{"\u041f\u0440\u0438\u043c\u0435\u0440\u043d\u043e\u0435 \u0432\u0440\u0435\u043c\u044f \u0434\u043b\u044f \u0447\u0442\u0435\u043d\u0438\u044f":"2 \u043c\u0438\u043d\u0443\u0442\u044b"},"schema":{"@context":"https:\/\/schema.org","@graph":[{"@type":"WebPage","@id":"https:\/\/reginett.ee\/toode\/omblusmasin-husqvarna-viking-onyx-30-uus\/","url":"https:\/\/reginett.ee\/toode\/omblusmasin-husqvarna-viking-onyx-30-uus\/","name":"\u00d5mblusmasin Husqvarna Viking ONYX 30","isPartOf":{"@id":"https:\/\/reginett.ee\/#website"},"primaryImageOfPage":{"@id":"https:\/\/reginett.ee\/toode\/omblusmasin-husqvarna-viking-onyx-30-uus\/#primaryimage"},"image":{"@id":"https:\/\/reginett.ee\/toode\/omblusmasin-husqvarna-viking-onyx-30-uus\/#primaryimage"},"thumbnailUrl":"https:\/\/reginett.ee\/wp-content\/uploads\/2025\/08\/Omblusmasin-Husqvarna-ONYX-30.jpg","datePublished":"2025-08-05T13:12:26+00:00","dateModified":"2025-08-06T06:06:19+00:00","description":"\u00d5mblusmasin Husqvarna Viking Onyx 30 on uus ja rohkete v\u00f5imalustega \u00f5mblusmasin - arvutip\u00f5hine, Creativate rakendus, LCD ekraam, \u00fcle 150 piste, 126 pistet","breadcrumb":{"@id":"https:\/\/reginett.ee\/toode\/omblusmasin-husqvarna-viking-onyx-30-uus\/#breadcrumb"},"inLanguage":"ru-RU","potentialAction":[{"@type":"ReadAction","target":["https:\/\/reginett.ee\/toode\/omblusmasin-husqvarna-viking-onyx-30-uus\/"]}]},{"@type":"ImageObject","inLanguage":"ru-RU","@id":"https:\/\/reginett.ee\/toode\/omblusmasin-husqvarna-viking-onyx-30-uus\/#primaryimage","url":"https:\/\/reginett.ee\/wp-content\/uploads\/2025\/08\/Omblusmasin-Husqvarna-ONYX-30.jpg","contentUrl":"https:\/\/reginett.ee\/wp-content\/uploads\/2025\/08\/Omblusmasin-Husqvarna-ONYX-30.jpg","width":360,"height":360,"caption":"\u00d5mblusmasin Husqvarna ONYX 30"},{"@type":"BreadcrumbList","@id":"https:\/\/reginett.ee\/toode\/omblusmasin-husqvarna-viking-onyx-30-uus\/#breadcrumb","itemListElement":[{"@type":"ListItem","position":1,"name":"Home","item":"https:\/\/reginett.ee\/ru\/"},{"@type":"ListItem","position":2,"name":"Tooted","item":"https:\/\/reginett.ee\/tooted\/"},{"@type":"ListItem","position":3,"name":"\u00d5mblusmasin Husqvarna Viking ONYX 30 UUS!"}]},{"@type":"WebSite","@id":"https:\/\/reginett.ee\/#website","url":"https:\/\/reginett.ee\/","name":"Reginett","description":"Parimad robotniidukid","potentialAction":[{"@type":"SearchAction","target":{"@type":"EntryPoint","urlTemplate":"https:\/\/reginett.ee\/?s={search_term_string}"},"query-input":{"@type":"PropertyValueSpecification","valueRequired":true,"valueName":"search_term_string"}}],"inLanguage":"ru-RU"}]}},"brands":[{"id":489,"name":"Husqvarna Viking","slug":"husqvarna-viking"}],"_links":{"self":[{"href":"https:\/\/reginett.ee\/ru\/wp-json\/wp\/v2\/product\/62994","targetHints":{"allow":["GET"]}}],"collection":[{"href":"https:\/\/reginett.ee\/ru\/wp-json\/wp\/v2\/product"}],"about":[{"href":"https:\/\/reginett.ee\/ru\/wp-json\/wp\/v2\/types\/product"}],"replies":[{"embeddable":true,"href":"https:\/\/reginett.ee\/ru\/wp-json\/wp\/v2\/comments?post=62994"}],"wp:featuredmedia":[{"embeddable":true,"href":"https:\/\/reginett.ee\/ru\/wp-json\/wp\/v2\/media\/62995"}],"wp:attachment":[{"href":"https:\/\/reginett.ee\/ru\/wp-json\/wp\/v2\/media?parent=62994"}],"wp:term":[{"taxonomy":"pwb-brand","embeddable":true,"href":"https:\/\/reginett.ee\/ru\/wp-json\/wp\/v2\/pwb-brand?post=62994"},{"taxonomy":"product_brand","embeddable":true,"href":"https:\/\/reginett.ee\/ru\/wp-json\/wp\/v2\/product_brand?post=62994"},{"taxonomy":"product_cat","embeddable":true,"href":"https:\/\/reginett.ee\/ru\/wp-json\/wp\/v2\/product_cat?post=62994"},{"taxonomy":"product_tag","embeddable":true,"href":"https:\/\/reginett.ee\/ru\/wp-json\/wp\/v2\/product_tag?post=62994"}],"curies":[{"name":"wp","href":"https:\/\/api.w.org\/{rel}","templated":true}]}}