{"id":62985,"date":"2025-08-01T17:58:20","date_gmt":"2025-08-01T14:58:20","guid":{"rendered":"https:\/\/reginett.ee\/?post_type=product&#038;p=62985"},"modified":"2025-08-01T17:58:20","modified_gmt":"2025-08-01T14:58:20","slug":"koormarihm-automaatne","status":"publish","type":"product","link":"https:\/\/reginett.ee\/ru\/toode\/koormarihm-automaatne\/","title":{"rendered":"Koormarihm automaatne 52mm x 3m"},"content":{"rendered":"<p>Koormarihm, mis aitab sul veose kindlalt ja ohutult kinnitada. V\u00e4ga mugav ja lihtne kasutada!<\/p>\n<p>&nbsp;<\/p>\n<table id=\"product-attribute-specs-table\" class=\"data table additional-attributes\">\n<tbody>\n<tr>\n<th class=\"col label\" scope=\"row\">Kood<\/th>\n<td class=\"col data\" data-th=\"Kood\">910-0569<\/td>\n<\/tr>\n<tr>\n<th class=\"col label\" scope=\"row\">Sobivus<\/th>\n<td class=\"col data\" data-th=\"Sobivus\">Koorma kinnitamine<\/td>\n<\/tr>\n<tr>\n<th class=\"col label\" scope=\"row\">Lisainfo<\/th>\n<td class=\"col data\" data-th=\"Lisainfo\">52mm x 3m (otsepinges 500 daN, rihm 1000 daN )<\/td>\n<\/tr>\n<tr>\n<th class=\"col label\" scope=\"row\">M\u00f5\u00f5dud<\/th>\n<td class=\"col data\" data-th=\"M\u00f5\u00f5dud\">52mm x 3m<\/td>\n<\/tr>\n<\/tbody>\n<\/table>\n","protected":false},"excerpt":{"rendered":"<p>Koormarihm, mis aitab sul veose kindlalt ja ohutult kinnitada. V\u00e4ga mugav ja lihtne kasutada!<\/p>\n<p>52mm x 3m<\/p>\n","protected":false},"featured_media":62986,"comment_status":"open","ping_status":"closed","template":"","meta":{"_acf_changed":false,"_et_pb_use_builder":"","_et_pb_old_content":"","_et_gb_content_width":"","inline_featured_image":false},"pwb-brand":[],"product_brand":[],"product_cat":[134,27],"product_tag":[748],"class_list":{"0":"post-62985","1":"product","2":"type-product","3":"status-publish","4":"has-post-thumbnail","6":"product_cat-eripakkumised","7":"product_cat-tooriistad-ja-tarvikud","8":"product_tag-koormaihm","10":"first","11":"instock","12":"sale","13":"shipping-taxable","14":"purchasable","15":"product-type-simple"},"acf":[],"yoast_head":"<!-- This site is optimized with the Yoast SEO plugin v26.6 - https:\/\/yoast.com\/wordpress\/plugins\/seo\/ -->\n<title>Koormarihm automaatne<\/title>\n<meta name=\"description\" content=\"Koormarihm, mis aitab sul veose kindlalt ja ohutult kinnitada. V\u00e4ga mugav ja lihtne kasutada! M\u00f5\u00f5dud 52mmx3m. Automaatne koormarihm\" \/>\n<meta name=\"robots\" content=\"index, follow, max-snippet:-1, max-image-preview:large, max-video-preview:-1\" \/>\n<link rel=\"canonical\" href=\"https:\/\/reginett.ee\/toode\/koormarihm-automaatne\/\" \/>\n<meta property=\"og:locale\" content=\"ru_RU\" \/>\n<meta property=\"og:type\" content=\"article\" \/>\n<meta property=\"og:title\" content=\"Koormarihm automaatne\" \/>\n<meta property=\"og:description\" content=\"Koormarihm, mis aitab sul veose kindlalt ja ohutult kinnitada. V\u00e4ga mugav ja lihtne kasutada! M\u00f5\u00f5dud 52mmx3m. Automaatne koormarihm\" \/>\n<meta property=\"og:url\" content=\"https:\/\/reginett.ee\/toode\/koormarihm-automaatne\/\" \/>\n<meta property=\"og:site_name\" content=\"Reginett\" \/>\n<meta property=\"og:image\" content=\"https:\/\/reginett.ee\/wp-content\/uploads\/2025\/08\/Koormarihm-automaatne.jpg\" \/>\n\t<meta property=\"og:image:width\" content=\"700\" \/>\n\t<meta property=\"og:image:height\" content=\"700\" \/>\n\t<meta property=\"og:image:type\" content=\"image\/jpeg\" \/>\n<meta name=\"twitter:card\" content=\"summary_large_image\" \/>\n<meta name=\"twitter:label1\" content=\"\u041f\u0440\u0438\u043c\u0435\u0440\u043d\u043e\u0435 \u0432\u0440\u0435\u043c\u044f \u0434\u043b\u044f \u0447\u0442\u0435\u043d\u0438\u044f\" \/>\n\t<meta name=\"twitter:data1\" content=\"1 \u043c\u0438\u043d\u0443\u0442\u0430\" \/>\n<script type=\"application\/ld+json\" class=\"yoast-schema-graph\">{\"@context\":\"https:\/\/schema.org\",\"@graph\":[{\"@type\":\"WebPage\",\"@id\":\"https:\/\/reginett.ee\/toode\/koormarihm-automaatne\/\",\"url\":\"https:\/\/reginett.ee\/toode\/koormarihm-automaatne\/\",\"name\":\"Koormarihm automaatne\",\"isPartOf\":{\"@id\":\"https:\/\/reginett.ee\/#website\"},\"primaryImageOfPage\":{\"@id\":\"https:\/\/reginett.ee\/toode\/koormarihm-automaatne\/#primaryimage\"},\"image\":{\"@id\":\"https:\/\/reginett.ee\/toode\/koormarihm-automaatne\/#primaryimage\"},\"thumbnailUrl\":\"https:\/\/reginett.ee\/wp-content\/uploads\/2025\/08\/Koormarihm-automaatne.jpg\",\"datePublished\":\"2025-08-01T14:58:20+00:00\",\"description\":\"Koormarihm, mis aitab sul veose kindlalt ja ohutult kinnitada. V\u00e4ga mugav ja lihtne kasutada! M\u00f5\u00f5dud 52mmx3m. Automaatne koormarihm\",\"breadcrumb\":{\"@id\":\"https:\/\/reginett.ee\/toode\/koormarihm-automaatne\/#breadcrumb\"},\"inLanguage\":\"ru-RU\",\"potentialAction\":[{\"@type\":\"ReadAction\",\"target\":[\"https:\/\/reginett.ee\/toode\/koormarihm-automaatne\/\"]}]},{\"@type\":\"ImageObject\",\"inLanguage\":\"ru-RU\",\"@id\":\"https:\/\/reginett.ee\/toode\/koormarihm-automaatne\/#primaryimage\",\"url\":\"https:\/\/reginett.ee\/wp-content\/uploads\/2025\/08\/Koormarihm-automaatne.jpg\",\"contentUrl\":\"https:\/\/reginett.ee\/wp-content\/uploads\/2025\/08\/Koormarihm-automaatne.jpg\",\"width\":700,\"height\":700,\"caption\":\"Koormarihm automaatne\"},{\"@type\":\"BreadcrumbList\",\"@id\":\"https:\/\/reginett.ee\/toode\/koormarihm-automaatne\/#breadcrumb\",\"itemListElement\":[{\"@type\":\"ListItem\",\"position\":1,\"name\":\"Home\",\"item\":\"https:\/\/reginett.ee\/ru\/\"},{\"@type\":\"ListItem\",\"position\":2,\"name\":\"Tooted\",\"item\":\"https:\/\/reginett.ee\/tooted\/\"},{\"@type\":\"ListItem\",\"position\":3,\"name\":\"Koormarihm automaatne 52mm x 3m\"}]},{\"@type\":\"WebSite\",\"@id\":\"https:\/\/reginett.ee\/#website\",\"url\":\"https:\/\/reginett.ee\/\",\"name\":\"Reginett\",\"description\":\"Parimad robotniidukid\",\"potentialAction\":[{\"@type\":\"SearchAction\",\"target\":{\"@type\":\"EntryPoint\",\"urlTemplate\":\"https:\/\/reginett.ee\/?s={search_term_string}\"},\"query-input\":{\"@type\":\"PropertyValueSpecification\",\"valueRequired\":true,\"valueName\":\"search_term_string\"}}],\"inLanguage\":\"ru-RU\"}]}<\/script>\n<!-- \/ Yoast SEO plugin. -->","yoast_head_json":{"title":"Koormarihm automaatne","description":"Koormarihm, mis aitab sul veose kindlalt ja ohutult kinnitada. V\u00e4ga mugav ja lihtne kasutada! M\u00f5\u00f5dud 52mmx3m. Automaatne koormarihm","robots":{"index":"index","follow":"follow","max-snippet":"max-snippet:-1","max-image-preview":"max-image-preview:large","max-video-preview":"max-video-preview:-1"},"canonical":"https:\/\/reginett.ee\/toode\/koormarihm-automaatne\/","og_locale":"ru_RU","og_type":"article","og_title":"Koormarihm automaatne","og_description":"Koormarihm, mis aitab sul veose kindlalt ja ohutult kinnitada. V\u00e4ga mugav ja lihtne kasutada! M\u00f5\u00f5dud 52mmx3m. Automaatne koormarihm","og_url":"https:\/\/reginett.ee\/toode\/koormarihm-automaatne\/","og_site_name":"Reginett","og_image":[{"width":700,"height":700,"url":"https:\/\/reginett.ee\/wp-content\/uploads\/2025\/08\/Koormarihm-automaatne.jpg","type":"image\/jpeg"}],"twitter_card":"summary_large_image","twitter_misc":{"\u041f\u0440\u0438\u043c\u0435\u0440\u043d\u043e\u0435 \u0432\u0440\u0435\u043c\u044f \u0434\u043b\u044f \u0447\u0442\u0435\u043d\u0438\u044f":"1 \u043c\u0438\u043d\u0443\u0442\u0430"},"schema":{"@context":"https:\/\/schema.org","@graph":[{"@type":"WebPage","@id":"https:\/\/reginett.ee\/toode\/koormarihm-automaatne\/","url":"https:\/\/reginett.ee\/toode\/koormarihm-automaatne\/","name":"Koormarihm automaatne","isPartOf":{"@id":"https:\/\/reginett.ee\/#website"},"primaryImageOfPage":{"@id":"https:\/\/reginett.ee\/toode\/koormarihm-automaatne\/#primaryimage"},"image":{"@id":"https:\/\/reginett.ee\/toode\/koormarihm-automaatne\/#primaryimage"},"thumbnailUrl":"https:\/\/reginett.ee\/wp-content\/uploads\/2025\/08\/Koormarihm-automaatne.jpg","datePublished":"2025-08-01T14:58:20+00:00","description":"Koormarihm, mis aitab sul veose kindlalt ja ohutult kinnitada. V\u00e4ga mugav ja lihtne kasutada! M\u00f5\u00f5dud 52mmx3m. Automaatne koormarihm","breadcrumb":{"@id":"https:\/\/reginett.ee\/toode\/koormarihm-automaatne\/#breadcrumb"},"inLanguage":"ru-RU","potentialAction":[{"@type":"ReadAction","target":["https:\/\/reginett.ee\/toode\/koormarihm-automaatne\/"]}]},{"@type":"ImageObject","inLanguage":"ru-RU","@id":"https:\/\/reginett.ee\/toode\/koormarihm-automaatne\/#primaryimage","url":"https:\/\/reginett.ee\/wp-content\/uploads\/2025\/08\/Koormarihm-automaatne.jpg","contentUrl":"https:\/\/reginett.ee\/wp-content\/uploads\/2025\/08\/Koormarihm-automaatne.jpg","width":700,"height":700,"caption":"Koormarihm automaatne"},{"@type":"BreadcrumbList","@id":"https:\/\/reginett.ee\/toode\/koormarihm-automaatne\/#breadcrumb","itemListElement":[{"@type":"ListItem","position":1,"name":"Home","item":"https:\/\/reginett.ee\/ru\/"},{"@type":"ListItem","position":2,"name":"Tooted","item":"https:\/\/reginett.ee\/tooted\/"},{"@type":"ListItem","position":3,"name":"Koormarihm automaatne 52mm x 3m"}]},{"@type":"WebSite","@id":"https:\/\/reginett.ee\/#website","url":"https:\/\/reginett.ee\/","name":"Reginett","description":"Parimad robotniidukid","potentialAction":[{"@type":"SearchAction","target":{"@type":"EntryPoint","urlTemplate":"https:\/\/reginett.ee\/?s={search_term_string}"},"query-input":{"@type":"PropertyValueSpecification","valueRequired":true,"valueName":"search_term_string"}}],"inLanguage":"ru-RU"}]}},"brands":[],"_links":{"self":[{"href":"https:\/\/reginett.ee\/ru\/wp-json\/wp\/v2\/product\/62985","targetHints":{"allow":["GET"]}}],"collection":[{"href":"https:\/\/reginett.ee\/ru\/wp-json\/wp\/v2\/product"}],"about":[{"href":"https:\/\/reginett.ee\/ru\/wp-json\/wp\/v2\/types\/product"}],"replies":[{"embeddable":true,"href":"https:\/\/reginett.ee\/ru\/wp-json\/wp\/v2\/comments?post=62985"}],"wp:featuredmedia":[{"embeddable":true,"href":"https:\/\/reginett.ee\/ru\/wp-json\/wp\/v2\/media\/62986"}],"wp:attachment":[{"href":"https:\/\/reginett.ee\/ru\/wp-json\/wp\/v2\/media?parent=62985"}],"wp:term":[{"taxonomy":"pwb-brand","embeddable":true,"href":"https:\/\/reginett.ee\/ru\/wp-json\/wp\/v2\/pwb-brand?post=62985"},{"taxonomy":"product_brand","embeddable":true,"href":"https:\/\/reginett.ee\/ru\/wp-json\/wp\/v2\/product_brand?post=62985"},{"taxonomy":"product_cat","embeddable":true,"href":"https:\/\/reginett.ee\/ru\/wp-json\/wp\/v2\/product_cat?post=62985"},{"taxonomy":"product_tag","embeddable":true,"href":"https:\/\/reginett.ee\/ru\/wp-json\/wp\/v2\/product_tag?post=62985"}],"curies":[{"name":"wp","href":"https:\/\/api.w.org\/{rel}","templated":true}]}}