{"id":62975,"date":"2025-06-01T11:25:59","date_gmt":"2025-06-01T08:25:59","guid":{"rendered":"https:\/\/reginett.ee\/?post_type=product&#038;p=62975"},"modified":"2025-08-01T17:59:03","modified_gmt":"2025-08-01T14:59:03","slug":"survepesur-husqvarna-pw130-parimad-survepesurid-reginetist","status":"publish","type":"product","link":"https:\/\/reginett.ee\/ru\/toode\/survepesur-husqvarna-pw130-parimad-survepesurid-reginetist\/","title":{"rendered":"Survepesur Husqvarna PW130"},"content":{"rendered":"<p>&nbsp;<\/p>\n<div class=\"ui-a2 ui-if ui-it ui-pt ui-a-\">\n<div class=\"hbd-editorial\"><strong>Survepesur Husqvarna PW130<\/strong> on kompaktne, kerge ja elektriline survepesur, mida on lihtne k\u00e4sitseda ning mugav hoiustada. Husqvarna PW 130 mudelil on \u00fclipaindlik voolik, mis h\u00f5lbustab kokkukerimist, ja sisseehitatud hoiuruum, mis tagab mugava juurdep\u00e4\u00e4su kaasasolevatele lisatarvikutele. Topeltp\u00f6\u00f6rlemisfunktsioonid ja multifunktsionaalne otsik muudavad survepesuri kohandamise erinevateks puhastus\u00fclesanneteks lihtsaks. PW 130 mudelil on ka juhik otsiku ja surve seadistuse jaoks, et saaksid tagada t\u00e4iusliku surve.<\/div>\n<\/div>\n<div><\/div>\n<div>\n<h3 class=\"ui-a2 ui-id ui-a6\">Vahuprits<\/h3>\n<div aria-live=\"polite\">\n<p class=\"ui-a2 ui-id ui-a-\">L\u00e4bipaistva vahupritsi abil on j\u00e4relej\u00e4\u00e4nud pesuaine taset lihtne n\u00e4ha.<\/p>\n<h3 class=\"ui-a2 ui-id ui-a6\">UltraFlex k\u00f5rgsurvevoolik<\/h3>\n<div aria-live=\"polite\">\n<p class=\"ui-a2 ui-id ui-a-\">K\u00f5rgsurvevoolik on v\u00e4ga painduv, h\u00f5lpsasti k\u00e4sitsetav ja mugavalt kokkurullitav.<\/p>\n<h3 class=\"ui-a2 ui-id ui-a6\">Intuitiivne pihustusotsikute ja t\u00f6\u00f6survete kasutusjuhend<\/h3>\n<div aria-live=\"polite\">\n<p class=\"ui-a2 ui-id ui-a-\">Lihtne juurdep\u00e4\u00e4s otsikule ja surve seadistusjuhikule, et tagada t\u00f6\u00f6 ajal t\u00e4iuslik surve.<\/p>\n<h3 class=\"ui-a2 ui-id ui-a6\">Voolikuhoidja<\/h3>\n<div aria-live=\"polite\">\n<p class=\"ui-a2 ui-id ui-a-\">Voolikukamber pakub mugavat kasutamist ja hoiustamist.<\/p>\n<h3 class=\"ui-a2 ui-id ui-a6\">Intuitiivne pihustusotsikute ja t\u00f6\u00f6survete kasutusjuhend<\/h3>\n<div aria-live=\"polite\">\n<p class=\"ui-a2 ui-id ui-a-\">Lihtne juurdep\u00e4\u00e4s otsikule ja surve seadistusjuhikule, et tagada t\u00f6\u00f6 ajal t\u00e4iuslik surve.<\/p>\n<h3 class=\"ui-a2 ui-id ui-a6\">Kaks p\u00f6\u00f6rdosa ja kiir\u00fchendus<\/h3>\n<div aria-live=\"polite\">\n<p class=\"ui-a2 ui-id ui-a-\">Maksimaalne t\u00f5husus ja mugavus t\u00e4nu pihustusvarre topeltp\u00f6\u00f6rdfunktsioonidele ning vooliku, otsikute ja lisatarvikute kiir\u00fchendustele<\/p>\n<h3 class=\"ui-a2 ui-id ui-a6\">P\u00f6\u00f6rdotsik<\/h3>\n<div aria-live=\"polite\">\n<p class=\"ui-a2 ui-id ui-a-\">P\u00f6\u00f6rlev veejuga tagab k\u00f5rge puhastustulemuse ning aitab t\u00f5husalt vabaneda t\u00f5rksast mustusest.<\/p>\n<h3 class=\"ui-a2 ui-id ui-a6\">Kompaktne ja kerge<\/h3>\n<div aria-live=\"polite\">\n<p class=\"ui-a2 ui-id ui-a-\">Kompaktne korpus ja v\u00e4ike kaal lihtsamaks hoiustamiseks ja transportimiseks.<\/p>\n<h3 class=\"ui-a2 ui-id ui-a6\">Flat Jet pihustusotsik<\/h3>\n<div aria-live=\"polite\">\n<p class=\"ui-a2 ui-id ui-a-\">Reguleeritav mitmeotstarbeline pihustusotsik annab teile suurema valiku, kus ja kuidas seda erinevaid puhastustoiminguid tehes kasutada.<\/p>\n<p><a href=\"https:\/\/www.husqvarna.com\/ee\/survepesurid\/pw130\/\">Husqvarna PW\u00a0130 survepesur | Husqvarna EE<\/a><\/p>\n<\/div>\n<\/div>\n<\/div>\n<\/div>\n<\/div>\n<\/div>\n<\/div>\n<\/div>\n<\/div>\n<\/div>\n","protected":false},"excerpt":{"rendered":"<p><strong>Survepesur Husqvarna PW130<\/strong> on kompaktne, kerge ja elektriline survepesur, mida on lihtne k\u00e4sitseda ning mugav hoiustada. Husqvarna PW 130 mudelil on \u00fclipaindlik voolik, mis h\u00f5lbustab kokkukerimist, ja sisseehitatud hoiuruum, mis tagab mugava juurdep\u00e4\u00e4su kaasasolevatele lisatarvikutele. Topeltp\u00f6\u00f6rlemisfunktsioonid ja multifunktsionaalne otsik muudavad survepesuri kohandamise erinevateks puhastus\u00fclesanneteks lihtsaks. PW 130 mudelil on ka juhik otsiku ja surve seadistuse jaoks, et saaksid tagada t\u00e4iusliku surve.<\/p>\n","protected":false},"featured_media":62976,"comment_status":"open","ping_status":"closed","template":"","meta":{"_acf_changed":false,"_et_pb_use_builder":"","_et_pb_old_content":"","_et_gb_content_width":"","inline_featured_image":false},"pwb-brand":[147],"product_brand":[],"product_cat":[28],"product_tag":[99,98],"class_list":{"0":"post-62975","1":"product","2":"type-product","3":"status-publish","4":"has-post-thumbnail","6":"pwb-brand-husqvarna","7":"product_cat-puhastustehnika","8":"product_tag-pesur","9":"product_tag-survepesur","11":"first","12":"instock","13":"shipping-taxable","14":"purchasable","15":"product-type-simple"},"acf":[],"yoast_head":"<!-- This site is optimized with the Yoast SEO plugin v26.6 - https:\/\/yoast.com\/wordpress\/plugins\/seo\/ -->\n<title>Survepesur Husqvarna PW130 - Reginett<\/title>\n<meta name=\"description\" content=\"Survepesur Husqvarna PW130 on kompaktne, kerge ja elektriline survepesur, mida on lihtne k\u00e4sitseda ning mugav hoiustada. Husqvarna PW 130 mudelil\" \/>\n<meta name=\"robots\" content=\"index, follow, max-snippet:-1, max-image-preview:large, max-video-preview:-1\" \/>\n<link rel=\"canonical\" href=\"https:\/\/reginett.ee\/toode\/survepesur-husqvarna-pw130-parimad-survepesurid-reginetist\/\" \/>\n<meta property=\"og:locale\" content=\"ru_RU\" \/>\n<meta property=\"og:type\" content=\"article\" \/>\n<meta property=\"og:title\" content=\"Survepesur Husqvarna PW130 - Reginett\" \/>\n<meta property=\"og:description\" content=\"Survepesur Husqvarna PW130 on kompaktne, kerge ja elektriline survepesur, mida on lihtne k\u00e4sitseda ning mugav hoiustada. Husqvarna PW 130 mudelil\" \/>\n<meta property=\"og:url\" content=\"https:\/\/reginett.ee\/toode\/survepesur-husqvarna-pw130-parimad-survepesurid-reginetist\/\" \/>\n<meta property=\"og:site_name\" content=\"Reginett\" \/>\n<meta property=\"article:modified_time\" content=\"2025-08-01T14:59:03+00:00\" \/>\n<meta property=\"og:image\" content=\"https:\/\/reginett.ee\/wp-content\/uploads\/2025\/08\/CO-327163.webp\" \/>\n\t<meta property=\"og:image:width\" content=\"312\" \/>\n\t<meta property=\"og:image:height\" content=\"372\" \/>\n\t<meta property=\"og:image:type\" content=\"image\/webp\" \/>\n<meta name=\"twitter:card\" content=\"summary_large_image\" \/>\n<meta name=\"twitter:label1\" content=\"\u041f\u0440\u0438\u043c\u0435\u0440\u043d\u043e\u0435 \u0432\u0440\u0435\u043c\u044f \u0434\u043b\u044f \u0447\u0442\u0435\u043d\u0438\u044f\" \/>\n\t<meta name=\"twitter:data1\" content=\"2 \u043c\u0438\u043d\u0443\u0442\u044b\" \/>\n<script type=\"application\/ld+json\" class=\"yoast-schema-graph\">{\"@context\":\"https:\/\/schema.org\",\"@graph\":[{\"@type\":\"WebPage\",\"@id\":\"https:\/\/reginett.ee\/toode\/survepesur-husqvarna-pw130-parimad-survepesurid-reginetist\/\",\"url\":\"https:\/\/reginett.ee\/toode\/survepesur-husqvarna-pw130-parimad-survepesurid-reginetist\/\",\"name\":\"Survepesur Husqvarna PW130 - Reginett\",\"isPartOf\":{\"@id\":\"https:\/\/reginett.ee\/#website\"},\"primaryImageOfPage\":{\"@id\":\"https:\/\/reginett.ee\/toode\/survepesur-husqvarna-pw130-parimad-survepesurid-reginetist\/#primaryimage\"},\"image\":{\"@id\":\"https:\/\/reginett.ee\/toode\/survepesur-husqvarna-pw130-parimad-survepesurid-reginetist\/#primaryimage\"},\"thumbnailUrl\":\"https:\/\/reginett.ee\/wp-content\/uploads\/2025\/08\/CO-327163.webp\",\"datePublished\":\"2025-06-01T08:25:59+00:00\",\"dateModified\":\"2025-08-01T14:59:03+00:00\",\"description\":\"Survepesur Husqvarna PW130 on kompaktne, kerge ja elektriline survepesur, mida on lihtne k\u00e4sitseda ning mugav hoiustada. Husqvarna PW 130 mudelil\",\"breadcrumb\":{\"@id\":\"https:\/\/reginett.ee\/toode\/survepesur-husqvarna-pw130-parimad-survepesurid-reginetist\/#breadcrumb\"},\"inLanguage\":\"ru-RU\",\"potentialAction\":[{\"@type\":\"ReadAction\",\"target\":[\"https:\/\/reginett.ee\/toode\/survepesur-husqvarna-pw130-parimad-survepesurid-reginetist\/\"]}]},{\"@type\":\"ImageObject\",\"inLanguage\":\"ru-RU\",\"@id\":\"https:\/\/reginett.ee\/toode\/survepesur-husqvarna-pw130-parimad-survepesurid-reginetist\/#primaryimage\",\"url\":\"https:\/\/reginett.ee\/wp-content\/uploads\/2025\/08\/CO-327163.webp\",\"contentUrl\":\"https:\/\/reginett.ee\/wp-content\/uploads\/2025\/08\/CO-327163.webp\",\"width\":312,\"height\":372,\"caption\":\"Survepesur Husqvarna PW130\"},{\"@type\":\"BreadcrumbList\",\"@id\":\"https:\/\/reginett.ee\/toode\/survepesur-husqvarna-pw130-parimad-survepesurid-reginetist\/#breadcrumb\",\"itemListElement\":[{\"@type\":\"ListItem\",\"position\":1,\"name\":\"Home\",\"item\":\"https:\/\/reginett.ee\/ru\/\"},{\"@type\":\"ListItem\",\"position\":2,\"name\":\"Tooted\",\"item\":\"https:\/\/reginett.ee\/tooted\/\"},{\"@type\":\"ListItem\",\"position\":3,\"name\":\"Survepesur Husqvarna PW130\"}]},{\"@type\":\"WebSite\",\"@id\":\"https:\/\/reginett.ee\/#website\",\"url\":\"https:\/\/reginett.ee\/\",\"name\":\"Reginett\",\"description\":\"Parimad robotniidukid\",\"potentialAction\":[{\"@type\":\"SearchAction\",\"target\":{\"@type\":\"EntryPoint\",\"urlTemplate\":\"https:\/\/reginett.ee\/?s={search_term_string}\"},\"query-input\":{\"@type\":\"PropertyValueSpecification\",\"valueRequired\":true,\"valueName\":\"search_term_string\"}}],\"inLanguage\":\"ru-RU\"}]}<\/script>\n<!-- \/ Yoast SEO plugin. -->","yoast_head_json":{"title":"Survepesur Husqvarna PW130 - Reginett","description":"Survepesur Husqvarna PW130 on kompaktne, kerge ja elektriline survepesur, mida on lihtne k\u00e4sitseda ning mugav hoiustada. Husqvarna PW 130 mudelil","robots":{"index":"index","follow":"follow","max-snippet":"max-snippet:-1","max-image-preview":"max-image-preview:large","max-video-preview":"max-video-preview:-1"},"canonical":"https:\/\/reginett.ee\/toode\/survepesur-husqvarna-pw130-parimad-survepesurid-reginetist\/","og_locale":"ru_RU","og_type":"article","og_title":"Survepesur Husqvarna PW130 - Reginett","og_description":"Survepesur Husqvarna PW130 on kompaktne, kerge ja elektriline survepesur, mida on lihtne k\u00e4sitseda ning mugav hoiustada. Husqvarna PW 130 mudelil","og_url":"https:\/\/reginett.ee\/toode\/survepesur-husqvarna-pw130-parimad-survepesurid-reginetist\/","og_site_name":"Reginett","article_modified_time":"2025-08-01T14:59:03+00:00","og_image":[{"width":312,"height":372,"url":"https:\/\/reginett.ee\/wp-content\/uploads\/2025\/08\/CO-327163.webp","type":"image\/webp"}],"twitter_card":"summary_large_image","twitter_misc":{"\u041f\u0440\u0438\u043c\u0435\u0440\u043d\u043e\u0435 \u0432\u0440\u0435\u043c\u044f \u0434\u043b\u044f \u0447\u0442\u0435\u043d\u0438\u044f":"2 \u043c\u0438\u043d\u0443\u0442\u044b"},"schema":{"@context":"https:\/\/schema.org","@graph":[{"@type":"WebPage","@id":"https:\/\/reginett.ee\/toode\/survepesur-husqvarna-pw130-parimad-survepesurid-reginetist\/","url":"https:\/\/reginett.ee\/toode\/survepesur-husqvarna-pw130-parimad-survepesurid-reginetist\/","name":"Survepesur Husqvarna PW130 - Reginett","isPartOf":{"@id":"https:\/\/reginett.ee\/#website"},"primaryImageOfPage":{"@id":"https:\/\/reginett.ee\/toode\/survepesur-husqvarna-pw130-parimad-survepesurid-reginetist\/#primaryimage"},"image":{"@id":"https:\/\/reginett.ee\/toode\/survepesur-husqvarna-pw130-parimad-survepesurid-reginetist\/#primaryimage"},"thumbnailUrl":"https:\/\/reginett.ee\/wp-content\/uploads\/2025\/08\/CO-327163.webp","datePublished":"2025-06-01T08:25:59+00:00","dateModified":"2025-08-01T14:59:03+00:00","description":"Survepesur Husqvarna PW130 on kompaktne, kerge ja elektriline survepesur, mida on lihtne k\u00e4sitseda ning mugav hoiustada. Husqvarna PW 130 mudelil","breadcrumb":{"@id":"https:\/\/reginett.ee\/toode\/survepesur-husqvarna-pw130-parimad-survepesurid-reginetist\/#breadcrumb"},"inLanguage":"ru-RU","potentialAction":[{"@type":"ReadAction","target":["https:\/\/reginett.ee\/toode\/survepesur-husqvarna-pw130-parimad-survepesurid-reginetist\/"]}]},{"@type":"ImageObject","inLanguage":"ru-RU","@id":"https:\/\/reginett.ee\/toode\/survepesur-husqvarna-pw130-parimad-survepesurid-reginetist\/#primaryimage","url":"https:\/\/reginett.ee\/wp-content\/uploads\/2025\/08\/CO-327163.webp","contentUrl":"https:\/\/reginett.ee\/wp-content\/uploads\/2025\/08\/CO-327163.webp","width":312,"height":372,"caption":"Survepesur Husqvarna PW130"},{"@type":"BreadcrumbList","@id":"https:\/\/reginett.ee\/toode\/survepesur-husqvarna-pw130-parimad-survepesurid-reginetist\/#breadcrumb","itemListElement":[{"@type":"ListItem","position":1,"name":"Home","item":"https:\/\/reginett.ee\/ru\/"},{"@type":"ListItem","position":2,"name":"Tooted","item":"https:\/\/reginett.ee\/tooted\/"},{"@type":"ListItem","position":3,"name":"Survepesur Husqvarna PW130"}]},{"@type":"WebSite","@id":"https:\/\/reginett.ee\/#website","url":"https:\/\/reginett.ee\/","name":"Reginett","description":"Parimad robotniidukid","potentialAction":[{"@type":"SearchAction","target":{"@type":"EntryPoint","urlTemplate":"https:\/\/reginett.ee\/?s={search_term_string}"},"query-input":{"@type":"PropertyValueSpecification","valueRequired":true,"valueName":"search_term_string"}}],"inLanguage":"ru-RU"}]}},"brands":[{"id":147,"name":"Husqvarna","slug":"husqvarna"}],"_links":{"self":[{"href":"https:\/\/reginett.ee\/ru\/wp-json\/wp\/v2\/product\/62975","targetHints":{"allow":["GET"]}}],"collection":[{"href":"https:\/\/reginett.ee\/ru\/wp-json\/wp\/v2\/product"}],"about":[{"href":"https:\/\/reginett.ee\/ru\/wp-json\/wp\/v2\/types\/product"}],"replies":[{"embeddable":true,"href":"https:\/\/reginett.ee\/ru\/wp-json\/wp\/v2\/comments?post=62975"}],"wp:featuredmedia":[{"embeddable":true,"href":"https:\/\/reginett.ee\/ru\/wp-json\/wp\/v2\/media\/62976"}],"wp:attachment":[{"href":"https:\/\/reginett.ee\/ru\/wp-json\/wp\/v2\/media?parent=62975"}],"wp:term":[{"taxonomy":"pwb-brand","embeddable":true,"href":"https:\/\/reginett.ee\/ru\/wp-json\/wp\/v2\/pwb-brand?post=62975"},{"taxonomy":"product_brand","embeddable":true,"href":"https:\/\/reginett.ee\/ru\/wp-json\/wp\/v2\/product_brand?post=62975"},{"taxonomy":"product_cat","embeddable":true,"href":"https:\/\/reginett.ee\/ru\/wp-json\/wp\/v2\/product_cat?post=62975"},{"taxonomy":"product_tag","embeddable":true,"href":"https:\/\/reginett.ee\/ru\/wp-json\/wp\/v2\/product_tag?post=62975"}],"curies":[{"name":"wp","href":"https:\/\/api.w.org\/{rel}","templated":true}]}}