{"id":62952,"date":"2026-01-25T10:02:31","date_gmt":"2026-01-25T07:02:31","guid":{"rendered":"https:\/\/reginett.ee\/?post_type=product&#038;p=62952"},"modified":"2026-01-26T14:44:03","modified_gmt":"2026-01-26T11:44:03","slug":"kettsaag-husqvarna-445s-uus","status":"publish","type":"product","link":"https:\/\/reginett.ee\/ru\/toode\/kettsaag-husqvarna-445s-uus\/","title":{"rendered":"Kettsaag Husqvarna 445S UUS!"},"content":{"rendered":"<p>Kettsaag<strong> Husqvarna 445S<\/strong> on eesk\u00e4tt talunikele m\u00f5eldud uus kettsaag, mis on loodud t\u00e4itma erinevaid saagimist\u00f6id alates metsat\u00f6\u00f6dest (langetamine, j\u00e4rkamine ja laasimine) kuni k\u00fcttepuude saagimiseni v\u00e4lja. Tuginedes 400-seeria platvormile, on see kaalult kerge kettsaag kasutamisel palju mugavam. Tugevdatud ja vastupidav konstruktsioon pikendab toote kasutusiga. Sellel on optimeeritud 2,2 kW X-Torq\u00ae mootor, mis suurendab j\u00f5udlust.<\/p>\n<p>Parema kasutuskogemuse tagavad Smart Start\u00ae funktsioon ja sellised kasulikud funktsioonid nagu hea n\u00e4htavusega langetussihik ja lukustiga juhtplaadi kinnitusmutter.<\/p>\n<p>&nbsp;<\/p>\n<h3 class=\"ui-a2 ui-id ui-a6\">Husqvarna patenteeritud h\u00fcbriidkarter<\/h3>\n<div aria-live=\"polite\">\n<p class=\"ui-a2 ui-id ui-a-\">Uue konstruktsiooniga karter on valmistatud plastikust ning metallist, et tagada suurep\u00e4rane vastupidavus, j\u00f5udlus ja pikaealisus<\/p>\n<\/div>\n<h3 class=\"ui-a2 ui-id ui-a6\">Lihtsalt avatav paagikork<\/h3>\n<div aria-live=\"polite\">\n<p class=\"ui-a2 ui-id ui-a-\">\u00dcles keeratavat k\u00fctusepaagi korki on tankimisel lihtne avada ja sulgeda, isegi kui kannad pakse kindaid.<\/p>\n<h3 class=\"ui-a2 ui-id ui-a6\">Smart Start\u00ae<\/h3>\n<div aria-live=\"polite\">\n<p class=\"ui-a2 ui-id ui-a-\">Spetsiaalselt konstrueeritud mootor ja starter lihtsaks ning kiireks k\u00e4ivitamiseks minimaalse pingutusega. K\u00e4ivitusn\u00f6\u00f6ri takistus v\u00e4heneb kuni 40%.<\/p>\n<h3 class=\"ui-a2 ui-id ui-a6\">V\u00f5imas ja t\u00f5hus X-TORQ\u00ae mootor<\/h3>\n<div aria-live=\"polite\">\n<p class=\"ui-a2 ui-id ui-a-\">Meie X-TORQ\u00ae mootorid pakuvad t\u00e4nu v\u00e4ga t\u00f5husale p\u00f5lemisele suurt v\u00f5imsust ja p\u00f6\u00f6rdemomenti.<\/p>\n<h3 class=\"ui-a2 ui-id ui-a6\">LowVib\u00ae<\/h3>\n<div aria-live=\"polite\">\n<p class=\"ui-a2 ui-id ui-a-\">T\u00f5husad LowVib\u00ae summutid neelavad vibratsiooni, s\u00e4\u00e4stes kasutaja \u00f5lavarsi ja k\u00e4si.<\/p>\n<h3 class=\"ui-a2 ui-id ui-a6\">Inertsiga rakenduv ketipidur<\/h3>\n<div aria-live=\"polite\">\n<p class=\"ui-a2 ui-id ui-a-\">Tagasil\u00f6\u00f6gi korral peatab t\u00f5hus inertsist aktiveeritav ketipidur keti koheselt vigastuste ohu v\u00e4hendamiseks.<\/p>\n<h3 class=\"ui-a2 ui-id ui-a6\">Kolmeosaline v\u00e4ntv\u00f5ll<\/h3>\n<div aria-live=\"polite\">\n<p class=\"ui-a2 ui-id ui-a-\">Sepistatud kolmeosaline v\u00e4ntv\u00f5ll peab ka rasketes oludes kaua vastu.<\/p>\n<h3 class=\"ui-a2 ui-id ui-a6\">Automaattagastusega seiskamisl\u00fcliti<\/h3>\n<div aria-live=\"polite\">\n<p class=\"ui-a2 ui-id ui-a-\">Kui kasutatud on stop-l\u00fclitit, l\u00e4htestatakse see j\u00e4rgmise k\u00e4ivitamise h\u00f5lbustamiseks automaatselt.<\/p>\n<p>&nbsp;<\/p>\n<\/div>\n<\/div>\n<\/div>\n<\/div>\n<\/div>\n<p>&nbsp;<\/p>\n<\/div>\n<\/div>\n","protected":false},"excerpt":{"rendered":"<p>Kettsaag<strong> Husqvarna 445S<\/strong> on eesk\u00e4tt talunikele m\u00f5eldud uus kettsaag, mis on loodud t\u00e4itma erinevaid saagimist\u00f6id alates metsat\u00f6\u00f6dest (langetamine, j\u00e4rkamine ja laasimine) kuni k\u00fcttepuude saagimiseni v\u00e4lja. Tuginedes 400-seeria platvormile, on see kaalult kerge kettsaag kasutamisel palju mugavam. Tugevdatud ja vastupidav konstruktsioon pikendab toote kasutusiga.<\/p>\n<p>Sellel on optimeeritud 2,2 kW X-Torq\u00ae mootor, mis suurendab j\u00f5udlust.<\/p>\n","protected":false},"featured_media":62953,"comment_status":"open","ping_status":"closed","template":"","meta":{"_acf_changed":false,"_et_pb_use_builder":"","_et_pb_old_content":"","_et_gb_content_width":"","inline_featured_image":false},"pwb-brand":[147],"product_brand":[],"product_cat":[134,37,42],"product_tag":[745,746,61],"class_list":{"0":"post-62952","1":"product","2":"type-product","3":"status-publish","4":"has-post-thumbnail","6":"pwb-brand-husqvarna","7":"product_cat-eripakkumised","8":"product_cat-husqvarna","9":"product_cat-kettsaed","10":"product_tag-445s","11":"product_tag-husqvarna-445s","12":"product_tag-kettsaag","14":"first","15":"instock","16":"sale","17":"shipping-taxable","18":"purchasable","19":"product-type-simple"},"acf":[],"yoast_head":"<!-- This site is optimized with the Yoast SEO plugin v26.6 - https:\/\/yoast.com\/wordpress\/plugins\/seo\/ -->\n<title>Kettsaag Husqvarna 445S. Parimad mootorsaed Reginetist<\/title>\n<meta name=\"description\" content=\"Kettsaag Husqvarna 445S on eesk\u00e4tt talunikele m\u00f5eldud uus kettsaag, mis on loodud t\u00e4itma erinevaid saagimist\u00f6id alates metsat\u00f6\u00f6dest\" \/>\n<meta name=\"robots\" content=\"index, follow, max-snippet:-1, max-image-preview:large, max-video-preview:-1\" \/>\n<link rel=\"canonical\" href=\"https:\/\/reginett.ee\/toode\/kettsaag-husqvarna-445s-uus\/\" \/>\n<meta property=\"og:locale\" content=\"ru_RU\" \/>\n<meta property=\"og:type\" content=\"article\" \/>\n<meta property=\"og:title\" content=\"Kettsaag Husqvarna 445S. Parimad mootorsaed Reginetist\" \/>\n<meta property=\"og:description\" content=\"Kettsaag Husqvarna 445S on eesk\u00e4tt talunikele m\u00f5eldud uus kettsaag, mis on loodud t\u00e4itma erinevaid saagimist\u00f6id alates metsat\u00f6\u00f6dest\" \/>\n<meta property=\"og:url\" content=\"https:\/\/reginett.ee\/toode\/kettsaag-husqvarna-445s-uus\/\" \/>\n<meta property=\"og:site_name\" content=\"Reginett\" \/>\n<meta property=\"article:modified_time\" content=\"2026-01-26T11:44:03+00:00\" \/>\n<meta property=\"og:image\" content=\"https:\/\/reginett.ee\/wp-content\/uploads\/2025\/08\/PA-475951.webp\" \/>\n\t<meta property=\"og:image:width\" content=\"564\" \/>\n\t<meta property=\"og:image:height\" content=\"372\" \/>\n\t<meta property=\"og:image:type\" content=\"image\/webp\" \/>\n<meta name=\"twitter:card\" content=\"summary_large_image\" \/>\n<meta name=\"twitter:label1\" content=\"\u041f\u0440\u0438\u043c\u0435\u0440\u043d\u043e\u0435 \u0432\u0440\u0435\u043c\u044f \u0434\u043b\u044f \u0447\u0442\u0435\u043d\u0438\u044f\" \/>\n\t<meta name=\"twitter:data1\" content=\"2 \u043c\u0438\u043d\u0443\u0442\u044b\" \/>\n<script type=\"application\/ld+json\" class=\"yoast-schema-graph\">{\"@context\":\"https:\/\/schema.org\",\"@graph\":[{\"@type\":\"WebPage\",\"@id\":\"https:\/\/reginett.ee\/toode\/kettsaag-husqvarna-445s-uus\/\",\"url\":\"https:\/\/reginett.ee\/toode\/kettsaag-husqvarna-445s-uus\/\",\"name\":\"Kettsaag Husqvarna 445S. Parimad mootorsaed Reginetist\",\"isPartOf\":{\"@id\":\"https:\/\/reginett.ee\/#website\"},\"primaryImageOfPage\":{\"@id\":\"https:\/\/reginett.ee\/toode\/kettsaag-husqvarna-445s-uus\/#primaryimage\"},\"image\":{\"@id\":\"https:\/\/reginett.ee\/toode\/kettsaag-husqvarna-445s-uus\/#primaryimage\"},\"thumbnailUrl\":\"https:\/\/reginett.ee\/wp-content\/uploads\/2025\/08\/PA-475951.webp\",\"datePublished\":\"2026-01-25T07:02:31+00:00\",\"dateModified\":\"2026-01-26T11:44:03+00:00\",\"description\":\"Kettsaag Husqvarna 445S on eesk\u00e4tt talunikele m\u00f5eldud uus kettsaag, mis on loodud t\u00e4itma erinevaid saagimist\u00f6id alates metsat\u00f6\u00f6dest\",\"breadcrumb\":{\"@id\":\"https:\/\/reginett.ee\/toode\/kettsaag-husqvarna-445s-uus\/#breadcrumb\"},\"inLanguage\":\"ru-RU\",\"potentialAction\":[{\"@type\":\"ReadAction\",\"target\":[\"https:\/\/reginett.ee\/toode\/kettsaag-husqvarna-445s-uus\/\"]}]},{\"@type\":\"ImageObject\",\"inLanguage\":\"ru-RU\",\"@id\":\"https:\/\/reginett.ee\/toode\/kettsaag-husqvarna-445s-uus\/#primaryimage\",\"url\":\"https:\/\/reginett.ee\/wp-content\/uploads\/2025\/08\/PA-475951.webp\",\"contentUrl\":\"https:\/\/reginett.ee\/wp-content\/uploads\/2025\/08\/PA-475951.webp\",\"width\":564,\"height\":372,\"caption\":\"Kettsaag Husqvarna 445S\"},{\"@type\":\"BreadcrumbList\",\"@id\":\"https:\/\/reginett.ee\/toode\/kettsaag-husqvarna-445s-uus\/#breadcrumb\",\"itemListElement\":[{\"@type\":\"ListItem\",\"position\":1,\"name\":\"Home\",\"item\":\"https:\/\/reginett.ee\/ru\/\"},{\"@type\":\"ListItem\",\"position\":2,\"name\":\"Tooted\",\"item\":\"https:\/\/reginett.ee\/tooted\/\"},{\"@type\":\"ListItem\",\"position\":3,\"name\":\"Kettsaag Husqvarna 445S UUS!\"}]},{\"@type\":\"WebSite\",\"@id\":\"https:\/\/reginett.ee\/#website\",\"url\":\"https:\/\/reginett.ee\/\",\"name\":\"Reginett\",\"description\":\"Parimad robotniidukid\",\"potentialAction\":[{\"@type\":\"SearchAction\",\"target\":{\"@type\":\"EntryPoint\",\"urlTemplate\":\"https:\/\/reginett.ee\/?s={search_term_string}\"},\"query-input\":{\"@type\":\"PropertyValueSpecification\",\"valueRequired\":true,\"valueName\":\"search_term_string\"}}],\"inLanguage\":\"ru-RU\"}]}<\/script>\n<!-- \/ Yoast SEO plugin. -->","yoast_head_json":{"title":"Kettsaag Husqvarna 445S. Parimad mootorsaed Reginetist","description":"Kettsaag Husqvarna 445S on eesk\u00e4tt talunikele m\u00f5eldud uus kettsaag, mis on loodud t\u00e4itma erinevaid saagimist\u00f6id alates metsat\u00f6\u00f6dest","robots":{"index":"index","follow":"follow","max-snippet":"max-snippet:-1","max-image-preview":"max-image-preview:large","max-video-preview":"max-video-preview:-1"},"canonical":"https:\/\/reginett.ee\/toode\/kettsaag-husqvarna-445s-uus\/","og_locale":"ru_RU","og_type":"article","og_title":"Kettsaag Husqvarna 445S. Parimad mootorsaed Reginetist","og_description":"Kettsaag Husqvarna 445S on eesk\u00e4tt talunikele m\u00f5eldud uus kettsaag, mis on loodud t\u00e4itma erinevaid saagimist\u00f6id alates metsat\u00f6\u00f6dest","og_url":"https:\/\/reginett.ee\/toode\/kettsaag-husqvarna-445s-uus\/","og_site_name":"Reginett","article_modified_time":"2026-01-26T11:44:03+00:00","og_image":[{"width":564,"height":372,"url":"https:\/\/reginett.ee\/wp-content\/uploads\/2025\/08\/PA-475951.webp","type":"image\/webp"}],"twitter_card":"summary_large_image","twitter_misc":{"\u041f\u0440\u0438\u043c\u0435\u0440\u043d\u043e\u0435 \u0432\u0440\u0435\u043c\u044f \u0434\u043b\u044f \u0447\u0442\u0435\u043d\u0438\u044f":"2 \u043c\u0438\u043d\u0443\u0442\u044b"},"schema":{"@context":"https:\/\/schema.org","@graph":[{"@type":"WebPage","@id":"https:\/\/reginett.ee\/toode\/kettsaag-husqvarna-445s-uus\/","url":"https:\/\/reginett.ee\/toode\/kettsaag-husqvarna-445s-uus\/","name":"Kettsaag Husqvarna 445S. Parimad mootorsaed Reginetist","isPartOf":{"@id":"https:\/\/reginett.ee\/#website"},"primaryImageOfPage":{"@id":"https:\/\/reginett.ee\/toode\/kettsaag-husqvarna-445s-uus\/#primaryimage"},"image":{"@id":"https:\/\/reginett.ee\/toode\/kettsaag-husqvarna-445s-uus\/#primaryimage"},"thumbnailUrl":"https:\/\/reginett.ee\/wp-content\/uploads\/2025\/08\/PA-475951.webp","datePublished":"2026-01-25T07:02:31+00:00","dateModified":"2026-01-26T11:44:03+00:00","description":"Kettsaag Husqvarna 445S on eesk\u00e4tt talunikele m\u00f5eldud uus kettsaag, mis on loodud t\u00e4itma erinevaid saagimist\u00f6id alates metsat\u00f6\u00f6dest","breadcrumb":{"@id":"https:\/\/reginett.ee\/toode\/kettsaag-husqvarna-445s-uus\/#breadcrumb"},"inLanguage":"ru-RU","potentialAction":[{"@type":"ReadAction","target":["https:\/\/reginett.ee\/toode\/kettsaag-husqvarna-445s-uus\/"]}]},{"@type":"ImageObject","inLanguage":"ru-RU","@id":"https:\/\/reginett.ee\/toode\/kettsaag-husqvarna-445s-uus\/#primaryimage","url":"https:\/\/reginett.ee\/wp-content\/uploads\/2025\/08\/PA-475951.webp","contentUrl":"https:\/\/reginett.ee\/wp-content\/uploads\/2025\/08\/PA-475951.webp","width":564,"height":372,"caption":"Kettsaag Husqvarna 445S"},{"@type":"BreadcrumbList","@id":"https:\/\/reginett.ee\/toode\/kettsaag-husqvarna-445s-uus\/#breadcrumb","itemListElement":[{"@type":"ListItem","position":1,"name":"Home","item":"https:\/\/reginett.ee\/ru\/"},{"@type":"ListItem","position":2,"name":"Tooted","item":"https:\/\/reginett.ee\/tooted\/"},{"@type":"ListItem","position":3,"name":"Kettsaag Husqvarna 445S UUS!"}]},{"@type":"WebSite","@id":"https:\/\/reginett.ee\/#website","url":"https:\/\/reginett.ee\/","name":"Reginett","description":"Parimad robotniidukid","potentialAction":[{"@type":"SearchAction","target":{"@type":"EntryPoint","urlTemplate":"https:\/\/reginett.ee\/?s={search_term_string}"},"query-input":{"@type":"PropertyValueSpecification","valueRequired":true,"valueName":"search_term_string"}}],"inLanguage":"ru-RU"}]}},"brands":[{"id":147,"name":"Husqvarna","slug":"husqvarna"}],"_links":{"self":[{"href":"https:\/\/reginett.ee\/ru\/wp-json\/wp\/v2\/product\/62952","targetHints":{"allow":["GET"]}}],"collection":[{"href":"https:\/\/reginett.ee\/ru\/wp-json\/wp\/v2\/product"}],"about":[{"href":"https:\/\/reginett.ee\/ru\/wp-json\/wp\/v2\/types\/product"}],"replies":[{"embeddable":true,"href":"https:\/\/reginett.ee\/ru\/wp-json\/wp\/v2\/comments?post=62952"}],"wp:featuredmedia":[{"embeddable":true,"href":"https:\/\/reginett.ee\/ru\/wp-json\/wp\/v2\/media\/62953"}],"wp:attachment":[{"href":"https:\/\/reginett.ee\/ru\/wp-json\/wp\/v2\/media?parent=62952"}],"wp:term":[{"taxonomy":"pwb-brand","embeddable":true,"href":"https:\/\/reginett.ee\/ru\/wp-json\/wp\/v2\/pwb-brand?post=62952"},{"taxonomy":"product_brand","embeddable":true,"href":"https:\/\/reginett.ee\/ru\/wp-json\/wp\/v2\/product_brand?post=62952"},{"taxonomy":"product_cat","embeddable":true,"href":"https:\/\/reginett.ee\/ru\/wp-json\/wp\/v2\/product_cat?post=62952"},{"taxonomy":"product_tag","embeddable":true,"href":"https:\/\/reginett.ee\/ru\/wp-json\/wp\/v2\/product_tag?post=62952"}],"curies":[{"name":"wp","href":"https:\/\/api.w.org\/{rel}","templated":true}]}}