{"id":62813,"date":"2025-07-26T14:44:23","date_gmt":"2025-07-26T11:44:23","guid":{"rendered":"https:\/\/reginett.ee\/?post_type=product&#038;p=62813"},"modified":"2025-08-01T10:59:03","modified_gmt":"2025-08-01T07:59:03","slug":"veepump-champion-cpw100743-75cm-puhta-musta-vee-jaoks-uus","status":"publish","type":"product","link":"https:\/\/reginett.ee\/ru\/toode\/veepump-champion-cpw100743-75cm-puhta-musta-vee-jaoks-uus\/","title":{"rendered":"Veepump Champion CPW100743 7,5cm puhta\/musta vee jaoks UUS!"},"content":{"rendered":"<div class=\"translator-results-align\">\n<p class=\"content-none\">Uus<strong> veepump Champion CPW100743 7,5 cm on puhta\/musta vee pump<\/strong> koos rattakomplektiga, mis saab t\u00f5husalt hakkama vee pumpamisega, suutes l\u00e4bi lasta kuni 1,9 cm l\u00e4bim\u00f5\u00f5duga tahkeid j\u00e4\u00e4tmeid. See pump on ideaalne vee kiireks liigutamiseks, sobides suurep\u00e4raselt basseinide t\u00fchjendamiseks v\u00f5i t\u00e4itmiseks ja madalate \u00fcleujutatud alade t\u00fchjendamiseks.<\/p>\n<p>See kaasaskantav ja kerge v\u00e4ga t\u00f5hus pump annab maksimaalse mahu kuni 1000 liitrit minutis. Sellel on 7,5 cm NPT sisse-\/v\u00e4ljalaskeava, koguk\u00f5rgus 28 m ja imemisk\u00f5rgus 8 m.<\/p>\n<p class=\"content-none\">Komplekti kuuluv rattakomplekt koos kokkupandava k\u00e4epideme ja t\u00fchjenemiskindlate rehvidega muudab pumba transportimise lihtsaks. Champion pumba vastupidav terasraam ja kompaktne disain pakuvad mugavat hoiustamist.<\/p>\n<p>\u00c4ra kunagi k\u00e4ivita pumpa kuivalt!<\/p>\n<p>&nbsp;<\/p>\n<div class=\"translator-results-align\">\n<p class=\"content-none\"><strong>Suur vooluhulk: V\u00f5imeline pumpama kuni 1000 liitrit minutis.<\/strong><\/p>\n<p><strong>V\u00f5imas mootor: Varustatud 223 cm3 mootori ja 11,5-liitrise k\u00fctusepaagiga, tagades pikaajalise t\u00f6\u00f6.<\/strong><\/p>\n<p class=\"content-none\"><strong>Kiire k\u00e4ivitus: Lai t\u00e4iteava lihtsaks ja kiireks k\u00e4ivitamiseks.<\/strong><\/p>\n<p class=\"content-none\"><strong>Tahkete j\u00e4\u00e4tmete k\u00e4itlemine: Saab hakkama tahkete j\u00e4\u00e4tmetega l\u00e4bim\u00f5\u00f5duga kuni 1,9 cm.<\/strong><\/p>\n<p class=\"content-none\"><strong>Kaasaskantav disain: Kaasas rattakomplekt lihtsaks transportimiseks.<\/strong><\/p>\n<\/div>\n<\/div>\n","protected":false},"excerpt":{"rendered":"<p>Uus<strong> veepump Champion CPW100743 7,5 cm on puhta\/musta vee pump<\/strong> koos rattakomplektiga, mis saab t\u00f5husalt hakkama vee pumpamisega, suutes l\u00e4bi lasta kuni 1,9 cm l\u00e4bim\u00f5\u00f5duga tahkeid j\u00e4\u00e4tmeid. See pump on ideaalne vee kiireks liigutamiseks sobides suurep\u00e4raselt basseinide t\u00fchjendamiseks v\u00f5i t\u00e4itmiseks ja madalate \u00fcleujutatud alade t\u00fchjendamiseks.<\/p>\n","protected":false},"featured_media":62816,"comment_status":"open","ping_status":"closed","template":"","meta":{"_acf_changed":false,"_et_pb_use_builder":"","_et_pb_old_content":"","_et_gb_content_width":"","inline_featured_image":false},"pwb-brand":[734],"product_brand":[],"product_cat":[480,447,478,735,28],"product_tag":[379,736],"class_list":{"0":"post-62813","1":"product","2":"type-product","3":"status-publish","4":"has-post-thumbnail","6":"pwb-brand-champion","7":"product_cat-aiatoo","8":"product_cat-elektrigeneraatorid","9":"product_cat-vaba-aeg","10":"product_cat-veepump","11":"product_cat-puhastustehnika","12":"product_tag-veepump","13":"product_tag-veepump-champion","15":"first","16":"instock","17":"shipping-taxable","18":"purchasable","19":"product-type-simple"},"acf":[],"yoast_head":"<!-- This site is optimized with the Yoast SEO plugin v26.6 - https:\/\/yoast.com\/wordpress\/plugins\/seo\/ -->\n<title>Veepump Champion CPW100743 7,5cm puhta\/musta vee jaoks<\/title>\n<meta name=\"description\" content=\"Uus veepump Champion CPW100743 7,5 cm on puhta\/musta vee pump koos rattakomplektiga, mis saab t\u00f5husalt hakkama vee pumpamisega\" \/>\n<meta name=\"robots\" content=\"index, follow, max-snippet:-1, max-image-preview:large, max-video-preview:-1\" \/>\n<link rel=\"canonical\" href=\"https:\/\/reginett.ee\/toode\/veepump-champion-cpw100743-75cm-puhta-musta-vee-jaoks-uus\/\" \/>\n<meta property=\"og:locale\" content=\"ru_RU\" \/>\n<meta property=\"og:type\" content=\"article\" \/>\n<meta property=\"og:title\" content=\"Veepump Champion CPW100743 7,5cm puhta\/musta vee jaoks\" \/>\n<meta property=\"og:description\" content=\"Uus veepump Champion CPW100743 7,5 cm on puhta\/musta vee pump koos rattakomplektiga, mis saab t\u00f5husalt hakkama vee pumpamisega\" \/>\n<meta property=\"og:url\" content=\"https:\/\/reginett.ee\/toode\/veepump-champion-cpw100743-75cm-puhta-musta-vee-jaoks-uus\/\" \/>\n<meta property=\"og:site_name\" content=\"Reginett\" \/>\n<meta property=\"article:modified_time\" content=\"2025-08-01T07:59:03+00:00\" \/>\n<meta property=\"og:image\" content=\"https:\/\/reginett.ee\/wp-content\/uploads\/2025\/06\/Veepump-Champion.webp\" \/>\n\t<meta property=\"og:image:width\" content=\"500\" \/>\n\t<meta property=\"og:image:height\" content=\"309\" \/>\n\t<meta property=\"og:image:type\" content=\"image\/webp\" \/>\n<meta name=\"twitter:card\" content=\"summary_large_image\" \/>\n<meta name=\"twitter:label1\" content=\"\u041f\u0440\u0438\u043c\u0435\u0440\u043d\u043e\u0435 \u0432\u0440\u0435\u043c\u044f \u0434\u043b\u044f \u0447\u0442\u0435\u043d\u0438\u044f\" \/>\n\t<meta name=\"twitter:data1\" content=\"1 \u043c\u0438\u043d\u0443\u0442\u0430\" \/>\n<script type=\"application\/ld+json\" class=\"yoast-schema-graph\">{\"@context\":\"https:\/\/schema.org\",\"@graph\":[{\"@type\":\"WebPage\",\"@id\":\"https:\/\/reginett.ee\/toode\/veepump-champion-cpw100743-75cm-puhta-musta-vee-jaoks-uus\/\",\"url\":\"https:\/\/reginett.ee\/toode\/veepump-champion-cpw100743-75cm-puhta-musta-vee-jaoks-uus\/\",\"name\":\"Veepump Champion CPW100743 7,5cm puhta\/musta vee jaoks\",\"isPartOf\":{\"@id\":\"https:\/\/reginett.ee\/#website\"},\"primaryImageOfPage\":{\"@id\":\"https:\/\/reginett.ee\/toode\/veepump-champion-cpw100743-75cm-puhta-musta-vee-jaoks-uus\/#primaryimage\"},\"image\":{\"@id\":\"https:\/\/reginett.ee\/toode\/veepump-champion-cpw100743-75cm-puhta-musta-vee-jaoks-uus\/#primaryimage\"},\"thumbnailUrl\":\"https:\/\/reginett.ee\/wp-content\/uploads\/2025\/06\/Veepump-Champion.webp\",\"datePublished\":\"2025-07-26T11:44:23+00:00\",\"dateModified\":\"2025-08-01T07:59:03+00:00\",\"description\":\"Uus veepump Champion CPW100743 7,5 cm on puhta\/musta vee pump koos rattakomplektiga, mis saab t\u00f5husalt hakkama vee pumpamisega\",\"breadcrumb\":{\"@id\":\"https:\/\/reginett.ee\/toode\/veepump-champion-cpw100743-75cm-puhta-musta-vee-jaoks-uus\/#breadcrumb\"},\"inLanguage\":\"ru-RU\",\"potentialAction\":[{\"@type\":\"ReadAction\",\"target\":[\"https:\/\/reginett.ee\/toode\/veepump-champion-cpw100743-75cm-puhta-musta-vee-jaoks-uus\/\"]}]},{\"@type\":\"ImageObject\",\"inLanguage\":\"ru-RU\",\"@id\":\"https:\/\/reginett.ee\/toode\/veepump-champion-cpw100743-75cm-puhta-musta-vee-jaoks-uus\/#primaryimage\",\"url\":\"https:\/\/reginett.ee\/wp-content\/uploads\/2025\/06\/Veepump-Champion.webp\",\"contentUrl\":\"https:\/\/reginett.ee\/wp-content\/uploads\/2025\/06\/Veepump-Champion.webp\",\"width\":500,\"height\":309,\"caption\":\"Veepump Champion\"},{\"@type\":\"BreadcrumbList\",\"@id\":\"https:\/\/reginett.ee\/toode\/veepump-champion-cpw100743-75cm-puhta-musta-vee-jaoks-uus\/#breadcrumb\",\"itemListElement\":[{\"@type\":\"ListItem\",\"position\":1,\"name\":\"Home\",\"item\":\"https:\/\/reginett.ee\/ru\/\"},{\"@type\":\"ListItem\",\"position\":2,\"name\":\"Tooted\",\"item\":\"https:\/\/reginett.ee\/tooted\/\"},{\"@type\":\"ListItem\",\"position\":3,\"name\":\"Veepump Champion CPW100743 7,5cm puhta\/musta vee jaoks UUS!\"}]},{\"@type\":\"WebSite\",\"@id\":\"https:\/\/reginett.ee\/#website\",\"url\":\"https:\/\/reginett.ee\/\",\"name\":\"Reginett\",\"description\":\"Parimad robotniidukid\",\"potentialAction\":[{\"@type\":\"SearchAction\",\"target\":{\"@type\":\"EntryPoint\",\"urlTemplate\":\"https:\/\/reginett.ee\/?s={search_term_string}\"},\"query-input\":{\"@type\":\"PropertyValueSpecification\",\"valueRequired\":true,\"valueName\":\"search_term_string\"}}],\"inLanguage\":\"ru-RU\"}]}<\/script>\n<!-- \/ Yoast SEO plugin. -->","yoast_head_json":{"title":"Veepump Champion CPW100743 7,5cm puhta\/musta vee jaoks","description":"Uus veepump Champion CPW100743 7,5 cm on puhta\/musta vee pump koos rattakomplektiga, mis saab t\u00f5husalt hakkama vee pumpamisega","robots":{"index":"index","follow":"follow","max-snippet":"max-snippet:-1","max-image-preview":"max-image-preview:large","max-video-preview":"max-video-preview:-1"},"canonical":"https:\/\/reginett.ee\/toode\/veepump-champion-cpw100743-75cm-puhta-musta-vee-jaoks-uus\/","og_locale":"ru_RU","og_type":"article","og_title":"Veepump Champion CPW100743 7,5cm puhta\/musta vee jaoks","og_description":"Uus veepump Champion CPW100743 7,5 cm on puhta\/musta vee pump koos rattakomplektiga, mis saab t\u00f5husalt hakkama vee pumpamisega","og_url":"https:\/\/reginett.ee\/toode\/veepump-champion-cpw100743-75cm-puhta-musta-vee-jaoks-uus\/","og_site_name":"Reginett","article_modified_time":"2025-08-01T07:59:03+00:00","og_image":[{"width":500,"height":309,"url":"https:\/\/reginett.ee\/wp-content\/uploads\/2025\/06\/Veepump-Champion.webp","type":"image\/webp"}],"twitter_card":"summary_large_image","twitter_misc":{"\u041f\u0440\u0438\u043c\u0435\u0440\u043d\u043e\u0435 \u0432\u0440\u0435\u043c\u044f \u0434\u043b\u044f \u0447\u0442\u0435\u043d\u0438\u044f":"1 \u043c\u0438\u043d\u0443\u0442\u0430"},"schema":{"@context":"https:\/\/schema.org","@graph":[{"@type":"WebPage","@id":"https:\/\/reginett.ee\/toode\/veepump-champion-cpw100743-75cm-puhta-musta-vee-jaoks-uus\/","url":"https:\/\/reginett.ee\/toode\/veepump-champion-cpw100743-75cm-puhta-musta-vee-jaoks-uus\/","name":"Veepump Champion CPW100743 7,5cm puhta\/musta vee jaoks","isPartOf":{"@id":"https:\/\/reginett.ee\/#website"},"primaryImageOfPage":{"@id":"https:\/\/reginett.ee\/toode\/veepump-champion-cpw100743-75cm-puhta-musta-vee-jaoks-uus\/#primaryimage"},"image":{"@id":"https:\/\/reginett.ee\/toode\/veepump-champion-cpw100743-75cm-puhta-musta-vee-jaoks-uus\/#primaryimage"},"thumbnailUrl":"https:\/\/reginett.ee\/wp-content\/uploads\/2025\/06\/Veepump-Champion.webp","datePublished":"2025-07-26T11:44:23+00:00","dateModified":"2025-08-01T07:59:03+00:00","description":"Uus veepump Champion CPW100743 7,5 cm on puhta\/musta vee pump koos rattakomplektiga, mis saab t\u00f5husalt hakkama vee pumpamisega","breadcrumb":{"@id":"https:\/\/reginett.ee\/toode\/veepump-champion-cpw100743-75cm-puhta-musta-vee-jaoks-uus\/#breadcrumb"},"inLanguage":"ru-RU","potentialAction":[{"@type":"ReadAction","target":["https:\/\/reginett.ee\/toode\/veepump-champion-cpw100743-75cm-puhta-musta-vee-jaoks-uus\/"]}]},{"@type":"ImageObject","inLanguage":"ru-RU","@id":"https:\/\/reginett.ee\/toode\/veepump-champion-cpw100743-75cm-puhta-musta-vee-jaoks-uus\/#primaryimage","url":"https:\/\/reginett.ee\/wp-content\/uploads\/2025\/06\/Veepump-Champion.webp","contentUrl":"https:\/\/reginett.ee\/wp-content\/uploads\/2025\/06\/Veepump-Champion.webp","width":500,"height":309,"caption":"Veepump Champion"},{"@type":"BreadcrumbList","@id":"https:\/\/reginett.ee\/toode\/veepump-champion-cpw100743-75cm-puhta-musta-vee-jaoks-uus\/#breadcrumb","itemListElement":[{"@type":"ListItem","position":1,"name":"Home","item":"https:\/\/reginett.ee\/ru\/"},{"@type":"ListItem","position":2,"name":"Tooted","item":"https:\/\/reginett.ee\/tooted\/"},{"@type":"ListItem","position":3,"name":"Veepump Champion CPW100743 7,5cm puhta\/musta vee jaoks UUS!"}]},{"@type":"WebSite","@id":"https:\/\/reginett.ee\/#website","url":"https:\/\/reginett.ee\/","name":"Reginett","description":"Parimad robotniidukid","potentialAction":[{"@type":"SearchAction","target":{"@type":"EntryPoint","urlTemplate":"https:\/\/reginett.ee\/?s={search_term_string}"},"query-input":{"@type":"PropertyValueSpecification","valueRequired":true,"valueName":"search_term_string"}}],"inLanguage":"ru-RU"}]}},"brands":[{"id":734,"name":"Champion","slug":"champion"}],"_links":{"self":[{"href":"https:\/\/reginett.ee\/ru\/wp-json\/wp\/v2\/product\/62813","targetHints":{"allow":["GET"]}}],"collection":[{"href":"https:\/\/reginett.ee\/ru\/wp-json\/wp\/v2\/product"}],"about":[{"href":"https:\/\/reginett.ee\/ru\/wp-json\/wp\/v2\/types\/product"}],"replies":[{"embeddable":true,"href":"https:\/\/reginett.ee\/ru\/wp-json\/wp\/v2\/comments?post=62813"}],"wp:featuredmedia":[{"embeddable":true,"href":"https:\/\/reginett.ee\/ru\/wp-json\/wp\/v2\/media\/62816"}],"wp:attachment":[{"href":"https:\/\/reginett.ee\/ru\/wp-json\/wp\/v2\/media?parent=62813"}],"wp:term":[{"taxonomy":"pwb-brand","embeddable":true,"href":"https:\/\/reginett.ee\/ru\/wp-json\/wp\/v2\/pwb-brand?post=62813"},{"taxonomy":"product_brand","embeddable":true,"href":"https:\/\/reginett.ee\/ru\/wp-json\/wp\/v2\/product_brand?post=62813"},{"taxonomy":"product_cat","embeddable":true,"href":"https:\/\/reginett.ee\/ru\/wp-json\/wp\/v2\/product_cat?post=62813"},{"taxonomy":"product_tag","embeddable":true,"href":"https:\/\/reginett.ee\/ru\/wp-json\/wp\/v2\/product_tag?post=62813"}],"curies":[{"name":"wp","href":"https:\/\/api.w.org\/{rel}","templated":true}]}}