{"id":62763,"date":"2025-06-04T17:46:16","date_gmt":"2025-06-04T14:46:16","guid":{"rendered":"https:\/\/reginett.ee\/?post_type=product&#038;p=62763"},"modified":"2025-06-04T17:47:09","modified_gmt":"2025-06-04T14:47:09","slug":"akuga-vee-ja-tolmuimeja-ego-wdv0900e-uus","status":"publish","type":"product","link":"https:\/\/reginett.ee\/ru\/toode\/akuga-vee-ja-tolmuimeja-ego-wdv0900e-uus\/","title":{"rendered":"Akuga vee-ja tolmuimeja EGO WDV0900E  UUS!"},"content":{"rendered":"<p><strong>Akuga vee-ja tolmuimeja EGO WDV0900E<\/strong> on uus v\u00e4ga oodetud liige EGO perekonda.<\/p>\n<p>EGO Power+ 34-liitrine vee- ja tolmuimeja pakub oma klassi parimat j\u00f5udlust \u00fcle 250 mbar imemisv\u00f5imsusega.Seade kohandub Teie puhastust\u00f6\u00f6de vajadustega, pakkudes kolme erinevat v\u00f5imsusre\u017eiimi, mida saate muuta otse seadmelt v\u00f5i kaugjuhtimispuldilt. EGO 5Ah akuga t\u00f6\u00f6tades kestab seade kuni 60 minutit \u00f6konoomses re\u017eiimis, 33 minutit k\u00f5rge v\u00f5imsusega re\u017eiimis ja 18 minutit turbore\u017eiimis.Seadmel on integreeritud hoiustamiskohad, kus saab mugavalt hoida k\u00f5iki tarvikuid. Tarvikute hulka kuuluvad kaks pikendustoru, peenike otsik, \u00fcmar tolmuharja otsik, v\u00e4ike harjaribaga p\u00f5randaotsik, lai kummiribaga otsik ja 2,1 m voolik.Seadmel on sisseehitatud filtripuhastusfunktsioon, mis tagab t\u00f6\u00f6riista optimaalse j\u00f5udluse.<\/p>\n<p>EGO annab teile iga t\u00f6\u00f6 jaoks vajaliku v\u00f5imsuse. Meie 56 V ARC Lithium\u2122 aku on tehniline ime, mis on igal tasandil konkurentidest \u00fcle ning on v\u00f5imeline \u00fcletama bensiinimootoriga masinaid. K\u00f5ik meie 56V ARC Lithium\u2122 akud sobituvad kogu EGO akusarjaga &#8212; nii on Teil olemas \u00fcks aku igale t\u00f6\u00f6riistale ja igale t\u00f6\u00f6le.<\/p>\n<p>Turuliidrite hulka kuuluva Chervoni kontserni ettev\u00f5ttena oleme uhked oma tavade ja praktika \u00fcle, mis tagavad meie toodete k\u00f5rgeima v\u00f5imaliku standardi. Tegelikult oleme oma t\u00f6\u00f6riistade kvaliteedis ja j\u00f5udluses lausa nii kindlad, et pakume professionaalsete ja kodukasutajate poolt ostetud t\u00f6\u00f6riistadele ja akudele t\u00f6\u00f6stusharu k\u00f5ige pikemaid garantiiaegasid.<\/p>\n<p>EGO m\u00f5tleb j\u00f5udlusest kaugemale. Meie eksperdid p\u00fc\u00fcavad j\u00e4releandmatult uuendada t\u00f6\u00f6riistu parema maailma nimel. EGO 56V ARC Lithium\u2122 akud ei ole mitte ainult paremad kui k\u00fctus, vaid ka paremad keskkonnale. Aidake meil juhtida Euroopat akutoitel tulevikku ja p\u00fchenduda arukamale ja rohelisemale viisile.<\/p>\n<p>*aku ja laadija ei kuulu komplekti!<\/p>\n<p>&nbsp;<\/p>\n","protected":false},"excerpt":{"rendered":"<p><strong>Akuga vee-ja tolmuimeja EGO WDV0900E<\/strong> on uus v\u00e4ga oodetud liige EGO perekonda.<\/p>\n<p>EGO Power+ 34-liitrine vee- ja tolmuimeja pakub oma klassi parimat j\u00f5udlust \u00fcle 250 mbar imemisv\u00f5imsusega.<\/p>\n<p>J\u00e4rjekordne t\u00e4iendus populaarsust koguvasse elustiilivalikusse \u2013 meie vee- ja tolmuimeja pakub \u00fcle 250 mbar imemisv\u00f5imsust. Seadmel on kolm erinevat v\u00f5imsusre\u017eiimi, mida saate juhtida seadmelt v\u00f5i kaugjuhtimispuldilt. Kasutades 5 Ah akut on madalama seadistuse peal t\u00f6\u00f6aeg umbes 60 minutit.<\/p>\n","protected":false},"featured_media":62764,"comment_status":"open","ping_status":"closed","template":"","meta":{"_acf_changed":false,"_et_pb_use_builder":"","_et_pb_old_content":"","_et_gb_content_width":"","inline_featured_image":false},"pwb-brand":[486],"product_brand":[],"product_cat":[48,153,28],"product_tag":[732],"class_list":{"0":"post-62763","1":"product","2":"type-product","3":"status-publish","4":"has-post-thumbnail","6":"pwb-brand-ego","7":"product_cat-akutooted","8":"product_cat-ego","9":"product_cat-puhastustehnika","10":"product_tag-vee-ja-tolmuimeja-wdv0900e","12":"first","13":"instock","14":"shipping-taxable","15":"purchasable","16":"product-type-simple"},"acf":[],"yoast_head":"<!-- This site is optimized with the Yoast SEO plugin v26.6 - https:\/\/yoast.com\/wordpress\/plugins\/seo\/ -->\n<title>Akuga vee-ja tolmuimeja EGO WDV0900E<\/title>\n<meta name=\"description\" content=\"Akuga vee-ja tolmuimeja EGO WDV0900E on uus v\u00e4ga oodetud liige EGO perekonda.EGO Power+ 34-liitrine vee- ja tolmuimeja pakub oma klassi\" \/>\n<meta name=\"robots\" content=\"index, follow, max-snippet:-1, max-image-preview:large, max-video-preview:-1\" \/>\n<link rel=\"canonical\" href=\"https:\/\/reginett.ee\/toode\/akuga-vee-ja-tolmuimeja-ego-wdv0900e-uus\/\" \/>\n<meta property=\"og:locale\" content=\"ru_RU\" \/>\n<meta property=\"og:type\" content=\"article\" \/>\n<meta property=\"og:title\" content=\"Akuga vee-ja tolmuimeja EGO WDV0900E\" \/>\n<meta property=\"og:description\" content=\"Akuga vee-ja tolmuimeja EGO WDV0900E on uus v\u00e4ga oodetud liige EGO perekonda.EGO Power+ 34-liitrine vee- ja tolmuimeja pakub oma klassi\" \/>\n<meta property=\"og:url\" content=\"https:\/\/reginett.ee\/toode\/akuga-vee-ja-tolmuimeja-ego-wdv0900e-uus\/\" \/>\n<meta property=\"og:site_name\" content=\"Reginett\" \/>\n<meta property=\"article:modified_time\" content=\"2025-06-04T14:47:09+00:00\" \/>\n<meta property=\"og:image\" content=\"https:\/\/reginett.ee\/wp-content\/uploads\/2025\/06\/Vee-ja-tolmuimeja-WDV0900E.webp\" \/>\n\t<meta property=\"og:image:width\" content=\"680\" \/>\n\t<meta property=\"og:image:height\" content=\"372\" \/>\n\t<meta property=\"og:image:type\" content=\"image\/webp\" \/>\n<meta name=\"twitter:card\" content=\"summary_large_image\" \/>\n<meta name=\"twitter:label1\" content=\"\u041f\u0440\u0438\u043c\u0435\u0440\u043d\u043e\u0435 \u0432\u0440\u0435\u043c\u044f \u0434\u043b\u044f \u0447\u0442\u0435\u043d\u0438\u044f\" \/>\n\t<meta name=\"twitter:data1\" content=\"2 \u043c\u0438\u043d\u0443\u0442\u044b\" \/>\n<script type=\"application\/ld+json\" class=\"yoast-schema-graph\">{\"@context\":\"https:\/\/schema.org\",\"@graph\":[{\"@type\":\"WebPage\",\"@id\":\"https:\/\/reginett.ee\/toode\/akuga-vee-ja-tolmuimeja-ego-wdv0900e-uus\/\",\"url\":\"https:\/\/reginett.ee\/toode\/akuga-vee-ja-tolmuimeja-ego-wdv0900e-uus\/\",\"name\":\"Akuga vee-ja tolmuimeja EGO WDV0900E\",\"isPartOf\":{\"@id\":\"https:\/\/reginett.ee\/#website\"},\"primaryImageOfPage\":{\"@id\":\"https:\/\/reginett.ee\/toode\/akuga-vee-ja-tolmuimeja-ego-wdv0900e-uus\/#primaryimage\"},\"image\":{\"@id\":\"https:\/\/reginett.ee\/toode\/akuga-vee-ja-tolmuimeja-ego-wdv0900e-uus\/#primaryimage\"},\"thumbnailUrl\":\"https:\/\/reginett.ee\/wp-content\/uploads\/2025\/06\/Vee-ja-tolmuimeja-WDV0900E.webp\",\"datePublished\":\"2025-06-04T14:46:16+00:00\",\"dateModified\":\"2025-06-04T14:47:09+00:00\",\"description\":\"Akuga vee-ja tolmuimeja EGO WDV0900E on uus v\u00e4ga oodetud liige EGO perekonda.EGO Power+ 34-liitrine vee- ja tolmuimeja pakub oma klassi\",\"breadcrumb\":{\"@id\":\"https:\/\/reginett.ee\/toode\/akuga-vee-ja-tolmuimeja-ego-wdv0900e-uus\/#breadcrumb\"},\"inLanguage\":\"ru-RU\",\"potentialAction\":[{\"@type\":\"ReadAction\",\"target\":[\"https:\/\/reginett.ee\/toode\/akuga-vee-ja-tolmuimeja-ego-wdv0900e-uus\/\"]}]},{\"@type\":\"ImageObject\",\"inLanguage\":\"ru-RU\",\"@id\":\"https:\/\/reginett.ee\/toode\/akuga-vee-ja-tolmuimeja-ego-wdv0900e-uus\/#primaryimage\",\"url\":\"https:\/\/reginett.ee\/wp-content\/uploads\/2025\/06\/Vee-ja-tolmuimeja-WDV0900E.webp\",\"contentUrl\":\"https:\/\/reginett.ee\/wp-content\/uploads\/2025\/06\/Vee-ja-tolmuimeja-WDV0900E.webp\",\"width\":680,\"height\":372},{\"@type\":\"BreadcrumbList\",\"@id\":\"https:\/\/reginett.ee\/toode\/akuga-vee-ja-tolmuimeja-ego-wdv0900e-uus\/#breadcrumb\",\"itemListElement\":[{\"@type\":\"ListItem\",\"position\":1,\"name\":\"Home\",\"item\":\"https:\/\/reginett.ee\/ru\/\"},{\"@type\":\"ListItem\",\"position\":2,\"name\":\"Tooted\",\"item\":\"https:\/\/reginett.ee\/tooted\/\"},{\"@type\":\"ListItem\",\"position\":3,\"name\":\"Akuga vee-ja tolmuimeja EGO WDV0900E UUS!\"}]},{\"@type\":\"WebSite\",\"@id\":\"https:\/\/reginett.ee\/#website\",\"url\":\"https:\/\/reginett.ee\/\",\"name\":\"Reginett\",\"description\":\"Parimad robotniidukid\",\"potentialAction\":[{\"@type\":\"SearchAction\",\"target\":{\"@type\":\"EntryPoint\",\"urlTemplate\":\"https:\/\/reginett.ee\/?s={search_term_string}\"},\"query-input\":{\"@type\":\"PropertyValueSpecification\",\"valueRequired\":true,\"valueName\":\"search_term_string\"}}],\"inLanguage\":\"ru-RU\"}]}<\/script>\n<!-- \/ Yoast SEO plugin. -->","yoast_head_json":{"title":"Akuga vee-ja tolmuimeja EGO WDV0900E","description":"Akuga vee-ja tolmuimeja EGO WDV0900E on uus v\u00e4ga oodetud liige EGO perekonda.EGO Power+ 34-liitrine vee- ja tolmuimeja pakub oma klassi","robots":{"index":"index","follow":"follow","max-snippet":"max-snippet:-1","max-image-preview":"max-image-preview:large","max-video-preview":"max-video-preview:-1"},"canonical":"https:\/\/reginett.ee\/toode\/akuga-vee-ja-tolmuimeja-ego-wdv0900e-uus\/","og_locale":"ru_RU","og_type":"article","og_title":"Akuga vee-ja tolmuimeja EGO WDV0900E","og_description":"Akuga vee-ja tolmuimeja EGO WDV0900E on uus v\u00e4ga oodetud liige EGO perekonda.EGO Power+ 34-liitrine vee- ja tolmuimeja pakub oma klassi","og_url":"https:\/\/reginett.ee\/toode\/akuga-vee-ja-tolmuimeja-ego-wdv0900e-uus\/","og_site_name":"Reginett","article_modified_time":"2025-06-04T14:47:09+00:00","og_image":[{"width":680,"height":372,"url":"https:\/\/reginett.ee\/wp-content\/uploads\/2025\/06\/Vee-ja-tolmuimeja-WDV0900E.webp","type":"image\/webp"}],"twitter_card":"summary_large_image","twitter_misc":{"\u041f\u0440\u0438\u043c\u0435\u0440\u043d\u043e\u0435 \u0432\u0440\u0435\u043c\u044f \u0434\u043b\u044f \u0447\u0442\u0435\u043d\u0438\u044f":"2 \u043c\u0438\u043d\u0443\u0442\u044b"},"schema":{"@context":"https:\/\/schema.org","@graph":[{"@type":"WebPage","@id":"https:\/\/reginett.ee\/toode\/akuga-vee-ja-tolmuimeja-ego-wdv0900e-uus\/","url":"https:\/\/reginett.ee\/toode\/akuga-vee-ja-tolmuimeja-ego-wdv0900e-uus\/","name":"Akuga vee-ja tolmuimeja EGO WDV0900E","isPartOf":{"@id":"https:\/\/reginett.ee\/#website"},"primaryImageOfPage":{"@id":"https:\/\/reginett.ee\/toode\/akuga-vee-ja-tolmuimeja-ego-wdv0900e-uus\/#primaryimage"},"image":{"@id":"https:\/\/reginett.ee\/toode\/akuga-vee-ja-tolmuimeja-ego-wdv0900e-uus\/#primaryimage"},"thumbnailUrl":"https:\/\/reginett.ee\/wp-content\/uploads\/2025\/06\/Vee-ja-tolmuimeja-WDV0900E.webp","datePublished":"2025-06-04T14:46:16+00:00","dateModified":"2025-06-04T14:47:09+00:00","description":"Akuga vee-ja tolmuimeja EGO WDV0900E on uus v\u00e4ga oodetud liige EGO perekonda.EGO Power+ 34-liitrine vee- ja tolmuimeja pakub oma klassi","breadcrumb":{"@id":"https:\/\/reginett.ee\/toode\/akuga-vee-ja-tolmuimeja-ego-wdv0900e-uus\/#breadcrumb"},"inLanguage":"ru-RU","potentialAction":[{"@type":"ReadAction","target":["https:\/\/reginett.ee\/toode\/akuga-vee-ja-tolmuimeja-ego-wdv0900e-uus\/"]}]},{"@type":"ImageObject","inLanguage":"ru-RU","@id":"https:\/\/reginett.ee\/toode\/akuga-vee-ja-tolmuimeja-ego-wdv0900e-uus\/#primaryimage","url":"https:\/\/reginett.ee\/wp-content\/uploads\/2025\/06\/Vee-ja-tolmuimeja-WDV0900E.webp","contentUrl":"https:\/\/reginett.ee\/wp-content\/uploads\/2025\/06\/Vee-ja-tolmuimeja-WDV0900E.webp","width":680,"height":372},{"@type":"BreadcrumbList","@id":"https:\/\/reginett.ee\/toode\/akuga-vee-ja-tolmuimeja-ego-wdv0900e-uus\/#breadcrumb","itemListElement":[{"@type":"ListItem","position":1,"name":"Home","item":"https:\/\/reginett.ee\/ru\/"},{"@type":"ListItem","position":2,"name":"Tooted","item":"https:\/\/reginett.ee\/tooted\/"},{"@type":"ListItem","position":3,"name":"Akuga vee-ja tolmuimeja EGO WDV0900E UUS!"}]},{"@type":"WebSite","@id":"https:\/\/reginett.ee\/#website","url":"https:\/\/reginett.ee\/","name":"Reginett","description":"Parimad robotniidukid","potentialAction":[{"@type":"SearchAction","target":{"@type":"EntryPoint","urlTemplate":"https:\/\/reginett.ee\/?s={search_term_string}"},"query-input":{"@type":"PropertyValueSpecification","valueRequired":true,"valueName":"search_term_string"}}],"inLanguage":"ru-RU"}]}},"brands":[{"id":486,"name":"EGO","slug":"ego"}],"_links":{"self":[{"href":"https:\/\/reginett.ee\/ru\/wp-json\/wp\/v2\/product\/62763","targetHints":{"allow":["GET"]}}],"collection":[{"href":"https:\/\/reginett.ee\/ru\/wp-json\/wp\/v2\/product"}],"about":[{"href":"https:\/\/reginett.ee\/ru\/wp-json\/wp\/v2\/types\/product"}],"replies":[{"embeddable":true,"href":"https:\/\/reginett.ee\/ru\/wp-json\/wp\/v2\/comments?post=62763"}],"wp:featuredmedia":[{"embeddable":true,"href":"https:\/\/reginett.ee\/ru\/wp-json\/wp\/v2\/media\/62764"}],"wp:attachment":[{"href":"https:\/\/reginett.ee\/ru\/wp-json\/wp\/v2\/media?parent=62763"}],"wp:term":[{"taxonomy":"pwb-brand","embeddable":true,"href":"https:\/\/reginett.ee\/ru\/wp-json\/wp\/v2\/pwb-brand?post=62763"},{"taxonomy":"product_brand","embeddable":true,"href":"https:\/\/reginett.ee\/ru\/wp-json\/wp\/v2\/product_brand?post=62763"},{"taxonomy":"product_cat","embeddable":true,"href":"https:\/\/reginett.ee\/ru\/wp-json\/wp\/v2\/product_cat?post=62763"},{"taxonomy":"product_tag","embeddable":true,"href":"https:\/\/reginett.ee\/ru\/wp-json\/wp\/v2\/product_tag?post=62763"}],"curies":[{"name":"wp","href":"https:\/\/api.w.org\/{rel}","templated":true}]}}