{"id":62752,"date":"2025-05-03T12:11:44","date_gmt":"2025-05-03T09:11:44","guid":{"rendered":"https:\/\/reginett.ee\/?post_type=product&#038;p=62752"},"modified":"2025-06-20T13:45:08","modified_gmt":"2025-06-20T10:45:08","slug":"akuga-muruniiduk-ego-lm2021e-sp","status":"publish","type":"product","link":"https:\/\/reginett.ee\/ru\/toode\/akuga-muruniiduk-ego-lm2021e-sp\/","title":{"rendered":"Akuga muruniiduk EGO LM2021E-SP"},"content":{"rendered":"<p><strong>Akuga muruniiduk EGO Power+ LM2021E-SP<\/strong> 50cm iseliikuv niiduk sobib ideaalselt suuremate aedade hooldamiseks, aidates muuta muruhoolduse kiiremaks, lihtsamaks ja t\u00f5husamaks. See aku on varustatud 5,0Ah akuga, mis suudab \u00fche laadimisega niita kuni 700 ruutmeetrit, ning kiirlaadijaga, et saaksite kiiremini t\u00f6\u00f6le hakata, ning see akutoiteta niiduk on iseliikuv, mis t\u00e4hendab, et kallakuga aed ei ole enam koormav.<\/p>\n<p>Samuti optimeerib see automaatselt oma l\u00f5ikamiskiirust, pakkudes igal kasutuskorral bensiinile vastavat v\u00f5imsust.<\/p>\n<p>Terve muru on kasulik k\u00f5igile ja LM2021E-SP on selle saavutamiseks mitmek\u00fclgne. Selle ainulaadne 3-in-1-funktsioon v\u00f5imaldab teil l\u00f5igatud muru kottida, mult\u0161ida v\u00f5i k\u00fcljelt v\u00e4lja lasta ning 6 l\u00f5ikek\u00f5rguse seadistust pakuvad teile vajalikku paindlikkust muru t\u00f6\u00f6tlemiseks, j\u00e4ttes selle aastaringselt v\u00e4rskeks ja eluj\u00f5uliseks.<\/p>\n<p>See elektriline niiduk, millel on vastupidav terastekk, suur l\u00f5ikev\u00f5ime ja 60-liitrine kogumiskott, sobib keskmise ja suurema suurusega muru niitmiseks, nii et saate v\u00e4hem aega t\u00f6\u00f6tada ja rohkem aega oma v\u00e4rskelt niidetud aias l\u00f5\u00f5gastuda.<\/p>\n<p>&nbsp;<\/p>\n<ul>\n<li><strong>Komplektis aku 5,0 Ah 56 V Li-Ion ja kiirlaadija<\/strong><\/li>\n<li><strong>Kompaktne disain mugavamaks hoiustamiseks<\/strong><\/li>\n<\/ul>\n<h5><strong>T\u00f6\u00f6ajad:<\/strong><\/h5>\n<p><strong>2,5 Ah akuga \u2013 kuni 350 m2<\/strong><\/p>\n<p><strong>5 Ah akuga \u2013 kuni 700 m2<\/strong><\/p>\n<p><strong>7,5 Ah akuga \u2013 kuni 1050<\/strong><strong>\u00a0m2<\/strong><\/p>\n<h5>BENSIINIMOOTORI V\u00d5IMSUS ILMA BENSIINITA<\/h5>\n<p>Vaheta fossiilk\u00fctused puhtama, rohelisema energia vastu. EGO Power+ pakub bensiinimootorile v\u00f5rdelist v\u00f5imsust, ilma sellega kaasneva m\u00fcra, sekelduste ja m\u00fcrgiste heitgaasideta.<\/p>\n<p>EGO unikaalne patenteeritud Arc liitiumaku on ehitatud nagu ei \u00fckski teine aku. Seet\u00f5ttu toimib ta ka nagu ei \u00fckski teine aku. Disainitud algusest peale nii, et see oleks v\u00f5rdne bensiinimootori poolt pakutava v\u00f5imsusega, on EGO Power+ 56V Arc liitiumakul uuenduslik disain aku jahutamise maksimeerimiseks. Erinevalt tavap\u00e4rastest tellisekujulistest akudest, kus akuelemendid on kokku pakitud, kuumenevad \u00fcle ja l\u00fclituvad v\u00e4lja, hajutab EGO unikaalne Arc disain kuumust t\u00f5husamalt.<\/p>\n<p>K\u00f5ik akuelemendid on \u00fcmbritsetud unikaalse Keep Cool\u2122 materjaliga, mis neelab soojusenergiat ja hoiab elemente kauem nende optimaalsel temperatuuril.<\/p>\n<p>EGO Power+ Arc 56V liitiumaku kasutab intelligentset energiahaldust, et iga akuelementi pidevalt j\u00e4lgida ja optimeerida, et saaksite alati parima v\u00f5imsuse, j\u00f5udluse ja t\u00f6\u00f6aja.<\/p>\n<p>Erinevalt teistest tootjatest, paigaldatakse meie akud jahutamise tagamiseks t\u00f6\u00f6riistadest v\u00e4ljapoole, mitte nende sisse. Tolmu ja niiskuse eest kaitseb neid vaikkate ning l\u00f6\u00f6ke ja vibratsiooni neelav korpus.<\/p>\n<p>Kui tuleb aeg akut laadida, on EGO Power+ Arc Lithium 56V liitiumaku k\u00f5ige kiiremini laetav aku.<\/p>\n<p>\u00dcks ja sama Arc liitiumaku sobib kasutamiseks k\u00f5ikide EGO Power+ tootesarja t\u00f6\u00f6riistadega. Kl\u00f5psake aku k\u00fclge ja olete t\u00f6\u00f6tamiseks valmis.<\/p>\n<p>K\u00f5ikidel EGO Power+ Professional toodetel on kodukasutajatele 5-aastane garantii t\u00f6\u00f6riistade ja 3-aastane garantii akude puhul. Profikasutajatele kehtib garantii t\u00f6\u00f6riistadele ja akudele 24 kuud.<\/p>\n<p>LEEBEM TEIE K\u00c4TELE, K\u00d5RVADELE, RAHAKOTILE JA KESKKONNALE. EGO Power+ s\u00fcsteem pakub bensiinimootoriga v\u00f5rdelist v\u00f5imsust, ilma selle negatiivsete k\u00fclgedeta. See on lihtsam, puhtam, vaiksem ja v\u00e4iksema vibratsiooni t\u00f5ttu on seda mugavam kasutada. V\u00e4iksemad k\u00e4itus- ja hoolduskulud t\u00e4hendavad \u00fcleminekul EGO Power+ s\u00fcsteemile pikaajalist s\u00e4\u00e4stmist. Lisaks, kuna kasutamisel ei teki heitgaase, saate anda oma panuse keskkonnam\u00f5jude v\u00e4hendamisele.<\/p>\n","protected":false},"excerpt":{"rendered":"<p><strong>Akuga muruniiduk EGO Power+ LM2021E-SP<\/strong> 50cm iseliikuv niiduk sobib ideaalselt suuremate aedade hooldamiseks, aidates muuta muruhoolduse kiiremaks, lihtsamaks ja t\u00f5husamaks.<\/p>\n<p>See aku on varustatud 5,0Ah akuga, mis suudab \u00fche laadimisega niita kuni 700 ruutmeetrit<\/p>\n","protected":false},"featured_media":62753,"comment_status":"open","ping_status":"closed","template":"","meta":{"_acf_changed":false,"_et_pb_use_builder":"","_et_pb_old_content":"","_et_gb_content_width":"","inline_featured_image":false},"pwb-brand":[486],"product_brand":[],"product_cat":[134,25],"product_tag":[90],"class_list":{"0":"post-62752","1":"product","2":"type-product","3":"status-publish","4":"has-post-thumbnail","6":"pwb-brand-ego","7":"product_cat-eripakkumised","8":"product_cat-muruniidukid","9":"product_tag-akuniiduk","10":"product_shipping_class-soodsam-kuller-15-eur","12":"first","13":"instock","14":"sale","15":"shipping-taxable","16":"purchasable","17":"product-type-simple"},"acf":[],"yoast_head":"<!-- This site is optimized with the Yoast SEO plugin v26.6 - https:\/\/yoast.com\/wordpress\/plugins\/seo\/ -->\n<title>Akuga muruniiduk EGO LM2021E-SP. Parimad EGO akutooted<\/title>\n<meta name=\"description\" content=\"Akuga muruniiduk EGO Power+ LM2021E-SP 50cm iseliikuv niiduk sobib ideaalselt suuremate aedade hooldamiseks, aidates muuta muruhoolduse kiiremaks,\" \/>\n<meta name=\"robots\" content=\"index, follow, max-snippet:-1, max-image-preview:large, max-video-preview:-1\" \/>\n<link rel=\"canonical\" href=\"https:\/\/reginett.ee\/toode\/akuga-muruniiduk-ego-lm2021e-sp\/\" \/>\n<meta property=\"og:locale\" content=\"ru_RU\" \/>\n<meta property=\"og:type\" content=\"article\" \/>\n<meta property=\"og:title\" content=\"Akuga muruniiduk EGO LM2021E-SP. Parimad EGO akutooted\" \/>\n<meta property=\"og:description\" content=\"Akuga muruniiduk EGO Power+ LM2021E-SP 50cm iseliikuv niiduk sobib ideaalselt suuremate aedade hooldamiseks, aidates muuta muruhoolduse kiiremaks,\" \/>\n<meta property=\"og:url\" content=\"https:\/\/reginett.ee\/toode\/akuga-muruniiduk-ego-lm2021e-sp\/\" \/>\n<meta property=\"og:site_name\" content=\"Reginett\" \/>\n<meta property=\"article:modified_time\" content=\"2025-06-20T10:45:08+00:00\" \/>\n<meta property=\"og:image\" content=\"https:\/\/reginett.ee\/wp-content\/uploads\/2025\/06\/Akuga-muruniiduk-EGO-LM2021E-SP.webp\" \/>\n\t<meta property=\"og:image:width\" content=\"680\" \/>\n\t<meta property=\"og:image:height\" content=\"372\" \/>\n\t<meta property=\"og:image:type\" content=\"image\/webp\" \/>\n<meta name=\"twitter:card\" content=\"summary_large_image\" \/>\n<meta name=\"twitter:label1\" content=\"\u041f\u0440\u0438\u043c\u0435\u0440\u043d\u043e\u0435 \u0432\u0440\u0435\u043c\u044f \u0434\u043b\u044f \u0447\u0442\u0435\u043d\u0438\u044f\" \/>\n\t<meta name=\"twitter:data1\" content=\"3 \u043c\u0438\u043d\u0443\u0442\u044b\" \/>\n<script type=\"application\/ld+json\" class=\"yoast-schema-graph\">{\"@context\":\"https:\/\/schema.org\",\"@graph\":[{\"@type\":\"WebPage\",\"@id\":\"https:\/\/reginett.ee\/toode\/akuga-muruniiduk-ego-lm2021e-sp\/\",\"url\":\"https:\/\/reginett.ee\/toode\/akuga-muruniiduk-ego-lm2021e-sp\/\",\"name\":\"Akuga muruniiduk EGO LM2021E-SP. Parimad EGO akutooted\",\"isPartOf\":{\"@id\":\"https:\/\/reginett.ee\/#website\"},\"primaryImageOfPage\":{\"@id\":\"https:\/\/reginett.ee\/toode\/akuga-muruniiduk-ego-lm2021e-sp\/#primaryimage\"},\"image\":{\"@id\":\"https:\/\/reginett.ee\/toode\/akuga-muruniiduk-ego-lm2021e-sp\/#primaryimage\"},\"thumbnailUrl\":\"https:\/\/reginett.ee\/wp-content\/uploads\/2025\/06\/Akuga-muruniiduk-EGO-LM2021E-SP.webp\",\"datePublished\":\"2025-05-03T09:11:44+00:00\",\"dateModified\":\"2025-06-20T10:45:08+00:00\",\"description\":\"Akuga muruniiduk EGO Power+ LM2021E-SP 50cm iseliikuv niiduk sobib ideaalselt suuremate aedade hooldamiseks, aidates muuta muruhoolduse kiiremaks,\",\"breadcrumb\":{\"@id\":\"https:\/\/reginett.ee\/toode\/akuga-muruniiduk-ego-lm2021e-sp\/#breadcrumb\"},\"inLanguage\":\"ru-RU\",\"potentialAction\":[{\"@type\":\"ReadAction\",\"target\":[\"https:\/\/reginett.ee\/toode\/akuga-muruniiduk-ego-lm2021e-sp\/\"]}]},{\"@type\":\"ImageObject\",\"inLanguage\":\"ru-RU\",\"@id\":\"https:\/\/reginett.ee\/toode\/akuga-muruniiduk-ego-lm2021e-sp\/#primaryimage\",\"url\":\"https:\/\/reginett.ee\/wp-content\/uploads\/2025\/06\/Akuga-muruniiduk-EGO-LM2021E-SP.webp\",\"contentUrl\":\"https:\/\/reginett.ee\/wp-content\/uploads\/2025\/06\/Akuga-muruniiduk-EGO-LM2021E-SP.webp\",\"width\":680,\"height\":372},{\"@type\":\"BreadcrumbList\",\"@id\":\"https:\/\/reginett.ee\/toode\/akuga-muruniiduk-ego-lm2021e-sp\/#breadcrumb\",\"itemListElement\":[{\"@type\":\"ListItem\",\"position\":1,\"name\":\"Home\",\"item\":\"https:\/\/reginett.ee\/ru\/\"},{\"@type\":\"ListItem\",\"position\":2,\"name\":\"Tooted\",\"item\":\"https:\/\/reginett.ee\/tooted\/\"},{\"@type\":\"ListItem\",\"position\":3,\"name\":\"Akuga muruniiduk EGO LM2021E-SP\"}]},{\"@type\":\"WebSite\",\"@id\":\"https:\/\/reginett.ee\/#website\",\"url\":\"https:\/\/reginett.ee\/\",\"name\":\"Reginett\",\"description\":\"Parimad robotniidukid\",\"potentialAction\":[{\"@type\":\"SearchAction\",\"target\":{\"@type\":\"EntryPoint\",\"urlTemplate\":\"https:\/\/reginett.ee\/?s={search_term_string}\"},\"query-input\":{\"@type\":\"PropertyValueSpecification\",\"valueRequired\":true,\"valueName\":\"search_term_string\"}}],\"inLanguage\":\"ru-RU\"}]}<\/script>\n<!-- \/ Yoast SEO plugin. -->","yoast_head_json":{"title":"Akuga muruniiduk EGO LM2021E-SP. Parimad EGO akutooted","description":"Akuga muruniiduk EGO Power+ LM2021E-SP 50cm iseliikuv niiduk sobib ideaalselt suuremate aedade hooldamiseks, aidates muuta muruhoolduse kiiremaks,","robots":{"index":"index","follow":"follow","max-snippet":"max-snippet:-1","max-image-preview":"max-image-preview:large","max-video-preview":"max-video-preview:-1"},"canonical":"https:\/\/reginett.ee\/toode\/akuga-muruniiduk-ego-lm2021e-sp\/","og_locale":"ru_RU","og_type":"article","og_title":"Akuga muruniiduk EGO LM2021E-SP. Parimad EGO akutooted","og_description":"Akuga muruniiduk EGO Power+ LM2021E-SP 50cm iseliikuv niiduk sobib ideaalselt suuremate aedade hooldamiseks, aidates muuta muruhoolduse kiiremaks,","og_url":"https:\/\/reginett.ee\/toode\/akuga-muruniiduk-ego-lm2021e-sp\/","og_site_name":"Reginett","article_modified_time":"2025-06-20T10:45:08+00:00","og_image":[{"width":680,"height":372,"url":"https:\/\/reginett.ee\/wp-content\/uploads\/2025\/06\/Akuga-muruniiduk-EGO-LM2021E-SP.webp","type":"image\/webp"}],"twitter_card":"summary_large_image","twitter_misc":{"\u041f\u0440\u0438\u043c\u0435\u0440\u043d\u043e\u0435 \u0432\u0440\u0435\u043c\u044f \u0434\u043b\u044f \u0447\u0442\u0435\u043d\u0438\u044f":"3 \u043c\u0438\u043d\u0443\u0442\u044b"},"schema":{"@context":"https:\/\/schema.org","@graph":[{"@type":"WebPage","@id":"https:\/\/reginett.ee\/toode\/akuga-muruniiduk-ego-lm2021e-sp\/","url":"https:\/\/reginett.ee\/toode\/akuga-muruniiduk-ego-lm2021e-sp\/","name":"Akuga muruniiduk EGO LM2021E-SP. Parimad EGO akutooted","isPartOf":{"@id":"https:\/\/reginett.ee\/#website"},"primaryImageOfPage":{"@id":"https:\/\/reginett.ee\/toode\/akuga-muruniiduk-ego-lm2021e-sp\/#primaryimage"},"image":{"@id":"https:\/\/reginett.ee\/toode\/akuga-muruniiduk-ego-lm2021e-sp\/#primaryimage"},"thumbnailUrl":"https:\/\/reginett.ee\/wp-content\/uploads\/2025\/06\/Akuga-muruniiduk-EGO-LM2021E-SP.webp","datePublished":"2025-05-03T09:11:44+00:00","dateModified":"2025-06-20T10:45:08+00:00","description":"Akuga muruniiduk EGO Power+ LM2021E-SP 50cm iseliikuv niiduk sobib ideaalselt suuremate aedade hooldamiseks, aidates muuta muruhoolduse kiiremaks,","breadcrumb":{"@id":"https:\/\/reginett.ee\/toode\/akuga-muruniiduk-ego-lm2021e-sp\/#breadcrumb"},"inLanguage":"ru-RU","potentialAction":[{"@type":"ReadAction","target":["https:\/\/reginett.ee\/toode\/akuga-muruniiduk-ego-lm2021e-sp\/"]}]},{"@type":"ImageObject","inLanguage":"ru-RU","@id":"https:\/\/reginett.ee\/toode\/akuga-muruniiduk-ego-lm2021e-sp\/#primaryimage","url":"https:\/\/reginett.ee\/wp-content\/uploads\/2025\/06\/Akuga-muruniiduk-EGO-LM2021E-SP.webp","contentUrl":"https:\/\/reginett.ee\/wp-content\/uploads\/2025\/06\/Akuga-muruniiduk-EGO-LM2021E-SP.webp","width":680,"height":372},{"@type":"BreadcrumbList","@id":"https:\/\/reginett.ee\/toode\/akuga-muruniiduk-ego-lm2021e-sp\/#breadcrumb","itemListElement":[{"@type":"ListItem","position":1,"name":"Home","item":"https:\/\/reginett.ee\/ru\/"},{"@type":"ListItem","position":2,"name":"Tooted","item":"https:\/\/reginett.ee\/tooted\/"},{"@type":"ListItem","position":3,"name":"Akuga muruniiduk EGO LM2021E-SP"}]},{"@type":"WebSite","@id":"https:\/\/reginett.ee\/#website","url":"https:\/\/reginett.ee\/","name":"Reginett","description":"Parimad robotniidukid","potentialAction":[{"@type":"SearchAction","target":{"@type":"EntryPoint","urlTemplate":"https:\/\/reginett.ee\/?s={search_term_string}"},"query-input":{"@type":"PropertyValueSpecification","valueRequired":true,"valueName":"search_term_string"}}],"inLanguage":"ru-RU"}]}},"brands":[{"id":486,"name":"EGO","slug":"ego"}],"_links":{"self":[{"href":"https:\/\/reginett.ee\/ru\/wp-json\/wp\/v2\/product\/62752","targetHints":{"allow":["GET"]}}],"collection":[{"href":"https:\/\/reginett.ee\/ru\/wp-json\/wp\/v2\/product"}],"about":[{"href":"https:\/\/reginett.ee\/ru\/wp-json\/wp\/v2\/types\/product"}],"replies":[{"embeddable":true,"href":"https:\/\/reginett.ee\/ru\/wp-json\/wp\/v2\/comments?post=62752"}],"wp:featuredmedia":[{"embeddable":true,"href":"https:\/\/reginett.ee\/ru\/wp-json\/wp\/v2\/media\/62753"}],"wp:attachment":[{"href":"https:\/\/reginett.ee\/ru\/wp-json\/wp\/v2\/media?parent=62752"}],"wp:term":[{"taxonomy":"pwb-brand","embeddable":true,"href":"https:\/\/reginett.ee\/ru\/wp-json\/wp\/v2\/pwb-brand?post=62752"},{"taxonomy":"product_brand","embeddable":true,"href":"https:\/\/reginett.ee\/ru\/wp-json\/wp\/v2\/product_brand?post=62752"},{"taxonomy":"product_cat","embeddable":true,"href":"https:\/\/reginett.ee\/ru\/wp-json\/wp\/v2\/product_cat?post=62752"},{"taxonomy":"product_tag","embeddable":true,"href":"https:\/\/reginett.ee\/ru\/wp-json\/wp\/v2\/product_tag?post=62752"}],"curies":[{"name":"wp","href":"https:\/\/api.w.org\/{rel}","templated":true}]}}