{"id":62734,"date":"2026-04-01T14:27:39","date_gmt":"2026-04-01T11:27:39","guid":{"rendered":"https:\/\/reginett.ee\/?post_type=product&#038;p=62734"},"modified":"2026-04-02T12:18:40","modified_gmt":"2026-04-02T09:18:40","slug":"nullpoorderaadiusega-niiduk-toro-titan-zxm6075-kawasaki-152cm-uus","status":"publish","type":"product","link":"https:\/\/reginett.ee\/ru\/toode\/nullpoorderaadiusega-niiduk-toro-titan-zxm6075-kawasaki-152cm-uus\/","title":{"rendered":"Nullp\u00f6\u00f6rderaadiusega niiduk TORO Titan ZXM6075 Kawasaki 152cm UUS!"},"content":{"rendered":"<div class=\"description\">\n<p><strong>Nullp\u00f6\u00f6rderaadiusega niiduk TORO Titan ZXM6075<\/strong> on masin, mis tuleb toime ka k\u00f5ige raskemate t\u00f6\u00f6dega. Uus TORO Titan, mille puhul on kasutatud meie kommertsklassi tootesarjaga sama tehnoloogiat, pakub professionaalsel tasemel sooritust ja tagab teie aia suurep\u00e4rase v\u00e4ljan\u00e4gemise paljudeks aastateks.<\/p>\n<p><strong>L\u00f5pp konarlikel s\u00f5itudel.<\/strong>\u00a0Kaitske oma keha karmi maastiku eest ja v\u00e4ltige aeglast niitmist, kasutades MyRIDE vedrustuss\u00fcsteemi.<\/p>\n<p>T\u00e4nu MyRIDE\u2019ile on teil tegevusest hea \u00fclevaade ja niiduk summutab k\u00f5ik maastiku ebatasasustest tingitud p\u00f5rutused, ilma et need teid m\u00f5jutaksid.<\/p>\n<p>&nbsp;<\/p>\n<h3 class=\"name\">Kawasaki V-Twin Mootor<\/h3>\n<div class=\"description\">726cc Kawasaki V-Twin mootorid on valmistatud silmas pidades professionaalide vajadusi. V\u00f5ite kindlad olla selle vastupidavuses ja kvaliteedis.<\/div>\n<\/div>\n<div><\/div>\n<div>\n<h3 class=\"name\">MyRIDE\u00ae vedrustuss\u00fcsteem<\/h3>\n<div class=\"description\">Kaitske oma keha karmi maastiku eest ja v\u00e4ltige aeglast niitmist, kasutades MyRIDE vedrustuss\u00fcsteemi. T\u00e4nu MyRIDE\u2019ile on teil tegevusest hea \u00fclevaade ja niiduk summutab k\u00f5ik maastiku ebatasasustest tingitud p\u00f5rutused, ilma et need teid m\u00f5jutaksid.<\/div>\n<div><\/div>\n<\/div>\n<div>\n<h3 class=\"name\">Laiad ja suure mustriga tagarehvid<\/h3>\n<div class=\"description\">Laiad ja suure mustriga tagarehvid tagavad kindla pidamise ka pehmes pinnases.<\/div>\n<div><\/div>\n<\/div>\n<div>\n<h3 class=\"name\">Vastupidav terasest t\u00e4israam<\/h3>\n<div class=\"description\">\u00dches t\u00fckis terasest raam pakub optimaalse tasakaalu j\u00e4ikusest ja paindlikkusest \u2013 kiireks ja man\u00f6\u00f6verdamis mahukaks niitmise t\u00f6\u00f6ks.<\/div>\n<div><\/div>\n<div>\n<h3 class=\"name\">IronForged\u00ae-i keeviskorpus<\/h3>\n<div class=\"description\">Sepisrauast l\u00f5ikekorpuse n\u00e4htavad eelised on suurem vastupidavus ja t\u00e4psem l\u00f5ikamine. Selle vastupidav konstruktsioon tagab puhta ja \u00fchtlase l\u00f5ike, mis suurendab j\u00f5udlust ja kestvust.<\/div>\n<div><\/div>\n<div>\n<h3 class=\"name\">2x H\u00fcdrosataatiline \u00fclekanne<\/h3>\n<div class=\"description\">S\u00f5ltumatu 2x h\u00fcdrostaatiline veo\u00fclekanne annab masinale tundliku reageerimise ja null-p\u00f6\u00f6rdega man\u00f6\u00f6verdamise v\u00f5ime. P\u00fcsivaks vastupidavuseks ja paremaks j\u00f5udluseks on eraldi seisvad k\u00e4igukastid, mis on kinnitatud Toro t\u00e4israamile ja toestatud p\u00f5iklattidega.<\/div>\n<\/div>\n<\/div>\n<\/div>\n","protected":false},"excerpt":{"rendered":"<p><strong>Nullp\u00f6\u00f6rderaadiusega niiduk TORO Titan ZXM6075<\/strong> on masin, mis tuleb toime ka k\u00f5ige raskemate t\u00f6\u00f6dega. Uus TORO Titan, mille puhul on kasutatud meie kommertsklassi tootesarjaga sama tehnoloogiat, pakub professionaalsel tasemel sooritust ja tagab teie aia suurep\u00e4rase v\u00e4ljan\u00e4gemise paljudeks aastateks.<\/p>\n","protected":false},"featured_media":62735,"comment_status":"open","ping_status":"closed","template":"","meta":{"_acf_changed":false,"_et_pb_use_builder":"","_et_pb_old_content":"","_et_gb_content_width":"","inline_featured_image":false},"pwb-brand":[148],"product_brand":[],"product_cat":[57],"product_tag":[731],"class_list":{"0":"post-62734","1":"product","2":"type-product","3":"status-publish","4":"has-post-thumbnail","6":"pwb-brand-toro","7":"product_cat-zeroturnid","8":"product_tag-toro-titan-zxm6075","9":"product_shipping_class-rasked-asjad","11":"first","12":"instock","13":"sale","14":"shipping-taxable","15":"purchasable","16":"product-type-simple"},"acf":[],"yoast_head":"<!-- This site is optimized with the Yoast SEO plugin v26.6 - https:\/\/yoast.com\/wordpress\/plugins\/seo\/ -->\n<title>Nullp\u00f6\u00f6rderaadiusega niiduk TORO Titan ZXM6075 Kawasaki<\/title>\n<meta name=\"description\" content=\"Nullp\u00f6\u00f6rderaadiusega niiduk TORO Titan ZXM6075 on masin, mis tuleb toime ka k\u00f5ige raskemate t\u00f6\u00f6dega. Uus TORO Titan, mille puhul on kasutatud meie\" \/>\n<meta name=\"robots\" content=\"index, follow, max-snippet:-1, max-image-preview:large, max-video-preview:-1\" \/>\n<link rel=\"canonical\" href=\"https:\/\/reginett.ee\/toode\/nullpoorderaadiusega-niiduk-toro-titan-zxm6075-kawasaki-152cm-uus\/\" \/>\n<meta property=\"og:locale\" content=\"ru_RU\" \/>\n<meta property=\"og:type\" content=\"article\" \/>\n<meta property=\"og:title\" content=\"Nullp\u00f6\u00f6rderaadiusega niiduk TORO Titan ZXM6075 Kawasaki\" \/>\n<meta property=\"og:description\" content=\"Nullp\u00f6\u00f6rderaadiusega niiduk TORO Titan ZXM6075 on masin, mis tuleb toime ka k\u00f5ige raskemate t\u00f6\u00f6dega. Uus TORO Titan, mille puhul on kasutatud meie\" \/>\n<meta property=\"og:url\" content=\"https:\/\/reginett.ee\/toode\/nullpoorderaadiusega-niiduk-toro-titan-zxm6075-kawasaki-152cm-uus\/\" \/>\n<meta property=\"og:site_name\" content=\"Reginett\" \/>\n<meta property=\"article:modified_time\" content=\"2026-04-02T09:18:40+00:00\" \/>\n<meta property=\"og:image\" content=\"https:\/\/reginett.ee\/wp-content\/uploads\/2025\/06\/TORO-TITAN-ZXM6075-Kawasaki-Reginett.webp\" \/>\n\t<meta property=\"og:image:width\" content=\"680\" \/>\n\t<meta property=\"og:image:height\" content=\"372\" \/>\n\t<meta property=\"og:image:type\" content=\"image\/webp\" \/>\n<meta name=\"twitter:card\" content=\"summary_large_image\" \/>\n<meta name=\"twitter:label1\" content=\"\u041f\u0440\u0438\u043c\u0435\u0440\u043d\u043e\u0435 \u0432\u0440\u0435\u043c\u044f \u0434\u043b\u044f \u0447\u0442\u0435\u043d\u0438\u044f\" \/>\n\t<meta name=\"twitter:data1\" content=\"2 \u043c\u0438\u043d\u0443\u0442\u044b\" \/>\n<script type=\"application\/ld+json\" class=\"yoast-schema-graph\">{\"@context\":\"https:\/\/schema.org\",\"@graph\":[{\"@type\":\"WebPage\",\"@id\":\"https:\/\/reginett.ee\/toode\/nullpoorderaadiusega-niiduk-toro-titan-zxm6075-kawasaki-152cm-uus\/\",\"url\":\"https:\/\/reginett.ee\/toode\/nullpoorderaadiusega-niiduk-toro-titan-zxm6075-kawasaki-152cm-uus\/\",\"name\":\"Nullp\u00f6\u00f6rderaadiusega niiduk TORO Titan ZXM6075 Kawasaki\",\"isPartOf\":{\"@id\":\"https:\/\/reginett.ee\/#website\"},\"primaryImageOfPage\":{\"@id\":\"https:\/\/reginett.ee\/toode\/nullpoorderaadiusega-niiduk-toro-titan-zxm6075-kawasaki-152cm-uus\/#primaryimage\"},\"image\":{\"@id\":\"https:\/\/reginett.ee\/toode\/nullpoorderaadiusega-niiduk-toro-titan-zxm6075-kawasaki-152cm-uus\/#primaryimage\"},\"thumbnailUrl\":\"https:\/\/reginett.ee\/wp-content\/uploads\/2025\/06\/TORO-TITAN-ZXM6075-Kawasaki-Reginett.webp\",\"datePublished\":\"2026-04-01T11:27:39+00:00\",\"dateModified\":\"2026-04-02T09:18:40+00:00\",\"description\":\"Nullp\u00f6\u00f6rderaadiusega niiduk TORO Titan ZXM6075 on masin, mis tuleb toime ka k\u00f5ige raskemate t\u00f6\u00f6dega. Uus TORO Titan, mille puhul on kasutatud meie\",\"breadcrumb\":{\"@id\":\"https:\/\/reginett.ee\/toode\/nullpoorderaadiusega-niiduk-toro-titan-zxm6075-kawasaki-152cm-uus\/#breadcrumb\"},\"inLanguage\":\"ru-RU\",\"potentialAction\":[{\"@type\":\"ReadAction\",\"target\":[\"https:\/\/reginett.ee\/toode\/nullpoorderaadiusega-niiduk-toro-titan-zxm6075-kawasaki-152cm-uus\/\"]}]},{\"@type\":\"ImageObject\",\"inLanguage\":\"ru-RU\",\"@id\":\"https:\/\/reginett.ee\/toode\/nullpoorderaadiusega-niiduk-toro-titan-zxm6075-kawasaki-152cm-uus\/#primaryimage\",\"url\":\"https:\/\/reginett.ee\/wp-content\/uploads\/2025\/06\/TORO-TITAN-ZXM6075-Kawasaki-Reginett.webp\",\"contentUrl\":\"https:\/\/reginett.ee\/wp-content\/uploads\/2025\/06\/TORO-TITAN-ZXM6075-Kawasaki-Reginett.webp\",\"width\":680,\"height\":372,\"caption\":\"TORO TITAN ZXM6075\"},{\"@type\":\"BreadcrumbList\",\"@id\":\"https:\/\/reginett.ee\/toode\/nullpoorderaadiusega-niiduk-toro-titan-zxm6075-kawasaki-152cm-uus\/#breadcrumb\",\"itemListElement\":[{\"@type\":\"ListItem\",\"position\":1,\"name\":\"Home\",\"item\":\"https:\/\/reginett.ee\/ru\/\"},{\"@type\":\"ListItem\",\"position\":2,\"name\":\"Tooted\",\"item\":\"https:\/\/reginett.ee\/tooted\/\"},{\"@type\":\"ListItem\",\"position\":3,\"name\":\"Nullp\u00f6\u00f6rderaadiusega niiduk TORO Titan ZXM6075 Kawasaki 152cm UUS!\"}]},{\"@type\":\"WebSite\",\"@id\":\"https:\/\/reginett.ee\/#website\",\"url\":\"https:\/\/reginett.ee\/\",\"name\":\"Reginett\",\"description\":\"Parimad robotniidukid\",\"potentialAction\":[{\"@type\":\"SearchAction\",\"target\":{\"@type\":\"EntryPoint\",\"urlTemplate\":\"https:\/\/reginett.ee\/?s={search_term_string}\"},\"query-input\":{\"@type\":\"PropertyValueSpecification\",\"valueRequired\":true,\"valueName\":\"search_term_string\"}}],\"inLanguage\":\"ru-RU\"}]}<\/script>\n<!-- \/ Yoast SEO plugin. -->","yoast_head_json":{"title":"Nullp\u00f6\u00f6rderaadiusega niiduk TORO Titan ZXM6075 Kawasaki","description":"Nullp\u00f6\u00f6rderaadiusega niiduk TORO Titan ZXM6075 on masin, mis tuleb toime ka k\u00f5ige raskemate t\u00f6\u00f6dega. Uus TORO Titan, mille puhul on kasutatud meie","robots":{"index":"index","follow":"follow","max-snippet":"max-snippet:-1","max-image-preview":"max-image-preview:large","max-video-preview":"max-video-preview:-1"},"canonical":"https:\/\/reginett.ee\/toode\/nullpoorderaadiusega-niiduk-toro-titan-zxm6075-kawasaki-152cm-uus\/","og_locale":"ru_RU","og_type":"article","og_title":"Nullp\u00f6\u00f6rderaadiusega niiduk TORO Titan ZXM6075 Kawasaki","og_description":"Nullp\u00f6\u00f6rderaadiusega niiduk TORO Titan ZXM6075 on masin, mis tuleb toime ka k\u00f5ige raskemate t\u00f6\u00f6dega. Uus TORO Titan, mille puhul on kasutatud meie","og_url":"https:\/\/reginett.ee\/toode\/nullpoorderaadiusega-niiduk-toro-titan-zxm6075-kawasaki-152cm-uus\/","og_site_name":"Reginett","article_modified_time":"2026-04-02T09:18:40+00:00","og_image":[{"width":680,"height":372,"url":"https:\/\/reginett.ee\/wp-content\/uploads\/2025\/06\/TORO-TITAN-ZXM6075-Kawasaki-Reginett.webp","type":"image\/webp"}],"twitter_card":"summary_large_image","twitter_misc":{"\u041f\u0440\u0438\u043c\u0435\u0440\u043d\u043e\u0435 \u0432\u0440\u0435\u043c\u044f \u0434\u043b\u044f \u0447\u0442\u0435\u043d\u0438\u044f":"2 \u043c\u0438\u043d\u0443\u0442\u044b"},"schema":{"@context":"https:\/\/schema.org","@graph":[{"@type":"WebPage","@id":"https:\/\/reginett.ee\/toode\/nullpoorderaadiusega-niiduk-toro-titan-zxm6075-kawasaki-152cm-uus\/","url":"https:\/\/reginett.ee\/toode\/nullpoorderaadiusega-niiduk-toro-titan-zxm6075-kawasaki-152cm-uus\/","name":"Nullp\u00f6\u00f6rderaadiusega niiduk TORO Titan ZXM6075 Kawasaki","isPartOf":{"@id":"https:\/\/reginett.ee\/#website"},"primaryImageOfPage":{"@id":"https:\/\/reginett.ee\/toode\/nullpoorderaadiusega-niiduk-toro-titan-zxm6075-kawasaki-152cm-uus\/#primaryimage"},"image":{"@id":"https:\/\/reginett.ee\/toode\/nullpoorderaadiusega-niiduk-toro-titan-zxm6075-kawasaki-152cm-uus\/#primaryimage"},"thumbnailUrl":"https:\/\/reginett.ee\/wp-content\/uploads\/2025\/06\/TORO-TITAN-ZXM6075-Kawasaki-Reginett.webp","datePublished":"2026-04-01T11:27:39+00:00","dateModified":"2026-04-02T09:18:40+00:00","description":"Nullp\u00f6\u00f6rderaadiusega niiduk TORO Titan ZXM6075 on masin, mis tuleb toime ka k\u00f5ige raskemate t\u00f6\u00f6dega. Uus TORO Titan, mille puhul on kasutatud meie","breadcrumb":{"@id":"https:\/\/reginett.ee\/toode\/nullpoorderaadiusega-niiduk-toro-titan-zxm6075-kawasaki-152cm-uus\/#breadcrumb"},"inLanguage":"ru-RU","potentialAction":[{"@type":"ReadAction","target":["https:\/\/reginett.ee\/toode\/nullpoorderaadiusega-niiduk-toro-titan-zxm6075-kawasaki-152cm-uus\/"]}]},{"@type":"ImageObject","inLanguage":"ru-RU","@id":"https:\/\/reginett.ee\/toode\/nullpoorderaadiusega-niiduk-toro-titan-zxm6075-kawasaki-152cm-uus\/#primaryimage","url":"https:\/\/reginett.ee\/wp-content\/uploads\/2025\/06\/TORO-TITAN-ZXM6075-Kawasaki-Reginett.webp","contentUrl":"https:\/\/reginett.ee\/wp-content\/uploads\/2025\/06\/TORO-TITAN-ZXM6075-Kawasaki-Reginett.webp","width":680,"height":372,"caption":"TORO TITAN ZXM6075"},{"@type":"BreadcrumbList","@id":"https:\/\/reginett.ee\/toode\/nullpoorderaadiusega-niiduk-toro-titan-zxm6075-kawasaki-152cm-uus\/#breadcrumb","itemListElement":[{"@type":"ListItem","position":1,"name":"Home","item":"https:\/\/reginett.ee\/ru\/"},{"@type":"ListItem","position":2,"name":"Tooted","item":"https:\/\/reginett.ee\/tooted\/"},{"@type":"ListItem","position":3,"name":"Nullp\u00f6\u00f6rderaadiusega niiduk TORO Titan ZXM6075 Kawasaki 152cm UUS!"}]},{"@type":"WebSite","@id":"https:\/\/reginett.ee\/#website","url":"https:\/\/reginett.ee\/","name":"Reginett","description":"Parimad robotniidukid","potentialAction":[{"@type":"SearchAction","target":{"@type":"EntryPoint","urlTemplate":"https:\/\/reginett.ee\/?s={search_term_string}"},"query-input":{"@type":"PropertyValueSpecification","valueRequired":true,"valueName":"search_term_string"}}],"inLanguage":"ru-RU"}]}},"brands":[{"id":148,"name":"Toro","slug":"toro"}],"_links":{"self":[{"href":"https:\/\/reginett.ee\/ru\/wp-json\/wp\/v2\/product\/62734","targetHints":{"allow":["GET"]}}],"collection":[{"href":"https:\/\/reginett.ee\/ru\/wp-json\/wp\/v2\/product"}],"about":[{"href":"https:\/\/reginett.ee\/ru\/wp-json\/wp\/v2\/types\/product"}],"replies":[{"embeddable":true,"href":"https:\/\/reginett.ee\/ru\/wp-json\/wp\/v2\/comments?post=62734"}],"wp:featuredmedia":[{"embeddable":true,"href":"https:\/\/reginett.ee\/ru\/wp-json\/wp\/v2\/media\/62735"}],"wp:attachment":[{"href":"https:\/\/reginett.ee\/ru\/wp-json\/wp\/v2\/media?parent=62734"}],"wp:term":[{"taxonomy":"pwb-brand","embeddable":true,"href":"https:\/\/reginett.ee\/ru\/wp-json\/wp\/v2\/pwb-brand?post=62734"},{"taxonomy":"product_brand","embeddable":true,"href":"https:\/\/reginett.ee\/ru\/wp-json\/wp\/v2\/product_brand?post=62734"},{"taxonomy":"product_cat","embeddable":true,"href":"https:\/\/reginett.ee\/ru\/wp-json\/wp\/v2\/product_cat?post=62734"},{"taxonomy":"product_tag","embeddable":true,"href":"https:\/\/reginett.ee\/ru\/wp-json\/wp\/v2\/product_tag?post=62734"}],"curies":[{"name":"wp","href":"https:\/\/api.w.org\/{rel}","templated":true}]}}