{"id":62665,"date":"2025-05-04T12:56:29","date_gmt":"2025-05-04T09:56:29","guid":{"rendered":"https:\/\/reginett.ee\/?post_type=product&#038;p=62665"},"modified":"2025-05-04T12:57:14","modified_gmt":"2025-05-04T09:57:14","slug":"jatkuklamber-husqvarna-automower-5tk-kmpl-uus","status":"publish","type":"product","link":"https:\/\/reginett.ee\/ru\/toode\/jatkuklamber-husqvarna-automower-5tk-kmpl-uus\/","title":{"rendered":"J\u00e4tkuklamber Husqvarna Automower\u00ae 5tk kmpl UUS!"},"content":{"rendered":"<p>Husqvarna Automower\u00ae j\u00e4tkuklambreid saab kasutada piirdekaabli katkestuste parandamiseks, pikenduste lisamiseks v\u00f5i juhtkaablite \u00fchendamiseks. Lihtne kasutada t\u00e4nu tihendile, mis hoiab kaabli paigaldamise ajal paigal. Kaabli sisestused m\u00f5lemal k\u00fcljel teevad klambri tasapinnaliseks ja kaabli katkestuse parandamine on v\u00f5imalik \u00fche klambriga.<\/p>\n<p>Husqvarna j\u00e4tkuklemmi \u00fchendus on usaldusv\u00e4\u00e4rne ja niiskuskindel, mis tagab tugeva ja kauakestva \u00fchenduse.<\/p>\n<p>5tk komplektis.<\/p>\n<p>&nbsp;<\/p>\n","protected":false},"excerpt":{"rendered":"<p>Husqvarna Automower\u00ae j\u00e4tkuklambreid saab kasutada piirdekaabli katkestuste parandamiseks, pikenduste lisamiseks v\u00f5i juhtkaablite \u00fchendamiseks. Lihtne kasutada t\u00e4nu tihendile, mis hoiab kaabli paigaldamise ajal paigal. Kaabli sisestused m\u00f5lemal k\u00fcljel teevad klambri tasapinnaliseks ja kaabli katkestuse parandamine on v\u00f5imalik \u00fche klambriga.<\/p>\n<p>5tk komplektis!<\/p>\n","protected":false},"featured_media":62668,"comment_status":"open","ping_status":"closed","template":"","meta":{"_acf_changed":false,"_et_pb_use_builder":"","_et_pb_old_content":"","_et_gb_content_width":"","inline_featured_image":false},"pwb-brand":[147],"product_brand":[],"product_cat":[120],"product_tag":[730],"class_list":{"0":"post-62665","1":"product","2":"type-product","3":"status-publish","4":"has-post-thumbnail","6":"pwb-brand-husqvarna","7":"product_cat-robotniidukite-lisatarvikud","8":"product_tag-jatkuklambrid","10":"first","11":"instock","12":"shipping-taxable","13":"purchasable","14":"product-type-simple"},"acf":[],"yoast_head":"<!-- This site is optimized with the Yoast SEO plugin v26.6 - https:\/\/yoast.com\/wordpress\/plugins\/seo\/ -->\n<title>J\u00e4tkuklamber Husqvarna Automower\u00ae<\/title>\n<meta name=\"description\" content=\"Husqvarna Automower\u00ae j\u00e4tkuklambreid saab kasutada piirdekaabli katkestuste parandamiseks, pikenduste lisamiseks v\u00f5i juhtkaablite \u00fchendamiseks.\" \/>\n<meta name=\"robots\" content=\"index, follow, max-snippet:-1, max-image-preview:large, max-video-preview:-1\" \/>\n<link rel=\"canonical\" href=\"https:\/\/reginett.ee\/toode\/jatkuklamber-husqvarna-automower-5tk-kmpl-uus\/\" \/>\n<meta property=\"og:locale\" content=\"ru_RU\" \/>\n<meta property=\"og:type\" content=\"article\" \/>\n<meta property=\"og:title\" content=\"J\u00e4tkuklamber Husqvarna Automower\u00ae\" \/>\n<meta property=\"og:description\" content=\"Husqvarna Automower\u00ae j\u00e4tkuklambreid saab kasutada piirdekaabli katkestuste parandamiseks, pikenduste lisamiseks v\u00f5i juhtkaablite \u00fchendamiseks.\" \/>\n<meta property=\"og:url\" content=\"https:\/\/reginett.ee\/toode\/jatkuklamber-husqvarna-automower-5tk-kmpl-uus\/\" \/>\n<meta property=\"og:site_name\" content=\"Reginett\" \/>\n<meta property=\"article:modified_time\" content=\"2025-05-04T09:57:14+00:00\" \/>\n<meta property=\"og:image\" content=\"https:\/\/reginett.ee\/wp-content\/uploads\/2025\/05\/BY-101905.webp\" \/>\n\t<meta property=\"og:image:width\" content=\"558\" \/>\n\t<meta property=\"og:image:height\" content=\"372\" \/>\n\t<meta property=\"og:image:type\" content=\"image\/webp\" \/>\n<meta name=\"twitter:card\" content=\"summary_large_image\" \/>\n<meta name=\"twitter:label1\" content=\"\u041f\u0440\u0438\u043c\u0435\u0440\u043d\u043e\u0435 \u0432\u0440\u0435\u043c\u044f \u0434\u043b\u044f \u0447\u0442\u0435\u043d\u0438\u044f\" \/>\n\t<meta name=\"twitter:data1\" content=\"1 \u043c\u0438\u043d\u0443\u0442\u0430\" \/>\n<script type=\"application\/ld+json\" class=\"yoast-schema-graph\">{\"@context\":\"https:\/\/schema.org\",\"@graph\":[{\"@type\":\"WebPage\",\"@id\":\"https:\/\/reginett.ee\/toode\/jatkuklamber-husqvarna-automower-5tk-kmpl-uus\/\",\"url\":\"https:\/\/reginett.ee\/toode\/jatkuklamber-husqvarna-automower-5tk-kmpl-uus\/\",\"name\":\"J\u00e4tkuklamber Husqvarna Automower\u00ae\",\"isPartOf\":{\"@id\":\"https:\/\/reginett.ee\/#website\"},\"primaryImageOfPage\":{\"@id\":\"https:\/\/reginett.ee\/toode\/jatkuklamber-husqvarna-automower-5tk-kmpl-uus\/#primaryimage\"},\"image\":{\"@id\":\"https:\/\/reginett.ee\/toode\/jatkuklamber-husqvarna-automower-5tk-kmpl-uus\/#primaryimage\"},\"thumbnailUrl\":\"https:\/\/reginett.ee\/wp-content\/uploads\/2025\/05\/BY-101905.webp\",\"datePublished\":\"2025-05-04T09:56:29+00:00\",\"dateModified\":\"2025-05-04T09:57:14+00:00\",\"description\":\"Husqvarna Automower\u00ae j\u00e4tkuklambreid saab kasutada piirdekaabli katkestuste parandamiseks, pikenduste lisamiseks v\u00f5i juhtkaablite \u00fchendamiseks.\",\"breadcrumb\":{\"@id\":\"https:\/\/reginett.ee\/toode\/jatkuklamber-husqvarna-automower-5tk-kmpl-uus\/#breadcrumb\"},\"inLanguage\":\"ru-RU\",\"potentialAction\":[{\"@type\":\"ReadAction\",\"target\":[\"https:\/\/reginett.ee\/toode\/jatkuklamber-husqvarna-automower-5tk-kmpl-uus\/\"]}]},{\"@type\":\"ImageObject\",\"inLanguage\":\"ru-RU\",\"@id\":\"https:\/\/reginett.ee\/toode\/jatkuklamber-husqvarna-automower-5tk-kmpl-uus\/#primaryimage\",\"url\":\"https:\/\/reginett.ee\/wp-content\/uploads\/2025\/05\/BY-101905.webp\",\"contentUrl\":\"https:\/\/reginett.ee\/wp-content\/uploads\/2025\/05\/BY-101905.webp\",\"width\":558,\"height\":372,\"caption\":\"j\u00e4tkuklemmid\"},{\"@type\":\"BreadcrumbList\",\"@id\":\"https:\/\/reginett.ee\/toode\/jatkuklamber-husqvarna-automower-5tk-kmpl-uus\/#breadcrumb\",\"itemListElement\":[{\"@type\":\"ListItem\",\"position\":1,\"name\":\"Home\",\"item\":\"https:\/\/reginett.ee\/ru\/\"},{\"@type\":\"ListItem\",\"position\":2,\"name\":\"Tooted\",\"item\":\"https:\/\/reginett.ee\/tooted\/\"},{\"@type\":\"ListItem\",\"position\":3,\"name\":\"J\u00e4tkuklamber Husqvarna Automower\u00ae 5tk kmpl UUS!\"}]},{\"@type\":\"WebSite\",\"@id\":\"https:\/\/reginett.ee\/#website\",\"url\":\"https:\/\/reginett.ee\/\",\"name\":\"Reginett\",\"description\":\"Parimad robotniidukid\",\"potentialAction\":[{\"@type\":\"SearchAction\",\"target\":{\"@type\":\"EntryPoint\",\"urlTemplate\":\"https:\/\/reginett.ee\/?s={search_term_string}\"},\"query-input\":{\"@type\":\"PropertyValueSpecification\",\"valueRequired\":true,\"valueName\":\"search_term_string\"}}],\"inLanguage\":\"ru-RU\"}]}<\/script>\n<!-- \/ Yoast SEO plugin. -->","yoast_head_json":{"title":"J\u00e4tkuklamber Husqvarna Automower\u00ae","description":"Husqvarna Automower\u00ae j\u00e4tkuklambreid saab kasutada piirdekaabli katkestuste parandamiseks, pikenduste lisamiseks v\u00f5i juhtkaablite \u00fchendamiseks.","robots":{"index":"index","follow":"follow","max-snippet":"max-snippet:-1","max-image-preview":"max-image-preview:large","max-video-preview":"max-video-preview:-1"},"canonical":"https:\/\/reginett.ee\/toode\/jatkuklamber-husqvarna-automower-5tk-kmpl-uus\/","og_locale":"ru_RU","og_type":"article","og_title":"J\u00e4tkuklamber Husqvarna Automower\u00ae","og_description":"Husqvarna Automower\u00ae j\u00e4tkuklambreid saab kasutada piirdekaabli katkestuste parandamiseks, pikenduste lisamiseks v\u00f5i juhtkaablite \u00fchendamiseks.","og_url":"https:\/\/reginett.ee\/toode\/jatkuklamber-husqvarna-automower-5tk-kmpl-uus\/","og_site_name":"Reginett","article_modified_time":"2025-05-04T09:57:14+00:00","og_image":[{"width":558,"height":372,"url":"https:\/\/reginett.ee\/wp-content\/uploads\/2025\/05\/BY-101905.webp","type":"image\/webp"}],"twitter_card":"summary_large_image","twitter_misc":{"\u041f\u0440\u0438\u043c\u0435\u0440\u043d\u043e\u0435 \u0432\u0440\u0435\u043c\u044f \u0434\u043b\u044f \u0447\u0442\u0435\u043d\u0438\u044f":"1 \u043c\u0438\u043d\u0443\u0442\u0430"},"schema":{"@context":"https:\/\/schema.org","@graph":[{"@type":"WebPage","@id":"https:\/\/reginett.ee\/toode\/jatkuklamber-husqvarna-automower-5tk-kmpl-uus\/","url":"https:\/\/reginett.ee\/toode\/jatkuklamber-husqvarna-automower-5tk-kmpl-uus\/","name":"J\u00e4tkuklamber Husqvarna Automower\u00ae","isPartOf":{"@id":"https:\/\/reginett.ee\/#website"},"primaryImageOfPage":{"@id":"https:\/\/reginett.ee\/toode\/jatkuklamber-husqvarna-automower-5tk-kmpl-uus\/#primaryimage"},"image":{"@id":"https:\/\/reginett.ee\/toode\/jatkuklamber-husqvarna-automower-5tk-kmpl-uus\/#primaryimage"},"thumbnailUrl":"https:\/\/reginett.ee\/wp-content\/uploads\/2025\/05\/BY-101905.webp","datePublished":"2025-05-04T09:56:29+00:00","dateModified":"2025-05-04T09:57:14+00:00","description":"Husqvarna Automower\u00ae j\u00e4tkuklambreid saab kasutada piirdekaabli katkestuste parandamiseks, pikenduste lisamiseks v\u00f5i juhtkaablite \u00fchendamiseks.","breadcrumb":{"@id":"https:\/\/reginett.ee\/toode\/jatkuklamber-husqvarna-automower-5tk-kmpl-uus\/#breadcrumb"},"inLanguage":"ru-RU","potentialAction":[{"@type":"ReadAction","target":["https:\/\/reginett.ee\/toode\/jatkuklamber-husqvarna-automower-5tk-kmpl-uus\/"]}]},{"@type":"ImageObject","inLanguage":"ru-RU","@id":"https:\/\/reginett.ee\/toode\/jatkuklamber-husqvarna-automower-5tk-kmpl-uus\/#primaryimage","url":"https:\/\/reginett.ee\/wp-content\/uploads\/2025\/05\/BY-101905.webp","contentUrl":"https:\/\/reginett.ee\/wp-content\/uploads\/2025\/05\/BY-101905.webp","width":558,"height":372,"caption":"j\u00e4tkuklemmid"},{"@type":"BreadcrumbList","@id":"https:\/\/reginett.ee\/toode\/jatkuklamber-husqvarna-automower-5tk-kmpl-uus\/#breadcrumb","itemListElement":[{"@type":"ListItem","position":1,"name":"Home","item":"https:\/\/reginett.ee\/ru\/"},{"@type":"ListItem","position":2,"name":"Tooted","item":"https:\/\/reginett.ee\/tooted\/"},{"@type":"ListItem","position":3,"name":"J\u00e4tkuklamber Husqvarna Automower\u00ae 5tk kmpl UUS!"}]},{"@type":"WebSite","@id":"https:\/\/reginett.ee\/#website","url":"https:\/\/reginett.ee\/","name":"Reginett","description":"Parimad robotniidukid","potentialAction":[{"@type":"SearchAction","target":{"@type":"EntryPoint","urlTemplate":"https:\/\/reginett.ee\/?s={search_term_string}"},"query-input":{"@type":"PropertyValueSpecification","valueRequired":true,"valueName":"search_term_string"}}],"inLanguage":"ru-RU"}]}},"brands":[{"id":147,"name":"Husqvarna","slug":"husqvarna"}],"_links":{"self":[{"href":"https:\/\/reginett.ee\/ru\/wp-json\/wp\/v2\/product\/62665","targetHints":{"allow":["GET"]}}],"collection":[{"href":"https:\/\/reginett.ee\/ru\/wp-json\/wp\/v2\/product"}],"about":[{"href":"https:\/\/reginett.ee\/ru\/wp-json\/wp\/v2\/types\/product"}],"replies":[{"embeddable":true,"href":"https:\/\/reginett.ee\/ru\/wp-json\/wp\/v2\/comments?post=62665"}],"wp:featuredmedia":[{"embeddable":true,"href":"https:\/\/reginett.ee\/ru\/wp-json\/wp\/v2\/media\/62668"}],"wp:attachment":[{"href":"https:\/\/reginett.ee\/ru\/wp-json\/wp\/v2\/media?parent=62665"}],"wp:term":[{"taxonomy":"pwb-brand","embeddable":true,"href":"https:\/\/reginett.ee\/ru\/wp-json\/wp\/v2\/pwb-brand?post=62665"},{"taxonomy":"product_brand","embeddable":true,"href":"https:\/\/reginett.ee\/ru\/wp-json\/wp\/v2\/product_brand?post=62665"},{"taxonomy":"product_cat","embeddable":true,"href":"https:\/\/reginett.ee\/ru\/wp-json\/wp\/v2\/product_cat?post=62665"},{"taxonomy":"product_tag","embeddable":true,"href":"https:\/\/reginett.ee\/ru\/wp-json\/wp\/v2\/product_tag?post=62665"}],"curies":[{"name":"wp","href":"https:\/\/api.w.org\/{rel}","templated":true}]}}