{"id":62616,"date":"2025-05-18T08:34:15","date_gmt":"2025-05-18T05:34:15","guid":{"rendered":"https:\/\/reginett.ee\/?post_type=product&#038;p=62616"},"modified":"2025-06-20T13:49:15","modified_gmt":"2025-06-20T10:49:15","slug":"robotniiduk-gardena-smart-sileno-max-800m%c2%b2","status":"publish","type":"product","link":"https:\/\/reginett.ee\/ru\/toode\/robotniiduk-gardena-smart-sileno-max-800m%c2%b2\/","title":{"rendered":"Robotniiduk Gardena smart SILENO max 800m\u00b2"},"content":{"rendered":"<div class=\"checkout-text-dark readmore js-read-more is-expanded\" data-rm-words=\"75\">\n<p><strong>Robotniiduk Gardena smart SILENO max 800m\u00b2\u00a0<\/strong>on nutikas ja efektiivne abiline sinu aeda.<\/p>\n<ul>\n<li><\/li>\n<li>Trim-to-Edge \u00e4\u00e4rel\u00f5ikus kuni 1 cm l\u00e4hedalt n\u00e4iteks nagu seinad ja aiad<\/li>\n<li>LONA\u2122 Intelligence*: AI-p\u00f5hine tehnoloogia, mis \u00f5pib, kaardistab ja kohandub konkreetse aiaga<\/li>\n<li>Kokkup\u00f5rkevastane radar: lisatarvik, mis kaitseb niidukit ja aia\u00fcmbrust (m\u00fc\u00fcakse eraldi)<\/li>\n<li>DuoConnect v\u00f5imaldab teil minna \u00fcle smart funktsioonidele*, mil iganes soovite<\/li>\n<li>Komplektis: 1x GARDENA smart SILENO max 800 m\u00b2, 1x laadimisjaam, 1x 150 m piirdekaabel, 200x konksud, 6x pistikud, 5x liitmikud<\/li>\n<\/ul>\n<p>\u00d5pib. Kohaneb. Areneb. Hooldatud muru jaoks. Hankige GARDENA smart SILENO max robotniidukiga veenvat niiduj\u00f5udu. Kombineerides kaks l\u00f5ikegaketast GARDENA tehisintellektil p\u00f5hineva tehnoloogiaga LONA\u2122 Intelligence*, l\u00f5ikab see smart robotniiduk kuni 800 m\u00b2 suurust muru hoolikalt ja t\u00e4pselt.<\/p>\n<h4>Trim-to-Edge \u00e4\u00e4rel\u00f5ikus<\/h4>\n<p><strong>Robotniiduk smart SILENO max<\/strong> patrullib teie piirdekaabliga \u00fcmbritsetud alal j\u00f5uliselt ja t\u00e4pselt. Korraliku ja puhta viimistluse saamiseks niidab smart SILENO max muru tugevate seinte, piirete ja aedade k\u00f5rvalt 1 cm kauguselt.<\/p>\n<h4>LONA\u2122 Intelligence<\/h4>\n<p>T\u00e4nu LONA\u2122 Intelligence&#8217;ile tunneb teie smart niiduk teie muru kuju nagu teie viite s\u00f5rme. AI-p\u00f5hist tehnoloogiat kasutades \u00f5pib, kaardistab ja kohandub \u00fcksikute aedadega. Saate j\u00e4lgida oma SILENO liikumist reaalajas, lihtsalt m\u00e4\u00e4rata niitmiskeelualad v\u00f5i niitmistsoonid ning seadistada nende jaoks eritellimusel hoolduss\u00e4tted \u2013 seda saab mugavalt teha GARDENA smart rakenduses*. Aitab saavutada t\u00e4pseid niitmistulemusi praegu ja tulevikus.<\/p>\n<h4>Kokkup\u00f5rkevastane radar, lisavarustus<\/h4>\n<p>V\u00f5tke oma smart SILENO max robotniidukist maksimumi kokkup\u00f5rkevastase radariga(m\u00fc\u00fcakse eraldi). Lihtsa t\u00f6\u00f6riistadeta paigaldusega on see h\u00f5lpsasti kasutatav tarvik kaitseb robotniidukit ja aia\u00fcmbrust kahjustuste eest, mida p\u00f5hjustavad kokkup\u00f5rked objektidega.<\/p>\n<h4>DuoConnect valikuvabadus<\/h4>\n<p>DuoConnecti ja smart Gateway (m\u00fc\u00fcakse eraldi) abil saate \u00fchendada oma smart SILENO pro GARDENA smart rakendusega ja uuendada oma smart robotniiduki kasutuskogemust lihtsa Bluetoothi \u200b\u200brakenduse** funktsioonide hulgast GARDENA smarts\u00fcsteemiks*, millal iganes soovite.<\/p>\n<h4>Topelt l\u00f5ikeketas<\/h4>\n<p>Smart SILENO max robotniiduk Komplektis mitte \u00fchte, vaid kahte l\u00f5ikeketast \u2013 t\u00f5husa niitmisaja ja parema muru katvuse tagamiseks. *Nutika SILENO maxi kasutamiseks on vaja GARDENA Bluetooth\u00ae rakendust v\u00f5i GARDENA nutikat rakendust. M\u00f5lema rakenduse puhul on soovitatav kasutada nutitelefoni v\u00f5i tahvelarvutit, millel on iOS 17\/Android 9 v\u00f5i uuem. Rakenduse GARDENA Bluetooth\u00ae jaoks on rakenduses saadaval meie n\u00f5uded ja tingimused ning privaatsusteatis, mis teavitab teid teie isikuandmete t\u00f6\u00f6tlemisest rakenduse GARDENA Bluetooth\u00ae kasutamise ajal. Nutika SILENO max kasutamine GARDENA nutis\u00fcsteemi sees ja ka LONATM Intelligence\u2019i kasutamine eeldavad nutikat Gateway\u2019d (art nr 19005-20, m\u00fc\u00fcakse eraldi), piisavat interneti\u00fchendust ja GARDENA nutirakendust. GARDENA nutirakenduse kasutamiseks peate registreeruma veebis ja looma GARDENA v\u00f5i meie ettev\u00f5tte kontserni Husqvarna Groupi kasutajakonto. Lisaks on n\u00f5usolek meie tingimustega n\u00f5utav GARDENA smart rakenduses, mis on saadaval aadressil www.gardena.com\/smartapp-terms. Teavitame teid GARDENA nutirakenduse kasutamise ajal teie isikuandmete t\u00f6\u00f6tlemisest meie privaatsusteatises, mis on saadaval aadressil www.gardena.com\/smartapp-privacy. **Meie n\u00f5uded ja tingimused ning privaatsusteatis, mis teavitab teid teie isikuandmete t\u00f6\u00f6tlemisest GARDENA Bluetooth\u00ae rakenduse kasutamise ajal, on rakenduses saadaval (soovitatav on kasutada nutitelefonis v\u00f5i tahvelarvutis operatsioonis\u00fcsteemiga iOS 17\/Android 9 v\u00f5i uuem).<\/p>\n<\/div>\n","protected":false},"excerpt":{"rendered":"<p><strong>Robotniiduk Gardena smart SILENO max 800m\u00b2\u00a0<\/strong>on nutikas ja efektiivne abiline sinu aeda.<\/p>\n<ul>\n<li><\/li>\n<li>Trim-to-Edge \u00e4\u00e4rel\u00f5ikus kuni 1 cm l\u00e4hedalt n\u00e4iteks nagu seinad ja aiad<\/li>\n<li>LONA\u2122 Intelligence*: AI-p\u00f5hine tehnoloogia, mis \u00f5pib, kaardistab ja kohandub konkreetse aiaga<\/li>\n<li>Kokkup\u00f5rkevastane radar: lisatarvik, mis kaitseb niidukit ja aia\u00fcmbrust (m\u00fc\u00fcakse eraldi)<\/li>\n<li>DuoConnect v\u00f5imaldab teil minna \u00fcle smart funktsioonidele*, mil iganes soovite<\/li>\n<li>Komplektis: 1x GARDENA smart SILENO max 800 m\u00b2, 1x laadimisjaam, 1x 150 m piirdekaabel, 200x konksud, 6x pistikud, 5x liitmikud<\/li>\n<\/ul>\n","protected":false},"featured_media":62625,"comment_status":"open","ping_status":"closed","template":"","meta":{"_acf_changed":false,"_et_pb_use_builder":"","_et_pb_old_content":"","_et_gb_content_width":"","inline_featured_image":false},"pwb-brand":[718],"product_brand":[],"product_cat":[733,19],"product_tag":[729],"class_list":{"0":"post-62616","1":"product","2":"type-product","3":"status-publish","4":"has-post-thumbnail","6":"pwb-brand-gardena","7":"product_cat-gardena","8":"product_cat-robotniidukid","9":"product_tag-smart-sileno-max-800-m","10":"product_shipping_class-soodsam-kuller-15-eur","12":"first","13":"instock","14":"shipping-taxable","15":"purchasable","16":"product-type-simple"},"acf":[],"yoast_head":"<!-- This site is optimized with the Yoast SEO plugin v26.6 - https:\/\/yoast.com\/wordpress\/plugins\/seo\/ -->\n<title>Robotniiduk Gardena smart SILENO max 800m\u00b2<\/title>\n<meta name=\"description\" content=\"Robotniiduk Gardena smart SILENO max 800m\u00b2\u00a0on nutikas ja efektiivne abiline sinu aeda.Trim-to-Edge \u00e4\u00e4rel\u00f5ikus kuni 1 cm l\u00e4hedalt n\u00e4iteks nagu seinad ja aiad\" \/>\n<meta name=\"robots\" content=\"index, follow, max-snippet:-1, max-image-preview:large, max-video-preview:-1\" \/>\n<link rel=\"canonical\" href=\"https:\/\/reginett.ee\/toode\/robotniiduk-gardena-smart-sileno-max-800m\u00b2\/\" \/>\n<meta property=\"og:locale\" content=\"ru_RU\" \/>\n<meta property=\"og:type\" content=\"article\" \/>\n<meta property=\"og:title\" content=\"Robotniiduk Gardena smart SILENO max 800m\u00b2\" \/>\n<meta property=\"og:description\" content=\"Robotniiduk Gardena smart SILENO max 800m\u00b2\u00a0on nutikas ja efektiivne abiline sinu aeda.Trim-to-Edge \u00e4\u00e4rel\u00f5ikus kuni 1 cm l\u00e4hedalt n\u00e4iteks nagu seinad ja aiad\" \/>\n<meta property=\"og:url\" content=\"https:\/\/reginett.ee\/toode\/robotniiduk-gardena-smart-sileno-max-800m\u00b2\/\" \/>\n<meta property=\"og:site_name\" content=\"Reginett\" \/>\n<meta property=\"article:modified_time\" content=\"2025-06-20T10:49:15+00:00\" \/>\n<meta property=\"og:image\" content=\"https:\/\/reginett.ee\/wp-content\/uploads\/2025\/04\/smart-SILENO-max-800-m\u00b2.webp\" \/>\n\t<meta property=\"og:image:width\" content=\"372\" \/>\n\t<meta property=\"og:image:height\" content=\"372\" \/>\n\t<meta property=\"og:image:type\" content=\"image\/webp\" \/>\n<meta name=\"twitter:card\" content=\"summary_large_image\" \/>\n<meta name=\"twitter:label1\" content=\"\u041f\u0440\u0438\u043c\u0435\u0440\u043d\u043e\u0435 \u0432\u0440\u0435\u043c\u044f \u0434\u043b\u044f \u0447\u0442\u0435\u043d\u0438\u044f\" \/>\n\t<meta name=\"twitter:data1\" content=\"3 \u043c\u0438\u043d\u0443\u0442\u044b\" \/>\n<script type=\"application\/ld+json\" class=\"yoast-schema-graph\">{\"@context\":\"https:\/\/schema.org\",\"@graph\":[{\"@type\":\"WebPage\",\"@id\":\"https:\/\/reginett.ee\/toode\/robotniiduk-gardena-smart-sileno-max-800m%c2%b2\/\",\"url\":\"https:\/\/reginett.ee\/toode\/robotniiduk-gardena-smart-sileno-max-800m%c2%b2\/\",\"name\":\"Robotniiduk Gardena smart SILENO max 800m\u00b2\",\"isPartOf\":{\"@id\":\"https:\/\/reginett.ee\/#website\"},\"primaryImageOfPage\":{\"@id\":\"https:\/\/reginett.ee\/toode\/robotniiduk-gardena-smart-sileno-max-800m%c2%b2\/#primaryimage\"},\"image\":{\"@id\":\"https:\/\/reginett.ee\/toode\/robotniiduk-gardena-smart-sileno-max-800m%c2%b2\/#primaryimage\"},\"thumbnailUrl\":\"https:\/\/reginett.ee\/wp-content\/uploads\/2025\/04\/smart-SILENO-max-800-m\u00b2.webp\",\"datePublished\":\"2025-05-18T05:34:15+00:00\",\"dateModified\":\"2025-06-20T10:49:15+00:00\",\"description\":\"Robotniiduk Gardena smart SILENO max 800m\u00b2\u00a0on nutikas ja efektiivne abiline sinu aeda.Trim-to-Edge \u00e4\u00e4rel\u00f5ikus kuni 1 cm l\u00e4hedalt n\u00e4iteks nagu seinad ja aiad\",\"breadcrumb\":{\"@id\":\"https:\/\/reginett.ee\/toode\/robotniiduk-gardena-smart-sileno-max-800m%c2%b2\/#breadcrumb\"},\"inLanguage\":\"ru-RU\",\"potentialAction\":[{\"@type\":\"ReadAction\",\"target\":[\"https:\/\/reginett.ee\/toode\/robotniiduk-gardena-smart-sileno-max-800m%c2%b2\/\"]}]},{\"@type\":\"ImageObject\",\"inLanguage\":\"ru-RU\",\"@id\":\"https:\/\/reginett.ee\/toode\/robotniiduk-gardena-smart-sileno-max-800m%c2%b2\/#primaryimage\",\"url\":\"https:\/\/reginett.ee\/wp-content\/uploads\/2025\/04\/smart-SILENO-max-800-m\u00b2.webp\",\"contentUrl\":\"https:\/\/reginett.ee\/wp-content\/uploads\/2025\/04\/smart-SILENO-max-800-m\u00b2.webp\",\"width\":372,\"height\":372,\"caption\":\"smart SILENO max 800 m\u00b2\"},{\"@type\":\"BreadcrumbList\",\"@id\":\"https:\/\/reginett.ee\/toode\/robotniiduk-gardena-smart-sileno-max-800m%c2%b2\/#breadcrumb\",\"itemListElement\":[{\"@type\":\"ListItem\",\"position\":1,\"name\":\"Home\",\"item\":\"https:\/\/reginett.ee\/ru\/\"},{\"@type\":\"ListItem\",\"position\":2,\"name\":\"Tooted\",\"item\":\"https:\/\/reginett.ee\/tooted\/\"},{\"@type\":\"ListItem\",\"position\":3,\"name\":\"Robotniiduk Gardena smart SILENO max 800m\u00b2\"}]},{\"@type\":\"WebSite\",\"@id\":\"https:\/\/reginett.ee\/#website\",\"url\":\"https:\/\/reginett.ee\/\",\"name\":\"Reginett\",\"description\":\"Parimad robotniidukid\",\"potentialAction\":[{\"@type\":\"SearchAction\",\"target\":{\"@type\":\"EntryPoint\",\"urlTemplate\":\"https:\/\/reginett.ee\/?s={search_term_string}\"},\"query-input\":{\"@type\":\"PropertyValueSpecification\",\"valueRequired\":true,\"valueName\":\"search_term_string\"}}],\"inLanguage\":\"ru-RU\"}]}<\/script>\n<!-- \/ Yoast SEO plugin. -->","yoast_head_json":{"title":"Robotniiduk Gardena smart SILENO max 800m\u00b2","description":"Robotniiduk Gardena smart SILENO max 800m\u00b2\u00a0on nutikas ja efektiivne abiline sinu aeda.Trim-to-Edge \u00e4\u00e4rel\u00f5ikus kuni 1 cm l\u00e4hedalt n\u00e4iteks nagu seinad ja aiad","robots":{"index":"index","follow":"follow","max-snippet":"max-snippet:-1","max-image-preview":"max-image-preview:large","max-video-preview":"max-video-preview:-1"},"canonical":"https:\/\/reginett.ee\/toode\/robotniiduk-gardena-smart-sileno-max-800m\u00b2\/","og_locale":"ru_RU","og_type":"article","og_title":"Robotniiduk Gardena smart SILENO max 800m\u00b2","og_description":"Robotniiduk Gardena smart SILENO max 800m\u00b2\u00a0on nutikas ja efektiivne abiline sinu aeda.Trim-to-Edge \u00e4\u00e4rel\u00f5ikus kuni 1 cm l\u00e4hedalt n\u00e4iteks nagu seinad ja aiad","og_url":"https:\/\/reginett.ee\/toode\/robotniiduk-gardena-smart-sileno-max-800m\u00b2\/","og_site_name":"Reginett","article_modified_time":"2025-06-20T10:49:15+00:00","og_image":[{"width":372,"height":372,"url":"https:\/\/reginett.ee\/wp-content\/uploads\/2025\/04\/smart-SILENO-max-800-m\u00b2.webp","type":"image\/webp"}],"twitter_card":"summary_large_image","twitter_misc":{"\u041f\u0440\u0438\u043c\u0435\u0440\u043d\u043e\u0435 \u0432\u0440\u0435\u043c\u044f \u0434\u043b\u044f \u0447\u0442\u0435\u043d\u0438\u044f":"3 \u043c\u0438\u043d\u0443\u0442\u044b"},"schema":{"@context":"https:\/\/schema.org","@graph":[{"@type":"WebPage","@id":"https:\/\/reginett.ee\/toode\/robotniiduk-gardena-smart-sileno-max-800m%c2%b2\/","url":"https:\/\/reginett.ee\/toode\/robotniiduk-gardena-smart-sileno-max-800m%c2%b2\/","name":"Robotniiduk Gardena smart SILENO max 800m\u00b2","isPartOf":{"@id":"https:\/\/reginett.ee\/#website"},"primaryImageOfPage":{"@id":"https:\/\/reginett.ee\/toode\/robotniiduk-gardena-smart-sileno-max-800m%c2%b2\/#primaryimage"},"image":{"@id":"https:\/\/reginett.ee\/toode\/robotniiduk-gardena-smart-sileno-max-800m%c2%b2\/#primaryimage"},"thumbnailUrl":"https:\/\/reginett.ee\/wp-content\/uploads\/2025\/04\/smart-SILENO-max-800-m\u00b2.webp","datePublished":"2025-05-18T05:34:15+00:00","dateModified":"2025-06-20T10:49:15+00:00","description":"Robotniiduk Gardena smart SILENO max 800m\u00b2\u00a0on nutikas ja efektiivne abiline sinu aeda.Trim-to-Edge \u00e4\u00e4rel\u00f5ikus kuni 1 cm l\u00e4hedalt n\u00e4iteks nagu seinad ja aiad","breadcrumb":{"@id":"https:\/\/reginett.ee\/toode\/robotniiduk-gardena-smart-sileno-max-800m%c2%b2\/#breadcrumb"},"inLanguage":"ru-RU","potentialAction":[{"@type":"ReadAction","target":["https:\/\/reginett.ee\/toode\/robotniiduk-gardena-smart-sileno-max-800m%c2%b2\/"]}]},{"@type":"ImageObject","inLanguage":"ru-RU","@id":"https:\/\/reginett.ee\/toode\/robotniiduk-gardena-smart-sileno-max-800m%c2%b2\/#primaryimage","url":"https:\/\/reginett.ee\/wp-content\/uploads\/2025\/04\/smart-SILENO-max-800-m\u00b2.webp","contentUrl":"https:\/\/reginett.ee\/wp-content\/uploads\/2025\/04\/smart-SILENO-max-800-m\u00b2.webp","width":372,"height":372,"caption":"smart SILENO max 800 m\u00b2"},{"@type":"BreadcrumbList","@id":"https:\/\/reginett.ee\/toode\/robotniiduk-gardena-smart-sileno-max-800m%c2%b2\/#breadcrumb","itemListElement":[{"@type":"ListItem","position":1,"name":"Home","item":"https:\/\/reginett.ee\/ru\/"},{"@type":"ListItem","position":2,"name":"Tooted","item":"https:\/\/reginett.ee\/tooted\/"},{"@type":"ListItem","position":3,"name":"Robotniiduk Gardena smart SILENO max 800m\u00b2"}]},{"@type":"WebSite","@id":"https:\/\/reginett.ee\/#website","url":"https:\/\/reginett.ee\/","name":"Reginett","description":"Parimad robotniidukid","potentialAction":[{"@type":"SearchAction","target":{"@type":"EntryPoint","urlTemplate":"https:\/\/reginett.ee\/?s={search_term_string}"},"query-input":{"@type":"PropertyValueSpecification","valueRequired":true,"valueName":"search_term_string"}}],"inLanguage":"ru-RU"}]}},"brands":[{"id":718,"name":"Gardena","slug":"gardena"}],"_links":{"self":[{"href":"https:\/\/reginett.ee\/ru\/wp-json\/wp\/v2\/product\/62616","targetHints":{"allow":["GET"]}}],"collection":[{"href":"https:\/\/reginett.ee\/ru\/wp-json\/wp\/v2\/product"}],"about":[{"href":"https:\/\/reginett.ee\/ru\/wp-json\/wp\/v2\/types\/product"}],"replies":[{"embeddable":true,"href":"https:\/\/reginett.ee\/ru\/wp-json\/wp\/v2\/comments?post=62616"}],"wp:featuredmedia":[{"embeddable":true,"href":"https:\/\/reginett.ee\/ru\/wp-json\/wp\/v2\/media\/62625"}],"wp:attachment":[{"href":"https:\/\/reginett.ee\/ru\/wp-json\/wp\/v2\/media?parent=62616"}],"wp:term":[{"taxonomy":"pwb-brand","embeddable":true,"href":"https:\/\/reginett.ee\/ru\/wp-json\/wp\/v2\/pwb-brand?post=62616"},{"taxonomy":"product_brand","embeddable":true,"href":"https:\/\/reginett.ee\/ru\/wp-json\/wp\/v2\/product_brand?post=62616"},{"taxonomy":"product_cat","embeddable":true,"href":"https:\/\/reginett.ee\/ru\/wp-json\/wp\/v2\/product_cat?post=62616"},{"taxonomy":"product_tag","embeddable":true,"href":"https:\/\/reginett.ee\/ru\/wp-json\/wp\/v2\/product_tag?post=62616"}],"curies":[{"name":"wp","href":"https:\/\/api.w.org\/{rel}","templated":true}]}}