{"id":62550,"date":"2025-04-15T09:33:26","date_gmt":"2025-04-15T06:33:26","guid":{"rendered":"https:\/\/reginett.ee\/?post_type=product&#038;p=62550"},"modified":"2026-01-07T10:21:18","modified_gmt":"2026-01-07T07:21:18","slug":"akuga-muruniiduk-husqvarna-lb144i","status":"publish","type":"product","link":"https:\/\/reginett.ee\/ru\/toode\/akuga-muruniiduk-husqvarna-lb144i\/","title":{"rendered":"Akuga muruniiduk Husqvarna LB144i"},"content":{"rendered":"<p><strong>Akuga muruniiduk Husqvarna LB144i<\/strong> masinaga saad edukalt niita v\u00e4ikeseid ja keskmise suurusega muruplatse Husqvarna LB 144i mudeliga \u2013 kompaktse ning kerge akutoitel muruniidukiga, mida on lihtne man\u00f6\u00f6verdada ka keerukates kohtades. BioClip\u00ae s\u00fcsteemiga (mult\u0161imiss\u00fcsteemiga) l\u00f5igatakse muru v\u00e4ikesteks t\u00fckkideks, mis lagunevad kiiresti ja muutuvad looduslikuks v\u00e4etiseks. K\u00e4epideme k\u00f5rguse reguleeritavus ja jalaga juhitav keskne l\u00f5ikek\u00f5rguse reguleerimine tagavad mugava kasutamise. Kui niitmine on l\u00f5ppenud, saab k\u00e4epideme nutikaks hoiustamiseks kiiresti kokku klappida. See toode \u00fchildub Husqvarna 36 V akus\u00fcsteemiga \u00fche aku paindlikuks kasutamiseks.<\/p>\n<p><strong>Aku ja laadija kuuluvad komplekti!<\/strong><\/p>\n<p>aku B140+C80 laadija<\/p>\n<p>&nbsp;<\/p>\n<h3 class=\"ui-mf ui-cn ui-mj\">L\u00f5ikek\u00f5rguse tsentraalne reguleerimine<\/h3>\n<p class=\"ui-mf ui-cn ui-mn\">Muru l\u00f5ikek\u00f5rguse kiire ja lihtne reguleerimine. \u00dcks hoob juhib tervet l\u00f5ikekorpust.<\/p>\n<h3 class=\"ui-mf ui-cn ui-mj\">Lihtsalt reguleeritav k\u00e4epide<\/h3>\n<p class=\"ui-mf ui-cn ui-mn\">Jalgade abil reguleeritav k\u00e4epide mugavaks ja ergonoomiliseks k\u00e4sitsemiseks. V\u00f5imalik on valida kahe erineva k\u00f5rguse vahel.<\/p>\n<h3 class=\"ui-mf ui-cn ui-mj\">Easy Start<\/h3>\n<p class=\"ui-mf ui-cn ui-mn\">Juhtraud ja juhtrauapidur tagavad pingutuseta k\u00e4ivitamise ning seiskamise ilma tahtmatute ja juhuslike k\u00e4ivitusteta. Niitmise alustamiseks eemalda lihtsalt juhtrauapidur ja t\u00f5mba juhtraud alla. Kui m\u00f5lemad k\u00e4ed vabastatakse juhtrauast, seiskub mootor kohe.<\/p>\n<h3 class=\"ui-mf ui-cn ui-mj\">Easy Start<\/h3>\n<p class=\"ui-mf ui-cn ui-mn\">Juhtraud ja juhtrauapidur tagavad pingutuseta k\u00e4ivitamise ning seiskamise ilma tahtmatute ja juhuslike k\u00e4ivitusteta. Niitmise alustamiseks eemalda lihtsalt juhtrauapidur ja t\u00f5mba juhtraud alla. Kui m\u00f5lemad k\u00e4ed vabastatakse juhtrauast, seiskub mootor kohe.<\/p>\n<h3 class=\"ui-mf ui-cn ui-mj\">Power Boost<\/h3>\n<p class=\"ui-mf ui-cn ui-mn\">L\u00f5iketerade kiiruse automaatne suurendamine keerulistes tingimustes niitmisel tagab lisav\u00f5imsust, ilma et peaksid ise reguleerima.<\/p>\n<h3 class=\"ui-mf ui-cn ui-mj\">Vaikne t\u00f6\u00f6<\/h3>\n<p class=\"ui-mf ui-cn ui-mn\">Madal m\u00fcratase tagab mugava t\u00f6\u00f6 ja ei h\u00e4iri naabreid.<\/p>\n<h3 class=\"ui-mf ui-cn ui-mj\">savE\u2122<\/h3>\n<p class=\"ui-mf ui-cn ui-mn\">SavE\u2122 re\u017eiim maksimeerib t\u00f6\u00f6aega, v\u00e4hendab m\u00fcrataset ja s\u00e4\u00e4stab toote aku kasutusaega, v\u00e4hendades p\u00f6\u00f6rdeid minutis. Ideaalne \u00fclesanneteks, mis ei n\u00f5ua t\u00e4isv\u00f5imsust. Save\u2122 re\u017eiimi sisse- ja v\u00e4ljal\u00fclitamiseks vajuta lihtsalt nuppu.<\/p>\n<p>&nbsp;<\/p>\n","protected":false},"excerpt":{"rendered":"<p><strong>Akuga muruniiduk Husqvarna LB144i<\/strong> masinaga saad edukalt niita v\u00e4ikeseid ja keskmise suurusega muruplatse Husqvarna LB 144i mudeliga \u2013 kompaktse ning kerge akutoitel muruniidukiga, mida on lihtne man\u00f6\u00f6verdada ka keerukates kohtades. BioClip\u00ae s\u00fcsteemiga (mult\u0161imiss\u00fcsteemiga) l\u00f5igatakse muru v\u00e4ikesteks t\u00fckkideks, mis lagunevad kiiresti ja muutuvad looduslikuks v\u00e4etiseks. K\u00e4epideme k\u00f5rguse reguleeritavus ja jalaga juhitav keskne l\u00f5ikek\u00f5rguse reguleerimine tagavad mugava kasutamise. Kui niitmine on l\u00f5ppenud, saab k\u00e4epideme nutikaks hoiustamiseks kiiresti kokku klappida. See toode \u00fchildub Husqvarna 36 V akus\u00fcsteemiga \u00fche aku paindlikuks kasutamiseks.<\/p>\n<p><strong>Aku ja laadija kuuluvad komplekti!<\/strong><\/p>\n","protected":false},"featured_media":62551,"comment_status":"open","ping_status":"closed","template":"","meta":{"_acf_changed":false,"_et_pb_use_builder":"","_et_pb_old_content":"","_et_gb_content_width":"","inline_featured_image":false},"pwb-brand":[147],"product_brand":[],"product_cat":[48,37,25],"product_tag":[727],"class_list":{"0":"post-62550","1":"product","2":"type-product","3":"status-publish","4":"has-post-thumbnail","6":"pwb-brand-husqvarna","7":"product_cat-akutooted","8":"product_cat-husqvarna","9":"product_cat-muruniidukid","10":"product_tag-akuga-muruniiduk-husqvarna-lb144i","11":"product_shipping_class-soodsam-kuller-15-eur","13":"first","14":"instock","15":"shipping-taxable","16":"purchasable","17":"product-type-simple"},"acf":[],"yoast_head":"<!-- This site is optimized with the Yoast SEO plugin v26.6 - https:\/\/yoast.com\/wordpress\/plugins\/seo\/ -->\n<title>Akuga muruniiduk Husqvarna LB144i. Husqvarna akuniidukid<\/title>\n<meta name=\"description\" content=\"Akuga muruniiduk Husqvarna LB144i masinaga saad edukalt niita v\u00e4ikeseid ja keskmise suurusega muruplatse Husqvarna LB 144i mudeliga\" \/>\n<meta name=\"robots\" content=\"index, follow, max-snippet:-1, max-image-preview:large, max-video-preview:-1\" \/>\n<link rel=\"canonical\" href=\"https:\/\/reginett.ee\/toode\/akuga-muruniiduk-husqvarna-lb144i\/\" \/>\n<meta property=\"og:locale\" content=\"ru_RU\" \/>\n<meta property=\"og:type\" content=\"article\" \/>\n<meta property=\"og:title\" content=\"Akuga muruniiduk Husqvarna LB144i. Husqvarna akuniidukid\" \/>\n<meta property=\"og:description\" content=\"Akuga muruniiduk Husqvarna LB144i masinaga saad edukalt niita v\u00e4ikeseid ja keskmise suurusega muruplatse Husqvarna LB 144i mudeliga\" \/>\n<meta property=\"og:url\" content=\"https:\/\/reginett.ee\/toode\/akuga-muruniiduk-husqvarna-lb144i\/\" \/>\n<meta property=\"og:site_name\" content=\"Reginett\" \/>\n<meta property=\"article:modified_time\" content=\"2026-01-07T07:21:18+00:00\" \/>\n<meta property=\"og:image\" content=\"https:\/\/reginett.ee\/wp-content\/uploads\/2025\/04\/XR-584587.webp\" \/>\n\t<meta property=\"og:image:width\" content=\"433\" \/>\n\t<meta property=\"og:image:height\" content=\"372\" \/>\n\t<meta property=\"og:image:type\" content=\"image\/webp\" \/>\n<meta name=\"twitter:card\" content=\"summary_large_image\" \/>\n<meta name=\"twitter:label1\" content=\"\u041f\u0440\u0438\u043c\u0435\u0440\u043d\u043e\u0435 \u0432\u0440\u0435\u043c\u044f \u0434\u043b\u044f \u0447\u0442\u0435\u043d\u0438\u044f\" \/>\n\t<meta name=\"twitter:data1\" content=\"2 \u043c\u0438\u043d\u0443\u0442\u044b\" \/>\n<script type=\"application\/ld+json\" class=\"yoast-schema-graph\">{\"@context\":\"https:\/\/schema.org\",\"@graph\":[{\"@type\":\"WebPage\",\"@id\":\"https:\/\/reginett.ee\/toode\/akuga-muruniiduk-husqvarna-lb144i\/\",\"url\":\"https:\/\/reginett.ee\/toode\/akuga-muruniiduk-husqvarna-lb144i\/\",\"name\":\"Akuga muruniiduk Husqvarna LB144i. Husqvarna akuniidukid\",\"isPartOf\":{\"@id\":\"https:\/\/reginett.ee\/#website\"},\"primaryImageOfPage\":{\"@id\":\"https:\/\/reginett.ee\/toode\/akuga-muruniiduk-husqvarna-lb144i\/#primaryimage\"},\"image\":{\"@id\":\"https:\/\/reginett.ee\/toode\/akuga-muruniiduk-husqvarna-lb144i\/#primaryimage\"},\"thumbnailUrl\":\"https:\/\/reginett.ee\/wp-content\/uploads\/2025\/04\/XR-584587.webp\",\"datePublished\":\"2025-04-15T06:33:26+00:00\",\"dateModified\":\"2026-01-07T07:21:18+00:00\",\"description\":\"Akuga muruniiduk Husqvarna LB144i masinaga saad edukalt niita v\u00e4ikeseid ja keskmise suurusega muruplatse Husqvarna LB 144i mudeliga\",\"breadcrumb\":{\"@id\":\"https:\/\/reginett.ee\/toode\/akuga-muruniiduk-husqvarna-lb144i\/#breadcrumb\"},\"inLanguage\":\"ru-RU\",\"potentialAction\":[{\"@type\":\"ReadAction\",\"target\":[\"https:\/\/reginett.ee\/toode\/akuga-muruniiduk-husqvarna-lb144i\/\"]}]},{\"@type\":\"ImageObject\",\"inLanguage\":\"ru-RU\",\"@id\":\"https:\/\/reginett.ee\/toode\/akuga-muruniiduk-husqvarna-lb144i\/#primaryimage\",\"url\":\"https:\/\/reginett.ee\/wp-content\/uploads\/2025\/04\/XR-584587.webp\",\"contentUrl\":\"https:\/\/reginett.ee\/wp-content\/uploads\/2025\/04\/XR-584587.webp\",\"width\":433,\"height\":372,\"caption\":\"Akuga muruniiduk Husqvarna LB144i\"},{\"@type\":\"BreadcrumbList\",\"@id\":\"https:\/\/reginett.ee\/toode\/akuga-muruniiduk-husqvarna-lb144i\/#breadcrumb\",\"itemListElement\":[{\"@type\":\"ListItem\",\"position\":1,\"name\":\"Home\",\"item\":\"https:\/\/reginett.ee\/ru\/\"},{\"@type\":\"ListItem\",\"position\":2,\"name\":\"Tooted\",\"item\":\"https:\/\/reginett.ee\/tooted\/\"},{\"@type\":\"ListItem\",\"position\":3,\"name\":\"Akuga muruniiduk Husqvarna LB144i\"}]},{\"@type\":\"WebSite\",\"@id\":\"https:\/\/reginett.ee\/#website\",\"url\":\"https:\/\/reginett.ee\/\",\"name\":\"Reginett\",\"description\":\"Parimad robotniidukid\",\"potentialAction\":[{\"@type\":\"SearchAction\",\"target\":{\"@type\":\"EntryPoint\",\"urlTemplate\":\"https:\/\/reginett.ee\/?s={search_term_string}\"},\"query-input\":{\"@type\":\"PropertyValueSpecification\",\"valueRequired\":true,\"valueName\":\"search_term_string\"}}],\"inLanguage\":\"ru-RU\"}]}<\/script>\n<!-- \/ Yoast SEO plugin. -->","yoast_head_json":{"title":"Akuga muruniiduk Husqvarna LB144i. Husqvarna akuniidukid","description":"Akuga muruniiduk Husqvarna LB144i masinaga saad edukalt niita v\u00e4ikeseid ja keskmise suurusega muruplatse Husqvarna LB 144i mudeliga","robots":{"index":"index","follow":"follow","max-snippet":"max-snippet:-1","max-image-preview":"max-image-preview:large","max-video-preview":"max-video-preview:-1"},"canonical":"https:\/\/reginett.ee\/toode\/akuga-muruniiduk-husqvarna-lb144i\/","og_locale":"ru_RU","og_type":"article","og_title":"Akuga muruniiduk Husqvarna LB144i. Husqvarna akuniidukid","og_description":"Akuga muruniiduk Husqvarna LB144i masinaga saad edukalt niita v\u00e4ikeseid ja keskmise suurusega muruplatse Husqvarna LB 144i mudeliga","og_url":"https:\/\/reginett.ee\/toode\/akuga-muruniiduk-husqvarna-lb144i\/","og_site_name":"Reginett","article_modified_time":"2026-01-07T07:21:18+00:00","og_image":[{"width":433,"height":372,"url":"https:\/\/reginett.ee\/wp-content\/uploads\/2025\/04\/XR-584587.webp","type":"image\/webp"}],"twitter_card":"summary_large_image","twitter_misc":{"\u041f\u0440\u0438\u043c\u0435\u0440\u043d\u043e\u0435 \u0432\u0440\u0435\u043c\u044f \u0434\u043b\u044f \u0447\u0442\u0435\u043d\u0438\u044f":"2 \u043c\u0438\u043d\u0443\u0442\u044b"},"schema":{"@context":"https:\/\/schema.org","@graph":[{"@type":"WebPage","@id":"https:\/\/reginett.ee\/toode\/akuga-muruniiduk-husqvarna-lb144i\/","url":"https:\/\/reginett.ee\/toode\/akuga-muruniiduk-husqvarna-lb144i\/","name":"Akuga muruniiduk Husqvarna LB144i. Husqvarna akuniidukid","isPartOf":{"@id":"https:\/\/reginett.ee\/#website"},"primaryImageOfPage":{"@id":"https:\/\/reginett.ee\/toode\/akuga-muruniiduk-husqvarna-lb144i\/#primaryimage"},"image":{"@id":"https:\/\/reginett.ee\/toode\/akuga-muruniiduk-husqvarna-lb144i\/#primaryimage"},"thumbnailUrl":"https:\/\/reginett.ee\/wp-content\/uploads\/2025\/04\/XR-584587.webp","datePublished":"2025-04-15T06:33:26+00:00","dateModified":"2026-01-07T07:21:18+00:00","description":"Akuga muruniiduk Husqvarna LB144i masinaga saad edukalt niita v\u00e4ikeseid ja keskmise suurusega muruplatse Husqvarna LB 144i mudeliga","breadcrumb":{"@id":"https:\/\/reginett.ee\/toode\/akuga-muruniiduk-husqvarna-lb144i\/#breadcrumb"},"inLanguage":"ru-RU","potentialAction":[{"@type":"ReadAction","target":["https:\/\/reginett.ee\/toode\/akuga-muruniiduk-husqvarna-lb144i\/"]}]},{"@type":"ImageObject","inLanguage":"ru-RU","@id":"https:\/\/reginett.ee\/toode\/akuga-muruniiduk-husqvarna-lb144i\/#primaryimage","url":"https:\/\/reginett.ee\/wp-content\/uploads\/2025\/04\/XR-584587.webp","contentUrl":"https:\/\/reginett.ee\/wp-content\/uploads\/2025\/04\/XR-584587.webp","width":433,"height":372,"caption":"Akuga muruniiduk Husqvarna LB144i"},{"@type":"BreadcrumbList","@id":"https:\/\/reginett.ee\/toode\/akuga-muruniiduk-husqvarna-lb144i\/#breadcrumb","itemListElement":[{"@type":"ListItem","position":1,"name":"Home","item":"https:\/\/reginett.ee\/ru\/"},{"@type":"ListItem","position":2,"name":"Tooted","item":"https:\/\/reginett.ee\/tooted\/"},{"@type":"ListItem","position":3,"name":"Akuga muruniiduk Husqvarna LB144i"}]},{"@type":"WebSite","@id":"https:\/\/reginett.ee\/#website","url":"https:\/\/reginett.ee\/","name":"Reginett","description":"Parimad robotniidukid","potentialAction":[{"@type":"SearchAction","target":{"@type":"EntryPoint","urlTemplate":"https:\/\/reginett.ee\/?s={search_term_string}"},"query-input":{"@type":"PropertyValueSpecification","valueRequired":true,"valueName":"search_term_string"}}],"inLanguage":"ru-RU"}]}},"brands":[{"id":147,"name":"Husqvarna","slug":"husqvarna"}],"_links":{"self":[{"href":"https:\/\/reginett.ee\/ru\/wp-json\/wp\/v2\/product\/62550","targetHints":{"allow":["GET"]}}],"collection":[{"href":"https:\/\/reginett.ee\/ru\/wp-json\/wp\/v2\/product"}],"about":[{"href":"https:\/\/reginett.ee\/ru\/wp-json\/wp\/v2\/types\/product"}],"replies":[{"embeddable":true,"href":"https:\/\/reginett.ee\/ru\/wp-json\/wp\/v2\/comments?post=62550"}],"wp:featuredmedia":[{"embeddable":true,"href":"https:\/\/reginett.ee\/ru\/wp-json\/wp\/v2\/media\/62551"}],"wp:attachment":[{"href":"https:\/\/reginett.ee\/ru\/wp-json\/wp\/v2\/media?parent=62550"}],"wp:term":[{"taxonomy":"pwb-brand","embeddable":true,"href":"https:\/\/reginett.ee\/ru\/wp-json\/wp\/v2\/pwb-brand?post=62550"},{"taxonomy":"product_brand","embeddable":true,"href":"https:\/\/reginett.ee\/ru\/wp-json\/wp\/v2\/product_brand?post=62550"},{"taxonomy":"product_cat","embeddable":true,"href":"https:\/\/reginett.ee\/ru\/wp-json\/wp\/v2\/product_cat?post=62550"},{"taxonomy":"product_tag","embeddable":true,"href":"https:\/\/reginett.ee\/ru\/wp-json\/wp\/v2\/product_tag?post=62550"}],"curies":[{"name":"wp","href":"https:\/\/api.w.org\/{rel}","templated":true}]}}