{"id":62544,"date":"2025-04-14T14:36:03","date_gmt":"2025-04-14T11:36:03","guid":{"rendered":"https:\/\/reginett.ee\/?post_type=product&#038;p=62544"},"modified":"2026-01-06T17:27:54","modified_gmt":"2026-01-06T14:27:54","slug":"akuga-muruniiduk-husqvarna-lc137i","status":"publish","type":"product","link":"https:\/\/reginett.ee\/ru\/toode\/akuga-muruniiduk-husqvarna-lc137i\/","title":{"rendered":"Akuga muruniiduk Husqvarna LC137i"},"content":{"rendered":"<p><strong>Akuga muruniiduk Husqvarna LC137i<\/strong> on lihtsalt kasutatav 37 cm l\u00f5ikelaiusega akutoitega muruniiduk, mis sobib suurep\u00e4raselt v\u00e4ikese suurusega muruplatside niitmiseks. See v\u00e4ike ja kerge niiduk v\u00f5imaldab sul muru niita \u00fche laadimisega ning t\u00e4nu oma kompaktsele korpusele ja ergonoomilisele k\u00e4epidemele on seda lihtne man\u00f6\u00f6verdada isegi kitsastes kohtades. Kergesti kokkuklapitav ja reguleeritav k\u00e4epide ning kaks integreeritud t\u00f5stek\u00e4epidet muudavad niiduki hoiustamise v\u00f5i transportimise lihtsaks, j\u00e4ttes kokkuklapituna v\u00e4ikese jalaj\u00e4lje. \u00dchildub Husqvarna 36 V akus\u00fcsteemiga.<\/p>\n<p><strong> Komplekti kuulub B140 aku ja C80 laadija!<\/strong><\/p>\n<h3 class=\"ui-mf ui-cn ui-mj\">L\u00f5ikek\u00f5rguse tsentraalne reguleerimine<\/h3>\n<p class=\"ui-mf ui-cn ui-mn\">Muru l\u00f5ikek\u00f5rguse kiire ja lihtne reguleerimine. \u00dcks hoob juhib tervet l\u00f5ikekorpust.<\/p>\n<h3 class=\"ui-mf ui-cn ui-mj\">Vaikne t\u00f6\u00f6<\/h3>\n<p class=\"ui-mf ui-cn ui-mn\">Madal m\u00fcratase tagab mugava t\u00f6\u00f6 ja ei h\u00e4iri naabreid.<\/p>\n<h3 class=\"ui-mf ui-cn ui-mj\">Energias\u00e4\u00e4stlik savE\u2122 re\u017eiim<\/h3>\n<p class=\"ui-mf ui-cn ui-mn\">SavE\u2122 re\u017eiim maksimeerib t\u00f6\u00f6aega, v\u00e4hendab m\u00fcrataset ja s\u00e4\u00e4stab toote aku kasutusaega, v\u00e4hendades p\u00f6\u00f6rdeid minutis. Ideaalne \u00fclesanneteks, mis ei n\u00f5ua t\u00e4isv\u00f5imsust. Save\u2122 re\u017eiimi sisse- ja v\u00e4ljal\u00fclitamiseks vajuta lihtsalt nuppu.<\/p>\n<h3 class=\"ui-mf ui-cn ui-mj\">Power Boost<\/h3>\n<p class=\"ui-mf ui-cn ui-mn\">L\u00f5iketerade kiiruse automaatne suurendamine keerulistes tingimustes niitmisel tagab lisav\u00f5imsust, ilma et peaksid ise reguleerima.<\/p>\n<h3 class=\"ui-mf ui-cn ui-mj\">Lihtne k\u00e4ivitada<\/h3>\n<p class=\"ui-mf ui-cn ui-mn\">Juhtraud ja juhtrauapidur tagavad pingutuseta k\u00e4ivitamise ning seiskamise ilma tahtmatute ja juhuslike k\u00e4ivitusteta. Niitmise alustamiseks eemalda lihtsalt juhtrauapidur ja t\u00f5mba juhtraud alla. Kui m\u00f5lemad k\u00e4ed vabastatakse juhtrauast, seiskub mootor kohe.<\/p>\n<h3 class=\"ui-mf ui-cn ui-mj\">V\u00f5tab hoiustamisel v\u00e4he ruumi<\/h3>\n<p class=\"ui-mf ui-cn ui-mn\">T\u00e4nu kokkuklapitavale k\u00e4epidemele saab toode kompaktsema kuju ning v\u00f5tab seega hoiustamisel v\u00e4hem ruumi.<\/p>\n<h3 class=\"ui-mf ui-cn ui-mj\">Ergonoomiline k\u00e4epide<\/h3>\n<p class=\"ui-mf ui-cn ui-mn\">Ergonoomiline k\u00e4epideme nurk koos h\u00f5lpsasti ligip\u00e4\u00e4setavate juhthoobadega teeb t\u00f6\u00f6tamise lihtsaks.<\/p>\n<h3 class=\"ui-mf ui-cn ui-mj\">T\u00f5stesang ees ja taga<\/h3>\n<p class=\"ui-mf ui-cn ui-mn\">Kergesti haaratavad k\u00e4epidemed ees ja taga h\u00f5lbustavad t\u00f5stmist hoiustamiskohtadesse, autosse v\u00f5i trepist \u00fcles kandmist.<\/p>\n<p>&nbsp;<\/p>\n","protected":false},"excerpt":{"rendered":"<p><strong>Akuga muruniiduk Husqvarna LC137i<\/strong> on lihtsalt kasutatav 37 cm l\u00f5ikelaiusega akutoitega muruniiduk, mis sobib suurep\u00e4raselt v\u00e4ikese suurusega muruplatside niitmiseks.<\/p>\n<p><strong>Komplekti kuulub B140 aku ja C80 laadija!<\/strong><\/p>\n","protected":false},"featured_media":62545,"comment_status":"open","ping_status":"closed","template":"","meta":{"_acf_changed":false,"_et_pb_use_builder":"","_et_pb_old_content":"","_et_gb_content_width":"","inline_featured_image":false},"pwb-brand":[],"product_brand":[],"product_cat":[48,25],"product_tag":[],"class_list":{"0":"post-62544","1":"product","2":"type-product","3":"status-publish","4":"has-post-thumbnail","6":"product_cat-akutooted","7":"product_cat-muruniidukid","8":"product_shipping_class-soodsam-kuller-15-eur","10":"first","11":"instock","12":"shipping-taxable","13":"purchasable","14":"product-type-simple"},"acf":[],"yoast_head":"<!-- This site is optimized with the Yoast SEO plugin v26.6 - https:\/\/yoast.com\/wordpress\/plugins\/seo\/ -->\n<title>Akuga muruniiduk Husqvarna LC137i . Parimad akuniidukid<\/title>\n<meta name=\"description\" content=\"Akuga muruniiduk Husqvarna LC137i on lihtsalt kasutatav 37 cm l\u00f5ikelaiusega akutoitega muruniiduk, mis sobib suurep\u00e4raselt v\u00e4ikese suurusega\" \/>\n<meta name=\"robots\" content=\"index, follow, max-snippet:-1, max-image-preview:large, max-video-preview:-1\" \/>\n<link rel=\"canonical\" href=\"https:\/\/reginett.ee\/toode\/akuga-muruniiduk-husqvarna-lc137i\/\" \/>\n<meta property=\"og:locale\" content=\"ru_RU\" \/>\n<meta property=\"og:type\" content=\"article\" \/>\n<meta property=\"og:title\" content=\"Akuga muruniiduk Husqvarna LC137i . Parimad akuniidukid\" \/>\n<meta property=\"og:description\" content=\"Akuga muruniiduk Husqvarna LC137i on lihtsalt kasutatav 37 cm l\u00f5ikelaiusega akutoitega muruniiduk, mis sobib suurep\u00e4raselt v\u00e4ikese suurusega\" \/>\n<meta property=\"og:url\" content=\"https:\/\/reginett.ee\/toode\/akuga-muruniiduk-husqvarna-lc137i\/\" \/>\n<meta property=\"og:site_name\" content=\"Reginett\" \/>\n<meta property=\"article:modified_time\" content=\"2026-01-06T14:27:54+00:00\" \/>\n<meta property=\"og:image\" content=\"https:\/\/reginett.ee\/wp-content\/uploads\/2025\/04\/HN-693743.webp\" \/>\n\t<meta property=\"og:image:width\" content=\"399\" \/>\n\t<meta property=\"og:image:height\" content=\"372\" \/>\n\t<meta property=\"og:image:type\" content=\"image\/webp\" \/>\n<meta name=\"twitter:card\" content=\"summary_large_image\" \/>\n<meta name=\"twitter:label1\" content=\"\u041f\u0440\u0438\u043c\u0435\u0440\u043d\u043e\u0435 \u0432\u0440\u0435\u043c\u044f \u0434\u043b\u044f \u0447\u0442\u0435\u043d\u0438\u044f\" \/>\n\t<meta name=\"twitter:data1\" content=\"2 \u043c\u0438\u043d\u0443\u0442\u044b\" \/>\n<script type=\"application\/ld+json\" class=\"yoast-schema-graph\">{\"@context\":\"https:\/\/schema.org\",\"@graph\":[{\"@type\":\"WebPage\",\"@id\":\"https:\/\/reginett.ee\/toode\/akuga-muruniiduk-husqvarna-lc137i\/\",\"url\":\"https:\/\/reginett.ee\/toode\/akuga-muruniiduk-husqvarna-lc137i\/\",\"name\":\"Akuga muruniiduk Husqvarna LC137i . Parimad akuniidukid\",\"isPartOf\":{\"@id\":\"https:\/\/reginett.ee\/#website\"},\"primaryImageOfPage\":{\"@id\":\"https:\/\/reginett.ee\/toode\/akuga-muruniiduk-husqvarna-lc137i\/#primaryimage\"},\"image\":{\"@id\":\"https:\/\/reginett.ee\/toode\/akuga-muruniiduk-husqvarna-lc137i\/#primaryimage\"},\"thumbnailUrl\":\"https:\/\/reginett.ee\/wp-content\/uploads\/2025\/04\/HN-693743.webp\",\"datePublished\":\"2025-04-14T11:36:03+00:00\",\"dateModified\":\"2026-01-06T14:27:54+00:00\",\"description\":\"Akuga muruniiduk Husqvarna LC137i on lihtsalt kasutatav 37 cm l\u00f5ikelaiusega akutoitega muruniiduk, mis sobib suurep\u00e4raselt v\u00e4ikese suurusega\",\"breadcrumb\":{\"@id\":\"https:\/\/reginett.ee\/toode\/akuga-muruniiduk-husqvarna-lc137i\/#breadcrumb\"},\"inLanguage\":\"ru-RU\",\"potentialAction\":[{\"@type\":\"ReadAction\",\"target\":[\"https:\/\/reginett.ee\/toode\/akuga-muruniiduk-husqvarna-lc137i\/\"]}]},{\"@type\":\"ImageObject\",\"inLanguage\":\"ru-RU\",\"@id\":\"https:\/\/reginett.ee\/toode\/akuga-muruniiduk-husqvarna-lc137i\/#primaryimage\",\"url\":\"https:\/\/reginett.ee\/wp-content\/uploads\/2025\/04\/HN-693743.webp\",\"contentUrl\":\"https:\/\/reginett.ee\/wp-content\/uploads\/2025\/04\/HN-693743.webp\",\"width\":399,\"height\":372},{\"@type\":\"BreadcrumbList\",\"@id\":\"https:\/\/reginett.ee\/toode\/akuga-muruniiduk-husqvarna-lc137i\/#breadcrumb\",\"itemListElement\":[{\"@type\":\"ListItem\",\"position\":1,\"name\":\"Home\",\"item\":\"https:\/\/reginett.ee\/ru\/\"},{\"@type\":\"ListItem\",\"position\":2,\"name\":\"Tooted\",\"item\":\"https:\/\/reginett.ee\/tooted\/\"},{\"@type\":\"ListItem\",\"position\":3,\"name\":\"Akuga muruniiduk Husqvarna LC137i\"}]},{\"@type\":\"WebSite\",\"@id\":\"https:\/\/reginett.ee\/#website\",\"url\":\"https:\/\/reginett.ee\/\",\"name\":\"Reginett\",\"description\":\"Parimad robotniidukid\",\"potentialAction\":[{\"@type\":\"SearchAction\",\"target\":{\"@type\":\"EntryPoint\",\"urlTemplate\":\"https:\/\/reginett.ee\/?s={search_term_string}\"},\"query-input\":{\"@type\":\"PropertyValueSpecification\",\"valueRequired\":true,\"valueName\":\"search_term_string\"}}],\"inLanguage\":\"ru-RU\"}]}<\/script>\n<!-- \/ Yoast SEO plugin. -->","yoast_head_json":{"title":"Akuga muruniiduk Husqvarna LC137i . Parimad akuniidukid","description":"Akuga muruniiduk Husqvarna LC137i on lihtsalt kasutatav 37 cm l\u00f5ikelaiusega akutoitega muruniiduk, mis sobib suurep\u00e4raselt v\u00e4ikese suurusega","robots":{"index":"index","follow":"follow","max-snippet":"max-snippet:-1","max-image-preview":"max-image-preview:large","max-video-preview":"max-video-preview:-1"},"canonical":"https:\/\/reginett.ee\/toode\/akuga-muruniiduk-husqvarna-lc137i\/","og_locale":"ru_RU","og_type":"article","og_title":"Akuga muruniiduk Husqvarna LC137i . Parimad akuniidukid","og_description":"Akuga muruniiduk Husqvarna LC137i on lihtsalt kasutatav 37 cm l\u00f5ikelaiusega akutoitega muruniiduk, mis sobib suurep\u00e4raselt v\u00e4ikese suurusega","og_url":"https:\/\/reginett.ee\/toode\/akuga-muruniiduk-husqvarna-lc137i\/","og_site_name":"Reginett","article_modified_time":"2026-01-06T14:27:54+00:00","og_image":[{"width":399,"height":372,"url":"https:\/\/reginett.ee\/wp-content\/uploads\/2025\/04\/HN-693743.webp","type":"image\/webp"}],"twitter_card":"summary_large_image","twitter_misc":{"\u041f\u0440\u0438\u043c\u0435\u0440\u043d\u043e\u0435 \u0432\u0440\u0435\u043c\u044f \u0434\u043b\u044f \u0447\u0442\u0435\u043d\u0438\u044f":"2 \u043c\u0438\u043d\u0443\u0442\u044b"},"schema":{"@context":"https:\/\/schema.org","@graph":[{"@type":"WebPage","@id":"https:\/\/reginett.ee\/toode\/akuga-muruniiduk-husqvarna-lc137i\/","url":"https:\/\/reginett.ee\/toode\/akuga-muruniiduk-husqvarna-lc137i\/","name":"Akuga muruniiduk Husqvarna LC137i . Parimad akuniidukid","isPartOf":{"@id":"https:\/\/reginett.ee\/#website"},"primaryImageOfPage":{"@id":"https:\/\/reginett.ee\/toode\/akuga-muruniiduk-husqvarna-lc137i\/#primaryimage"},"image":{"@id":"https:\/\/reginett.ee\/toode\/akuga-muruniiduk-husqvarna-lc137i\/#primaryimage"},"thumbnailUrl":"https:\/\/reginett.ee\/wp-content\/uploads\/2025\/04\/HN-693743.webp","datePublished":"2025-04-14T11:36:03+00:00","dateModified":"2026-01-06T14:27:54+00:00","description":"Akuga muruniiduk Husqvarna LC137i on lihtsalt kasutatav 37 cm l\u00f5ikelaiusega akutoitega muruniiduk, mis sobib suurep\u00e4raselt v\u00e4ikese suurusega","breadcrumb":{"@id":"https:\/\/reginett.ee\/toode\/akuga-muruniiduk-husqvarna-lc137i\/#breadcrumb"},"inLanguage":"ru-RU","potentialAction":[{"@type":"ReadAction","target":["https:\/\/reginett.ee\/toode\/akuga-muruniiduk-husqvarna-lc137i\/"]}]},{"@type":"ImageObject","inLanguage":"ru-RU","@id":"https:\/\/reginett.ee\/toode\/akuga-muruniiduk-husqvarna-lc137i\/#primaryimage","url":"https:\/\/reginett.ee\/wp-content\/uploads\/2025\/04\/HN-693743.webp","contentUrl":"https:\/\/reginett.ee\/wp-content\/uploads\/2025\/04\/HN-693743.webp","width":399,"height":372},{"@type":"BreadcrumbList","@id":"https:\/\/reginett.ee\/toode\/akuga-muruniiduk-husqvarna-lc137i\/#breadcrumb","itemListElement":[{"@type":"ListItem","position":1,"name":"Home","item":"https:\/\/reginett.ee\/ru\/"},{"@type":"ListItem","position":2,"name":"Tooted","item":"https:\/\/reginett.ee\/tooted\/"},{"@type":"ListItem","position":3,"name":"Akuga muruniiduk Husqvarna LC137i"}]},{"@type":"WebSite","@id":"https:\/\/reginett.ee\/#website","url":"https:\/\/reginett.ee\/","name":"Reginett","description":"Parimad robotniidukid","potentialAction":[{"@type":"SearchAction","target":{"@type":"EntryPoint","urlTemplate":"https:\/\/reginett.ee\/?s={search_term_string}"},"query-input":{"@type":"PropertyValueSpecification","valueRequired":true,"valueName":"search_term_string"}}],"inLanguage":"ru-RU"}]}},"brands":[],"_links":{"self":[{"href":"https:\/\/reginett.ee\/ru\/wp-json\/wp\/v2\/product\/62544","targetHints":{"allow":["GET"]}}],"collection":[{"href":"https:\/\/reginett.ee\/ru\/wp-json\/wp\/v2\/product"}],"about":[{"href":"https:\/\/reginett.ee\/ru\/wp-json\/wp\/v2\/types\/product"}],"replies":[{"embeddable":true,"href":"https:\/\/reginett.ee\/ru\/wp-json\/wp\/v2\/comments?post=62544"}],"wp:featuredmedia":[{"embeddable":true,"href":"https:\/\/reginett.ee\/ru\/wp-json\/wp\/v2\/media\/62545"}],"wp:attachment":[{"href":"https:\/\/reginett.ee\/ru\/wp-json\/wp\/v2\/media?parent=62544"}],"wp:term":[{"taxonomy":"pwb-brand","embeddable":true,"href":"https:\/\/reginett.ee\/ru\/wp-json\/wp\/v2\/pwb-brand?post=62544"},{"taxonomy":"product_brand","embeddable":true,"href":"https:\/\/reginett.ee\/ru\/wp-json\/wp\/v2\/product_brand?post=62544"},{"taxonomy":"product_cat","embeddable":true,"href":"https:\/\/reginett.ee\/ru\/wp-json\/wp\/v2\/product_cat?post=62544"},{"taxonomy":"product_tag","embeddable":true,"href":"https:\/\/reginett.ee\/ru\/wp-json\/wp\/v2\/product_tag?post=62544"}],"curies":[{"name":"wp","href":"https:\/\/api.w.org\/{rel}","templated":true}]}}