{"id":62535,"date":"2025-04-14T11:38:45","date_gmt":"2025-04-14T08:38:45","guid":{"rendered":"https:\/\/reginett.ee\/?post_type=product&#038;p=62535"},"modified":"2026-01-08T13:21:33","modified_gmt":"2026-01-08T10:21:33","slug":"akurohuloikur-husqvarna-325ir","status":"publish","type":"product","link":"https:\/\/reginett.ee\/ru\/toode\/akurohuloikur-husqvarna-325ir\/","title":{"rendered":"Akurohul\u00f5ikur Husqvarna 325iR"},"content":{"rendered":"<p><strong>Akurohul\u00f5ikur Husqvarna 325iR<\/strong> k\u00f5rgetasemeline kvaliteet ja j\u00f5udlus v\u00f5itlevad edukalt tiheda muruga ja seda iga ilmaga. Harjadeta E-Torq mootoril on aktiivne jahutus maksimaalse efektiivsuse tagamiseks ning see asub trimmeri \u00fclemises optimaalse tasakaalu saavutamiseks. Ergonoomiline \u00fcmark\u00e4epide, digitaalne juhtpaneel ja pehme k\u00e4epide suurendavad kasutusmugavust. Komplektis olev trimmipea, Combi trimmikate ja metallist rohutera tagavad iga kord ideaalse tulemuse.<\/p>\n<p>Osa Husqvarna BLi-X 36V akus\u00fcsteemist. Aku ja laadija ei kuulu komplekti.<\/p>\n<h3 class=\"ui-mf ui-cn ui-mj\">Optimaalse pikkusega v\u00f5ll &amp; reduktor<\/h3>\n<p class=\"ui-mf ui-cn ui-mn\">Optimaalne v\u00f5lli pikkus ja 35 kraadine reduktori nurk v\u00f5imaldavad teha l\u00f5ikeid paralleelselt maapinnaga.<\/p>\n<h3 class=\"ui-mf ui-cn ui-mj\">E-TORQ mootor<\/h3>\n<p class=\"ui-mf ui-cn ui-mn\">Husqvarna poolt arendatud harjavaba E-TORQ on hooldusvaba ning pika elueaga.<\/p>\n<h3 class=\"ui-mf ui-cn ui-mj\">Mugav t\u00f6\u00f6asend<\/h3>\n<p class=\"ui-mf ui-cn ui-mn\">T\u00f6\u00f6tamine rakmetega tagab mugava t\u00f6\u00f6asendi.<\/p>\n<h3 class=\"ui-mf ui-cn ui-mj\">Ristkasutatav akus\u00fcsteem<\/h3>\n<p class=\"ui-mf ui-cn ui-mn\">Husqvarna paindlik 36 V s\u00fcsteem BLi-X tagab akutoite k\u00f5ige jaoks, alates kergetest ja n\u00f5udlikest kodu\u00fcmbruses tehtavatest \u00fclesannetest kuni professionaalse kasutamiseni. \u00dcht akut saab kasutada mitme t\u00f6\u00f6riista jaoks ja tohutud valikuv\u00f5imalused alates kergetest integreeritud akudest kuni seljakoti akudeni muudavad sinu t\u00f6\u00f6de jaoks t\u00e4iuslikult sobiva kohandatud ning v\u00f5imsa lahenduse leidmise lihtsaks. K\u00f5ik akud tagavad suure j\u00f5udluse, on loodud pikaajaliseks kasutamiseks ning neid saab pidevalt laadida ja kiiresti vahetada.<\/p>\n<h3 class=\"ui-mf ui-cn ui-mj\">Nutikas akupaigutus<\/h3>\n<p class=\"ui-mf ui-cn ui-mn\">Aku asetatakse horisontaalselt l\u00e4bi masina, et v\u00e4hendada mustuse, vee, laastude ja tolmupesasse sattumise ohtu, mis p\u00f5hjustavad pistikuga probleeme. Samuti parandab see t\u00f6\u00f6riista kaalu jaotust ja tasakaalu, muutes selle kasutajas\u00f5bralikumaks ning h\u00f5lpsamalt man\u00f6\u00f6verdatavamaks. L\u00e4biv korpuse konstruktsioon pakub ka suurt paindlikkust, kuna v\u00f5imaldab kasutada erineva suurusega akusid.<\/p>\n<h3 class=\"ui-mf ui-cn ui-mj\">Tap &#8216;n Go<\/h3>\n<p class=\"ui-mf ui-cn ui-mn\">Tugevdatud kahe j\u00f5hviga l\u00f5ikes\u00fcsteem Tap\u2019n Go-ga. J\u00f5hvi etteanne toimub kiiresti ja lihtsalt, l\u00fc\u00fces trimmipead vastu maad.<\/p>\n<h6 class=\"ui-mf ui-cn ui-mj\">3-kiirust t\u00f6\u00f6aja pikendamiseks<\/h6>\n<p class=\"ui-mf ui-cn ui-mn\">T\u00e4nu kolmekiiruselisele re\u017eiimile saad t\u00f6\u00f6aja maksimeerimiseks kohandada v\u00e4ljundv\u00f5imsust vastavalt k\u00e4silolevale \u00fclesandele.<\/p>\n","protected":false},"excerpt":{"rendered":"<p><strong>Akurohul\u00f5ikur Husqvarna 325iR<\/strong> k\u00f5rgetasemeline kvaliteet ja j\u00f5udlus v\u00f5itlevad edukalt tiheda muruga ja seda iga ilmaga. Harjadeta E-Torq mootoril on aktiivne jahutus maksimaalse efektiivsuse tagamiseks ning see asub trimmeri \u00fclemises optimaalse tasakaalu saavutamiseks.<\/p>\n","protected":false},"featured_media":62536,"comment_status":"open","ping_status":"closed","template":"","meta":{"_acf_changed":false,"_et_pb_use_builder":"","_et_pb_old_content":"","_et_gb_content_width":"","inline_featured_image":false},"pwb-brand":[147],"product_brand":[],"product_cat":[48,37],"product_tag":[726],"class_list":{"0":"post-62535","1":"product","2":"type-product","3":"status-publish","4":"has-post-thumbnail","6":"pwb-brand-husqvarna","7":"product_cat-akutooted","8":"product_cat-husqvarna","9":"product_tag-akurohuloikur-husqvarna-325ir","10":"product_shipping_class-soodsam-kuller-15-eur","12":"first","13":"instock","14":"shipping-taxable","15":"purchasable","16":"product-type-simple"},"acf":[],"yoast_head":"<!-- This site is optimized with the Yoast SEO plugin v26.6 - https:\/\/yoast.com\/wordpress\/plugins\/seo\/ -->\n<title>Akurohul\u00f5ikur Husqvarna 325iR<\/title>\n<meta name=\"description\" content=\"Akurohul\u00f5ikur Husqvarna 325iR k\u00f5rgetasemeline kvaliteet ja j\u00f5udlus v\u00f5itlevad edukalt tiheda muruga ja seda iga ilmaga. Harjadeta E-Torq mootoril\" \/>\n<meta name=\"robots\" content=\"index, follow, max-snippet:-1, max-image-preview:large, max-video-preview:-1\" \/>\n<link rel=\"canonical\" href=\"https:\/\/reginett.ee\/toode\/akurohuloikur-husqvarna-325ir\/\" \/>\n<meta property=\"og:locale\" content=\"ru_RU\" \/>\n<meta property=\"og:type\" content=\"article\" \/>\n<meta property=\"og:title\" content=\"Akurohul\u00f5ikur Husqvarna 325iR\" \/>\n<meta property=\"og:description\" content=\"Akurohul\u00f5ikur Husqvarna 325iR k\u00f5rgetasemeline kvaliteet ja j\u00f5udlus v\u00f5itlevad edukalt tiheda muruga ja seda iga ilmaga. Harjadeta E-Torq mootoril\" \/>\n<meta property=\"og:url\" content=\"https:\/\/reginett.ee\/toode\/akurohuloikur-husqvarna-325ir\/\" \/>\n<meta property=\"og:site_name\" content=\"Reginett\" \/>\n<meta property=\"article:modified_time\" content=\"2026-01-08T10:21:33+00:00\" \/>\n<meta property=\"og:image\" content=\"https:\/\/reginett.ee\/wp-content\/uploads\/2025\/04\/IB-604833.webp\" \/>\n\t<meta property=\"og:image:width\" content=\"558\" \/>\n\t<meta property=\"og:image:height\" content=\"372\" \/>\n\t<meta property=\"og:image:type\" content=\"image\/webp\" \/>\n<meta name=\"twitter:card\" content=\"summary_large_image\" \/>\n<meta name=\"twitter:label1\" content=\"\u041f\u0440\u0438\u043c\u0435\u0440\u043d\u043e\u0435 \u0432\u0440\u0435\u043c\u044f \u0434\u043b\u044f \u0447\u0442\u0435\u043d\u0438\u044f\" \/>\n\t<meta name=\"twitter:data1\" content=\"2 \u043c\u0438\u043d\u0443\u0442\u044b\" \/>\n<script type=\"application\/ld+json\" class=\"yoast-schema-graph\">{\"@context\":\"https:\/\/schema.org\",\"@graph\":[{\"@type\":\"WebPage\",\"@id\":\"https:\/\/reginett.ee\/toode\/akurohuloikur-husqvarna-325ir\/\",\"url\":\"https:\/\/reginett.ee\/toode\/akurohuloikur-husqvarna-325ir\/\",\"name\":\"Akurohul\u00f5ikur Husqvarna 325iR\",\"isPartOf\":{\"@id\":\"https:\/\/reginett.ee\/#website\"},\"primaryImageOfPage\":{\"@id\":\"https:\/\/reginett.ee\/toode\/akurohuloikur-husqvarna-325ir\/#primaryimage\"},\"image\":{\"@id\":\"https:\/\/reginett.ee\/toode\/akurohuloikur-husqvarna-325ir\/#primaryimage\"},\"thumbnailUrl\":\"https:\/\/reginett.ee\/wp-content\/uploads\/2025\/04\/IB-604833.webp\",\"datePublished\":\"2025-04-14T08:38:45+00:00\",\"dateModified\":\"2026-01-08T10:21:33+00:00\",\"description\":\"Akurohul\u00f5ikur Husqvarna 325iR k\u00f5rgetasemeline kvaliteet ja j\u00f5udlus v\u00f5itlevad edukalt tiheda muruga ja seda iga ilmaga. Harjadeta E-Torq mootoril\",\"breadcrumb\":{\"@id\":\"https:\/\/reginett.ee\/toode\/akurohuloikur-husqvarna-325ir\/#breadcrumb\"},\"inLanguage\":\"ru-RU\",\"potentialAction\":[{\"@type\":\"ReadAction\",\"target\":[\"https:\/\/reginett.ee\/toode\/akurohuloikur-husqvarna-325ir\/\"]}]},{\"@type\":\"ImageObject\",\"inLanguage\":\"ru-RU\",\"@id\":\"https:\/\/reginett.ee\/toode\/akurohuloikur-husqvarna-325ir\/#primaryimage\",\"url\":\"https:\/\/reginett.ee\/wp-content\/uploads\/2025\/04\/IB-604833.webp\",\"contentUrl\":\"https:\/\/reginett.ee\/wp-content\/uploads\/2025\/04\/IB-604833.webp\",\"width\":558,\"height\":372,\"caption\":\"Akurohul\u00f5ikur Husqvarna 325iR\"},{\"@type\":\"BreadcrumbList\",\"@id\":\"https:\/\/reginett.ee\/toode\/akurohuloikur-husqvarna-325ir\/#breadcrumb\",\"itemListElement\":[{\"@type\":\"ListItem\",\"position\":1,\"name\":\"Home\",\"item\":\"https:\/\/reginett.ee\/ru\/\"},{\"@type\":\"ListItem\",\"position\":2,\"name\":\"Tooted\",\"item\":\"https:\/\/reginett.ee\/tooted\/\"},{\"@type\":\"ListItem\",\"position\":3,\"name\":\"Akurohul\u00f5ikur Husqvarna 325iR\"}]},{\"@type\":\"WebSite\",\"@id\":\"https:\/\/reginett.ee\/#website\",\"url\":\"https:\/\/reginett.ee\/\",\"name\":\"Reginett\",\"description\":\"Parimad robotniidukid\",\"potentialAction\":[{\"@type\":\"SearchAction\",\"target\":{\"@type\":\"EntryPoint\",\"urlTemplate\":\"https:\/\/reginett.ee\/?s={search_term_string}\"},\"query-input\":{\"@type\":\"PropertyValueSpecification\",\"valueRequired\":true,\"valueName\":\"search_term_string\"}}],\"inLanguage\":\"ru-RU\"}]}<\/script>\n<!-- \/ Yoast SEO plugin. -->","yoast_head_json":{"title":"Akurohul\u00f5ikur Husqvarna 325iR","description":"Akurohul\u00f5ikur Husqvarna 325iR k\u00f5rgetasemeline kvaliteet ja j\u00f5udlus v\u00f5itlevad edukalt tiheda muruga ja seda iga ilmaga. Harjadeta E-Torq mootoril","robots":{"index":"index","follow":"follow","max-snippet":"max-snippet:-1","max-image-preview":"max-image-preview:large","max-video-preview":"max-video-preview:-1"},"canonical":"https:\/\/reginett.ee\/toode\/akurohuloikur-husqvarna-325ir\/","og_locale":"ru_RU","og_type":"article","og_title":"Akurohul\u00f5ikur Husqvarna 325iR","og_description":"Akurohul\u00f5ikur Husqvarna 325iR k\u00f5rgetasemeline kvaliteet ja j\u00f5udlus v\u00f5itlevad edukalt tiheda muruga ja seda iga ilmaga. Harjadeta E-Torq mootoril","og_url":"https:\/\/reginett.ee\/toode\/akurohuloikur-husqvarna-325ir\/","og_site_name":"Reginett","article_modified_time":"2026-01-08T10:21:33+00:00","og_image":[{"width":558,"height":372,"url":"https:\/\/reginett.ee\/wp-content\/uploads\/2025\/04\/IB-604833.webp","type":"image\/webp"}],"twitter_card":"summary_large_image","twitter_misc":{"\u041f\u0440\u0438\u043c\u0435\u0440\u043d\u043e\u0435 \u0432\u0440\u0435\u043c\u044f \u0434\u043b\u044f \u0447\u0442\u0435\u043d\u0438\u044f":"2 \u043c\u0438\u043d\u0443\u0442\u044b"},"schema":{"@context":"https:\/\/schema.org","@graph":[{"@type":"WebPage","@id":"https:\/\/reginett.ee\/toode\/akurohuloikur-husqvarna-325ir\/","url":"https:\/\/reginett.ee\/toode\/akurohuloikur-husqvarna-325ir\/","name":"Akurohul\u00f5ikur Husqvarna 325iR","isPartOf":{"@id":"https:\/\/reginett.ee\/#website"},"primaryImageOfPage":{"@id":"https:\/\/reginett.ee\/toode\/akurohuloikur-husqvarna-325ir\/#primaryimage"},"image":{"@id":"https:\/\/reginett.ee\/toode\/akurohuloikur-husqvarna-325ir\/#primaryimage"},"thumbnailUrl":"https:\/\/reginett.ee\/wp-content\/uploads\/2025\/04\/IB-604833.webp","datePublished":"2025-04-14T08:38:45+00:00","dateModified":"2026-01-08T10:21:33+00:00","description":"Akurohul\u00f5ikur Husqvarna 325iR k\u00f5rgetasemeline kvaliteet ja j\u00f5udlus v\u00f5itlevad edukalt tiheda muruga ja seda iga ilmaga. Harjadeta E-Torq mootoril","breadcrumb":{"@id":"https:\/\/reginett.ee\/toode\/akurohuloikur-husqvarna-325ir\/#breadcrumb"},"inLanguage":"ru-RU","potentialAction":[{"@type":"ReadAction","target":["https:\/\/reginett.ee\/toode\/akurohuloikur-husqvarna-325ir\/"]}]},{"@type":"ImageObject","inLanguage":"ru-RU","@id":"https:\/\/reginett.ee\/toode\/akurohuloikur-husqvarna-325ir\/#primaryimage","url":"https:\/\/reginett.ee\/wp-content\/uploads\/2025\/04\/IB-604833.webp","contentUrl":"https:\/\/reginett.ee\/wp-content\/uploads\/2025\/04\/IB-604833.webp","width":558,"height":372,"caption":"Akurohul\u00f5ikur Husqvarna 325iR"},{"@type":"BreadcrumbList","@id":"https:\/\/reginett.ee\/toode\/akurohuloikur-husqvarna-325ir\/#breadcrumb","itemListElement":[{"@type":"ListItem","position":1,"name":"Home","item":"https:\/\/reginett.ee\/ru\/"},{"@type":"ListItem","position":2,"name":"Tooted","item":"https:\/\/reginett.ee\/tooted\/"},{"@type":"ListItem","position":3,"name":"Akurohul\u00f5ikur Husqvarna 325iR"}]},{"@type":"WebSite","@id":"https:\/\/reginett.ee\/#website","url":"https:\/\/reginett.ee\/","name":"Reginett","description":"Parimad robotniidukid","potentialAction":[{"@type":"SearchAction","target":{"@type":"EntryPoint","urlTemplate":"https:\/\/reginett.ee\/?s={search_term_string}"},"query-input":{"@type":"PropertyValueSpecification","valueRequired":true,"valueName":"search_term_string"}}],"inLanguage":"ru-RU"}]}},"brands":[{"id":147,"name":"Husqvarna","slug":"husqvarna"}],"_links":{"self":[{"href":"https:\/\/reginett.ee\/ru\/wp-json\/wp\/v2\/product\/62535","targetHints":{"allow":["GET"]}}],"collection":[{"href":"https:\/\/reginett.ee\/ru\/wp-json\/wp\/v2\/product"}],"about":[{"href":"https:\/\/reginett.ee\/ru\/wp-json\/wp\/v2\/types\/product"}],"replies":[{"embeddable":true,"href":"https:\/\/reginett.ee\/ru\/wp-json\/wp\/v2\/comments?post=62535"}],"wp:featuredmedia":[{"embeddable":true,"href":"https:\/\/reginett.ee\/ru\/wp-json\/wp\/v2\/media\/62536"}],"wp:attachment":[{"href":"https:\/\/reginett.ee\/ru\/wp-json\/wp\/v2\/media?parent=62535"}],"wp:term":[{"taxonomy":"pwb-brand","embeddable":true,"href":"https:\/\/reginett.ee\/ru\/wp-json\/wp\/v2\/pwb-brand?post=62535"},{"taxonomy":"product_brand","embeddable":true,"href":"https:\/\/reginett.ee\/ru\/wp-json\/wp\/v2\/product_brand?post=62535"},{"taxonomy":"product_cat","embeddable":true,"href":"https:\/\/reginett.ee\/ru\/wp-json\/wp\/v2\/product_cat?post=62535"},{"taxonomy":"product_tag","embeddable":true,"href":"https:\/\/reginett.ee\/ru\/wp-json\/wp\/v2\/product_tag?post=62535"}],"curies":[{"name":"wp","href":"https:\/\/api.w.org\/{rel}","templated":true}]}}