{"id":62512,"date":"2025-04-11T17:28:56","date_gmt":"2025-04-11T14:28:56","guid":{"rendered":"https:\/\/reginett.ee\/?post_type=product&#038;p=62512"},"modified":"2025-06-03T14:59:16","modified_gmt":"2025-06-03T11:59:16","slug":"robotniiduk-ego-rm4000e-uus","status":"publish","type":"product","link":"https:\/\/reginett.ee\/ru\/toode\/robotniiduk-ego-rm4000e-uus\/","title":{"rendered":"Robotniiduk EGO RM4000E UUS!"},"content":{"rendered":"<p><strong> Robotniiduk EGO RM4000E<\/strong> on kohandatud kuni 4000m\u00b2 suurusele muruplatsile ja on loodud selleks, et muuta muru niitmine teie jaoks veelgi lihtsamaks.<\/p>\n<p>Nutika GPS-toega navigeerimise abil saavad meie robotniidukid hakkama ka k\u00f5ige keerukamate muruplatsidega, tagades t\u00f5husa ja p\u00f5hjaliku niitmise. Kuid see pole veel k\u00f5ik \u2013 \u00fchilduvus tipptasemel EGO Connect rakendusega annab teile seadme \u00fcle t\u00e4ieliku kontrolli, v\u00f5imaldades teil j\u00e4lgida ja juhtida niitmist s\u00f5ltumata asukohast. Bluetooth-\u00fchenduvuse abil saate robotniidukit kaugjuhtida nii niidupinna perimeetri sees, kui ka v\u00e4ljaspool. Nutiseadme abil saate m\u00e4\u00e4rata ajakavasid, kohandada seadeid ja j\u00e4lgida masinat asukohta kaardil. Intuitiivse 3,5-tollise v\u00e4rvilise puuteekraani abil saate masinat kontrollida ka otse masina pealt. Robotniiduk ei paku mitte ainult mugavust, vaid seab esikohale ka turvalisuse. PIN-koodiga juurdep\u00e4\u00e4sukontroll, 4G-\u00fchendus, t\u00f5stmis- ja kallutusandurid ning GPS-v\u00f5imekusega turvafunktsioonid aitavad teil nautida meelerahu, teades, et teie investeering on kaitstud varguste ja muude h\u00e4irivate tegurite eest. Muutke oma aed EGO RM4000E abil automatiseeritud paradiisiks!<\/p>\n<p>Piirdekaabel ei kuulu komplekti!<\/p>\n<p>&nbsp;<\/p>\n","protected":false},"excerpt":{"rendered":"<p><strong>Robotniiduk EGO RM4000E<\/strong> on kohandatud kuni 4000m\u00b2 suurusele muruplatsile ja on loodud selleks, et muuta muru niitmine teie jaoks veelgi lihtsamaks.<\/p>\n","protected":false},"featured_media":62498,"comment_status":"open","ping_status":"closed","template":"","meta":{"_acf_changed":false,"_et_pb_use_builder":"","_et_pb_old_content":"","_et_gb_content_width":"","inline_featured_image":false},"pwb-brand":[486],"product_brand":[],"product_cat":[153,19],"product_tag":[724],"class_list":{"0":"post-62512","1":"product","2":"type-product","3":"status-publish","4":"has-post-thumbnail","6":"pwb-brand-ego","7":"product_cat-ego","8":"product_cat-robotniidukid","9":"product_tag-robotniiduk-ego-rm4000e","10":"product_shipping_class-soodsam-kuller-15-eur","12":"first","13":"instock","14":"shipping-taxable","15":"purchasable","16":"product-type-simple"},"acf":[],"yoast_head":"<!-- This site is optimized with the Yoast SEO plugin v26.6 - https:\/\/yoast.com\/wordpress\/plugins\/seo\/ -->\n<title>Robotniiduk EGO RM4000E. Uus robotniiduk EGO valikus<\/title>\n<meta name=\"description\" content=\"Robotniiduk EGO RM4000E on kohandatud kuni 4000m\u00b2 suurusele muruplatsile ja on loodud selleks, et muuta muru niitmine teie jaoks veelgi lihtsamaks.\" \/>\n<meta name=\"robots\" content=\"index, follow, max-snippet:-1, max-image-preview:large, max-video-preview:-1\" \/>\n<link rel=\"canonical\" href=\"https:\/\/reginett.ee\/toode\/robotniiduk-ego-rm4000e-uus\/\" \/>\n<meta property=\"og:locale\" content=\"ru_RU\" \/>\n<meta property=\"og:type\" content=\"article\" \/>\n<meta property=\"og:title\" content=\"Robotniiduk EGO RM4000E. Uus robotniiduk EGO valikus\" \/>\n<meta property=\"og:description\" content=\"Robotniiduk EGO RM4000E on kohandatud kuni 4000m\u00b2 suurusele muruplatsile ja on loodud selleks, et muuta muru niitmine teie jaoks veelgi lihtsamaks.\" \/>\n<meta property=\"og:url\" content=\"https:\/\/reginett.ee\/toode\/robotniiduk-ego-rm4000e-uus\/\" \/>\n<meta property=\"og:site_name\" content=\"Reginett\" \/>\n<meta property=\"article:modified_time\" content=\"2025-06-03T11:59:16+00:00\" \/>\n<meta property=\"og:image\" content=\"https:\/\/reginett.ee\/wp-content\/uploads\/2025\/04\/Robotniiduk-EGO-RM2000E-Reginett.webp\" \/>\n\t<meta property=\"og:image:width\" content=\"680\" \/>\n\t<meta property=\"og:image:height\" content=\"372\" \/>\n\t<meta property=\"og:image:type\" content=\"image\/webp\" \/>\n<meta name=\"twitter:card\" content=\"summary_large_image\" \/>\n<meta name=\"twitter:label1\" content=\"\u041f\u0440\u0438\u043c\u0435\u0440\u043d\u043e\u0435 \u0432\u0440\u0435\u043c\u044f \u0434\u043b\u044f \u0447\u0442\u0435\u043d\u0438\u044f\" \/>\n\t<meta name=\"twitter:data1\" content=\"1 \u043c\u0438\u043d\u0443\u0442\u0430\" \/>\n<script type=\"application\/ld+json\" class=\"yoast-schema-graph\">{\"@context\":\"https:\/\/schema.org\",\"@graph\":[{\"@type\":\"WebPage\",\"@id\":\"https:\/\/reginett.ee\/toode\/robotniiduk-ego-rm4000e-uus\/\",\"url\":\"https:\/\/reginett.ee\/toode\/robotniiduk-ego-rm4000e-uus\/\",\"name\":\"Robotniiduk EGO RM4000E. Uus robotniiduk EGO valikus\",\"isPartOf\":{\"@id\":\"https:\/\/reginett.ee\/#website\"},\"primaryImageOfPage\":{\"@id\":\"https:\/\/reginett.ee\/toode\/robotniiduk-ego-rm4000e-uus\/#primaryimage\"},\"image\":{\"@id\":\"https:\/\/reginett.ee\/toode\/robotniiduk-ego-rm4000e-uus\/#primaryimage\"},\"thumbnailUrl\":\"https:\/\/reginett.ee\/wp-content\/uploads\/2025\/04\/Robotniiduk-EGO-RM2000E-Reginett.webp\",\"datePublished\":\"2025-04-11T14:28:56+00:00\",\"dateModified\":\"2025-06-03T11:59:16+00:00\",\"description\":\"Robotniiduk EGO RM4000E on kohandatud kuni 4000m\u00b2 suurusele muruplatsile ja on loodud selleks, et muuta muru niitmine teie jaoks veelgi lihtsamaks.\",\"breadcrumb\":{\"@id\":\"https:\/\/reginett.ee\/toode\/robotniiduk-ego-rm4000e-uus\/#breadcrumb\"},\"inLanguage\":\"ru-RU\",\"potentialAction\":[{\"@type\":\"ReadAction\",\"target\":[\"https:\/\/reginett.ee\/toode\/robotniiduk-ego-rm4000e-uus\/\"]}]},{\"@type\":\"ImageObject\",\"inLanguage\":\"ru-RU\",\"@id\":\"https:\/\/reginett.ee\/toode\/robotniiduk-ego-rm4000e-uus\/#primaryimage\",\"url\":\"https:\/\/reginett.ee\/wp-content\/uploads\/2025\/04\/Robotniiduk-EGO-RM2000E-Reginett.webp\",\"contentUrl\":\"https:\/\/reginett.ee\/wp-content\/uploads\/2025\/04\/Robotniiduk-EGO-RM2000E-Reginett.webp\",\"width\":680,\"height\":372,\"caption\":\"Robotniiduk EGO RM2000E Reginett\"},{\"@type\":\"BreadcrumbList\",\"@id\":\"https:\/\/reginett.ee\/toode\/robotniiduk-ego-rm4000e-uus\/#breadcrumb\",\"itemListElement\":[{\"@type\":\"ListItem\",\"position\":1,\"name\":\"Home\",\"item\":\"https:\/\/reginett.ee\/ru\/\"},{\"@type\":\"ListItem\",\"position\":2,\"name\":\"Tooted\",\"item\":\"https:\/\/reginett.ee\/tooted\/\"},{\"@type\":\"ListItem\",\"position\":3,\"name\":\"Robotniiduk EGO RM4000E UUS!\"}]},{\"@type\":\"WebSite\",\"@id\":\"https:\/\/reginett.ee\/#website\",\"url\":\"https:\/\/reginett.ee\/\",\"name\":\"Reginett\",\"description\":\"Parimad robotniidukid\",\"potentialAction\":[{\"@type\":\"SearchAction\",\"target\":{\"@type\":\"EntryPoint\",\"urlTemplate\":\"https:\/\/reginett.ee\/?s={search_term_string}\"},\"query-input\":{\"@type\":\"PropertyValueSpecification\",\"valueRequired\":true,\"valueName\":\"search_term_string\"}}],\"inLanguage\":\"ru-RU\"}]}<\/script>\n<!-- \/ Yoast SEO plugin. -->","yoast_head_json":{"title":"Robotniiduk EGO RM4000E. Uus robotniiduk EGO valikus","description":"Robotniiduk EGO RM4000E on kohandatud kuni 4000m\u00b2 suurusele muruplatsile ja on loodud selleks, et muuta muru niitmine teie jaoks veelgi lihtsamaks.","robots":{"index":"index","follow":"follow","max-snippet":"max-snippet:-1","max-image-preview":"max-image-preview:large","max-video-preview":"max-video-preview:-1"},"canonical":"https:\/\/reginett.ee\/toode\/robotniiduk-ego-rm4000e-uus\/","og_locale":"ru_RU","og_type":"article","og_title":"Robotniiduk EGO RM4000E. Uus robotniiduk EGO valikus","og_description":"Robotniiduk EGO RM4000E on kohandatud kuni 4000m\u00b2 suurusele muruplatsile ja on loodud selleks, et muuta muru niitmine teie jaoks veelgi lihtsamaks.","og_url":"https:\/\/reginett.ee\/toode\/robotniiduk-ego-rm4000e-uus\/","og_site_name":"Reginett","article_modified_time":"2025-06-03T11:59:16+00:00","og_image":[{"width":680,"height":372,"url":"https:\/\/reginett.ee\/wp-content\/uploads\/2025\/04\/Robotniiduk-EGO-RM2000E-Reginett.webp","type":"image\/webp"}],"twitter_card":"summary_large_image","twitter_misc":{"\u041f\u0440\u0438\u043c\u0435\u0440\u043d\u043e\u0435 \u0432\u0440\u0435\u043c\u044f \u0434\u043b\u044f \u0447\u0442\u0435\u043d\u0438\u044f":"1 \u043c\u0438\u043d\u0443\u0442\u0430"},"schema":{"@context":"https:\/\/schema.org","@graph":[{"@type":"WebPage","@id":"https:\/\/reginett.ee\/toode\/robotniiduk-ego-rm4000e-uus\/","url":"https:\/\/reginett.ee\/toode\/robotniiduk-ego-rm4000e-uus\/","name":"Robotniiduk EGO RM4000E. Uus robotniiduk EGO valikus","isPartOf":{"@id":"https:\/\/reginett.ee\/#website"},"primaryImageOfPage":{"@id":"https:\/\/reginett.ee\/toode\/robotniiduk-ego-rm4000e-uus\/#primaryimage"},"image":{"@id":"https:\/\/reginett.ee\/toode\/robotniiduk-ego-rm4000e-uus\/#primaryimage"},"thumbnailUrl":"https:\/\/reginett.ee\/wp-content\/uploads\/2025\/04\/Robotniiduk-EGO-RM2000E-Reginett.webp","datePublished":"2025-04-11T14:28:56+00:00","dateModified":"2025-06-03T11:59:16+00:00","description":"Robotniiduk EGO RM4000E on kohandatud kuni 4000m\u00b2 suurusele muruplatsile ja on loodud selleks, et muuta muru niitmine teie jaoks veelgi lihtsamaks.","breadcrumb":{"@id":"https:\/\/reginett.ee\/toode\/robotniiduk-ego-rm4000e-uus\/#breadcrumb"},"inLanguage":"ru-RU","potentialAction":[{"@type":"ReadAction","target":["https:\/\/reginett.ee\/toode\/robotniiduk-ego-rm4000e-uus\/"]}]},{"@type":"ImageObject","inLanguage":"ru-RU","@id":"https:\/\/reginett.ee\/toode\/robotniiduk-ego-rm4000e-uus\/#primaryimage","url":"https:\/\/reginett.ee\/wp-content\/uploads\/2025\/04\/Robotniiduk-EGO-RM2000E-Reginett.webp","contentUrl":"https:\/\/reginett.ee\/wp-content\/uploads\/2025\/04\/Robotniiduk-EGO-RM2000E-Reginett.webp","width":680,"height":372,"caption":"Robotniiduk EGO RM2000E Reginett"},{"@type":"BreadcrumbList","@id":"https:\/\/reginett.ee\/toode\/robotniiduk-ego-rm4000e-uus\/#breadcrumb","itemListElement":[{"@type":"ListItem","position":1,"name":"Home","item":"https:\/\/reginett.ee\/ru\/"},{"@type":"ListItem","position":2,"name":"Tooted","item":"https:\/\/reginett.ee\/tooted\/"},{"@type":"ListItem","position":3,"name":"Robotniiduk EGO RM4000E UUS!"}]},{"@type":"WebSite","@id":"https:\/\/reginett.ee\/#website","url":"https:\/\/reginett.ee\/","name":"Reginett","description":"Parimad robotniidukid","potentialAction":[{"@type":"SearchAction","target":{"@type":"EntryPoint","urlTemplate":"https:\/\/reginett.ee\/?s={search_term_string}"},"query-input":{"@type":"PropertyValueSpecification","valueRequired":true,"valueName":"search_term_string"}}],"inLanguage":"ru-RU"}]}},"brands":[{"id":486,"name":"EGO","slug":"ego"}],"_links":{"self":[{"href":"https:\/\/reginett.ee\/ru\/wp-json\/wp\/v2\/product\/62512","targetHints":{"allow":["GET"]}}],"collection":[{"href":"https:\/\/reginett.ee\/ru\/wp-json\/wp\/v2\/product"}],"about":[{"href":"https:\/\/reginett.ee\/ru\/wp-json\/wp\/v2\/types\/product"}],"replies":[{"embeddable":true,"href":"https:\/\/reginett.ee\/ru\/wp-json\/wp\/v2\/comments?post=62512"}],"wp:featuredmedia":[{"embeddable":true,"href":"https:\/\/reginett.ee\/ru\/wp-json\/wp\/v2\/media\/62498"}],"wp:attachment":[{"href":"https:\/\/reginett.ee\/ru\/wp-json\/wp\/v2\/media?parent=62512"}],"wp:term":[{"taxonomy":"pwb-brand","embeddable":true,"href":"https:\/\/reginett.ee\/ru\/wp-json\/wp\/v2\/pwb-brand?post=62512"},{"taxonomy":"product_brand","embeddable":true,"href":"https:\/\/reginett.ee\/ru\/wp-json\/wp\/v2\/product_brand?post=62512"},{"taxonomy":"product_cat","embeddable":true,"href":"https:\/\/reginett.ee\/ru\/wp-json\/wp\/v2\/product_cat?post=62512"},{"taxonomy":"product_tag","embeddable":true,"href":"https:\/\/reginett.ee\/ru\/wp-json\/wp\/v2\/product_tag?post=62512"}],"curies":[{"name":"wp","href":"https:\/\/api.w.org\/{rel}","templated":true}]}}