{"id":62497,"date":"2025-04-11T17:13:16","date_gmt":"2025-04-11T14:13:16","guid":{"rendered":"https:\/\/reginett.ee\/?post_type=product&#038;p=62497"},"modified":"2025-06-03T14:58:57","modified_gmt":"2025-06-03T11:58:57","slug":"robotniiduk-ego-rm2000e-uus","status":"publish","type":"product","link":"https:\/\/reginett.ee\/ru\/toode\/robotniiduk-ego-rm2000e-uus\/","title":{"rendered":"Robotniiduk EGO RM2000E UUS!"},"content":{"rendered":"<p><strong> Robotniiduk EGO RM2000E<\/strong> sobib kuni 2000 m\u00b2 suuruse niidupinna niitmiseks, on varustatud nutika GPS-navigeerimisega ning suudab toime tulla kuni 50 % kallakutega. Veenduge ise, kui sujuvalt kohandub robotniiduk Teie niidupinna keerukusega.<\/p>\n<div id=\"tab-description\" class=\"entry-content woocommerce-Tabs-panel woocommerce-Tabs-panel--description wd-active panel wc-tab\" role=\"tabpanel\" aria-labelledby=\"tab-title-description\" data-accordion-index=\"description\">\n<div class=\"wc-tab-inner\">\n<p>Robotniiduk RM2000E aitab Teil oma aia eest lihtsamini hoolt kanda. Perimeetrikaablit kasutava RM2000E l\u00f5ikelaius on 24 cm ning selle suurep\u00e4rase l\u00f5ikekvaliteedi tagavad kolm lendtera.Niiduki seadistamine k\u00e4ib intuitiivse 3,5-tollise v\u00e4rvilise puuteekraani kaudu, mille abil saate m\u00e4\u00e4rata ajakava ja kohandada niitmise seadeid v\u00f5i EGO Connect rakenduse kaudu, millega saate niidukit kaugjuhtida otse oma mobiiltelefonist.EGO RM2000E sisaldab t\u00e4iustatud sensori- ja seirefunktsioone, samal ajal kui t\u00f5stmis- ja kallutusandurid kaitsevad nii kasutajat, kui ka masinat t\u00f6\u00f6tamise ajal. GPS j\u00e4lgitavus ja hoiatused tagavad lisakaitse varguse korral.<\/p>\n<p>Piirdekaabel ei kuulu komplekti.<\/p>\n<p>&nbsp;<\/p>\n<\/div>\n<\/div>\n","protected":false},"excerpt":{"rendered":"<p><strong>Robotniiduk EGO RM2000E<\/strong> sobib kuni 2000 m\u00b2 suuruse niidupinna niitmiseks, on varustatud nutika GPS-navigeerimisega ning suudab toime tulla kuni 50 % kallakutega. Veenduge ise, kui sujuvalt kohandub robotniiduk teie niidupinna keerukusega.<\/p>\n<div id=\"tab-description\" class=\"entry-content woocommerce-Tabs-panel woocommerce-Tabs-panel--description wd-active panel wc-tab\" role=\"tabpanel\" aria-labelledby=\"tab-title-description\" data-accordion-index=\"description\">\n<div class=\"wc-tab-inner\">\n<p>Robotniiduk RM2000E aitab Teil oma aia eest lihtsamini hoolt kanda. Piirdekaablit kasutava RM2000E l\u00f5ikelaius on 24 cm ning selle suurep\u00e4rase l\u00f5ikekvaliteedi tagavad kolm lendtera.Niiduki seadistamine k\u00e4ib intuitiivse 3,5-tollise v\u00e4rvilise puuteekraani kaudu, mille abil saate m\u00e4\u00e4rata ajakava ja kohandada niitmise seadeid v\u00f5i EGO Connect rakenduse kaudu, millega saate niidukit kaugjuhtida otse oma mobiiltelefonist.EGO RM2000E sisaldab t\u00e4iustatud sensori- ja seirefunktsioone, samal ajal kui t\u00f5stmis- ja kallutusandurid kaitsevad nii kasutajat, kui ka masinat t\u00f6\u00f6tamise ajal. GPS j\u00e4lgitavus ja hoiatused tagavad lisakaitse varguse korral.<\/p>\n<p>&nbsp;<\/p>\n<\/div>\n<\/div>\n","protected":false},"featured_media":62498,"comment_status":"open","ping_status":"closed","template":"","meta":{"_acf_changed":false,"_et_pb_use_builder":"","_et_pb_old_content":"","_et_gb_content_width":"","inline_featured_image":false},"pwb-brand":[486],"product_brand":[],"product_cat":[153,19],"product_tag":[723],"class_list":{"0":"post-62497","1":"product","2":"type-product","3":"status-publish","4":"has-post-thumbnail","6":"pwb-brand-ego","7":"product_cat-ego","8":"product_cat-robotniidukid","9":"product_tag-robotniiduk-ego-rm2000e-reginett","10":"product_shipping_class-soodsam-kuller-15-eur","12":"first","13":"instock","14":"shipping-taxable","15":"purchasable","16":"product-type-simple"},"acf":[],"yoast_head":"<!-- This site is optimized with the Yoast SEO plugin v26.6 - https:\/\/yoast.com\/wordpress\/plugins\/seo\/ -->\n<title>R - Reginett R<\/title>\n<meta name=\"robots\" content=\"index, follow, max-snippet:-1, max-image-preview:large, max-video-preview:-1\" \/>\n<link rel=\"canonical\" href=\"https:\/\/reginett.ee\/toode\/robotniiduk-ego-rm2000e-uus\/\" \/>\n<meta property=\"og:locale\" content=\"ru_RU\" \/>\n<meta property=\"og:type\" content=\"article\" \/>\n<meta property=\"og:title\" content=\"R - Reginett R\" \/>\n<meta property=\"og:description\" content=\"Robotniiduk EGO RM2000E sobib kuni 2000 m\u00b2 suuruse niidupinna niitmiseks, on varustatud nutika GPS-navigeerimisega ning suudab toime tulla kuni 50 % kallakutega. Veenduge ise, kui sujuvalt kohandub robotniiduk teie niidupinna keerukusega.    Robotniiduk RM2000E aitab Teil oma aia eest lihtsamini hoolt kanda. Piirdekaablit kasutava RM2000E l\u00f5ikelaius on 24 cm ning selle suurep\u00e4rase l\u00f5ikekvaliteedi tagavad kolm lendtera.Niiduki seadistamine k\u00e4ib intuitiivse 3,5-tollise v\u00e4rvilise puuteekraani kaudu, mille abil saate m\u00e4\u00e4rata ajakava ja kohandada niitmise seadeid v\u00f5i EGO Connect rakenduse kaudu, millega saate niidukit kaugjuhtida otse oma mobiiltelefonist.EGO RM2000E sisaldab t\u00e4iustatud sensori- ja seirefunktsioone, samal ajal kui t\u00f5stmis- ja kallutusandurid kaitsevad nii kasutajat, kui ka masinat t\u00f6\u00f6tamise ajal. GPS j\u00e4lgitavus ja hoiatused tagavad lisakaitse varguse korral.  &nbsp;\" \/>\n<meta property=\"og:url\" content=\"https:\/\/reginett.ee\/toode\/robotniiduk-ego-rm2000e-uus\/\" \/>\n<meta property=\"og:site_name\" content=\"Reginett\" \/>\n<meta property=\"article:modified_time\" content=\"2025-06-03T11:58:57+00:00\" \/>\n<meta property=\"og:image\" content=\"https:\/\/reginett.ee\/wp-content\/uploads\/2025\/04\/Robotniiduk-EGO-RM2000E-Reginett.webp\" \/>\n\t<meta property=\"og:image:width\" content=\"680\" \/>\n\t<meta property=\"og:image:height\" content=\"372\" \/>\n\t<meta property=\"og:image:type\" content=\"image\/webp\" \/>\n<meta name=\"twitter:card\" content=\"summary_large_image\" \/>\n<meta name=\"twitter:label1\" content=\"\u041f\u0440\u0438\u043c\u0435\u0440\u043d\u043e\u0435 \u0432\u0440\u0435\u043c\u044f \u0434\u043b\u044f \u0447\u0442\u0435\u043d\u0438\u044f\" \/>\n\t<meta name=\"twitter:data1\" content=\"1 \u043c\u0438\u043d\u0443\u0442\u0430\" \/>\n<script type=\"application\/ld+json\" class=\"yoast-schema-graph\">{\"@context\":\"https:\/\/schema.org\",\"@graph\":[{\"@type\":\"WebPage\",\"@id\":\"https:\/\/reginett.ee\/toode\/robotniiduk-ego-rm2000e-uus\/\",\"url\":\"https:\/\/reginett.ee\/toode\/robotniiduk-ego-rm2000e-uus\/\",\"name\":\"R - Reginett R\",\"isPartOf\":{\"@id\":\"https:\/\/reginett.ee\/#website\"},\"primaryImageOfPage\":{\"@id\":\"https:\/\/reginett.ee\/toode\/robotniiduk-ego-rm2000e-uus\/#primaryimage\"},\"image\":{\"@id\":\"https:\/\/reginett.ee\/toode\/robotniiduk-ego-rm2000e-uus\/#primaryimage\"},\"thumbnailUrl\":\"https:\/\/reginett.ee\/wp-content\/uploads\/2025\/04\/Robotniiduk-EGO-RM2000E-Reginett.webp\",\"datePublished\":\"2025-04-11T14:13:16+00:00\",\"dateModified\":\"2025-06-03T11:58:57+00:00\",\"breadcrumb\":{\"@id\":\"https:\/\/reginett.ee\/toode\/robotniiduk-ego-rm2000e-uus\/#breadcrumb\"},\"inLanguage\":\"ru-RU\",\"potentialAction\":[{\"@type\":\"ReadAction\",\"target\":[\"https:\/\/reginett.ee\/toode\/robotniiduk-ego-rm2000e-uus\/\"]}]},{\"@type\":\"ImageObject\",\"inLanguage\":\"ru-RU\",\"@id\":\"https:\/\/reginett.ee\/toode\/robotniiduk-ego-rm2000e-uus\/#primaryimage\",\"url\":\"https:\/\/reginett.ee\/wp-content\/uploads\/2025\/04\/Robotniiduk-EGO-RM2000E-Reginett.webp\",\"contentUrl\":\"https:\/\/reginett.ee\/wp-content\/uploads\/2025\/04\/Robotniiduk-EGO-RM2000E-Reginett.webp\",\"width\":680,\"height\":372,\"caption\":\"Robotniiduk EGO RM2000E Reginett\"},{\"@type\":\"BreadcrumbList\",\"@id\":\"https:\/\/reginett.ee\/toode\/robotniiduk-ego-rm2000e-uus\/#breadcrumb\",\"itemListElement\":[{\"@type\":\"ListItem\",\"position\":1,\"name\":\"Home\",\"item\":\"https:\/\/reginett.ee\/ru\/\"},{\"@type\":\"ListItem\",\"position\":2,\"name\":\"Tooted\",\"item\":\"https:\/\/reginett.ee\/tooted\/\"},{\"@type\":\"ListItem\",\"position\":3,\"name\":\"Robotniiduk EGO RM2000E UUS!\"}]},{\"@type\":\"WebSite\",\"@id\":\"https:\/\/reginett.ee\/#website\",\"url\":\"https:\/\/reginett.ee\/\",\"name\":\"Reginett\",\"description\":\"Parimad robotniidukid\",\"potentialAction\":[{\"@type\":\"SearchAction\",\"target\":{\"@type\":\"EntryPoint\",\"urlTemplate\":\"https:\/\/reginett.ee\/?s={search_term_string}\"},\"query-input\":{\"@type\":\"PropertyValueSpecification\",\"valueRequired\":true,\"valueName\":\"search_term_string\"}}],\"inLanguage\":\"ru-RU\"}]}<\/script>\n<!-- \/ Yoast SEO plugin. -->","yoast_head_json":{"title":"R - Reginett R","robots":{"index":"index","follow":"follow","max-snippet":"max-snippet:-1","max-image-preview":"max-image-preview:large","max-video-preview":"max-video-preview:-1"},"canonical":"https:\/\/reginett.ee\/toode\/robotniiduk-ego-rm2000e-uus\/","og_locale":"ru_RU","og_type":"article","og_title":"R - Reginett R","og_description":"Robotniiduk EGO RM2000E sobib kuni 2000 m\u00b2 suuruse niidupinna niitmiseks, on varustatud nutika GPS-navigeerimisega ning suudab toime tulla kuni 50 % kallakutega. Veenduge ise, kui sujuvalt kohandub robotniiduk teie niidupinna keerukusega.    Robotniiduk RM2000E aitab Teil oma aia eest lihtsamini hoolt kanda. Piirdekaablit kasutava RM2000E l\u00f5ikelaius on 24 cm ning selle suurep\u00e4rase l\u00f5ikekvaliteedi tagavad kolm lendtera.Niiduki seadistamine k\u00e4ib intuitiivse 3,5-tollise v\u00e4rvilise puuteekraani kaudu, mille abil saate m\u00e4\u00e4rata ajakava ja kohandada niitmise seadeid v\u00f5i EGO Connect rakenduse kaudu, millega saate niidukit kaugjuhtida otse oma mobiiltelefonist.EGO RM2000E sisaldab t\u00e4iustatud sensori- ja seirefunktsioone, samal ajal kui t\u00f5stmis- ja kallutusandurid kaitsevad nii kasutajat, kui ka masinat t\u00f6\u00f6tamise ajal. GPS j\u00e4lgitavus ja hoiatused tagavad lisakaitse varguse korral.  &nbsp;","og_url":"https:\/\/reginett.ee\/toode\/robotniiduk-ego-rm2000e-uus\/","og_site_name":"Reginett","article_modified_time":"2025-06-03T11:58:57+00:00","og_image":[{"width":680,"height":372,"url":"https:\/\/reginett.ee\/wp-content\/uploads\/2025\/04\/Robotniiduk-EGO-RM2000E-Reginett.webp","type":"image\/webp"}],"twitter_card":"summary_large_image","twitter_misc":{"\u041f\u0440\u0438\u043c\u0435\u0440\u043d\u043e\u0435 \u0432\u0440\u0435\u043c\u044f \u0434\u043b\u044f \u0447\u0442\u0435\u043d\u0438\u044f":"1 \u043c\u0438\u043d\u0443\u0442\u0430"},"schema":{"@context":"https:\/\/schema.org","@graph":[{"@type":"WebPage","@id":"https:\/\/reginett.ee\/toode\/robotniiduk-ego-rm2000e-uus\/","url":"https:\/\/reginett.ee\/toode\/robotniiduk-ego-rm2000e-uus\/","name":"R - Reginett R","isPartOf":{"@id":"https:\/\/reginett.ee\/#website"},"primaryImageOfPage":{"@id":"https:\/\/reginett.ee\/toode\/robotniiduk-ego-rm2000e-uus\/#primaryimage"},"image":{"@id":"https:\/\/reginett.ee\/toode\/robotniiduk-ego-rm2000e-uus\/#primaryimage"},"thumbnailUrl":"https:\/\/reginett.ee\/wp-content\/uploads\/2025\/04\/Robotniiduk-EGO-RM2000E-Reginett.webp","datePublished":"2025-04-11T14:13:16+00:00","dateModified":"2025-06-03T11:58:57+00:00","breadcrumb":{"@id":"https:\/\/reginett.ee\/toode\/robotniiduk-ego-rm2000e-uus\/#breadcrumb"},"inLanguage":"ru-RU","potentialAction":[{"@type":"ReadAction","target":["https:\/\/reginett.ee\/toode\/robotniiduk-ego-rm2000e-uus\/"]}]},{"@type":"ImageObject","inLanguage":"ru-RU","@id":"https:\/\/reginett.ee\/toode\/robotniiduk-ego-rm2000e-uus\/#primaryimage","url":"https:\/\/reginett.ee\/wp-content\/uploads\/2025\/04\/Robotniiduk-EGO-RM2000E-Reginett.webp","contentUrl":"https:\/\/reginett.ee\/wp-content\/uploads\/2025\/04\/Robotniiduk-EGO-RM2000E-Reginett.webp","width":680,"height":372,"caption":"Robotniiduk EGO RM2000E Reginett"},{"@type":"BreadcrumbList","@id":"https:\/\/reginett.ee\/toode\/robotniiduk-ego-rm2000e-uus\/#breadcrumb","itemListElement":[{"@type":"ListItem","position":1,"name":"Home","item":"https:\/\/reginett.ee\/ru\/"},{"@type":"ListItem","position":2,"name":"Tooted","item":"https:\/\/reginett.ee\/tooted\/"},{"@type":"ListItem","position":3,"name":"Robotniiduk EGO RM2000E UUS!"}]},{"@type":"WebSite","@id":"https:\/\/reginett.ee\/#website","url":"https:\/\/reginett.ee\/","name":"Reginett","description":"Parimad robotniidukid","potentialAction":[{"@type":"SearchAction","target":{"@type":"EntryPoint","urlTemplate":"https:\/\/reginett.ee\/?s={search_term_string}"},"query-input":{"@type":"PropertyValueSpecification","valueRequired":true,"valueName":"search_term_string"}}],"inLanguage":"ru-RU"}]}},"brands":[{"id":486,"name":"EGO","slug":"ego"}],"_links":{"self":[{"href":"https:\/\/reginett.ee\/ru\/wp-json\/wp\/v2\/product\/62497","targetHints":{"allow":["GET"]}}],"collection":[{"href":"https:\/\/reginett.ee\/ru\/wp-json\/wp\/v2\/product"}],"about":[{"href":"https:\/\/reginett.ee\/ru\/wp-json\/wp\/v2\/types\/product"}],"replies":[{"embeddable":true,"href":"https:\/\/reginett.ee\/ru\/wp-json\/wp\/v2\/comments?post=62497"}],"wp:featuredmedia":[{"embeddable":true,"href":"https:\/\/reginett.ee\/ru\/wp-json\/wp\/v2\/media\/62498"}],"wp:attachment":[{"href":"https:\/\/reginett.ee\/ru\/wp-json\/wp\/v2\/media?parent=62497"}],"wp:term":[{"taxonomy":"pwb-brand","embeddable":true,"href":"https:\/\/reginett.ee\/ru\/wp-json\/wp\/v2\/pwb-brand?post=62497"},{"taxonomy":"product_brand","embeddable":true,"href":"https:\/\/reginett.ee\/ru\/wp-json\/wp\/v2\/product_brand?post=62497"},{"taxonomy":"product_cat","embeddable":true,"href":"https:\/\/reginett.ee\/ru\/wp-json\/wp\/v2\/product_cat?post=62497"},{"taxonomy":"product_tag","embeddable":true,"href":"https:\/\/reginett.ee\/ru\/wp-json\/wp\/v2\/product_tag?post=62497"}],"curies":[{"name":"wp","href":"https:\/\/api.w.org\/{rel}","templated":true}]}}