{"id":62492,"date":"2025-06-25T13:44:06","date_gmt":"2025-06-25T10:44:06","guid":{"rendered":"https:\/\/reginett.ee\/?post_type=product&#038;p=62492"},"modified":"2025-06-27T18:02:25","modified_gmt":"2025-06-27T15:02:25","slug":"robotniiduk-husqvarna-automower-560-epos-uus","status":"publish","type":"product","link":"https:\/\/reginett.ee\/ru\/toode\/robotniiduk-husqvarna-automower-560-epos-uus\/","title":{"rendered":"Robotniiduk Husqvarna Automower\u00ae 560 EPOS\u00ae UUS!"},"content":{"rendered":"<p><strong>Robotniiduk Husqvarna Automower\u00ae 560 EPOS\u00ae<\/strong> on robotniiduk t\u00f5husaks professionaalseks muruhoolduseks, mis sobib ideaalselt spordiv\u00e4ljakutele ning erinevate avalike alade niitmiseks. <strong>Maksimaalne niidetav ala 12 000 m2.<\/strong><\/p>\n<p>Satelliidip\u00f5hine Husqvarna EPOS\u00ae-tehnoloogia v\u00f5imaldab piirdekaablivaba paigaldust, mis annab v\u00f5imaluse luua erinevaid t\u00f6\u00f6alasid ning m\u00e4\u00e4rata ajutisi mitteniidetavaid piirkondi. Maapinna konarusi j\u00e4rgiva esisilla abiga saab robotniiduk kergesti hakkama ka ebatasastel pindadel ja kuni 50% (27\u02da) kaldega n\u00f5lvadel.<\/p>\n<p>Vajalik on EPOS\u00ae RS5 viitejaam.<\/p>\n<p>&nbsp;<\/p>\n<h3 class=\"ui-mf ui-cn ui-mj\">Husqvarna EPOS\u00ae kaablivaba tehnoloogia<\/h3>\n<p class=\"ui-mf ui-cn ui-mn\">Virtuaalne, kaablivaba t\u00f6\u00f6 satelliidip\u00f5hise RTK-GNSS-tehnoloogia abil v\u00f5imaldab t\u00e4psust kuni 2 cm. F\u00fc\u00fcsiliste kaablite puudumine t\u00e4hendab uut kestvuse ja paindlikkuse taset, mis v\u00f5imaldab regulaarset muru \u00f5hutamist ja parandamist, ilma et see ohustaks roboti paigalduse toimimist.<\/p>\n<h3 class=\"ui-mf ui-cn ui-mj\">Erinevad niidumustrid<\/h3>\n<p class=\"ui-mf ui-cn ui-mn\">Parandage muru visuaalset muljet, muutes niitmismustrit. EPOS\u00ae-tehnoloogia abil saab Husqvarna Automower\u00ae 560 EPOS\u00ae\u00a0 niiduk t\u00f6\u00f6tada paralleelselt liikudes v\u00f5i luua mitmesuguseid vorme, nagu rombid, kolmnurgad ja ruudud.<\/p>\n<h3 class=\"ui-mf ui-cn ui-mj\">FOTA \u2013 Firmware Over-The-Air (p\u00fcsivara \u00fcle \u00f5hu)<\/h3>\n<p class=\"ui-mf ui-cn ui-mn\">FOTA \u2013 tehnoloogia, mis v\u00f5imaldab kasutajal teha p\u00fcsivara uuendusi Fleet Services rakenduse kaudu. Allalaadimine toimub distantsilt \u00fcle \u00f5hu, ilma et oleks vaja f\u00fc\u00fcsilist sekkumist, ning see aktiveerib uusi funktsioone ja v\u00e4rskendusi.<\/p>\n<h3 class=\"ui-mf ui-cn ui-mj\">Ilmastikukindel konstruktsioon<\/h3>\n<p class=\"ui-mf ui-cn ui-mn\">Husqvarna robotniidukid on valmistatud 30-aastasele kogemusele tuginedes. Need on t\u00f6\u00f6tanud karmides ilmastikutingimustes, n\u00e4iteks P\u00f5hjamaade kliimas ning on konstrueeritud t\u00f6\u00f6tama 24\/7 kogu muru kasvuperioodi v\u00e4ltel, tehes neile vaid regulaarselt tavap\u00e4rast hooldust ja puhastust. Ainulaadne niidus\u00fcsteem, mille l\u00f5ikekettal on vabalt p\u00f6\u00f6rlevad terad, tagab hea l\u00f5iketulemuse ka vihmastes tingimustes.<\/p>\n<h3 class=\"ui-mf ui-cn ui-mj\">Takistuste v\u00e4ltimine radariga<\/h3>\n<p class=\"ui-mf ui-cn ui-mn\">Radaritehnoloogial t\u00f6\u00f6tavad sisseehitatud andurid aitavad\u00a0 Husqvarna Automower\u00ae 560 EPOS\u00ae robotniidukil niidukil tuvastada takistusi, v\u00e4hendada kiirust ja v\u00e4ltida tugevaid kokkup\u00f5rkeid.<\/p>\n<h3 class=\"ui-mf ui-cn ui-mj\">Ujuv l\u00f5ikes\u00fcsteem<\/h3>\n<p class=\"ui-mf ui-cn ui-mn\">Vedruga l\u00f5ikes\u00fcsteem, mis kohandub paindlikult maapinna kontuuri ja ebatasasustega, tagades optimaalsed l\u00f5iketulemused. Husqvarna nime v\u00e4\u00e4riline vastupidav l\u00f5iketeraketta s\u00fcsteem on varustatud tugevast s\u00fcsinikterasest valmistatud teravate, habemenoataoliste teradega, mis pakuvad erakordset l\u00f5ikej\u00f5udlust ja \u00e4\u00e4rmiselt madalat energiatarbimist.<\/p>\n<h3 class=\"ui-mf ui-cn ui-mj\">T\u00e4iustatud kaugk\u00e4ivitusvalikud<\/h3>\n<p class=\"ui-mf ui-cn ui-mn\">Saad taask\u00e4ivitada peatunud\u00a0 Husqvarna Automower\u00ae 560 EPOS\u00ae robotniiduki kaugjuhtimisega mobiilirakenduse kaudu, s\u00e4\u00e4stes aega ja vaeva. See funktsioon on mugav volitamata sekkumise p\u00f5hjustatud plaanimata peatumiste korral, v\u00f5imaldades niitmist kiiresti j\u00e4tkata ilma niiduki juurde f\u00fc\u00fcsiliselt kohale minemata.<\/p>\n<h3 class=\"ui-mf ui-cn ui-mj\">Viie teraga l\u00f5ikeketas<\/h3>\n<p class=\"ui-mf ui-cn ui-mn\">Automower 500-seeria ja CEORA\u00ae l\u00f5ikekettad on varustatud viie Enhance HSS-teradega, mis tagavad suurema l\u00f5iket\u00f5hususe. Rohkem terasid \u00fche ketta kohta annab kvaliteetsema l\u00f5iketulemuse ja pikendab terade vahetamise intervalli.<\/p>\n<h3 class=\"ui-mf ui-cn ui-mj\">Dokkimine kaabliga<\/h3>\n<p class=\"ui-mf ui-cn ui-mn\">V\u00f5imaldab paigaldada laadimisjaama piirkondadesse, kus satelliidilevi puudub, kasutades kaablikoridori. Annab t\u00e4ieliku paindlikkuse laadimisjaama peitmiseks v\u00f5i kaitsmiseks katuse all v\u00f5i garaa\u017eis.<\/p>\n","protected":false},"excerpt":{"rendered":"<p><strong>Robotniiduk Husqvarna Automower\u00ae 560 EPOS\u00ae<\/strong> on robotniiduk t\u00f5husaks professionaalseks muruhoolduseks, mis sobib ideaalselt spordiv\u00e4ljakutele ning erinevate avalike alade niitmiseks.<\/p>\n<p><strong>Maksimaalne niidetav ala 12 000 m2.<\/strong><\/p>\n","protected":false},"featured_media":62493,"comment_status":"open","ping_status":"closed","template":"","meta":{"_acf_changed":false,"_et_pb_use_builder":"on","_et_pb_old_content":"<strong>Robotniiduk Husqvarna Automower\u00ae 560 EPOS\u00ae<\/strong> on robotniiduk t\u00f5husaks professionaalseks muruhoolduseks, mis sobib ideaalselt spordiv\u00e4ljakutele ning erinevate avalike alade niitmiseks. <strong>Maksimaalne niidetav ala 12 000 m2.<\/strong>\r\n\r\nSatelliidip\u00f5hine Husqvarna EPOS\u00ae-tehnoloogia v\u00f5imaldab piirdekaablivaba paigaldust, mis annab v\u00f5imaluse luua erinevaid t\u00f6\u00f6alasid ning m\u00e4\u00e4rata ajutisi mitteniidetavaid piirkondi. Maapinna konarusi j\u00e4rgiva esisilla abiga saab robotniiduk kergesti hakkama ka ebatasastel pindadel ja kuni 50% (27\u02da) kaldega n\u00f5lvadel.\r\n\r\nVajalik on EPOS\u00ae RS5 viitejaam.\r\n\r\n&nbsp;\r\n<h3 class=\"ui-mf ui-cn ui-mj\">Husqvarna EPOS\u00ae kaablivaba tehnoloogia<\/h3>\r\n<p class=\"ui-mf ui-cn ui-mn\">Virtuaalne, kaablivaba t\u00f6\u00f6 satelliidip\u00f5hise RTK-GNSS-tehnoloogia abil v\u00f5imaldab t\u00e4psust kuni 2 cm. F\u00fc\u00fcsiliste kaablite puudumine t\u00e4hendab uut kestvuse ja paindlikkuse taset, mis v\u00f5imaldab regulaarset muru \u00f5hutamist ja parandamist, ilma et see ohustaks roboti paigalduse toimimist.<\/p>\r\n\r\n<h3 class=\"ui-mf ui-cn ui-mj\">Erinevad niidumustrid<\/h3>\r\n<p class=\"ui-mf ui-cn ui-mn\">Parandage muru visuaalset muljet, muutes niitmismustrit. EPOS\u00ae-tehnoloogia abil saab Husqvarna Automower\u00ae 560 EPOS\u00ae\u00a0 niiduk t\u00f6\u00f6tada paralleelselt liikudes v\u00f5i luua mitmesuguseid vorme, nagu rombid, kolmnurgad ja ruudud.<\/p>\r\n\r\n<h3 class=\"ui-mf ui-cn ui-mj\">FOTA \u2013 Firmware Over-The-Air (p\u00fcsivara \u00fcle \u00f5hu)<\/h3>\r\n<p class=\"ui-mf ui-cn ui-mn\">FOTA \u2013 tehnoloogia, mis v\u00f5imaldab kasutajal teha p\u00fcsivara uuendusi Fleet Services rakenduse kaudu. Allalaadimine toimub distantsilt \u00fcle \u00f5hu, ilma et oleks vaja f\u00fc\u00fcsilist sekkumist, ning see aktiveerib uusi funktsioone ja v\u00e4rskendusi.<\/p>\r\n\r\n<h3 class=\"ui-mf ui-cn ui-mj\">Ilmastikukindel konstruktsioon<\/h3>\r\n<p class=\"ui-mf ui-cn ui-mn\">Husqvarna robotniidukid on valmistatud 30-aastasele kogemusele tuginedes. Need on t\u00f6\u00f6tanud karmides ilmastikutingimustes, n\u00e4iteks P\u00f5hjamaade kliimas ning on konstrueeritud t\u00f6\u00f6tama 24\/7 kogu muru kasvuperioodi v\u00e4ltel, tehes neile vaid regulaarselt tavap\u00e4rast hooldust ja puhastust. Ainulaadne niidus\u00fcsteem, mille l\u00f5ikekettal on vabalt p\u00f6\u00f6rlevad terad, tagab hea l\u00f5iketulemuse ka vihmastes tingimustes.<\/p>\r\n\r\n<h3 class=\"ui-mf ui-cn ui-mj\">Takistuste v\u00e4ltimine radariga<\/h3>\r\n<p class=\"ui-mf ui-cn ui-mn\">Radaritehnoloogial t\u00f6\u00f6tavad sisseehitatud andurid aitavad\u00a0 Husqvarna Automower\u00ae 560 EPOS\u00ae robotniidukil niidukil tuvastada takistusi, v\u00e4hendada kiirust ja v\u00e4ltida tugevaid kokkup\u00f5rkeid.<\/p>\r\n\r\n<h3 class=\"ui-mf ui-cn ui-mj\">Ujuv l\u00f5ikes\u00fcsteem<\/h3>\r\n<p class=\"ui-mf ui-cn ui-mn\">Vedruga l\u00f5ikes\u00fcsteem, mis kohandub paindlikult maapinna kontuuri ja ebatasasustega, tagades optimaalsed l\u00f5iketulemused. Husqvarna nime v\u00e4\u00e4riline vastupidav l\u00f5iketeraketta s\u00fcsteem on varustatud tugevast s\u00fcsinikterasest valmistatud teravate, habemenoataoliste teradega, mis pakuvad erakordset l\u00f5ikej\u00f5udlust ja \u00e4\u00e4rmiselt madalat energiatarbimist.<\/p>\r\n\r\n<h3 class=\"ui-mf ui-cn ui-mj\">T\u00e4iustatud kaugk\u00e4ivitusvalikud<\/h3>\r\n<p class=\"ui-mf ui-cn ui-mn\">Saad taask\u00e4ivitada peatunud\u00a0 Husqvarna Automower\u00ae 560 EPOS\u00ae robotniiduki kaugjuhtimisega mobiilirakenduse kaudu, s\u00e4\u00e4stes aega ja vaeva. See funktsioon on mugav volitamata sekkumise p\u00f5hjustatud plaanimata peatumiste korral, v\u00f5imaldades niitmist kiiresti j\u00e4tkata ilma niiduki juurde f\u00fc\u00fcsiliselt kohale minemata.<\/p>\r\n\r\n<h3 class=\"ui-mf ui-cn ui-mj\">Viie teraga l\u00f5ikeketas<\/h3>\r\n<p class=\"ui-mf ui-cn ui-mn\">Automower 500-seeria ja CEORA\u00ae l\u00f5ikekettad on varustatud viie Enhance HSS-teradega, mis tagavad suurema l\u00f5iket\u00f5hususe. Rohkem terasid \u00fche ketta kohta annab kvaliteetsema l\u00f5iketulemuse ja pikendab terade vahetamise intervalli.<\/p>\r\n\r\n<h3 class=\"ui-mf ui-cn ui-mj\">Dokkimine kaabliga<\/h3>\r\n<p class=\"ui-mf ui-cn ui-mn\">V\u00f5imaldab paigaldada laadimisjaama piirkondadesse, kus satelliidilevi puudub, kasutades kaablikoridori. Annab t\u00e4ieliku paindlikkuse laadimisjaama peitmiseks v\u00f5i kaitsmiseks katuse all v\u00f5i garaa\u017eis.<\/p>","_et_gb_content_width":"","inline_featured_image":false},"pwb-brand":[147],"product_brand":[],"product_cat":[37,19],"product_tag":[722],"class_list":{"0":"post-62492","1":"product","2":"type-product","3":"status-publish","4":"has-post-thumbnail","6":"pwb-brand-husqvarna","7":"product_cat-husqvarna","8":"product_cat-robotniidukid","9":"product_tag-husqvarna-automower-560-epos","10":"product_shipping_class-soodsam-kuller-15-eur","12":"first","13":"instock","14":"shipping-taxable","15":"purchasable","16":"product-type-simple"},"acf":[],"yoast_head":"<!-- This site is optimized with the Yoast SEO plugin v26.6 - https:\/\/yoast.com\/wordpress\/plugins\/seo\/ -->\n<title>Husqvarna Automower\u00ae 560 EPOS\u00ae. Parimad robotniidukid<\/title>\n<meta name=\"description\" content=\"Robotniiduk Husqvarna Automower\u00ae 560 EPOS\u00ae on robotniiduk t\u00f5husaks professionaalseks muruhoolduseks, mis sobib ideaalselt\" \/>\n<meta name=\"robots\" content=\"index, follow, max-snippet:-1, max-image-preview:large, max-video-preview:-1\" \/>\n<link rel=\"canonical\" href=\"https:\/\/reginett.ee\/toode\/robotniiduk-husqvarna-automower-560-epos-uus\/\" \/>\n<meta property=\"og:locale\" content=\"ru_RU\" \/>\n<meta property=\"og:type\" content=\"article\" \/>\n<meta property=\"og:title\" content=\"Husqvarna Automower\u00ae 560 EPOS\u00ae. Parimad robotniidukid\" \/>\n<meta property=\"og:description\" content=\"Robotniiduk Husqvarna Automower\u00ae 560 EPOS\u00ae on robotniiduk t\u00f5husaks professionaalseks muruhoolduseks, mis sobib ideaalselt\" \/>\n<meta property=\"og:url\" content=\"https:\/\/reginett.ee\/toode\/robotniiduk-husqvarna-automower-560-epos-uus\/\" \/>\n<meta property=\"og:site_name\" content=\"Reginett\" \/>\n<meta property=\"article:modified_time\" content=\"2025-06-27T15:02:25+00:00\" \/>\n<meta property=\"og:image\" content=\"https:\/\/reginett.ee\/wp-content\/uploads\/2025\/04\/IB-987379.webp\" \/>\n\t<meta property=\"og:image:width\" content=\"558\" \/>\n\t<meta property=\"og:image:height\" content=\"372\" \/>\n\t<meta property=\"og:image:type\" content=\"image\/webp\" \/>\n<meta name=\"twitter:card\" content=\"summary_large_image\" \/>\n<meta name=\"twitter:label1\" content=\"\u041f\u0440\u0438\u043c\u0435\u0440\u043d\u043e\u0435 \u0432\u0440\u0435\u043c\u044f \u0434\u043b\u044f \u0447\u0442\u0435\u043d\u0438\u044f\" \/>\n\t<meta name=\"twitter:data1\" content=\"3 \u043c\u0438\u043d\u0443\u0442\u044b\" \/>\n<script type=\"application\/ld+json\" class=\"yoast-schema-graph\">{\"@context\":\"https:\/\/schema.org\",\"@graph\":[{\"@type\":\"WebPage\",\"@id\":\"https:\/\/reginett.ee\/toode\/robotniiduk-husqvarna-automower-560-epos-uus\/\",\"url\":\"https:\/\/reginett.ee\/toode\/robotniiduk-husqvarna-automower-560-epos-uus\/\",\"name\":\"Husqvarna Automower\u00ae 560 EPOS\u00ae. Parimad robotniidukid\",\"isPartOf\":{\"@id\":\"https:\/\/reginett.ee\/#website\"},\"primaryImageOfPage\":{\"@id\":\"https:\/\/reginett.ee\/toode\/robotniiduk-husqvarna-automower-560-epos-uus\/#primaryimage\"},\"image\":{\"@id\":\"https:\/\/reginett.ee\/toode\/robotniiduk-husqvarna-automower-560-epos-uus\/#primaryimage\"},\"thumbnailUrl\":\"https:\/\/reginett.ee\/wp-content\/uploads\/2025\/04\/IB-987379.webp\",\"datePublished\":\"2025-06-25T10:44:06+00:00\",\"dateModified\":\"2025-06-27T15:02:25+00:00\",\"description\":\"Robotniiduk Husqvarna Automower\u00ae 560 EPOS\u00ae on robotniiduk t\u00f5husaks professionaalseks muruhoolduseks, mis sobib ideaalselt\",\"breadcrumb\":{\"@id\":\"https:\/\/reginett.ee\/toode\/robotniiduk-husqvarna-automower-560-epos-uus\/#breadcrumb\"},\"inLanguage\":\"ru-RU\",\"potentialAction\":[{\"@type\":\"ReadAction\",\"target\":[\"https:\/\/reginett.ee\/toode\/robotniiduk-husqvarna-automower-560-epos-uus\/\"]}]},{\"@type\":\"ImageObject\",\"inLanguage\":\"ru-RU\",\"@id\":\"https:\/\/reginett.ee\/toode\/robotniiduk-husqvarna-automower-560-epos-uus\/#primaryimage\",\"url\":\"https:\/\/reginett.ee\/wp-content\/uploads\/2025\/04\/IB-987379.webp\",\"contentUrl\":\"https:\/\/reginett.ee\/wp-content\/uploads\/2025\/04\/IB-987379.webp\",\"width\":558,\"height\":372,\"caption\":\"Husqvarna Automower\u00ae 560 EPOS\u00ae\"},{\"@type\":\"BreadcrumbList\",\"@id\":\"https:\/\/reginett.ee\/toode\/robotniiduk-husqvarna-automower-560-epos-uus\/#breadcrumb\",\"itemListElement\":[{\"@type\":\"ListItem\",\"position\":1,\"name\":\"Home\",\"item\":\"https:\/\/reginett.ee\/ru\/\"},{\"@type\":\"ListItem\",\"position\":2,\"name\":\"Tooted\",\"item\":\"https:\/\/reginett.ee\/tooted\/\"},{\"@type\":\"ListItem\",\"position\":3,\"name\":\"Robotniiduk Husqvarna Automower\u00ae 560 EPOS\u00ae UUS!\"}]},{\"@type\":\"WebSite\",\"@id\":\"https:\/\/reginett.ee\/#website\",\"url\":\"https:\/\/reginett.ee\/\",\"name\":\"Reginett\",\"description\":\"Parimad robotniidukid\",\"potentialAction\":[{\"@type\":\"SearchAction\",\"target\":{\"@type\":\"EntryPoint\",\"urlTemplate\":\"https:\/\/reginett.ee\/?s={search_term_string}\"},\"query-input\":{\"@type\":\"PropertyValueSpecification\",\"valueRequired\":true,\"valueName\":\"search_term_string\"}}],\"inLanguage\":\"ru-RU\"}]}<\/script>\n<!-- \/ Yoast SEO plugin. -->","yoast_head_json":{"title":"Husqvarna Automower\u00ae 560 EPOS\u00ae. Parimad robotniidukid","description":"Robotniiduk Husqvarna Automower\u00ae 560 EPOS\u00ae on robotniiduk t\u00f5husaks professionaalseks muruhoolduseks, mis sobib ideaalselt","robots":{"index":"index","follow":"follow","max-snippet":"max-snippet:-1","max-image-preview":"max-image-preview:large","max-video-preview":"max-video-preview:-1"},"canonical":"https:\/\/reginett.ee\/toode\/robotniiduk-husqvarna-automower-560-epos-uus\/","og_locale":"ru_RU","og_type":"article","og_title":"Husqvarna Automower\u00ae 560 EPOS\u00ae. Parimad robotniidukid","og_description":"Robotniiduk Husqvarna Automower\u00ae 560 EPOS\u00ae on robotniiduk t\u00f5husaks professionaalseks muruhoolduseks, mis sobib ideaalselt","og_url":"https:\/\/reginett.ee\/toode\/robotniiduk-husqvarna-automower-560-epos-uus\/","og_site_name":"Reginett","article_modified_time":"2025-06-27T15:02:25+00:00","og_image":[{"width":558,"height":372,"url":"https:\/\/reginett.ee\/wp-content\/uploads\/2025\/04\/IB-987379.webp","type":"image\/webp"}],"twitter_card":"summary_large_image","twitter_misc":{"\u041f\u0440\u0438\u043c\u0435\u0440\u043d\u043e\u0435 \u0432\u0440\u0435\u043c\u044f \u0434\u043b\u044f \u0447\u0442\u0435\u043d\u0438\u044f":"3 \u043c\u0438\u043d\u0443\u0442\u044b"},"schema":{"@context":"https:\/\/schema.org","@graph":[{"@type":"WebPage","@id":"https:\/\/reginett.ee\/toode\/robotniiduk-husqvarna-automower-560-epos-uus\/","url":"https:\/\/reginett.ee\/toode\/robotniiduk-husqvarna-automower-560-epos-uus\/","name":"Husqvarna Automower\u00ae 560 EPOS\u00ae. Parimad robotniidukid","isPartOf":{"@id":"https:\/\/reginett.ee\/#website"},"primaryImageOfPage":{"@id":"https:\/\/reginett.ee\/toode\/robotniiduk-husqvarna-automower-560-epos-uus\/#primaryimage"},"image":{"@id":"https:\/\/reginett.ee\/toode\/robotniiduk-husqvarna-automower-560-epos-uus\/#primaryimage"},"thumbnailUrl":"https:\/\/reginett.ee\/wp-content\/uploads\/2025\/04\/IB-987379.webp","datePublished":"2025-06-25T10:44:06+00:00","dateModified":"2025-06-27T15:02:25+00:00","description":"Robotniiduk Husqvarna Automower\u00ae 560 EPOS\u00ae on robotniiduk t\u00f5husaks professionaalseks muruhoolduseks, mis sobib ideaalselt","breadcrumb":{"@id":"https:\/\/reginett.ee\/toode\/robotniiduk-husqvarna-automower-560-epos-uus\/#breadcrumb"},"inLanguage":"ru-RU","potentialAction":[{"@type":"ReadAction","target":["https:\/\/reginett.ee\/toode\/robotniiduk-husqvarna-automower-560-epos-uus\/"]}]},{"@type":"ImageObject","inLanguage":"ru-RU","@id":"https:\/\/reginett.ee\/toode\/robotniiduk-husqvarna-automower-560-epos-uus\/#primaryimage","url":"https:\/\/reginett.ee\/wp-content\/uploads\/2025\/04\/IB-987379.webp","contentUrl":"https:\/\/reginett.ee\/wp-content\/uploads\/2025\/04\/IB-987379.webp","width":558,"height":372,"caption":"Husqvarna Automower\u00ae 560 EPOS\u00ae"},{"@type":"BreadcrumbList","@id":"https:\/\/reginett.ee\/toode\/robotniiduk-husqvarna-automower-560-epos-uus\/#breadcrumb","itemListElement":[{"@type":"ListItem","position":1,"name":"Home","item":"https:\/\/reginett.ee\/ru\/"},{"@type":"ListItem","position":2,"name":"Tooted","item":"https:\/\/reginett.ee\/tooted\/"},{"@type":"ListItem","position":3,"name":"Robotniiduk Husqvarna Automower\u00ae 560 EPOS\u00ae UUS!"}]},{"@type":"WebSite","@id":"https:\/\/reginett.ee\/#website","url":"https:\/\/reginett.ee\/","name":"Reginett","description":"Parimad robotniidukid","potentialAction":[{"@type":"SearchAction","target":{"@type":"EntryPoint","urlTemplate":"https:\/\/reginett.ee\/?s={search_term_string}"},"query-input":{"@type":"PropertyValueSpecification","valueRequired":true,"valueName":"search_term_string"}}],"inLanguage":"ru-RU"}]}},"brands":[{"id":147,"name":"Husqvarna","slug":"husqvarna"}],"_links":{"self":[{"href":"https:\/\/reginett.ee\/ru\/wp-json\/wp\/v2\/product\/62492","targetHints":{"allow":["GET"]}}],"collection":[{"href":"https:\/\/reginett.ee\/ru\/wp-json\/wp\/v2\/product"}],"about":[{"href":"https:\/\/reginett.ee\/ru\/wp-json\/wp\/v2\/types\/product"}],"replies":[{"embeddable":true,"href":"https:\/\/reginett.ee\/ru\/wp-json\/wp\/v2\/comments?post=62492"}],"wp:featuredmedia":[{"embeddable":true,"href":"https:\/\/reginett.ee\/ru\/wp-json\/wp\/v2\/media\/62493"}],"wp:attachment":[{"href":"https:\/\/reginett.ee\/ru\/wp-json\/wp\/v2\/media?parent=62492"}],"wp:term":[{"taxonomy":"pwb-brand","embeddable":true,"href":"https:\/\/reginett.ee\/ru\/wp-json\/wp\/v2\/pwb-brand?post=62492"},{"taxonomy":"product_brand","embeddable":true,"href":"https:\/\/reginett.ee\/ru\/wp-json\/wp\/v2\/product_brand?post=62492"},{"taxonomy":"product_cat","embeddable":true,"href":"https:\/\/reginett.ee\/ru\/wp-json\/wp\/v2\/product_cat?post=62492"},{"taxonomy":"product_tag","embeddable":true,"href":"https:\/\/reginett.ee\/ru\/wp-json\/wp\/v2\/product_tag?post=62492"}],"curies":[{"name":"wp","href":"https:\/\/api.w.org\/{rel}","templated":true}]}}