{"id":62479,"date":"2025-07-11T12:19:26","date_gmt":"2025-07-11T09:19:26","guid":{"rendered":"https:\/\/reginett.ee\/?post_type=product&#038;p=62479"},"modified":"2026-01-08T12:38:11","modified_gmt":"2026-01-08T09:38:11","slug":"robotniiduk-husqvarna-automower-580-epos-uus","status":"publish","type":"product","link":"https:\/\/reginett.ee\/ru\/toode\/robotniiduk-husqvarna-automower-580-epos-uus\/","title":{"rendered":"Robotniiduk Husqvarna Automower\u00ae 580 EPOS\u00ae UUS!"},"content":{"rendered":"<p><strong>Robotniiduk Husqvarna Automower\u00ae 580 EPOS\u00ae<\/strong> on robotniiduk t\u00f5husaks professionaalseks muruhoolduseks. <strong>Maksimaalne niidetav ala 16 000 m2.<\/strong><\/p>\n<p>M\u00f5eldud eesk\u00e4tt k\u00f5rge hooldusvajadusega spordiv\u00e4ljakutele, mis n\u00f5uavad sagedast niitmist ja v\u00e4ga head muru kvaliteeti.<\/p>\n<p>Sellel on erakordselt v\u00f5imas l\u00f5ikemootor, mis tagab head tulemused isegi 20 mm niiduk\u00f5rgusega intensiivselt v\u00e4etatud ja v\u00e4ga tugeva rohu kasvuga pindadel. Satelliidip\u00f5hine Husqvarna EPOS\u00ae-tehnoloogia v\u00f5imaldab piirdekaablivaba paigaldust, mis annab v\u00f5imaluse kohandada erinevaid t\u00f6\u00f6alasid ja m\u00e4\u00e4rata ajutisi mitteniidetavaid piirkondi. Lisaks h\u00f5lbustab EPOS\u00ae paigaldus mulla s\u00fcgavat \u00f5hutamist ja muru renoveerimist\u00f6id. Tugevdatud, kummiga kaetud esiosa, muudab niiduki vastupidavamaks. Lisaks on antud mudelile v\u00f5imalik paigaldada veoj\u00f5u parandamiseks ka aktiivsed rattaharjad, mis on saadaval lisavarustusena.<\/p>\n<p>Vajalik on EPOS\u00ae RS5 tugijaam.<\/p>\n<h3 class=\"ui-mf ui-cn ui-mj\">Husqvarna EPOS\u00ae kaablivaba tehnoloogia<\/h3>\n<p class=\"ui-mf ui-cn ui-mn\">Virtuaalne, kaablivaba t\u00f6\u00f6 satelliidip\u00f5hise RTK-GNSS-tehnoloogia abil v\u00f5imaldab t\u00e4psust kuni 2 cm. F\u00fc\u00fcsiliste kaablite puudumine t\u00e4hendab uut kestvuse ja paindlikkuse taset, mis v\u00f5imaldab regulaarset muru \u00f5hutamist ja parandamist, ilma et see ohustaks roboti paigalduse toimimist.<\/p>\n<h3 class=\"ui-mf ui-cn ui-mj\">Erinevad niidumustrid<\/h3>\n<p class=\"ui-mf ui-cn ui-mn\">Parandage muru visuaalset muljet, muutes niitmismustrit. EPOS\u00ae-tehnoloogia abil saab niiduk t\u00f6\u00f6tada paralleelselt liikudes v\u00f5i luua mitmesuguseid vorme, nagu rombid, kolmnurgad ja ruudud.<\/p>\n<h3 class=\"ui-mf ui-cn ui-mj\">Hoiatustuled<\/h3>\n<p class=\"ui-mf ui-cn ui-mn\">Hoiatustuled annavad m\u00e4rku niiduki t\u00f6\u00f6tamisest avalikus kohas pimedal ja h\u00e4maral ajal ning suurendavad ohutust<\/p>\n<h3 class=\"ui-mf ui-cn ui-mj\">Husqvarna Fleet Services\u2122<\/h3>\n<p class=\"ui-mf ui-cn ui-mn\">Husqvarna Fleet Services\u2122 annab teile t\u00e4ieliku kontrolli niiduki \u00fcle koos v\u00f5imalusega j\u00e4lgida, juhtida ja anal\u00fc\u00fcsida kogu masinaparki oma nutitelefonist, tahvelarvutist v\u00f5i s\u00fclearvutist. Saate vaadata niidukite staatust ja t\u00e4pset asukohta, anda neile k\u00e4skluse k\u00e4ivitada\/peatuda v\u00f5i anda grupik\u00e4sklused parkida tormihoiatuse v\u00f5i \u00e4ikese korral. Seadistused ja l\u00f5ikek\u00f5rgused on lihtsalt reguleeritavad. V\u00f5tke vastu h\u00e4ireid ja j\u00e4lgige niiduki asukohta varguse korral \u2013 k\u00f5ikjalt. Automower Connecti tugi on vajalik paigaldamise ajal ja EPOS-i piirdekaablita paigalduste redigeerimisel.<\/p>\n<h3 class=\"ui-mf ui-cn ui-mj\">Erakordselt v\u00f5imas l\u00f5ikemootor<\/h3>\n<p class=\"ui-mf ui-cn ui-mn\">V\u00f5imas 80 W alumiiniumraamiga l\u00f5ikemootor, mis tagab suurema vastupidavuse ja jahutuse. Mootori suur p\u00f6\u00f6rdemoment tagab t\u00e4iuslikud l\u00f5iketulemused ning muudab selle eriti sobivaks spordi- ja golfiplatsidele ning suure kasvuintensiivsusega muru niitmiseks.<\/p>\n<h3 class=\"ui-mf ui-cn ui-mj\">Ujuv l\u00f5ikes\u00fcsteem<\/h3>\n<p class=\"ui-mf ui-cn ui-mn\">Vedruga l\u00f5ikes\u00fcsteem, mis kohandub paindlikult maapinna kontuuri ja ebatasasustega, tagades optimaalsed l\u00f5iketulemused. Husqvarna nime v\u00e4\u00e4riline vastupidav l\u00f5iketeraketta s\u00fcsteem on varustatud tugevast s\u00fcsinikterasest valmistatud teravate, habemenoataoliste teradega, mis pakuvad erakordset l\u00f5ikej\u00f5udlust ja \u00e4\u00e4rmiselt madalat energiatarbimist.<\/p>\n<h3 class=\"ui-mf ui-cn ui-mj\">T\u00e4iustatud kaugk\u00e4ivitusvalikud<\/h3>\n<p class=\"ui-mf ui-cn ui-mn\">Saad taask\u00e4ivitada peatunud robotniiduki kaugjuhtimisega mobiilirakenduse kaudu, s\u00e4\u00e4stes aega ja vaeva. See funktsioon on mugav volitamata sekkumise p\u00f5hjustatud plaanimata peatumiste korral, v\u00f5imaldades niitmist kiiresti j\u00e4tkata ilma niiduki juurde f\u00fc\u00fcsiliselt kohale minemata.<\/p>\n<h3 class=\"ui-mf ui-cn ui-mj\">180\u00b0 hooldusasend<\/h3>\n<p class=\"ui-mf ui-cn ui-mn\">Korpuse kummist toed tagavad stabiilse tagurpidi asendi libisemiskindlaks transportimiseks ja hoiustamiseks. Lisaks muudab asend hooldamise h\u00f5lpsamaks k\u00f5vadel pindadel ilma kriimustusi tekitamata ja korpust kahjustamata.<\/p>\n<h3 class=\"ui-mf ui-cn ui-mj\">Dokkimine kaabliga<\/h3>\n<p class=\"ui-mf ui-cn ui-mn\">V\u00f5imaldab paigaldada laadimisjaama piirkondadesse, kus satelliidilevi puudub, kasutades kaablikoridori. Annab t\u00e4ieliku paindlikkuse laadimisjaama peitmiseks v\u00f5i kaitsmiseks katuse all v\u00f5i garaa\u017eis.<\/p>\n<h3 class=\"ui-mf ui-cn ui-mj\">Ajutised mitteniidetavad alad<\/h3>\n<p class=\"ui-mf ui-cn ui-mn\">Vajaduse korral looge oma roboti paigalduses ajutised mitteniidetavad alad. Saab aktiveerida v\u00f5i v\u00e4lja l\u00fclitada kiiresti ja lihtsalt mobiilirakenduse kaudu. Vajalik omadus, kui osa niidualast tuleb piirata ajutiste ehitust\u00f6\u00f6de, k\u00fclvamise v\u00f5i m\u00f5ne \u00fcrituste ajaks.<\/p>\n<h3 class=\"ui-mf ui-cn ui-mj\">Elektriline k\u00f5rguse reguleerimine &#8212; PATENDEERITUD<\/h3>\n<p class=\"ui-mf ui-cn ui-mn\">Elektriline l\u00f5ikek\u00f5rguse reguleerimine muudab soovitud k\u00f5rguse seadistamise Husqvarna Automower\u00ae Connect rakenduse kaudu mugavaks. Seade on juurdep\u00e4\u00e4setav ka niiduki peamen\u00fc\u00fcst.<\/p>\n<h3 class=\"ui-mf ui-cn ui-mj\">Tuleb toime kuni 45% kaldega n\u00f5lvadel<\/h3>\n<p class=\"ui-mf ui-cn ui-mn\">Suured, s\u00fcgava mustriga rattad, tagavad suurep\u00e4rase haarduvuse ka libedal pinnal. Niiduk suudab tegutseda kuni 45% kaldega n\u00f5lvadel.<\/p>\n","protected":false},"excerpt":{"rendered":"<p><strong>Robotniiduk Husqvarna Automower\u00ae 580 EPOS\u00ae<\/strong> on robotniiduk t\u00f5husaks professionaalseks muruhoolduseks. <strong>Maksimaalne niidetav ala 16 000 m2.<\/strong><\/p>\n<p>M\u00f5eldud eesk\u00e4tt k\u00f5rge hooldusvajadusega spordiv\u00e4ljakutele, mis n\u00f5uavad sagedast niitmist ja v\u00e4ga head muru kvaliteeti.<\/p>\n<p>Sellel on erakordselt v\u00f5imas l\u00f5ikemootor, mis tagab head tulemused isegi 20 mm niiduk\u00f5rgusega intensiivselt v\u00e4etatud ja v\u00e4ga tugeva rohu kasvuga pindadel. Satelliidip\u00f5hine Husqvarna EPOS\u00ae-tehnoloogia v\u00f5imaldab piirdekaablivaba paigaldust, mis annab v\u00f5imaluse kohandada erinevaid t\u00f6\u00f6alasid ja m\u00e4\u00e4rata ajutisi mitteniidetavaid piirkondi. Lisaks h\u00f5lbustab EPOS\u00ae paigaldus mulla s\u00fcgavat \u00f5hutamist ja muru renoveerimist\u00f6id. Tugevdatud, kummiga kaetud esiosa, muudab niiduki vastupidavamaks. Lisaks on antud mudelile v\u00f5imalik paigaldada veoj\u00f5u parandamiseks ka aktiivsed rattaharjad, mis on saadaval lisavarustusena.<\/p>\n<p>Vajalik on EPOS\u00ae RS5 tugijaam.<\/p>\n","protected":false},"featured_media":62480,"comment_status":"open","ping_status":"closed","template":"","meta":{"_acf_changed":false,"_et_pb_use_builder":"on","_et_pb_old_content":"<strong>Robotniiduk Husqvarna Automower\u00ae 580 EPOS\u00ae<\/strong> on robotniiduk t\u00f5husaks professionaalseks muruhoolduseks. <strong>Maksimaalne niidetav ala 16 000 m2.<\/strong>\r\n\r\nM\u00f5eldud eesk\u00e4tt k\u00f5rge hooldusvajadusega spordiv\u00e4ljakutele, mis n\u00f5uavad sagedast niitmist ja v\u00e4ga head muru kvaliteeti.\r\n\r\nSellel on erakordselt v\u00f5imas l\u00f5ikemootor, mis tagab head tulemused isegi 20 mm niiduk\u00f5rgusega intensiivselt v\u00e4etatud ja v\u00e4ga tugeva rohu kasvuga pindadel. Satelliidip\u00f5hine Husqvarna EPOS\u00ae-tehnoloogia v\u00f5imaldab piirdekaablivaba paigaldust, mis annab v\u00f5imaluse kohandada erinevaid t\u00f6\u00f6alasid ja m\u00e4\u00e4rata ajutisi mitteniidetavaid piirkondi. Lisaks h\u00f5lbustab EPOS\u00ae paigaldus mulla s\u00fcgavat \u00f5hutamist ja muru renoveerimist\u00f6id. Tugevdatud, kummiga kaetud esiosa, muudab niiduki vastupidavamaks. Lisaks on antud mudelile v\u00f5imalik paigaldada veoj\u00f5u parandamiseks ka aktiivsed rattaharjad, mis on saadaval lisavarustusena.\r\n\r\nVajalik on EPOS\u00ae RS5 tugijaam.\r\n<h3 class=\"ui-mf ui-cn ui-mj\">Husqvarna EPOS\u00ae kaablivaba tehnoloogia<\/h3>\r\n<p class=\"ui-mf ui-cn ui-mn\">Virtuaalne, kaablivaba t\u00f6\u00f6 satelliidip\u00f5hise RTK-GNSS-tehnoloogia abil v\u00f5imaldab t\u00e4psust kuni 2 cm. F\u00fc\u00fcsiliste kaablite puudumine t\u00e4hendab uut kestvuse ja paindlikkuse taset, mis v\u00f5imaldab regulaarset muru \u00f5hutamist ja parandamist, ilma et see ohustaks roboti paigalduse toimimist.<\/p>\r\n\r\n<h3 class=\"ui-mf ui-cn ui-mj\">Erinevad niidumustrid<\/h3>\r\n<p class=\"ui-mf ui-cn ui-mn\">Parandage muru visuaalset muljet, muutes niitmismustrit. EPOS\u00ae-tehnoloogia abil saab niiduk t\u00f6\u00f6tada paralleelselt liikudes v\u00f5i luua mitmesuguseid vorme, nagu rombid, kolmnurgad ja ruudud.<\/p>\r\n\r\n<h3 class=\"ui-mf ui-cn ui-mj\">Hoiatustuled<\/h3>\r\n<p class=\"ui-mf ui-cn ui-mn\">Hoiatustuled annavad m\u00e4rku niiduki t\u00f6\u00f6tamisest avalikus kohas pimedal ja h\u00e4maral ajal ning suurendavad ohutust<\/p>\r\n\r\n<h3 class=\"ui-mf ui-cn ui-mj\">Husqvarna Fleet Services\u2122<\/h3>\r\n<p class=\"ui-mf ui-cn ui-mn\">Husqvarna Fleet Services\u2122 annab teile t\u00e4ieliku kontrolli niiduki \u00fcle koos v\u00f5imalusega j\u00e4lgida, juhtida ja anal\u00fc\u00fcsida kogu masinaparki oma nutitelefonist, tahvelarvutist v\u00f5i s\u00fclearvutist. Saate vaadata niidukite staatust ja t\u00e4pset asukohta, anda neile k\u00e4skluse k\u00e4ivitada\/peatuda v\u00f5i anda grupik\u00e4sklused parkida tormihoiatuse v\u00f5i \u00e4ikese korral. Seadistused ja l\u00f5ikek\u00f5rgused on lihtsalt reguleeritavad. V\u00f5tke vastu h\u00e4ireid ja j\u00e4lgige niiduki asukohta varguse korral \u2013 k\u00f5ikjalt. Automower Connecti tugi on vajalik paigaldamise ajal ja EPOS-i piirdekaablita paigalduste redigeerimisel.<\/p>\r\n\r\n<h3 class=\"ui-mf ui-cn ui-mj\">Erakordselt v\u00f5imas l\u00f5ikemootor<\/h3>\r\n<p class=\"ui-mf ui-cn ui-mn\">V\u00f5imas 80 W alumiiniumraamiga l\u00f5ikemootor, mis tagab suurema vastupidavuse ja jahutuse. Mootori suur p\u00f6\u00f6rdemoment tagab t\u00e4iuslikud l\u00f5iketulemused ning muudab selle eriti sobivaks spordi- ja golfiplatsidele ning suure kasvuintensiivsusega muru niitmiseks.<\/p>\r\n\r\n<h3 class=\"ui-mf ui-cn ui-mj\">Ujuv l\u00f5ikes\u00fcsteem<\/h3>\r\n<p class=\"ui-mf ui-cn ui-mn\">Vedruga l\u00f5ikes\u00fcsteem, mis kohandub paindlikult maapinna kontuuri ja ebatasasustega, tagades optimaalsed l\u00f5iketulemused. Husqvarna nime v\u00e4\u00e4riline vastupidav l\u00f5iketeraketta s\u00fcsteem on varustatud tugevast s\u00fcsinikterasest valmistatud teravate, habemenoataoliste teradega, mis pakuvad erakordset l\u00f5ikej\u00f5udlust ja \u00e4\u00e4rmiselt madalat energiatarbimist.<\/p>\r\n\r\n<h3 class=\"ui-mf ui-cn ui-mj\">T\u00e4iustatud kaugk\u00e4ivitusvalikud<\/h3>\r\n<p class=\"ui-mf ui-cn ui-mn\">Saad taask\u00e4ivitada peatunud robotniiduki kaugjuhtimisega mobiilirakenduse kaudu, s\u00e4\u00e4stes aega ja vaeva. See funktsioon on mugav volitamata sekkumise p\u00f5hjustatud plaanimata peatumiste korral, v\u00f5imaldades niitmist kiiresti j\u00e4tkata ilma niiduki juurde f\u00fc\u00fcsiliselt kohale minemata.<\/p>\r\n\r\n<h3 class=\"ui-mf ui-cn ui-mj\">180\u00b0 hooldusasend<\/h3>\r\n<p class=\"ui-mf ui-cn ui-mn\">Korpuse kummist toed tagavad stabiilse tagurpidi asendi libisemiskindlaks transportimiseks ja hoiustamiseks. Lisaks muudab asend hooldamise h\u00f5lpsamaks k\u00f5vadel pindadel ilma kriimustusi tekitamata ja korpust kahjustamata.<\/p>\r\n\r\n<h3 class=\"ui-mf ui-cn ui-mj\">Dokkimine kaabliga<\/h3>\r\n<p class=\"ui-mf ui-cn ui-mn\">V\u00f5imaldab paigaldada laadimisjaama piirkondadesse, kus satelliidilevi puudub, kasutades kaablikoridori. Annab t\u00e4ieliku paindlikkuse laadimisjaama peitmiseks v\u00f5i kaitsmiseks katuse all v\u00f5i garaa\u017eis.<\/p>\r\n\r\n<h3 class=\"ui-mf ui-cn ui-mj\">Ajutised mitteniidetavad alad<\/h3>\r\n<p class=\"ui-mf ui-cn ui-mn\">Vajaduse korral looge oma roboti paigalduses ajutised mitteniidetavad alad. Saab aktiveerida v\u00f5i v\u00e4lja l\u00fclitada kiiresti ja lihtsalt mobiilirakenduse kaudu. Vajalik omadus, kui osa niidualast tuleb piirata ajutiste ehitust\u00f6\u00f6de, k\u00fclvamise v\u00f5i m\u00f5ne \u00fcrituste ajaks.<\/p>\r\n\r\n<h3 class=\"ui-mf ui-cn ui-mj\">Elektriline k\u00f5rguse reguleerimine - PATENDEERITUD<\/h3>\r\n<p class=\"ui-mf ui-cn ui-mn\">Elektriline l\u00f5ikek\u00f5rguse reguleerimine muudab soovitud k\u00f5rguse seadistamise Husqvarna Automower\u00ae Connect rakenduse kaudu mugavaks. Seade on juurdep\u00e4\u00e4setav ka niiduki peamen\u00fc\u00fcst.<\/p>\r\n\r\n<h3 class=\"ui-mf ui-cn ui-mj\">Tuleb toime kuni 45% kaldega n\u00f5lvadel<\/h3>\r\n<p class=\"ui-mf ui-cn ui-mn\">Suured, s\u00fcgava mustriga rattad, tagavad suurep\u00e4rase haarduvuse ka libedal pinnal. Niiduk suudab tegutseda kuni 45% kaldega n\u00f5lvadel.<\/p>","_et_gb_content_width":"","inline_featured_image":false},"pwb-brand":[147],"product_brand":[],"product_cat":[37,19],"product_tag":[721],"class_list":{"0":"post-62479","1":"product","2":"type-product","3":"status-publish","4":"has-post-thumbnail","6":"pwb-brand-husqvarna","7":"product_cat-husqvarna","8":"product_cat-robotniidukid","9":"product_tag-husqvarna-automower-580-epos","10":"product_shipping_class-soodsam-kuller-15-eur","12":"first","13":"instock","14":"shipping-taxable","15":"purchasable","16":"product-type-simple"},"acf":[],"yoast_head":"<!-- This site is optimized with the Yoast SEO plugin v26.6 - https:\/\/yoast.com\/wordpress\/plugins\/seo\/ -->\n<title>Robotniiduk Husqvarna Automower\u00ae 580 EPOS\u00ae.<\/title>\n<meta name=\"description\" content=\"obotniiduk Husqvarna Automower\u00ae 580 EPOS\u00ae on robotniiduk t\u00f5husaks professionaalseks muruhoolduseks. Maksimaalne niidetav ala 16 000 m2.\" \/>\n<meta name=\"robots\" content=\"index, follow, max-snippet:-1, max-image-preview:large, max-video-preview:-1\" \/>\n<link rel=\"canonical\" href=\"https:\/\/reginett.ee\/toode\/robotniiduk-husqvarna-automower-580-epos-uus\/\" \/>\n<meta property=\"og:locale\" content=\"ru_RU\" \/>\n<meta property=\"og:type\" content=\"article\" \/>\n<meta property=\"og:title\" content=\"Robotniiduk Husqvarna Automower\u00ae 580 EPOS\u00ae.\" \/>\n<meta property=\"og:description\" content=\"obotniiduk Husqvarna Automower\u00ae 580 EPOS\u00ae on robotniiduk t\u00f5husaks professionaalseks muruhoolduseks. Maksimaalne niidetav ala 16 000 m2.\" \/>\n<meta property=\"og:url\" content=\"https:\/\/reginett.ee\/toode\/robotniiduk-husqvarna-automower-580-epos-uus\/\" \/>\n<meta property=\"og:site_name\" content=\"Reginett\" \/>\n<meta property=\"article:modified_time\" content=\"2026-01-08T09:38:11+00:00\" \/>\n<meta property=\"og:image\" content=\"https:\/\/reginett.ee\/wp-content\/uploads\/2025\/04\/CO-327497.webp\" \/>\n\t<meta property=\"og:image:width\" content=\"558\" \/>\n\t<meta property=\"og:image:height\" content=\"372\" \/>\n\t<meta property=\"og:image:type\" content=\"image\/webp\" \/>\n<meta name=\"twitter:card\" content=\"summary_large_image\" \/>\n<meta name=\"twitter:label1\" content=\"\u041f\u0440\u0438\u043c\u0435\u0440\u043d\u043e\u0435 \u0432\u0440\u0435\u043c\u044f \u0434\u043b\u044f \u0447\u0442\u0435\u043d\u0438\u044f\" \/>\n\t<meta name=\"twitter:data1\" content=\"3 \u043c\u0438\u043d\u0443\u0442\u044b\" \/>\n<script type=\"application\/ld+json\" class=\"yoast-schema-graph\">{\"@context\":\"https:\/\/schema.org\",\"@graph\":[{\"@type\":\"WebPage\",\"@id\":\"https:\/\/reginett.ee\/toode\/robotniiduk-husqvarna-automower-580-epos-uus\/\",\"url\":\"https:\/\/reginett.ee\/toode\/robotniiduk-husqvarna-automower-580-epos-uus\/\",\"name\":\"Robotniiduk Husqvarna Automower\u00ae 580 EPOS\u00ae.\",\"isPartOf\":{\"@id\":\"https:\/\/reginett.ee\/#website\"},\"primaryImageOfPage\":{\"@id\":\"https:\/\/reginett.ee\/toode\/robotniiduk-husqvarna-automower-580-epos-uus\/#primaryimage\"},\"image\":{\"@id\":\"https:\/\/reginett.ee\/toode\/robotniiduk-husqvarna-automower-580-epos-uus\/#primaryimage\"},\"thumbnailUrl\":\"https:\/\/reginett.ee\/wp-content\/uploads\/2025\/04\/CO-327497.webp\",\"datePublished\":\"2025-07-11T09:19:26+00:00\",\"dateModified\":\"2026-01-08T09:38:11+00:00\",\"description\":\"obotniiduk Husqvarna Automower\u00ae 580 EPOS\u00ae on robotniiduk t\u00f5husaks professionaalseks muruhoolduseks. Maksimaalne niidetav ala 16 000 m2.\",\"breadcrumb\":{\"@id\":\"https:\/\/reginett.ee\/toode\/robotniiduk-husqvarna-automower-580-epos-uus\/#breadcrumb\"},\"inLanguage\":\"ru-RU\",\"potentialAction\":[{\"@type\":\"ReadAction\",\"target\":[\"https:\/\/reginett.ee\/toode\/robotniiduk-husqvarna-automower-580-epos-uus\/\"]}]},{\"@type\":\"ImageObject\",\"inLanguage\":\"ru-RU\",\"@id\":\"https:\/\/reginett.ee\/toode\/robotniiduk-husqvarna-automower-580-epos-uus\/#primaryimage\",\"url\":\"https:\/\/reginett.ee\/wp-content\/uploads\/2025\/04\/CO-327497.webp\",\"contentUrl\":\"https:\/\/reginett.ee\/wp-content\/uploads\/2025\/04\/CO-327497.webp\",\"width\":558,\"height\":372,\"caption\":\"Husqvarna Automower\u00ae 580 EPOS\u00ae\"},{\"@type\":\"BreadcrumbList\",\"@id\":\"https:\/\/reginett.ee\/toode\/robotniiduk-husqvarna-automower-580-epos-uus\/#breadcrumb\",\"itemListElement\":[{\"@type\":\"ListItem\",\"position\":1,\"name\":\"Home\",\"item\":\"https:\/\/reginett.ee\/ru\/\"},{\"@type\":\"ListItem\",\"position\":2,\"name\":\"Tooted\",\"item\":\"https:\/\/reginett.ee\/tooted\/\"},{\"@type\":\"ListItem\",\"position\":3,\"name\":\"Robotniiduk Husqvarna Automower\u00ae 580 EPOS\u00ae UUS!\"}]},{\"@type\":\"WebSite\",\"@id\":\"https:\/\/reginett.ee\/#website\",\"url\":\"https:\/\/reginett.ee\/\",\"name\":\"Reginett\",\"description\":\"Parimad robotniidukid\",\"potentialAction\":[{\"@type\":\"SearchAction\",\"target\":{\"@type\":\"EntryPoint\",\"urlTemplate\":\"https:\/\/reginett.ee\/?s={search_term_string}\"},\"query-input\":{\"@type\":\"PropertyValueSpecification\",\"valueRequired\":true,\"valueName\":\"search_term_string\"}}],\"inLanguage\":\"ru-RU\"}]}<\/script>\n<!-- \/ Yoast SEO plugin. -->","yoast_head_json":{"title":"Robotniiduk Husqvarna Automower\u00ae 580 EPOS\u00ae.","description":"obotniiduk Husqvarna Automower\u00ae 580 EPOS\u00ae on robotniiduk t\u00f5husaks professionaalseks muruhoolduseks. Maksimaalne niidetav ala 16 000 m2.","robots":{"index":"index","follow":"follow","max-snippet":"max-snippet:-1","max-image-preview":"max-image-preview:large","max-video-preview":"max-video-preview:-1"},"canonical":"https:\/\/reginett.ee\/toode\/robotniiduk-husqvarna-automower-580-epos-uus\/","og_locale":"ru_RU","og_type":"article","og_title":"Robotniiduk Husqvarna Automower\u00ae 580 EPOS\u00ae.","og_description":"obotniiduk Husqvarna Automower\u00ae 580 EPOS\u00ae on robotniiduk t\u00f5husaks professionaalseks muruhoolduseks. Maksimaalne niidetav ala 16 000 m2.","og_url":"https:\/\/reginett.ee\/toode\/robotniiduk-husqvarna-automower-580-epos-uus\/","og_site_name":"Reginett","article_modified_time":"2026-01-08T09:38:11+00:00","og_image":[{"width":558,"height":372,"url":"https:\/\/reginett.ee\/wp-content\/uploads\/2025\/04\/CO-327497.webp","type":"image\/webp"}],"twitter_card":"summary_large_image","twitter_misc":{"\u041f\u0440\u0438\u043c\u0435\u0440\u043d\u043e\u0435 \u0432\u0440\u0435\u043c\u044f \u0434\u043b\u044f \u0447\u0442\u0435\u043d\u0438\u044f":"3 \u043c\u0438\u043d\u0443\u0442\u044b"},"schema":{"@context":"https:\/\/schema.org","@graph":[{"@type":"WebPage","@id":"https:\/\/reginett.ee\/toode\/robotniiduk-husqvarna-automower-580-epos-uus\/","url":"https:\/\/reginett.ee\/toode\/robotniiduk-husqvarna-automower-580-epos-uus\/","name":"Robotniiduk Husqvarna Automower\u00ae 580 EPOS\u00ae.","isPartOf":{"@id":"https:\/\/reginett.ee\/#website"},"primaryImageOfPage":{"@id":"https:\/\/reginett.ee\/toode\/robotniiduk-husqvarna-automower-580-epos-uus\/#primaryimage"},"image":{"@id":"https:\/\/reginett.ee\/toode\/robotniiduk-husqvarna-automower-580-epos-uus\/#primaryimage"},"thumbnailUrl":"https:\/\/reginett.ee\/wp-content\/uploads\/2025\/04\/CO-327497.webp","datePublished":"2025-07-11T09:19:26+00:00","dateModified":"2026-01-08T09:38:11+00:00","description":"obotniiduk Husqvarna Automower\u00ae 580 EPOS\u00ae on robotniiduk t\u00f5husaks professionaalseks muruhoolduseks. Maksimaalne niidetav ala 16 000 m2.","breadcrumb":{"@id":"https:\/\/reginett.ee\/toode\/robotniiduk-husqvarna-automower-580-epos-uus\/#breadcrumb"},"inLanguage":"ru-RU","potentialAction":[{"@type":"ReadAction","target":["https:\/\/reginett.ee\/toode\/robotniiduk-husqvarna-automower-580-epos-uus\/"]}]},{"@type":"ImageObject","inLanguage":"ru-RU","@id":"https:\/\/reginett.ee\/toode\/robotniiduk-husqvarna-automower-580-epos-uus\/#primaryimage","url":"https:\/\/reginett.ee\/wp-content\/uploads\/2025\/04\/CO-327497.webp","contentUrl":"https:\/\/reginett.ee\/wp-content\/uploads\/2025\/04\/CO-327497.webp","width":558,"height":372,"caption":"Husqvarna Automower\u00ae 580 EPOS\u00ae"},{"@type":"BreadcrumbList","@id":"https:\/\/reginett.ee\/toode\/robotniiduk-husqvarna-automower-580-epos-uus\/#breadcrumb","itemListElement":[{"@type":"ListItem","position":1,"name":"Home","item":"https:\/\/reginett.ee\/ru\/"},{"@type":"ListItem","position":2,"name":"Tooted","item":"https:\/\/reginett.ee\/tooted\/"},{"@type":"ListItem","position":3,"name":"Robotniiduk Husqvarna Automower\u00ae 580 EPOS\u00ae UUS!"}]},{"@type":"WebSite","@id":"https:\/\/reginett.ee\/#website","url":"https:\/\/reginett.ee\/","name":"Reginett","description":"Parimad robotniidukid","potentialAction":[{"@type":"SearchAction","target":{"@type":"EntryPoint","urlTemplate":"https:\/\/reginett.ee\/?s={search_term_string}"},"query-input":{"@type":"PropertyValueSpecification","valueRequired":true,"valueName":"search_term_string"}}],"inLanguage":"ru-RU"}]}},"brands":[{"id":147,"name":"Husqvarna","slug":"husqvarna"}],"_links":{"self":[{"href":"https:\/\/reginett.ee\/ru\/wp-json\/wp\/v2\/product\/62479","targetHints":{"allow":["GET"]}}],"collection":[{"href":"https:\/\/reginett.ee\/ru\/wp-json\/wp\/v2\/product"}],"about":[{"href":"https:\/\/reginett.ee\/ru\/wp-json\/wp\/v2\/types\/product"}],"replies":[{"embeddable":true,"href":"https:\/\/reginett.ee\/ru\/wp-json\/wp\/v2\/comments?post=62479"}],"wp:featuredmedia":[{"embeddable":true,"href":"https:\/\/reginett.ee\/ru\/wp-json\/wp\/v2\/media\/62480"}],"wp:attachment":[{"href":"https:\/\/reginett.ee\/ru\/wp-json\/wp\/v2\/media?parent=62479"}],"wp:term":[{"taxonomy":"pwb-brand","embeddable":true,"href":"https:\/\/reginett.ee\/ru\/wp-json\/wp\/v2\/pwb-brand?post=62479"},{"taxonomy":"product_brand","embeddable":true,"href":"https:\/\/reginett.ee\/ru\/wp-json\/wp\/v2\/product_brand?post=62479"},{"taxonomy":"product_cat","embeddable":true,"href":"https:\/\/reginett.ee\/ru\/wp-json\/wp\/v2\/product_cat?post=62479"},{"taxonomy":"product_tag","embeddable":true,"href":"https:\/\/reginett.ee\/ru\/wp-json\/wp\/v2\/product_tag?post=62479"}],"curies":[{"name":"wp","href":"https:\/\/api.w.org\/{rel}","templated":true}]}}