{"id":62428,"date":"2025-04-06T14:34:47","date_gmt":"2025-04-06T11:34:47","guid":{"rendered":"https:\/\/reginett.ee\/?post_type=product&#038;p=62428"},"modified":"2025-04-29T00:10:04","modified_gmt":"2025-04-28T21:10:04","slug":"akuga-oksakaarid-gardena-assistcut","status":"publish","type":"product","link":"https:\/\/reginett.ee\/ru\/toode\/akuga-oksakaarid-gardena-assistcut\/","title":{"rendered":"Akuga oksak\u00e4\u00e4rid Gardena AssistCut"},"content":{"rendered":"<p><span class=\"product-desc\"><strong>Akuga oksak\u00e4\u00e4rid Gardena AssistCut<\/strong> on ideaalseks abiliseks okste, noorte v\u00f5rsete ja lillede l\u00f5ikamisel, mille maksimaalne l\u00e4bim\u00f5\u00f5t on 25 mm. Akuga oksak\u00e4\u00e4ridel on intelligentne andur, mis annab kuni 5 korda rohkem lisa-v\u00f5imsust (v\u00f5rreldes tavaliste k\u00e4\u00e4ridega) j\u00e4medamate okste l\u00f5ikamisel niipea kui tuvastatakse suurenenud takistus.<\/span><\/p>\n<p><span class=\"product-desc\"> Oksak\u00e4\u00e4rid v\u00e4hendavad k\u00e4tele langevat koormust, muutes aiat\u00f6\u00f6de tegemise veelgi lihtsamaks. Kui aku on t\u00e4ielikult laetud, v\u00f5imaldab AssistCut teha kuni 1400 akult tulenevalt toetavat l\u00f5ikamist (12 mm okste puhul). <\/span><\/p>\n<p><span class=\"product-desc\">T\u00e4nu ergonoomilistele k\u00e4epidemetele sobivad oksak\u00e4\u00e4rid ideaalselt teie k\u00e4tte ja kaheastmelise k\u00e4epideme avanemislaius muudab aiak\u00e4\u00e4rid ideaalseks l\u00f5ikeriistaks erineva suurusega k\u00e4tega inimestele. T\u00e4ppis-teritatud roostevabast terasest terad, mis on valmistatud Saksamaal ja vaheliti teradega l\u00f5ikamisp\u00f5him\u00f5te, v\u00f5imaldan teil oma taimi kaitsta \u00f5rnalt ning t\u00e4pselt l\u00f5igata.<\/span><\/p>\n<p><span class=\"product-desc\"> Kui akutoide on v\u00e4lja l\u00fclitatud, saab GARDENA AssistCuti kasutada nagu tavalisi k\u00e4\u00e4re. Sisse- ja v\u00e4ljal\u00fclitusfunktsioon tagab ka aku pika t\u00f6\u00f6ea, kuna see ei t\u00fchjene aja jooksul. Aku saab h\u00f5lpsalt ja kiiresti laadida 100% -ni 100 minutiga, kasutades kaasasolevat USB-C kaablit (laadija ei kuulu komplekti).<\/span><\/p>\n<p><span class=\"product-desc\"> GARDENA pakub neile Saksamaal valmistatud oksak\u00e4\u00e4ridele teie jaoks kolmeaastast tootjagarantiid. T\u00e4psuse j\u00f5ud. AssistCut. V\u00f5imas abik\u00e4si l\u00f5ikamiseks. Uus akutoitel t\u00f6\u00f6tav v\u00f5imalus, vajadusel rohkem v\u00f5imsust.<\/span><\/p>\n<p>https:\/\/www.gardena.com\/ee\/tooted\/puude-ja-poosaste-hooldus\/aiakaarid\/oksakaarid-assistcut-akutoitel-kuni-25-mm-okstele\/970534801.html<\/p>\n","protected":false},"excerpt":{"rendered":"<p><span class=\"product-desc\"><strong>Akuga oksak\u00e4\u00e4rid Gardena AssistCut<\/strong> on ideaalseks abiliseks okste, noorte v\u00f5rsete ja lillede l\u00f5ikamisel, mille maksimaalne l\u00e4bim\u00f5\u00f5t on 25 mm.<\/span><\/p>\n","protected":false},"featured_media":62437,"comment_status":"open","ping_status":"closed","template":"","meta":{"_acf_changed":false,"_et_pb_use_builder":"","_et_pb_old_content":"","_et_gb_content_width":"","inline_featured_image":false},"pwb-brand":[718],"product_brand":[],"product_cat":[480,48,134,231],"product_tag":[719],"class_list":{"0":"post-62428","1":"product","2":"type-product","3":"status-publish","4":"has-post-thumbnail","6":"pwb-brand-gardena","7":"product_cat-aiatoo","8":"product_cat-akutooted","9":"product_cat-eripakkumised","10":"product_cat-kingiideed","11":"product_tag-akuga-oksakaarid-gardena","13":"first","14":"instock","15":"shipping-taxable","16":"purchasable","17":"product-type-simple"},"acf":[],"yoast_head":"<!-- This site is optimized with the Yoast SEO plugin v26.6 - https:\/\/yoast.com\/wordpress\/plugins\/seo\/ -->\n<title>Akuga oksak\u00e4\u00e4rid Gardena AssistCut<\/title>\n<meta name=\"description\" content=\"Akuga oksak\u00e4\u00e4rid Gardena AssistCut on ideaalseks abiliseks okste, noorte v\u00f5rsete ja lillede l\u00f5ikamisel, mille maksimaalne l\u00e4bim\u00f5\u00f5t on 25 mm.\" \/>\n<meta name=\"robots\" content=\"index, follow, max-snippet:-1, max-image-preview:large, max-video-preview:-1\" \/>\n<link rel=\"canonical\" href=\"https:\/\/reginett.ee\/toode\/akuga-oksakaarid-gardena-assistcut\/\" \/>\n<meta property=\"og:locale\" content=\"ru_RU\" \/>\n<meta property=\"og:type\" content=\"article\" \/>\n<meta property=\"og:title\" content=\"Akuga oksak\u00e4\u00e4rid Gardena AssistCut\" \/>\n<meta property=\"og:description\" content=\"Akuga oksak\u00e4\u00e4rid Gardena AssistCut on ideaalseks abiliseks okste, noorte v\u00f5rsete ja lillede l\u00f5ikamisel, mille maksimaalne l\u00e4bim\u00f5\u00f5t on 25 mm.\" \/>\n<meta property=\"og:url\" content=\"https:\/\/reginett.ee\/toode\/akuga-oksakaarid-gardena-assistcut\/\" \/>\n<meta property=\"og:site_name\" content=\"Reginett\" \/>\n<meta property=\"article:modified_time\" content=\"2025-04-28T21:10:04+00:00\" \/>\n<meta property=\"og:image\" content=\"https:\/\/reginett.ee\/wp-content\/uploads\/2025\/04\/Untitled-9.webp\" \/>\n\t<meta property=\"og:image:width\" content=\"680\" \/>\n\t<meta property=\"og:image:height\" content=\"372\" \/>\n\t<meta property=\"og:image:type\" content=\"image\/webp\" \/>\n<meta name=\"twitter:card\" content=\"summary_large_image\" \/>\n<meta name=\"twitter:label1\" content=\"\u041f\u0440\u0438\u043c\u0435\u0440\u043d\u043e\u0435 \u0432\u0440\u0435\u043c\u044f \u0434\u043b\u044f \u0447\u0442\u0435\u043d\u0438\u044f\" \/>\n\t<meta name=\"twitter:data1\" content=\"2 \u043c\u0438\u043d\u0443\u0442\u044b\" \/>\n<script type=\"application\/ld+json\" class=\"yoast-schema-graph\">{\"@context\":\"https:\/\/schema.org\",\"@graph\":[{\"@type\":\"WebPage\",\"@id\":\"https:\/\/reginett.ee\/toode\/akuga-oksakaarid-gardena-assistcut\/\",\"url\":\"https:\/\/reginett.ee\/toode\/akuga-oksakaarid-gardena-assistcut\/\",\"name\":\"Akuga oksak\u00e4\u00e4rid Gardena AssistCut\",\"isPartOf\":{\"@id\":\"https:\/\/reginett.ee\/#website\"},\"primaryImageOfPage\":{\"@id\":\"https:\/\/reginett.ee\/toode\/akuga-oksakaarid-gardena-assistcut\/#primaryimage\"},\"image\":{\"@id\":\"https:\/\/reginett.ee\/toode\/akuga-oksakaarid-gardena-assistcut\/#primaryimage\"},\"thumbnailUrl\":\"https:\/\/reginett.ee\/wp-content\/uploads\/2025\/04\/Untitled-9.webp\",\"datePublished\":\"2025-04-06T11:34:47+00:00\",\"dateModified\":\"2025-04-28T21:10:04+00:00\",\"description\":\"Akuga oksak\u00e4\u00e4rid Gardena AssistCut on ideaalseks abiliseks okste, noorte v\u00f5rsete ja lillede l\u00f5ikamisel, mille maksimaalne l\u00e4bim\u00f5\u00f5t on 25 mm.\",\"breadcrumb\":{\"@id\":\"https:\/\/reginett.ee\/toode\/akuga-oksakaarid-gardena-assistcut\/#breadcrumb\"},\"inLanguage\":\"ru-RU\",\"potentialAction\":[{\"@type\":\"ReadAction\",\"target\":[\"https:\/\/reginett.ee\/toode\/akuga-oksakaarid-gardena-assistcut\/\"]}]},{\"@type\":\"ImageObject\",\"inLanguage\":\"ru-RU\",\"@id\":\"https:\/\/reginett.ee\/toode\/akuga-oksakaarid-gardena-assistcut\/#primaryimage\",\"url\":\"https:\/\/reginett.ee\/wp-content\/uploads\/2025\/04\/Untitled-9.webp\",\"contentUrl\":\"https:\/\/reginett.ee\/wp-content\/uploads\/2025\/04\/Untitled-9.webp\",\"width\":680,\"height\":372},{\"@type\":\"BreadcrumbList\",\"@id\":\"https:\/\/reginett.ee\/toode\/akuga-oksakaarid-gardena-assistcut\/#breadcrumb\",\"itemListElement\":[{\"@type\":\"ListItem\",\"position\":1,\"name\":\"Home\",\"item\":\"https:\/\/reginett.ee\/ru\/\"},{\"@type\":\"ListItem\",\"position\":2,\"name\":\"Tooted\",\"item\":\"https:\/\/reginett.ee\/tooted\/\"},{\"@type\":\"ListItem\",\"position\":3,\"name\":\"Akuga oksak\u00e4\u00e4rid Gardena AssistCut\"}]},{\"@type\":\"WebSite\",\"@id\":\"https:\/\/reginett.ee\/#website\",\"url\":\"https:\/\/reginett.ee\/\",\"name\":\"Reginett\",\"description\":\"Parimad robotniidukid\",\"potentialAction\":[{\"@type\":\"SearchAction\",\"target\":{\"@type\":\"EntryPoint\",\"urlTemplate\":\"https:\/\/reginett.ee\/?s={search_term_string}\"},\"query-input\":{\"@type\":\"PropertyValueSpecification\",\"valueRequired\":true,\"valueName\":\"search_term_string\"}}],\"inLanguage\":\"ru-RU\"}]}<\/script>\n<!-- \/ Yoast SEO plugin. -->","yoast_head_json":{"title":"Akuga oksak\u00e4\u00e4rid Gardena AssistCut","description":"Akuga oksak\u00e4\u00e4rid Gardena AssistCut on ideaalseks abiliseks okste, noorte v\u00f5rsete ja lillede l\u00f5ikamisel, mille maksimaalne l\u00e4bim\u00f5\u00f5t on 25 mm.","robots":{"index":"index","follow":"follow","max-snippet":"max-snippet:-1","max-image-preview":"max-image-preview:large","max-video-preview":"max-video-preview:-1"},"canonical":"https:\/\/reginett.ee\/toode\/akuga-oksakaarid-gardena-assistcut\/","og_locale":"ru_RU","og_type":"article","og_title":"Akuga oksak\u00e4\u00e4rid Gardena AssistCut","og_description":"Akuga oksak\u00e4\u00e4rid Gardena AssistCut on ideaalseks abiliseks okste, noorte v\u00f5rsete ja lillede l\u00f5ikamisel, mille maksimaalne l\u00e4bim\u00f5\u00f5t on 25 mm.","og_url":"https:\/\/reginett.ee\/toode\/akuga-oksakaarid-gardena-assistcut\/","og_site_name":"Reginett","article_modified_time":"2025-04-28T21:10:04+00:00","og_image":[{"width":680,"height":372,"url":"https:\/\/reginett.ee\/wp-content\/uploads\/2025\/04\/Untitled-9.webp","type":"image\/webp"}],"twitter_card":"summary_large_image","twitter_misc":{"\u041f\u0440\u0438\u043c\u0435\u0440\u043d\u043e\u0435 \u0432\u0440\u0435\u043c\u044f \u0434\u043b\u044f \u0447\u0442\u0435\u043d\u0438\u044f":"2 \u043c\u0438\u043d\u0443\u0442\u044b"},"schema":{"@context":"https:\/\/schema.org","@graph":[{"@type":"WebPage","@id":"https:\/\/reginett.ee\/toode\/akuga-oksakaarid-gardena-assistcut\/","url":"https:\/\/reginett.ee\/toode\/akuga-oksakaarid-gardena-assistcut\/","name":"Akuga oksak\u00e4\u00e4rid Gardena AssistCut","isPartOf":{"@id":"https:\/\/reginett.ee\/#website"},"primaryImageOfPage":{"@id":"https:\/\/reginett.ee\/toode\/akuga-oksakaarid-gardena-assistcut\/#primaryimage"},"image":{"@id":"https:\/\/reginett.ee\/toode\/akuga-oksakaarid-gardena-assistcut\/#primaryimage"},"thumbnailUrl":"https:\/\/reginett.ee\/wp-content\/uploads\/2025\/04\/Untitled-9.webp","datePublished":"2025-04-06T11:34:47+00:00","dateModified":"2025-04-28T21:10:04+00:00","description":"Akuga oksak\u00e4\u00e4rid Gardena AssistCut on ideaalseks abiliseks okste, noorte v\u00f5rsete ja lillede l\u00f5ikamisel, mille maksimaalne l\u00e4bim\u00f5\u00f5t on 25 mm.","breadcrumb":{"@id":"https:\/\/reginett.ee\/toode\/akuga-oksakaarid-gardena-assistcut\/#breadcrumb"},"inLanguage":"ru-RU","potentialAction":[{"@type":"ReadAction","target":["https:\/\/reginett.ee\/toode\/akuga-oksakaarid-gardena-assistcut\/"]}]},{"@type":"ImageObject","inLanguage":"ru-RU","@id":"https:\/\/reginett.ee\/toode\/akuga-oksakaarid-gardena-assistcut\/#primaryimage","url":"https:\/\/reginett.ee\/wp-content\/uploads\/2025\/04\/Untitled-9.webp","contentUrl":"https:\/\/reginett.ee\/wp-content\/uploads\/2025\/04\/Untitled-9.webp","width":680,"height":372},{"@type":"BreadcrumbList","@id":"https:\/\/reginett.ee\/toode\/akuga-oksakaarid-gardena-assistcut\/#breadcrumb","itemListElement":[{"@type":"ListItem","position":1,"name":"Home","item":"https:\/\/reginett.ee\/ru\/"},{"@type":"ListItem","position":2,"name":"Tooted","item":"https:\/\/reginett.ee\/tooted\/"},{"@type":"ListItem","position":3,"name":"Akuga oksak\u00e4\u00e4rid Gardena AssistCut"}]},{"@type":"WebSite","@id":"https:\/\/reginett.ee\/#website","url":"https:\/\/reginett.ee\/","name":"Reginett","description":"Parimad robotniidukid","potentialAction":[{"@type":"SearchAction","target":{"@type":"EntryPoint","urlTemplate":"https:\/\/reginett.ee\/?s={search_term_string}"},"query-input":{"@type":"PropertyValueSpecification","valueRequired":true,"valueName":"search_term_string"}}],"inLanguage":"ru-RU"}]}},"brands":[{"id":718,"name":"Gardena","slug":"gardena"}],"_links":{"self":[{"href":"https:\/\/reginett.ee\/ru\/wp-json\/wp\/v2\/product\/62428","targetHints":{"allow":["GET"]}}],"collection":[{"href":"https:\/\/reginett.ee\/ru\/wp-json\/wp\/v2\/product"}],"about":[{"href":"https:\/\/reginett.ee\/ru\/wp-json\/wp\/v2\/types\/product"}],"replies":[{"embeddable":true,"href":"https:\/\/reginett.ee\/ru\/wp-json\/wp\/v2\/comments?post=62428"}],"wp:featuredmedia":[{"embeddable":true,"href":"https:\/\/reginett.ee\/ru\/wp-json\/wp\/v2\/media\/62437"}],"wp:attachment":[{"href":"https:\/\/reginett.ee\/ru\/wp-json\/wp\/v2\/media?parent=62428"}],"wp:term":[{"taxonomy":"pwb-brand","embeddable":true,"href":"https:\/\/reginett.ee\/ru\/wp-json\/wp\/v2\/pwb-brand?post=62428"},{"taxonomy":"product_brand","embeddable":true,"href":"https:\/\/reginett.ee\/ru\/wp-json\/wp\/v2\/product_brand?post=62428"},{"taxonomy":"product_cat","embeddable":true,"href":"https:\/\/reginett.ee\/ru\/wp-json\/wp\/v2\/product_cat?post=62428"},{"taxonomy":"product_tag","embeddable":true,"href":"https:\/\/reginett.ee\/ru\/wp-json\/wp\/v2\/product_tag?post=62428"}],"curies":[{"name":"wp","href":"https:\/\/api.w.org\/{rel}","templated":true}]}}