{"id":62418,"date":"2025-03-18T20:27:10","date_gmt":"2025-03-18T17:27:10","guid":{"rendered":"https:\/\/reginett.ee\/?post_type=product&#038;p=62418"},"modified":"2025-04-05T20:27:53","modified_gmt":"2025-04-05T17:27:53","slug":"muruniiduk-stiga-multiclip-50","status":"publish","type":"product","link":"https:\/\/reginett.ee\/ru\/toode\/muruniiduk-stiga-multiclip-50\/","title":{"rendered":"Muruniiduk STIGA Multiclip 50"},"content":{"rendered":"<p><strong>Muruniiduk Stiga Multiclip 50<\/strong> loodud spetsiaalselt muru peenestamiseks ehk mult\u0161imiseks. Niitmise k\u00e4igus muru purustatakse ja j\u00e4etakse loodusliku v\u00e4etisena niidetud pinnale.<\/p>\n<p>Stiga bensiinimootoriga muruniiduk Multiclip 50 on tugev ja t\u00f6\u00f6kindel niiduk ca 1700 m\u00b2 murualade niitmiseks. Niidulaius on 48 cm. Niiduk\u00f5rguse reguleerimine v\u00f5imaldab valida viie niiduk\u00f5rguse vahel, vahemikus 3,1 \u2013 7,5 cm.<\/p>\n","protected":false},"excerpt":{"rendered":"<p><strong>Muruniiduk Stiga Multiclip 50<\/strong> loodud spetsiaalselt muru peenestamiseks ehk mult\u0161imiseks. Niitmise k\u00e4igus muru purustatakse ja j\u00e4etakse loodusliku v\u00e4etisena niidetud pinnale.<\/p>\n","protected":false},"featured_media":62420,"comment_status":"open","ping_status":"closed","template":"","meta":{"_acf_changed":false,"_et_pb_use_builder":"","_et_pb_old_content":"","_et_gb_content_width":"","inline_featured_image":false},"pwb-brand":[146],"product_brand":[],"product_cat":[25,154],"product_tag":[717],"class_list":{"0":"post-62418","1":"product","2":"type-product","3":"status-publish","4":"has-post-thumbnail","6":"pwb-brand-stiga","7":"product_cat-muruniidukid","8":"product_cat-stiga","9":"product_tag-stiga-multiclip-50","10":"product_shipping_class-soodsam-kuller-15-eur","12":"first","13":"instock","14":"shipping-taxable","15":"purchasable","16":"product-type-simple"},"acf":[],"yoast_head":"<!-- This site is optimized with the Yoast SEO plugin v26.6 - https:\/\/yoast.com\/wordpress\/plugins\/seo\/ -->\n<title>Muruniiduk STIGA Multiclip 50. Stiga niidukid Reginetist<\/title>\n<meta name=\"description\" content=\"Muruniiduk Stiga Multiclip 50 loodud spetsiaalselt muru peenestamiseks ehk mult\u0161imiseks. Niitmise k\u00e4igus muru purustatakse\" \/>\n<meta name=\"robots\" content=\"index, follow, max-snippet:-1, max-image-preview:large, max-video-preview:-1\" \/>\n<link rel=\"canonical\" href=\"https:\/\/reginett.ee\/toode\/muruniiduk-stiga-multiclip-50\/\" \/>\n<meta property=\"og:locale\" content=\"ru_RU\" \/>\n<meta property=\"og:type\" content=\"article\" \/>\n<meta property=\"og:title\" content=\"Muruniiduk STIGA Multiclip 50. Stiga niidukid Reginetist\" \/>\n<meta property=\"og:description\" content=\"Muruniiduk Stiga Multiclip 50 loodud spetsiaalselt muru peenestamiseks ehk mult\u0161imiseks. Niitmise k\u00e4igus muru purustatakse\" \/>\n<meta property=\"og:url\" content=\"https:\/\/reginett.ee\/toode\/muruniiduk-stiga-multiclip-50\/\" \/>\n<meta property=\"og:site_name\" content=\"Reginett\" \/>\n<meta property=\"article:modified_time\" content=\"2025-04-05T17:27:53+00:00\" \/>\n<meta property=\"og:image\" content=\"https:\/\/reginett.ee\/wp-content\/uploads\/2025\/04\/Stiga-Multiclip-50.webp\" \/>\n\t<meta property=\"og:image:width\" content=\"680\" \/>\n\t<meta property=\"og:image:height\" content=\"372\" \/>\n\t<meta property=\"og:image:type\" content=\"image\/webp\" \/>\n<meta name=\"twitter:card\" content=\"summary_large_image\" \/>\n<meta name=\"twitter:label1\" content=\"\u041f\u0440\u0438\u043c\u0435\u0440\u043d\u043e\u0435 \u0432\u0440\u0435\u043c\u044f \u0434\u043b\u044f \u0447\u0442\u0435\u043d\u0438\u044f\" \/>\n\t<meta name=\"twitter:data1\" content=\"1 \u043c\u0438\u043d\u0443\u0442\u0430\" \/>\n<script type=\"application\/ld+json\" class=\"yoast-schema-graph\">{\"@context\":\"https:\/\/schema.org\",\"@graph\":[{\"@type\":\"WebPage\",\"@id\":\"https:\/\/reginett.ee\/toode\/muruniiduk-stiga-multiclip-50\/\",\"url\":\"https:\/\/reginett.ee\/toode\/muruniiduk-stiga-multiclip-50\/\",\"name\":\"Muruniiduk STIGA Multiclip 50. Stiga niidukid Reginetist\",\"isPartOf\":{\"@id\":\"https:\/\/reginett.ee\/#website\"},\"primaryImageOfPage\":{\"@id\":\"https:\/\/reginett.ee\/toode\/muruniiduk-stiga-multiclip-50\/#primaryimage\"},\"image\":{\"@id\":\"https:\/\/reginett.ee\/toode\/muruniiduk-stiga-multiclip-50\/#primaryimage\"},\"thumbnailUrl\":\"https:\/\/reginett.ee\/wp-content\/uploads\/2025\/04\/Stiga-Multiclip-50.webp\",\"datePublished\":\"2025-03-18T17:27:10+00:00\",\"dateModified\":\"2025-04-05T17:27:53+00:00\",\"description\":\"Muruniiduk Stiga Multiclip 50 loodud spetsiaalselt muru peenestamiseks ehk mult\u0161imiseks. Niitmise k\u00e4igus muru purustatakse\",\"breadcrumb\":{\"@id\":\"https:\/\/reginett.ee\/toode\/muruniiduk-stiga-multiclip-50\/#breadcrumb\"},\"inLanguage\":\"ru-RU\",\"potentialAction\":[{\"@type\":\"ReadAction\",\"target\":[\"https:\/\/reginett.ee\/toode\/muruniiduk-stiga-multiclip-50\/\"]}]},{\"@type\":\"ImageObject\",\"inLanguage\":\"ru-RU\",\"@id\":\"https:\/\/reginett.ee\/toode\/muruniiduk-stiga-multiclip-50\/#primaryimage\",\"url\":\"https:\/\/reginett.ee\/wp-content\/uploads\/2025\/04\/Stiga-Multiclip-50.webp\",\"contentUrl\":\"https:\/\/reginett.ee\/wp-content\/uploads\/2025\/04\/Stiga-Multiclip-50.webp\",\"width\":680,\"height\":372,\"caption\":\"Stiga Multiclip 50\"},{\"@type\":\"BreadcrumbList\",\"@id\":\"https:\/\/reginett.ee\/toode\/muruniiduk-stiga-multiclip-50\/#breadcrumb\",\"itemListElement\":[{\"@type\":\"ListItem\",\"position\":1,\"name\":\"Home\",\"item\":\"https:\/\/reginett.ee\/ru\/\"},{\"@type\":\"ListItem\",\"position\":2,\"name\":\"Tooted\",\"item\":\"https:\/\/reginett.ee\/tooted\/\"},{\"@type\":\"ListItem\",\"position\":3,\"name\":\"Muruniiduk STIGA Multiclip 50\"}]},{\"@type\":\"WebSite\",\"@id\":\"https:\/\/reginett.ee\/#website\",\"url\":\"https:\/\/reginett.ee\/\",\"name\":\"Reginett\",\"description\":\"Parimad robotniidukid\",\"potentialAction\":[{\"@type\":\"SearchAction\",\"target\":{\"@type\":\"EntryPoint\",\"urlTemplate\":\"https:\/\/reginett.ee\/?s={search_term_string}\"},\"query-input\":{\"@type\":\"PropertyValueSpecification\",\"valueRequired\":true,\"valueName\":\"search_term_string\"}}],\"inLanguage\":\"ru-RU\"}]}<\/script>\n<!-- \/ Yoast SEO plugin. -->","yoast_head_json":{"title":"Muruniiduk STIGA Multiclip 50. Stiga niidukid Reginetist","description":"Muruniiduk Stiga Multiclip 50 loodud spetsiaalselt muru peenestamiseks ehk mult\u0161imiseks. Niitmise k\u00e4igus muru purustatakse","robots":{"index":"index","follow":"follow","max-snippet":"max-snippet:-1","max-image-preview":"max-image-preview:large","max-video-preview":"max-video-preview:-1"},"canonical":"https:\/\/reginett.ee\/toode\/muruniiduk-stiga-multiclip-50\/","og_locale":"ru_RU","og_type":"article","og_title":"Muruniiduk STIGA Multiclip 50. Stiga niidukid Reginetist","og_description":"Muruniiduk Stiga Multiclip 50 loodud spetsiaalselt muru peenestamiseks ehk mult\u0161imiseks. Niitmise k\u00e4igus muru purustatakse","og_url":"https:\/\/reginett.ee\/toode\/muruniiduk-stiga-multiclip-50\/","og_site_name":"Reginett","article_modified_time":"2025-04-05T17:27:53+00:00","og_image":[{"width":680,"height":372,"url":"https:\/\/reginett.ee\/wp-content\/uploads\/2025\/04\/Stiga-Multiclip-50.webp","type":"image\/webp"}],"twitter_card":"summary_large_image","twitter_misc":{"\u041f\u0440\u0438\u043c\u0435\u0440\u043d\u043e\u0435 \u0432\u0440\u0435\u043c\u044f \u0434\u043b\u044f \u0447\u0442\u0435\u043d\u0438\u044f":"1 \u043c\u0438\u043d\u0443\u0442\u0430"},"schema":{"@context":"https:\/\/schema.org","@graph":[{"@type":"WebPage","@id":"https:\/\/reginett.ee\/toode\/muruniiduk-stiga-multiclip-50\/","url":"https:\/\/reginett.ee\/toode\/muruniiduk-stiga-multiclip-50\/","name":"Muruniiduk STIGA Multiclip 50. Stiga niidukid Reginetist","isPartOf":{"@id":"https:\/\/reginett.ee\/#website"},"primaryImageOfPage":{"@id":"https:\/\/reginett.ee\/toode\/muruniiduk-stiga-multiclip-50\/#primaryimage"},"image":{"@id":"https:\/\/reginett.ee\/toode\/muruniiduk-stiga-multiclip-50\/#primaryimage"},"thumbnailUrl":"https:\/\/reginett.ee\/wp-content\/uploads\/2025\/04\/Stiga-Multiclip-50.webp","datePublished":"2025-03-18T17:27:10+00:00","dateModified":"2025-04-05T17:27:53+00:00","description":"Muruniiduk Stiga Multiclip 50 loodud spetsiaalselt muru peenestamiseks ehk mult\u0161imiseks. Niitmise k\u00e4igus muru purustatakse","breadcrumb":{"@id":"https:\/\/reginett.ee\/toode\/muruniiduk-stiga-multiclip-50\/#breadcrumb"},"inLanguage":"ru-RU","potentialAction":[{"@type":"ReadAction","target":["https:\/\/reginett.ee\/toode\/muruniiduk-stiga-multiclip-50\/"]}]},{"@type":"ImageObject","inLanguage":"ru-RU","@id":"https:\/\/reginett.ee\/toode\/muruniiduk-stiga-multiclip-50\/#primaryimage","url":"https:\/\/reginett.ee\/wp-content\/uploads\/2025\/04\/Stiga-Multiclip-50.webp","contentUrl":"https:\/\/reginett.ee\/wp-content\/uploads\/2025\/04\/Stiga-Multiclip-50.webp","width":680,"height":372,"caption":"Stiga Multiclip 50"},{"@type":"BreadcrumbList","@id":"https:\/\/reginett.ee\/toode\/muruniiduk-stiga-multiclip-50\/#breadcrumb","itemListElement":[{"@type":"ListItem","position":1,"name":"Home","item":"https:\/\/reginett.ee\/ru\/"},{"@type":"ListItem","position":2,"name":"Tooted","item":"https:\/\/reginett.ee\/tooted\/"},{"@type":"ListItem","position":3,"name":"Muruniiduk STIGA Multiclip 50"}]},{"@type":"WebSite","@id":"https:\/\/reginett.ee\/#website","url":"https:\/\/reginett.ee\/","name":"Reginett","description":"Parimad robotniidukid","potentialAction":[{"@type":"SearchAction","target":{"@type":"EntryPoint","urlTemplate":"https:\/\/reginett.ee\/?s={search_term_string}"},"query-input":{"@type":"PropertyValueSpecification","valueRequired":true,"valueName":"search_term_string"}}],"inLanguage":"ru-RU"}]}},"brands":[{"id":146,"name":"Stiga","slug":"stiga"}],"_links":{"self":[{"href":"https:\/\/reginett.ee\/ru\/wp-json\/wp\/v2\/product\/62418","targetHints":{"allow":["GET"]}}],"collection":[{"href":"https:\/\/reginett.ee\/ru\/wp-json\/wp\/v2\/product"}],"about":[{"href":"https:\/\/reginett.ee\/ru\/wp-json\/wp\/v2\/types\/product"}],"replies":[{"embeddable":true,"href":"https:\/\/reginett.ee\/ru\/wp-json\/wp\/v2\/comments?post=62418"}],"wp:featuredmedia":[{"embeddable":true,"href":"https:\/\/reginett.ee\/ru\/wp-json\/wp\/v2\/media\/62420"}],"wp:attachment":[{"href":"https:\/\/reginett.ee\/ru\/wp-json\/wp\/v2\/media?parent=62418"}],"wp:term":[{"taxonomy":"pwb-brand","embeddable":true,"href":"https:\/\/reginett.ee\/ru\/wp-json\/wp\/v2\/pwb-brand?post=62418"},{"taxonomy":"product_brand","embeddable":true,"href":"https:\/\/reginett.ee\/ru\/wp-json\/wp\/v2\/product_brand?post=62418"},{"taxonomy":"product_cat","embeddable":true,"href":"https:\/\/reginett.ee\/ru\/wp-json\/wp\/v2\/product_cat?post=62418"},{"taxonomy":"product_tag","embeddable":true,"href":"https:\/\/reginett.ee\/ru\/wp-json\/wp\/v2\/product_tag?post=62418"}],"curies":[{"name":"wp","href":"https:\/\/api.w.org\/{rel}","templated":true}]}}