{"id":62415,"date":"2026-04-25T19:58:27","date_gmt":"2026-04-25T16:58:27","guid":{"rendered":"https:\/\/reginett.ee\/?post_type=product&#038;p=62415"},"modified":"2026-04-29T14:56:02","modified_gmt":"2026-04-29T11:56:02","slug":"muruniiduk-stiga-special-edition-48q","status":"publish","type":"product","link":"https:\/\/reginett.ee\/ru\/toode\/muruniiduk-stiga-special-edition-48q\/","title":{"rendered":"Muruniiduk STIGA Special Edition 48Q"},"content":{"rendered":"<p><strong>Muruniiduk Stiga Special Edition 48Q<\/strong> on\u00a0 bensiinimootoriga tugev ning t\u00f6\u00f6kindel niiduk ca 1200 m\u00b2 murualade niitmiseks. Stiga kogujaga muruniiduk Special Edition 48 Q v\u00f5imaldab valida nelja erineva niidumeetodi vahel: kogumine, tagantv\u00e4ljavise, k\u00fclgv\u00e4ljavise v\u00f5i mult\u0161imine.<\/p>\n<p>Niidulaius on 46 cm. Tsentraalne niiduk\u00f5rguse reguleerimine v\u00f5imaldab valida kuue niiduk\u00f5rguse vahel, vahemikus 2,2 \u2013 8,0 cm.<\/p>\n<p><strong>Stiga Special Edition 48Q<\/strong> on mahukas 60-liitrine plastikust\/tekstiilist kogumiskorv, mille andur annab m\u00e4rku korvi t\u00e4itumisest. Keskmisest suuremad kuullaagritega rattad h\u00f5lbustavad niiduki kasutamist ebatasasel pinnal. T\u00e4nu eesasetsevale k\u00e4epidemele on niidukit lihtne \u00fcles t\u00f5sta ja transportida. Terasest korpus tagab tugevuse ja vastupidavuse.<\/p>\n","protected":false},"excerpt":{"rendered":"<p><strong>Muruniiduk Stiga Special Edition 48Q<\/strong> on\u00a0 bensiinimootoriga tugev ning t\u00f6\u00f6kindel niiduk ca 1200 m\u00b2 murualade niitmiseks. Stiga kogujaga muruniiduk Special Edition 48 Q v\u00f5imaldab valida nelja erineva niidumeetodi vahel: kogumine, tagantv\u00e4ljavise, k\u00fclgv\u00e4ljavise v\u00f5i mult\u0161imine.<\/p>\n","protected":false},"featured_media":62416,"comment_status":"open","ping_status":"closed","template":"","meta":{"_acf_changed":false,"_et_pb_use_builder":"","_et_pb_old_content":"","_et_gb_content_width":"","inline_featured_image":false},"pwb-brand":[146],"product_brand":[],"product_cat":[25,154],"product_tag":[716],"class_list":{"0":"post-62415","1":"product","2":"type-product","3":"status-publish","4":"has-post-thumbnail","6":"pwb-brand-stiga","7":"product_cat-muruniidukid","8":"product_cat-stiga","9":"product_tag-stiga-limited-edition-48q","10":"product_shipping_class-soodsam-kuller-15-eur","12":"first","13":"instock","14":"sale","15":"shipping-taxable","16":"purchasable","17":"product-type-simple"},"acf":[],"yoast_head":"<!-- This site is optimized with the Yoast SEO plugin v26.6 - https:\/\/yoast.com\/wordpress\/plugins\/seo\/ -->\n<title>Muruniiduk Stiga Special Edition 48Q. Stiga niidukid Reginetist<\/title>\n<meta name=\"description\" content=\"Muruniiduk Stiga Special Edition 48Q on\u00a0 bensiinimootoriga tugev ja t\u00f6\u00f6kindel niiduk ca 1200 m\u00b2 murualade niitmiseks. Stiga Special Edition 48Q\" \/>\n<meta name=\"robots\" content=\"index, follow, max-snippet:-1, max-image-preview:large, max-video-preview:-1\" \/>\n<link rel=\"canonical\" href=\"https:\/\/reginett.ee\/toode\/muruniiduk-stiga-special-edition-48q\/\" \/>\n<meta property=\"og:locale\" content=\"ru_RU\" \/>\n<meta property=\"og:type\" content=\"article\" \/>\n<meta property=\"og:title\" content=\"Muruniiduk Stiga Special Edition 48Q. Stiga niidukid Reginetist\" \/>\n<meta property=\"og:description\" content=\"Muruniiduk Stiga Special Edition 48Q on\u00a0 bensiinimootoriga tugev ja t\u00f6\u00f6kindel niiduk ca 1200 m\u00b2 murualade niitmiseks. Stiga Special Edition 48Q\" \/>\n<meta property=\"og:url\" content=\"https:\/\/reginett.ee\/toode\/muruniiduk-stiga-special-edition-48q\/\" \/>\n<meta property=\"og:site_name\" content=\"Reginett\" \/>\n<meta property=\"article:modified_time\" content=\"2026-04-29T11:56:02+00:00\" \/>\n<meta property=\"og:image\" content=\"https:\/\/reginett.ee\/wp-content\/uploads\/2025\/04\/Stiga-Limited-Edition-48Q.webp\" \/>\n\t<meta property=\"og:image:width\" content=\"680\" \/>\n\t<meta property=\"og:image:height\" content=\"372\" \/>\n\t<meta property=\"og:image:type\" content=\"image\/webp\" \/>\n<meta name=\"twitter:card\" content=\"summary_large_image\" \/>\n<meta name=\"twitter:label1\" content=\"\u041f\u0440\u0438\u043c\u0435\u0440\u043d\u043e\u0435 \u0432\u0440\u0435\u043c\u044f \u0434\u043b\u044f \u0447\u0442\u0435\u043d\u0438\u044f\" \/>\n\t<meta name=\"twitter:data1\" content=\"1 \u043c\u0438\u043d\u0443\u0442\u0430\" \/>\n<script type=\"application\/ld+json\" class=\"yoast-schema-graph\">{\"@context\":\"https:\/\/schema.org\",\"@graph\":[{\"@type\":\"WebPage\",\"@id\":\"https:\/\/reginett.ee\/toode\/muruniiduk-stiga-special-edition-48q\/\",\"url\":\"https:\/\/reginett.ee\/toode\/muruniiduk-stiga-special-edition-48q\/\",\"name\":\"Muruniiduk Stiga Special Edition 48Q. Stiga niidukid Reginetist\",\"isPartOf\":{\"@id\":\"https:\/\/reginett.ee\/#website\"},\"primaryImageOfPage\":{\"@id\":\"https:\/\/reginett.ee\/toode\/muruniiduk-stiga-special-edition-48q\/#primaryimage\"},\"image\":{\"@id\":\"https:\/\/reginett.ee\/toode\/muruniiduk-stiga-special-edition-48q\/#primaryimage\"},\"thumbnailUrl\":\"https:\/\/reginett.ee\/wp-content\/uploads\/2025\/04\/Stiga-Limited-Edition-48Q.webp\",\"datePublished\":\"2026-04-25T16:58:27+00:00\",\"dateModified\":\"2026-04-29T11:56:02+00:00\",\"description\":\"Muruniiduk Stiga Special Edition 48Q on\u00a0 bensiinimootoriga tugev ja t\u00f6\u00f6kindel niiduk ca 1200 m\u00b2 murualade niitmiseks. Stiga Special Edition 48Q\",\"breadcrumb\":{\"@id\":\"https:\/\/reginett.ee\/toode\/muruniiduk-stiga-special-edition-48q\/#breadcrumb\"},\"inLanguage\":\"ru-RU\",\"potentialAction\":[{\"@type\":\"ReadAction\",\"target\":[\"https:\/\/reginett.ee\/toode\/muruniiduk-stiga-special-edition-48q\/\"]}]},{\"@type\":\"ImageObject\",\"inLanguage\":\"ru-RU\",\"@id\":\"https:\/\/reginett.ee\/toode\/muruniiduk-stiga-special-edition-48q\/#primaryimage\",\"url\":\"https:\/\/reginett.ee\/wp-content\/uploads\/2025\/04\/Stiga-Limited-Edition-48Q.webp\",\"contentUrl\":\"https:\/\/reginett.ee\/wp-content\/uploads\/2025\/04\/Stiga-Limited-Edition-48Q.webp\",\"width\":680,\"height\":372,\"caption\":\"Stiga-Limited-Edition-48Q\"},{\"@type\":\"BreadcrumbList\",\"@id\":\"https:\/\/reginett.ee\/toode\/muruniiduk-stiga-special-edition-48q\/#breadcrumb\",\"itemListElement\":[{\"@type\":\"ListItem\",\"position\":1,\"name\":\"Home\",\"item\":\"https:\/\/reginett.ee\/ru\/\"},{\"@type\":\"ListItem\",\"position\":2,\"name\":\"Tooted\",\"item\":\"https:\/\/reginett.ee\/tooted\/\"},{\"@type\":\"ListItem\",\"position\":3,\"name\":\"Muruniiduk STIGA Special Edition 48Q\"}]},{\"@type\":\"WebSite\",\"@id\":\"https:\/\/reginett.ee\/#website\",\"url\":\"https:\/\/reginett.ee\/\",\"name\":\"Reginett\",\"description\":\"Parimad robotniidukid\",\"potentialAction\":[{\"@type\":\"SearchAction\",\"target\":{\"@type\":\"EntryPoint\",\"urlTemplate\":\"https:\/\/reginett.ee\/?s={search_term_string}\"},\"query-input\":{\"@type\":\"PropertyValueSpecification\",\"valueRequired\":true,\"valueName\":\"search_term_string\"}}],\"inLanguage\":\"ru-RU\"}]}<\/script>\n<!-- \/ Yoast SEO plugin. -->","yoast_head_json":{"title":"Muruniiduk Stiga Special Edition 48Q. Stiga niidukid Reginetist","description":"Muruniiduk Stiga Special Edition 48Q on\u00a0 bensiinimootoriga tugev ja t\u00f6\u00f6kindel niiduk ca 1200 m\u00b2 murualade niitmiseks. Stiga Special Edition 48Q","robots":{"index":"index","follow":"follow","max-snippet":"max-snippet:-1","max-image-preview":"max-image-preview:large","max-video-preview":"max-video-preview:-1"},"canonical":"https:\/\/reginett.ee\/toode\/muruniiduk-stiga-special-edition-48q\/","og_locale":"ru_RU","og_type":"article","og_title":"Muruniiduk Stiga Special Edition 48Q. Stiga niidukid Reginetist","og_description":"Muruniiduk Stiga Special Edition 48Q on\u00a0 bensiinimootoriga tugev ja t\u00f6\u00f6kindel niiduk ca 1200 m\u00b2 murualade niitmiseks. Stiga Special Edition 48Q","og_url":"https:\/\/reginett.ee\/toode\/muruniiduk-stiga-special-edition-48q\/","og_site_name":"Reginett","article_modified_time":"2026-04-29T11:56:02+00:00","og_image":[{"width":680,"height":372,"url":"https:\/\/reginett.ee\/wp-content\/uploads\/2025\/04\/Stiga-Limited-Edition-48Q.webp","type":"image\/webp"}],"twitter_card":"summary_large_image","twitter_misc":{"\u041f\u0440\u0438\u043c\u0435\u0440\u043d\u043e\u0435 \u0432\u0440\u0435\u043c\u044f \u0434\u043b\u044f \u0447\u0442\u0435\u043d\u0438\u044f":"1 \u043c\u0438\u043d\u0443\u0442\u0430"},"schema":{"@context":"https:\/\/schema.org","@graph":[{"@type":"WebPage","@id":"https:\/\/reginett.ee\/toode\/muruniiduk-stiga-special-edition-48q\/","url":"https:\/\/reginett.ee\/toode\/muruniiduk-stiga-special-edition-48q\/","name":"Muruniiduk Stiga Special Edition 48Q. Stiga niidukid Reginetist","isPartOf":{"@id":"https:\/\/reginett.ee\/#website"},"primaryImageOfPage":{"@id":"https:\/\/reginett.ee\/toode\/muruniiduk-stiga-special-edition-48q\/#primaryimage"},"image":{"@id":"https:\/\/reginett.ee\/toode\/muruniiduk-stiga-special-edition-48q\/#primaryimage"},"thumbnailUrl":"https:\/\/reginett.ee\/wp-content\/uploads\/2025\/04\/Stiga-Limited-Edition-48Q.webp","datePublished":"2026-04-25T16:58:27+00:00","dateModified":"2026-04-29T11:56:02+00:00","description":"Muruniiduk Stiga Special Edition 48Q on\u00a0 bensiinimootoriga tugev ja t\u00f6\u00f6kindel niiduk ca 1200 m\u00b2 murualade niitmiseks. Stiga Special Edition 48Q","breadcrumb":{"@id":"https:\/\/reginett.ee\/toode\/muruniiduk-stiga-special-edition-48q\/#breadcrumb"},"inLanguage":"ru-RU","potentialAction":[{"@type":"ReadAction","target":["https:\/\/reginett.ee\/toode\/muruniiduk-stiga-special-edition-48q\/"]}]},{"@type":"ImageObject","inLanguage":"ru-RU","@id":"https:\/\/reginett.ee\/toode\/muruniiduk-stiga-special-edition-48q\/#primaryimage","url":"https:\/\/reginett.ee\/wp-content\/uploads\/2025\/04\/Stiga-Limited-Edition-48Q.webp","contentUrl":"https:\/\/reginett.ee\/wp-content\/uploads\/2025\/04\/Stiga-Limited-Edition-48Q.webp","width":680,"height":372,"caption":"Stiga-Limited-Edition-48Q"},{"@type":"BreadcrumbList","@id":"https:\/\/reginett.ee\/toode\/muruniiduk-stiga-special-edition-48q\/#breadcrumb","itemListElement":[{"@type":"ListItem","position":1,"name":"Home","item":"https:\/\/reginett.ee\/ru\/"},{"@type":"ListItem","position":2,"name":"Tooted","item":"https:\/\/reginett.ee\/tooted\/"},{"@type":"ListItem","position":3,"name":"Muruniiduk STIGA Special Edition 48Q"}]},{"@type":"WebSite","@id":"https:\/\/reginett.ee\/#website","url":"https:\/\/reginett.ee\/","name":"Reginett","description":"Parimad robotniidukid","potentialAction":[{"@type":"SearchAction","target":{"@type":"EntryPoint","urlTemplate":"https:\/\/reginett.ee\/?s={search_term_string}"},"query-input":{"@type":"PropertyValueSpecification","valueRequired":true,"valueName":"search_term_string"}}],"inLanguage":"ru-RU"}]}},"brands":[{"id":146,"name":"Stiga","slug":"stiga"}],"_links":{"self":[{"href":"https:\/\/reginett.ee\/ru\/wp-json\/wp\/v2\/product\/62415","targetHints":{"allow":["GET"]}}],"collection":[{"href":"https:\/\/reginett.ee\/ru\/wp-json\/wp\/v2\/product"}],"about":[{"href":"https:\/\/reginett.ee\/ru\/wp-json\/wp\/v2\/types\/product"}],"replies":[{"embeddable":true,"href":"https:\/\/reginett.ee\/ru\/wp-json\/wp\/v2\/comments?post=62415"}],"wp:featuredmedia":[{"embeddable":true,"href":"https:\/\/reginett.ee\/ru\/wp-json\/wp\/v2\/media\/62416"}],"wp:attachment":[{"href":"https:\/\/reginett.ee\/ru\/wp-json\/wp\/v2\/media?parent=62415"}],"wp:term":[{"taxonomy":"pwb-brand","embeddable":true,"href":"https:\/\/reginett.ee\/ru\/wp-json\/wp\/v2\/pwb-brand?post=62415"},{"taxonomy":"product_brand","embeddable":true,"href":"https:\/\/reginett.ee\/ru\/wp-json\/wp\/v2\/product_brand?post=62415"},{"taxonomy":"product_cat","embeddable":true,"href":"https:\/\/reginett.ee\/ru\/wp-json\/wp\/v2\/product_cat?post=62415"},{"taxonomy":"product_tag","embeddable":true,"href":"https:\/\/reginett.ee\/ru\/wp-json\/wp\/v2\/product_tag?post=62415"}],"curies":[{"name":"wp","href":"https:\/\/api.w.org\/{rel}","templated":true}]}}