{"id":62404,"date":"2025-04-01T19:29:39","date_gmt":"2025-04-01T16:29:39","guid":{"rendered":"https:\/\/reginett.ee\/?post_type=product&#038;p=62404"},"modified":"2025-04-05T19:43:18","modified_gmt":"2025-04-05T16:43:18","slug":"murutraktor-stiga-tornado-7108w","status":"publish","type":"product","link":"https:\/\/reginett.ee\/ru\/toode\/murutraktor-stiga-tornado-7108w\/","title":{"rendered":"Murutraktor Stiga Tornado 7108W"},"content":{"rendered":"<p><strong>Murutraktor Stiga Tornado 7108W<\/strong> on kahe l\u00f5iketeraga vastupidava niidukorpuse, laiusega 108 cm; kahesilindrilise STIGA ST600 TWIN 11,2 kW mootoriga ; jalgpedaaliga juhitava h\u00fcdrostaatilise \u00fclekandega v\u00f5imas murutraktor.<\/p>\n<p>Suuri k\u00fclgv\u00e4ljaviskega traktoreid soovitame kasutada eesk\u00e4tt suurte murualade niitmiseks, kus niite kogumine pole vajalik. Kogumist kompenseerib muru peenestamine ehk mult\u0161imine. Stiga murutraktor \u2018l Tornado 7108 W on suur ja tugev raam. Soovitusliku niiduala suurus on ca 7000 m\u00b2.\u00a0 Niiduk\u00f5rguse reguleerimiseks on 7 positsiooni vahemikus 3 \u2013 9 cm. 20\u201d tagumised rattad on spetsiaalse rehvimustriga, mis aitavad pinnast \u00f5hutada. T\u00f6\u00f6mugavust suurendavad k\u00f5rge seljatoega iste ja soft-grip materjaliga kaetud rool, mis tagab turvalise ja mugava haarde. V\u00f5imsad LED- esituled tagavad Stiga Tornado 7108W hea n\u00e4htavuse h\u00e4maras t\u00f6\u00f6tamisel v\u00f5i halbades ilmastikuoludes (udu, vihm v\u00f5i lumesadu).<\/p>\n<p>Traktorite erinevad\u00a0\u00a0<a href=\"https:\/\/loodusinvest.ee\/pood\/?filters=product_cat[4534]\" target=\"_blank\" rel=\"noopener\">LISASEADMED \u00a0<\/a>v\u00f5imaldavad masinat t\u00f6\u00f6s hoida aastaringselt.\u00a0 Haagisena kasutatavad mururull ja k\u00fclvik sobivad suuremate murualade hooldamiseks. Niidetud muru v\u00f5i s\u00fcgislehed saab kokku koguda muru- ja lehekogujaga.\u00a0 Sahk on talvel abiks suurema lume l\u00fckkamisel. Haagisk\u00e4ru on erinevateks majapidamist\u00f6\u00f6deks kasutatav pea aastaringselt.<\/p>\n<p>&nbsp;<\/p>\n","protected":false},"excerpt":{"rendered":"<p><strong>Murutraktor Stiga Tornado 7108W<\/strong> on kahe l\u00f5iketeraga vastupidava niidukorpuse, laiusega 108 cm; kahesilindrilise STIGA ST600 TWIN 11,2 kW mootoriga ; jalgpedaaliga juhitava h\u00fcdrostaatilise \u00fclekandega v\u00f5imas murutraktor.<\/p>\n","protected":false},"featured_media":62405,"comment_status":"open","ping_status":"closed","template":"","meta":{"_acf_changed":false,"_et_pb_use_builder":"","_et_pb_old_content":"","_et_gb_content_width":"","inline_featured_image":false},"pwb-brand":[146],"product_brand":[],"product_cat":[26,154],"product_tag":[715],"class_list":{"0":"post-62404","1":"product","2":"type-product","3":"status-publish","4":"has-post-thumbnail","6":"pwb-brand-stiga","7":"product_cat-murutraktorid","8":"product_cat-stiga","9":"product_tag-stigatornado-7108w","10":"product_shipping_class-rasked-asjad","12":"first","13":"instock","14":"shipping-taxable","15":"purchasable","16":"product-type-simple"},"acf":[],"yoast_head":"<!-- This site is optimized with the Yoast SEO plugin v26.6 - https:\/\/yoast.com\/wordpress\/plugins\/seo\/ -->\n<title>Murutraktor Stiga Tornado 7108W. Stiga traktorid Reginetist<\/title>\n<meta name=\"description\" content=\"Murutraktor Stiga Tornado 7108W on kahe l\u00f5iketeraga vastupidava niidukorpuse, laiusega 108 cm; kahesilindrilise STIGA ST600 TWIN\" \/>\n<meta name=\"robots\" content=\"index, follow, max-snippet:-1, max-image-preview:large, max-video-preview:-1\" \/>\n<link rel=\"canonical\" href=\"https:\/\/reginett.ee\/toode\/murutraktor-stiga-tornado-7108w\/\" \/>\n<meta property=\"og:locale\" content=\"ru_RU\" \/>\n<meta property=\"og:type\" content=\"article\" \/>\n<meta property=\"og:title\" content=\"Murutraktor Stiga Tornado 7108W. Stiga traktorid Reginetist\" \/>\n<meta property=\"og:description\" content=\"Murutraktor Stiga Tornado 7108W on kahe l\u00f5iketeraga vastupidava niidukorpuse, laiusega 108 cm; kahesilindrilise STIGA ST600 TWIN\" \/>\n<meta property=\"og:url\" content=\"https:\/\/reginett.ee\/toode\/murutraktor-stiga-tornado-7108w\/\" \/>\n<meta property=\"og:site_name\" content=\"Reginett\" \/>\n<meta property=\"article:modified_time\" content=\"2025-04-05T16:43:18+00:00\" \/>\n<meta property=\"og:image\" content=\"https:\/\/reginett.ee\/wp-content\/uploads\/2025\/04\/Stiga-Tornado-7108W.webp\" \/>\n\t<meta property=\"og:image:width\" content=\"680\" \/>\n\t<meta property=\"og:image:height\" content=\"372\" \/>\n\t<meta property=\"og:image:type\" content=\"image\/webp\" \/>\n<meta name=\"twitter:card\" content=\"summary_large_image\" \/>\n<meta name=\"twitter:label1\" content=\"\u041f\u0440\u0438\u043c\u0435\u0440\u043d\u043e\u0435 \u0432\u0440\u0435\u043c\u044f \u0434\u043b\u044f \u0447\u0442\u0435\u043d\u0438\u044f\" \/>\n\t<meta name=\"twitter:data1\" content=\"2 \u043c\u0438\u043d\u0443\u0442\u044b\" \/>\n<script type=\"application\/ld+json\" class=\"yoast-schema-graph\">{\"@context\":\"https:\/\/schema.org\",\"@graph\":[{\"@type\":\"WebPage\",\"@id\":\"https:\/\/reginett.ee\/toode\/murutraktor-stiga-tornado-7108w\/\",\"url\":\"https:\/\/reginett.ee\/toode\/murutraktor-stiga-tornado-7108w\/\",\"name\":\"Murutraktor Stiga Tornado 7108W. Stiga traktorid Reginetist\",\"isPartOf\":{\"@id\":\"https:\/\/reginett.ee\/#website\"},\"primaryImageOfPage\":{\"@id\":\"https:\/\/reginett.ee\/toode\/murutraktor-stiga-tornado-7108w\/#primaryimage\"},\"image\":{\"@id\":\"https:\/\/reginett.ee\/toode\/murutraktor-stiga-tornado-7108w\/#primaryimage\"},\"thumbnailUrl\":\"https:\/\/reginett.ee\/wp-content\/uploads\/2025\/04\/Stiga-Tornado-7108W.webp\",\"datePublished\":\"2025-04-01T16:29:39+00:00\",\"dateModified\":\"2025-04-05T16:43:18+00:00\",\"description\":\"Murutraktor Stiga Tornado 7108W on kahe l\u00f5iketeraga vastupidava niidukorpuse, laiusega 108 cm; kahesilindrilise STIGA ST600 TWIN\",\"breadcrumb\":{\"@id\":\"https:\/\/reginett.ee\/toode\/murutraktor-stiga-tornado-7108w\/#breadcrumb\"},\"inLanguage\":\"ru-RU\",\"potentialAction\":[{\"@type\":\"ReadAction\",\"target\":[\"https:\/\/reginett.ee\/toode\/murutraktor-stiga-tornado-7108w\/\"]}]},{\"@type\":\"ImageObject\",\"inLanguage\":\"ru-RU\",\"@id\":\"https:\/\/reginett.ee\/toode\/murutraktor-stiga-tornado-7108w\/#primaryimage\",\"url\":\"https:\/\/reginett.ee\/wp-content\/uploads\/2025\/04\/Stiga-Tornado-7108W.webp\",\"contentUrl\":\"https:\/\/reginett.ee\/wp-content\/uploads\/2025\/04\/Stiga-Tornado-7108W.webp\",\"width\":680,\"height\":372,\"caption\":\"StigaTornado 7108W\"},{\"@type\":\"BreadcrumbList\",\"@id\":\"https:\/\/reginett.ee\/toode\/murutraktor-stiga-tornado-7108w\/#breadcrumb\",\"itemListElement\":[{\"@type\":\"ListItem\",\"position\":1,\"name\":\"Home\",\"item\":\"https:\/\/reginett.ee\/ru\/\"},{\"@type\":\"ListItem\",\"position\":2,\"name\":\"Tooted\",\"item\":\"https:\/\/reginett.ee\/tooted\/\"},{\"@type\":\"ListItem\",\"position\":3,\"name\":\"Murutraktor Stiga Tornado 7108W\"}]},{\"@type\":\"WebSite\",\"@id\":\"https:\/\/reginett.ee\/#website\",\"url\":\"https:\/\/reginett.ee\/\",\"name\":\"Reginett\",\"description\":\"Parimad robotniidukid\",\"potentialAction\":[{\"@type\":\"SearchAction\",\"target\":{\"@type\":\"EntryPoint\",\"urlTemplate\":\"https:\/\/reginett.ee\/?s={search_term_string}\"},\"query-input\":{\"@type\":\"PropertyValueSpecification\",\"valueRequired\":true,\"valueName\":\"search_term_string\"}}],\"inLanguage\":\"ru-RU\"}]}<\/script>\n<!-- \/ Yoast SEO plugin. -->","yoast_head_json":{"title":"Murutraktor Stiga Tornado 7108W. Stiga traktorid Reginetist","description":"Murutraktor Stiga Tornado 7108W on kahe l\u00f5iketeraga vastupidava niidukorpuse, laiusega 108 cm; kahesilindrilise STIGA ST600 TWIN","robots":{"index":"index","follow":"follow","max-snippet":"max-snippet:-1","max-image-preview":"max-image-preview:large","max-video-preview":"max-video-preview:-1"},"canonical":"https:\/\/reginett.ee\/toode\/murutraktor-stiga-tornado-7108w\/","og_locale":"ru_RU","og_type":"article","og_title":"Murutraktor Stiga Tornado 7108W. Stiga traktorid Reginetist","og_description":"Murutraktor Stiga Tornado 7108W on kahe l\u00f5iketeraga vastupidava niidukorpuse, laiusega 108 cm; kahesilindrilise STIGA ST600 TWIN","og_url":"https:\/\/reginett.ee\/toode\/murutraktor-stiga-tornado-7108w\/","og_site_name":"Reginett","article_modified_time":"2025-04-05T16:43:18+00:00","og_image":[{"width":680,"height":372,"url":"https:\/\/reginett.ee\/wp-content\/uploads\/2025\/04\/Stiga-Tornado-7108W.webp","type":"image\/webp"}],"twitter_card":"summary_large_image","twitter_misc":{"\u041f\u0440\u0438\u043c\u0435\u0440\u043d\u043e\u0435 \u0432\u0440\u0435\u043c\u044f \u0434\u043b\u044f \u0447\u0442\u0435\u043d\u0438\u044f":"2 \u043c\u0438\u043d\u0443\u0442\u044b"},"schema":{"@context":"https:\/\/schema.org","@graph":[{"@type":"WebPage","@id":"https:\/\/reginett.ee\/toode\/murutraktor-stiga-tornado-7108w\/","url":"https:\/\/reginett.ee\/toode\/murutraktor-stiga-tornado-7108w\/","name":"Murutraktor Stiga Tornado 7108W. Stiga traktorid Reginetist","isPartOf":{"@id":"https:\/\/reginett.ee\/#website"},"primaryImageOfPage":{"@id":"https:\/\/reginett.ee\/toode\/murutraktor-stiga-tornado-7108w\/#primaryimage"},"image":{"@id":"https:\/\/reginett.ee\/toode\/murutraktor-stiga-tornado-7108w\/#primaryimage"},"thumbnailUrl":"https:\/\/reginett.ee\/wp-content\/uploads\/2025\/04\/Stiga-Tornado-7108W.webp","datePublished":"2025-04-01T16:29:39+00:00","dateModified":"2025-04-05T16:43:18+00:00","description":"Murutraktor Stiga Tornado 7108W on kahe l\u00f5iketeraga vastupidava niidukorpuse, laiusega 108 cm; kahesilindrilise STIGA ST600 TWIN","breadcrumb":{"@id":"https:\/\/reginett.ee\/toode\/murutraktor-stiga-tornado-7108w\/#breadcrumb"},"inLanguage":"ru-RU","potentialAction":[{"@type":"ReadAction","target":["https:\/\/reginett.ee\/toode\/murutraktor-stiga-tornado-7108w\/"]}]},{"@type":"ImageObject","inLanguage":"ru-RU","@id":"https:\/\/reginett.ee\/toode\/murutraktor-stiga-tornado-7108w\/#primaryimage","url":"https:\/\/reginett.ee\/wp-content\/uploads\/2025\/04\/Stiga-Tornado-7108W.webp","contentUrl":"https:\/\/reginett.ee\/wp-content\/uploads\/2025\/04\/Stiga-Tornado-7108W.webp","width":680,"height":372,"caption":"StigaTornado 7108W"},{"@type":"BreadcrumbList","@id":"https:\/\/reginett.ee\/toode\/murutraktor-stiga-tornado-7108w\/#breadcrumb","itemListElement":[{"@type":"ListItem","position":1,"name":"Home","item":"https:\/\/reginett.ee\/ru\/"},{"@type":"ListItem","position":2,"name":"Tooted","item":"https:\/\/reginett.ee\/tooted\/"},{"@type":"ListItem","position":3,"name":"Murutraktor Stiga Tornado 7108W"}]},{"@type":"WebSite","@id":"https:\/\/reginett.ee\/#website","url":"https:\/\/reginett.ee\/","name":"Reginett","description":"Parimad robotniidukid","potentialAction":[{"@type":"SearchAction","target":{"@type":"EntryPoint","urlTemplate":"https:\/\/reginett.ee\/?s={search_term_string}"},"query-input":{"@type":"PropertyValueSpecification","valueRequired":true,"valueName":"search_term_string"}}],"inLanguage":"ru-RU"}]}},"brands":[{"id":146,"name":"Stiga","slug":"stiga"}],"_links":{"self":[{"href":"https:\/\/reginett.ee\/ru\/wp-json\/wp\/v2\/product\/62404","targetHints":{"allow":["GET"]}}],"collection":[{"href":"https:\/\/reginett.ee\/ru\/wp-json\/wp\/v2\/product"}],"about":[{"href":"https:\/\/reginett.ee\/ru\/wp-json\/wp\/v2\/types\/product"}],"replies":[{"embeddable":true,"href":"https:\/\/reginett.ee\/ru\/wp-json\/wp\/v2\/comments?post=62404"}],"wp:featuredmedia":[{"embeddable":true,"href":"https:\/\/reginett.ee\/ru\/wp-json\/wp\/v2\/media\/62405"}],"wp:attachment":[{"href":"https:\/\/reginett.ee\/ru\/wp-json\/wp\/v2\/media?parent=62404"}],"wp:term":[{"taxonomy":"pwb-brand","embeddable":true,"href":"https:\/\/reginett.ee\/ru\/wp-json\/wp\/v2\/pwb-brand?post=62404"},{"taxonomy":"product_brand","embeddable":true,"href":"https:\/\/reginett.ee\/ru\/wp-json\/wp\/v2\/product_brand?post=62404"},{"taxonomy":"product_cat","embeddable":true,"href":"https:\/\/reginett.ee\/ru\/wp-json\/wp\/v2\/product_cat?post=62404"},{"taxonomy":"product_tag","embeddable":true,"href":"https:\/\/reginett.ee\/ru\/wp-json\/wp\/v2\/product_tag?post=62404"}],"curies":[{"name":"wp","href":"https:\/\/api.w.org\/{rel}","templated":true}]}}