{"id":62389,"date":"2025-04-05T16:32:59","date_gmt":"2025-04-05T13:32:59","guid":{"rendered":"https:\/\/reginett.ee\/?post_type=product&#038;p=62389"},"modified":"2025-04-23T11:58:27","modified_gmt":"2025-04-23T08:58:27","slug":"akuraider-husqvarna-r-200ix-awd-uus","status":"publish","type":"product","link":"https:\/\/reginett.ee\/ru\/toode\/akuraider-husqvarna-r-200ix-awd-uus\/","title":{"rendered":"Akuraider Husqvarna R\u202f200iX AWD UUS!"},"content":{"rendered":"<p><strong>Akuraider Husqvarna R\u202f200iX AWD<\/strong> tagab t\u00f5husa niitmise ja mitmek\u00fclgse kasutamise akutoitel. Nelikvedu pakub erakordselt head veoj\u00f5udu erinevatel maastikel. Nii nagu meie bensiinimootoriga raideid, on ka see niiduk valmis t\u00f6\u00f6tama talvistes tingimustes*.<\/p>\n<p><strong>L\u00f5ikekorpus ei kuulu komplekti!<\/strong><\/p>\n<p>V\u00f5imalik komplekteerida 94cm v\u00f5i 103 cm l\u00f5ikekorpusega.<\/p>\n<p>Aastaringset kasutamist toetavad mitmed saadaolevad lisatarvikud, n\u00e4iteks l\u00fckatav hari ja lumesahk.<\/p>\n<div class=\"ui-qr ui-hm ui-h1 ui-fq ui-q0\">\n<div class=\"hbd-editorial\">Erakordselt pikk t\u00f6\u00f6aeg saavutatakse selliste funktsioonide abil nagu d\u00fcnaamiline niitmine, mis reguleerib l\u00f5iketerade v\u00f5imsust automaatselt vastavalt l\u00f5iketingimustele, maksimeerides \u00fchtlasi ka tulemust. T\u00f6\u00f6aja pikendamiseks saab lisada ka t\u00e4iendava aku. T\u00e4ielikult elektriline rihmavaba veos\u00fcsteem v\u00e4hendab hooldusvajadust ja tagab madala m\u00fcrataseme.*Laadimise tagamiseks on soovitatav hoida raiderit keskkonnas, mille temperatuur on \u00fcle 0 kraadi. Kui aku temperatuur on alla 0 \u00b0C, siis seda ei laeta. See kehtib ka pikkade t\u00f6\u00f6pauside kohta, et v\u00e4ltida aku temperatuuri langemist, mis m\u00f5jutab j\u00f5udlust ja funktsionaalsust.<\/p>\n<\/div>\n<\/div>\n<div><\/div>\n<div>\n<h3 class=\"feature-name hui-spacing--sm-mt-4-times-6 WLwtnNxco1C4cPugKSaO0g==\">Nelivedu (AWD)<\/h3>\n<p class=\"hui-spacing--sm-mt-4-times-4 K2PbruRyOKhyQZiENIYSog==\">Nelivedu (AWD) kindlustab \u00fchtlase haarduvuse ebatasasel, m\u00e4rjal ja libedal pinnasel ning kallakutel. See tagab usaldusv\u00e4\u00e4rse man\u00f6\u00f6verdusv\u00f5ime ja \u00fchtlase niitmistulemuse isegi keerukates tingimustes. AWD jaotab veoj\u00f5udu automaatselt k\u00f5igi veorataste vahel olenevalt olukorrast ja pinnase seisundist.<\/p>\n<h3 class=\"feature-name hui-spacing--sm-mt-4-times-6 WLwtnNxco1C4cPugKSaO0g==\">Talvised kasutusv\u00f5imalused<\/h3>\n<p class=\"hui-spacing--sm-mt-4-times-4 K2PbruRyOKhyQZiENIYSog==\">Sobib ka t\u00f5husaks talviseks t\u00f6\u00f6ks koos suurep\u00e4rase veoj\u00f5uga lumel; saadaval on mitmed talvised lisatarvikud. *Laadimise tagamiseks on soovitatav hoida raiderit keskkonnas, mille temperatuur on \u00fcle 0 kraadi. Kui aku temperatuur on alla 0 \u00b0C, siis seda ei laeta. See kehtib ka pikkade t\u00f6\u00f6pauside kohta, et v\u00e4ltida aku temperatuuri langemist, mis m\u00f5jutab j\u00f5udlust ja funktsionaalsust.<\/p>\n<h3 class=\"feature-name hui-spacing--sm-mt-4-times-6 WLwtnNxco1C4cPugKSaO0g==\">D\u00fcnaamiline niitmine<\/h3>\n<p class=\"hui-spacing--sm-mt-4-times-4 K2PbruRyOKhyQZiENIYSog==\">L\u00f5iketeradele antav v\u00f5imsus kohandatakse automaatselt vastavalt niitmistingimustele, et maksimeerida tulemusi ja t\u00f6\u00f6aega. Lisaks kohandatakse iga l\u00f5ikemootorit individuaalselt, n\u00e4iteks kui ainult \u00fcks l\u00f5ikekorpuse osa liigub \u00fcle tihke muru.<\/p>\n<h3 class=\"feature-name hui-spacing--sm-mt-4-times-6 WLwtnNxco1C4cPugKSaO0g==\">100 % akutoitel<\/h3>\n<p class=\"hui-spacing--sm-mt-4-times-4 K2PbruRyOKhyQZiENIYSog==\">T\u00e4iselektriline rihmavaba veos\u00fcsteem v\u00e4hendab hoolduse vajadust.<\/p>\n<h3 class=\"feature-name hui-spacing--sm-mt-4-times-6 WLwtnNxco1C4cPugKSaO0g==\">V\u00e4ike hooldusvajadus<\/h3>\n<p class=\"hui-spacing--sm-mt-4-times-4 K2PbruRyOKhyQZiENIYSog==\">Akuga raiderid n\u00f5uavad bensiinimootoriga v\u00f5rreldes v\u00e4hem hooldust. Ei vaja k\u00fctust, \u00f5li ega rihma hooldust.<\/p>\n<h6 class=\"feature-name hui-spacing--sm-mt-4-times-6 WLwtnNxco1C4cPugKSaO0g==\">Madal m\u00fcratase<\/h6>\n<p class=\"hui-spacing--sm-mt-4-times-4 K2PbruRyOKhyQZiENIYSog==\">Akutoitel masinaga on t\u00f6\u00f6 vaiksem, mis suurendab kasutajamugavust ja v\u00e4hendab naabreid h\u00e4irivat m\u00fcra.<\/p>\n<h3 class=\"feature-name hui-spacing--sm-mt-4-times-6 WLwtnNxco1C4cPugKSaO0g==\">Elektriline l\u00f5ikekorpus<\/h3>\n<p class=\"hui-spacing--sm-mt-4-times-4 K2PbruRyOKhyQZiENIYSog==\">Elektrimootorid juhivad iga akuraider Husqvarna R\u202f200iX AWD tera eraldi, et parandada t\u00f6\u00f6aega ja j\u00f5udlust.<\/p>\n<h3 class=\"feature-name hui-spacing--sm-mt-4-times-6 WLwtnNxco1C4cPugKSaO0g==\">Hooldusasend<\/h3>\n<p class=\"hui-spacing--sm-mt-4-times-4 K2PbruRyOKhyQZiENIYSog==\">Akuraider Husqvarna R\u202f200iX AWD l\u00f5ikekorpust saab puhastamise v\u00f5i hoolduse ajal h\u00f5lpsaks juurdep\u00e4\u00e4suks kallutada hooldusasendisse.<\/p>\n<\/div>\n","protected":false},"excerpt":{"rendered":"<p><strong>Akuraider Husqvarna R\u202f200iX AWD<\/strong> tagab t\u00f5husa niitmise ja mitmek\u00fclgse kasutamise akutoitel. Nelikvedu pakub erakordselt head veoj\u00f5udu erinevatel maastikel. Nii nagu meie bensiinimootoriga raideid, on ka see niiduk valmis t\u00f6\u00f6tama talvistes tingimustes*.<\/p>\n<p><strong>L\u00f5ikekorpus ei kuulu komplekti!<\/strong><\/p>\n","protected":false},"featured_media":62591,"comment_status":"open","ping_status":"closed","template":"","meta":{"_acf_changed":false,"_et_pb_use_builder":"","_et_pb_old_content":"","_et_gb_content_width":"","inline_featured_image":false},"pwb-brand":[147],"product_brand":[],"product_cat":[48,56],"product_tag":[713,714],"class_list":{"0":"post-62389","1":"product","2":"type-product","3":"status-publish","4":"has-post-thumbnail","6":"pwb-brand-husqvarna","7":"product_cat-akutooted","8":"product_cat-raiderid","9":"product_tag-akuraider-husqvarna","10":"product_tag-husqvarna-r200ix-awd","11":"product_shipping_class-rasked-asjad","13":"first","14":"instock","15":"shipping-taxable","16":"purchasable","17":"product-type-simple"},"acf":[],"yoast_head":"<!-- This site is optimized with the Yoast SEO plugin v26.6 - https:\/\/yoast.com\/wordpress\/plugins\/seo\/ -->\n<title>Akuraider Husqvarna R\u202f200iX AWD<\/title>\n<meta name=\"description\" content=\"Akuraider Husqvarna R\u202f200iX AWD tagab t\u00f5husa niitmise ja mitmek\u00fclgse kasutamise akutoitel. Nelikvedu pakub erakordset niidu\" \/>\n<meta name=\"robots\" content=\"index, follow, max-snippet:-1, max-image-preview:large, max-video-preview:-1\" \/>\n<link rel=\"canonical\" href=\"https:\/\/reginett.ee\/toode\/akuraider-husqvarna-r-200ix-awd-uus\/\" \/>\n<meta property=\"og:locale\" content=\"ru_RU\" \/>\n<meta property=\"og:type\" content=\"article\" \/>\n<meta property=\"og:title\" content=\"Akuraider Husqvarna R\u202f200iX AWD\" \/>\n<meta property=\"og:description\" content=\"Akuraider Husqvarna R\u202f200iX AWD tagab t\u00f5husa niitmise ja mitmek\u00fclgse kasutamise akutoitel. Nelikvedu pakub erakordset niidu\" \/>\n<meta property=\"og:url\" content=\"https:\/\/reginett.ee\/toode\/akuraider-husqvarna-r-200ix-awd-uus\/\" \/>\n<meta property=\"og:site_name\" content=\"Reginett\" \/>\n<meta property=\"article:modified_time\" content=\"2025-04-23T08:58:27+00:00\" \/>\n<meta property=\"og:image\" content=\"https:\/\/reginett.ee\/wp-content\/uploads\/2025\/04\/AH-014652-3.webp\" \/>\n\t<meta property=\"og:image:width\" content=\"558\" \/>\n\t<meta property=\"og:image:height\" content=\"372\" \/>\n\t<meta property=\"og:image:type\" content=\"image\/webp\" \/>\n<meta name=\"twitter:card\" content=\"summary_large_image\" \/>\n<meta name=\"twitter:label1\" content=\"\u041f\u0440\u0438\u043c\u0435\u0440\u043d\u043e\u0435 \u0432\u0440\u0435\u043c\u044f \u0434\u043b\u044f \u0447\u0442\u0435\u043d\u0438\u044f\" \/>\n\t<meta name=\"twitter:data1\" content=\"2 \u043c\u0438\u043d\u0443\u0442\u044b\" \/>\n<script type=\"application\/ld+json\" class=\"yoast-schema-graph\">{\"@context\":\"https:\/\/schema.org\",\"@graph\":[{\"@type\":\"WebPage\",\"@id\":\"https:\/\/reginett.ee\/toode\/akuraider-husqvarna-r-200ix-awd-uus\/\",\"url\":\"https:\/\/reginett.ee\/toode\/akuraider-husqvarna-r-200ix-awd-uus\/\",\"name\":\"Akuraider Husqvarna R\u202f200iX AWD\",\"isPartOf\":{\"@id\":\"https:\/\/reginett.ee\/#website\"},\"primaryImageOfPage\":{\"@id\":\"https:\/\/reginett.ee\/toode\/akuraider-husqvarna-r-200ix-awd-uus\/#primaryimage\"},\"image\":{\"@id\":\"https:\/\/reginett.ee\/toode\/akuraider-husqvarna-r-200ix-awd-uus\/#primaryimage\"},\"thumbnailUrl\":\"https:\/\/reginett.ee\/wp-content\/uploads\/2025\/04\/AH-014652-3.webp\",\"datePublished\":\"2025-04-05T13:32:59+00:00\",\"dateModified\":\"2025-04-23T08:58:27+00:00\",\"description\":\"Akuraider Husqvarna R\u202f200iX AWD tagab t\u00f5husa niitmise ja mitmek\u00fclgse kasutamise akutoitel. Nelikvedu pakub erakordset niidu\",\"breadcrumb\":{\"@id\":\"https:\/\/reginett.ee\/toode\/akuraider-husqvarna-r-200ix-awd-uus\/#breadcrumb\"},\"inLanguage\":\"ru-RU\",\"potentialAction\":[{\"@type\":\"ReadAction\",\"target\":[\"https:\/\/reginett.ee\/toode\/akuraider-husqvarna-r-200ix-awd-uus\/\"]}]},{\"@type\":\"ImageObject\",\"inLanguage\":\"ru-RU\",\"@id\":\"https:\/\/reginett.ee\/toode\/akuraider-husqvarna-r-200ix-awd-uus\/#primaryimage\",\"url\":\"https:\/\/reginett.ee\/wp-content\/uploads\/2025\/04\/AH-014652-3.webp\",\"contentUrl\":\"https:\/\/reginett.ee\/wp-content\/uploads\/2025\/04\/AH-014652-3.webp\",\"width\":558,\"height\":372,\"caption\":\"Akuraider Husqvarna 200iX AWD\"},{\"@type\":\"BreadcrumbList\",\"@id\":\"https:\/\/reginett.ee\/toode\/akuraider-husqvarna-r-200ix-awd-uus\/#breadcrumb\",\"itemListElement\":[{\"@type\":\"ListItem\",\"position\":1,\"name\":\"Home\",\"item\":\"https:\/\/reginett.ee\/ru\/\"},{\"@type\":\"ListItem\",\"position\":2,\"name\":\"Tooted\",\"item\":\"https:\/\/reginett.ee\/tooted\/\"},{\"@type\":\"ListItem\",\"position\":3,\"name\":\"Akuraider Husqvarna R\u202f200iX AWD UUS!\"}]},{\"@type\":\"WebSite\",\"@id\":\"https:\/\/reginett.ee\/#website\",\"url\":\"https:\/\/reginett.ee\/\",\"name\":\"Reginett\",\"description\":\"Parimad robotniidukid\",\"potentialAction\":[{\"@type\":\"SearchAction\",\"target\":{\"@type\":\"EntryPoint\",\"urlTemplate\":\"https:\/\/reginett.ee\/?s={search_term_string}\"},\"query-input\":{\"@type\":\"PropertyValueSpecification\",\"valueRequired\":true,\"valueName\":\"search_term_string\"}}],\"inLanguage\":\"ru-RU\"}]}<\/script>\n<!-- \/ Yoast SEO plugin. -->","yoast_head_json":{"title":"Akuraider Husqvarna R\u202f200iX AWD","description":"Akuraider Husqvarna R\u202f200iX AWD tagab t\u00f5husa niitmise ja mitmek\u00fclgse kasutamise akutoitel. Nelikvedu pakub erakordset niidu","robots":{"index":"index","follow":"follow","max-snippet":"max-snippet:-1","max-image-preview":"max-image-preview:large","max-video-preview":"max-video-preview:-1"},"canonical":"https:\/\/reginett.ee\/toode\/akuraider-husqvarna-r-200ix-awd-uus\/","og_locale":"ru_RU","og_type":"article","og_title":"Akuraider Husqvarna R\u202f200iX AWD","og_description":"Akuraider Husqvarna R\u202f200iX AWD tagab t\u00f5husa niitmise ja mitmek\u00fclgse kasutamise akutoitel. Nelikvedu pakub erakordset niidu","og_url":"https:\/\/reginett.ee\/toode\/akuraider-husqvarna-r-200ix-awd-uus\/","og_site_name":"Reginett","article_modified_time":"2025-04-23T08:58:27+00:00","og_image":[{"width":558,"height":372,"url":"https:\/\/reginett.ee\/wp-content\/uploads\/2025\/04\/AH-014652-3.webp","type":"image\/webp"}],"twitter_card":"summary_large_image","twitter_misc":{"\u041f\u0440\u0438\u043c\u0435\u0440\u043d\u043e\u0435 \u0432\u0440\u0435\u043c\u044f \u0434\u043b\u044f \u0447\u0442\u0435\u043d\u0438\u044f":"2 \u043c\u0438\u043d\u0443\u0442\u044b"},"schema":{"@context":"https:\/\/schema.org","@graph":[{"@type":"WebPage","@id":"https:\/\/reginett.ee\/toode\/akuraider-husqvarna-r-200ix-awd-uus\/","url":"https:\/\/reginett.ee\/toode\/akuraider-husqvarna-r-200ix-awd-uus\/","name":"Akuraider Husqvarna R\u202f200iX AWD","isPartOf":{"@id":"https:\/\/reginett.ee\/#website"},"primaryImageOfPage":{"@id":"https:\/\/reginett.ee\/toode\/akuraider-husqvarna-r-200ix-awd-uus\/#primaryimage"},"image":{"@id":"https:\/\/reginett.ee\/toode\/akuraider-husqvarna-r-200ix-awd-uus\/#primaryimage"},"thumbnailUrl":"https:\/\/reginett.ee\/wp-content\/uploads\/2025\/04\/AH-014652-3.webp","datePublished":"2025-04-05T13:32:59+00:00","dateModified":"2025-04-23T08:58:27+00:00","description":"Akuraider Husqvarna R\u202f200iX AWD tagab t\u00f5husa niitmise ja mitmek\u00fclgse kasutamise akutoitel. Nelikvedu pakub erakordset niidu","breadcrumb":{"@id":"https:\/\/reginett.ee\/toode\/akuraider-husqvarna-r-200ix-awd-uus\/#breadcrumb"},"inLanguage":"ru-RU","potentialAction":[{"@type":"ReadAction","target":["https:\/\/reginett.ee\/toode\/akuraider-husqvarna-r-200ix-awd-uus\/"]}]},{"@type":"ImageObject","inLanguage":"ru-RU","@id":"https:\/\/reginett.ee\/toode\/akuraider-husqvarna-r-200ix-awd-uus\/#primaryimage","url":"https:\/\/reginett.ee\/wp-content\/uploads\/2025\/04\/AH-014652-3.webp","contentUrl":"https:\/\/reginett.ee\/wp-content\/uploads\/2025\/04\/AH-014652-3.webp","width":558,"height":372,"caption":"Akuraider Husqvarna 200iX AWD"},{"@type":"BreadcrumbList","@id":"https:\/\/reginett.ee\/toode\/akuraider-husqvarna-r-200ix-awd-uus\/#breadcrumb","itemListElement":[{"@type":"ListItem","position":1,"name":"Home","item":"https:\/\/reginett.ee\/ru\/"},{"@type":"ListItem","position":2,"name":"Tooted","item":"https:\/\/reginett.ee\/tooted\/"},{"@type":"ListItem","position":3,"name":"Akuraider Husqvarna R\u202f200iX AWD UUS!"}]},{"@type":"WebSite","@id":"https:\/\/reginett.ee\/#website","url":"https:\/\/reginett.ee\/","name":"Reginett","description":"Parimad robotniidukid","potentialAction":[{"@type":"SearchAction","target":{"@type":"EntryPoint","urlTemplate":"https:\/\/reginett.ee\/?s={search_term_string}"},"query-input":{"@type":"PropertyValueSpecification","valueRequired":true,"valueName":"search_term_string"}}],"inLanguage":"ru-RU"}]}},"brands":[{"id":147,"name":"Husqvarna","slug":"husqvarna"}],"_links":{"self":[{"href":"https:\/\/reginett.ee\/ru\/wp-json\/wp\/v2\/product\/62389","targetHints":{"allow":["GET"]}}],"collection":[{"href":"https:\/\/reginett.ee\/ru\/wp-json\/wp\/v2\/product"}],"about":[{"href":"https:\/\/reginett.ee\/ru\/wp-json\/wp\/v2\/types\/product"}],"replies":[{"embeddable":true,"href":"https:\/\/reginett.ee\/ru\/wp-json\/wp\/v2\/comments?post=62389"}],"wp:featuredmedia":[{"embeddable":true,"href":"https:\/\/reginett.ee\/ru\/wp-json\/wp\/v2\/media\/62591"}],"wp:attachment":[{"href":"https:\/\/reginett.ee\/ru\/wp-json\/wp\/v2\/media?parent=62389"}],"wp:term":[{"taxonomy":"pwb-brand","embeddable":true,"href":"https:\/\/reginett.ee\/ru\/wp-json\/wp\/v2\/pwb-brand?post=62389"},{"taxonomy":"product_brand","embeddable":true,"href":"https:\/\/reginett.ee\/ru\/wp-json\/wp\/v2\/product_brand?post=62389"},{"taxonomy":"product_cat","embeddable":true,"href":"https:\/\/reginett.ee\/ru\/wp-json\/wp\/v2\/product_cat?post=62389"},{"taxonomy":"product_tag","embeddable":true,"href":"https:\/\/reginett.ee\/ru\/wp-json\/wp\/v2\/product_tag?post=62389"}],"curies":[{"name":"wp","href":"https:\/\/api.w.org\/{rel}","templated":true}]}}